{"id":483,"date":"2023-05-08T17:02:59","date_gmt":"2023-05-08T17:02:59","guid":{"rendered":"http:\/\/booksfrommexico.com\/product\/compartiendo-historias-de-fronteras-cuerpos-genero-generaciones-y-salud\/"},"modified":"2024-10-02T23:35:28","modified_gmt":"2024-10-02T23:35:28","slug":"compartiendo-historias-de-fronteras-cuerpos-genero-generaciones-y-salud","status":"publish","type":"product","link":"https:\/\/booksfrommexico.com\/es\/producto\/compartiendo-historias-de-fronteras-cuerpos-genero-generaciones-y-salud\/","title":{"rendered":"Compartiendo historias de fronteras: Cuerpos, g\u00e9nero, generaciones y salud"},"content":{"rendered":"<p><span style=\"font-weight: 400;\">En este t\u00edtulo se recopilan cinco proyectos de investigaci\u00f3n en prevenci\u00f3n del c\u00e1ncer cervicouterino, proyectos que exploran la interrelaci\u00f3n entre m\u00faltiples fronteras sociales y conceptuales, apoyados por el Consorcio Transfronterizo para la Investigaci\u00f3n y Acci\u00f3n en G\u00e9nero y Salud en la Frontera M\u00e9xico-Estados Unidos. Entre los temas que se tratan aqu\u00ed se encuentran: la importancia del contexto local en la salud de las mujeres y la ampliaci\u00f3n del concepto de \u201csalud reproductiva\u201d, los cuales muestran\u00a0 que los problemas de salud no respetan fronteras y requieren intervenciones trasnacionales, interdisciplinarias e interinstitucionales.<\/span><\/p>\n","protected":false},"excerpt":{"rendered":"<p>COMPARTIENDO HISTORIAS DE FRONTERAS : CUERPOS, G\u00c9NERO, GENERACIONES Y SALUD<span style=\"font-weight: 400;\">. \/ Catalina A. Denman, Janice Monk, Norma Ojeda de la Pe\u00f1a (editors). Hermosillo, Sonora, M\u00e9xico : El Colegio de Sonora, 2004. 254 pages : includes notes, chart, tables, bibliography at the end of each chapter ; 23 cm. ISBN : 9686755497. <\/span><\/p>\n","protected":false},"featured_media":482,"template":"","meta":{"_acf_changed":false,"inline_featured_image":false},"product_brand":[],"product_cat":[147,148],"product_tag":[3659,4411,4101],"class_list":{"0":"post-483","1":"product","2":"type-product","3":"status-publish","4":"has-post-thumbnail","6":"product_cat-estudios-de-genero","7":"product_cat-estudios-sobre-las-mujeres-estudios-de-genero","8":"product_tag-condiciones-sociales","9":"product_tag-frontera-norte","10":"product_tag-mujeres-es","12":"first","13":"instock","14":"sale","15":"taxable","16":"shipping-taxable","17":"purchasable","18":"product-type-simple"},"acf":[],"yoast_head":"<!-- This site is optimized with the Yoast SEO plugin v27.3 - https:\/\/yoast.com\/product\/yoast-seo-wordpress\/ -->\n<title>Compartiendo historias de fronteras<\/title>\n<meta name=\"description\" content=\"COMPARTIENDO HISTORIAS DE FRONTERAS : CUERPOS, G\u00c9NERO, GENERACIONES Y SALUD. \/ Catalina A. Denman, Janice Monk, Norma Ojeda de la Pe\u00f1a (editors). 2004.\" \/>\n<meta name=\"robots\" content=\"index, follow, max-snippet:-1, max-image-preview:large, max-video-preview:-1\" \/>\n<link rel=\"canonical\" href=\"https:\/\/booksfrommexico.com\/es\/producto\/compartiendo-historias-de-fronteras-cuerpos-genero-generaciones-y-salud\/\" \/>\n<meta property=\"og:locale\" content=\"es_ES\" \/>\n<meta property=\"og:type\" content=\"article\" \/>\n<meta property=\"og:title\" content=\"Compartiendo historias de fronteras\" \/>\n<meta property=\"og:description\" content=\"COMPARTIENDO HISTORIAS DE FRONTERAS : CUERPOS, G\u00c9NERO, GENERACIONES Y SALUD. \/ Catalina A. Denman, Janice Monk, Norma Ojeda de la Pe\u00f1a (editors). 2004.\" \/>\n<meta property=\"og:url\" content=\"https:\/\/booksfrommexico.com\/es\/producto\/compartiendo-historias-de-fronteras-cuerpos-genero-generaciones-y-salud\/\" \/>\n<meta property=\"og:site_name\" content=\"Books From Mexico\" \/>\n<meta property=\"article:modified_time\" content=\"2024-10-02T23:35:28+00:00\" \/>\n<meta property=\"og:image\" content=\"http:\/\/booksfrommexico.com\/app\/uploads\/2023\/05\/126379.jpeg\" \/>\n\t<meta property=\"og:image:width\" content=\"430\" \/>\n\t<meta property=\"og:image:height\" content=\"646\" \/>\n\t<meta property=\"og:image:type\" content=\"image\/jpeg\" \/>\n<meta name=\"twitter:card\" content=\"summary_large_image\" \/>\n<meta name=\"twitter:label1\" content=\"Tiempo de lectura\" \/>\n\t<meta name=\"twitter:data1\" content=\"1 minuto\" \/>\n<script type=\"application\/ld+json\" class=\"yoast-schema-graph\">{\"@context\":\"https:\\\/\\\/schema.org\",\"@graph\":[{\"@type\":\"WebPage\",\"@id\":\"https:\\\/\\\/booksfrommexico.com\\\/es\\\/producto\\\/compartiendo-historias-de-fronteras-cuerpos-genero-generaciones-y-salud\\\/\",\"url\":\"https:\\\/\\\/booksfrommexico.com\\\/es\\\/producto\\\/compartiendo-historias-de-fronteras-cuerpos-genero-generaciones-y-salud\\\/\",\"name\":\"Compartiendo historias de fronteras\",\"isPartOf\":{\"@id\":\"https:\\\/\\\/booksfrommexico.com\\\/#website\"},\"primaryImageOfPage\":{\"@id\":\"https:\\\/\\\/booksfrommexico.com\\\/es\\\/producto\\\/compartiendo-historias-de-fronteras-cuerpos-genero-generaciones-y-salud\\\/#primaryimage\"},\"image\":{\"@id\":\"https:\\\/\\\/booksfrommexico.com\\\/es\\\/producto\\\/compartiendo-historias-de-fronteras-cuerpos-genero-generaciones-y-salud\\\/#primaryimage\"},\"thumbnailUrl\":\"https:\\\/\\\/booksfrommexico.com\\\/app\\\/uploads\\\/2023\\\/05\\\/126379.jpeg\",\"datePublished\":\"2023-05-08T17:02:59+00:00\",\"dateModified\":\"2024-10-02T23:35:28+00:00\",\"description\":\"COMPARTIENDO HISTORIAS DE FRONTERAS : CUERPOS, G\u00c9NERO, GENERACIONES Y SALUD. \\\/ Catalina A. Denman, Janice Monk, Norma Ojeda de la Pe\u00f1a (editors). 2004.\",\"breadcrumb\":{\"@id\":\"https:\\\/\\\/booksfrommexico.com\\\/es\\\/producto\\\/compartiendo-historias-de-fronteras-cuerpos-genero-generaciones-y-salud\\\/#breadcrumb\"},\"inLanguage\":\"es\",\"potentialAction\":[{\"@type\":\"ReadAction\",\"target\":[\"https:\\\/\\\/booksfrommexico.com\\\/es\\\/producto\\\/compartiendo-historias-de-fronteras-cuerpos-genero-generaciones-y-salud\\\/\"]}]},{\"@type\":\"ImageObject\",\"inLanguage\":\"es\",\"@id\":\"https:\\\/\\\/booksfrommexico.com\\\/es\\\/producto\\\/compartiendo-historias-de-fronteras-cuerpos-genero-generaciones-y-salud\\\/#primaryimage\",\"url\":\"https:\\\/\\\/booksfrommexico.com\\\/app\\\/uploads\\\/2023\\\/05\\\/126379.jpeg\",\"contentUrl\":\"https:\\\/\\\/booksfrommexico.com\\\/app\\\/uploads\\\/2023\\\/05\\\/126379.jpeg\",\"width\":430,\"height\":646},{\"@type\":\"BreadcrumbList\",\"@id\":\"https:\\\/\\\/booksfrommexico.com\\\/es\\\/producto\\\/compartiendo-historias-de-fronteras-cuerpos-genero-generaciones-y-salud\\\/#breadcrumb\",\"itemListElement\":[{\"@type\":\"ListItem\",\"position\":1,\"name\":\"Home\",\"item\":\"https:\\\/\\\/booksfrommexico.com\\\/es\\\/\"},{\"@type\":\"ListItem\",\"position\":2,\"name\":\"Libros\",\"item\":\"https:\\\/\\\/booksfrommexico.com\\\/es\\\/libros\\\/\"},{\"@type\":\"ListItem\",\"position\":3,\"name\":\"Compartiendo historias de fronteras: Cuerpos, g\u00e9nero, generaciones y salud\"}]},{\"@type\":\"WebSite\",\"@id\":\"https:\\\/\\\/booksfrommexico.com\\\/#website\",\"url\":\"https:\\\/\\\/booksfrommexico.com\\\/\",\"name\":\"Books From Mexico\",\"description\":\"\",\"publisher\":{\"@id\":\"https:\\\/\\\/booksfrommexico.com\\\/#organization\"},\"potentialAction\":[{\"@type\":\"SearchAction\",\"target\":{\"@type\":\"EntryPoint\",\"urlTemplate\":\"https:\\\/\\\/booksfrommexico.com\\\/?s={search_term_string}\"},\"query-input\":{\"@type\":\"PropertyValueSpecification\",\"valueRequired\":true,\"valueName\":\"search_term_string\"}}],\"inLanguage\":\"es\"},{\"@type\":\"Organization\",\"@id\":\"https:\\\/\\\/booksfrommexico.com\\\/#organization\",\"name\":\"Books From Mexico\",\"url\":\"https:\\\/\\\/booksfrommexico.com\\\/\",\"logo\":{\"@type\":\"ImageObject\",\"inLanguage\":\"es\",\"@id\":\"https:\\\/\\\/booksfrommexico.com\\\/#\\\/schema\\\/logo\\\/image\\\/\",\"url\":\"https:\\\/\\\/booksfrommexico.com\\\/app\\\/uploads\\\/2023\\\/05\\\/logo-booksfrommexico.svg\",\"contentUrl\":\"https:\\\/\\\/booksfrommexico.com\\\/app\\\/uploads\\\/2023\\\/05\\\/logo-booksfrommexico.svg\",\"width\":86,\"height\":56,\"caption\":\"Books From Mexico\"},\"image\":{\"@id\":\"https:\\\/\\\/booksfrommexico.com\\\/#\\\/schema\\\/logo\\\/image\\\/\"}}]}<\/script>\n<!-- \/ Yoast SEO plugin. -->","yoast_head_json":{"title":"Compartiendo historias de fronteras","description":"COMPARTIENDO HISTORIAS DE FRONTERAS : CUERPOS, G\u00c9NERO, GENERACIONES Y SALUD. \/ Catalina A. Denman, Janice Monk, Norma Ojeda de la Pe\u00f1a (editors). 2004.","robots":{"index":"index","follow":"follow","max-snippet":"max-snippet:-1","max-image-preview":"max-image-preview:large","max-video-preview":"max-video-preview:-1"},"canonical":"https:\/\/booksfrommexico.com\/es\/producto\/compartiendo-historias-de-fronteras-cuerpos-genero-generaciones-y-salud\/","og_locale":"es_ES","og_type":"article","og_title":"Compartiendo historias de fronteras","og_description":"COMPARTIENDO HISTORIAS DE FRONTERAS : CUERPOS, G\u00c9NERO, GENERACIONES Y SALUD. \/ Catalina A. Denman, Janice Monk, Norma Ojeda de la Pe\u00f1a (editors). 2004.","og_url":"https:\/\/booksfrommexico.com\/es\/producto\/compartiendo-historias-de-fronteras-cuerpos-genero-generaciones-y-salud\/","og_site_name":"Books From Mexico","article_modified_time":"2024-10-02T23:35:28+00:00","og_image":[{"width":430,"height":646,"url":"http:\/\/booksfrommexico.com\/app\/uploads\/2023\/05\/126379.jpeg","type":"image\/jpeg"}],"twitter_card":"summary_large_image","twitter_misc":{"Tiempo de lectura":"1 minuto"},"schema":{"@context":"https:\/\/schema.org","@graph":[{"@type":"WebPage","@id":"https:\/\/booksfrommexico.com\/es\/producto\/compartiendo-historias-de-fronteras-cuerpos-genero-generaciones-y-salud\/","url":"https:\/\/booksfrommexico.com\/es\/producto\/compartiendo-historias-de-fronteras-cuerpos-genero-generaciones-y-salud\/","name":"Compartiendo historias de fronteras","isPartOf":{"@id":"https:\/\/booksfrommexico.com\/#website"},"primaryImageOfPage":{"@id":"https:\/\/booksfrommexico.com\/es\/producto\/compartiendo-historias-de-fronteras-cuerpos-genero-generaciones-y-salud\/#primaryimage"},"image":{"@id":"https:\/\/booksfrommexico.com\/es\/producto\/compartiendo-historias-de-fronteras-cuerpos-genero-generaciones-y-salud\/#primaryimage"},"thumbnailUrl":"https:\/\/booksfrommexico.com\/app\/uploads\/2023\/05\/126379.jpeg","datePublished":"2023-05-08T17:02:59+00:00","dateModified":"2024-10-02T23:35:28+00:00","description":"COMPARTIENDO HISTORIAS DE FRONTERAS : CUERPOS, G\u00c9NERO, GENERACIONES Y SALUD. \/ Catalina A. Denman, Janice Monk, Norma Ojeda de la Pe\u00f1a (editors). 2004.","breadcrumb":{"@id":"https:\/\/booksfrommexico.com\/es\/producto\/compartiendo-historias-de-fronteras-cuerpos-genero-generaciones-y-salud\/#breadcrumb"},"inLanguage":"es","potentialAction":[{"@type":"ReadAction","target":["https:\/\/booksfrommexico.com\/es\/producto\/compartiendo-historias-de-fronteras-cuerpos-genero-generaciones-y-salud\/"]}]},{"@type":"ImageObject","inLanguage":"es","@id":"https:\/\/booksfrommexico.com\/es\/producto\/compartiendo-historias-de-fronteras-cuerpos-genero-generaciones-y-salud\/#primaryimage","url":"https:\/\/booksfrommexico.com\/app\/uploads\/2023\/05\/126379.jpeg","contentUrl":"https:\/\/booksfrommexico.com\/app\/uploads\/2023\/05\/126379.jpeg","width":430,"height":646},{"@type":"BreadcrumbList","@id":"https:\/\/booksfrommexico.com\/es\/producto\/compartiendo-historias-de-fronteras-cuerpos-genero-generaciones-y-salud\/#breadcrumb","itemListElement":[{"@type":"ListItem","position":1,"name":"Home","item":"https:\/\/booksfrommexico.com\/es\/"},{"@type":"ListItem","position":2,"name":"Libros","item":"https:\/\/booksfrommexico.com\/es\/libros\/"},{"@type":"ListItem","position":3,"name":"Compartiendo historias de fronteras: Cuerpos, g\u00e9nero, generaciones y salud"}]},{"@type":"WebSite","@id":"https:\/\/booksfrommexico.com\/#website","url":"https:\/\/booksfrommexico.com\/","name":"Books From Mexico","description":"","publisher":{"@id":"https:\/\/booksfrommexico.com\/#organization"},"potentialAction":[{"@type":"SearchAction","target":{"@type":"EntryPoint","urlTemplate":"https:\/\/booksfrommexico.com\/?s={search_term_string}"},"query-input":{"@type":"PropertyValueSpecification","valueRequired":true,"valueName":"search_term_string"}}],"inLanguage":"es"},{"@type":"Organization","@id":"https:\/\/booksfrommexico.com\/#organization","name":"Books From Mexico","url":"https:\/\/booksfrommexico.com\/","logo":{"@type":"ImageObject","inLanguage":"es","@id":"https:\/\/booksfrommexico.com\/#\/schema\/logo\/image\/","url":"https:\/\/booksfrommexico.com\/app\/uploads\/2023\/05\/logo-booksfrommexico.svg","contentUrl":"https:\/\/booksfrommexico.com\/app\/uploads\/2023\/05\/logo-booksfrommexico.svg","width":86,"height":56,"caption":"Books From Mexico"},"image":{"@id":"https:\/\/booksfrommexico.com\/#\/schema\/logo\/image\/"}}]}},"_links":{"self":[{"href":"https:\/\/booksfrommexico.com\/es\/wp-json\/wp\/v2\/product\/483","targetHints":{"allow":["GET"]}}],"collection":[{"href":"https:\/\/booksfrommexico.com\/es\/wp-json\/wp\/v2\/product"}],"about":[{"href":"https:\/\/booksfrommexico.com\/es\/wp-json\/wp\/v2\/types\/product"}],"wp:featuredmedia":[{"embeddable":true,"href":"https:\/\/booksfrommexico.com\/es\/wp-json\/wp\/v2\/media\/482"}],"wp:attachment":[{"href":"https:\/\/booksfrommexico.com\/es\/wp-json\/wp\/v2\/media?parent=483"}],"wp:term":[{"taxonomy":"product_brand","embeddable":true,"href":"https:\/\/booksfrommexico.com\/es\/wp-json\/wp\/v2\/product_brand?post=483"},{"taxonomy":"product_cat","embeddable":true,"href":"https:\/\/booksfrommexico.com\/es\/wp-json\/wp\/v2\/product_cat?post=483"},{"taxonomy":"product_tag","embeddable":true,"href":"https:\/\/booksfrommexico.com\/es\/wp-json\/wp\/v2\/product_tag?post=483"}],"curies":[{"name":"wp","href":"https:\/\/api.w.org\/{rel}","templated":true}]}}