{"id":485,"date":"2023-05-08T17:03:00","date_gmt":"2023-05-08T17:03:00","guid":{"rendered":"http:\/\/booksfrommexico.com\/product\/antologia-de-textos-latinos-i\/"},"modified":"2024-10-02T23:34:28","modified_gmt":"2024-10-02T23:34:28","slug":"antologia-de-textos-latinos-i","status":"publish","type":"product","link":"https:\/\/booksfrommexico.com\/es\/producto\/antologia-de-textos-latinos-i\/","title":{"rendered":"Antolog\u00eda de textos latinos I"},"content":{"rendered":"<p><span style=\"font-weight: 400;\">Esta antolog\u00eda es el resultado de un trabajo de varios a\u00f1os de reunir textos latinos y revisarlos con minuciosidad para seleccionar fragmentos espec\u00edficos de los autores m\u00e1s representativos de la literatura latina. Surgiendo como un Proyecto PAPIME, este t\u00edtulo puede ser considerado un material did\u00e1ctico para la ense\u00f1anza de las lenguas cl\u00e1sicas. En este primer volumen se pueden encontrar textos de literatura arcaica y de autores como Terencio, Lucilio, Lucrecio, Catulo, Cat\u00f3n, C\u00e9sar, Salustio, Varr\u00f3n, Cicer\u00f3n y Pseudo Cicer\u00f3n.<\/span><\/p>\n","protected":false},"excerpt":{"rendered":"<p><b>ANTOLOG\u00cdA DE TEXTOS LATINOS I<\/b><span style=\"font-weight: 400;\">. \/ Carolina Ponce, Leticia L\u00f3pez, (selectors). M\u00e9xico, D.F. : Universidad Nacional Aut\u00f3noma de M\u00e9xico , Facultad de Filosof\u00eda y Letras , Colegio de Letras Cl\u00e1sicas, 2004. 476 pages : includes bibliography ; 21 cm. (Colecci\u00f3n Colegio de Letras Cl\u00e1sicas). ISBN : 9703214282. <\/span><\/p>\n","protected":false},"featured_media":484,"template":"","meta":{"_acf_changed":false,"inline_featured_image":false},"product_brand":[],"product_cat":[25],"product_tag":[4112,4124,4512],"class_list":{"0":"post-485","1":"product","2":"type-product","3":"status-publish","4":"has-post-thumbnail","6":"product_cat-literatura","7":"product_tag-antologia","8":"product_tag-literatura-es","9":"product_tag-textos-clasicos","11":"first","12":"instock","13":"sale","14":"taxable","15":"shipping-taxable","16":"purchasable","17":"product-type-simple"},"acf":[],"yoast_head":"<!-- This site is optimized with the Yoast SEO plugin v27.3 - https:\/\/yoast.com\/product\/yoast-seo-wordpress\/ -->\n<title>Antolog\u00eda de textos latinos I<\/title>\n<meta name=\"description\" content=\"ANTOLOG\u00cdA DE TEXTOS LATINOS I. \/ Carolina Ponce, Leticia L\u00f3pez, (selectors). Universidad Nacional Aut\u00f3noma de M\u00e9xico , Facultad de Filosof\u00eda y Letras. 2004.\" \/>\n<meta name=\"robots\" content=\"index, follow, max-snippet:-1, max-image-preview:large, max-video-preview:-1\" \/>\n<link rel=\"canonical\" href=\"https:\/\/booksfrommexico.com\/es\/producto\/antologia-de-textos-latinos-i\/\" \/>\n<meta property=\"og:locale\" content=\"es_ES\" \/>\n<meta property=\"og:type\" content=\"article\" \/>\n<meta property=\"og:title\" content=\"Antolog\u00eda de textos latinos I\" \/>\n<meta property=\"og:description\" content=\"ANTOLOG\u00cdA DE TEXTOS LATINOS I. \/ Carolina Ponce, Leticia L\u00f3pez, (selectors). Universidad Nacional Aut\u00f3noma de M\u00e9xico , Facultad de Filosof\u00eda y Letras. 2004.\" \/>\n<meta property=\"og:url\" content=\"https:\/\/booksfrommexico.com\/es\/producto\/antologia-de-textos-latinos-i\/\" \/>\n<meta property=\"og:site_name\" content=\"Books From Mexico\" \/>\n<meta property=\"article:modified_time\" content=\"2024-10-02T23:34:28+00:00\" \/>\n<meta property=\"og:image\" content=\"http:\/\/booksfrommexico.com\/app\/uploads\/2023\/05\/126239.jpeg\" \/>\n\t<meta property=\"og:image:width\" content=\"375\" \/>\n\t<meta property=\"og:image:height\" content=\"597\" \/>\n\t<meta property=\"og:image:type\" content=\"image\/jpeg\" \/>\n<meta name=\"twitter:card\" content=\"summary_large_image\" \/>\n<meta name=\"twitter:label1\" content=\"Tiempo de lectura\" \/>\n\t<meta name=\"twitter:data1\" content=\"1 minuto\" \/>\n<script type=\"application\/ld+json\" class=\"yoast-schema-graph\">{\"@context\":\"https:\\\/\\\/schema.org\",\"@graph\":[{\"@type\":\"WebPage\",\"@id\":\"https:\\\/\\\/booksfrommexico.com\\\/es\\\/producto\\\/antologia-de-textos-latinos-i\\\/\",\"url\":\"https:\\\/\\\/booksfrommexico.com\\\/es\\\/producto\\\/antologia-de-textos-latinos-i\\\/\",\"name\":\"Antolog\u00eda de textos latinos I\",\"isPartOf\":{\"@id\":\"https:\\\/\\\/booksfrommexico.com\\\/#website\"},\"primaryImageOfPage\":{\"@id\":\"https:\\\/\\\/booksfrommexico.com\\\/es\\\/producto\\\/antologia-de-textos-latinos-i\\\/#primaryimage\"},\"image\":{\"@id\":\"https:\\\/\\\/booksfrommexico.com\\\/es\\\/producto\\\/antologia-de-textos-latinos-i\\\/#primaryimage\"},\"thumbnailUrl\":\"https:\\\/\\\/booksfrommexico.com\\\/app\\\/uploads\\\/2023\\\/05\\\/126239.jpeg\",\"datePublished\":\"2023-05-08T17:03:00+00:00\",\"dateModified\":\"2024-10-02T23:34:28+00:00\",\"description\":\"ANTOLOG\u00cdA DE TEXTOS LATINOS I. \\\/ Carolina Ponce, Leticia L\u00f3pez, (selectors). Universidad Nacional Aut\u00f3noma de M\u00e9xico , Facultad de Filosof\u00eda y Letras. 2004.\",\"breadcrumb\":{\"@id\":\"https:\\\/\\\/booksfrommexico.com\\\/es\\\/producto\\\/antologia-de-textos-latinos-i\\\/#breadcrumb\"},\"inLanguage\":\"es\",\"potentialAction\":[{\"@type\":\"ReadAction\",\"target\":[\"https:\\\/\\\/booksfrommexico.com\\\/es\\\/producto\\\/antologia-de-textos-latinos-i\\\/\"]}]},{\"@type\":\"ImageObject\",\"inLanguage\":\"es\",\"@id\":\"https:\\\/\\\/booksfrommexico.com\\\/es\\\/producto\\\/antologia-de-textos-latinos-i\\\/#primaryimage\",\"url\":\"https:\\\/\\\/booksfrommexico.com\\\/app\\\/uploads\\\/2023\\\/05\\\/126239.jpeg\",\"contentUrl\":\"https:\\\/\\\/booksfrommexico.com\\\/app\\\/uploads\\\/2023\\\/05\\\/126239.jpeg\",\"width\":375,\"height\":597},{\"@type\":\"BreadcrumbList\",\"@id\":\"https:\\\/\\\/booksfrommexico.com\\\/es\\\/producto\\\/antologia-de-textos-latinos-i\\\/#breadcrumb\",\"itemListElement\":[{\"@type\":\"ListItem\",\"position\":1,\"name\":\"Home\",\"item\":\"https:\\\/\\\/booksfrommexico.com\\\/es\\\/\"},{\"@type\":\"ListItem\",\"position\":2,\"name\":\"Libros\",\"item\":\"https:\\\/\\\/booksfrommexico.com\\\/es\\\/libros\\\/\"},{\"@type\":\"ListItem\",\"position\":3,\"name\":\"Antolog\u00eda de textos latinos I\"}]},{\"@type\":\"WebSite\",\"@id\":\"https:\\\/\\\/booksfrommexico.com\\\/#website\",\"url\":\"https:\\\/\\\/booksfrommexico.com\\\/\",\"name\":\"Books From Mexico\",\"description\":\"\",\"publisher\":{\"@id\":\"https:\\\/\\\/booksfrommexico.com\\\/#organization\"},\"potentialAction\":[{\"@type\":\"SearchAction\",\"target\":{\"@type\":\"EntryPoint\",\"urlTemplate\":\"https:\\\/\\\/booksfrommexico.com\\\/?s={search_term_string}\"},\"query-input\":{\"@type\":\"PropertyValueSpecification\",\"valueRequired\":true,\"valueName\":\"search_term_string\"}}],\"inLanguage\":\"es\"},{\"@type\":\"Organization\",\"@id\":\"https:\\\/\\\/booksfrommexico.com\\\/#organization\",\"name\":\"Books From Mexico\",\"url\":\"https:\\\/\\\/booksfrommexico.com\\\/\",\"logo\":{\"@type\":\"ImageObject\",\"inLanguage\":\"es\",\"@id\":\"https:\\\/\\\/booksfrommexico.com\\\/#\\\/schema\\\/logo\\\/image\\\/\",\"url\":\"https:\\\/\\\/booksfrommexico.com\\\/app\\\/uploads\\\/2023\\\/05\\\/logo-booksfrommexico.svg\",\"contentUrl\":\"https:\\\/\\\/booksfrommexico.com\\\/app\\\/uploads\\\/2023\\\/05\\\/logo-booksfrommexico.svg\",\"width\":86,\"height\":56,\"caption\":\"Books From Mexico\"},\"image\":{\"@id\":\"https:\\\/\\\/booksfrommexico.com\\\/#\\\/schema\\\/logo\\\/image\\\/\"}}]}<\/script>\n<!-- \/ Yoast SEO plugin. -->","yoast_head_json":{"title":"Antolog\u00eda de textos latinos I","description":"ANTOLOG\u00cdA DE TEXTOS LATINOS I. \/ Carolina Ponce, Leticia L\u00f3pez, (selectors). Universidad Nacional Aut\u00f3noma de M\u00e9xico , Facultad de Filosof\u00eda y Letras. 2004.","robots":{"index":"index","follow":"follow","max-snippet":"max-snippet:-1","max-image-preview":"max-image-preview:large","max-video-preview":"max-video-preview:-1"},"canonical":"https:\/\/booksfrommexico.com\/es\/producto\/antologia-de-textos-latinos-i\/","og_locale":"es_ES","og_type":"article","og_title":"Antolog\u00eda de textos latinos I","og_description":"ANTOLOG\u00cdA DE TEXTOS LATINOS I. \/ Carolina Ponce, Leticia L\u00f3pez, (selectors). Universidad Nacional Aut\u00f3noma de M\u00e9xico , Facultad de Filosof\u00eda y Letras. 2004.","og_url":"https:\/\/booksfrommexico.com\/es\/producto\/antologia-de-textos-latinos-i\/","og_site_name":"Books From Mexico","article_modified_time":"2024-10-02T23:34:28+00:00","og_image":[{"width":375,"height":597,"url":"http:\/\/booksfrommexico.com\/app\/uploads\/2023\/05\/126239.jpeg","type":"image\/jpeg"}],"twitter_card":"summary_large_image","twitter_misc":{"Tiempo de lectura":"1 minuto"},"schema":{"@context":"https:\/\/schema.org","@graph":[{"@type":"WebPage","@id":"https:\/\/booksfrommexico.com\/es\/producto\/antologia-de-textos-latinos-i\/","url":"https:\/\/booksfrommexico.com\/es\/producto\/antologia-de-textos-latinos-i\/","name":"Antolog\u00eda de textos latinos I","isPartOf":{"@id":"https:\/\/booksfrommexico.com\/#website"},"primaryImageOfPage":{"@id":"https:\/\/booksfrommexico.com\/es\/producto\/antologia-de-textos-latinos-i\/#primaryimage"},"image":{"@id":"https:\/\/booksfrommexico.com\/es\/producto\/antologia-de-textos-latinos-i\/#primaryimage"},"thumbnailUrl":"https:\/\/booksfrommexico.com\/app\/uploads\/2023\/05\/126239.jpeg","datePublished":"2023-05-08T17:03:00+00:00","dateModified":"2024-10-02T23:34:28+00:00","description":"ANTOLOG\u00cdA DE TEXTOS LATINOS I. \/ Carolina Ponce, Leticia L\u00f3pez, (selectors). Universidad Nacional Aut\u00f3noma de M\u00e9xico , Facultad de Filosof\u00eda y Letras. 2004.","breadcrumb":{"@id":"https:\/\/booksfrommexico.com\/es\/producto\/antologia-de-textos-latinos-i\/#breadcrumb"},"inLanguage":"es","potentialAction":[{"@type":"ReadAction","target":["https:\/\/booksfrommexico.com\/es\/producto\/antologia-de-textos-latinos-i\/"]}]},{"@type":"ImageObject","inLanguage":"es","@id":"https:\/\/booksfrommexico.com\/es\/producto\/antologia-de-textos-latinos-i\/#primaryimage","url":"https:\/\/booksfrommexico.com\/app\/uploads\/2023\/05\/126239.jpeg","contentUrl":"https:\/\/booksfrommexico.com\/app\/uploads\/2023\/05\/126239.jpeg","width":375,"height":597},{"@type":"BreadcrumbList","@id":"https:\/\/booksfrommexico.com\/es\/producto\/antologia-de-textos-latinos-i\/#breadcrumb","itemListElement":[{"@type":"ListItem","position":1,"name":"Home","item":"https:\/\/booksfrommexico.com\/es\/"},{"@type":"ListItem","position":2,"name":"Libros","item":"https:\/\/booksfrommexico.com\/es\/libros\/"},{"@type":"ListItem","position":3,"name":"Antolog\u00eda de textos latinos I"}]},{"@type":"WebSite","@id":"https:\/\/booksfrommexico.com\/#website","url":"https:\/\/booksfrommexico.com\/","name":"Books From Mexico","description":"","publisher":{"@id":"https:\/\/booksfrommexico.com\/#organization"},"potentialAction":[{"@type":"SearchAction","target":{"@type":"EntryPoint","urlTemplate":"https:\/\/booksfrommexico.com\/?s={search_term_string}"},"query-input":{"@type":"PropertyValueSpecification","valueRequired":true,"valueName":"search_term_string"}}],"inLanguage":"es"},{"@type":"Organization","@id":"https:\/\/booksfrommexico.com\/#organization","name":"Books From Mexico","url":"https:\/\/booksfrommexico.com\/","logo":{"@type":"ImageObject","inLanguage":"es","@id":"https:\/\/booksfrommexico.com\/#\/schema\/logo\/image\/","url":"https:\/\/booksfrommexico.com\/app\/uploads\/2023\/05\/logo-booksfrommexico.svg","contentUrl":"https:\/\/booksfrommexico.com\/app\/uploads\/2023\/05\/logo-booksfrommexico.svg","width":86,"height":56,"caption":"Books From Mexico"},"image":{"@id":"https:\/\/booksfrommexico.com\/#\/schema\/logo\/image\/"}}]}},"_links":{"self":[{"href":"https:\/\/booksfrommexico.com\/es\/wp-json\/wp\/v2\/product\/485","targetHints":{"allow":["GET"]}}],"collection":[{"href":"https:\/\/booksfrommexico.com\/es\/wp-json\/wp\/v2\/product"}],"about":[{"href":"https:\/\/booksfrommexico.com\/es\/wp-json\/wp\/v2\/types\/product"}],"wp:featuredmedia":[{"embeddable":true,"href":"https:\/\/booksfrommexico.com\/es\/wp-json\/wp\/v2\/media\/484"}],"wp:attachment":[{"href":"https:\/\/booksfrommexico.com\/es\/wp-json\/wp\/v2\/media?parent=485"}],"wp:term":[{"taxonomy":"product_brand","embeddable":true,"href":"https:\/\/booksfrommexico.com\/es\/wp-json\/wp\/v2\/product_brand?post=485"},{"taxonomy":"product_cat","embeddable":true,"href":"https:\/\/booksfrommexico.com\/es\/wp-json\/wp\/v2\/product_cat?post=485"},{"taxonomy":"product_tag","embeddable":true,"href":"https:\/\/booksfrommexico.com\/es\/wp-json\/wp\/v2\/product_tag?post=485"}],"curies":[{"name":"wp","href":"https:\/\/api.w.org\/{rel}","templated":true}]}}