{"id":487,"date":"2023-05-08T17:03:02","date_gmt":"2023-05-08T17:03:02","guid":{"rendered":"http:\/\/booksfrommexico.com\/product\/temimilcingo-pueblo-con-historia-y-aroma-a-chocolate\/"},"modified":"2024-08-29T23:37:39","modified_gmt":"2024-08-29T23:37:39","slug":"temimilcingo-pueblo-con-historia-y-aroma-a-chocolate","status":"publish","type":"product","link":"https:\/\/booksfrommexico.com\/es\/producto\/temimilcingo-pueblo-con-historia-y-aroma-a-chocolate\/","title":{"rendered":"Temimilcingo: Pueblo con historia y aroma a chocolate"},"content":{"rendered":"<p><span style=\"font-weight: 400;\">Temimilcingo es uno de los pueblos antiguos de los se\u00f1or\u00edos del poscl\u00e1sico, ubicado en el estado de Morelos y donde actualmente sus habitantes buscan seguir trabajando en su pueblo para hacerlo grande y con un sentido intensamente humano. Como muestra de ello se presenta este t\u00edtulo, fruto del grupo de mujeres organizadas \u201cConvivencias y Desarrollo Integral de la Mujer\u201d, quienes recopilan testimonios, historias y tradiciones para dejar como herencia cultural para los hijos de Temimilcingo. Aqu\u00ed se incluyen adem\u00e1s ilustraciones y mapas para comprender mejor las tem\u00e1ticas que se abordan, en especial sus usos y costumbres.<\/span><\/p>\n<p>&nbsp;<\/p>\n","protected":false},"excerpt":{"rendered":"<p>TEMIMILCINGO : PUEBLO CON HISTORIA Y AROMA A CHOCOLATE<span style=\"font-weight: 400;\">. \/ Blanca Dalia Anz\u00farez Portillo, Sa\u00fal V\u00e1zquez Rivera (compilators). Cuernavaca, Morelos, M\u00e9xico : Instituto de Cultura de Morelos ; Programa de Apoyo a las Culturas Municipales Comunitarias ; Consejo Nacional para la Cultura y las Artes , Culturas Populares e Ind\u00edgenas, 2004. 80 pages : includes maps,\u00a0 illustrations, photo, bibliographic references, bibliography ; 21 cm.<\/span><\/p>\n","protected":false},"featured_media":486,"template":"","meta":{"_acf_changed":false,"inline_featured_image":false},"product_brand":[],"product_cat":[112,27,113],"product_tag":[3607,3961,4481,3608],"class_list":{"0":"post-487","1":"product","2":"type-product","3":"status-publish","4":"has-post-thumbnail","6":"product_cat-contemporanea-historia","7":"product_cat-historia","8":"product_cat-historia-social","9":"product_tag-historia-local","10":"product_tag-morelos-mexico","11":"product_tag-tradicion-y-costumbres","12":"product_tag-vida-social-y-costumbres","14":"first","15":"instock","16":"taxable","17":"shipping-taxable","18":"purchasable","19":"product-type-simple"},"acf":[],"yoast_head":"<!-- This site is optimized with the Yoast SEO plugin v27.3 - https:\/\/yoast.com\/product\/yoast-seo-wordpress\/ -->\n<title>Temimilcingo: Pueblo con historia y aroma a chocolate<\/title>\n<meta name=\"description\" content=\"TEMIMILCINGO : PUEBLO CON HISTORIA Y AROMA A CHOCOLATE. \/ Blanca Dalia Anz\u00farez Portillo, Sa\u00fal V\u00e1zquez Rivera (compilators). Instituto de Cultura de Morelos.\" \/>\n<meta name=\"robots\" content=\"index, follow, max-snippet:-1, max-image-preview:large, max-video-preview:-1\" \/>\n<link rel=\"canonical\" href=\"https:\/\/booksfrommexico.com\/es\/producto\/temimilcingo-pueblo-con-historia-y-aroma-a-chocolate\/\" \/>\n<meta property=\"og:locale\" content=\"es_ES\" \/>\n<meta property=\"og:type\" content=\"article\" \/>\n<meta property=\"og:title\" content=\"Temimilcingo: Pueblo con historia y aroma a chocolate\" \/>\n<meta property=\"og:description\" content=\"TEMIMILCINGO : PUEBLO CON HISTORIA Y AROMA A CHOCOLATE. \/ Blanca Dalia Anz\u00farez Portillo, Sa\u00fal V\u00e1zquez Rivera (compilators). Instituto de Cultura de Morelos.\" \/>\n<meta property=\"og:url\" content=\"https:\/\/booksfrommexico.com\/es\/producto\/temimilcingo-pueblo-con-historia-y-aroma-a-chocolate\/\" \/>\n<meta property=\"og:site_name\" content=\"Books From Mexico\" \/>\n<meta property=\"article:modified_time\" content=\"2024-08-29T23:37:39+00:00\" \/>\n<meta property=\"og:image\" content=\"http:\/\/booksfrommexico.com\/app\/uploads\/2023\/05\/126253.jpeg\" \/>\n\t<meta property=\"og:image:width\" content=\"388\" \/>\n\t<meta property=\"og:image:height\" content=\"599\" \/>\n\t<meta property=\"og:image:type\" content=\"image\/jpeg\" \/>\n<meta name=\"twitter:card\" content=\"summary_large_image\" \/>\n<meta name=\"twitter:label1\" content=\"Tiempo de lectura\" \/>\n\t<meta name=\"twitter:data1\" content=\"1 minuto\" \/>\n<script type=\"application\/ld+json\" class=\"yoast-schema-graph\">{\"@context\":\"https:\\\/\\\/schema.org\",\"@graph\":[{\"@type\":\"WebPage\",\"@id\":\"https:\\\/\\\/booksfrommexico.com\\\/es\\\/producto\\\/temimilcingo-pueblo-con-historia-y-aroma-a-chocolate\\\/\",\"url\":\"https:\\\/\\\/booksfrommexico.com\\\/es\\\/producto\\\/temimilcingo-pueblo-con-historia-y-aroma-a-chocolate\\\/\",\"name\":\"Temimilcingo: Pueblo con historia y aroma a chocolate\",\"isPartOf\":{\"@id\":\"https:\\\/\\\/booksfrommexico.com\\\/#website\"},\"primaryImageOfPage\":{\"@id\":\"https:\\\/\\\/booksfrommexico.com\\\/es\\\/producto\\\/temimilcingo-pueblo-con-historia-y-aroma-a-chocolate\\\/#primaryimage\"},\"image\":{\"@id\":\"https:\\\/\\\/booksfrommexico.com\\\/es\\\/producto\\\/temimilcingo-pueblo-con-historia-y-aroma-a-chocolate\\\/#primaryimage\"},\"thumbnailUrl\":\"https:\\\/\\\/booksfrommexico.com\\\/app\\\/uploads\\\/2023\\\/05\\\/126253.jpeg\",\"datePublished\":\"2023-05-08T17:03:02+00:00\",\"dateModified\":\"2024-08-29T23:37:39+00:00\",\"description\":\"TEMIMILCINGO : PUEBLO CON HISTORIA Y AROMA A CHOCOLATE. \\\/ Blanca Dalia Anz\u00farez Portillo, Sa\u00fal V\u00e1zquez Rivera (compilators). Instituto de Cultura de Morelos.\",\"breadcrumb\":{\"@id\":\"https:\\\/\\\/booksfrommexico.com\\\/es\\\/producto\\\/temimilcingo-pueblo-con-historia-y-aroma-a-chocolate\\\/#breadcrumb\"},\"inLanguage\":\"es\",\"potentialAction\":[{\"@type\":\"ReadAction\",\"target\":[\"https:\\\/\\\/booksfrommexico.com\\\/es\\\/producto\\\/temimilcingo-pueblo-con-historia-y-aroma-a-chocolate\\\/\"]}]},{\"@type\":\"ImageObject\",\"inLanguage\":\"es\",\"@id\":\"https:\\\/\\\/booksfrommexico.com\\\/es\\\/producto\\\/temimilcingo-pueblo-con-historia-y-aroma-a-chocolate\\\/#primaryimage\",\"url\":\"https:\\\/\\\/booksfrommexico.com\\\/app\\\/uploads\\\/2023\\\/05\\\/126253.jpeg\",\"contentUrl\":\"https:\\\/\\\/booksfrommexico.com\\\/app\\\/uploads\\\/2023\\\/05\\\/126253.jpeg\",\"width\":388,\"height\":599},{\"@type\":\"BreadcrumbList\",\"@id\":\"https:\\\/\\\/booksfrommexico.com\\\/es\\\/producto\\\/temimilcingo-pueblo-con-historia-y-aroma-a-chocolate\\\/#breadcrumb\",\"itemListElement\":[{\"@type\":\"ListItem\",\"position\":1,\"name\":\"Home\",\"item\":\"https:\\\/\\\/booksfrommexico.com\\\/es\\\/\"},{\"@type\":\"ListItem\",\"position\":2,\"name\":\"Libros\",\"item\":\"https:\\\/\\\/booksfrommexico.com\\\/es\\\/libros\\\/\"},{\"@type\":\"ListItem\",\"position\":3,\"name\":\"Temimilcingo: Pueblo con historia y aroma a chocolate\"}]},{\"@type\":\"WebSite\",\"@id\":\"https:\\\/\\\/booksfrommexico.com\\\/#website\",\"url\":\"https:\\\/\\\/booksfrommexico.com\\\/\",\"name\":\"Books From Mexico\",\"description\":\"\",\"publisher\":{\"@id\":\"https:\\\/\\\/booksfrommexico.com\\\/#organization\"},\"potentialAction\":[{\"@type\":\"SearchAction\",\"target\":{\"@type\":\"EntryPoint\",\"urlTemplate\":\"https:\\\/\\\/booksfrommexico.com\\\/?s={search_term_string}\"},\"query-input\":{\"@type\":\"PropertyValueSpecification\",\"valueRequired\":true,\"valueName\":\"search_term_string\"}}],\"inLanguage\":\"es\"},{\"@type\":\"Organization\",\"@id\":\"https:\\\/\\\/booksfrommexico.com\\\/#organization\",\"name\":\"Books From Mexico\",\"url\":\"https:\\\/\\\/booksfrommexico.com\\\/\",\"logo\":{\"@type\":\"ImageObject\",\"inLanguage\":\"es\",\"@id\":\"https:\\\/\\\/booksfrommexico.com\\\/#\\\/schema\\\/logo\\\/image\\\/\",\"url\":\"https:\\\/\\\/booksfrommexico.com\\\/app\\\/uploads\\\/2023\\\/05\\\/logo-booksfrommexico.svg\",\"contentUrl\":\"https:\\\/\\\/booksfrommexico.com\\\/app\\\/uploads\\\/2023\\\/05\\\/logo-booksfrommexico.svg\",\"width\":86,\"height\":56,\"caption\":\"Books From Mexico\"},\"image\":{\"@id\":\"https:\\\/\\\/booksfrommexico.com\\\/#\\\/schema\\\/logo\\\/image\\\/\"}}]}<\/script>\n<!-- \/ Yoast SEO plugin. -->","yoast_head_json":{"title":"Temimilcingo: Pueblo con historia y aroma a chocolate","description":"TEMIMILCINGO : PUEBLO CON HISTORIA Y AROMA A CHOCOLATE. \/ Blanca Dalia Anz\u00farez Portillo, Sa\u00fal V\u00e1zquez Rivera (compilators). Instituto de Cultura de Morelos.","robots":{"index":"index","follow":"follow","max-snippet":"max-snippet:-1","max-image-preview":"max-image-preview:large","max-video-preview":"max-video-preview:-1"},"canonical":"https:\/\/booksfrommexico.com\/es\/producto\/temimilcingo-pueblo-con-historia-y-aroma-a-chocolate\/","og_locale":"es_ES","og_type":"article","og_title":"Temimilcingo: Pueblo con historia y aroma a chocolate","og_description":"TEMIMILCINGO : PUEBLO CON HISTORIA Y AROMA A CHOCOLATE. \/ Blanca Dalia Anz\u00farez Portillo, Sa\u00fal V\u00e1zquez Rivera (compilators). Instituto de Cultura de Morelos.","og_url":"https:\/\/booksfrommexico.com\/es\/producto\/temimilcingo-pueblo-con-historia-y-aroma-a-chocolate\/","og_site_name":"Books From Mexico","article_modified_time":"2024-08-29T23:37:39+00:00","og_image":[{"width":388,"height":599,"url":"http:\/\/booksfrommexico.com\/app\/uploads\/2023\/05\/126253.jpeg","type":"image\/jpeg"}],"twitter_card":"summary_large_image","twitter_misc":{"Tiempo de lectura":"1 minuto"},"schema":{"@context":"https:\/\/schema.org","@graph":[{"@type":"WebPage","@id":"https:\/\/booksfrommexico.com\/es\/producto\/temimilcingo-pueblo-con-historia-y-aroma-a-chocolate\/","url":"https:\/\/booksfrommexico.com\/es\/producto\/temimilcingo-pueblo-con-historia-y-aroma-a-chocolate\/","name":"Temimilcingo: Pueblo con historia y aroma a chocolate","isPartOf":{"@id":"https:\/\/booksfrommexico.com\/#website"},"primaryImageOfPage":{"@id":"https:\/\/booksfrommexico.com\/es\/producto\/temimilcingo-pueblo-con-historia-y-aroma-a-chocolate\/#primaryimage"},"image":{"@id":"https:\/\/booksfrommexico.com\/es\/producto\/temimilcingo-pueblo-con-historia-y-aroma-a-chocolate\/#primaryimage"},"thumbnailUrl":"https:\/\/booksfrommexico.com\/app\/uploads\/2023\/05\/126253.jpeg","datePublished":"2023-05-08T17:03:02+00:00","dateModified":"2024-08-29T23:37:39+00:00","description":"TEMIMILCINGO : PUEBLO CON HISTORIA Y AROMA A CHOCOLATE. \/ Blanca Dalia Anz\u00farez Portillo, Sa\u00fal V\u00e1zquez Rivera (compilators). Instituto de Cultura de Morelos.","breadcrumb":{"@id":"https:\/\/booksfrommexico.com\/es\/producto\/temimilcingo-pueblo-con-historia-y-aroma-a-chocolate\/#breadcrumb"},"inLanguage":"es","potentialAction":[{"@type":"ReadAction","target":["https:\/\/booksfrommexico.com\/es\/producto\/temimilcingo-pueblo-con-historia-y-aroma-a-chocolate\/"]}]},{"@type":"ImageObject","inLanguage":"es","@id":"https:\/\/booksfrommexico.com\/es\/producto\/temimilcingo-pueblo-con-historia-y-aroma-a-chocolate\/#primaryimage","url":"https:\/\/booksfrommexico.com\/app\/uploads\/2023\/05\/126253.jpeg","contentUrl":"https:\/\/booksfrommexico.com\/app\/uploads\/2023\/05\/126253.jpeg","width":388,"height":599},{"@type":"BreadcrumbList","@id":"https:\/\/booksfrommexico.com\/es\/producto\/temimilcingo-pueblo-con-historia-y-aroma-a-chocolate\/#breadcrumb","itemListElement":[{"@type":"ListItem","position":1,"name":"Home","item":"https:\/\/booksfrommexico.com\/es\/"},{"@type":"ListItem","position":2,"name":"Libros","item":"https:\/\/booksfrommexico.com\/es\/libros\/"},{"@type":"ListItem","position":3,"name":"Temimilcingo: Pueblo con historia y aroma a chocolate"}]},{"@type":"WebSite","@id":"https:\/\/booksfrommexico.com\/#website","url":"https:\/\/booksfrommexico.com\/","name":"Books From Mexico","description":"","publisher":{"@id":"https:\/\/booksfrommexico.com\/#organization"},"potentialAction":[{"@type":"SearchAction","target":{"@type":"EntryPoint","urlTemplate":"https:\/\/booksfrommexico.com\/?s={search_term_string}"},"query-input":{"@type":"PropertyValueSpecification","valueRequired":true,"valueName":"search_term_string"}}],"inLanguage":"es"},{"@type":"Organization","@id":"https:\/\/booksfrommexico.com\/#organization","name":"Books From Mexico","url":"https:\/\/booksfrommexico.com\/","logo":{"@type":"ImageObject","inLanguage":"es","@id":"https:\/\/booksfrommexico.com\/#\/schema\/logo\/image\/","url":"https:\/\/booksfrommexico.com\/app\/uploads\/2023\/05\/logo-booksfrommexico.svg","contentUrl":"https:\/\/booksfrommexico.com\/app\/uploads\/2023\/05\/logo-booksfrommexico.svg","width":86,"height":56,"caption":"Books From Mexico"},"image":{"@id":"https:\/\/booksfrommexico.com\/#\/schema\/logo\/image\/"}}]}},"_links":{"self":[{"href":"https:\/\/booksfrommexico.com\/es\/wp-json\/wp\/v2\/product\/487","targetHints":{"allow":["GET"]}}],"collection":[{"href":"https:\/\/booksfrommexico.com\/es\/wp-json\/wp\/v2\/product"}],"about":[{"href":"https:\/\/booksfrommexico.com\/es\/wp-json\/wp\/v2\/types\/product"}],"wp:featuredmedia":[{"embeddable":true,"href":"https:\/\/booksfrommexico.com\/es\/wp-json\/wp\/v2\/media\/486"}],"wp:attachment":[{"href":"https:\/\/booksfrommexico.com\/es\/wp-json\/wp\/v2\/media?parent=487"}],"wp:term":[{"taxonomy":"product_brand","embeddable":true,"href":"https:\/\/booksfrommexico.com\/es\/wp-json\/wp\/v2\/product_brand?post=487"},{"taxonomy":"product_cat","embeddable":true,"href":"https:\/\/booksfrommexico.com\/es\/wp-json\/wp\/v2\/product_cat?post=487"},{"taxonomy":"product_tag","embeddable":true,"href":"https:\/\/booksfrommexico.com\/es\/wp-json\/wp\/v2\/product_tag?post=487"}],"curies":[{"name":"wp","href":"https:\/\/api.w.org\/{rel}","templated":true}]}}