{"id":489,"date":"2023-05-08T17:03:04","date_gmt":"2023-05-08T17:03:04","guid":{"rendered":"http:\/\/booksfrommexico.com\/product\/dialogo-en-la-oscuridad\/"},"modified":"2024-10-02T23:34:20","modified_gmt":"2024-10-02T23:34:20","slug":"dialogo-en-la-oscuridad","status":"publish","type":"product","link":"https:\/\/booksfrommexico.com\/es\/producto\/dialogo-en-la-oscuridad\/","title":{"rendered":"Di\u00e1logo en la oscuridad"},"content":{"rendered":"<p><span style=\"font-weight: 400;\">La exposici\u00f3n montada en el Museo del Palacio de Bellas Artes, y de la cual el Fondo de Cultura Econ\u00f3mica presenta en este t\u00edtulo, tiene el prop\u00f3sito de propiciar un nuevo y diferente encuentro con nosotros mismos a trav\u00e9s de nuestros sentidos. A trav\u00e9s de an\u00e9cdotas, textos de diversos autores y reflexiones filos\u00f3ficas, se cuestiona el c\u00f3mo la ceguera moldea nuestra comprensi\u00f3n del mundo y c\u00f3mo se estigmatiza a los ciegos. Adem\u00e1s, se plantea una relaci\u00f3n entre el lenguaje y la percepci\u00f3n, y las formas en que podemos expandir nuestras propias percepciones mediante nuevas formas de experimentar el mundo. <\/span><\/p>\n","protected":false},"excerpt":{"rendered":"<p>DI\u00c1LOGO EN LA OSCURIDAD<span style=\"font-weight: 400;\">. \/ Evgen Bavcar, Gerardo Nigenda (photographers). M\u00e9xico, D.F. : Fondo de Cultura Econ\u00f3mica ; Museo del Palacio de Bellas Artes, 2004. 224 pages : includes references, photos, bibliography ; 33 cm. (Colecci\u00f3n Tezontle). ISBN : 9681674340.<\/span><\/p>\n","protected":false},"featured_media":488,"template":"","meta":{"_acf_changed":false,"inline_featured_image":false},"product_brand":[],"product_cat":[87,165],"product_tag":[4044,4341,4043],"class_list":{"0":"post-489","1":"product","2":"type-product","3":"status-publish","4":"has-post-thumbnail","6":"product_cat-arte","7":"product_cat-fotografia-arte","8":"product_tag-arte","9":"product_tag-cultura","10":"product_tag-fotografia","12":"first","13":"instock","14":"sale","15":"taxable","16":"shipping-taxable","17":"purchasable","18":"product-type-simple"},"acf":[],"yoast_head":"<!-- This site is optimized with the Yoast SEO plugin v27.3 - https:\/\/yoast.com\/product\/yoast-seo-wordpress\/ -->\n<title>Di\u00e1logo en la oscuridad<\/title>\n<meta name=\"description\" content=\"DI\u00c1LOGO EN LA OSCURIDAD. \/ Evgen Bavcar, Gerardo Nigenda (photographers). M\u00e9xico, D.F. : Fondo de Cultura Econ\u00f3mica ; Museo del Palacio de Bellas Artes.\" \/>\n<meta name=\"robots\" content=\"index, follow, max-snippet:-1, max-image-preview:large, max-video-preview:-1\" \/>\n<link rel=\"canonical\" href=\"https:\/\/booksfrommexico.com\/es\/producto\/dialogo-en-la-oscuridad\/\" \/>\n<meta property=\"og:locale\" content=\"es_ES\" \/>\n<meta property=\"og:type\" content=\"article\" \/>\n<meta property=\"og:title\" content=\"Di\u00e1logo en la oscuridad\" \/>\n<meta property=\"og:description\" content=\"DI\u00c1LOGO EN LA OSCURIDAD. \/ Evgen Bavcar, Gerardo Nigenda (photographers). M\u00e9xico, D.F. : Fondo de Cultura Econ\u00f3mica ; Museo del Palacio de Bellas Artes.\" \/>\n<meta property=\"og:url\" content=\"https:\/\/booksfrommexico.com\/es\/producto\/dialogo-en-la-oscuridad\/\" \/>\n<meta property=\"og:site_name\" content=\"Books From Mexico\" \/>\n<meta property=\"article:modified_time\" content=\"2024-10-02T23:34:20+00:00\" \/>\n<meta property=\"og:image\" content=\"http:\/\/booksfrommexico.com\/app\/uploads\/2023\/05\/126154.jpeg\" \/>\n\t<meta property=\"og:image:width\" content=\"628\" \/>\n\t<meta property=\"og:image:height\" content=\"861\" \/>\n\t<meta property=\"og:image:type\" content=\"image\/jpeg\" \/>\n<meta name=\"twitter:card\" content=\"summary_large_image\" \/>\n<meta name=\"twitter:label1\" content=\"Tiempo de lectura\" \/>\n\t<meta name=\"twitter:data1\" content=\"1 minuto\" \/>\n<script type=\"application\/ld+json\" class=\"yoast-schema-graph\">{\"@context\":\"https:\\\/\\\/schema.org\",\"@graph\":[{\"@type\":\"WebPage\",\"@id\":\"https:\\\/\\\/booksfrommexico.com\\\/es\\\/producto\\\/dialogo-en-la-oscuridad\\\/\",\"url\":\"https:\\\/\\\/booksfrommexico.com\\\/es\\\/producto\\\/dialogo-en-la-oscuridad\\\/\",\"name\":\"Di\u00e1logo en la oscuridad\",\"isPartOf\":{\"@id\":\"https:\\\/\\\/booksfrommexico.com\\\/#website\"},\"primaryImageOfPage\":{\"@id\":\"https:\\\/\\\/booksfrommexico.com\\\/es\\\/producto\\\/dialogo-en-la-oscuridad\\\/#primaryimage\"},\"image\":{\"@id\":\"https:\\\/\\\/booksfrommexico.com\\\/es\\\/producto\\\/dialogo-en-la-oscuridad\\\/#primaryimage\"},\"thumbnailUrl\":\"https:\\\/\\\/booksfrommexico.com\\\/app\\\/uploads\\\/2023\\\/05\\\/126154.jpeg\",\"datePublished\":\"2023-05-08T17:03:04+00:00\",\"dateModified\":\"2024-10-02T23:34:20+00:00\",\"description\":\"DI\u00c1LOGO EN LA OSCURIDAD. \\\/ Evgen Bavcar, Gerardo Nigenda (photographers). M\u00e9xico, D.F. : Fondo de Cultura Econ\u00f3mica ; Museo del Palacio de Bellas Artes.\",\"breadcrumb\":{\"@id\":\"https:\\\/\\\/booksfrommexico.com\\\/es\\\/producto\\\/dialogo-en-la-oscuridad\\\/#breadcrumb\"},\"inLanguage\":\"es\",\"potentialAction\":[{\"@type\":\"ReadAction\",\"target\":[\"https:\\\/\\\/booksfrommexico.com\\\/es\\\/producto\\\/dialogo-en-la-oscuridad\\\/\"]}]},{\"@type\":\"ImageObject\",\"inLanguage\":\"es\",\"@id\":\"https:\\\/\\\/booksfrommexico.com\\\/es\\\/producto\\\/dialogo-en-la-oscuridad\\\/#primaryimage\",\"url\":\"https:\\\/\\\/booksfrommexico.com\\\/app\\\/uploads\\\/2023\\\/05\\\/126154.jpeg\",\"contentUrl\":\"https:\\\/\\\/booksfrommexico.com\\\/app\\\/uploads\\\/2023\\\/05\\\/126154.jpeg\",\"width\":628,\"height\":861},{\"@type\":\"BreadcrumbList\",\"@id\":\"https:\\\/\\\/booksfrommexico.com\\\/es\\\/producto\\\/dialogo-en-la-oscuridad\\\/#breadcrumb\",\"itemListElement\":[{\"@type\":\"ListItem\",\"position\":1,\"name\":\"Home\",\"item\":\"https:\\\/\\\/booksfrommexico.com\\\/es\\\/\"},{\"@type\":\"ListItem\",\"position\":2,\"name\":\"Libros\",\"item\":\"https:\\\/\\\/booksfrommexico.com\\\/es\\\/libros\\\/\"},{\"@type\":\"ListItem\",\"position\":3,\"name\":\"Di\u00e1logo en la oscuridad\"}]},{\"@type\":\"WebSite\",\"@id\":\"https:\\\/\\\/booksfrommexico.com\\\/#website\",\"url\":\"https:\\\/\\\/booksfrommexico.com\\\/\",\"name\":\"Books From Mexico\",\"description\":\"\",\"publisher\":{\"@id\":\"https:\\\/\\\/booksfrommexico.com\\\/#organization\"},\"potentialAction\":[{\"@type\":\"SearchAction\",\"target\":{\"@type\":\"EntryPoint\",\"urlTemplate\":\"https:\\\/\\\/booksfrommexico.com\\\/?s={search_term_string}\"},\"query-input\":{\"@type\":\"PropertyValueSpecification\",\"valueRequired\":true,\"valueName\":\"search_term_string\"}}],\"inLanguage\":\"es\"},{\"@type\":\"Organization\",\"@id\":\"https:\\\/\\\/booksfrommexico.com\\\/#organization\",\"name\":\"Books From Mexico\",\"url\":\"https:\\\/\\\/booksfrommexico.com\\\/\",\"logo\":{\"@type\":\"ImageObject\",\"inLanguage\":\"es\",\"@id\":\"https:\\\/\\\/booksfrommexico.com\\\/#\\\/schema\\\/logo\\\/image\\\/\",\"url\":\"https:\\\/\\\/booksfrommexico.com\\\/app\\\/uploads\\\/2023\\\/05\\\/logo-booksfrommexico.svg\",\"contentUrl\":\"https:\\\/\\\/booksfrommexico.com\\\/app\\\/uploads\\\/2023\\\/05\\\/logo-booksfrommexico.svg\",\"width\":86,\"height\":56,\"caption\":\"Books From Mexico\"},\"image\":{\"@id\":\"https:\\\/\\\/booksfrommexico.com\\\/#\\\/schema\\\/logo\\\/image\\\/\"}}]}<\/script>\n<!-- \/ Yoast SEO plugin. -->","yoast_head_json":{"title":"Di\u00e1logo en la oscuridad","description":"DI\u00c1LOGO EN LA OSCURIDAD. \/ Evgen Bavcar, Gerardo Nigenda (photographers). M\u00e9xico, D.F. : Fondo de Cultura Econ\u00f3mica ; Museo del Palacio de Bellas Artes.","robots":{"index":"index","follow":"follow","max-snippet":"max-snippet:-1","max-image-preview":"max-image-preview:large","max-video-preview":"max-video-preview:-1"},"canonical":"https:\/\/booksfrommexico.com\/es\/producto\/dialogo-en-la-oscuridad\/","og_locale":"es_ES","og_type":"article","og_title":"Di\u00e1logo en la oscuridad","og_description":"DI\u00c1LOGO EN LA OSCURIDAD. \/ Evgen Bavcar, Gerardo Nigenda (photographers). M\u00e9xico, D.F. : Fondo de Cultura Econ\u00f3mica ; Museo del Palacio de Bellas Artes.","og_url":"https:\/\/booksfrommexico.com\/es\/producto\/dialogo-en-la-oscuridad\/","og_site_name":"Books From Mexico","article_modified_time":"2024-10-02T23:34:20+00:00","og_image":[{"width":628,"height":861,"url":"http:\/\/booksfrommexico.com\/app\/uploads\/2023\/05\/126154.jpeg","type":"image\/jpeg"}],"twitter_card":"summary_large_image","twitter_misc":{"Tiempo de lectura":"1 minuto"},"schema":{"@context":"https:\/\/schema.org","@graph":[{"@type":"WebPage","@id":"https:\/\/booksfrommexico.com\/es\/producto\/dialogo-en-la-oscuridad\/","url":"https:\/\/booksfrommexico.com\/es\/producto\/dialogo-en-la-oscuridad\/","name":"Di\u00e1logo en la oscuridad","isPartOf":{"@id":"https:\/\/booksfrommexico.com\/#website"},"primaryImageOfPage":{"@id":"https:\/\/booksfrommexico.com\/es\/producto\/dialogo-en-la-oscuridad\/#primaryimage"},"image":{"@id":"https:\/\/booksfrommexico.com\/es\/producto\/dialogo-en-la-oscuridad\/#primaryimage"},"thumbnailUrl":"https:\/\/booksfrommexico.com\/app\/uploads\/2023\/05\/126154.jpeg","datePublished":"2023-05-08T17:03:04+00:00","dateModified":"2024-10-02T23:34:20+00:00","description":"DI\u00c1LOGO EN LA OSCURIDAD. \/ Evgen Bavcar, Gerardo Nigenda (photographers). M\u00e9xico, D.F. : Fondo de Cultura Econ\u00f3mica ; Museo del Palacio de Bellas Artes.","breadcrumb":{"@id":"https:\/\/booksfrommexico.com\/es\/producto\/dialogo-en-la-oscuridad\/#breadcrumb"},"inLanguage":"es","potentialAction":[{"@type":"ReadAction","target":["https:\/\/booksfrommexico.com\/es\/producto\/dialogo-en-la-oscuridad\/"]}]},{"@type":"ImageObject","inLanguage":"es","@id":"https:\/\/booksfrommexico.com\/es\/producto\/dialogo-en-la-oscuridad\/#primaryimage","url":"https:\/\/booksfrommexico.com\/app\/uploads\/2023\/05\/126154.jpeg","contentUrl":"https:\/\/booksfrommexico.com\/app\/uploads\/2023\/05\/126154.jpeg","width":628,"height":861},{"@type":"BreadcrumbList","@id":"https:\/\/booksfrommexico.com\/es\/producto\/dialogo-en-la-oscuridad\/#breadcrumb","itemListElement":[{"@type":"ListItem","position":1,"name":"Home","item":"https:\/\/booksfrommexico.com\/es\/"},{"@type":"ListItem","position":2,"name":"Libros","item":"https:\/\/booksfrommexico.com\/es\/libros\/"},{"@type":"ListItem","position":3,"name":"Di\u00e1logo en la oscuridad"}]},{"@type":"WebSite","@id":"https:\/\/booksfrommexico.com\/#website","url":"https:\/\/booksfrommexico.com\/","name":"Books From Mexico","description":"","publisher":{"@id":"https:\/\/booksfrommexico.com\/#organization"},"potentialAction":[{"@type":"SearchAction","target":{"@type":"EntryPoint","urlTemplate":"https:\/\/booksfrommexico.com\/?s={search_term_string}"},"query-input":{"@type":"PropertyValueSpecification","valueRequired":true,"valueName":"search_term_string"}}],"inLanguage":"es"},{"@type":"Organization","@id":"https:\/\/booksfrommexico.com\/#organization","name":"Books From Mexico","url":"https:\/\/booksfrommexico.com\/","logo":{"@type":"ImageObject","inLanguage":"es","@id":"https:\/\/booksfrommexico.com\/#\/schema\/logo\/image\/","url":"https:\/\/booksfrommexico.com\/app\/uploads\/2023\/05\/logo-booksfrommexico.svg","contentUrl":"https:\/\/booksfrommexico.com\/app\/uploads\/2023\/05\/logo-booksfrommexico.svg","width":86,"height":56,"caption":"Books From Mexico"},"image":{"@id":"https:\/\/booksfrommexico.com\/#\/schema\/logo\/image\/"}}]}},"_links":{"self":[{"href":"https:\/\/booksfrommexico.com\/es\/wp-json\/wp\/v2\/product\/489","targetHints":{"allow":["GET"]}}],"collection":[{"href":"https:\/\/booksfrommexico.com\/es\/wp-json\/wp\/v2\/product"}],"about":[{"href":"https:\/\/booksfrommexico.com\/es\/wp-json\/wp\/v2\/types\/product"}],"wp:featuredmedia":[{"embeddable":true,"href":"https:\/\/booksfrommexico.com\/es\/wp-json\/wp\/v2\/media\/488"}],"wp:attachment":[{"href":"https:\/\/booksfrommexico.com\/es\/wp-json\/wp\/v2\/media?parent=489"}],"wp:term":[{"taxonomy":"product_brand","embeddable":true,"href":"https:\/\/booksfrommexico.com\/es\/wp-json\/wp\/v2\/product_brand?post=489"},{"taxonomy":"product_cat","embeddable":true,"href":"https:\/\/booksfrommexico.com\/es\/wp-json\/wp\/v2\/product_cat?post=489"},{"taxonomy":"product_tag","embeddable":true,"href":"https:\/\/booksfrommexico.com\/es\/wp-json\/wp\/v2\/product_tag?post=489"}],"curies":[{"name":"wp","href":"https:\/\/api.w.org\/{rel}","templated":true}]}}