{"id":493,"date":"2023-05-08T17:03:07","date_gmt":"2023-05-08T17:03:07","guid":{"rendered":"http:\/\/booksfrommexico.com\/product\/libro-para-que-yo-aprenda-lengua-maya-principiantes-e-intermedios\/"},"modified":"2024-10-02T23:39:08","modified_gmt":"2024-10-02T23:39:08","slug":"libro-para-que-yo-aprenda-lengua-maya-principiantes-e-intermedios","status":"publish","type":"product","link":"https:\/\/booksfrommexico.com\/es\/producto\/libro-para-que-yo-aprenda-lengua-maya-principiantes-e-intermedios\/","title":{"rendered":"Libro para que yo aprenda lengua maya: Principiantes e intermedios"},"content":{"rendered":"<p><span style=\"font-weight: 400;\">Este t\u00edtulo fue elaborado con el prop\u00f3sito de apoyar el aprendizaje de los alumnos de la Academia de Lengua Maya, principalmente para los que est\u00e1n en nivel Inicial e Intermedio. Fue ideado para personas adultas y j\u00f3venes que son monoling\u00fces en espa\u00f1ol u otras lenguas, sin embargo no se descarta que pueda resultar \u00fatil para otras personas que tienen inter\u00e9s en aprender la lengua maya. Se incluyen di\u00e1logos, ejercicios, breves lecturas y actividades que son sencillos y de uso com\u00fan por parte de los mayahablantes, los cuales permitir\u00e1n que sea m\u00e1s sencillo adquirir el idiom<\/span><\/p>\n","protected":false},"excerpt":{"rendered":"<p>LIBRO PARA QUE YO APRENDA LENGUA MAYA : PRINCIPIANTES E INTERMEDIOS<span style=\"font-weight: 400;\">. \/ Gamaliel Cant\u00e9 y Canul. M\u00e9rida, Yucat\u00e1n, M\u00e9xico : Academia Municipal de Lengua Maya Itzamn\u00e1, 2003. 69 pages : includes chiefly illustrations ; 28 cm.<\/span><\/p>\n","protected":false},"featured_media":492,"template":"","meta":{"_acf_changed":false,"inline_featured_image":false},"product_brand":[],"product_cat":[3345,169,3166],"product_tag":[3781,3742,3754,4060,4333],"class_list":{"0":"post-493","1":"product","2":"type-product","3":"status-publish","4":"has-post-thumbnail","6":"product_cat-lengua-maya-lenguas-y-linguisticas-indigenas","7":"product_cat-lengua-y-linguistica","8":"product_cat-lenguas-y-linguisticas-indigenas-lengua-y-linguistica","9":"product_tag-cultura-maya","10":"product_tag-educacion-bilingue","11":"product_tag-lenguaje-maya","12":"product_tag-lenguas-indigenas-es","13":"product_tag-mayas","15":"first","16":"instock","17":"sale","18":"taxable","19":"shipping-taxable","20":"purchasable","21":"product-type-simple"},"acf":[],"yoast_head":"<!-- This site is optimized with the Yoast SEO plugin v27.2 - https:\/\/yoast.com\/product\/yoast-seo-wordpress\/ -->\n<title>Libro para que yo aprenda lengua maya Principiantes e intermedios<\/title>\n<meta name=\"description\" content=\"LIBRO PARA QUE YO APRENDA LENGUA MAYA : PRINCIPIANTES E INTERMEDIOS. \/ Gamaliel Cant\u00e9 y Canul. Academia Municipal de Lengua Maya Itzamn\u00e1, 2003.\" \/>\n<meta name=\"robots\" content=\"index, follow, max-snippet:-1, max-image-preview:large, max-video-preview:-1\" \/>\n<link rel=\"canonical\" href=\"https:\/\/booksfrommexico.com\/es\/producto\/libro-para-que-yo-aprenda-lengua-maya-principiantes-e-intermedios\/\" \/>\n<meta property=\"og:locale\" content=\"es_ES\" \/>\n<meta property=\"og:type\" content=\"article\" \/>\n<meta property=\"og:title\" content=\"Libro para que yo aprenda lengua maya Principiantes e intermedios\" \/>\n<meta property=\"og:description\" content=\"LIBRO PARA QUE YO APRENDA LENGUA MAYA : PRINCIPIANTES E INTERMEDIOS. \/ Gamaliel Cant\u00e9 y Canul. Academia Municipal de Lengua Maya Itzamn\u00e1, 2003.\" \/>\n<meta property=\"og:url\" content=\"https:\/\/booksfrommexico.com\/es\/producto\/libro-para-que-yo-aprenda-lengua-maya-principiantes-e-intermedios\/\" \/>\n<meta property=\"og:site_name\" content=\"Books From Mexico\" \/>\n<meta property=\"article:modified_time\" content=\"2024-10-02T23:39:08+00:00\" \/>\n<meta property=\"og:image\" content=\"http:\/\/booksfrommexico.com\/app\/uploads\/2023\/05\/128663.jpeg\" \/>\n\t<meta property=\"og:image:width\" content=\"600\" \/>\n\t<meta property=\"og:image:height\" content=\"786\" \/>\n\t<meta property=\"og:image:type\" content=\"image\/jpeg\" \/>\n<meta name=\"twitter:card\" content=\"summary_large_image\" \/>\n<meta name=\"twitter:label1\" content=\"Tiempo de lectura\" \/>\n\t<meta name=\"twitter:data1\" content=\"1 minuto\" \/>\n<script type=\"application\/ld+json\" class=\"yoast-schema-graph\">{\"@context\":\"https:\/\/schema.org\",\"@graph\":[{\"@type\":\"WebPage\",\"@id\":\"https:\/\/booksfrommexico.com\/es\/producto\/libro-para-que-yo-aprenda-lengua-maya-principiantes-e-intermedios\/\",\"url\":\"https:\/\/booksfrommexico.com\/es\/producto\/libro-para-que-yo-aprenda-lengua-maya-principiantes-e-intermedios\/\",\"name\":\"Libro para que yo aprenda lengua maya Principiantes e intermedios\",\"isPartOf\":{\"@id\":\"https:\/\/booksfrommexico.com\/#website\"},\"primaryImageOfPage\":{\"@id\":\"https:\/\/booksfrommexico.com\/es\/producto\/libro-para-que-yo-aprenda-lengua-maya-principiantes-e-intermedios\/#primaryimage\"},\"image\":{\"@id\":\"https:\/\/booksfrommexico.com\/es\/producto\/libro-para-que-yo-aprenda-lengua-maya-principiantes-e-intermedios\/#primaryimage\"},\"thumbnailUrl\":\"https:\/\/booksfrommexico.com\/app\/uploads\/2023\/05\/128663.jpeg\",\"datePublished\":\"2023-05-08T17:03:07+00:00\",\"dateModified\":\"2024-10-02T23:39:08+00:00\",\"description\":\"LIBRO PARA QUE YO APRENDA LENGUA MAYA : PRINCIPIANTES E INTERMEDIOS. \/ Gamaliel Cant\u00e9 y Canul. Academia Municipal de Lengua Maya Itzamn\u00e1, 2003.\",\"breadcrumb\":{\"@id\":\"https:\/\/booksfrommexico.com\/es\/producto\/libro-para-que-yo-aprenda-lengua-maya-principiantes-e-intermedios\/#breadcrumb\"},\"inLanguage\":\"es\",\"potentialAction\":[{\"@type\":\"ReadAction\",\"target\":[\"https:\/\/booksfrommexico.com\/es\/producto\/libro-para-que-yo-aprenda-lengua-maya-principiantes-e-intermedios\/\"]}]},{\"@type\":\"ImageObject\",\"inLanguage\":\"es\",\"@id\":\"https:\/\/booksfrommexico.com\/es\/producto\/libro-para-que-yo-aprenda-lengua-maya-principiantes-e-intermedios\/#primaryimage\",\"url\":\"https:\/\/booksfrommexico.com\/app\/uploads\/2023\/05\/128663.jpeg\",\"contentUrl\":\"https:\/\/booksfrommexico.com\/app\/uploads\/2023\/05\/128663.jpeg\",\"width\":600,\"height\":786},{\"@type\":\"BreadcrumbList\",\"@id\":\"https:\/\/booksfrommexico.com\/es\/producto\/libro-para-que-yo-aprenda-lengua-maya-principiantes-e-intermedios\/#breadcrumb\",\"itemListElement\":[{\"@type\":\"ListItem\",\"position\":1,\"name\":\"Home\",\"item\":\"https:\/\/booksfrommexico.com\/es\/\"},{\"@type\":\"ListItem\",\"position\":2,\"name\":\"Libros\",\"item\":\"https:\/\/booksfrommexico.com\/es\/libros\/\"},{\"@type\":\"ListItem\",\"position\":3,\"name\":\"Libro para que yo aprenda lengua maya: Principiantes e intermedios\"}]},{\"@type\":\"WebSite\",\"@id\":\"https:\/\/booksfrommexico.com\/#website\",\"url\":\"https:\/\/booksfrommexico.com\/\",\"name\":\"Books From Mexico\",\"description\":\"\",\"publisher\":{\"@id\":\"https:\/\/booksfrommexico.com\/#organization\"},\"potentialAction\":[{\"@type\":\"SearchAction\",\"target\":{\"@type\":\"EntryPoint\",\"urlTemplate\":\"https:\/\/booksfrommexico.com\/?s={search_term_string}\"},\"query-input\":{\"@type\":\"PropertyValueSpecification\",\"valueRequired\":true,\"valueName\":\"search_term_string\"}}],\"inLanguage\":\"es\"},{\"@type\":\"Organization\",\"@id\":\"https:\/\/booksfrommexico.com\/#organization\",\"name\":\"Books From Mexico\",\"url\":\"https:\/\/booksfrommexico.com\/\",\"logo\":{\"@type\":\"ImageObject\",\"inLanguage\":\"es\",\"@id\":\"https:\/\/booksfrommexico.com\/#\/schema\/logo\/image\/\",\"url\":\"https:\/\/booksfrommexico.com\/app\/uploads\/2023\/05\/logo-booksfrommexico.svg\",\"contentUrl\":\"https:\/\/booksfrommexico.com\/app\/uploads\/2023\/05\/logo-booksfrommexico.svg\",\"width\":86,\"height\":56,\"caption\":\"Books From Mexico\"},\"image\":{\"@id\":\"https:\/\/booksfrommexico.com\/#\/schema\/logo\/image\/\"}}]}<\/script>\n<!-- \/ Yoast SEO plugin. -->","yoast_head_json":{"title":"Libro para que yo aprenda lengua maya Principiantes e intermedios","description":"LIBRO PARA QUE YO APRENDA LENGUA MAYA : PRINCIPIANTES E INTERMEDIOS. \/ Gamaliel Cant\u00e9 y Canul. Academia Municipal de Lengua Maya Itzamn\u00e1, 2003.","robots":{"index":"index","follow":"follow","max-snippet":"max-snippet:-1","max-image-preview":"max-image-preview:large","max-video-preview":"max-video-preview:-1"},"canonical":"https:\/\/booksfrommexico.com\/es\/producto\/libro-para-que-yo-aprenda-lengua-maya-principiantes-e-intermedios\/","og_locale":"es_ES","og_type":"article","og_title":"Libro para que yo aprenda lengua maya Principiantes e intermedios","og_description":"LIBRO PARA QUE YO APRENDA LENGUA MAYA : PRINCIPIANTES E INTERMEDIOS. \/ Gamaliel Cant\u00e9 y Canul. Academia Municipal de Lengua Maya Itzamn\u00e1, 2003.","og_url":"https:\/\/booksfrommexico.com\/es\/producto\/libro-para-que-yo-aprenda-lengua-maya-principiantes-e-intermedios\/","og_site_name":"Books From Mexico","article_modified_time":"2024-10-02T23:39:08+00:00","og_image":[{"width":600,"height":786,"url":"http:\/\/booksfrommexico.com\/app\/uploads\/2023\/05\/128663.jpeg","type":"image\/jpeg"}],"twitter_card":"summary_large_image","twitter_misc":{"Tiempo de lectura":"1 minuto"},"schema":{"@context":"https:\/\/schema.org","@graph":[{"@type":"WebPage","@id":"https:\/\/booksfrommexico.com\/es\/producto\/libro-para-que-yo-aprenda-lengua-maya-principiantes-e-intermedios\/","url":"https:\/\/booksfrommexico.com\/es\/producto\/libro-para-que-yo-aprenda-lengua-maya-principiantes-e-intermedios\/","name":"Libro para que yo aprenda lengua maya Principiantes e intermedios","isPartOf":{"@id":"https:\/\/booksfrommexico.com\/#website"},"primaryImageOfPage":{"@id":"https:\/\/booksfrommexico.com\/es\/producto\/libro-para-que-yo-aprenda-lengua-maya-principiantes-e-intermedios\/#primaryimage"},"image":{"@id":"https:\/\/booksfrommexico.com\/es\/producto\/libro-para-que-yo-aprenda-lengua-maya-principiantes-e-intermedios\/#primaryimage"},"thumbnailUrl":"https:\/\/booksfrommexico.com\/app\/uploads\/2023\/05\/128663.jpeg","datePublished":"2023-05-08T17:03:07+00:00","dateModified":"2024-10-02T23:39:08+00:00","description":"LIBRO PARA QUE YO APRENDA LENGUA MAYA : PRINCIPIANTES E INTERMEDIOS. \/ Gamaliel Cant\u00e9 y Canul. Academia Municipal de Lengua Maya Itzamn\u00e1, 2003.","breadcrumb":{"@id":"https:\/\/booksfrommexico.com\/es\/producto\/libro-para-que-yo-aprenda-lengua-maya-principiantes-e-intermedios\/#breadcrumb"},"inLanguage":"es","potentialAction":[{"@type":"ReadAction","target":["https:\/\/booksfrommexico.com\/es\/producto\/libro-para-que-yo-aprenda-lengua-maya-principiantes-e-intermedios\/"]}]},{"@type":"ImageObject","inLanguage":"es","@id":"https:\/\/booksfrommexico.com\/es\/producto\/libro-para-que-yo-aprenda-lengua-maya-principiantes-e-intermedios\/#primaryimage","url":"https:\/\/booksfrommexico.com\/app\/uploads\/2023\/05\/128663.jpeg","contentUrl":"https:\/\/booksfrommexico.com\/app\/uploads\/2023\/05\/128663.jpeg","width":600,"height":786},{"@type":"BreadcrumbList","@id":"https:\/\/booksfrommexico.com\/es\/producto\/libro-para-que-yo-aprenda-lengua-maya-principiantes-e-intermedios\/#breadcrumb","itemListElement":[{"@type":"ListItem","position":1,"name":"Home","item":"https:\/\/booksfrommexico.com\/es\/"},{"@type":"ListItem","position":2,"name":"Libros","item":"https:\/\/booksfrommexico.com\/es\/libros\/"},{"@type":"ListItem","position":3,"name":"Libro para que yo aprenda lengua maya: Principiantes e intermedios"}]},{"@type":"WebSite","@id":"https:\/\/booksfrommexico.com\/#website","url":"https:\/\/booksfrommexico.com\/","name":"Books From Mexico","description":"","publisher":{"@id":"https:\/\/booksfrommexico.com\/#organization"},"potentialAction":[{"@type":"SearchAction","target":{"@type":"EntryPoint","urlTemplate":"https:\/\/booksfrommexico.com\/?s={search_term_string}"},"query-input":{"@type":"PropertyValueSpecification","valueRequired":true,"valueName":"search_term_string"}}],"inLanguage":"es"},{"@type":"Organization","@id":"https:\/\/booksfrommexico.com\/#organization","name":"Books From Mexico","url":"https:\/\/booksfrommexico.com\/","logo":{"@type":"ImageObject","inLanguage":"es","@id":"https:\/\/booksfrommexico.com\/#\/schema\/logo\/image\/","url":"https:\/\/booksfrommexico.com\/app\/uploads\/2023\/05\/logo-booksfrommexico.svg","contentUrl":"https:\/\/booksfrommexico.com\/app\/uploads\/2023\/05\/logo-booksfrommexico.svg","width":86,"height":56,"caption":"Books From Mexico"},"image":{"@id":"https:\/\/booksfrommexico.com\/#\/schema\/logo\/image\/"}}]}},"_links":{"self":[{"href":"https:\/\/booksfrommexico.com\/es\/wp-json\/wp\/v2\/product\/493","targetHints":{"allow":["GET"]}}],"collection":[{"href":"https:\/\/booksfrommexico.com\/es\/wp-json\/wp\/v2\/product"}],"about":[{"href":"https:\/\/booksfrommexico.com\/es\/wp-json\/wp\/v2\/types\/product"}],"wp:featuredmedia":[{"embeddable":true,"href":"https:\/\/booksfrommexico.com\/es\/wp-json\/wp\/v2\/media\/492"}],"wp:attachment":[{"href":"https:\/\/booksfrommexico.com\/es\/wp-json\/wp\/v2\/media?parent=493"}],"wp:term":[{"taxonomy":"product_brand","embeddable":true,"href":"https:\/\/booksfrommexico.com\/es\/wp-json\/wp\/v2\/product_brand?post=493"},{"taxonomy":"product_cat","embeddable":true,"href":"https:\/\/booksfrommexico.com\/es\/wp-json\/wp\/v2\/product_cat?post=493"},{"taxonomy":"product_tag","embeddable":true,"href":"https:\/\/booksfrommexico.com\/es\/wp-json\/wp\/v2\/product_tag?post=493"}],"curies":[{"name":"wp","href":"https:\/\/api.w.org\/{rel}","templated":true}]}}