{"id":497,"date":"2023-05-08T17:03:10","date_gmt":"2023-05-08T17:03:10","guid":{"rendered":"http:\/\/booksfrommexico.com\/product\/analisis-mitologico-de-los-mayas-lacandones\/"},"modified":"2024-11-14T15:54:57","modified_gmt":"2024-11-14T15:54:57","slug":"analisis-mitologico-de-los-mayas-lacandones","status":"publish","type":"product","link":"https:\/\/booksfrommexico.com\/es\/producto\/analisis-mitologico-de-los-mayas-lacandones\/","title":{"rendered":"An\u00e1lisis mitol\u00f3gico de los mayas-lacandones"},"content":{"rendered":"<p><span style=\"font-weight: 400;\">Esta investigaci\u00f3n fue realizada mediante un estudio psicoanal\u00edtico de los mayas-lacandones, sobre la base de historias relatadas por uno de los principales l\u00edderes morales de estos ind\u00edgenas: Chan K\u2019in Viejo, equiparables a las leyendas de <\/span><i><span style=\"font-weight: 400;\">El Popol Vuh<\/span><\/i><span style=\"font-weight: 400;\">. Adem\u00e1s de la hip\u00f3tesis y metodolog\u00eda que emplea, revisa importantes conceptos de la teor\u00eda psicoanal\u00edtica se\u00f1alados por diversos autores y plantea los propios. Se contemplan tambi\u00e9n las ideas originales de Erich Fromm, acerca de la influencia de los factores sociales, econ\u00f3micos y pol\u00edticos de una sociedad, en la formaci\u00f3n del Car\u00e1cter e Inconsciente Sociales, dentro de la compleja interrelaci\u00f3n del Sujeto con la sociedad en que se desarrolla.<\/span><\/p>\n","protected":false},"excerpt":{"rendered":"<p>AN\u00c1LISIS MITOL\u00d3GICO DE LOS MAYAS-LACANDONES<span style=\"font-weight: 400;\">. \/ Ignacio Hern\u00e1ndez Albertos. M\u00e9rida, Yucat\u00e1n, M\u00e9xico : Universidad Aut\u00f3noma de Yucat\u00e1n, 2005. 151 pages : includes notes, references, color photo, bibliography at the end of each chapter ; 23 cm. (Serie Libros Cient\u00edficos: Tratados). ISBN : 9706980970 (volumen) ; 9686843892 (serie).<\/span><\/p>\n","protected":false},"featured_media":496,"template":"","meta":{"_acf_changed":false,"inline_featured_image":false},"product_brand":[],"product_cat":[182,78],"product_tag":[4341,3781,3663,4333],"class_list":{"0":"post-497","1":"product","2":"type-product","3":"status-publish","4":"has-post-thumbnail","6":"product_cat-estudios-culturales-y-de-identidad-sociologia","7":"product_cat-sociologia","8":"product_tag-cultura","9":"product_tag-cultura-maya","10":"product_tag-estudio-de-casos","11":"product_tag-mayas","13":"first","14":"outofstock","15":"sale","16":"taxable","17":"shipping-taxable","18":"purchasable","19":"product-type-simple"},"acf":[],"yoast_head":"<!-- This site is optimized with the Yoast SEO plugin v27.3 - https:\/\/yoast.com\/product\/yoast-seo-wordpress\/ -->\n<title>An\u00e1lisis mitol\u00f3gico de los mayas-lacandones<\/title>\n<meta name=\"description\" content=\"AN\u00c1LISIS MITOL\u00d3GICO DE LOS MAYAS-LACANDONES. \/ Ignacio Hern\u00e1ndez Albertos. Universidad Aut\u00f3noma de Yucat\u00e1n, 2005. (Serie Libros Cient\u00edficos: Tratados).\" \/>\n<meta name=\"robots\" content=\"index, follow, max-snippet:-1, max-image-preview:large, max-video-preview:-1\" \/>\n<link rel=\"canonical\" href=\"https:\/\/booksfrommexico.com\/es\/producto\/analisis-mitologico-de-los-mayas-lacandones\/\" \/>\n<meta property=\"og:locale\" content=\"es_ES\" \/>\n<meta property=\"og:type\" content=\"article\" \/>\n<meta property=\"og:title\" content=\"An\u00e1lisis mitol\u00f3gico de los mayas-lacandones\" \/>\n<meta property=\"og:description\" content=\"AN\u00c1LISIS MITOL\u00d3GICO DE LOS MAYAS-LACANDONES. \/ Ignacio Hern\u00e1ndez Albertos. Universidad Aut\u00f3noma de Yucat\u00e1n, 2005. (Serie Libros Cient\u00edficos: Tratados).\" \/>\n<meta property=\"og:url\" content=\"https:\/\/booksfrommexico.com\/es\/producto\/analisis-mitologico-de-los-mayas-lacandones\/\" \/>\n<meta property=\"og:site_name\" content=\"Books From Mexico\" \/>\n<meta property=\"article:modified_time\" content=\"2024-11-14T15:54:57+00:00\" \/>\n<meta property=\"og:image\" content=\"http:\/\/booksfrommexico.com\/app\/uploads\/2023\/05\/128496.jpeg\" \/>\n\t<meta property=\"og:image:width\" content=\"486\" \/>\n\t<meta property=\"og:image:height\" content=\"647\" \/>\n\t<meta property=\"og:image:type\" content=\"image\/jpeg\" \/>\n<meta name=\"twitter:card\" content=\"summary_large_image\" \/>\n<meta name=\"twitter:label1\" content=\"Tiempo de lectura\" \/>\n\t<meta name=\"twitter:data1\" content=\"1 minuto\" \/>\n<script type=\"application\/ld+json\" class=\"yoast-schema-graph\">{\"@context\":\"https:\\\/\\\/schema.org\",\"@graph\":[{\"@type\":\"WebPage\",\"@id\":\"https:\\\/\\\/booksfrommexico.com\\\/es\\\/producto\\\/analisis-mitologico-de-los-mayas-lacandones\\\/\",\"url\":\"https:\\\/\\\/booksfrommexico.com\\\/es\\\/producto\\\/analisis-mitologico-de-los-mayas-lacandones\\\/\",\"name\":\"An\u00e1lisis mitol\u00f3gico de los mayas-lacandones\",\"isPartOf\":{\"@id\":\"https:\\\/\\\/booksfrommexico.com\\\/#website\"},\"primaryImageOfPage\":{\"@id\":\"https:\\\/\\\/booksfrommexico.com\\\/es\\\/producto\\\/analisis-mitologico-de-los-mayas-lacandones\\\/#primaryimage\"},\"image\":{\"@id\":\"https:\\\/\\\/booksfrommexico.com\\\/es\\\/producto\\\/analisis-mitologico-de-los-mayas-lacandones\\\/#primaryimage\"},\"thumbnailUrl\":\"https:\\\/\\\/booksfrommexico.com\\\/app\\\/uploads\\\/2023\\\/05\\\/128496.jpeg\",\"datePublished\":\"2023-05-08T17:03:10+00:00\",\"dateModified\":\"2024-11-14T15:54:57+00:00\",\"description\":\"AN\u00c1LISIS MITOL\u00d3GICO DE LOS MAYAS-LACANDONES. \\\/ Ignacio Hern\u00e1ndez Albertos. Universidad Aut\u00f3noma de Yucat\u00e1n, 2005. (Serie Libros Cient\u00edficos: Tratados).\",\"breadcrumb\":{\"@id\":\"https:\\\/\\\/booksfrommexico.com\\\/es\\\/producto\\\/analisis-mitologico-de-los-mayas-lacandones\\\/#breadcrumb\"},\"inLanguage\":\"es\",\"potentialAction\":[{\"@type\":\"ReadAction\",\"target\":[\"https:\\\/\\\/booksfrommexico.com\\\/es\\\/producto\\\/analisis-mitologico-de-los-mayas-lacandones\\\/\"]}]},{\"@type\":\"ImageObject\",\"inLanguage\":\"es\",\"@id\":\"https:\\\/\\\/booksfrommexico.com\\\/es\\\/producto\\\/analisis-mitologico-de-los-mayas-lacandones\\\/#primaryimage\",\"url\":\"https:\\\/\\\/booksfrommexico.com\\\/app\\\/uploads\\\/2023\\\/05\\\/128496.jpeg\",\"contentUrl\":\"https:\\\/\\\/booksfrommexico.com\\\/app\\\/uploads\\\/2023\\\/05\\\/128496.jpeg\",\"width\":486,\"height\":647},{\"@type\":\"BreadcrumbList\",\"@id\":\"https:\\\/\\\/booksfrommexico.com\\\/es\\\/producto\\\/analisis-mitologico-de-los-mayas-lacandones\\\/#breadcrumb\",\"itemListElement\":[{\"@type\":\"ListItem\",\"position\":1,\"name\":\"Home\",\"item\":\"https:\\\/\\\/booksfrommexico.com\\\/es\\\/\"},{\"@type\":\"ListItem\",\"position\":2,\"name\":\"Libros\",\"item\":\"https:\\\/\\\/booksfrommexico.com\\\/es\\\/libros\\\/\"},{\"@type\":\"ListItem\",\"position\":3,\"name\":\"An\u00e1lisis mitol\u00f3gico de los mayas-lacandones\"}]},{\"@type\":\"WebSite\",\"@id\":\"https:\\\/\\\/booksfrommexico.com\\\/#website\",\"url\":\"https:\\\/\\\/booksfrommexico.com\\\/\",\"name\":\"Books From Mexico\",\"description\":\"\",\"publisher\":{\"@id\":\"https:\\\/\\\/booksfrommexico.com\\\/#organization\"},\"potentialAction\":[{\"@type\":\"SearchAction\",\"target\":{\"@type\":\"EntryPoint\",\"urlTemplate\":\"https:\\\/\\\/booksfrommexico.com\\\/?s={search_term_string}\"},\"query-input\":{\"@type\":\"PropertyValueSpecification\",\"valueRequired\":true,\"valueName\":\"search_term_string\"}}],\"inLanguage\":\"es\"},{\"@type\":\"Organization\",\"@id\":\"https:\\\/\\\/booksfrommexico.com\\\/#organization\",\"name\":\"Books From Mexico\",\"url\":\"https:\\\/\\\/booksfrommexico.com\\\/\",\"logo\":{\"@type\":\"ImageObject\",\"inLanguage\":\"es\",\"@id\":\"https:\\\/\\\/booksfrommexico.com\\\/#\\\/schema\\\/logo\\\/image\\\/\",\"url\":\"https:\\\/\\\/booksfrommexico.com\\\/app\\\/uploads\\\/2023\\\/05\\\/logo-booksfrommexico.svg\",\"contentUrl\":\"https:\\\/\\\/booksfrommexico.com\\\/app\\\/uploads\\\/2023\\\/05\\\/logo-booksfrommexico.svg\",\"width\":86,\"height\":56,\"caption\":\"Books From Mexico\"},\"image\":{\"@id\":\"https:\\\/\\\/booksfrommexico.com\\\/#\\\/schema\\\/logo\\\/image\\\/\"}}]}<\/script>\n<!-- \/ Yoast SEO plugin. -->","yoast_head_json":{"title":"An\u00e1lisis mitol\u00f3gico de los mayas-lacandones","description":"AN\u00c1LISIS MITOL\u00d3GICO DE LOS MAYAS-LACANDONES. \/ Ignacio Hern\u00e1ndez Albertos. Universidad Aut\u00f3noma de Yucat\u00e1n, 2005. (Serie Libros Cient\u00edficos: Tratados).","robots":{"index":"index","follow":"follow","max-snippet":"max-snippet:-1","max-image-preview":"max-image-preview:large","max-video-preview":"max-video-preview:-1"},"canonical":"https:\/\/booksfrommexico.com\/es\/producto\/analisis-mitologico-de-los-mayas-lacandones\/","og_locale":"es_ES","og_type":"article","og_title":"An\u00e1lisis mitol\u00f3gico de los mayas-lacandones","og_description":"AN\u00c1LISIS MITOL\u00d3GICO DE LOS MAYAS-LACANDONES. \/ Ignacio Hern\u00e1ndez Albertos. Universidad Aut\u00f3noma de Yucat\u00e1n, 2005. (Serie Libros Cient\u00edficos: Tratados).","og_url":"https:\/\/booksfrommexico.com\/es\/producto\/analisis-mitologico-de-los-mayas-lacandones\/","og_site_name":"Books From Mexico","article_modified_time":"2024-11-14T15:54:57+00:00","og_image":[{"width":486,"height":647,"url":"http:\/\/booksfrommexico.com\/app\/uploads\/2023\/05\/128496.jpeg","type":"image\/jpeg"}],"twitter_card":"summary_large_image","twitter_misc":{"Tiempo de lectura":"1 minuto"},"schema":{"@context":"https:\/\/schema.org","@graph":[{"@type":"WebPage","@id":"https:\/\/booksfrommexico.com\/es\/producto\/analisis-mitologico-de-los-mayas-lacandones\/","url":"https:\/\/booksfrommexico.com\/es\/producto\/analisis-mitologico-de-los-mayas-lacandones\/","name":"An\u00e1lisis mitol\u00f3gico de los mayas-lacandones","isPartOf":{"@id":"https:\/\/booksfrommexico.com\/#website"},"primaryImageOfPage":{"@id":"https:\/\/booksfrommexico.com\/es\/producto\/analisis-mitologico-de-los-mayas-lacandones\/#primaryimage"},"image":{"@id":"https:\/\/booksfrommexico.com\/es\/producto\/analisis-mitologico-de-los-mayas-lacandones\/#primaryimage"},"thumbnailUrl":"https:\/\/booksfrommexico.com\/app\/uploads\/2023\/05\/128496.jpeg","datePublished":"2023-05-08T17:03:10+00:00","dateModified":"2024-11-14T15:54:57+00:00","description":"AN\u00c1LISIS MITOL\u00d3GICO DE LOS MAYAS-LACANDONES. \/ Ignacio Hern\u00e1ndez Albertos. Universidad Aut\u00f3noma de Yucat\u00e1n, 2005. (Serie Libros Cient\u00edficos: Tratados).","breadcrumb":{"@id":"https:\/\/booksfrommexico.com\/es\/producto\/analisis-mitologico-de-los-mayas-lacandones\/#breadcrumb"},"inLanguage":"es","potentialAction":[{"@type":"ReadAction","target":["https:\/\/booksfrommexico.com\/es\/producto\/analisis-mitologico-de-los-mayas-lacandones\/"]}]},{"@type":"ImageObject","inLanguage":"es","@id":"https:\/\/booksfrommexico.com\/es\/producto\/analisis-mitologico-de-los-mayas-lacandones\/#primaryimage","url":"https:\/\/booksfrommexico.com\/app\/uploads\/2023\/05\/128496.jpeg","contentUrl":"https:\/\/booksfrommexico.com\/app\/uploads\/2023\/05\/128496.jpeg","width":486,"height":647},{"@type":"BreadcrumbList","@id":"https:\/\/booksfrommexico.com\/es\/producto\/analisis-mitologico-de-los-mayas-lacandones\/#breadcrumb","itemListElement":[{"@type":"ListItem","position":1,"name":"Home","item":"https:\/\/booksfrommexico.com\/es\/"},{"@type":"ListItem","position":2,"name":"Libros","item":"https:\/\/booksfrommexico.com\/es\/libros\/"},{"@type":"ListItem","position":3,"name":"An\u00e1lisis mitol\u00f3gico de los mayas-lacandones"}]},{"@type":"WebSite","@id":"https:\/\/booksfrommexico.com\/#website","url":"https:\/\/booksfrommexico.com\/","name":"Books From Mexico","description":"","publisher":{"@id":"https:\/\/booksfrommexico.com\/#organization"},"potentialAction":[{"@type":"SearchAction","target":{"@type":"EntryPoint","urlTemplate":"https:\/\/booksfrommexico.com\/?s={search_term_string}"},"query-input":{"@type":"PropertyValueSpecification","valueRequired":true,"valueName":"search_term_string"}}],"inLanguage":"es"},{"@type":"Organization","@id":"https:\/\/booksfrommexico.com\/#organization","name":"Books From Mexico","url":"https:\/\/booksfrommexico.com\/","logo":{"@type":"ImageObject","inLanguage":"es","@id":"https:\/\/booksfrommexico.com\/#\/schema\/logo\/image\/","url":"https:\/\/booksfrommexico.com\/app\/uploads\/2023\/05\/logo-booksfrommexico.svg","contentUrl":"https:\/\/booksfrommexico.com\/app\/uploads\/2023\/05\/logo-booksfrommexico.svg","width":86,"height":56,"caption":"Books From Mexico"},"image":{"@id":"https:\/\/booksfrommexico.com\/#\/schema\/logo\/image\/"}}]}},"_links":{"self":[{"href":"https:\/\/booksfrommexico.com\/es\/wp-json\/wp\/v2\/product\/497","targetHints":{"allow":["GET"]}}],"collection":[{"href":"https:\/\/booksfrommexico.com\/es\/wp-json\/wp\/v2\/product"}],"about":[{"href":"https:\/\/booksfrommexico.com\/es\/wp-json\/wp\/v2\/types\/product"}],"wp:featuredmedia":[{"embeddable":true,"href":"https:\/\/booksfrommexico.com\/es\/wp-json\/wp\/v2\/media\/496"}],"wp:attachment":[{"href":"https:\/\/booksfrommexico.com\/es\/wp-json\/wp\/v2\/media?parent=497"}],"wp:term":[{"taxonomy":"product_brand","embeddable":true,"href":"https:\/\/booksfrommexico.com\/es\/wp-json\/wp\/v2\/product_brand?post=497"},{"taxonomy":"product_cat","embeddable":true,"href":"https:\/\/booksfrommexico.com\/es\/wp-json\/wp\/v2\/product_cat?post=497"},{"taxonomy":"product_tag","embeddable":true,"href":"https:\/\/booksfrommexico.com\/es\/wp-json\/wp\/v2\/product_tag?post=497"}],"curies":[{"name":"wp","href":"https:\/\/api.w.org\/{rel}","templated":true}]}}