{"id":499,"date":"2023-05-08T17:03:11","date_gmt":"2023-05-08T17:03:11","guid":{"rendered":"http:\/\/booksfrommexico.com\/product\/tabasco-y-desarrollo-en-el-siglo-xx-enfoque-de-genero\/"},"modified":"2024-10-02T23:38:50","modified_gmt":"2024-10-02T23:38:50","slug":"tabasco-y-desarrollo-en-el-siglo-xx-enfoque-de-genero","status":"publish","type":"product","link":"https:\/\/booksfrommexico.com\/es\/producto\/tabasco-y-desarrollo-en-el-siglo-xx-enfoque-de-genero\/","title":{"rendered":"Tabasco y desarrollo en el siglo XX: Enfoque de g\u00e9nero"},"content":{"rendered":"<p><span style=\"font-weight: 400;\">El objetivo de esta investigaci\u00f3n es poner de manifiesto el destacado papel e importancia del trabajo femenino en el desarrollo de Tabasco, sin compartir el mito de que las labores realizadas por las mujeres dentro del hogar no tienen valor econ\u00f3mico cuando en realidad es en \u00e9l donde se cimenta el trabajo masculino. Mediante la investigaci\u00f3n y los datos biogr\u00e1ficos de muchas mujeres significativas en el Estado de Tabasco, el autor busca documentar datos de la lucha por el cual las mujeres lograron acceder a la educaci\u00f3n universitaria, de su b\u00fasqueda por validar sus derechos, as\u00ed como de conseguir visibilizaci\u00f3n y revaloraci\u00f3n de su trabajo y existencia.<\/span><\/p>\n","protected":false},"excerpt":{"rendered":"<p>TABASCO Y DESARROLLO EN EL SIGLO XX : ENFOQUE DE G\u00c9NERO<span style=\"font-weight: 400;\">. \/ Guadalupe Cano de Ocampo. Villahermosa, Tabasco, M\u00e9xico : Poder Judicial del Estado de Tabasco , Tribunal Superior de Justicia , Consejo de la Judicatura del Estado de Tabasco, 2005. 367 pages : includes references, bibliography ; 21 cm. (Serie de Investigaci\u00f3n). ISBN : 14054523.\u00a0<\/span><\/p>\n","protected":false},"featured_media":498,"template":"","meta":{"_acf_changed":false,"inline_featured_image":false},"product_brand":[],"product_cat":[147,148],"product_tag":[3752,4101,3978,4507],"class_list":{"0":"post-499","1":"product","2":"type-product","3":"status-publish","4":"has-post-thumbnail","6":"product_cat-estudios-de-genero","7":"product_cat-estudios-sobre-las-mujeres-estudios-de-genero","8":"product_tag-derechos-mujeres","9":"product_tag-mujeres-es","10":"product_tag-mujeres-trabajadoras","11":"product_tag-tabasco-mexico","13":"first","14":"instock","15":"sale","16":"taxable","17":"shipping-taxable","18":"purchasable","19":"product-type-simple"},"acf":[],"yoast_head":"<!-- This site is optimized with the Yoast SEO plugin v27.3 - https:\/\/yoast.com\/product\/yoast-seo-wordpress\/ -->\n<title>Tabasco y desarrollo en el siglo XX: Enfoque de g\u00e9nero<\/title>\n<meta name=\"description\" content=\"TABASCO Y DESARROLLO EN EL SIGLO XX : ENFOQUE DE G\u00c9NERO. \/ Cano de Ocampo. Consejo de la Judicatura del Estado de Tabasco, 2005. (Serie de Investigaci\u00f3n).\" \/>\n<meta name=\"robots\" content=\"index, follow, max-snippet:-1, max-image-preview:large, max-video-preview:-1\" \/>\n<link rel=\"canonical\" href=\"https:\/\/booksfrommexico.com\/es\/producto\/tabasco-y-desarrollo-en-el-siglo-xx-enfoque-de-genero\/\" \/>\n<meta property=\"og:locale\" content=\"es_ES\" \/>\n<meta property=\"og:type\" content=\"article\" \/>\n<meta property=\"og:title\" content=\"Tabasco y desarrollo en el siglo XX: Enfoque de g\u00e9nero\" \/>\n<meta property=\"og:description\" content=\"TABASCO Y DESARROLLO EN EL SIGLO XX : ENFOQUE DE G\u00c9NERO. \/ Cano de Ocampo. Consejo de la Judicatura del Estado de Tabasco, 2005. (Serie de Investigaci\u00f3n).\" \/>\n<meta property=\"og:url\" content=\"https:\/\/booksfrommexico.com\/es\/producto\/tabasco-y-desarrollo-en-el-siglo-xx-enfoque-de-genero\/\" \/>\n<meta property=\"og:site_name\" content=\"Books From Mexico\" \/>\n<meta property=\"article:modified_time\" content=\"2024-10-02T23:38:50+00:00\" \/>\n<meta property=\"og:image\" content=\"http:\/\/booksfrommexico.com\/app\/uploads\/2023\/05\/128451.jpeg\" \/>\n\t<meta property=\"og:image:width\" content=\"392\" \/>\n\t<meta property=\"og:image:height\" content=\"608\" \/>\n\t<meta property=\"og:image:type\" content=\"image\/jpeg\" \/>\n<meta name=\"twitter:card\" content=\"summary_large_image\" \/>\n<meta name=\"twitter:label1\" content=\"Tiempo de lectura\" \/>\n\t<meta name=\"twitter:data1\" content=\"1 minuto\" \/>\n<script type=\"application\/ld+json\" class=\"yoast-schema-graph\">{\"@context\":\"https:\\\/\\\/schema.org\",\"@graph\":[{\"@type\":\"WebPage\",\"@id\":\"https:\\\/\\\/booksfrommexico.com\\\/es\\\/producto\\\/tabasco-y-desarrollo-en-el-siglo-xx-enfoque-de-genero\\\/\",\"url\":\"https:\\\/\\\/booksfrommexico.com\\\/es\\\/producto\\\/tabasco-y-desarrollo-en-el-siglo-xx-enfoque-de-genero\\\/\",\"name\":\"Tabasco y desarrollo en el siglo XX: Enfoque de g\u00e9nero\",\"isPartOf\":{\"@id\":\"https:\\\/\\\/booksfrommexico.com\\\/#website\"},\"primaryImageOfPage\":{\"@id\":\"https:\\\/\\\/booksfrommexico.com\\\/es\\\/producto\\\/tabasco-y-desarrollo-en-el-siglo-xx-enfoque-de-genero\\\/#primaryimage\"},\"image\":{\"@id\":\"https:\\\/\\\/booksfrommexico.com\\\/es\\\/producto\\\/tabasco-y-desarrollo-en-el-siglo-xx-enfoque-de-genero\\\/#primaryimage\"},\"thumbnailUrl\":\"https:\\\/\\\/booksfrommexico.com\\\/app\\\/uploads\\\/2023\\\/05\\\/128451.jpeg\",\"datePublished\":\"2023-05-08T17:03:11+00:00\",\"dateModified\":\"2024-10-02T23:38:50+00:00\",\"description\":\"TABASCO Y DESARROLLO EN EL SIGLO XX : ENFOQUE DE G\u00c9NERO. \\\/ Cano de Ocampo. Consejo de la Judicatura del Estado de Tabasco, 2005. (Serie de Investigaci\u00f3n).\",\"breadcrumb\":{\"@id\":\"https:\\\/\\\/booksfrommexico.com\\\/es\\\/producto\\\/tabasco-y-desarrollo-en-el-siglo-xx-enfoque-de-genero\\\/#breadcrumb\"},\"inLanguage\":\"es\",\"potentialAction\":[{\"@type\":\"ReadAction\",\"target\":[\"https:\\\/\\\/booksfrommexico.com\\\/es\\\/producto\\\/tabasco-y-desarrollo-en-el-siglo-xx-enfoque-de-genero\\\/\"]}]},{\"@type\":\"ImageObject\",\"inLanguage\":\"es\",\"@id\":\"https:\\\/\\\/booksfrommexico.com\\\/es\\\/producto\\\/tabasco-y-desarrollo-en-el-siglo-xx-enfoque-de-genero\\\/#primaryimage\",\"url\":\"https:\\\/\\\/booksfrommexico.com\\\/app\\\/uploads\\\/2023\\\/05\\\/128451.jpeg\",\"contentUrl\":\"https:\\\/\\\/booksfrommexico.com\\\/app\\\/uploads\\\/2023\\\/05\\\/128451.jpeg\",\"width\":392,\"height\":608},{\"@type\":\"BreadcrumbList\",\"@id\":\"https:\\\/\\\/booksfrommexico.com\\\/es\\\/producto\\\/tabasco-y-desarrollo-en-el-siglo-xx-enfoque-de-genero\\\/#breadcrumb\",\"itemListElement\":[{\"@type\":\"ListItem\",\"position\":1,\"name\":\"Home\",\"item\":\"https:\\\/\\\/booksfrommexico.com\\\/es\\\/\"},{\"@type\":\"ListItem\",\"position\":2,\"name\":\"Libros\",\"item\":\"https:\\\/\\\/booksfrommexico.com\\\/es\\\/libros\\\/\"},{\"@type\":\"ListItem\",\"position\":3,\"name\":\"Tabasco y desarrollo en el siglo XX: Enfoque de g\u00e9nero\"}]},{\"@type\":\"WebSite\",\"@id\":\"https:\\\/\\\/booksfrommexico.com\\\/#website\",\"url\":\"https:\\\/\\\/booksfrommexico.com\\\/\",\"name\":\"Books From Mexico\",\"description\":\"\",\"publisher\":{\"@id\":\"https:\\\/\\\/booksfrommexico.com\\\/#organization\"},\"potentialAction\":[{\"@type\":\"SearchAction\",\"target\":{\"@type\":\"EntryPoint\",\"urlTemplate\":\"https:\\\/\\\/booksfrommexico.com\\\/?s={search_term_string}\"},\"query-input\":{\"@type\":\"PropertyValueSpecification\",\"valueRequired\":true,\"valueName\":\"search_term_string\"}}],\"inLanguage\":\"es\"},{\"@type\":\"Organization\",\"@id\":\"https:\\\/\\\/booksfrommexico.com\\\/#organization\",\"name\":\"Books From Mexico\",\"url\":\"https:\\\/\\\/booksfrommexico.com\\\/\",\"logo\":{\"@type\":\"ImageObject\",\"inLanguage\":\"es\",\"@id\":\"https:\\\/\\\/booksfrommexico.com\\\/#\\\/schema\\\/logo\\\/image\\\/\",\"url\":\"https:\\\/\\\/booksfrommexico.com\\\/app\\\/uploads\\\/2023\\\/05\\\/logo-booksfrommexico.svg\",\"contentUrl\":\"https:\\\/\\\/booksfrommexico.com\\\/app\\\/uploads\\\/2023\\\/05\\\/logo-booksfrommexico.svg\",\"width\":86,\"height\":56,\"caption\":\"Books From Mexico\"},\"image\":{\"@id\":\"https:\\\/\\\/booksfrommexico.com\\\/#\\\/schema\\\/logo\\\/image\\\/\"}}]}<\/script>\n<!-- \/ Yoast SEO plugin. -->","yoast_head_json":{"title":"Tabasco y desarrollo en el siglo XX: Enfoque de g\u00e9nero","description":"TABASCO Y DESARROLLO EN EL SIGLO XX : ENFOQUE DE G\u00c9NERO. \/ Cano de Ocampo. Consejo de la Judicatura del Estado de Tabasco, 2005. (Serie de Investigaci\u00f3n).","robots":{"index":"index","follow":"follow","max-snippet":"max-snippet:-1","max-image-preview":"max-image-preview:large","max-video-preview":"max-video-preview:-1"},"canonical":"https:\/\/booksfrommexico.com\/es\/producto\/tabasco-y-desarrollo-en-el-siglo-xx-enfoque-de-genero\/","og_locale":"es_ES","og_type":"article","og_title":"Tabasco y desarrollo en el siglo XX: Enfoque de g\u00e9nero","og_description":"TABASCO Y DESARROLLO EN EL SIGLO XX : ENFOQUE DE G\u00c9NERO. \/ Cano de Ocampo. Consejo de la Judicatura del Estado de Tabasco, 2005. (Serie de Investigaci\u00f3n).","og_url":"https:\/\/booksfrommexico.com\/es\/producto\/tabasco-y-desarrollo-en-el-siglo-xx-enfoque-de-genero\/","og_site_name":"Books From Mexico","article_modified_time":"2024-10-02T23:38:50+00:00","og_image":[{"width":392,"height":608,"url":"http:\/\/booksfrommexico.com\/app\/uploads\/2023\/05\/128451.jpeg","type":"image\/jpeg"}],"twitter_card":"summary_large_image","twitter_misc":{"Tiempo de lectura":"1 minuto"},"schema":{"@context":"https:\/\/schema.org","@graph":[{"@type":"WebPage","@id":"https:\/\/booksfrommexico.com\/es\/producto\/tabasco-y-desarrollo-en-el-siglo-xx-enfoque-de-genero\/","url":"https:\/\/booksfrommexico.com\/es\/producto\/tabasco-y-desarrollo-en-el-siglo-xx-enfoque-de-genero\/","name":"Tabasco y desarrollo en el siglo XX: Enfoque de g\u00e9nero","isPartOf":{"@id":"https:\/\/booksfrommexico.com\/#website"},"primaryImageOfPage":{"@id":"https:\/\/booksfrommexico.com\/es\/producto\/tabasco-y-desarrollo-en-el-siglo-xx-enfoque-de-genero\/#primaryimage"},"image":{"@id":"https:\/\/booksfrommexico.com\/es\/producto\/tabasco-y-desarrollo-en-el-siglo-xx-enfoque-de-genero\/#primaryimage"},"thumbnailUrl":"https:\/\/booksfrommexico.com\/app\/uploads\/2023\/05\/128451.jpeg","datePublished":"2023-05-08T17:03:11+00:00","dateModified":"2024-10-02T23:38:50+00:00","description":"TABASCO Y DESARROLLO EN EL SIGLO XX : ENFOQUE DE G\u00c9NERO. \/ Cano de Ocampo. Consejo de la Judicatura del Estado de Tabasco, 2005. (Serie de Investigaci\u00f3n).","breadcrumb":{"@id":"https:\/\/booksfrommexico.com\/es\/producto\/tabasco-y-desarrollo-en-el-siglo-xx-enfoque-de-genero\/#breadcrumb"},"inLanguage":"es","potentialAction":[{"@type":"ReadAction","target":["https:\/\/booksfrommexico.com\/es\/producto\/tabasco-y-desarrollo-en-el-siglo-xx-enfoque-de-genero\/"]}]},{"@type":"ImageObject","inLanguage":"es","@id":"https:\/\/booksfrommexico.com\/es\/producto\/tabasco-y-desarrollo-en-el-siglo-xx-enfoque-de-genero\/#primaryimage","url":"https:\/\/booksfrommexico.com\/app\/uploads\/2023\/05\/128451.jpeg","contentUrl":"https:\/\/booksfrommexico.com\/app\/uploads\/2023\/05\/128451.jpeg","width":392,"height":608},{"@type":"BreadcrumbList","@id":"https:\/\/booksfrommexico.com\/es\/producto\/tabasco-y-desarrollo-en-el-siglo-xx-enfoque-de-genero\/#breadcrumb","itemListElement":[{"@type":"ListItem","position":1,"name":"Home","item":"https:\/\/booksfrommexico.com\/es\/"},{"@type":"ListItem","position":2,"name":"Libros","item":"https:\/\/booksfrommexico.com\/es\/libros\/"},{"@type":"ListItem","position":3,"name":"Tabasco y desarrollo en el siglo XX: Enfoque de g\u00e9nero"}]},{"@type":"WebSite","@id":"https:\/\/booksfrommexico.com\/#website","url":"https:\/\/booksfrommexico.com\/","name":"Books From Mexico","description":"","publisher":{"@id":"https:\/\/booksfrommexico.com\/#organization"},"potentialAction":[{"@type":"SearchAction","target":{"@type":"EntryPoint","urlTemplate":"https:\/\/booksfrommexico.com\/?s={search_term_string}"},"query-input":{"@type":"PropertyValueSpecification","valueRequired":true,"valueName":"search_term_string"}}],"inLanguage":"es"},{"@type":"Organization","@id":"https:\/\/booksfrommexico.com\/#organization","name":"Books From Mexico","url":"https:\/\/booksfrommexico.com\/","logo":{"@type":"ImageObject","inLanguage":"es","@id":"https:\/\/booksfrommexico.com\/#\/schema\/logo\/image\/","url":"https:\/\/booksfrommexico.com\/app\/uploads\/2023\/05\/logo-booksfrommexico.svg","contentUrl":"https:\/\/booksfrommexico.com\/app\/uploads\/2023\/05\/logo-booksfrommexico.svg","width":86,"height":56,"caption":"Books From Mexico"},"image":{"@id":"https:\/\/booksfrommexico.com\/#\/schema\/logo\/image\/"}}]}},"_links":{"self":[{"href":"https:\/\/booksfrommexico.com\/es\/wp-json\/wp\/v2\/product\/499","targetHints":{"allow":["GET"]}}],"collection":[{"href":"https:\/\/booksfrommexico.com\/es\/wp-json\/wp\/v2\/product"}],"about":[{"href":"https:\/\/booksfrommexico.com\/es\/wp-json\/wp\/v2\/types\/product"}],"wp:featuredmedia":[{"embeddable":true,"href":"https:\/\/booksfrommexico.com\/es\/wp-json\/wp\/v2\/media\/498"}],"wp:attachment":[{"href":"https:\/\/booksfrommexico.com\/es\/wp-json\/wp\/v2\/media?parent=499"}],"wp:term":[{"taxonomy":"product_brand","embeddable":true,"href":"https:\/\/booksfrommexico.com\/es\/wp-json\/wp\/v2\/product_brand?post=499"},{"taxonomy":"product_cat","embeddable":true,"href":"https:\/\/booksfrommexico.com\/es\/wp-json\/wp\/v2\/product_cat?post=499"},{"taxonomy":"product_tag","embeddable":true,"href":"https:\/\/booksfrommexico.com\/es\/wp-json\/wp\/v2\/product_tag?post=499"}],"curies":[{"name":"wp","href":"https:\/\/api.w.org\/{rel}","templated":true}]}}