{"id":501,"date":"2023-05-08T17:03:12","date_gmt":"2023-05-08T17:03:12","guid":{"rendered":"http:\/\/booksfrommexico.com\/product\/explotacion-sexual-comercial-infantil-en-ciudad-juarez\/"},"modified":"2024-10-02T23:38:30","modified_gmt":"2024-10-02T23:38:30","slug":"explotacion-sexual-comercial-infantil-en-ciudad-juarez","status":"publish","type":"product","link":"https:\/\/booksfrommexico.com\/es\/producto\/explotacion-sexual-comercial-infantil-en-ciudad-juarez\/","title":{"rendered":"An\u00e1lisis de las intervenciones para la atenci\u00f3n de la Explotaci\u00f3n sexual comercial infantil en Ciudad Ju\u00e1rez"},"content":{"rendered":"<p><span style=\"font-weight: 400;\">En esta investigaci\u00f3n se plantea un estudio cualitativo realizado con el objetivo de documentar los programas y proyectos vigentes desde los organismo de gobierno y la sociedad civil en Ciudad Ju\u00e1rez, que buscan prevenir, combatir y erradicar la explotaci\u00f3n sexual comercial infantil. Cabe aclarar que la explotaci\u00f3n sexual comercial se puede expresar como prostituci\u00f3n infantil, pornograf\u00eda infantil, turismo sexual y tr\u00e1fico de infantes con fines sexuales. Aqu\u00ed los autores documentan la perspectiva de los directores, administradores y operadores de los programas de intervenci\u00f3n, nacionales e internacionales, as\u00ed como presentan una propuesta integrativa sobre dichos programas.<\/span><\/p>\n","protected":false},"excerpt":{"rendered":"<p>AN\u00c1LISIS DE LAS INTERVENCIONES PARA LA ATENCI\u00d3N EXPLOTACI\u00d3N SEXUAL COMERCIAL INFANTIL EN CIUDAD JU\u00c1REZ<span style=\"font-weight: 400;\">. \/ Jes\u00fas Humberto Burciaga Robles, Mar\u00eda de los \u00c1ngeles L\u00f3pez N\u00f3rez, Olga Rosa Ortiz Guti\u00e9rrez, Leticia Riosvelasco Moreno. Ciudad Ju\u00e1rez, Chihuahua, M\u00e9xico : Universidad Aut\u00f3noma de Ciudad Ju\u00e1rez ; Sistema Municipal de Ciudad Ju\u00e1rez para el Desarrollo Integral de la Familia, 2005. 156 pages : includes references, tables, bibliography ; 21 cm. ISBN : 9687845694.\u00a0<\/span><\/p>\n","protected":false},"featured_media":500,"template":"","meta":{"_acf_changed":false,"inline_featured_image":false},"product_brand":[],"product_cat":[78,699],"product_tag":[4391,4376,3837,4118,4505],"class_list":{"0":"post-501","1":"product","2":"type-product","3":"status-publish","4":"has-post-thumbnail","6":"product_cat-sociologia","7":"product_cat-violencia-en-la-sociedad-sociologia","8":"product_tag-ciudad-juarez-mexico","9":"product_tag-derechos-de-los-ninos","10":"product_tag-derechos-humanos","11":"product_tag-juventud-infancia","12":"product_tag-trafico-de-personas","14":"first","15":"instock","16":"sale","17":"taxable","18":"shipping-taxable","19":"purchasable","20":"product-type-simple"},"acf":[],"yoast_head":"<!-- This site is optimized with the Yoast SEO plugin v27.3 - https:\/\/yoast.com\/product\/yoast-seo-wordpress\/ -->\n<title>Explotaci\u00f3n sexual comercial infantil en Ciudad Ju\u00e1rez<\/title>\n<meta name=\"description\" content=\"AN\u00c1LISIS DE LAS INTERVENCIONES PARA LA ATENCI\u00d3N EXPLOTACI\u00d3N SEXUAL COMERCIAL INFANTIL EN CIUDAD JU\u00c1REZ. \/ Universidad Aut\u00f3noma de Ciudad Ju\u00e1rez ; DIF. 2005.\" \/>\n<meta name=\"robots\" content=\"index, follow, max-snippet:-1, max-image-preview:large, max-video-preview:-1\" \/>\n<link rel=\"canonical\" href=\"https:\/\/booksfrommexico.com\/es\/producto\/explotacion-sexual-comercial-infantil-en-ciudad-juarez\/\" \/>\n<meta property=\"og:locale\" content=\"es_ES\" \/>\n<meta property=\"og:type\" content=\"article\" \/>\n<meta property=\"og:title\" content=\"Explotaci\u00f3n sexual comercial infantil en Ciudad Ju\u00e1rez\" \/>\n<meta property=\"og:description\" content=\"AN\u00c1LISIS DE LAS INTERVENCIONES PARA LA ATENCI\u00d3N EXPLOTACI\u00d3N SEXUAL COMERCIAL INFANTIL EN CIUDAD JU\u00c1REZ. \/ Universidad Aut\u00f3noma de Ciudad Ju\u00e1rez ; DIF. 2005.\" \/>\n<meta property=\"og:url\" content=\"https:\/\/booksfrommexico.com\/es\/producto\/explotacion-sexual-comercial-infantil-en-ciudad-juarez\/\" \/>\n<meta property=\"og:site_name\" content=\"Books From Mexico\" \/>\n<meta property=\"article:modified_time\" content=\"2024-10-02T23:38:30+00:00\" \/>\n<meta property=\"og:image\" content=\"http:\/\/booksfrommexico.com\/app\/uploads\/2023\/05\/127967.jpeg\" \/>\n\t<meta property=\"og:image:width\" content=\"381\" \/>\n\t<meta property=\"og:image:height\" content=\"601\" \/>\n\t<meta property=\"og:image:type\" content=\"image\/jpeg\" \/>\n<meta name=\"twitter:card\" content=\"summary_large_image\" \/>\n<meta name=\"twitter:label1\" content=\"Tiempo de lectura\" \/>\n\t<meta name=\"twitter:data1\" content=\"1 minuto\" \/>\n<script type=\"application\/ld+json\" class=\"yoast-schema-graph\">{\"@context\":\"https:\\\/\\\/schema.org\",\"@graph\":[{\"@type\":\"WebPage\",\"@id\":\"https:\\\/\\\/booksfrommexico.com\\\/es\\\/producto\\\/explotacion-sexual-comercial-infantil-en-ciudad-juarez\\\/\",\"url\":\"https:\\\/\\\/booksfrommexico.com\\\/es\\\/producto\\\/explotacion-sexual-comercial-infantil-en-ciudad-juarez\\\/\",\"name\":\"Explotaci\u00f3n sexual comercial infantil en Ciudad Ju\u00e1rez\",\"isPartOf\":{\"@id\":\"https:\\\/\\\/booksfrommexico.com\\\/#website\"},\"primaryImageOfPage\":{\"@id\":\"https:\\\/\\\/booksfrommexico.com\\\/es\\\/producto\\\/explotacion-sexual-comercial-infantil-en-ciudad-juarez\\\/#primaryimage\"},\"image\":{\"@id\":\"https:\\\/\\\/booksfrommexico.com\\\/es\\\/producto\\\/explotacion-sexual-comercial-infantil-en-ciudad-juarez\\\/#primaryimage\"},\"thumbnailUrl\":\"https:\\\/\\\/booksfrommexico.com\\\/app\\\/uploads\\\/2023\\\/05\\\/127967.jpeg\",\"datePublished\":\"2023-05-08T17:03:12+00:00\",\"dateModified\":\"2024-10-02T23:38:30+00:00\",\"description\":\"AN\u00c1LISIS DE LAS INTERVENCIONES PARA LA ATENCI\u00d3N EXPLOTACI\u00d3N SEXUAL COMERCIAL INFANTIL EN CIUDAD JU\u00c1REZ. \\\/ Universidad Aut\u00f3noma de Ciudad Ju\u00e1rez ; DIF. 2005.\",\"breadcrumb\":{\"@id\":\"https:\\\/\\\/booksfrommexico.com\\\/es\\\/producto\\\/explotacion-sexual-comercial-infantil-en-ciudad-juarez\\\/#breadcrumb\"},\"inLanguage\":\"es\",\"potentialAction\":[{\"@type\":\"ReadAction\",\"target\":[\"https:\\\/\\\/booksfrommexico.com\\\/es\\\/producto\\\/explotacion-sexual-comercial-infantil-en-ciudad-juarez\\\/\"]}]},{\"@type\":\"ImageObject\",\"inLanguage\":\"es\",\"@id\":\"https:\\\/\\\/booksfrommexico.com\\\/es\\\/producto\\\/explotacion-sexual-comercial-infantil-en-ciudad-juarez\\\/#primaryimage\",\"url\":\"https:\\\/\\\/booksfrommexico.com\\\/app\\\/uploads\\\/2023\\\/05\\\/127967.jpeg\",\"contentUrl\":\"https:\\\/\\\/booksfrommexico.com\\\/app\\\/uploads\\\/2023\\\/05\\\/127967.jpeg\",\"width\":381,\"height\":601},{\"@type\":\"BreadcrumbList\",\"@id\":\"https:\\\/\\\/booksfrommexico.com\\\/es\\\/producto\\\/explotacion-sexual-comercial-infantil-en-ciudad-juarez\\\/#breadcrumb\",\"itemListElement\":[{\"@type\":\"ListItem\",\"position\":1,\"name\":\"Home\",\"item\":\"https:\\\/\\\/booksfrommexico.com\\\/es\\\/\"},{\"@type\":\"ListItem\",\"position\":2,\"name\":\"Libros\",\"item\":\"https:\\\/\\\/booksfrommexico.com\\\/es\\\/libros\\\/\"},{\"@type\":\"ListItem\",\"position\":3,\"name\":\"An\u00e1lisis de las intervenciones para la atenci\u00f3n de la Explotaci\u00f3n sexual comercial infantil en Ciudad Ju\u00e1rez\"}]},{\"@type\":\"WebSite\",\"@id\":\"https:\\\/\\\/booksfrommexico.com\\\/#website\",\"url\":\"https:\\\/\\\/booksfrommexico.com\\\/\",\"name\":\"Books From Mexico\",\"description\":\"\",\"publisher\":{\"@id\":\"https:\\\/\\\/booksfrommexico.com\\\/#organization\"},\"potentialAction\":[{\"@type\":\"SearchAction\",\"target\":{\"@type\":\"EntryPoint\",\"urlTemplate\":\"https:\\\/\\\/booksfrommexico.com\\\/?s={search_term_string}\"},\"query-input\":{\"@type\":\"PropertyValueSpecification\",\"valueRequired\":true,\"valueName\":\"search_term_string\"}}],\"inLanguage\":\"es\"},{\"@type\":\"Organization\",\"@id\":\"https:\\\/\\\/booksfrommexico.com\\\/#organization\",\"name\":\"Books From Mexico\",\"url\":\"https:\\\/\\\/booksfrommexico.com\\\/\",\"logo\":{\"@type\":\"ImageObject\",\"inLanguage\":\"es\",\"@id\":\"https:\\\/\\\/booksfrommexico.com\\\/#\\\/schema\\\/logo\\\/image\\\/\",\"url\":\"https:\\\/\\\/booksfrommexico.com\\\/app\\\/uploads\\\/2023\\\/05\\\/logo-booksfrommexico.svg\",\"contentUrl\":\"https:\\\/\\\/booksfrommexico.com\\\/app\\\/uploads\\\/2023\\\/05\\\/logo-booksfrommexico.svg\",\"width\":86,\"height\":56,\"caption\":\"Books From Mexico\"},\"image\":{\"@id\":\"https:\\\/\\\/booksfrommexico.com\\\/#\\\/schema\\\/logo\\\/image\\\/\"}}]}<\/script>\n<!-- \/ Yoast SEO plugin. -->","yoast_head_json":{"title":"Explotaci\u00f3n sexual comercial infantil en Ciudad Ju\u00e1rez","description":"AN\u00c1LISIS DE LAS INTERVENCIONES PARA LA ATENCI\u00d3N EXPLOTACI\u00d3N SEXUAL COMERCIAL INFANTIL EN CIUDAD JU\u00c1REZ. \/ Universidad Aut\u00f3noma de Ciudad Ju\u00e1rez ; DIF. 2005.","robots":{"index":"index","follow":"follow","max-snippet":"max-snippet:-1","max-image-preview":"max-image-preview:large","max-video-preview":"max-video-preview:-1"},"canonical":"https:\/\/booksfrommexico.com\/es\/producto\/explotacion-sexual-comercial-infantil-en-ciudad-juarez\/","og_locale":"es_ES","og_type":"article","og_title":"Explotaci\u00f3n sexual comercial infantil en Ciudad Ju\u00e1rez","og_description":"AN\u00c1LISIS DE LAS INTERVENCIONES PARA LA ATENCI\u00d3N EXPLOTACI\u00d3N SEXUAL COMERCIAL INFANTIL EN CIUDAD JU\u00c1REZ. \/ Universidad Aut\u00f3noma de Ciudad Ju\u00e1rez ; DIF. 2005.","og_url":"https:\/\/booksfrommexico.com\/es\/producto\/explotacion-sexual-comercial-infantil-en-ciudad-juarez\/","og_site_name":"Books From Mexico","article_modified_time":"2024-10-02T23:38:30+00:00","og_image":[{"width":381,"height":601,"url":"http:\/\/booksfrommexico.com\/app\/uploads\/2023\/05\/127967.jpeg","type":"image\/jpeg"}],"twitter_card":"summary_large_image","twitter_misc":{"Tiempo de lectura":"1 minuto"},"schema":{"@context":"https:\/\/schema.org","@graph":[{"@type":"WebPage","@id":"https:\/\/booksfrommexico.com\/es\/producto\/explotacion-sexual-comercial-infantil-en-ciudad-juarez\/","url":"https:\/\/booksfrommexico.com\/es\/producto\/explotacion-sexual-comercial-infantil-en-ciudad-juarez\/","name":"Explotaci\u00f3n sexual comercial infantil en Ciudad Ju\u00e1rez","isPartOf":{"@id":"https:\/\/booksfrommexico.com\/#website"},"primaryImageOfPage":{"@id":"https:\/\/booksfrommexico.com\/es\/producto\/explotacion-sexual-comercial-infantil-en-ciudad-juarez\/#primaryimage"},"image":{"@id":"https:\/\/booksfrommexico.com\/es\/producto\/explotacion-sexual-comercial-infantil-en-ciudad-juarez\/#primaryimage"},"thumbnailUrl":"https:\/\/booksfrommexico.com\/app\/uploads\/2023\/05\/127967.jpeg","datePublished":"2023-05-08T17:03:12+00:00","dateModified":"2024-10-02T23:38:30+00:00","description":"AN\u00c1LISIS DE LAS INTERVENCIONES PARA LA ATENCI\u00d3N EXPLOTACI\u00d3N SEXUAL COMERCIAL INFANTIL EN CIUDAD JU\u00c1REZ. \/ Universidad Aut\u00f3noma de Ciudad Ju\u00e1rez ; DIF. 2005.","breadcrumb":{"@id":"https:\/\/booksfrommexico.com\/es\/producto\/explotacion-sexual-comercial-infantil-en-ciudad-juarez\/#breadcrumb"},"inLanguage":"es","potentialAction":[{"@type":"ReadAction","target":["https:\/\/booksfrommexico.com\/es\/producto\/explotacion-sexual-comercial-infantil-en-ciudad-juarez\/"]}]},{"@type":"ImageObject","inLanguage":"es","@id":"https:\/\/booksfrommexico.com\/es\/producto\/explotacion-sexual-comercial-infantil-en-ciudad-juarez\/#primaryimage","url":"https:\/\/booksfrommexico.com\/app\/uploads\/2023\/05\/127967.jpeg","contentUrl":"https:\/\/booksfrommexico.com\/app\/uploads\/2023\/05\/127967.jpeg","width":381,"height":601},{"@type":"BreadcrumbList","@id":"https:\/\/booksfrommexico.com\/es\/producto\/explotacion-sexual-comercial-infantil-en-ciudad-juarez\/#breadcrumb","itemListElement":[{"@type":"ListItem","position":1,"name":"Home","item":"https:\/\/booksfrommexico.com\/es\/"},{"@type":"ListItem","position":2,"name":"Libros","item":"https:\/\/booksfrommexico.com\/es\/libros\/"},{"@type":"ListItem","position":3,"name":"An\u00e1lisis de las intervenciones para la atenci\u00f3n de la Explotaci\u00f3n sexual comercial infantil en Ciudad Ju\u00e1rez"}]},{"@type":"WebSite","@id":"https:\/\/booksfrommexico.com\/#website","url":"https:\/\/booksfrommexico.com\/","name":"Books From Mexico","description":"","publisher":{"@id":"https:\/\/booksfrommexico.com\/#organization"},"potentialAction":[{"@type":"SearchAction","target":{"@type":"EntryPoint","urlTemplate":"https:\/\/booksfrommexico.com\/?s={search_term_string}"},"query-input":{"@type":"PropertyValueSpecification","valueRequired":true,"valueName":"search_term_string"}}],"inLanguage":"es"},{"@type":"Organization","@id":"https:\/\/booksfrommexico.com\/#organization","name":"Books From Mexico","url":"https:\/\/booksfrommexico.com\/","logo":{"@type":"ImageObject","inLanguage":"es","@id":"https:\/\/booksfrommexico.com\/#\/schema\/logo\/image\/","url":"https:\/\/booksfrommexico.com\/app\/uploads\/2023\/05\/logo-booksfrommexico.svg","contentUrl":"https:\/\/booksfrommexico.com\/app\/uploads\/2023\/05\/logo-booksfrommexico.svg","width":86,"height":56,"caption":"Books From Mexico"},"image":{"@id":"https:\/\/booksfrommexico.com\/#\/schema\/logo\/image\/"}}]}},"_links":{"self":[{"href":"https:\/\/booksfrommexico.com\/es\/wp-json\/wp\/v2\/product\/501","targetHints":{"allow":["GET"]}}],"collection":[{"href":"https:\/\/booksfrommexico.com\/es\/wp-json\/wp\/v2\/product"}],"about":[{"href":"https:\/\/booksfrommexico.com\/es\/wp-json\/wp\/v2\/types\/product"}],"wp:featuredmedia":[{"embeddable":true,"href":"https:\/\/booksfrommexico.com\/es\/wp-json\/wp\/v2\/media\/500"}],"wp:attachment":[{"href":"https:\/\/booksfrommexico.com\/es\/wp-json\/wp\/v2\/media?parent=501"}],"wp:term":[{"taxonomy":"product_brand","embeddable":true,"href":"https:\/\/booksfrommexico.com\/es\/wp-json\/wp\/v2\/product_brand?post=501"},{"taxonomy":"product_cat","embeddable":true,"href":"https:\/\/booksfrommexico.com\/es\/wp-json\/wp\/v2\/product_cat?post=501"},{"taxonomy":"product_tag","embeddable":true,"href":"https:\/\/booksfrommexico.com\/es\/wp-json\/wp\/v2\/product_tag?post=501"}],"curies":[{"name":"wp","href":"https:\/\/api.w.org\/{rel}","templated":true}]}}