{"id":5056,"date":"2024-02-14T23:26:54","date_gmt":"2024-02-14T23:26:54","guid":{"rendered":"https:\/\/booksfrommexico.com\/product\/miradas-retrospectivas-al-mexico-de-porfirio-diaz\/"},"modified":"2024-02-15T16:55:12","modified_gmt":"2024-02-15T16:55:12","slug":"miradas-retrospectivas-al-mexico-de-porfirio-diaz","status":"publish","type":"product","link":"https:\/\/booksfrommexico.com\/es\/producto\/miradas-retrospectivas-al-mexico-de-porfirio-diaz\/","title":{"rendered":"Miradas retrospectivas al M\u00e9xico de Porfirio D\u00edaz"},"content":{"rendered":"<p><span style=\"font-weight: 400;\">En estos trabajos se pueden encontrar diferentes visiones anal\u00edticas y l\u00edneas de investigaci\u00f3n con el hilo conductor de \u201corden y progreso\u201d, lema de un periodo clave en la Historia de M\u00e9xico: el gobierno de Porfirio D\u00edaz. Esta investigaci\u00f3n naci\u00f3 de un coloquio organizado en 2015 por el Colegio de San Luis, el Instituto de Investigaciones Dr. Jos\u00e9 Mar\u00eda Luis Mora, la Universidad Iberoamericana y la Facultad de Econom\u00eda de la UNAM, que ten\u00eda como fin profundizar sobre el r\u00e9gimen de D\u00edaz y la sociedad del porfiriato. Este conjunto de investigaciones aportan nuevos enfoques y contribuyen a la construcci\u00f3n de nuevas perspectivas, gran parte de ellas debidas a la apertura de fuentes antes inaccesibles.<\/span><\/p>\n","protected":false},"excerpt":{"rendered":"<p>MIRADAS RETROSPECTIVAS AL M\u00c9XICO DE PORFIRIO D\u00cdAZ. <span style=\"font-weight: 400;\">\/ Luz Carregha Lamadrid, Mar\u00eda P\u00e9rez Dom\u00ednguez, Mar\u00eda Eugenia Ponce Alcocer (coordinators). San Luis Potos\u00ed, M\u00e9xico : El Colegio de San Luis ; Ciudad de M\u00e9xico, M\u00e9xico : Universidad Nacional Aut\u00f3noma de M\u00e9xico , Facultad de Econom\u00eda ; Instituto de Investigaciones Dr. Jos\u00e9 Mar\u00eda Luis Mora ; Universidad Iberoamericana, A. C. ; Gobierno de M\u00e9xico : Consejo Nacional de Humanidades, Ciencias y Tecnolog\u00edas, 2018. 349 pages : includes maps, tables, photos, bibliography ; 23 cm. ISBN : 9786078500550 (COLSAN) ; 9786079475857 (MORA) ; 9786074175035 (IBERO) ; 9786073002790 (UNAM).<\/span><\/p>\n","protected":false},"featured_media":5101,"template":"","meta":{"_acf_changed":false,"inline_featured_image":false},"product_brand":[],"product_cat":[27,469],"product_tag":[4151,3647],"class_list":{"0":"post-5056","1":"product","2":"type-product","3":"status-publish","4":"has-post-thumbnail","6":"product_cat-historia","7":"product_cat-porfiriato-historia","8":"product_tag-porfiriato","9":"product_tag-posrevolucion","11":"first","12":"instock","13":"taxable","14":"shipping-taxable","15":"purchasable","16":"product-type-simple"},"acf":[],"yoast_head":"<!-- This site is optimized with the Yoast SEO plugin v27.3 - https:\/\/yoast.com\/product\/yoast-seo-wordpress\/ -->\n<title>Miradas retrospectivas al M\u00e9xico de Porfirio D\u00edaz<\/title>\n<meta name=\"description\" content=\"Luz Carregha Lamadrid, Mar\u00eda P\u00e9rez Dom\u00ednguez, Mar\u00eda Eugenia Ponce Alcocer (coordinators). 2018. 349 pages : includes maps, tables, photos, bibliography.\" \/>\n<meta name=\"robots\" content=\"index, follow, max-snippet:-1, max-image-preview:large, max-video-preview:-1\" \/>\n<link rel=\"canonical\" href=\"https:\/\/booksfrommexico.com\/es\/producto\/miradas-retrospectivas-al-mexico-de-porfirio-diaz\/\" \/>\n<meta property=\"og:locale\" content=\"es_ES\" \/>\n<meta property=\"og:type\" content=\"article\" \/>\n<meta property=\"og:title\" content=\"Miradas retrospectivas al M\u00e9xico de Porfirio D\u00edaz\" \/>\n<meta property=\"og:description\" content=\"Luz Carregha Lamadrid, Mar\u00eda P\u00e9rez Dom\u00ednguez, Mar\u00eda Eugenia Ponce Alcocer (coordinators). 2018. 349 pages : includes maps, tables, photos, bibliography.\" \/>\n<meta property=\"og:url\" content=\"https:\/\/booksfrommexico.com\/es\/producto\/miradas-retrospectivas-al-mexico-de-porfirio-diaz\/\" \/>\n<meta property=\"og:site_name\" content=\"Books From Mexico\" \/>\n<meta property=\"article:modified_time\" content=\"2024-02-15T16:55:12+00:00\" \/>\n<meta property=\"og:image\" content=\"http:\/\/booksfrommexico.com\/app\/uploads\/2024\/02\/186334.jpg\" \/>\n\t<meta property=\"og:image:width\" content=\"613\" \/>\n\t<meta property=\"og:image:height\" content=\"895\" \/>\n\t<meta property=\"og:image:type\" content=\"image\/jpeg\" \/>\n<meta name=\"twitter:card\" content=\"summary_large_image\" \/>\n<meta name=\"twitter:label1\" content=\"Tiempo de lectura\" \/>\n\t<meta name=\"twitter:data1\" content=\"1 minuto\" \/>\n<script type=\"application\/ld+json\" class=\"yoast-schema-graph\">{\"@context\":\"https:\\\/\\\/schema.org\",\"@graph\":[{\"@type\":\"WebPage\",\"@id\":\"https:\\\/\\\/booksfrommexico.com\\\/es\\\/producto\\\/miradas-retrospectivas-al-mexico-de-porfirio-diaz\\\/\",\"url\":\"https:\\\/\\\/booksfrommexico.com\\\/es\\\/producto\\\/miradas-retrospectivas-al-mexico-de-porfirio-diaz\\\/\",\"name\":\"Miradas retrospectivas al M\u00e9xico de Porfirio D\u00edaz\",\"isPartOf\":{\"@id\":\"https:\\\/\\\/booksfrommexico.com\\\/#website\"},\"primaryImageOfPage\":{\"@id\":\"https:\\\/\\\/booksfrommexico.com\\\/es\\\/producto\\\/miradas-retrospectivas-al-mexico-de-porfirio-diaz\\\/#primaryimage\"},\"image\":{\"@id\":\"https:\\\/\\\/booksfrommexico.com\\\/es\\\/producto\\\/miradas-retrospectivas-al-mexico-de-porfirio-diaz\\\/#primaryimage\"},\"thumbnailUrl\":\"https:\\\/\\\/booksfrommexico.com\\\/app\\\/uploads\\\/2024\\\/02\\\/186334.jpg\",\"datePublished\":\"2024-02-14T23:26:54+00:00\",\"dateModified\":\"2024-02-15T16:55:12+00:00\",\"description\":\"Luz Carregha Lamadrid, Mar\u00eda P\u00e9rez Dom\u00ednguez, Mar\u00eda Eugenia Ponce Alcocer (coordinators). 2018. 349 pages : includes maps, tables, photos, bibliography.\",\"breadcrumb\":{\"@id\":\"https:\\\/\\\/booksfrommexico.com\\\/es\\\/producto\\\/miradas-retrospectivas-al-mexico-de-porfirio-diaz\\\/#breadcrumb\"},\"inLanguage\":\"es\",\"potentialAction\":[{\"@type\":\"ReadAction\",\"target\":[\"https:\\\/\\\/booksfrommexico.com\\\/es\\\/producto\\\/miradas-retrospectivas-al-mexico-de-porfirio-diaz\\\/\"]}]},{\"@type\":\"ImageObject\",\"inLanguage\":\"es\",\"@id\":\"https:\\\/\\\/booksfrommexico.com\\\/es\\\/producto\\\/miradas-retrospectivas-al-mexico-de-porfirio-diaz\\\/#primaryimage\",\"url\":\"https:\\\/\\\/booksfrommexico.com\\\/app\\\/uploads\\\/2024\\\/02\\\/186334.jpg\",\"contentUrl\":\"https:\\\/\\\/booksfrommexico.com\\\/app\\\/uploads\\\/2024\\\/02\\\/186334.jpg\",\"width\":613,\"height\":895,\"caption\":\"Miradas retrospectivas al M\u00e9xico de Porfirio D\u00edaz\"},{\"@type\":\"BreadcrumbList\",\"@id\":\"https:\\\/\\\/booksfrommexico.com\\\/es\\\/producto\\\/miradas-retrospectivas-al-mexico-de-porfirio-diaz\\\/#breadcrumb\",\"itemListElement\":[{\"@type\":\"ListItem\",\"position\":1,\"name\":\"Home\",\"item\":\"https:\\\/\\\/booksfrommexico.com\\\/es\\\/\"},{\"@type\":\"ListItem\",\"position\":2,\"name\":\"Libros\",\"item\":\"https:\\\/\\\/booksfrommexico.com\\\/es\\\/libros\\\/\"},{\"@type\":\"ListItem\",\"position\":3,\"name\":\"Miradas retrospectivas al M\u00e9xico de Porfirio D\u00edaz\"}]},{\"@type\":\"WebSite\",\"@id\":\"https:\\\/\\\/booksfrommexico.com\\\/#website\",\"url\":\"https:\\\/\\\/booksfrommexico.com\\\/\",\"name\":\"Books From Mexico\",\"description\":\"\",\"publisher\":{\"@id\":\"https:\\\/\\\/booksfrommexico.com\\\/#organization\"},\"potentialAction\":[{\"@type\":\"SearchAction\",\"target\":{\"@type\":\"EntryPoint\",\"urlTemplate\":\"https:\\\/\\\/booksfrommexico.com\\\/?s={search_term_string}\"},\"query-input\":{\"@type\":\"PropertyValueSpecification\",\"valueRequired\":true,\"valueName\":\"search_term_string\"}}],\"inLanguage\":\"es\"},{\"@type\":\"Organization\",\"@id\":\"https:\\\/\\\/booksfrommexico.com\\\/#organization\",\"name\":\"Books From Mexico\",\"url\":\"https:\\\/\\\/booksfrommexico.com\\\/\",\"logo\":{\"@type\":\"ImageObject\",\"inLanguage\":\"es\",\"@id\":\"https:\\\/\\\/booksfrommexico.com\\\/#\\\/schema\\\/logo\\\/image\\\/\",\"url\":\"https:\\\/\\\/booksfrommexico.com\\\/app\\\/uploads\\\/2023\\\/05\\\/logo-booksfrommexico.svg\",\"contentUrl\":\"https:\\\/\\\/booksfrommexico.com\\\/app\\\/uploads\\\/2023\\\/05\\\/logo-booksfrommexico.svg\",\"width\":86,\"height\":56,\"caption\":\"Books From Mexico\"},\"image\":{\"@id\":\"https:\\\/\\\/booksfrommexico.com\\\/#\\\/schema\\\/logo\\\/image\\\/\"}}]}<\/script>\n<!-- \/ Yoast SEO plugin. -->","yoast_head_json":{"title":"Miradas retrospectivas al M\u00e9xico de Porfirio D\u00edaz","description":"Luz Carregha Lamadrid, Mar\u00eda P\u00e9rez Dom\u00ednguez, Mar\u00eda Eugenia Ponce Alcocer (coordinators). 2018. 349 pages : includes maps, tables, photos, bibliography.","robots":{"index":"index","follow":"follow","max-snippet":"max-snippet:-1","max-image-preview":"max-image-preview:large","max-video-preview":"max-video-preview:-1"},"canonical":"https:\/\/booksfrommexico.com\/es\/producto\/miradas-retrospectivas-al-mexico-de-porfirio-diaz\/","og_locale":"es_ES","og_type":"article","og_title":"Miradas retrospectivas al M\u00e9xico de Porfirio D\u00edaz","og_description":"Luz Carregha Lamadrid, Mar\u00eda P\u00e9rez Dom\u00ednguez, Mar\u00eda Eugenia Ponce Alcocer (coordinators). 2018. 349 pages : includes maps, tables, photos, bibliography.","og_url":"https:\/\/booksfrommexico.com\/es\/producto\/miradas-retrospectivas-al-mexico-de-porfirio-diaz\/","og_site_name":"Books From Mexico","article_modified_time":"2024-02-15T16:55:12+00:00","og_image":[{"width":613,"height":895,"url":"http:\/\/booksfrommexico.com\/app\/uploads\/2024\/02\/186334.jpg","type":"image\/jpeg"}],"twitter_card":"summary_large_image","twitter_misc":{"Tiempo de lectura":"1 minuto"},"schema":{"@context":"https:\/\/schema.org","@graph":[{"@type":"WebPage","@id":"https:\/\/booksfrommexico.com\/es\/producto\/miradas-retrospectivas-al-mexico-de-porfirio-diaz\/","url":"https:\/\/booksfrommexico.com\/es\/producto\/miradas-retrospectivas-al-mexico-de-porfirio-diaz\/","name":"Miradas retrospectivas al M\u00e9xico de Porfirio D\u00edaz","isPartOf":{"@id":"https:\/\/booksfrommexico.com\/#website"},"primaryImageOfPage":{"@id":"https:\/\/booksfrommexico.com\/es\/producto\/miradas-retrospectivas-al-mexico-de-porfirio-diaz\/#primaryimage"},"image":{"@id":"https:\/\/booksfrommexico.com\/es\/producto\/miradas-retrospectivas-al-mexico-de-porfirio-diaz\/#primaryimage"},"thumbnailUrl":"https:\/\/booksfrommexico.com\/app\/uploads\/2024\/02\/186334.jpg","datePublished":"2024-02-14T23:26:54+00:00","dateModified":"2024-02-15T16:55:12+00:00","description":"Luz Carregha Lamadrid, Mar\u00eda P\u00e9rez Dom\u00ednguez, Mar\u00eda Eugenia Ponce Alcocer (coordinators). 2018. 349 pages : includes maps, tables, photos, bibliography.","breadcrumb":{"@id":"https:\/\/booksfrommexico.com\/es\/producto\/miradas-retrospectivas-al-mexico-de-porfirio-diaz\/#breadcrumb"},"inLanguage":"es","potentialAction":[{"@type":"ReadAction","target":["https:\/\/booksfrommexico.com\/es\/producto\/miradas-retrospectivas-al-mexico-de-porfirio-diaz\/"]}]},{"@type":"ImageObject","inLanguage":"es","@id":"https:\/\/booksfrommexico.com\/es\/producto\/miradas-retrospectivas-al-mexico-de-porfirio-diaz\/#primaryimage","url":"https:\/\/booksfrommexico.com\/app\/uploads\/2024\/02\/186334.jpg","contentUrl":"https:\/\/booksfrommexico.com\/app\/uploads\/2024\/02\/186334.jpg","width":613,"height":895,"caption":"Miradas retrospectivas al M\u00e9xico de Porfirio D\u00edaz"},{"@type":"BreadcrumbList","@id":"https:\/\/booksfrommexico.com\/es\/producto\/miradas-retrospectivas-al-mexico-de-porfirio-diaz\/#breadcrumb","itemListElement":[{"@type":"ListItem","position":1,"name":"Home","item":"https:\/\/booksfrommexico.com\/es\/"},{"@type":"ListItem","position":2,"name":"Libros","item":"https:\/\/booksfrommexico.com\/es\/libros\/"},{"@type":"ListItem","position":3,"name":"Miradas retrospectivas al M\u00e9xico de Porfirio D\u00edaz"}]},{"@type":"WebSite","@id":"https:\/\/booksfrommexico.com\/#website","url":"https:\/\/booksfrommexico.com\/","name":"Books From Mexico","description":"","publisher":{"@id":"https:\/\/booksfrommexico.com\/#organization"},"potentialAction":[{"@type":"SearchAction","target":{"@type":"EntryPoint","urlTemplate":"https:\/\/booksfrommexico.com\/?s={search_term_string}"},"query-input":{"@type":"PropertyValueSpecification","valueRequired":true,"valueName":"search_term_string"}}],"inLanguage":"es"},{"@type":"Organization","@id":"https:\/\/booksfrommexico.com\/#organization","name":"Books From Mexico","url":"https:\/\/booksfrommexico.com\/","logo":{"@type":"ImageObject","inLanguage":"es","@id":"https:\/\/booksfrommexico.com\/#\/schema\/logo\/image\/","url":"https:\/\/booksfrommexico.com\/app\/uploads\/2023\/05\/logo-booksfrommexico.svg","contentUrl":"https:\/\/booksfrommexico.com\/app\/uploads\/2023\/05\/logo-booksfrommexico.svg","width":86,"height":56,"caption":"Books From Mexico"},"image":{"@id":"https:\/\/booksfrommexico.com\/#\/schema\/logo\/image\/"}}]}},"_links":{"self":[{"href":"https:\/\/booksfrommexico.com\/es\/wp-json\/wp\/v2\/product\/5056","targetHints":{"allow":["GET"]}}],"collection":[{"href":"https:\/\/booksfrommexico.com\/es\/wp-json\/wp\/v2\/product"}],"about":[{"href":"https:\/\/booksfrommexico.com\/es\/wp-json\/wp\/v2\/types\/product"}],"wp:featuredmedia":[{"embeddable":true,"href":"https:\/\/booksfrommexico.com\/es\/wp-json\/wp\/v2\/media\/5101"}],"wp:attachment":[{"href":"https:\/\/booksfrommexico.com\/es\/wp-json\/wp\/v2\/media?parent=5056"}],"wp:term":[{"taxonomy":"product_brand","embeddable":true,"href":"https:\/\/booksfrommexico.com\/es\/wp-json\/wp\/v2\/product_brand?post=5056"},{"taxonomy":"product_cat","embeddable":true,"href":"https:\/\/booksfrommexico.com\/es\/wp-json\/wp\/v2\/product_cat?post=5056"},{"taxonomy":"product_tag","embeddable":true,"href":"https:\/\/booksfrommexico.com\/es\/wp-json\/wp\/v2\/product_tag?post=5056"}],"curies":[{"name":"wp","href":"https:\/\/api.w.org\/{rel}","templated":true}]}}