{"id":5057,"date":"2024-02-14T23:26:55","date_gmt":"2024-02-14T23:26:55","guid":{"rendered":"https:\/\/booksfrommexico.com\/product\/chinas-financing-in-latin-america-and-the-caribbean\/"},"modified":"2024-02-15T22:04:58","modified_gmt":"2024-02-15T22:04:58","slug":"chinas-financing-in-latin-america-and-the-caribbean","status":"publish","type":"product","link":"https:\/\/booksfrommexico.com\/es\/producto\/chinas-financing-in-latin-america-and-the-caribbean\/","title":{"rendered":"China&#8217;s financing in Latin America and the Caribbean"},"content":{"rendered":"<p><span style=\"font-weight: 400;\">En las \u00faltimas dos d\u00e9cadas la econom\u00eda global de China se ha solidificado, se ha convertido en la econom\u00eda m\u00e1s grande desde 2014, la mayor exportadora, la importadora m\u00e1s din\u00e1mica, as\u00ed como la segunda fuente de salidas de inversi\u00f3n extranjera directa. Para comprender la relaci\u00f3n financiera entre China y Am\u00e9rica Latina y el Caribe, hace en cada cap\u00edtulo un breve repaso hist\u00f3rico y socioecon\u00f3mico entre cada pa\u00eds o instituci\u00f3n. Esta investigaci\u00f3n se enfoca en los a\u00f1os 2000-2018 y muestra c\u00f3mo los nexos se han diversificado, abriendo paso a la cooperaci\u00f3n y\u00a0 una mayor consolidaci\u00f3n de los mismos.<\/span><\/p>\n","protected":false},"excerpt":{"rendered":"<p>CHINA\u2019S FINANCING IN LATIN AMERICA AND THE CARIBBEAN. <span style=\"font-weight: 400;\">\/ Enrique Dussel Peters (editor). Ciudad de M\u00e9xico, M\u00e9xico : Universidad Nacional Aut\u00f3noma de M\u00e9xico , Facultad de Econom\u00eda , Centro de Estudios China-M\u00e9xico ; Uni\u00f3n de Universidades de Am\u00e9rica Latina y el Caribe ; Red Acad\u00e9mica de Am\u00e9rica Latina y el Caribe sobre China, 2019. 398 pages : includes tables, charts, map, semblances, bibliography ; 19 cm. ISBN : 9786078066469.<\/span><\/p>\n","protected":false},"featured_media":5104,"template":"","meta":{"_acf_changed":false,"inline_featured_image":false},"product_brand":[],"product_cat":[279,47],"product_tag":[3610],"class_list":{"0":"post-5057","1":"product","2":"type-product","3":"status-publish","4":"has-post-thumbnail","6":"product_cat-analisis-sectorial-regionales-economia","7":"product_cat-economia","8":"product_tag-condiciones-economicas","10":"first","11":"instock","12":"taxable","13":"shipping-taxable","14":"purchasable","15":"product-type-simple"},"acf":[],"yoast_head":"<!-- This site is optimized with the Yoast SEO plugin v27.3 - https:\/\/yoast.com\/product\/yoast-seo-wordpress\/ -->\n<title>China&#039;s financing in Latin America and the Caribbean<\/title>\n<meta name=\"description\" content=\"Enrique Dussel Peters (editor). 2019. 398 pages : includes tables, charts, map, semblances, bibliography ; 19 cm. ISBN : 9786078066469.\" \/>\n<meta name=\"robots\" content=\"index, follow, max-snippet:-1, max-image-preview:large, max-video-preview:-1\" \/>\n<link rel=\"canonical\" href=\"https:\/\/booksfrommexico.com\/es\/producto\/chinas-financing-in-latin-america-and-the-caribbean\/\" \/>\n<meta property=\"og:locale\" content=\"es_ES\" \/>\n<meta property=\"og:type\" content=\"article\" \/>\n<meta property=\"og:title\" content=\"China&#039;s financing in Latin America and the Caribbean\" \/>\n<meta property=\"og:description\" content=\"Enrique Dussel Peters (editor). 2019. 398 pages : includes tables, charts, map, semblances, bibliography ; 19 cm. ISBN : 9786078066469.\" \/>\n<meta property=\"og:url\" content=\"https:\/\/booksfrommexico.com\/es\/producto\/chinas-financing-in-latin-america-and-the-caribbean\/\" \/>\n<meta property=\"og:site_name\" content=\"Books From Mexico\" \/>\n<meta property=\"article:modified_time\" content=\"2024-02-15T22:04:58+00:00\" \/>\n<meta property=\"og:image\" content=\"http:\/\/booksfrommexico.com\/app\/uploads\/2024\/02\/195810.jpeg\" \/>\n\t<meta property=\"og:image:width\" content=\"396\" \/>\n\t<meta property=\"og:image:height\" content=\"616\" \/>\n\t<meta property=\"og:image:type\" content=\"image\/jpeg\" \/>\n<meta name=\"twitter:card\" content=\"summary_large_image\" \/>\n<meta name=\"twitter:label1\" content=\"Tiempo de lectura\" \/>\n\t<meta name=\"twitter:data1\" content=\"1 minuto\" \/>\n<script type=\"application\/ld+json\" class=\"yoast-schema-graph\">{\"@context\":\"https:\\\/\\\/schema.org\",\"@graph\":[{\"@type\":\"WebPage\",\"@id\":\"https:\\\/\\\/booksfrommexico.com\\\/es\\\/producto\\\/chinas-financing-in-latin-america-and-the-caribbean\\\/\",\"url\":\"https:\\\/\\\/booksfrommexico.com\\\/es\\\/producto\\\/chinas-financing-in-latin-america-and-the-caribbean\\\/\",\"name\":\"China's financing in Latin America and the Caribbean\",\"isPartOf\":{\"@id\":\"https:\\\/\\\/booksfrommexico.com\\\/#website\"},\"primaryImageOfPage\":{\"@id\":\"https:\\\/\\\/booksfrommexico.com\\\/es\\\/producto\\\/chinas-financing-in-latin-america-and-the-caribbean\\\/#primaryimage\"},\"image\":{\"@id\":\"https:\\\/\\\/booksfrommexico.com\\\/es\\\/producto\\\/chinas-financing-in-latin-america-and-the-caribbean\\\/#primaryimage\"},\"thumbnailUrl\":\"https:\\\/\\\/booksfrommexico.com\\\/app\\\/uploads\\\/2024\\\/02\\\/195810.jpeg\",\"datePublished\":\"2024-02-14T23:26:55+00:00\",\"dateModified\":\"2024-02-15T22:04:58+00:00\",\"description\":\"Enrique Dussel Peters (editor). 2019. 398 pages : includes tables, charts, map, semblances, bibliography ; 19 cm. ISBN : 9786078066469.\",\"breadcrumb\":{\"@id\":\"https:\\\/\\\/booksfrommexico.com\\\/es\\\/producto\\\/chinas-financing-in-latin-america-and-the-caribbean\\\/#breadcrumb\"},\"inLanguage\":\"es\",\"potentialAction\":[{\"@type\":\"ReadAction\",\"target\":[\"https:\\\/\\\/booksfrommexico.com\\\/es\\\/producto\\\/chinas-financing-in-latin-america-and-the-caribbean\\\/\"]}]},{\"@type\":\"ImageObject\",\"inLanguage\":\"es\",\"@id\":\"https:\\\/\\\/booksfrommexico.com\\\/es\\\/producto\\\/chinas-financing-in-latin-america-and-the-caribbean\\\/#primaryimage\",\"url\":\"https:\\\/\\\/booksfrommexico.com\\\/app\\\/uploads\\\/2024\\\/02\\\/195810.jpeg\",\"contentUrl\":\"https:\\\/\\\/booksfrommexico.com\\\/app\\\/uploads\\\/2024\\\/02\\\/195810.jpeg\",\"width\":396,\"height\":616,\"caption\":\"China's financing in Latin America and the Caribbean\"},{\"@type\":\"BreadcrumbList\",\"@id\":\"https:\\\/\\\/booksfrommexico.com\\\/es\\\/producto\\\/chinas-financing-in-latin-america-and-the-caribbean\\\/#breadcrumb\",\"itemListElement\":[{\"@type\":\"ListItem\",\"position\":1,\"name\":\"Home\",\"item\":\"https:\\\/\\\/booksfrommexico.com\\\/es\\\/\"},{\"@type\":\"ListItem\",\"position\":2,\"name\":\"Libros\",\"item\":\"https:\\\/\\\/booksfrommexico.com\\\/es\\\/libros\\\/\"},{\"@type\":\"ListItem\",\"position\":3,\"name\":\"China&#8217;s financing in Latin America and the Caribbean\"}]},{\"@type\":\"WebSite\",\"@id\":\"https:\\\/\\\/booksfrommexico.com\\\/#website\",\"url\":\"https:\\\/\\\/booksfrommexico.com\\\/\",\"name\":\"Books From Mexico\",\"description\":\"\",\"publisher\":{\"@id\":\"https:\\\/\\\/booksfrommexico.com\\\/#organization\"},\"potentialAction\":[{\"@type\":\"SearchAction\",\"target\":{\"@type\":\"EntryPoint\",\"urlTemplate\":\"https:\\\/\\\/booksfrommexico.com\\\/?s={search_term_string}\"},\"query-input\":{\"@type\":\"PropertyValueSpecification\",\"valueRequired\":true,\"valueName\":\"search_term_string\"}}],\"inLanguage\":\"es\"},{\"@type\":\"Organization\",\"@id\":\"https:\\\/\\\/booksfrommexico.com\\\/#organization\",\"name\":\"Books From Mexico\",\"url\":\"https:\\\/\\\/booksfrommexico.com\\\/\",\"logo\":{\"@type\":\"ImageObject\",\"inLanguage\":\"es\",\"@id\":\"https:\\\/\\\/booksfrommexico.com\\\/#\\\/schema\\\/logo\\\/image\\\/\",\"url\":\"https:\\\/\\\/booksfrommexico.com\\\/app\\\/uploads\\\/2023\\\/05\\\/logo-booksfrommexico.svg\",\"contentUrl\":\"https:\\\/\\\/booksfrommexico.com\\\/app\\\/uploads\\\/2023\\\/05\\\/logo-booksfrommexico.svg\",\"width\":86,\"height\":56,\"caption\":\"Books From Mexico\"},\"image\":{\"@id\":\"https:\\\/\\\/booksfrommexico.com\\\/#\\\/schema\\\/logo\\\/image\\\/\"}}]}<\/script>\n<!-- \/ Yoast SEO plugin. -->","yoast_head_json":{"title":"China's financing in Latin America and the Caribbean","description":"Enrique Dussel Peters (editor). 2019. 398 pages : includes tables, charts, map, semblances, bibliography ; 19 cm. ISBN : 9786078066469.","robots":{"index":"index","follow":"follow","max-snippet":"max-snippet:-1","max-image-preview":"max-image-preview:large","max-video-preview":"max-video-preview:-1"},"canonical":"https:\/\/booksfrommexico.com\/es\/producto\/chinas-financing-in-latin-america-and-the-caribbean\/","og_locale":"es_ES","og_type":"article","og_title":"China's financing in Latin America and the Caribbean","og_description":"Enrique Dussel Peters (editor). 2019. 398 pages : includes tables, charts, map, semblances, bibliography ; 19 cm. ISBN : 9786078066469.","og_url":"https:\/\/booksfrommexico.com\/es\/producto\/chinas-financing-in-latin-america-and-the-caribbean\/","og_site_name":"Books From Mexico","article_modified_time":"2024-02-15T22:04:58+00:00","og_image":[{"width":396,"height":616,"url":"http:\/\/booksfrommexico.com\/app\/uploads\/2024\/02\/195810.jpeg","type":"image\/jpeg"}],"twitter_card":"summary_large_image","twitter_misc":{"Tiempo de lectura":"1 minuto"},"schema":{"@context":"https:\/\/schema.org","@graph":[{"@type":"WebPage","@id":"https:\/\/booksfrommexico.com\/es\/producto\/chinas-financing-in-latin-america-and-the-caribbean\/","url":"https:\/\/booksfrommexico.com\/es\/producto\/chinas-financing-in-latin-america-and-the-caribbean\/","name":"China's financing in Latin America and the Caribbean","isPartOf":{"@id":"https:\/\/booksfrommexico.com\/#website"},"primaryImageOfPage":{"@id":"https:\/\/booksfrommexico.com\/es\/producto\/chinas-financing-in-latin-america-and-the-caribbean\/#primaryimage"},"image":{"@id":"https:\/\/booksfrommexico.com\/es\/producto\/chinas-financing-in-latin-america-and-the-caribbean\/#primaryimage"},"thumbnailUrl":"https:\/\/booksfrommexico.com\/app\/uploads\/2024\/02\/195810.jpeg","datePublished":"2024-02-14T23:26:55+00:00","dateModified":"2024-02-15T22:04:58+00:00","description":"Enrique Dussel Peters (editor). 2019. 398 pages : includes tables, charts, map, semblances, bibliography ; 19 cm. ISBN : 9786078066469.","breadcrumb":{"@id":"https:\/\/booksfrommexico.com\/es\/producto\/chinas-financing-in-latin-america-and-the-caribbean\/#breadcrumb"},"inLanguage":"es","potentialAction":[{"@type":"ReadAction","target":["https:\/\/booksfrommexico.com\/es\/producto\/chinas-financing-in-latin-america-and-the-caribbean\/"]}]},{"@type":"ImageObject","inLanguage":"es","@id":"https:\/\/booksfrommexico.com\/es\/producto\/chinas-financing-in-latin-america-and-the-caribbean\/#primaryimage","url":"https:\/\/booksfrommexico.com\/app\/uploads\/2024\/02\/195810.jpeg","contentUrl":"https:\/\/booksfrommexico.com\/app\/uploads\/2024\/02\/195810.jpeg","width":396,"height":616,"caption":"China's financing in Latin America and the Caribbean"},{"@type":"BreadcrumbList","@id":"https:\/\/booksfrommexico.com\/es\/producto\/chinas-financing-in-latin-america-and-the-caribbean\/#breadcrumb","itemListElement":[{"@type":"ListItem","position":1,"name":"Home","item":"https:\/\/booksfrommexico.com\/es\/"},{"@type":"ListItem","position":2,"name":"Libros","item":"https:\/\/booksfrommexico.com\/es\/libros\/"},{"@type":"ListItem","position":3,"name":"China&#8217;s financing in Latin America and the Caribbean"}]},{"@type":"WebSite","@id":"https:\/\/booksfrommexico.com\/#website","url":"https:\/\/booksfrommexico.com\/","name":"Books From Mexico","description":"","publisher":{"@id":"https:\/\/booksfrommexico.com\/#organization"},"potentialAction":[{"@type":"SearchAction","target":{"@type":"EntryPoint","urlTemplate":"https:\/\/booksfrommexico.com\/?s={search_term_string}"},"query-input":{"@type":"PropertyValueSpecification","valueRequired":true,"valueName":"search_term_string"}}],"inLanguage":"es"},{"@type":"Organization","@id":"https:\/\/booksfrommexico.com\/#organization","name":"Books From Mexico","url":"https:\/\/booksfrommexico.com\/","logo":{"@type":"ImageObject","inLanguage":"es","@id":"https:\/\/booksfrommexico.com\/#\/schema\/logo\/image\/","url":"https:\/\/booksfrommexico.com\/app\/uploads\/2023\/05\/logo-booksfrommexico.svg","contentUrl":"https:\/\/booksfrommexico.com\/app\/uploads\/2023\/05\/logo-booksfrommexico.svg","width":86,"height":56,"caption":"Books From Mexico"},"image":{"@id":"https:\/\/booksfrommexico.com\/#\/schema\/logo\/image\/"}}]}},"_links":{"self":[{"href":"https:\/\/booksfrommexico.com\/es\/wp-json\/wp\/v2\/product\/5057","targetHints":{"allow":["GET"]}}],"collection":[{"href":"https:\/\/booksfrommexico.com\/es\/wp-json\/wp\/v2\/product"}],"about":[{"href":"https:\/\/booksfrommexico.com\/es\/wp-json\/wp\/v2\/types\/product"}],"wp:featuredmedia":[{"embeddable":true,"href":"https:\/\/booksfrommexico.com\/es\/wp-json\/wp\/v2\/media\/5104"}],"wp:attachment":[{"href":"https:\/\/booksfrommexico.com\/es\/wp-json\/wp\/v2\/media?parent=5057"}],"wp:term":[{"taxonomy":"product_brand","embeddable":true,"href":"https:\/\/booksfrommexico.com\/es\/wp-json\/wp\/v2\/product_brand?post=5057"},{"taxonomy":"product_cat","embeddable":true,"href":"https:\/\/booksfrommexico.com\/es\/wp-json\/wp\/v2\/product_cat?post=5057"},{"taxonomy":"product_tag","embeddable":true,"href":"https:\/\/booksfrommexico.com\/es\/wp-json\/wp\/v2\/product_tag?post=5057"}],"curies":[{"name":"wp","href":"https:\/\/api.w.org\/{rel}","templated":true}]}}