{"id":5058,"date":"2024-02-14T23:26:55","date_gmt":"2024-02-14T23:26:55","guid":{"rendered":"https:\/\/booksfrommexico.com\/product\/una-selva-tan-infinita\/"},"modified":"2024-04-18T22:49:11","modified_gmt":"2024-04-18T22:49:11","slug":"una-selva-tan-infinita","status":"publish","type":"product","link":"https:\/\/booksfrommexico.com\/es\/producto\/una-selva-tan-infinita\/","title":{"rendered":"Una selva tan infinita: Teor\u00eda de la novela corta"},"content":{"rendered":"<p><span style=\"font-weight: 400;\">En este quinto volumen de <\/span><i><span style=\"font-weight: 400;\">Una selva tan infinita<\/span><\/i><span style=\"font-weight: 400;\">, sus colaboradores se enfocan en hacer una indagaci\u00f3n te\u00f3rica y cr\u00edtica que ha tenido lugar durante el siglo XX y XXI en Hispanoam\u00e9rica y a sus estudios provenientes de tradiciones estadounidenses y europeas. Forma parte de un proyecto que se ocupa de estudiar y difundir la novela corta en M\u00e9xico. Al no tratarse la literatura de un fen\u00f3meno que se pueda replicar en un laboratorio como objeto de estudio de una teor\u00eda general, sino de una expresi\u00f3n que pide observaci\u00f3n de sus m\u00faltiples formas y constante interpretaci\u00f3n, este volumen re\u00fane aproximaciones te\u00f3ricas sobre la novela corta in\u00e9ditas y reconocidas por la cr\u00edtica.<\/span><\/p>\n","protected":false},"excerpt":{"rendered":"<p>UNA SELVA TAN INFINITA : TEOR\u00cdA DE LA NOVELA CORTA : DESLINDES Y REFLEXIONES, VOL. 5 <span style=\"font-weight: 400;\">\/ Gustavo Jim\u00e9nez Aguirre, Gabriel Enr\u00edquez Hern\u00e1ndez (coordinators) ; Elsa Brondo, Jos\u00e9 Cardona-L\u00f3pez (editors). Ciudad de M\u00e9xico, M\u00e9xico : Universidad Nacional Aut\u00f3noma de M\u00e9xico , Instituto de Investigaciones Filol\u00f3gicas , Centro de Po\u00e9tica, 2022. 392 pages : includes tables, charts, notes, bibliography ; 22 cm.\u00a0 Ediciones Especiales 124.\u00a0 ISBN : 9786073056205. <\/span><\/p>\n","protected":false},"featured_media":5183,"template":"","meta":{"_acf_changed":false,"inline_featured_image":false},"product_brand":[],"product_cat":[52,169],"product_tag":[3847],"class_list":{"0":"post-5058","1":"product","2":"type-product","3":"status-publish","4":"has-post-thumbnail","6":"product_cat-critica-literaria","7":"product_cat-lengua-y-linguistica","8":"product_tag-lenguaje-espanol","10":"first","11":"instock","12":"taxable","13":"shipping-taxable","14":"purchasable","15":"product-type-simple"},"acf":[],"yoast_head":"<!-- This site is optimized with the Yoast SEO plugin v27.3 - https:\/\/yoast.com\/product\/yoast-seo-wordpress\/ -->\n<title>Una selva tan infinita<\/title>\n<meta name=\"description\" content=\"UNA SELVA TAN INFINITA: TEOR\u00cdA DE LA NOVELA CORTA: DESLINDES Y REFLEXIONES, VOL. 5 \/ Gustavo Jim\u00e9nez Aguirre, Gabriel Enr\u00edquez Hern\u00e1ndez (coordinators).\" \/>\n<meta name=\"robots\" content=\"index, follow, max-snippet:-1, max-image-preview:large, max-video-preview:-1\" \/>\n<link rel=\"canonical\" href=\"https:\/\/booksfrommexico.com\/es\/producto\/una-selva-tan-infinita\/\" \/>\n<meta property=\"og:locale\" content=\"es_ES\" \/>\n<meta property=\"og:type\" content=\"article\" \/>\n<meta property=\"og:title\" content=\"Una selva tan infinita\" \/>\n<meta property=\"og:description\" content=\"UNA SELVA TAN INFINITA: TEOR\u00cdA DE LA NOVELA CORTA: DESLINDES Y REFLEXIONES, VOL. 5 \/ Gustavo Jim\u00e9nez Aguirre, Gabriel Enr\u00edquez Hern\u00e1ndez (coordinators).\" \/>\n<meta property=\"og:url\" content=\"https:\/\/booksfrommexico.com\/es\/producto\/una-selva-tan-infinita\/\" \/>\n<meta property=\"og:site_name\" content=\"Books From Mexico\" \/>\n<meta property=\"article:modified_time\" content=\"2024-04-18T22:49:11+00:00\" \/>\n<meta property=\"og:image\" content=\"http:\/\/booksfrommexico.com\/app\/uploads\/2024\/02\/1.jpeg\" \/>\n\t<meta property=\"og:image:width\" content=\"1000\" \/>\n\t<meta property=\"og:image:height\" content=\"1454\" \/>\n\t<meta property=\"og:image:type\" content=\"image\/jpeg\" \/>\n<meta name=\"twitter:card\" content=\"summary_large_image\" \/>\n<meta name=\"twitter:label1\" content=\"Tiempo de lectura\" \/>\n\t<meta name=\"twitter:data1\" content=\"1 minuto\" \/>\n<script type=\"application\/ld+json\" class=\"yoast-schema-graph\">{\"@context\":\"https:\\\/\\\/schema.org\",\"@graph\":[{\"@type\":\"WebPage\",\"@id\":\"https:\\\/\\\/booksfrommexico.com\\\/es\\\/producto\\\/una-selva-tan-infinita\\\/\",\"url\":\"https:\\\/\\\/booksfrommexico.com\\\/es\\\/producto\\\/una-selva-tan-infinita\\\/\",\"name\":\"Una selva tan infinita\",\"isPartOf\":{\"@id\":\"https:\\\/\\\/booksfrommexico.com\\\/#website\"},\"primaryImageOfPage\":{\"@id\":\"https:\\\/\\\/booksfrommexico.com\\\/es\\\/producto\\\/una-selva-tan-infinita\\\/#primaryimage\"},\"image\":{\"@id\":\"https:\\\/\\\/booksfrommexico.com\\\/es\\\/producto\\\/una-selva-tan-infinita\\\/#primaryimage\"},\"thumbnailUrl\":\"https:\\\/\\\/booksfrommexico.com\\\/app\\\/uploads\\\/2024\\\/02\\\/1.jpeg\",\"datePublished\":\"2024-02-14T23:26:55+00:00\",\"dateModified\":\"2024-04-18T22:49:11+00:00\",\"description\":\"UNA SELVA TAN INFINITA: TEOR\u00cdA DE LA NOVELA CORTA: DESLINDES Y REFLEXIONES, VOL. 5 \\\/ Gustavo Jim\u00e9nez Aguirre, Gabriel Enr\u00edquez Hern\u00e1ndez (coordinators).\",\"breadcrumb\":{\"@id\":\"https:\\\/\\\/booksfrommexico.com\\\/es\\\/producto\\\/una-selva-tan-infinita\\\/#breadcrumb\"},\"inLanguage\":\"es\",\"potentialAction\":[{\"@type\":\"ReadAction\",\"target\":[\"https:\\\/\\\/booksfrommexico.com\\\/es\\\/producto\\\/una-selva-tan-infinita\\\/\"]}]},{\"@type\":\"ImageObject\",\"inLanguage\":\"es\",\"@id\":\"https:\\\/\\\/booksfrommexico.com\\\/es\\\/producto\\\/una-selva-tan-infinita\\\/#primaryimage\",\"url\":\"https:\\\/\\\/booksfrommexico.com\\\/app\\\/uploads\\\/2024\\\/02\\\/1.jpeg\",\"contentUrl\":\"https:\\\/\\\/booksfrommexico.com\\\/app\\\/uploads\\\/2024\\\/02\\\/1.jpeg\",\"width\":1000,\"height\":1454,\"caption\":\"Una selva tan infinita\"},{\"@type\":\"BreadcrumbList\",\"@id\":\"https:\\\/\\\/booksfrommexico.com\\\/es\\\/producto\\\/una-selva-tan-infinita\\\/#breadcrumb\",\"itemListElement\":[{\"@type\":\"ListItem\",\"position\":1,\"name\":\"Home\",\"item\":\"https:\\\/\\\/booksfrommexico.com\\\/es\\\/\"},{\"@type\":\"ListItem\",\"position\":2,\"name\":\"Libros\",\"item\":\"https:\\\/\\\/booksfrommexico.com\\\/es\\\/libros\\\/\"},{\"@type\":\"ListItem\",\"position\":3,\"name\":\"Una selva tan infinita: Teor\u00eda de la novela corta\"}]},{\"@type\":\"WebSite\",\"@id\":\"https:\\\/\\\/booksfrommexico.com\\\/#website\",\"url\":\"https:\\\/\\\/booksfrommexico.com\\\/\",\"name\":\"Books From Mexico\",\"description\":\"\",\"publisher\":{\"@id\":\"https:\\\/\\\/booksfrommexico.com\\\/#organization\"},\"potentialAction\":[{\"@type\":\"SearchAction\",\"target\":{\"@type\":\"EntryPoint\",\"urlTemplate\":\"https:\\\/\\\/booksfrommexico.com\\\/?s={search_term_string}\"},\"query-input\":{\"@type\":\"PropertyValueSpecification\",\"valueRequired\":true,\"valueName\":\"search_term_string\"}}],\"inLanguage\":\"es\"},{\"@type\":\"Organization\",\"@id\":\"https:\\\/\\\/booksfrommexico.com\\\/#organization\",\"name\":\"Books From Mexico\",\"url\":\"https:\\\/\\\/booksfrommexico.com\\\/\",\"logo\":{\"@type\":\"ImageObject\",\"inLanguage\":\"es\",\"@id\":\"https:\\\/\\\/booksfrommexico.com\\\/#\\\/schema\\\/logo\\\/image\\\/\",\"url\":\"https:\\\/\\\/booksfrommexico.com\\\/app\\\/uploads\\\/2023\\\/05\\\/logo-booksfrommexico.svg\",\"contentUrl\":\"https:\\\/\\\/booksfrommexico.com\\\/app\\\/uploads\\\/2023\\\/05\\\/logo-booksfrommexico.svg\",\"width\":86,\"height\":56,\"caption\":\"Books From Mexico\"},\"image\":{\"@id\":\"https:\\\/\\\/booksfrommexico.com\\\/#\\\/schema\\\/logo\\\/image\\\/\"}}]}<\/script>\n<!-- \/ Yoast SEO plugin. -->","yoast_head_json":{"title":"Una selva tan infinita","description":"UNA SELVA TAN INFINITA: TEOR\u00cdA DE LA NOVELA CORTA: DESLINDES Y REFLEXIONES, VOL. 5 \/ Gustavo Jim\u00e9nez Aguirre, Gabriel Enr\u00edquez Hern\u00e1ndez (coordinators).","robots":{"index":"index","follow":"follow","max-snippet":"max-snippet:-1","max-image-preview":"max-image-preview:large","max-video-preview":"max-video-preview:-1"},"canonical":"https:\/\/booksfrommexico.com\/es\/producto\/una-selva-tan-infinita\/","og_locale":"es_ES","og_type":"article","og_title":"Una selva tan infinita","og_description":"UNA SELVA TAN INFINITA: TEOR\u00cdA DE LA NOVELA CORTA: DESLINDES Y REFLEXIONES, VOL. 5 \/ Gustavo Jim\u00e9nez Aguirre, Gabriel Enr\u00edquez Hern\u00e1ndez (coordinators).","og_url":"https:\/\/booksfrommexico.com\/es\/producto\/una-selva-tan-infinita\/","og_site_name":"Books From Mexico","article_modified_time":"2024-04-18T22:49:11+00:00","og_image":[{"width":1000,"height":1454,"url":"http:\/\/booksfrommexico.com\/app\/uploads\/2024\/02\/1.jpeg","type":"image\/jpeg"}],"twitter_card":"summary_large_image","twitter_misc":{"Tiempo de lectura":"1 minuto"},"schema":{"@context":"https:\/\/schema.org","@graph":[{"@type":"WebPage","@id":"https:\/\/booksfrommexico.com\/es\/producto\/una-selva-tan-infinita\/","url":"https:\/\/booksfrommexico.com\/es\/producto\/una-selva-tan-infinita\/","name":"Una selva tan infinita","isPartOf":{"@id":"https:\/\/booksfrommexico.com\/#website"},"primaryImageOfPage":{"@id":"https:\/\/booksfrommexico.com\/es\/producto\/una-selva-tan-infinita\/#primaryimage"},"image":{"@id":"https:\/\/booksfrommexico.com\/es\/producto\/una-selva-tan-infinita\/#primaryimage"},"thumbnailUrl":"https:\/\/booksfrommexico.com\/app\/uploads\/2024\/02\/1.jpeg","datePublished":"2024-02-14T23:26:55+00:00","dateModified":"2024-04-18T22:49:11+00:00","description":"UNA SELVA TAN INFINITA: TEOR\u00cdA DE LA NOVELA CORTA: DESLINDES Y REFLEXIONES, VOL. 5 \/ Gustavo Jim\u00e9nez Aguirre, Gabriel Enr\u00edquez Hern\u00e1ndez (coordinators).","breadcrumb":{"@id":"https:\/\/booksfrommexico.com\/es\/producto\/una-selva-tan-infinita\/#breadcrumb"},"inLanguage":"es","potentialAction":[{"@type":"ReadAction","target":["https:\/\/booksfrommexico.com\/es\/producto\/una-selva-tan-infinita\/"]}]},{"@type":"ImageObject","inLanguage":"es","@id":"https:\/\/booksfrommexico.com\/es\/producto\/una-selva-tan-infinita\/#primaryimage","url":"https:\/\/booksfrommexico.com\/app\/uploads\/2024\/02\/1.jpeg","contentUrl":"https:\/\/booksfrommexico.com\/app\/uploads\/2024\/02\/1.jpeg","width":1000,"height":1454,"caption":"Una selva tan infinita"},{"@type":"BreadcrumbList","@id":"https:\/\/booksfrommexico.com\/es\/producto\/una-selva-tan-infinita\/#breadcrumb","itemListElement":[{"@type":"ListItem","position":1,"name":"Home","item":"https:\/\/booksfrommexico.com\/es\/"},{"@type":"ListItem","position":2,"name":"Libros","item":"https:\/\/booksfrommexico.com\/es\/libros\/"},{"@type":"ListItem","position":3,"name":"Una selva tan infinita: Teor\u00eda de la novela corta"}]},{"@type":"WebSite","@id":"https:\/\/booksfrommexico.com\/#website","url":"https:\/\/booksfrommexico.com\/","name":"Books From Mexico","description":"","publisher":{"@id":"https:\/\/booksfrommexico.com\/#organization"},"potentialAction":[{"@type":"SearchAction","target":{"@type":"EntryPoint","urlTemplate":"https:\/\/booksfrommexico.com\/?s={search_term_string}"},"query-input":{"@type":"PropertyValueSpecification","valueRequired":true,"valueName":"search_term_string"}}],"inLanguage":"es"},{"@type":"Organization","@id":"https:\/\/booksfrommexico.com\/#organization","name":"Books From Mexico","url":"https:\/\/booksfrommexico.com\/","logo":{"@type":"ImageObject","inLanguage":"es","@id":"https:\/\/booksfrommexico.com\/#\/schema\/logo\/image\/","url":"https:\/\/booksfrommexico.com\/app\/uploads\/2023\/05\/logo-booksfrommexico.svg","contentUrl":"https:\/\/booksfrommexico.com\/app\/uploads\/2023\/05\/logo-booksfrommexico.svg","width":86,"height":56,"caption":"Books From Mexico"},"image":{"@id":"https:\/\/booksfrommexico.com\/#\/schema\/logo\/image\/"}}]}},"_links":{"self":[{"href":"https:\/\/booksfrommexico.com\/es\/wp-json\/wp\/v2\/product\/5058","targetHints":{"allow":["GET"]}}],"collection":[{"href":"https:\/\/booksfrommexico.com\/es\/wp-json\/wp\/v2\/product"}],"about":[{"href":"https:\/\/booksfrommexico.com\/es\/wp-json\/wp\/v2\/types\/product"}],"wp:featuredmedia":[{"embeddable":true,"href":"https:\/\/booksfrommexico.com\/es\/wp-json\/wp\/v2\/media\/5183"}],"wp:attachment":[{"href":"https:\/\/booksfrommexico.com\/es\/wp-json\/wp\/v2\/media?parent=5058"}],"wp:term":[{"taxonomy":"product_brand","embeddable":true,"href":"https:\/\/booksfrommexico.com\/es\/wp-json\/wp\/v2\/product_brand?post=5058"},{"taxonomy":"product_cat","embeddable":true,"href":"https:\/\/booksfrommexico.com\/es\/wp-json\/wp\/v2\/product_cat?post=5058"},{"taxonomy":"product_tag","embeddable":true,"href":"https:\/\/booksfrommexico.com\/es\/wp-json\/wp\/v2\/product_tag?post=5058"}],"curies":[{"name":"wp","href":"https:\/\/api.w.org\/{rel}","templated":true}]}}