{"id":5060,"date":"2024-02-14T23:26:55","date_gmt":"2024-02-14T23:26:55","guid":{"rendered":"https:\/\/booksfrommexico.com\/product\/pagar-los-platos-rotos-violencias-interseccionales-contra-ninas-ninos-y-adolescentes-trabajadores-del-hogar-en-chiapas\/"},"modified":"2024-04-02T23:00:54","modified_gmt":"2024-04-02T23:00:54","slug":"pagar-los-platos-rotos-violencias-interseccionales-contra-ninas-ninos-y-adolescentes-trabajadores-del-hogar-en-chiapas","status":"publish","type":"product","link":"https:\/\/booksfrommexico.com\/es\/producto\/pagar-los-platos-rotos-violencias-interseccionales-contra-ninas-ninos-y-adolescentes-trabajadores-del-hogar-en-chiapas\/","title":{"rendered":"Pagar los platos rotos"},"content":{"rendered":"<p><span style=\"font-weight: 400;\">En M\u00e9xico, el Estado se ha encargado de crear discursos basados en la prohibici\u00f3n del trabajo infantil, sin embargo, no genera pol\u00edticas p\u00fablicas encaminadas a observar y evitar el trabajo infantil dom\u00e9stico a puertas cerradas.\u00a0 Al m\u00e1rgen de la protecci\u00f3n social y con gran riesgo frente a los abusos, y las violencias. En muchos casos, se ha detectado que son los NNA quienes salen de sus comunidades de origen hacia las ciudades por decisi\u00f3n personal ante una escasa calidad de vida y conflictos dom\u00e9sticos. En esta investigaci\u00f3n se plantea una discusi\u00f3n sobre la vigencia de la pr\u00e1ctica\u00a0 del trabajo infantil y adolescente vinculado a NNA de origen rural.<\/span><\/p>\n","protected":false},"excerpt":{"rendered":"<p>PAGAR LOS PLATOS ROTOS : VIOLENCIAS INTERSECCIONALES CONTRA NI\u00d1AS, NI\u00d1OS Y ADOLESCENTES TRABAJADORES DEL HOGAR EN CHIAPAS. <span style=\"font-weight: 400;\">\/ Sarai Miranda Ju\u00e1rez. M\u00e9xico, Quintana Roo : El Colegio de la Frontera Sur, 2022. 175 pages : includes tables, photos, color photos, maps, semblance, bibliography ; 23 cm. ISBN : 9786078767588.<\/span><\/p>\n","protected":false},"featured_media":5118,"template":"","meta":{"_acf_changed":false,"inline_featured_image":false},"product_brand":[],"product_cat":[78,699],"product_tag":[],"class_list":{"0":"post-5060","1":"product","2":"type-product","3":"status-publish","4":"has-post-thumbnail","6":"product_cat-sociologia","7":"product_cat-violencia-en-la-sociedad-sociologia","9":"first","10":"instock","11":"taxable","12":"shipping-taxable","13":"purchasable","14":"product-type-simple"},"acf":[],"yoast_head":"<!-- This site is optimized with the Yoast SEO plugin v27.3 - https:\/\/yoast.com\/product\/yoast-seo-wordpress\/ -->\n<title>Pagar los platos rotos<\/title>\n<meta name=\"description\" content=\"PAGAR LOS PLATOS ROTOS : VIOLENCIAS INTERSECCIONALES CONTRA NI\u00d1AS, NI\u00d1OS Y ADOLESCENTES TRABAJADORES DEL HOGAR EN CHIAPAS. \/ Sarai Miranda Ju\u00e1rez. 2022.\" \/>\n<meta name=\"robots\" content=\"index, follow, max-snippet:-1, max-image-preview:large, max-video-preview:-1\" \/>\n<link rel=\"canonical\" href=\"https:\/\/booksfrommexico.com\/es\/producto\/pagar-los-platos-rotos-violencias-interseccionales-contra-ninas-ninos-y-adolescentes-trabajadores-del-hogar-en-chiapas\/\" \/>\n<meta property=\"og:locale\" content=\"es_ES\" \/>\n<meta property=\"og:type\" content=\"article\" \/>\n<meta property=\"og:title\" content=\"Pagar los platos rotos\" \/>\n<meta property=\"og:description\" content=\"PAGAR LOS PLATOS ROTOS : VIOLENCIAS INTERSECCIONALES CONTRA NI\u00d1AS, NI\u00d1OS Y ADOLESCENTES TRABAJADORES DEL HOGAR EN CHIAPAS. \/ Sarai Miranda Ju\u00e1rez. 2022.\" \/>\n<meta property=\"og:url\" content=\"https:\/\/booksfrommexico.com\/es\/producto\/pagar-los-platos-rotos-violencias-interseccionales-contra-ninas-ninos-y-adolescentes-trabajadores-del-hogar-en-chiapas\/\" \/>\n<meta property=\"og:site_name\" content=\"Books From Mexico\" \/>\n<meta property=\"article:modified_time\" content=\"2024-04-02T23:00:54+00:00\" \/>\n<meta property=\"og:image\" content=\"http:\/\/booksfrommexico.com\/app\/uploads\/2024\/02\/197033.jpeg\" \/>\n\t<meta property=\"og:image:width\" content=\"483\" \/>\n\t<meta property=\"og:image:height\" content=\"654\" \/>\n\t<meta property=\"og:image:type\" content=\"image\/jpeg\" \/>\n<meta name=\"twitter:card\" content=\"summary_large_image\" \/>\n<meta name=\"twitter:label1\" content=\"Tiempo de lectura\" \/>\n\t<meta name=\"twitter:data1\" content=\"1 minuto\" \/>\n<script type=\"application\/ld+json\" class=\"yoast-schema-graph\">{\"@context\":\"https:\\\/\\\/schema.org\",\"@graph\":[{\"@type\":\"WebPage\",\"@id\":\"https:\\\/\\\/booksfrommexico.com\\\/es\\\/producto\\\/pagar-los-platos-rotos-violencias-interseccionales-contra-ninas-ninos-y-adolescentes-trabajadores-del-hogar-en-chiapas\\\/\",\"url\":\"https:\\\/\\\/booksfrommexico.com\\\/es\\\/producto\\\/pagar-los-platos-rotos-violencias-interseccionales-contra-ninas-ninos-y-adolescentes-trabajadores-del-hogar-en-chiapas\\\/\",\"name\":\"Pagar los platos rotos\",\"isPartOf\":{\"@id\":\"https:\\\/\\\/booksfrommexico.com\\\/#website\"},\"primaryImageOfPage\":{\"@id\":\"https:\\\/\\\/booksfrommexico.com\\\/es\\\/producto\\\/pagar-los-platos-rotos-violencias-interseccionales-contra-ninas-ninos-y-adolescentes-trabajadores-del-hogar-en-chiapas\\\/#primaryimage\"},\"image\":{\"@id\":\"https:\\\/\\\/booksfrommexico.com\\\/es\\\/producto\\\/pagar-los-platos-rotos-violencias-interseccionales-contra-ninas-ninos-y-adolescentes-trabajadores-del-hogar-en-chiapas\\\/#primaryimage\"},\"thumbnailUrl\":\"https:\\\/\\\/booksfrommexico.com\\\/app\\\/uploads\\\/2024\\\/02\\\/197033.jpeg\",\"datePublished\":\"2024-02-14T23:26:55+00:00\",\"dateModified\":\"2024-04-02T23:00:54+00:00\",\"description\":\"PAGAR LOS PLATOS ROTOS : VIOLENCIAS INTERSECCIONALES CONTRA NI\u00d1AS, NI\u00d1OS Y ADOLESCENTES TRABAJADORES DEL HOGAR EN CHIAPAS. \\\/ Sarai Miranda Ju\u00e1rez. 2022.\",\"breadcrumb\":{\"@id\":\"https:\\\/\\\/booksfrommexico.com\\\/es\\\/producto\\\/pagar-los-platos-rotos-violencias-interseccionales-contra-ninas-ninos-y-adolescentes-trabajadores-del-hogar-en-chiapas\\\/#breadcrumb\"},\"inLanguage\":\"es\",\"potentialAction\":[{\"@type\":\"ReadAction\",\"target\":[\"https:\\\/\\\/booksfrommexico.com\\\/es\\\/producto\\\/pagar-los-platos-rotos-violencias-interseccionales-contra-ninas-ninos-y-adolescentes-trabajadores-del-hogar-en-chiapas\\\/\"]}]},{\"@type\":\"ImageObject\",\"inLanguage\":\"es\",\"@id\":\"https:\\\/\\\/booksfrommexico.com\\\/es\\\/producto\\\/pagar-los-platos-rotos-violencias-interseccionales-contra-ninas-ninos-y-adolescentes-trabajadores-del-hogar-en-chiapas\\\/#primaryimage\",\"url\":\"https:\\\/\\\/booksfrommexico.com\\\/app\\\/uploads\\\/2024\\\/02\\\/197033.jpeg\",\"contentUrl\":\"https:\\\/\\\/booksfrommexico.com\\\/app\\\/uploads\\\/2024\\\/02\\\/197033.jpeg\",\"width\":483,\"height\":654,\"caption\":\"Pagar los platos rotos : violencias interseccionales contra ni\u00f1as, ni\u00f1os y adolescentes trabajadores del hogar en Chiapas\"},{\"@type\":\"BreadcrumbList\",\"@id\":\"https:\\\/\\\/booksfrommexico.com\\\/es\\\/producto\\\/pagar-los-platos-rotos-violencias-interseccionales-contra-ninas-ninos-y-adolescentes-trabajadores-del-hogar-en-chiapas\\\/#breadcrumb\",\"itemListElement\":[{\"@type\":\"ListItem\",\"position\":1,\"name\":\"Home\",\"item\":\"https:\\\/\\\/booksfrommexico.com\\\/es\\\/\"},{\"@type\":\"ListItem\",\"position\":2,\"name\":\"Libros\",\"item\":\"https:\\\/\\\/booksfrommexico.com\\\/es\\\/libros\\\/\"},{\"@type\":\"ListItem\",\"position\":3,\"name\":\"Pagar los platos rotos\"}]},{\"@type\":\"WebSite\",\"@id\":\"https:\\\/\\\/booksfrommexico.com\\\/#website\",\"url\":\"https:\\\/\\\/booksfrommexico.com\\\/\",\"name\":\"Books From Mexico\",\"description\":\"\",\"publisher\":{\"@id\":\"https:\\\/\\\/booksfrommexico.com\\\/#organization\"},\"potentialAction\":[{\"@type\":\"SearchAction\",\"target\":{\"@type\":\"EntryPoint\",\"urlTemplate\":\"https:\\\/\\\/booksfrommexico.com\\\/?s={search_term_string}\"},\"query-input\":{\"@type\":\"PropertyValueSpecification\",\"valueRequired\":true,\"valueName\":\"search_term_string\"}}],\"inLanguage\":\"es\"},{\"@type\":\"Organization\",\"@id\":\"https:\\\/\\\/booksfrommexico.com\\\/#organization\",\"name\":\"Books From Mexico\",\"url\":\"https:\\\/\\\/booksfrommexico.com\\\/\",\"logo\":{\"@type\":\"ImageObject\",\"inLanguage\":\"es\",\"@id\":\"https:\\\/\\\/booksfrommexico.com\\\/#\\\/schema\\\/logo\\\/image\\\/\",\"url\":\"https:\\\/\\\/booksfrommexico.com\\\/app\\\/uploads\\\/2023\\\/05\\\/logo-booksfrommexico.svg\",\"contentUrl\":\"https:\\\/\\\/booksfrommexico.com\\\/app\\\/uploads\\\/2023\\\/05\\\/logo-booksfrommexico.svg\",\"width\":86,\"height\":56,\"caption\":\"Books From Mexico\"},\"image\":{\"@id\":\"https:\\\/\\\/booksfrommexico.com\\\/#\\\/schema\\\/logo\\\/image\\\/\"}}]}<\/script>\n<!-- \/ Yoast SEO plugin. -->","yoast_head_json":{"title":"Pagar los platos rotos","description":"PAGAR LOS PLATOS ROTOS : VIOLENCIAS INTERSECCIONALES CONTRA NI\u00d1AS, NI\u00d1OS Y ADOLESCENTES TRABAJADORES DEL HOGAR EN CHIAPAS. \/ Sarai Miranda Ju\u00e1rez. 2022.","robots":{"index":"index","follow":"follow","max-snippet":"max-snippet:-1","max-image-preview":"max-image-preview:large","max-video-preview":"max-video-preview:-1"},"canonical":"https:\/\/booksfrommexico.com\/es\/producto\/pagar-los-platos-rotos-violencias-interseccionales-contra-ninas-ninos-y-adolescentes-trabajadores-del-hogar-en-chiapas\/","og_locale":"es_ES","og_type":"article","og_title":"Pagar los platos rotos","og_description":"PAGAR LOS PLATOS ROTOS : VIOLENCIAS INTERSECCIONALES CONTRA NI\u00d1AS, NI\u00d1OS Y ADOLESCENTES TRABAJADORES DEL HOGAR EN CHIAPAS. \/ Sarai Miranda Ju\u00e1rez. 2022.","og_url":"https:\/\/booksfrommexico.com\/es\/producto\/pagar-los-platos-rotos-violencias-interseccionales-contra-ninas-ninos-y-adolescentes-trabajadores-del-hogar-en-chiapas\/","og_site_name":"Books From Mexico","article_modified_time":"2024-04-02T23:00:54+00:00","og_image":[{"width":483,"height":654,"url":"http:\/\/booksfrommexico.com\/app\/uploads\/2024\/02\/197033.jpeg","type":"image\/jpeg"}],"twitter_card":"summary_large_image","twitter_misc":{"Tiempo de lectura":"1 minuto"},"schema":{"@context":"https:\/\/schema.org","@graph":[{"@type":"WebPage","@id":"https:\/\/booksfrommexico.com\/es\/producto\/pagar-los-platos-rotos-violencias-interseccionales-contra-ninas-ninos-y-adolescentes-trabajadores-del-hogar-en-chiapas\/","url":"https:\/\/booksfrommexico.com\/es\/producto\/pagar-los-platos-rotos-violencias-interseccionales-contra-ninas-ninos-y-adolescentes-trabajadores-del-hogar-en-chiapas\/","name":"Pagar los platos rotos","isPartOf":{"@id":"https:\/\/booksfrommexico.com\/#website"},"primaryImageOfPage":{"@id":"https:\/\/booksfrommexico.com\/es\/producto\/pagar-los-platos-rotos-violencias-interseccionales-contra-ninas-ninos-y-adolescentes-trabajadores-del-hogar-en-chiapas\/#primaryimage"},"image":{"@id":"https:\/\/booksfrommexico.com\/es\/producto\/pagar-los-platos-rotos-violencias-interseccionales-contra-ninas-ninos-y-adolescentes-trabajadores-del-hogar-en-chiapas\/#primaryimage"},"thumbnailUrl":"https:\/\/booksfrommexico.com\/app\/uploads\/2024\/02\/197033.jpeg","datePublished":"2024-02-14T23:26:55+00:00","dateModified":"2024-04-02T23:00:54+00:00","description":"PAGAR LOS PLATOS ROTOS : VIOLENCIAS INTERSECCIONALES CONTRA NI\u00d1AS, NI\u00d1OS Y ADOLESCENTES TRABAJADORES DEL HOGAR EN CHIAPAS. \/ Sarai Miranda Ju\u00e1rez. 2022.","breadcrumb":{"@id":"https:\/\/booksfrommexico.com\/es\/producto\/pagar-los-platos-rotos-violencias-interseccionales-contra-ninas-ninos-y-adolescentes-trabajadores-del-hogar-en-chiapas\/#breadcrumb"},"inLanguage":"es","potentialAction":[{"@type":"ReadAction","target":["https:\/\/booksfrommexico.com\/es\/producto\/pagar-los-platos-rotos-violencias-interseccionales-contra-ninas-ninos-y-adolescentes-trabajadores-del-hogar-en-chiapas\/"]}]},{"@type":"ImageObject","inLanguage":"es","@id":"https:\/\/booksfrommexico.com\/es\/producto\/pagar-los-platos-rotos-violencias-interseccionales-contra-ninas-ninos-y-adolescentes-trabajadores-del-hogar-en-chiapas\/#primaryimage","url":"https:\/\/booksfrommexico.com\/app\/uploads\/2024\/02\/197033.jpeg","contentUrl":"https:\/\/booksfrommexico.com\/app\/uploads\/2024\/02\/197033.jpeg","width":483,"height":654,"caption":"Pagar los platos rotos : violencias interseccionales contra ni\u00f1as, ni\u00f1os y adolescentes trabajadores del hogar en Chiapas"},{"@type":"BreadcrumbList","@id":"https:\/\/booksfrommexico.com\/es\/producto\/pagar-los-platos-rotos-violencias-interseccionales-contra-ninas-ninos-y-adolescentes-trabajadores-del-hogar-en-chiapas\/#breadcrumb","itemListElement":[{"@type":"ListItem","position":1,"name":"Home","item":"https:\/\/booksfrommexico.com\/es\/"},{"@type":"ListItem","position":2,"name":"Libros","item":"https:\/\/booksfrommexico.com\/es\/libros\/"},{"@type":"ListItem","position":3,"name":"Pagar los platos rotos"}]},{"@type":"WebSite","@id":"https:\/\/booksfrommexico.com\/#website","url":"https:\/\/booksfrommexico.com\/","name":"Books From Mexico","description":"","publisher":{"@id":"https:\/\/booksfrommexico.com\/#organization"},"potentialAction":[{"@type":"SearchAction","target":{"@type":"EntryPoint","urlTemplate":"https:\/\/booksfrommexico.com\/?s={search_term_string}"},"query-input":{"@type":"PropertyValueSpecification","valueRequired":true,"valueName":"search_term_string"}}],"inLanguage":"es"},{"@type":"Organization","@id":"https:\/\/booksfrommexico.com\/#organization","name":"Books From Mexico","url":"https:\/\/booksfrommexico.com\/","logo":{"@type":"ImageObject","inLanguage":"es","@id":"https:\/\/booksfrommexico.com\/#\/schema\/logo\/image\/","url":"https:\/\/booksfrommexico.com\/app\/uploads\/2023\/05\/logo-booksfrommexico.svg","contentUrl":"https:\/\/booksfrommexico.com\/app\/uploads\/2023\/05\/logo-booksfrommexico.svg","width":86,"height":56,"caption":"Books From Mexico"},"image":{"@id":"https:\/\/booksfrommexico.com\/#\/schema\/logo\/image\/"}}]}},"_links":{"self":[{"href":"https:\/\/booksfrommexico.com\/es\/wp-json\/wp\/v2\/product\/5060","targetHints":{"allow":["GET"]}}],"collection":[{"href":"https:\/\/booksfrommexico.com\/es\/wp-json\/wp\/v2\/product"}],"about":[{"href":"https:\/\/booksfrommexico.com\/es\/wp-json\/wp\/v2\/types\/product"}],"wp:featuredmedia":[{"embeddable":true,"href":"https:\/\/booksfrommexico.com\/es\/wp-json\/wp\/v2\/media\/5118"}],"wp:attachment":[{"href":"https:\/\/booksfrommexico.com\/es\/wp-json\/wp\/v2\/media?parent=5060"}],"wp:term":[{"taxonomy":"product_brand","embeddable":true,"href":"https:\/\/booksfrommexico.com\/es\/wp-json\/wp\/v2\/product_brand?post=5060"},{"taxonomy":"product_cat","embeddable":true,"href":"https:\/\/booksfrommexico.com\/es\/wp-json\/wp\/v2\/product_cat?post=5060"},{"taxonomy":"product_tag","embeddable":true,"href":"https:\/\/booksfrommexico.com\/es\/wp-json\/wp\/v2\/product_tag?post=5060"}],"curies":[{"name":"wp","href":"https:\/\/api.w.org\/{rel}","templated":true}]}}