{"id":5061,"date":"2024-02-14T23:26:55","date_gmt":"2024-02-14T23:26:55","guid":{"rendered":"https:\/\/booksfrommexico.com\/product\/comunicacion-politica-en-redes-sociales-digitales-teoria-y-practica\/"},"modified":"2024-02-15T22:44:49","modified_gmt":"2024-02-15T22:44:49","slug":"comunicacion-politica-en-redes-sociales-digitales-teoria-y-practica","status":"publish","type":"product","link":"https:\/\/booksfrommexico.com\/es\/producto\/comunicacion-politica-en-redes-sociales-digitales-teoria-y-practica\/","title":{"rendered":"Comunicaci\u00f3n pol\u00edtica en redes sociales digitales"},"content":{"rendered":"<p><span style=\"font-weight: 400;\">El devenir hist\u00f3rico del ciberespacio desde el 2005 ha brindado un cuerpo de hechos y evidencias que hacen factible la realizaci\u00f3n de un an\u00e1lisis sistem\u00e1tico e integrador de casos concretos en los cuales se advierte el influjo de las redes socio-digitales sobre los procesos de participaci\u00f3n pol\u00edtica, gobierno, participaci\u00f3n electoral y movilizaci\u00f3n de contrapoder. Esta investigaci\u00f3n indaga en torno a los fen\u00f3menos de la comunicaci\u00f3n pol\u00edtica digital, buscando brindar al lector elementos cr\u00edticos que permitan analizar y llegar a sus propias conclusiones con respecto de la interrelaci\u00f3n entre interactividad digital y democracia. Dirigida especialmente a estudiantes de Ciencias de la Comunicaci\u00f3n, Ciencias Pol\u00edticas y afines, pero con un contenido que puede resultar de inter\u00e9s general.<\/span><\/p>\n","protected":false},"excerpt":{"rendered":"<p>COMUNICACI\u00d3N POL\u00cdTICA EN REDES SOCIALES DIGITALES : TEOR\u00cdA Y PR\u00c1CTICA. <span style=\"font-weight: 400;\">\/<\/span> <span style=\"font-weight: 400;\">Gerardo Dorantes y Aguilar. Ciudad de M\u00e9xico, M\u00e9xico : Universidad Nacional Aut\u00f3noma de M\u00e9xico , Facultad de Ciencias Pol\u00edticas y Sociales ; Ediciones La Biblioteca, 2020. 329 pages : includes photos, tables, charts, map, bibliography ; 23 cm. ISBN : 9786073040129 (UNAM) ; 9786078733149 (Ediciones la Biblioteca).<\/span><\/p>\n","protected":false},"featured_media":5122,"template":"","meta":{"_acf_changed":false,"inline_featured_image":false},"product_brand":[],"product_cat":[4155,797],"product_tag":[4133,4153],"class_list":{"0":"post-5061","1":"product","2":"type-product","3":"status-publish","4":"has-post-thumbnail","6":"product_cat-democracia-y-elecciones","7":"product_cat-politica-y-ciencia-politica","8":"product_tag-democracia","9":"product_tag-redes-sociales","11":"first","12":"instock","13":"taxable","14":"shipping-taxable","15":"purchasable","16":"product-type-simple"},"acf":[],"yoast_head":"<!-- This site is optimized with the Yoast SEO plugin v27.3 - https:\/\/yoast.com\/product\/yoast-seo-wordpress\/ -->\n<title>Comunicaci\u00f3n pol\u00edtica en redes sociales digitales<\/title>\n<meta name=\"description\" content=\"COMUNICACI\u00d3N POL\u00cdTICA EN REDES SOCIALES DIGITALES : TEOR\u00cdA Y PR\u00c1CTICA. Gerardo Dorantes y Aguilar. UNAM, FCPyS ; Ediciones La Biblioteca, 2020.\" \/>\n<meta name=\"robots\" content=\"index, follow, max-snippet:-1, max-image-preview:large, max-video-preview:-1\" \/>\n<link rel=\"canonical\" href=\"https:\/\/booksfrommexico.com\/es\/producto\/comunicacion-politica-en-redes-sociales-digitales-teoria-y-practica\/\" \/>\n<meta property=\"og:locale\" content=\"es_ES\" \/>\n<meta property=\"og:type\" content=\"article\" \/>\n<meta property=\"og:title\" content=\"Comunicaci\u00f3n pol\u00edtica en redes sociales digitales\" \/>\n<meta property=\"og:description\" content=\"COMUNICACI\u00d3N POL\u00cdTICA EN REDES SOCIALES DIGITALES : TEOR\u00cdA Y PR\u00c1CTICA. Gerardo Dorantes y Aguilar. UNAM, FCPyS ; Ediciones La Biblioteca, 2020.\" \/>\n<meta property=\"og:url\" content=\"https:\/\/booksfrommexico.com\/es\/producto\/comunicacion-politica-en-redes-sociales-digitales-teoria-y-practica\/\" \/>\n<meta property=\"og:site_name\" content=\"Books From Mexico\" \/>\n<meta property=\"article:modified_time\" content=\"2024-02-15T22:44:49+00:00\" \/>\n<meta property=\"og:image\" content=\"http:\/\/booksfrommexico.com\/app\/uploads\/2024\/02\/197066.jpeg\" \/>\n\t<meta property=\"og:image:width\" content=\"470\" \/>\n\t<meta property=\"og:image:height\" content=\"662\" \/>\n\t<meta property=\"og:image:type\" content=\"image\/jpeg\" \/>\n<meta name=\"twitter:card\" content=\"summary_large_image\" \/>\n<meta name=\"twitter:label1\" content=\"Tiempo de lectura\" \/>\n\t<meta name=\"twitter:data1\" content=\"1 minuto\" \/>\n<script type=\"application\/ld+json\" class=\"yoast-schema-graph\">{\"@context\":\"https:\\\/\\\/schema.org\",\"@graph\":[{\"@type\":\"WebPage\",\"@id\":\"https:\\\/\\\/booksfrommexico.com\\\/es\\\/producto\\\/comunicacion-politica-en-redes-sociales-digitales-teoria-y-practica\\\/\",\"url\":\"https:\\\/\\\/booksfrommexico.com\\\/es\\\/producto\\\/comunicacion-politica-en-redes-sociales-digitales-teoria-y-practica\\\/\",\"name\":\"Comunicaci\u00f3n pol\u00edtica en redes sociales digitales\",\"isPartOf\":{\"@id\":\"https:\\\/\\\/booksfrommexico.com\\\/#website\"},\"primaryImageOfPage\":{\"@id\":\"https:\\\/\\\/booksfrommexico.com\\\/es\\\/producto\\\/comunicacion-politica-en-redes-sociales-digitales-teoria-y-practica\\\/#primaryimage\"},\"image\":{\"@id\":\"https:\\\/\\\/booksfrommexico.com\\\/es\\\/producto\\\/comunicacion-politica-en-redes-sociales-digitales-teoria-y-practica\\\/#primaryimage\"},\"thumbnailUrl\":\"https:\\\/\\\/booksfrommexico.com\\\/app\\\/uploads\\\/2024\\\/02\\\/197066.jpeg\",\"datePublished\":\"2024-02-14T23:26:55+00:00\",\"dateModified\":\"2024-02-15T22:44:49+00:00\",\"description\":\"COMUNICACI\u00d3N POL\u00cdTICA EN REDES SOCIALES DIGITALES : TEOR\u00cdA Y PR\u00c1CTICA. Gerardo Dorantes y Aguilar. UNAM, FCPyS ; Ediciones La Biblioteca, 2020.\",\"breadcrumb\":{\"@id\":\"https:\\\/\\\/booksfrommexico.com\\\/es\\\/producto\\\/comunicacion-politica-en-redes-sociales-digitales-teoria-y-practica\\\/#breadcrumb\"},\"inLanguage\":\"es\",\"potentialAction\":[{\"@type\":\"ReadAction\",\"target\":[\"https:\\\/\\\/booksfrommexico.com\\\/es\\\/producto\\\/comunicacion-politica-en-redes-sociales-digitales-teoria-y-practica\\\/\"]}]},{\"@type\":\"ImageObject\",\"inLanguage\":\"es\",\"@id\":\"https:\\\/\\\/booksfrommexico.com\\\/es\\\/producto\\\/comunicacion-politica-en-redes-sociales-digitales-teoria-y-practica\\\/#primaryimage\",\"url\":\"https:\\\/\\\/booksfrommexico.com\\\/app\\\/uploads\\\/2024\\\/02\\\/197066.jpeg\",\"contentUrl\":\"https:\\\/\\\/booksfrommexico.com\\\/app\\\/uploads\\\/2024\\\/02\\\/197066.jpeg\",\"width\":470,\"height\":662,\"caption\":\"Comunicaci\u00f3n pol\u00edtica en redes sociales digitales : teor\u00eda y pr\u00e1ctica\"},{\"@type\":\"BreadcrumbList\",\"@id\":\"https:\\\/\\\/booksfrommexico.com\\\/es\\\/producto\\\/comunicacion-politica-en-redes-sociales-digitales-teoria-y-practica\\\/#breadcrumb\",\"itemListElement\":[{\"@type\":\"ListItem\",\"position\":1,\"name\":\"Home\",\"item\":\"https:\\\/\\\/booksfrommexico.com\\\/es\\\/\"},{\"@type\":\"ListItem\",\"position\":2,\"name\":\"Libros\",\"item\":\"https:\\\/\\\/booksfrommexico.com\\\/es\\\/libros\\\/\"},{\"@type\":\"ListItem\",\"position\":3,\"name\":\"Comunicaci\u00f3n pol\u00edtica en redes sociales digitales\"}]},{\"@type\":\"WebSite\",\"@id\":\"https:\\\/\\\/booksfrommexico.com\\\/#website\",\"url\":\"https:\\\/\\\/booksfrommexico.com\\\/\",\"name\":\"Books From Mexico\",\"description\":\"\",\"publisher\":{\"@id\":\"https:\\\/\\\/booksfrommexico.com\\\/#organization\"},\"potentialAction\":[{\"@type\":\"SearchAction\",\"target\":{\"@type\":\"EntryPoint\",\"urlTemplate\":\"https:\\\/\\\/booksfrommexico.com\\\/?s={search_term_string}\"},\"query-input\":{\"@type\":\"PropertyValueSpecification\",\"valueRequired\":true,\"valueName\":\"search_term_string\"}}],\"inLanguage\":\"es\"},{\"@type\":\"Organization\",\"@id\":\"https:\\\/\\\/booksfrommexico.com\\\/#organization\",\"name\":\"Books From Mexico\",\"url\":\"https:\\\/\\\/booksfrommexico.com\\\/\",\"logo\":{\"@type\":\"ImageObject\",\"inLanguage\":\"es\",\"@id\":\"https:\\\/\\\/booksfrommexico.com\\\/#\\\/schema\\\/logo\\\/image\\\/\",\"url\":\"https:\\\/\\\/booksfrommexico.com\\\/app\\\/uploads\\\/2023\\\/05\\\/logo-booksfrommexico.svg\",\"contentUrl\":\"https:\\\/\\\/booksfrommexico.com\\\/app\\\/uploads\\\/2023\\\/05\\\/logo-booksfrommexico.svg\",\"width\":86,\"height\":56,\"caption\":\"Books From Mexico\"},\"image\":{\"@id\":\"https:\\\/\\\/booksfrommexico.com\\\/#\\\/schema\\\/logo\\\/image\\\/\"}}]}<\/script>\n<!-- \/ Yoast SEO plugin. -->","yoast_head_json":{"title":"Comunicaci\u00f3n pol\u00edtica en redes sociales digitales","description":"COMUNICACI\u00d3N POL\u00cdTICA EN REDES SOCIALES DIGITALES : TEOR\u00cdA Y PR\u00c1CTICA. Gerardo Dorantes y Aguilar. UNAM, FCPyS ; Ediciones La Biblioteca, 2020.","robots":{"index":"index","follow":"follow","max-snippet":"max-snippet:-1","max-image-preview":"max-image-preview:large","max-video-preview":"max-video-preview:-1"},"canonical":"https:\/\/booksfrommexico.com\/es\/producto\/comunicacion-politica-en-redes-sociales-digitales-teoria-y-practica\/","og_locale":"es_ES","og_type":"article","og_title":"Comunicaci\u00f3n pol\u00edtica en redes sociales digitales","og_description":"COMUNICACI\u00d3N POL\u00cdTICA EN REDES SOCIALES DIGITALES : TEOR\u00cdA Y PR\u00c1CTICA. Gerardo Dorantes y Aguilar. UNAM, FCPyS ; Ediciones La Biblioteca, 2020.","og_url":"https:\/\/booksfrommexico.com\/es\/producto\/comunicacion-politica-en-redes-sociales-digitales-teoria-y-practica\/","og_site_name":"Books From Mexico","article_modified_time":"2024-02-15T22:44:49+00:00","og_image":[{"width":470,"height":662,"url":"http:\/\/booksfrommexico.com\/app\/uploads\/2024\/02\/197066.jpeg","type":"image\/jpeg"}],"twitter_card":"summary_large_image","twitter_misc":{"Tiempo de lectura":"1 minuto"},"schema":{"@context":"https:\/\/schema.org","@graph":[{"@type":"WebPage","@id":"https:\/\/booksfrommexico.com\/es\/producto\/comunicacion-politica-en-redes-sociales-digitales-teoria-y-practica\/","url":"https:\/\/booksfrommexico.com\/es\/producto\/comunicacion-politica-en-redes-sociales-digitales-teoria-y-practica\/","name":"Comunicaci\u00f3n pol\u00edtica en redes sociales digitales","isPartOf":{"@id":"https:\/\/booksfrommexico.com\/#website"},"primaryImageOfPage":{"@id":"https:\/\/booksfrommexico.com\/es\/producto\/comunicacion-politica-en-redes-sociales-digitales-teoria-y-practica\/#primaryimage"},"image":{"@id":"https:\/\/booksfrommexico.com\/es\/producto\/comunicacion-politica-en-redes-sociales-digitales-teoria-y-practica\/#primaryimage"},"thumbnailUrl":"https:\/\/booksfrommexico.com\/app\/uploads\/2024\/02\/197066.jpeg","datePublished":"2024-02-14T23:26:55+00:00","dateModified":"2024-02-15T22:44:49+00:00","description":"COMUNICACI\u00d3N POL\u00cdTICA EN REDES SOCIALES DIGITALES : TEOR\u00cdA Y PR\u00c1CTICA. Gerardo Dorantes y Aguilar. UNAM, FCPyS ; Ediciones La Biblioteca, 2020.","breadcrumb":{"@id":"https:\/\/booksfrommexico.com\/es\/producto\/comunicacion-politica-en-redes-sociales-digitales-teoria-y-practica\/#breadcrumb"},"inLanguage":"es","potentialAction":[{"@type":"ReadAction","target":["https:\/\/booksfrommexico.com\/es\/producto\/comunicacion-politica-en-redes-sociales-digitales-teoria-y-practica\/"]}]},{"@type":"ImageObject","inLanguage":"es","@id":"https:\/\/booksfrommexico.com\/es\/producto\/comunicacion-politica-en-redes-sociales-digitales-teoria-y-practica\/#primaryimage","url":"https:\/\/booksfrommexico.com\/app\/uploads\/2024\/02\/197066.jpeg","contentUrl":"https:\/\/booksfrommexico.com\/app\/uploads\/2024\/02\/197066.jpeg","width":470,"height":662,"caption":"Comunicaci\u00f3n pol\u00edtica en redes sociales digitales : teor\u00eda y pr\u00e1ctica"},{"@type":"BreadcrumbList","@id":"https:\/\/booksfrommexico.com\/es\/producto\/comunicacion-politica-en-redes-sociales-digitales-teoria-y-practica\/#breadcrumb","itemListElement":[{"@type":"ListItem","position":1,"name":"Home","item":"https:\/\/booksfrommexico.com\/es\/"},{"@type":"ListItem","position":2,"name":"Libros","item":"https:\/\/booksfrommexico.com\/es\/libros\/"},{"@type":"ListItem","position":3,"name":"Comunicaci\u00f3n pol\u00edtica en redes sociales digitales"}]},{"@type":"WebSite","@id":"https:\/\/booksfrommexico.com\/#website","url":"https:\/\/booksfrommexico.com\/","name":"Books From Mexico","description":"","publisher":{"@id":"https:\/\/booksfrommexico.com\/#organization"},"potentialAction":[{"@type":"SearchAction","target":{"@type":"EntryPoint","urlTemplate":"https:\/\/booksfrommexico.com\/?s={search_term_string}"},"query-input":{"@type":"PropertyValueSpecification","valueRequired":true,"valueName":"search_term_string"}}],"inLanguage":"es"},{"@type":"Organization","@id":"https:\/\/booksfrommexico.com\/#organization","name":"Books From Mexico","url":"https:\/\/booksfrommexico.com\/","logo":{"@type":"ImageObject","inLanguage":"es","@id":"https:\/\/booksfrommexico.com\/#\/schema\/logo\/image\/","url":"https:\/\/booksfrommexico.com\/app\/uploads\/2023\/05\/logo-booksfrommexico.svg","contentUrl":"https:\/\/booksfrommexico.com\/app\/uploads\/2023\/05\/logo-booksfrommexico.svg","width":86,"height":56,"caption":"Books From Mexico"},"image":{"@id":"https:\/\/booksfrommexico.com\/#\/schema\/logo\/image\/"}}]}},"_links":{"self":[{"href":"https:\/\/booksfrommexico.com\/es\/wp-json\/wp\/v2\/product\/5061","targetHints":{"allow":["GET"]}}],"collection":[{"href":"https:\/\/booksfrommexico.com\/es\/wp-json\/wp\/v2\/product"}],"about":[{"href":"https:\/\/booksfrommexico.com\/es\/wp-json\/wp\/v2\/types\/product"}],"wp:featuredmedia":[{"embeddable":true,"href":"https:\/\/booksfrommexico.com\/es\/wp-json\/wp\/v2\/media\/5122"}],"wp:attachment":[{"href":"https:\/\/booksfrommexico.com\/es\/wp-json\/wp\/v2\/media?parent=5061"}],"wp:term":[{"taxonomy":"product_brand","embeddable":true,"href":"https:\/\/booksfrommexico.com\/es\/wp-json\/wp\/v2\/product_brand?post=5061"},{"taxonomy":"product_cat","embeddable":true,"href":"https:\/\/booksfrommexico.com\/es\/wp-json\/wp\/v2\/product_cat?post=5061"},{"taxonomy":"product_tag","embeddable":true,"href":"https:\/\/booksfrommexico.com\/es\/wp-json\/wp\/v2\/product_tag?post=5061"}],"curies":[{"name":"wp","href":"https:\/\/api.w.org\/{rel}","templated":true}]}}