{"id":5062,"date":"2024-02-14T23:26:55","date_gmt":"2024-02-14T23:26:55","guid":{"rendered":"https:\/\/booksfrommexico.com\/product\/historia-minima-del-comunismo-y-anticomunismo-en-el-debate-mexicano\/"},"modified":"2024-02-15T23:14:31","modified_gmt":"2024-02-15T23:14:31","slug":"historia-minima-del-comunismo-y-anticomunismo-en-el-debate-mexicano","status":"publish","type":"product","link":"https:\/\/booksfrommexico.com\/es\/producto\/historia-minima-del-comunismo-y-anticomunismo-en-el-debate-mexicano\/","title":{"rendered":"Comunismo y anticomunismo en el debate mexicano"},"content":{"rendered":"<p><span style=\"font-weight: 400;\">Tras el colapso del Muro de Berl\u00edn y la desaparici\u00f3n de la Uni\u00f3n Sovi\u00e9tica, el comunismo se consideraba acabado, mas su memoria e ideales emancipatorios resuenan a\u00fan en ciertos ambientes, as\u00ed como el lenguaje pol\u00edtico lo reanima con intermitencia. Tan viejo como el comunismo, y acompa\u00f1\u00e1ndolo en su trayectoria, est\u00e1 el anticomunismo, cuya ideolog\u00eda es nebulosa y m\u00e1s complicada de aprehender. Los autores de este volumen de la colecci\u00f3n de <\/span><i><span style=\"font-weight: 400;\">Historias M\u00ednimas <\/span><\/i><span style=\"font-weight: 400;\">consideran que ambas corrientes deben estudiarse juntas para poder comprenderlas en su amplitud, en esta ocasi\u00f3n abren el debate p\u00fablico mexicano para hacerlo.<\/span><\/p>\n","protected":false},"excerpt":{"rendered":"<p>HISTORIA M\u00cdNIMA DEL COMUNISMO Y ANTICOMUNISMO EN EL DEBATE MEXICANO. <span style=\"font-weight: 400;\">\/ Carlos Illades, Daniel Kent Carrasco. Ciudad de M\u00e9xico, M\u00e9xico : El Colegio de M\u00e9xico, 2022. 271 pages : includes bibliography ; 21 cm. (Colecci\u00f3n Historias M\u00ednimas). ISBN : 9786075643441 (volumen) ; 9786075641737 (colecci\u00f3n).\u00a0<\/span><\/p>\n","protected":false},"featured_media":5125,"template":"","meta":{"_acf_changed":false,"inline_featured_image":false},"product_brand":[],"product_cat":[797],"product_tag":[4157],"class_list":{"0":"post-5062","1":"product","2":"type-product","3":"status-publish","4":"has-post-thumbnail","6":"product_cat-politica-y-ciencia-politica","7":"product_tag-comunismo","9":"first","10":"instock","11":"taxable","12":"shipping-taxable","13":"purchasable","14":"product-type-simple"},"acf":[],"yoast_head":"<!-- This site is optimized with the Yoast SEO plugin v27.3 - https:\/\/yoast.com\/product\/yoast-seo-wordpress\/ -->\n<title>Comunismo y anticomunismo en el debate mexicano<\/title>\n<meta name=\"description\" content=\"HISTORIA M\u00cdNIMA DEL COMUNISMO Y ANTICOMUNISMO EN EL DEBATE MEXICANO. \/ Carlos Illades, Daniel Kent Carrasco. 2022. (Colecci\u00f3n Historias M\u00ednimas).\" \/>\n<meta name=\"robots\" content=\"index, follow, max-snippet:-1, max-image-preview:large, max-video-preview:-1\" \/>\n<link rel=\"canonical\" href=\"https:\/\/booksfrommexico.com\/es\/producto\/historia-minima-del-comunismo-y-anticomunismo-en-el-debate-mexicano\/\" \/>\n<meta property=\"og:locale\" content=\"es_ES\" \/>\n<meta property=\"og:type\" content=\"article\" \/>\n<meta property=\"og:title\" content=\"Comunismo y anticomunismo en el debate mexicano\" \/>\n<meta property=\"og:description\" content=\"HISTORIA M\u00cdNIMA DEL COMUNISMO Y ANTICOMUNISMO EN EL DEBATE MEXICANO. \/ Carlos Illades, Daniel Kent Carrasco. 2022. (Colecci\u00f3n Historias M\u00ednimas).\" \/>\n<meta property=\"og:url\" content=\"https:\/\/booksfrommexico.com\/es\/producto\/historia-minima-del-comunismo-y-anticomunismo-en-el-debate-mexicano\/\" \/>\n<meta property=\"og:site_name\" content=\"Books From Mexico\" \/>\n<meta property=\"article:modified_time\" content=\"2024-02-15T23:14:31+00:00\" \/>\n<meta property=\"og:image\" content=\"http:\/\/booksfrommexico.com\/app\/uploads\/2024\/02\/197153.jpeg\" \/>\n\t<meta property=\"og:image:width\" content=\"398\" \/>\n\t<meta property=\"og:image:height\" content=\"606\" \/>\n\t<meta property=\"og:image:type\" content=\"image\/jpeg\" \/>\n<meta name=\"twitter:card\" content=\"summary_large_image\" \/>\n<meta name=\"twitter:label1\" content=\"Tiempo de lectura\" \/>\n\t<meta name=\"twitter:data1\" content=\"1 minuto\" \/>\n<script type=\"application\/ld+json\" class=\"yoast-schema-graph\">{\"@context\":\"https:\\\/\\\/schema.org\",\"@graph\":[{\"@type\":\"WebPage\",\"@id\":\"https:\\\/\\\/booksfrommexico.com\\\/es\\\/producto\\\/historia-minima-del-comunismo-y-anticomunismo-en-el-debate-mexicano\\\/\",\"url\":\"https:\\\/\\\/booksfrommexico.com\\\/es\\\/producto\\\/historia-minima-del-comunismo-y-anticomunismo-en-el-debate-mexicano\\\/\",\"name\":\"Comunismo y anticomunismo en el debate mexicano\",\"isPartOf\":{\"@id\":\"https:\\\/\\\/booksfrommexico.com\\\/#website\"},\"primaryImageOfPage\":{\"@id\":\"https:\\\/\\\/booksfrommexico.com\\\/es\\\/producto\\\/historia-minima-del-comunismo-y-anticomunismo-en-el-debate-mexicano\\\/#primaryimage\"},\"image\":{\"@id\":\"https:\\\/\\\/booksfrommexico.com\\\/es\\\/producto\\\/historia-minima-del-comunismo-y-anticomunismo-en-el-debate-mexicano\\\/#primaryimage\"},\"thumbnailUrl\":\"https:\\\/\\\/booksfrommexico.com\\\/app\\\/uploads\\\/2024\\\/02\\\/197153.jpeg\",\"datePublished\":\"2024-02-14T23:26:55+00:00\",\"dateModified\":\"2024-02-15T23:14:31+00:00\",\"description\":\"HISTORIA M\u00cdNIMA DEL COMUNISMO Y ANTICOMUNISMO EN EL DEBATE MEXICANO. \\\/ Carlos Illades, Daniel Kent Carrasco. 2022. (Colecci\u00f3n Historias M\u00ednimas).\",\"breadcrumb\":{\"@id\":\"https:\\\/\\\/booksfrommexico.com\\\/es\\\/producto\\\/historia-minima-del-comunismo-y-anticomunismo-en-el-debate-mexicano\\\/#breadcrumb\"},\"inLanguage\":\"es\",\"potentialAction\":[{\"@type\":\"ReadAction\",\"target\":[\"https:\\\/\\\/booksfrommexico.com\\\/es\\\/producto\\\/historia-minima-del-comunismo-y-anticomunismo-en-el-debate-mexicano\\\/\"]}]},{\"@type\":\"ImageObject\",\"inLanguage\":\"es\",\"@id\":\"https:\\\/\\\/booksfrommexico.com\\\/es\\\/producto\\\/historia-minima-del-comunismo-y-anticomunismo-en-el-debate-mexicano\\\/#primaryimage\",\"url\":\"https:\\\/\\\/booksfrommexico.com\\\/app\\\/uploads\\\/2024\\\/02\\\/197153.jpeg\",\"contentUrl\":\"https:\\\/\\\/booksfrommexico.com\\\/app\\\/uploads\\\/2024\\\/02\\\/197153.jpeg\",\"width\":398,\"height\":606,\"caption\":\"Historia m\u00ednima del comunismo y anticomunismo en el debate mexicano\"},{\"@type\":\"BreadcrumbList\",\"@id\":\"https:\\\/\\\/booksfrommexico.com\\\/es\\\/producto\\\/historia-minima-del-comunismo-y-anticomunismo-en-el-debate-mexicano\\\/#breadcrumb\",\"itemListElement\":[{\"@type\":\"ListItem\",\"position\":1,\"name\":\"Home\",\"item\":\"https:\\\/\\\/booksfrommexico.com\\\/es\\\/\"},{\"@type\":\"ListItem\",\"position\":2,\"name\":\"Libros\",\"item\":\"https:\\\/\\\/booksfrommexico.com\\\/es\\\/libros\\\/\"},{\"@type\":\"ListItem\",\"position\":3,\"name\":\"Comunismo y anticomunismo en el debate mexicano\"}]},{\"@type\":\"WebSite\",\"@id\":\"https:\\\/\\\/booksfrommexico.com\\\/#website\",\"url\":\"https:\\\/\\\/booksfrommexico.com\\\/\",\"name\":\"Books From Mexico\",\"description\":\"\",\"publisher\":{\"@id\":\"https:\\\/\\\/booksfrommexico.com\\\/#organization\"},\"potentialAction\":[{\"@type\":\"SearchAction\",\"target\":{\"@type\":\"EntryPoint\",\"urlTemplate\":\"https:\\\/\\\/booksfrommexico.com\\\/?s={search_term_string}\"},\"query-input\":{\"@type\":\"PropertyValueSpecification\",\"valueRequired\":true,\"valueName\":\"search_term_string\"}}],\"inLanguage\":\"es\"},{\"@type\":\"Organization\",\"@id\":\"https:\\\/\\\/booksfrommexico.com\\\/#organization\",\"name\":\"Books From Mexico\",\"url\":\"https:\\\/\\\/booksfrommexico.com\\\/\",\"logo\":{\"@type\":\"ImageObject\",\"inLanguage\":\"es\",\"@id\":\"https:\\\/\\\/booksfrommexico.com\\\/#\\\/schema\\\/logo\\\/image\\\/\",\"url\":\"https:\\\/\\\/booksfrommexico.com\\\/app\\\/uploads\\\/2023\\\/05\\\/logo-booksfrommexico.svg\",\"contentUrl\":\"https:\\\/\\\/booksfrommexico.com\\\/app\\\/uploads\\\/2023\\\/05\\\/logo-booksfrommexico.svg\",\"width\":86,\"height\":56,\"caption\":\"Books From Mexico\"},\"image\":{\"@id\":\"https:\\\/\\\/booksfrommexico.com\\\/#\\\/schema\\\/logo\\\/image\\\/\"}}]}<\/script>\n<!-- \/ Yoast SEO plugin. -->","yoast_head_json":{"title":"Comunismo y anticomunismo en el debate mexicano","description":"HISTORIA M\u00cdNIMA DEL COMUNISMO Y ANTICOMUNISMO EN EL DEBATE MEXICANO. \/ Carlos Illades, Daniel Kent Carrasco. 2022. (Colecci\u00f3n Historias M\u00ednimas).","robots":{"index":"index","follow":"follow","max-snippet":"max-snippet:-1","max-image-preview":"max-image-preview:large","max-video-preview":"max-video-preview:-1"},"canonical":"https:\/\/booksfrommexico.com\/es\/producto\/historia-minima-del-comunismo-y-anticomunismo-en-el-debate-mexicano\/","og_locale":"es_ES","og_type":"article","og_title":"Comunismo y anticomunismo en el debate mexicano","og_description":"HISTORIA M\u00cdNIMA DEL COMUNISMO Y ANTICOMUNISMO EN EL DEBATE MEXICANO. \/ Carlos Illades, Daniel Kent Carrasco. 2022. (Colecci\u00f3n Historias M\u00ednimas).","og_url":"https:\/\/booksfrommexico.com\/es\/producto\/historia-minima-del-comunismo-y-anticomunismo-en-el-debate-mexicano\/","og_site_name":"Books From Mexico","article_modified_time":"2024-02-15T23:14:31+00:00","og_image":[{"width":398,"height":606,"url":"http:\/\/booksfrommexico.com\/app\/uploads\/2024\/02\/197153.jpeg","type":"image\/jpeg"}],"twitter_card":"summary_large_image","twitter_misc":{"Tiempo de lectura":"1 minuto"},"schema":{"@context":"https:\/\/schema.org","@graph":[{"@type":"WebPage","@id":"https:\/\/booksfrommexico.com\/es\/producto\/historia-minima-del-comunismo-y-anticomunismo-en-el-debate-mexicano\/","url":"https:\/\/booksfrommexico.com\/es\/producto\/historia-minima-del-comunismo-y-anticomunismo-en-el-debate-mexicano\/","name":"Comunismo y anticomunismo en el debate mexicano","isPartOf":{"@id":"https:\/\/booksfrommexico.com\/#website"},"primaryImageOfPage":{"@id":"https:\/\/booksfrommexico.com\/es\/producto\/historia-minima-del-comunismo-y-anticomunismo-en-el-debate-mexicano\/#primaryimage"},"image":{"@id":"https:\/\/booksfrommexico.com\/es\/producto\/historia-minima-del-comunismo-y-anticomunismo-en-el-debate-mexicano\/#primaryimage"},"thumbnailUrl":"https:\/\/booksfrommexico.com\/app\/uploads\/2024\/02\/197153.jpeg","datePublished":"2024-02-14T23:26:55+00:00","dateModified":"2024-02-15T23:14:31+00:00","description":"HISTORIA M\u00cdNIMA DEL COMUNISMO Y ANTICOMUNISMO EN EL DEBATE MEXICANO. \/ Carlos Illades, Daniel Kent Carrasco. 2022. (Colecci\u00f3n Historias M\u00ednimas).","breadcrumb":{"@id":"https:\/\/booksfrommexico.com\/es\/producto\/historia-minima-del-comunismo-y-anticomunismo-en-el-debate-mexicano\/#breadcrumb"},"inLanguage":"es","potentialAction":[{"@type":"ReadAction","target":["https:\/\/booksfrommexico.com\/es\/producto\/historia-minima-del-comunismo-y-anticomunismo-en-el-debate-mexicano\/"]}]},{"@type":"ImageObject","inLanguage":"es","@id":"https:\/\/booksfrommexico.com\/es\/producto\/historia-minima-del-comunismo-y-anticomunismo-en-el-debate-mexicano\/#primaryimage","url":"https:\/\/booksfrommexico.com\/app\/uploads\/2024\/02\/197153.jpeg","contentUrl":"https:\/\/booksfrommexico.com\/app\/uploads\/2024\/02\/197153.jpeg","width":398,"height":606,"caption":"Historia m\u00ednima del comunismo y anticomunismo en el debate mexicano"},{"@type":"BreadcrumbList","@id":"https:\/\/booksfrommexico.com\/es\/producto\/historia-minima-del-comunismo-y-anticomunismo-en-el-debate-mexicano\/#breadcrumb","itemListElement":[{"@type":"ListItem","position":1,"name":"Home","item":"https:\/\/booksfrommexico.com\/es\/"},{"@type":"ListItem","position":2,"name":"Libros","item":"https:\/\/booksfrommexico.com\/es\/libros\/"},{"@type":"ListItem","position":3,"name":"Comunismo y anticomunismo en el debate mexicano"}]},{"@type":"WebSite","@id":"https:\/\/booksfrommexico.com\/#website","url":"https:\/\/booksfrommexico.com\/","name":"Books From Mexico","description":"","publisher":{"@id":"https:\/\/booksfrommexico.com\/#organization"},"potentialAction":[{"@type":"SearchAction","target":{"@type":"EntryPoint","urlTemplate":"https:\/\/booksfrommexico.com\/?s={search_term_string}"},"query-input":{"@type":"PropertyValueSpecification","valueRequired":true,"valueName":"search_term_string"}}],"inLanguage":"es"},{"@type":"Organization","@id":"https:\/\/booksfrommexico.com\/#organization","name":"Books From Mexico","url":"https:\/\/booksfrommexico.com\/","logo":{"@type":"ImageObject","inLanguage":"es","@id":"https:\/\/booksfrommexico.com\/#\/schema\/logo\/image\/","url":"https:\/\/booksfrommexico.com\/app\/uploads\/2023\/05\/logo-booksfrommexico.svg","contentUrl":"https:\/\/booksfrommexico.com\/app\/uploads\/2023\/05\/logo-booksfrommexico.svg","width":86,"height":56,"caption":"Books From Mexico"},"image":{"@id":"https:\/\/booksfrommexico.com\/#\/schema\/logo\/image\/"}}]}},"_links":{"self":[{"href":"https:\/\/booksfrommexico.com\/es\/wp-json\/wp\/v2\/product\/5062","targetHints":{"allow":["GET"]}}],"collection":[{"href":"https:\/\/booksfrommexico.com\/es\/wp-json\/wp\/v2\/product"}],"about":[{"href":"https:\/\/booksfrommexico.com\/es\/wp-json\/wp\/v2\/types\/product"}],"wp:featuredmedia":[{"embeddable":true,"href":"https:\/\/booksfrommexico.com\/es\/wp-json\/wp\/v2\/media\/5125"}],"wp:attachment":[{"href":"https:\/\/booksfrommexico.com\/es\/wp-json\/wp\/v2\/media?parent=5062"}],"wp:term":[{"taxonomy":"product_brand","embeddable":true,"href":"https:\/\/booksfrommexico.com\/es\/wp-json\/wp\/v2\/product_brand?post=5062"},{"taxonomy":"product_cat","embeddable":true,"href":"https:\/\/booksfrommexico.com\/es\/wp-json\/wp\/v2\/product_cat?post=5062"},{"taxonomy":"product_tag","embeddable":true,"href":"https:\/\/booksfrommexico.com\/es\/wp-json\/wp\/v2\/product_tag?post=5062"}],"curies":[{"name":"wp","href":"https:\/\/api.w.org\/{rel}","templated":true}]}}