{"id":5063,"date":"2024-02-14T23:26:55","date_gmt":"2024-02-14T23:26:55","guid":{"rendered":"https:\/\/booksfrommexico.com\/product\/flujos-migratorios-y-la-covid-19-el-2020-un-ano-atipico-en-la-economia-mexicana\/"},"modified":"2024-06-04T19:33:50","modified_gmt":"2024-06-04T19:33:50","slug":"flujos-migratorios-y-la-covid-19-el-2020-un-ano-atipico-en-la-economia-mexicana","status":"publish","type":"product","link":"https:\/\/booksfrommexico.com\/es\/producto\/flujos-migratorios-y-la-covid-19-el-2020-un-ano-atipico-en-la-economia-mexicana\/","title":{"rendered":"Flujos migratorios y la COVID-19"},"content":{"rendered":"<p><span style=\"font-weight: 400;\">La pandemia por Covid-19 ha replanteado la pol\u00edtica migratoria en la medida en que el factor salud ha pasado a representar un elemento de primera atenci\u00f3n. Los pa\u00edses han atravesado profundas ca\u00eddas en sus niveles de crecimiento econ\u00f3mico y graves deterioros en materia de bienestar social, evidenciando la fragilidad de los sistemas de salud, adem\u00e1s de poner de manifiesto los intereses de los grupos de poder en los \u00e1mbitos internacional y nacional. Esta investigaci\u00f3n, realizada por m\u00e1s de 20 autores, presenta la realidad migratoria y econ\u00f3mica de M\u00e9xico, aportando nuevos entendimientos, visiones y propuestas para superar las grietas dejadas tras la pandemia conjunta al gobierno de Andr\u00e9s Manuel L\u00f3pez Obrador.<\/span><\/p>\n","protected":false},"excerpt":{"rendered":"<p>FLUJOS MIGRATORIOS Y LA COVID-19 : EL 2020 UN A\u00d1O AT\u00cdPICO EN LA ECONOM\u00cdA MEXICANA. <span style=\"font-weight: 400;\">\/ Casimiro Leco Tom\u00e1s, Jos\u00e9 C\u00e9sar Lenin Navarro Ch\u00e1vez (coordinators). Michoac\u00e1n, M\u00e9xico : Universidad Michoacana de San Nicol\u00e1s de Hidalgo ; Instituto de Investigaciones Econ\u00f3micas y Empresariales ; Centro Nicolatia de Estudios Migratorios ; Guanajuato, M\u00e9xico : Universidad de Guanajuato ; Zacatecas, M\u00e9xico : Universidad Aut\u00f3noma de Zacatecas, 2020. 281 pages : includes tables, charts, graphics, maps, references at the end of each chapter, bibliography ; 23 cm. ISBN : 9786075421575.\u00a0<\/span><\/p>\n","protected":false},"featured_media":5133,"template":"","meta":{"_acf_changed":false,"inline_featured_image":false},"product_brand":[],"product_cat":[1065,47,568],"product_tag":[4116,3685],"class_list":{"0":"post-5063","1":"product","2":"type-product","3":"status-publish","4":"has-post-thumbnail","6":"product_cat-condiciones-sociales-y-politicas-de-la-migracion","7":"product_cat-economia","8":"product_cat-inmigracion-hacia-desde-otros-paises-temas-de-inmigracion-y-migraciones-humanas","9":"product_tag-covid-19","10":"product_tag-inmigracion","12":"first","13":"instock","14":"taxable","15":"shipping-taxable","16":"purchasable","17":"product-type-simple"},"acf":[],"yoast_head":"<!-- This site is optimized with the Yoast SEO plugin v27.3 - https:\/\/yoast.com\/product\/yoast-seo-wordpress\/ -->\n<title>Flujos migratorios y la COVID-19<\/title>\n<meta name=\"description\" content=\"FLUJOS MIGRATORIOS Y LA COVID-19 : EL 2020 UN A\u00d1O AT\u00cdPICO EN LA ECONOM\u00cdA MEXICANA. \/ Casimiro Leco Tom\u00e1s, Jos\u00e9 C\u00e9sar Lenin Navarro Ch\u00e1vez (coordinators).\" \/>\n<meta name=\"robots\" content=\"index, follow, max-snippet:-1, max-image-preview:large, max-video-preview:-1\" \/>\n<link rel=\"canonical\" href=\"https:\/\/booksfrommexico.com\/es\/producto\/flujos-migratorios-y-la-covid-19-el-2020-un-ano-atipico-en-la-economia-mexicana\/\" \/>\n<meta property=\"og:locale\" content=\"es_ES\" \/>\n<meta property=\"og:type\" content=\"article\" \/>\n<meta property=\"og:title\" content=\"Flujos migratorios y la COVID-19\" \/>\n<meta property=\"og:description\" content=\"FLUJOS MIGRATORIOS Y LA COVID-19 : EL 2020 UN A\u00d1O AT\u00cdPICO EN LA ECONOM\u00cdA MEXICANA. \/ Casimiro Leco Tom\u00e1s, Jos\u00e9 C\u00e9sar Lenin Navarro Ch\u00e1vez (coordinators).\" \/>\n<meta property=\"og:url\" content=\"https:\/\/booksfrommexico.com\/es\/producto\/flujos-migratorios-y-la-covid-19-el-2020-un-ano-atipico-en-la-economia-mexicana\/\" \/>\n<meta property=\"og:site_name\" content=\"Books From Mexico\" \/>\n<meta property=\"article:modified_time\" content=\"2024-06-04T19:33:50+00:00\" \/>\n<meta property=\"og:image\" content=\"http:\/\/booksfrommexico.com\/app\/uploads\/2024\/02\/197375.jpeg\" \/>\n\t<meta property=\"og:image:width\" content=\"462\" \/>\n\t<meta property=\"og:image:height\" content=\"664\" \/>\n\t<meta property=\"og:image:type\" content=\"image\/jpeg\" \/>\n<meta name=\"twitter:card\" content=\"summary_large_image\" \/>\n<meta name=\"twitter:label1\" content=\"Tiempo de lectura\" \/>\n\t<meta name=\"twitter:data1\" content=\"1 minuto\" \/>\n<script type=\"application\/ld+json\" class=\"yoast-schema-graph\">{\"@context\":\"https:\\\/\\\/schema.org\",\"@graph\":[{\"@type\":\"WebPage\",\"@id\":\"https:\\\/\\\/booksfrommexico.com\\\/es\\\/producto\\\/flujos-migratorios-y-la-covid-19-el-2020-un-ano-atipico-en-la-economia-mexicana\\\/\",\"url\":\"https:\\\/\\\/booksfrommexico.com\\\/es\\\/producto\\\/flujos-migratorios-y-la-covid-19-el-2020-un-ano-atipico-en-la-economia-mexicana\\\/\",\"name\":\"Flujos migratorios y la COVID-19\",\"isPartOf\":{\"@id\":\"https:\\\/\\\/booksfrommexico.com\\\/#website\"},\"primaryImageOfPage\":{\"@id\":\"https:\\\/\\\/booksfrommexico.com\\\/es\\\/producto\\\/flujos-migratorios-y-la-covid-19-el-2020-un-ano-atipico-en-la-economia-mexicana\\\/#primaryimage\"},\"image\":{\"@id\":\"https:\\\/\\\/booksfrommexico.com\\\/es\\\/producto\\\/flujos-migratorios-y-la-covid-19-el-2020-un-ano-atipico-en-la-economia-mexicana\\\/#primaryimage\"},\"thumbnailUrl\":\"https:\\\/\\\/booksfrommexico.com\\\/app\\\/uploads\\\/2024\\\/02\\\/197375.jpeg\",\"datePublished\":\"2024-02-14T23:26:55+00:00\",\"dateModified\":\"2024-06-04T19:33:50+00:00\",\"description\":\"FLUJOS MIGRATORIOS Y LA COVID-19 : EL 2020 UN A\u00d1O AT\u00cdPICO EN LA ECONOM\u00cdA MEXICANA. \\\/ Casimiro Leco Tom\u00e1s, Jos\u00e9 C\u00e9sar Lenin Navarro Ch\u00e1vez (coordinators).\",\"breadcrumb\":{\"@id\":\"https:\\\/\\\/booksfrommexico.com\\\/es\\\/producto\\\/flujos-migratorios-y-la-covid-19-el-2020-un-ano-atipico-en-la-economia-mexicana\\\/#breadcrumb\"},\"inLanguage\":\"es\",\"potentialAction\":[{\"@type\":\"ReadAction\",\"target\":[\"https:\\\/\\\/booksfrommexico.com\\\/es\\\/producto\\\/flujos-migratorios-y-la-covid-19-el-2020-un-ano-atipico-en-la-economia-mexicana\\\/\"]}]},{\"@type\":\"ImageObject\",\"inLanguage\":\"es\",\"@id\":\"https:\\\/\\\/booksfrommexico.com\\\/es\\\/producto\\\/flujos-migratorios-y-la-covid-19-el-2020-un-ano-atipico-en-la-economia-mexicana\\\/#primaryimage\",\"url\":\"https:\\\/\\\/booksfrommexico.com\\\/app\\\/uploads\\\/2024\\\/02\\\/197375.jpeg\",\"contentUrl\":\"https:\\\/\\\/booksfrommexico.com\\\/app\\\/uploads\\\/2024\\\/02\\\/197375.jpeg\",\"width\":462,\"height\":664,\"caption\":\"Flujos migratorios y la COVID-19 : el 2020 un a\u00f1o at\u00edpico en la econom\u00eda mexicana\"},{\"@type\":\"BreadcrumbList\",\"@id\":\"https:\\\/\\\/booksfrommexico.com\\\/es\\\/producto\\\/flujos-migratorios-y-la-covid-19-el-2020-un-ano-atipico-en-la-economia-mexicana\\\/#breadcrumb\",\"itemListElement\":[{\"@type\":\"ListItem\",\"position\":1,\"name\":\"Home\",\"item\":\"https:\\\/\\\/booksfrommexico.com\\\/es\\\/\"},{\"@type\":\"ListItem\",\"position\":2,\"name\":\"Libros\",\"item\":\"https:\\\/\\\/booksfrommexico.com\\\/es\\\/libros\\\/\"},{\"@type\":\"ListItem\",\"position\":3,\"name\":\"Flujos migratorios y la COVID-19\"}]},{\"@type\":\"WebSite\",\"@id\":\"https:\\\/\\\/booksfrommexico.com\\\/#website\",\"url\":\"https:\\\/\\\/booksfrommexico.com\\\/\",\"name\":\"Books From Mexico\",\"description\":\"\",\"publisher\":{\"@id\":\"https:\\\/\\\/booksfrommexico.com\\\/#organization\"},\"potentialAction\":[{\"@type\":\"SearchAction\",\"target\":{\"@type\":\"EntryPoint\",\"urlTemplate\":\"https:\\\/\\\/booksfrommexico.com\\\/?s={search_term_string}\"},\"query-input\":{\"@type\":\"PropertyValueSpecification\",\"valueRequired\":true,\"valueName\":\"search_term_string\"}}],\"inLanguage\":\"es\"},{\"@type\":\"Organization\",\"@id\":\"https:\\\/\\\/booksfrommexico.com\\\/#organization\",\"name\":\"Books From Mexico\",\"url\":\"https:\\\/\\\/booksfrommexico.com\\\/\",\"logo\":{\"@type\":\"ImageObject\",\"inLanguage\":\"es\",\"@id\":\"https:\\\/\\\/booksfrommexico.com\\\/#\\\/schema\\\/logo\\\/image\\\/\",\"url\":\"https:\\\/\\\/booksfrommexico.com\\\/app\\\/uploads\\\/2023\\\/05\\\/logo-booksfrommexico.svg\",\"contentUrl\":\"https:\\\/\\\/booksfrommexico.com\\\/app\\\/uploads\\\/2023\\\/05\\\/logo-booksfrommexico.svg\",\"width\":86,\"height\":56,\"caption\":\"Books From Mexico\"},\"image\":{\"@id\":\"https:\\\/\\\/booksfrommexico.com\\\/#\\\/schema\\\/logo\\\/image\\\/\"}}]}<\/script>\n<!-- \/ Yoast SEO plugin. -->","yoast_head_json":{"title":"Flujos migratorios y la COVID-19","description":"FLUJOS MIGRATORIOS Y LA COVID-19 : EL 2020 UN A\u00d1O AT\u00cdPICO EN LA ECONOM\u00cdA MEXICANA. \/ Casimiro Leco Tom\u00e1s, Jos\u00e9 C\u00e9sar Lenin Navarro Ch\u00e1vez (coordinators).","robots":{"index":"index","follow":"follow","max-snippet":"max-snippet:-1","max-image-preview":"max-image-preview:large","max-video-preview":"max-video-preview:-1"},"canonical":"https:\/\/booksfrommexico.com\/es\/producto\/flujos-migratorios-y-la-covid-19-el-2020-un-ano-atipico-en-la-economia-mexicana\/","og_locale":"es_ES","og_type":"article","og_title":"Flujos migratorios y la COVID-19","og_description":"FLUJOS MIGRATORIOS Y LA COVID-19 : EL 2020 UN A\u00d1O AT\u00cdPICO EN LA ECONOM\u00cdA MEXICANA. \/ Casimiro Leco Tom\u00e1s, Jos\u00e9 C\u00e9sar Lenin Navarro Ch\u00e1vez (coordinators).","og_url":"https:\/\/booksfrommexico.com\/es\/producto\/flujos-migratorios-y-la-covid-19-el-2020-un-ano-atipico-en-la-economia-mexicana\/","og_site_name":"Books From Mexico","article_modified_time":"2024-06-04T19:33:50+00:00","og_image":[{"width":462,"height":664,"url":"http:\/\/booksfrommexico.com\/app\/uploads\/2024\/02\/197375.jpeg","type":"image\/jpeg"}],"twitter_card":"summary_large_image","twitter_misc":{"Tiempo de lectura":"1 minuto"},"schema":{"@context":"https:\/\/schema.org","@graph":[{"@type":"WebPage","@id":"https:\/\/booksfrommexico.com\/es\/producto\/flujos-migratorios-y-la-covid-19-el-2020-un-ano-atipico-en-la-economia-mexicana\/","url":"https:\/\/booksfrommexico.com\/es\/producto\/flujos-migratorios-y-la-covid-19-el-2020-un-ano-atipico-en-la-economia-mexicana\/","name":"Flujos migratorios y la COVID-19","isPartOf":{"@id":"https:\/\/booksfrommexico.com\/#website"},"primaryImageOfPage":{"@id":"https:\/\/booksfrommexico.com\/es\/producto\/flujos-migratorios-y-la-covid-19-el-2020-un-ano-atipico-en-la-economia-mexicana\/#primaryimage"},"image":{"@id":"https:\/\/booksfrommexico.com\/es\/producto\/flujos-migratorios-y-la-covid-19-el-2020-un-ano-atipico-en-la-economia-mexicana\/#primaryimage"},"thumbnailUrl":"https:\/\/booksfrommexico.com\/app\/uploads\/2024\/02\/197375.jpeg","datePublished":"2024-02-14T23:26:55+00:00","dateModified":"2024-06-04T19:33:50+00:00","description":"FLUJOS MIGRATORIOS Y LA COVID-19 : EL 2020 UN A\u00d1O AT\u00cdPICO EN LA ECONOM\u00cdA MEXICANA. \/ Casimiro Leco Tom\u00e1s, Jos\u00e9 C\u00e9sar Lenin Navarro Ch\u00e1vez (coordinators).","breadcrumb":{"@id":"https:\/\/booksfrommexico.com\/es\/producto\/flujos-migratorios-y-la-covid-19-el-2020-un-ano-atipico-en-la-economia-mexicana\/#breadcrumb"},"inLanguage":"es","potentialAction":[{"@type":"ReadAction","target":["https:\/\/booksfrommexico.com\/es\/producto\/flujos-migratorios-y-la-covid-19-el-2020-un-ano-atipico-en-la-economia-mexicana\/"]}]},{"@type":"ImageObject","inLanguage":"es","@id":"https:\/\/booksfrommexico.com\/es\/producto\/flujos-migratorios-y-la-covid-19-el-2020-un-ano-atipico-en-la-economia-mexicana\/#primaryimage","url":"https:\/\/booksfrommexico.com\/app\/uploads\/2024\/02\/197375.jpeg","contentUrl":"https:\/\/booksfrommexico.com\/app\/uploads\/2024\/02\/197375.jpeg","width":462,"height":664,"caption":"Flujos migratorios y la COVID-19 : el 2020 un a\u00f1o at\u00edpico en la econom\u00eda mexicana"},{"@type":"BreadcrumbList","@id":"https:\/\/booksfrommexico.com\/es\/producto\/flujos-migratorios-y-la-covid-19-el-2020-un-ano-atipico-en-la-economia-mexicana\/#breadcrumb","itemListElement":[{"@type":"ListItem","position":1,"name":"Home","item":"https:\/\/booksfrommexico.com\/es\/"},{"@type":"ListItem","position":2,"name":"Libros","item":"https:\/\/booksfrommexico.com\/es\/libros\/"},{"@type":"ListItem","position":3,"name":"Flujos migratorios y la COVID-19"}]},{"@type":"WebSite","@id":"https:\/\/booksfrommexico.com\/#website","url":"https:\/\/booksfrommexico.com\/","name":"Books From Mexico","description":"","publisher":{"@id":"https:\/\/booksfrommexico.com\/#organization"},"potentialAction":[{"@type":"SearchAction","target":{"@type":"EntryPoint","urlTemplate":"https:\/\/booksfrommexico.com\/?s={search_term_string}"},"query-input":{"@type":"PropertyValueSpecification","valueRequired":true,"valueName":"search_term_string"}}],"inLanguage":"es"},{"@type":"Organization","@id":"https:\/\/booksfrommexico.com\/#organization","name":"Books From Mexico","url":"https:\/\/booksfrommexico.com\/","logo":{"@type":"ImageObject","inLanguage":"es","@id":"https:\/\/booksfrommexico.com\/#\/schema\/logo\/image\/","url":"https:\/\/booksfrommexico.com\/app\/uploads\/2023\/05\/logo-booksfrommexico.svg","contentUrl":"https:\/\/booksfrommexico.com\/app\/uploads\/2023\/05\/logo-booksfrommexico.svg","width":86,"height":56,"caption":"Books From Mexico"},"image":{"@id":"https:\/\/booksfrommexico.com\/#\/schema\/logo\/image\/"}}]}},"_links":{"self":[{"href":"https:\/\/booksfrommexico.com\/es\/wp-json\/wp\/v2\/product\/5063","targetHints":{"allow":["GET"]}}],"collection":[{"href":"https:\/\/booksfrommexico.com\/es\/wp-json\/wp\/v2\/product"}],"about":[{"href":"https:\/\/booksfrommexico.com\/es\/wp-json\/wp\/v2\/types\/product"}],"wp:featuredmedia":[{"embeddable":true,"href":"https:\/\/booksfrommexico.com\/es\/wp-json\/wp\/v2\/media\/5133"}],"wp:attachment":[{"href":"https:\/\/booksfrommexico.com\/es\/wp-json\/wp\/v2\/media?parent=5063"}],"wp:term":[{"taxonomy":"product_brand","embeddable":true,"href":"https:\/\/booksfrommexico.com\/es\/wp-json\/wp\/v2\/product_brand?post=5063"},{"taxonomy":"product_cat","embeddable":true,"href":"https:\/\/booksfrommexico.com\/es\/wp-json\/wp\/v2\/product_cat?post=5063"},{"taxonomy":"product_tag","embeddable":true,"href":"https:\/\/booksfrommexico.com\/es\/wp-json\/wp\/v2\/product_tag?post=5063"}],"curies":[{"name":"wp","href":"https:\/\/api.w.org\/{rel}","templated":true}]}}