{"id":5064,"date":"2024-02-14T23:26:55","date_gmt":"2024-02-14T23:26:55","guid":{"rendered":"https:\/\/booksfrommexico.com\/product\/bazar-nocturno\/"},"modified":"2024-02-15T23:47:28","modified_gmt":"2024-02-15T23:47:28","slug":"bazar-nocturno","status":"publish","type":"product","link":"https:\/\/booksfrommexico.com\/es\/producto\/bazar-nocturno\/","title":{"rendered":"Bazar nocturno"},"content":{"rendered":"<p><span style=\"font-weight: 400;\">Colecci\u00f3n de historias breves de literatura fant\u00e1stica, narradas con toques de humor y poes\u00eda, conjuntando en un mismo libro dos g\u00e9neros distintos: el cuento y la minificci\u00f3n. Utilizando apenas un par de frases logra articular personajes y lugares, guardando las l\u00edneas largas para hacer cuentos m\u00e1s largos al estilo de Poe. Originario de Tuxtla Guti\u00e9rrez, Carlos Iv\u00e1n S\u00e1nchez, emigr\u00f3 a la Ciudad de M\u00e9xico donde egres\u00f3 de la Escuela de Escritores de la SOGEM, para m\u00e1s tarde publicar ensayos y cuentos en revistas digitales como <\/span><i><span style=\"font-weight: 400;\">Penumbria<\/span><\/i><span style=\"font-weight: 400;\">, <\/span><i><span style=\"font-weight: 400;\">Marabunta<\/span><\/i><span style=\"font-weight: 400;\"> y <\/span><i><span style=\"font-weight: 400;\">Minificci\u00f3n<\/span><\/i><span style=\"font-weight: 400;\">. Este repertorio fue escrito a lo largo de cuatro a\u00f1os y es presentado como la primera obra del autor.\u00a0<\/span><\/p>\n","protected":false},"excerpt":{"rendered":"<p>BAZAR NOCTURNO. <span style=\"font-weight: 400;\">\/ Carlos Iv\u00e1n S\u00e1nchez. Chiapas, M\u00e9xico : Secretar\u00eda de Cultura , Consejo Estatal para las Culturas y las Artes , Direcci\u00f3n de Publicaciones ; Universidad Aut\u00f3noma de Chiapas, 2022. 103 pages ; 21 cm.\u00a0 (Colecci\u00f3n Editorial Najsakopajk). ISBN : 9786078771486 (CONECULTA) ; 9786075611433 (UNACH).<\/span><\/p>\n","protected":false},"featured_media":5138,"template":"","meta":{"_acf_changed":false,"inline_featured_image":false},"product_brand":[],"product_cat":[37,25],"product_tag":[4127,3938],"class_list":{"0":"post-5064","1":"product","2":"type-product","3":"status-publish","4":"has-post-thumbnail","6":"product_cat-cuento-literatura","7":"product_cat-literatura","8":"product_tag-cuento","9":"product_tag-literatura-mexicana","11":"first","12":"instock","13":"taxable","14":"shipping-taxable","15":"purchasable","16":"product-type-simple"},"acf":[],"yoast_head":"<!-- This site is optimized with the Yoast SEO plugin v27.3 - https:\/\/yoast.com\/product\/yoast-seo-wordpress\/ -->\n<title>Bazar nocturno<\/title>\n<meta name=\"description\" content=\"BAZAR NOCTURNO. \/ Carlos Iv\u00e1n S\u00e1nchez. 2022. (Colecci\u00f3n Editorial Najsakopajk). ISBN : 9786078771486 (CONECULTA) ; 9786075611433 (UNACH)\" \/>\n<meta name=\"robots\" content=\"index, follow, max-snippet:-1, max-image-preview:large, max-video-preview:-1\" \/>\n<link rel=\"canonical\" href=\"https:\/\/booksfrommexico.com\/es\/producto\/bazar-nocturno\/\" \/>\n<meta property=\"og:locale\" content=\"es_ES\" \/>\n<meta property=\"og:type\" content=\"article\" \/>\n<meta property=\"og:title\" content=\"Bazar nocturno\" \/>\n<meta property=\"og:description\" content=\"BAZAR NOCTURNO. \/ Carlos Iv\u00e1n S\u00e1nchez. 2022. (Colecci\u00f3n Editorial Najsakopajk). ISBN : 9786078771486 (CONECULTA) ; 9786075611433 (UNACH)\" \/>\n<meta property=\"og:url\" content=\"https:\/\/booksfrommexico.com\/es\/producto\/bazar-nocturno\/\" \/>\n<meta property=\"og:site_name\" content=\"Books From Mexico\" \/>\n<meta property=\"article:modified_time\" content=\"2024-02-15T23:47:28+00:00\" \/>\n<meta property=\"og:image\" content=\"http:\/\/booksfrommexico.com\/app\/uploads\/2024\/02\/197902.jpeg\" \/>\n\t<meta property=\"og:image:width\" content=\"381\" \/>\n\t<meta property=\"og:image:height\" content=\"592\" \/>\n\t<meta property=\"og:image:type\" content=\"image\/jpeg\" \/>\n<meta name=\"twitter:card\" content=\"summary_large_image\" \/>\n<meta name=\"twitter:label1\" content=\"Tiempo de lectura\" \/>\n\t<meta name=\"twitter:data1\" content=\"1 minuto\" \/>\n<script type=\"application\/ld+json\" class=\"yoast-schema-graph\">{\"@context\":\"https:\\\/\\\/schema.org\",\"@graph\":[{\"@type\":\"WebPage\",\"@id\":\"https:\\\/\\\/booksfrommexico.com\\\/es\\\/producto\\\/bazar-nocturno\\\/\",\"url\":\"https:\\\/\\\/booksfrommexico.com\\\/es\\\/producto\\\/bazar-nocturno\\\/\",\"name\":\"Bazar nocturno\",\"isPartOf\":{\"@id\":\"https:\\\/\\\/booksfrommexico.com\\\/#website\"},\"primaryImageOfPage\":{\"@id\":\"https:\\\/\\\/booksfrommexico.com\\\/es\\\/producto\\\/bazar-nocturno\\\/#primaryimage\"},\"image\":{\"@id\":\"https:\\\/\\\/booksfrommexico.com\\\/es\\\/producto\\\/bazar-nocturno\\\/#primaryimage\"},\"thumbnailUrl\":\"https:\\\/\\\/booksfrommexico.com\\\/app\\\/uploads\\\/2024\\\/02\\\/197902.jpeg\",\"datePublished\":\"2024-02-14T23:26:55+00:00\",\"dateModified\":\"2024-02-15T23:47:28+00:00\",\"description\":\"BAZAR NOCTURNO. \\\/ Carlos Iv\u00e1n S\u00e1nchez. 2022. (Colecci\u00f3n Editorial Najsakopajk). ISBN : 9786078771486 (CONECULTA) ; 9786075611433 (UNACH)\",\"breadcrumb\":{\"@id\":\"https:\\\/\\\/booksfrommexico.com\\\/es\\\/producto\\\/bazar-nocturno\\\/#breadcrumb\"},\"inLanguage\":\"es\",\"potentialAction\":[{\"@type\":\"ReadAction\",\"target\":[\"https:\\\/\\\/booksfrommexico.com\\\/es\\\/producto\\\/bazar-nocturno\\\/\"]}]},{\"@type\":\"ImageObject\",\"inLanguage\":\"es\",\"@id\":\"https:\\\/\\\/booksfrommexico.com\\\/es\\\/producto\\\/bazar-nocturno\\\/#primaryimage\",\"url\":\"https:\\\/\\\/booksfrommexico.com\\\/app\\\/uploads\\\/2024\\\/02\\\/197902.jpeg\",\"contentUrl\":\"https:\\\/\\\/booksfrommexico.com\\\/app\\\/uploads\\\/2024\\\/02\\\/197902.jpeg\",\"width\":381,\"height\":592,\"caption\":\"Bazar nocturno\"},{\"@type\":\"BreadcrumbList\",\"@id\":\"https:\\\/\\\/booksfrommexico.com\\\/es\\\/producto\\\/bazar-nocturno\\\/#breadcrumb\",\"itemListElement\":[{\"@type\":\"ListItem\",\"position\":1,\"name\":\"Home\",\"item\":\"https:\\\/\\\/booksfrommexico.com\\\/es\\\/\"},{\"@type\":\"ListItem\",\"position\":2,\"name\":\"Libros\",\"item\":\"https:\\\/\\\/booksfrommexico.com\\\/es\\\/libros\\\/\"},{\"@type\":\"ListItem\",\"position\":3,\"name\":\"Bazar nocturno\"}]},{\"@type\":\"WebSite\",\"@id\":\"https:\\\/\\\/booksfrommexico.com\\\/#website\",\"url\":\"https:\\\/\\\/booksfrommexico.com\\\/\",\"name\":\"Books From Mexico\",\"description\":\"\",\"publisher\":{\"@id\":\"https:\\\/\\\/booksfrommexico.com\\\/#organization\"},\"potentialAction\":[{\"@type\":\"SearchAction\",\"target\":{\"@type\":\"EntryPoint\",\"urlTemplate\":\"https:\\\/\\\/booksfrommexico.com\\\/?s={search_term_string}\"},\"query-input\":{\"@type\":\"PropertyValueSpecification\",\"valueRequired\":true,\"valueName\":\"search_term_string\"}}],\"inLanguage\":\"es\"},{\"@type\":\"Organization\",\"@id\":\"https:\\\/\\\/booksfrommexico.com\\\/#organization\",\"name\":\"Books From Mexico\",\"url\":\"https:\\\/\\\/booksfrommexico.com\\\/\",\"logo\":{\"@type\":\"ImageObject\",\"inLanguage\":\"es\",\"@id\":\"https:\\\/\\\/booksfrommexico.com\\\/#\\\/schema\\\/logo\\\/image\\\/\",\"url\":\"https:\\\/\\\/booksfrommexico.com\\\/app\\\/uploads\\\/2023\\\/05\\\/logo-booksfrommexico.svg\",\"contentUrl\":\"https:\\\/\\\/booksfrommexico.com\\\/app\\\/uploads\\\/2023\\\/05\\\/logo-booksfrommexico.svg\",\"width\":86,\"height\":56,\"caption\":\"Books From Mexico\"},\"image\":{\"@id\":\"https:\\\/\\\/booksfrommexico.com\\\/#\\\/schema\\\/logo\\\/image\\\/\"}}]}<\/script>\n<!-- \/ Yoast SEO plugin. -->","yoast_head_json":{"title":"Bazar nocturno","description":"BAZAR NOCTURNO. \/ Carlos Iv\u00e1n S\u00e1nchez. 2022. (Colecci\u00f3n Editorial Najsakopajk). ISBN : 9786078771486 (CONECULTA) ; 9786075611433 (UNACH)","robots":{"index":"index","follow":"follow","max-snippet":"max-snippet:-1","max-image-preview":"max-image-preview:large","max-video-preview":"max-video-preview:-1"},"canonical":"https:\/\/booksfrommexico.com\/es\/producto\/bazar-nocturno\/","og_locale":"es_ES","og_type":"article","og_title":"Bazar nocturno","og_description":"BAZAR NOCTURNO. \/ Carlos Iv\u00e1n S\u00e1nchez. 2022. (Colecci\u00f3n Editorial Najsakopajk). ISBN : 9786078771486 (CONECULTA) ; 9786075611433 (UNACH)","og_url":"https:\/\/booksfrommexico.com\/es\/producto\/bazar-nocturno\/","og_site_name":"Books From Mexico","article_modified_time":"2024-02-15T23:47:28+00:00","og_image":[{"width":381,"height":592,"url":"http:\/\/booksfrommexico.com\/app\/uploads\/2024\/02\/197902.jpeg","type":"image\/jpeg"}],"twitter_card":"summary_large_image","twitter_misc":{"Tiempo de lectura":"1 minuto"},"schema":{"@context":"https:\/\/schema.org","@graph":[{"@type":"WebPage","@id":"https:\/\/booksfrommexico.com\/es\/producto\/bazar-nocturno\/","url":"https:\/\/booksfrommexico.com\/es\/producto\/bazar-nocturno\/","name":"Bazar nocturno","isPartOf":{"@id":"https:\/\/booksfrommexico.com\/#website"},"primaryImageOfPage":{"@id":"https:\/\/booksfrommexico.com\/es\/producto\/bazar-nocturno\/#primaryimage"},"image":{"@id":"https:\/\/booksfrommexico.com\/es\/producto\/bazar-nocturno\/#primaryimage"},"thumbnailUrl":"https:\/\/booksfrommexico.com\/app\/uploads\/2024\/02\/197902.jpeg","datePublished":"2024-02-14T23:26:55+00:00","dateModified":"2024-02-15T23:47:28+00:00","description":"BAZAR NOCTURNO. \/ Carlos Iv\u00e1n S\u00e1nchez. 2022. (Colecci\u00f3n Editorial Najsakopajk). ISBN : 9786078771486 (CONECULTA) ; 9786075611433 (UNACH)","breadcrumb":{"@id":"https:\/\/booksfrommexico.com\/es\/producto\/bazar-nocturno\/#breadcrumb"},"inLanguage":"es","potentialAction":[{"@type":"ReadAction","target":["https:\/\/booksfrommexico.com\/es\/producto\/bazar-nocturno\/"]}]},{"@type":"ImageObject","inLanguage":"es","@id":"https:\/\/booksfrommexico.com\/es\/producto\/bazar-nocturno\/#primaryimage","url":"https:\/\/booksfrommexico.com\/app\/uploads\/2024\/02\/197902.jpeg","contentUrl":"https:\/\/booksfrommexico.com\/app\/uploads\/2024\/02\/197902.jpeg","width":381,"height":592,"caption":"Bazar nocturno"},{"@type":"BreadcrumbList","@id":"https:\/\/booksfrommexico.com\/es\/producto\/bazar-nocturno\/#breadcrumb","itemListElement":[{"@type":"ListItem","position":1,"name":"Home","item":"https:\/\/booksfrommexico.com\/es\/"},{"@type":"ListItem","position":2,"name":"Libros","item":"https:\/\/booksfrommexico.com\/es\/libros\/"},{"@type":"ListItem","position":3,"name":"Bazar nocturno"}]},{"@type":"WebSite","@id":"https:\/\/booksfrommexico.com\/#website","url":"https:\/\/booksfrommexico.com\/","name":"Books From Mexico","description":"","publisher":{"@id":"https:\/\/booksfrommexico.com\/#organization"},"potentialAction":[{"@type":"SearchAction","target":{"@type":"EntryPoint","urlTemplate":"https:\/\/booksfrommexico.com\/?s={search_term_string}"},"query-input":{"@type":"PropertyValueSpecification","valueRequired":true,"valueName":"search_term_string"}}],"inLanguage":"es"},{"@type":"Organization","@id":"https:\/\/booksfrommexico.com\/#organization","name":"Books From Mexico","url":"https:\/\/booksfrommexico.com\/","logo":{"@type":"ImageObject","inLanguage":"es","@id":"https:\/\/booksfrommexico.com\/#\/schema\/logo\/image\/","url":"https:\/\/booksfrommexico.com\/app\/uploads\/2023\/05\/logo-booksfrommexico.svg","contentUrl":"https:\/\/booksfrommexico.com\/app\/uploads\/2023\/05\/logo-booksfrommexico.svg","width":86,"height":56,"caption":"Books From Mexico"},"image":{"@id":"https:\/\/booksfrommexico.com\/#\/schema\/logo\/image\/"}}]}},"_links":{"self":[{"href":"https:\/\/booksfrommexico.com\/es\/wp-json\/wp\/v2\/product\/5064","targetHints":{"allow":["GET"]}}],"collection":[{"href":"https:\/\/booksfrommexico.com\/es\/wp-json\/wp\/v2\/product"}],"about":[{"href":"https:\/\/booksfrommexico.com\/es\/wp-json\/wp\/v2\/types\/product"}],"wp:featuredmedia":[{"embeddable":true,"href":"https:\/\/booksfrommexico.com\/es\/wp-json\/wp\/v2\/media\/5138"}],"wp:attachment":[{"href":"https:\/\/booksfrommexico.com\/es\/wp-json\/wp\/v2\/media?parent=5064"}],"wp:term":[{"taxonomy":"product_brand","embeddable":true,"href":"https:\/\/booksfrommexico.com\/es\/wp-json\/wp\/v2\/product_brand?post=5064"},{"taxonomy":"product_cat","embeddable":true,"href":"https:\/\/booksfrommexico.com\/es\/wp-json\/wp\/v2\/product_cat?post=5064"},{"taxonomy":"product_tag","embeddable":true,"href":"https:\/\/booksfrommexico.com\/es\/wp-json\/wp\/v2\/product_tag?post=5064"}],"curies":[{"name":"wp","href":"https:\/\/api.w.org\/{rel}","templated":true}]}}