{"id":5065,"date":"2024-02-14T23:26:55","date_gmt":"2024-02-14T23:26:55","guid":{"rendered":"https:\/\/booksfrommexico.com\/product\/san-antonio-la-isla\/"},"modified":"2024-02-16T21:43:17","modified_gmt":"2024-02-16T21:43:17","slug":"san-antonio-la-isla","status":"publish","type":"product","link":"https:\/\/booksfrommexico.com\/es\/producto\/san-antonio-la-isla\/","title":{"rendered":"San Antonio la Isla"},"content":{"rendered":"<p><span style=\"font-weight: 400;\">Investigaciones acerca de los antiguos asentamientos prehisp\u00e1nicos de la zona de San Antonio la Isla, agrupadas en seis cap\u00edtulos con tres rubros principales: Arqueolog\u00eda, Historia y Patrimonio. La primera parte las exploraciones arqueol\u00f3gicas que se hicieron a los antiguos asentamientos. La segunda hace un recuento del trayecto que siguieron los antiguos moradores para alcanzar el estatus legal de municipio en el siglo XIX, as\u00ed como las fiestas religiosas populares de la zona. La tercera parte presenta un estudio del Museo municipal Techialoyan-Tepemaxalco, donde se aborda la historia de su construcci\u00f3n y colecci\u00f3n conformada por piezas arqueol\u00f3gicas, de madera y hueso.\u00a0<\/span><\/p>\n","protected":false},"excerpt":{"rendered":"<p>SAN ANTONIO LA ISLA. \/ <span style=\"font-weight: 400;\">Raymundo C\u00e9sar Mart\u00ednez Garc\u00eda, Gustavo Jaimes Vences (coordinators). Estado de M\u00e9xico, M\u00e9xico : El Colegio Mexiquense, 2022. 176 pages : includes photos, tables, color chart, charts, illustrations, maps, references at the end of each chapter, bibliography ; 21 cm. ISBN : 9786078836246. <\/span><\/p>\n","protected":false},"featured_media":5141,"template":"","meta":{"_acf_changed":false,"inline_featured_image":false},"product_brand":[],"product_cat":[386,27],"product_tag":[3587],"class_list":{"0":"post-5065","1":"product","2":"type-product","3":"status-publish","4":"has-post-thumbnail","6":"product_cat-arqueologia","7":"product_cat-historia","8":"product_tag-prehispanico","10":"first","11":"instock","12":"taxable","13":"shipping-taxable","14":"purchasable","15":"product-type-simple"},"acf":[],"yoast_head":"<!-- This site is optimized with the Yoast SEO plugin v27.3 - https:\/\/yoast.com\/product\/yoast-seo-wordpress\/ -->\n<title>San Antonio la Isla<\/title>\n<meta name=\"description\" content=\"Raymundo C\u00e9sar Mart\u00ednez Garc\u00eda, Gustavo Jaimes Vences (coordinators). Estado de M\u00e9xico, M\u00e9xico : El Colegio Mexiquense, 2022. ISBN : 9786078836246.\" \/>\n<meta name=\"robots\" content=\"index, follow, max-snippet:-1, max-image-preview:large, max-video-preview:-1\" \/>\n<link rel=\"canonical\" href=\"https:\/\/booksfrommexico.com\/es\/producto\/san-antonio-la-isla\/\" \/>\n<meta property=\"og:locale\" content=\"es_ES\" \/>\n<meta property=\"og:type\" content=\"article\" \/>\n<meta property=\"og:title\" content=\"San Antonio la Isla\" \/>\n<meta property=\"og:description\" content=\"Raymundo C\u00e9sar Mart\u00ednez Garc\u00eda, Gustavo Jaimes Vences (coordinators). Estado de M\u00e9xico, M\u00e9xico : El Colegio Mexiquense, 2022. ISBN : 9786078836246.\" \/>\n<meta property=\"og:url\" content=\"https:\/\/booksfrommexico.com\/es\/producto\/san-antonio-la-isla\/\" \/>\n<meta property=\"og:site_name\" content=\"Books From Mexico\" \/>\n<meta property=\"article:modified_time\" content=\"2024-02-16T21:43:17+00:00\" \/>\n<meta property=\"og:image\" content=\"http:\/\/booksfrommexico.com\/app\/uploads\/2024\/02\/197998.jpeg\" \/>\n\t<meta property=\"og:image:width\" content=\"401\" \/>\n\t<meta property=\"og:image:height\" content=\"606\" \/>\n\t<meta property=\"og:image:type\" content=\"image\/jpeg\" \/>\n<meta name=\"twitter:card\" content=\"summary_large_image\" \/>\n<meta name=\"twitter:label1\" content=\"Tiempo de lectura\" \/>\n\t<meta name=\"twitter:data1\" content=\"1 minuto\" \/>\n<script type=\"application\/ld+json\" class=\"yoast-schema-graph\">{\"@context\":\"https:\\\/\\\/schema.org\",\"@graph\":[{\"@type\":\"WebPage\",\"@id\":\"https:\\\/\\\/booksfrommexico.com\\\/es\\\/producto\\\/san-antonio-la-isla\\\/\",\"url\":\"https:\\\/\\\/booksfrommexico.com\\\/es\\\/producto\\\/san-antonio-la-isla\\\/\",\"name\":\"San Antonio la Isla\",\"isPartOf\":{\"@id\":\"https:\\\/\\\/booksfrommexico.com\\\/#website\"},\"primaryImageOfPage\":{\"@id\":\"https:\\\/\\\/booksfrommexico.com\\\/es\\\/producto\\\/san-antonio-la-isla\\\/#primaryimage\"},\"image\":{\"@id\":\"https:\\\/\\\/booksfrommexico.com\\\/es\\\/producto\\\/san-antonio-la-isla\\\/#primaryimage\"},\"thumbnailUrl\":\"https:\\\/\\\/booksfrommexico.com\\\/app\\\/uploads\\\/2024\\\/02\\\/197998.jpeg\",\"datePublished\":\"2024-02-14T23:26:55+00:00\",\"dateModified\":\"2024-02-16T21:43:17+00:00\",\"description\":\"Raymundo C\u00e9sar Mart\u00ednez Garc\u00eda, Gustavo Jaimes Vences (coordinators). Estado de M\u00e9xico, M\u00e9xico : El Colegio Mexiquense, 2022. ISBN : 9786078836246.\",\"breadcrumb\":{\"@id\":\"https:\\\/\\\/booksfrommexico.com\\\/es\\\/producto\\\/san-antonio-la-isla\\\/#breadcrumb\"},\"inLanguage\":\"es\",\"potentialAction\":[{\"@type\":\"ReadAction\",\"target\":[\"https:\\\/\\\/booksfrommexico.com\\\/es\\\/producto\\\/san-antonio-la-isla\\\/\"]}]},{\"@type\":\"ImageObject\",\"inLanguage\":\"es\",\"@id\":\"https:\\\/\\\/booksfrommexico.com\\\/es\\\/producto\\\/san-antonio-la-isla\\\/#primaryimage\",\"url\":\"https:\\\/\\\/booksfrommexico.com\\\/app\\\/uploads\\\/2024\\\/02\\\/197998.jpeg\",\"contentUrl\":\"https:\\\/\\\/booksfrommexico.com\\\/app\\\/uploads\\\/2024\\\/02\\\/197998.jpeg\",\"width\":401,\"height\":606,\"caption\":\"San Antonio la Isla\"},{\"@type\":\"BreadcrumbList\",\"@id\":\"https:\\\/\\\/booksfrommexico.com\\\/es\\\/producto\\\/san-antonio-la-isla\\\/#breadcrumb\",\"itemListElement\":[{\"@type\":\"ListItem\",\"position\":1,\"name\":\"Home\",\"item\":\"https:\\\/\\\/booksfrommexico.com\\\/es\\\/\"},{\"@type\":\"ListItem\",\"position\":2,\"name\":\"Libros\",\"item\":\"https:\\\/\\\/booksfrommexico.com\\\/es\\\/libros\\\/\"},{\"@type\":\"ListItem\",\"position\":3,\"name\":\"San Antonio la Isla\"}]},{\"@type\":\"WebSite\",\"@id\":\"https:\\\/\\\/booksfrommexico.com\\\/#website\",\"url\":\"https:\\\/\\\/booksfrommexico.com\\\/\",\"name\":\"Books From Mexico\",\"description\":\"\",\"publisher\":{\"@id\":\"https:\\\/\\\/booksfrommexico.com\\\/#organization\"},\"potentialAction\":[{\"@type\":\"SearchAction\",\"target\":{\"@type\":\"EntryPoint\",\"urlTemplate\":\"https:\\\/\\\/booksfrommexico.com\\\/?s={search_term_string}\"},\"query-input\":{\"@type\":\"PropertyValueSpecification\",\"valueRequired\":true,\"valueName\":\"search_term_string\"}}],\"inLanguage\":\"es\"},{\"@type\":\"Organization\",\"@id\":\"https:\\\/\\\/booksfrommexico.com\\\/#organization\",\"name\":\"Books From Mexico\",\"url\":\"https:\\\/\\\/booksfrommexico.com\\\/\",\"logo\":{\"@type\":\"ImageObject\",\"inLanguage\":\"es\",\"@id\":\"https:\\\/\\\/booksfrommexico.com\\\/#\\\/schema\\\/logo\\\/image\\\/\",\"url\":\"https:\\\/\\\/booksfrommexico.com\\\/app\\\/uploads\\\/2023\\\/05\\\/logo-booksfrommexico.svg\",\"contentUrl\":\"https:\\\/\\\/booksfrommexico.com\\\/app\\\/uploads\\\/2023\\\/05\\\/logo-booksfrommexico.svg\",\"width\":86,\"height\":56,\"caption\":\"Books From Mexico\"},\"image\":{\"@id\":\"https:\\\/\\\/booksfrommexico.com\\\/#\\\/schema\\\/logo\\\/image\\\/\"}}]}<\/script>\n<!-- \/ Yoast SEO plugin. -->","yoast_head_json":{"title":"San Antonio la Isla","description":"Raymundo C\u00e9sar Mart\u00ednez Garc\u00eda, Gustavo Jaimes Vences (coordinators). Estado de M\u00e9xico, M\u00e9xico : El Colegio Mexiquense, 2022. ISBN : 9786078836246.","robots":{"index":"index","follow":"follow","max-snippet":"max-snippet:-1","max-image-preview":"max-image-preview:large","max-video-preview":"max-video-preview:-1"},"canonical":"https:\/\/booksfrommexico.com\/es\/producto\/san-antonio-la-isla\/","og_locale":"es_ES","og_type":"article","og_title":"San Antonio la Isla","og_description":"Raymundo C\u00e9sar Mart\u00ednez Garc\u00eda, Gustavo Jaimes Vences (coordinators). Estado de M\u00e9xico, M\u00e9xico : El Colegio Mexiquense, 2022. ISBN : 9786078836246.","og_url":"https:\/\/booksfrommexico.com\/es\/producto\/san-antonio-la-isla\/","og_site_name":"Books From Mexico","article_modified_time":"2024-02-16T21:43:17+00:00","og_image":[{"width":401,"height":606,"url":"http:\/\/booksfrommexico.com\/app\/uploads\/2024\/02\/197998.jpeg","type":"image\/jpeg"}],"twitter_card":"summary_large_image","twitter_misc":{"Tiempo de lectura":"1 minuto"},"schema":{"@context":"https:\/\/schema.org","@graph":[{"@type":"WebPage","@id":"https:\/\/booksfrommexico.com\/es\/producto\/san-antonio-la-isla\/","url":"https:\/\/booksfrommexico.com\/es\/producto\/san-antonio-la-isla\/","name":"San Antonio la Isla","isPartOf":{"@id":"https:\/\/booksfrommexico.com\/#website"},"primaryImageOfPage":{"@id":"https:\/\/booksfrommexico.com\/es\/producto\/san-antonio-la-isla\/#primaryimage"},"image":{"@id":"https:\/\/booksfrommexico.com\/es\/producto\/san-antonio-la-isla\/#primaryimage"},"thumbnailUrl":"https:\/\/booksfrommexico.com\/app\/uploads\/2024\/02\/197998.jpeg","datePublished":"2024-02-14T23:26:55+00:00","dateModified":"2024-02-16T21:43:17+00:00","description":"Raymundo C\u00e9sar Mart\u00ednez Garc\u00eda, Gustavo Jaimes Vences (coordinators). Estado de M\u00e9xico, M\u00e9xico : El Colegio Mexiquense, 2022. ISBN : 9786078836246.","breadcrumb":{"@id":"https:\/\/booksfrommexico.com\/es\/producto\/san-antonio-la-isla\/#breadcrumb"},"inLanguage":"es","potentialAction":[{"@type":"ReadAction","target":["https:\/\/booksfrommexico.com\/es\/producto\/san-antonio-la-isla\/"]}]},{"@type":"ImageObject","inLanguage":"es","@id":"https:\/\/booksfrommexico.com\/es\/producto\/san-antonio-la-isla\/#primaryimage","url":"https:\/\/booksfrommexico.com\/app\/uploads\/2024\/02\/197998.jpeg","contentUrl":"https:\/\/booksfrommexico.com\/app\/uploads\/2024\/02\/197998.jpeg","width":401,"height":606,"caption":"San Antonio la Isla"},{"@type":"BreadcrumbList","@id":"https:\/\/booksfrommexico.com\/es\/producto\/san-antonio-la-isla\/#breadcrumb","itemListElement":[{"@type":"ListItem","position":1,"name":"Home","item":"https:\/\/booksfrommexico.com\/es\/"},{"@type":"ListItem","position":2,"name":"Libros","item":"https:\/\/booksfrommexico.com\/es\/libros\/"},{"@type":"ListItem","position":3,"name":"San Antonio la Isla"}]},{"@type":"WebSite","@id":"https:\/\/booksfrommexico.com\/#website","url":"https:\/\/booksfrommexico.com\/","name":"Books From Mexico","description":"","publisher":{"@id":"https:\/\/booksfrommexico.com\/#organization"},"potentialAction":[{"@type":"SearchAction","target":{"@type":"EntryPoint","urlTemplate":"https:\/\/booksfrommexico.com\/?s={search_term_string}"},"query-input":{"@type":"PropertyValueSpecification","valueRequired":true,"valueName":"search_term_string"}}],"inLanguage":"es"},{"@type":"Organization","@id":"https:\/\/booksfrommexico.com\/#organization","name":"Books From Mexico","url":"https:\/\/booksfrommexico.com\/","logo":{"@type":"ImageObject","inLanguage":"es","@id":"https:\/\/booksfrommexico.com\/#\/schema\/logo\/image\/","url":"https:\/\/booksfrommexico.com\/app\/uploads\/2023\/05\/logo-booksfrommexico.svg","contentUrl":"https:\/\/booksfrommexico.com\/app\/uploads\/2023\/05\/logo-booksfrommexico.svg","width":86,"height":56,"caption":"Books From Mexico"},"image":{"@id":"https:\/\/booksfrommexico.com\/#\/schema\/logo\/image\/"}}]}},"_links":{"self":[{"href":"https:\/\/booksfrommexico.com\/es\/wp-json\/wp\/v2\/product\/5065","targetHints":{"allow":["GET"]}}],"collection":[{"href":"https:\/\/booksfrommexico.com\/es\/wp-json\/wp\/v2\/product"}],"about":[{"href":"https:\/\/booksfrommexico.com\/es\/wp-json\/wp\/v2\/types\/product"}],"wp:featuredmedia":[{"embeddable":true,"href":"https:\/\/booksfrommexico.com\/es\/wp-json\/wp\/v2\/media\/5141"}],"wp:attachment":[{"href":"https:\/\/booksfrommexico.com\/es\/wp-json\/wp\/v2\/media?parent=5065"}],"wp:term":[{"taxonomy":"product_brand","embeddable":true,"href":"https:\/\/booksfrommexico.com\/es\/wp-json\/wp\/v2\/product_brand?post=5065"},{"taxonomy":"product_cat","embeddable":true,"href":"https:\/\/booksfrommexico.com\/es\/wp-json\/wp\/v2\/product_cat?post=5065"},{"taxonomy":"product_tag","embeddable":true,"href":"https:\/\/booksfrommexico.com\/es\/wp-json\/wp\/v2\/product_tag?post=5065"}],"curies":[{"name":"wp","href":"https:\/\/api.w.org\/{rel}","templated":true}]}}