{"id":5066,"date":"2024-02-14T23:26:55","date_gmt":"2024-02-14T23:26:55","guid":{"rendered":"https:\/\/booksfrommexico.com\/product\/la-novela-de-las-mujeres-murcielago\/"},"modified":"2024-04-30T19:08:28","modified_gmt":"2024-04-30T19:08:28","slug":"la-novela-de-las-mujeres-murcielago","status":"publish","type":"product","link":"https:\/\/booksfrommexico.com\/es\/producto\/la-novela-de-las-mujeres-murcielago\/","title":{"rendered":"La novela de las mujeres murci\u00e9lago"},"content":{"rendered":"<p><span style=\"font-weight: 400;\">Dividido en 5 partes, este poemario cuenta la historia de dos mujeres luchadoras, cada una jugando para el bando contrario entre t\u00e9cnicas y rudas. Estos poemas narran c\u00f3mo son sus peleas en el ring, sus movimientos, sus llaves, pero a la vez tambi\u00e9n se trata de un relato sobre su sexualidad y c\u00f3mo son juzgadas por el medio en el que se desenvuelven. Patricia V\u00e1zquez cuenta con un libro de poes\u00eda publicado en 2017 con el est\u00edmulo del PECDA en Aguascalientes, as\u00ed como ha contribuido en antolog\u00edas estatales y nacionales, participando en festivales y lecturas de poes\u00eda en M\u00e9xico, Espa\u00f1a y Cuba.<\/span><\/p>\n","protected":false},"excerpt":{"rendered":"<p><span style=\"font-weight: 400;\">LA NOVELA DE LAS MUJERES MURCI\u00c9LAGO. \/ Patricia V\u00e1zquez. Guadalajara, M\u00e9xico : Espina Dorsal, 2022. 67 pages ; 17 cm. (Colecci\u00f3n Amnios). ISBN : 9786079974114.<\/span><\/p>\n","protected":false},"featured_media":5146,"template":"","meta":{"_acf_changed":false,"inline_featured_image":false},"product_brand":[],"product_cat":[25,32],"product_tag":[4161,4115],"class_list":{"0":"post-5066","1":"product","2":"type-product","3":"status-publish","4":"has-post-thumbnail","6":"product_cat-literatura","7":"product_cat-poesia-literatura","8":"product_tag-lgbt","9":"product_tag-poesia-es","11":"first","12":"instock","13":"featured","14":"taxable","15":"shipping-taxable","16":"purchasable","17":"product-type-simple"},"acf":[],"yoast_head":"<!-- This site is optimized with the Yoast SEO plugin v27.2 - https:\/\/yoast.com\/product\/yoast-seo-wordpress\/ -->\n<title>La novela de las mujeres murci\u00e9lago<\/title>\n<meta name=\"description\" content=\"LA NOVELA DE LAS MUJERES MURCI\u00c9LAGO. \/ Patricia V\u00e1zquez. Guadalajara, M\u00e9xico : Espina Dorsal, 2022. 67 pages. (Colecci\u00f3n Amnios). ISBN : 9786079974114.\" \/>\n<meta name=\"robots\" content=\"index, follow, max-snippet:-1, max-image-preview:large, max-video-preview:-1\" \/>\n<link rel=\"canonical\" href=\"https:\/\/booksfrommexico.com\/es\/producto\/la-novela-de-las-mujeres-murcielago\/\" \/>\n<meta property=\"og:locale\" content=\"es_ES\" \/>\n<meta property=\"og:type\" content=\"article\" \/>\n<meta property=\"og:title\" content=\"La novela de las mujeres murci\u00e9lago\" \/>\n<meta property=\"og:description\" content=\"LA NOVELA DE LAS MUJERES MURCI\u00c9LAGO. \/ Patricia V\u00e1zquez. Guadalajara, M\u00e9xico : Espina Dorsal, 2022. 67 pages. (Colecci\u00f3n Amnios). ISBN : 9786079974114.\" \/>\n<meta property=\"og:url\" content=\"https:\/\/booksfrommexico.com\/es\/producto\/la-novela-de-las-mujeres-murcielago\/\" \/>\n<meta property=\"og:site_name\" content=\"Books From Mexico\" \/>\n<meta property=\"article:modified_time\" content=\"2024-04-30T19:08:28+00:00\" \/>\n<meta property=\"og:image\" content=\"http:\/\/booksfrommexico.com\/app\/uploads\/2024\/02\/198052.jpeg\" \/>\n\t<meta property=\"og:image:width\" content=\"317\" \/>\n\t<meta property=\"og:image:height\" content=\"498\" \/>\n\t<meta property=\"og:image:type\" content=\"image\/jpeg\" \/>\n<meta name=\"twitter:card\" content=\"summary_large_image\" \/>\n<meta name=\"twitter:label1\" content=\"Tiempo de lectura\" \/>\n\t<meta name=\"twitter:data1\" content=\"1 minuto\" \/>\n<script type=\"application\/ld+json\" class=\"yoast-schema-graph\">{\"@context\":\"https:\/\/schema.org\",\"@graph\":[{\"@type\":\"WebPage\",\"@id\":\"https:\/\/booksfrommexico.com\/es\/producto\/la-novela-de-las-mujeres-murcielago\/\",\"url\":\"https:\/\/booksfrommexico.com\/es\/producto\/la-novela-de-las-mujeres-murcielago\/\",\"name\":\"La novela de las mujeres murci\u00e9lago\",\"isPartOf\":{\"@id\":\"https:\/\/booksfrommexico.com\/#website\"},\"primaryImageOfPage\":{\"@id\":\"https:\/\/booksfrommexico.com\/es\/producto\/la-novela-de-las-mujeres-murcielago\/#primaryimage\"},\"image\":{\"@id\":\"https:\/\/booksfrommexico.com\/es\/producto\/la-novela-de-las-mujeres-murcielago\/#primaryimage\"},\"thumbnailUrl\":\"https:\/\/booksfrommexico.com\/app\/uploads\/2024\/02\/198052.jpeg\",\"datePublished\":\"2024-02-14T23:26:55+00:00\",\"dateModified\":\"2024-04-30T19:08:28+00:00\",\"description\":\"LA NOVELA DE LAS MUJERES MURCI\u00c9LAGO. \/ Patricia V\u00e1zquez. Guadalajara, M\u00e9xico : Espina Dorsal, 2022. 67 pages. (Colecci\u00f3n Amnios). ISBN : 9786079974114.\",\"breadcrumb\":{\"@id\":\"https:\/\/booksfrommexico.com\/es\/producto\/la-novela-de-las-mujeres-murcielago\/#breadcrumb\"},\"inLanguage\":\"es\",\"potentialAction\":[{\"@type\":\"ReadAction\",\"target\":[\"https:\/\/booksfrommexico.com\/es\/producto\/la-novela-de-las-mujeres-murcielago\/\"]}]},{\"@type\":\"ImageObject\",\"inLanguage\":\"es\",\"@id\":\"https:\/\/booksfrommexico.com\/es\/producto\/la-novela-de-las-mujeres-murcielago\/#primaryimage\",\"url\":\"https:\/\/booksfrommexico.com\/app\/uploads\/2024\/02\/198052.jpeg\",\"contentUrl\":\"https:\/\/booksfrommexico.com\/app\/uploads\/2024\/02\/198052.jpeg\",\"width\":317,\"height\":498,\"caption\":\"La novela de las mujeres murci\u00e9lago\"},{\"@type\":\"BreadcrumbList\",\"@id\":\"https:\/\/booksfrommexico.com\/es\/producto\/la-novela-de-las-mujeres-murcielago\/#breadcrumb\",\"itemListElement\":[{\"@type\":\"ListItem\",\"position\":1,\"name\":\"Home\",\"item\":\"https:\/\/booksfrommexico.com\/es\/\"},{\"@type\":\"ListItem\",\"position\":2,\"name\":\"Libros\",\"item\":\"https:\/\/booksfrommexico.com\/es\/libros\/\"},{\"@type\":\"ListItem\",\"position\":3,\"name\":\"La novela de las mujeres murci\u00e9lago\"}]},{\"@type\":\"WebSite\",\"@id\":\"https:\/\/booksfrommexico.com\/#website\",\"url\":\"https:\/\/booksfrommexico.com\/\",\"name\":\"Books From Mexico\",\"description\":\"\",\"publisher\":{\"@id\":\"https:\/\/booksfrommexico.com\/#organization\"},\"potentialAction\":[{\"@type\":\"SearchAction\",\"target\":{\"@type\":\"EntryPoint\",\"urlTemplate\":\"https:\/\/booksfrommexico.com\/?s={search_term_string}\"},\"query-input\":{\"@type\":\"PropertyValueSpecification\",\"valueRequired\":true,\"valueName\":\"search_term_string\"}}],\"inLanguage\":\"es\"},{\"@type\":\"Organization\",\"@id\":\"https:\/\/booksfrommexico.com\/#organization\",\"name\":\"Books From Mexico\",\"url\":\"https:\/\/booksfrommexico.com\/\",\"logo\":{\"@type\":\"ImageObject\",\"inLanguage\":\"es\",\"@id\":\"https:\/\/booksfrommexico.com\/#\/schema\/logo\/image\/\",\"url\":\"https:\/\/booksfrommexico.com\/app\/uploads\/2023\/05\/logo-booksfrommexico.svg\",\"contentUrl\":\"https:\/\/booksfrommexico.com\/app\/uploads\/2023\/05\/logo-booksfrommexico.svg\",\"width\":86,\"height\":56,\"caption\":\"Books From Mexico\"},\"image\":{\"@id\":\"https:\/\/booksfrommexico.com\/#\/schema\/logo\/image\/\"}}]}<\/script>\n<!-- \/ Yoast SEO plugin. -->","yoast_head_json":{"title":"La novela de las mujeres murci\u00e9lago","description":"LA NOVELA DE LAS MUJERES MURCI\u00c9LAGO. \/ Patricia V\u00e1zquez. Guadalajara, M\u00e9xico : Espina Dorsal, 2022. 67 pages. (Colecci\u00f3n Amnios). ISBN : 9786079974114.","robots":{"index":"index","follow":"follow","max-snippet":"max-snippet:-1","max-image-preview":"max-image-preview:large","max-video-preview":"max-video-preview:-1"},"canonical":"https:\/\/booksfrommexico.com\/es\/producto\/la-novela-de-las-mujeres-murcielago\/","og_locale":"es_ES","og_type":"article","og_title":"La novela de las mujeres murci\u00e9lago","og_description":"LA NOVELA DE LAS MUJERES MURCI\u00c9LAGO. \/ Patricia V\u00e1zquez. Guadalajara, M\u00e9xico : Espina Dorsal, 2022. 67 pages. (Colecci\u00f3n Amnios). ISBN : 9786079974114.","og_url":"https:\/\/booksfrommexico.com\/es\/producto\/la-novela-de-las-mujeres-murcielago\/","og_site_name":"Books From Mexico","article_modified_time":"2024-04-30T19:08:28+00:00","og_image":[{"width":317,"height":498,"url":"http:\/\/booksfrommexico.com\/app\/uploads\/2024\/02\/198052.jpeg","type":"image\/jpeg"}],"twitter_card":"summary_large_image","twitter_misc":{"Tiempo de lectura":"1 minuto"},"schema":{"@context":"https:\/\/schema.org","@graph":[{"@type":"WebPage","@id":"https:\/\/booksfrommexico.com\/es\/producto\/la-novela-de-las-mujeres-murcielago\/","url":"https:\/\/booksfrommexico.com\/es\/producto\/la-novela-de-las-mujeres-murcielago\/","name":"La novela de las mujeres murci\u00e9lago","isPartOf":{"@id":"https:\/\/booksfrommexico.com\/#website"},"primaryImageOfPage":{"@id":"https:\/\/booksfrommexico.com\/es\/producto\/la-novela-de-las-mujeres-murcielago\/#primaryimage"},"image":{"@id":"https:\/\/booksfrommexico.com\/es\/producto\/la-novela-de-las-mujeres-murcielago\/#primaryimage"},"thumbnailUrl":"https:\/\/booksfrommexico.com\/app\/uploads\/2024\/02\/198052.jpeg","datePublished":"2024-02-14T23:26:55+00:00","dateModified":"2024-04-30T19:08:28+00:00","description":"LA NOVELA DE LAS MUJERES MURCI\u00c9LAGO. \/ Patricia V\u00e1zquez. Guadalajara, M\u00e9xico : Espina Dorsal, 2022. 67 pages. (Colecci\u00f3n Amnios). ISBN : 9786079974114.","breadcrumb":{"@id":"https:\/\/booksfrommexico.com\/es\/producto\/la-novela-de-las-mujeres-murcielago\/#breadcrumb"},"inLanguage":"es","potentialAction":[{"@type":"ReadAction","target":["https:\/\/booksfrommexico.com\/es\/producto\/la-novela-de-las-mujeres-murcielago\/"]}]},{"@type":"ImageObject","inLanguage":"es","@id":"https:\/\/booksfrommexico.com\/es\/producto\/la-novela-de-las-mujeres-murcielago\/#primaryimage","url":"https:\/\/booksfrommexico.com\/app\/uploads\/2024\/02\/198052.jpeg","contentUrl":"https:\/\/booksfrommexico.com\/app\/uploads\/2024\/02\/198052.jpeg","width":317,"height":498,"caption":"La novela de las mujeres murci\u00e9lago"},{"@type":"BreadcrumbList","@id":"https:\/\/booksfrommexico.com\/es\/producto\/la-novela-de-las-mujeres-murcielago\/#breadcrumb","itemListElement":[{"@type":"ListItem","position":1,"name":"Home","item":"https:\/\/booksfrommexico.com\/es\/"},{"@type":"ListItem","position":2,"name":"Libros","item":"https:\/\/booksfrommexico.com\/es\/libros\/"},{"@type":"ListItem","position":3,"name":"La novela de las mujeres murci\u00e9lago"}]},{"@type":"WebSite","@id":"https:\/\/booksfrommexico.com\/#website","url":"https:\/\/booksfrommexico.com\/","name":"Books From Mexico","description":"","publisher":{"@id":"https:\/\/booksfrommexico.com\/#organization"},"potentialAction":[{"@type":"SearchAction","target":{"@type":"EntryPoint","urlTemplate":"https:\/\/booksfrommexico.com\/?s={search_term_string}"},"query-input":{"@type":"PropertyValueSpecification","valueRequired":true,"valueName":"search_term_string"}}],"inLanguage":"es"},{"@type":"Organization","@id":"https:\/\/booksfrommexico.com\/#organization","name":"Books From Mexico","url":"https:\/\/booksfrommexico.com\/","logo":{"@type":"ImageObject","inLanguage":"es","@id":"https:\/\/booksfrommexico.com\/#\/schema\/logo\/image\/","url":"https:\/\/booksfrommexico.com\/app\/uploads\/2023\/05\/logo-booksfrommexico.svg","contentUrl":"https:\/\/booksfrommexico.com\/app\/uploads\/2023\/05\/logo-booksfrommexico.svg","width":86,"height":56,"caption":"Books From Mexico"},"image":{"@id":"https:\/\/booksfrommexico.com\/#\/schema\/logo\/image\/"}}]}},"_links":{"self":[{"href":"https:\/\/booksfrommexico.com\/es\/wp-json\/wp\/v2\/product\/5066","targetHints":{"allow":["GET"]}}],"collection":[{"href":"https:\/\/booksfrommexico.com\/es\/wp-json\/wp\/v2\/product"}],"about":[{"href":"https:\/\/booksfrommexico.com\/es\/wp-json\/wp\/v2\/types\/product"}],"wp:featuredmedia":[{"embeddable":true,"href":"https:\/\/booksfrommexico.com\/es\/wp-json\/wp\/v2\/media\/5146"}],"wp:attachment":[{"href":"https:\/\/booksfrommexico.com\/es\/wp-json\/wp\/v2\/media?parent=5066"}],"wp:term":[{"taxonomy":"product_brand","embeddable":true,"href":"https:\/\/booksfrommexico.com\/es\/wp-json\/wp\/v2\/product_brand?post=5066"},{"taxonomy":"product_cat","embeddable":true,"href":"https:\/\/booksfrommexico.com\/es\/wp-json\/wp\/v2\/product_cat?post=5066"},{"taxonomy":"product_tag","embeddable":true,"href":"https:\/\/booksfrommexico.com\/es\/wp-json\/wp\/v2\/product_tag?post=5066"}],"curies":[{"name":"wp","href":"https:\/\/api.w.org\/{rel}","templated":true}]}}