{"id":5067,"date":"2024-02-14T23:26:55","date_gmt":"2024-02-14T23:26:55","guid":{"rendered":"https:\/\/booksfrommexico.com\/product\/la-helice-en-rojo-de-mi-corazon-gravita\/"},"modified":"2024-02-16T20:43:14","modified_gmt":"2024-02-16T20:43:14","slug":"la-helice-en-rojo-de-mi-corazon-gravita","status":"publish","type":"product","link":"https:\/\/booksfrommexico.com\/es\/producto\/la-helice-en-rojo-de-mi-corazon-gravita\/","title":{"rendered":"La h\u00e9lice en rojo de mi coraz\u00f3n gravita"},"content":{"rendered":"<p><span style=\"font-weight: 400;\">Melissa ni\u00f1o encuentra la forma de convertir aquello que ve en los telescopios en palabras, mezcl\u00e1ndolo con su visi\u00f3n de la realidad, dando como resultado este volumen de la Colecci\u00f3n Amnios. Impulsada por varias becas de creaci\u00f3n art\u00edstica, entre ellas FONCA J\u00f3venes creadores 2020\/2019, e inspirada en el cielo y en una misi\u00f3n de la Agencia Espacial Europea la autora presenta una serie de poemas en formato de postal, en verso libre y en alguna ocasi\u00f3n acompa\u00f1ado por una ilustraci\u00f3n. Sus poemas, cortos y sencillos, pero contundentes, gu\u00edan al lector en una especie de viaje espacial, en el cual la autora es la\u00a0 timonel y el lector el \u00fanico tripulante.\u00a0 <\/span><\/p>\n","protected":false},"excerpt":{"rendered":"<p>LA H\u00c9LICE EN ROJO DE MI CORAZ\u00d3N GRAVITA. <span style=\"font-weight: 400;\">\/ Melissa Ni\u00f1o. Guadalajara, M\u00e9xico : Espina Dorsal, 2022. 54 pages : includes illustration ; 17 cm. (Colecci\u00f3n Amnios). ISBN : 9786079974107.<\/span><\/p>\n","protected":false},"featured_media":5149,"template":"","meta":{"_acf_changed":false,"inline_featured_image":false},"product_brand":[],"product_cat":[25,32],"product_tag":[4115,3598],"class_list":{"0":"post-5067","1":"product","2":"type-product","3":"status-publish","4":"has-post-thumbnail","6":"product_cat-literatura","7":"product_cat-poesia-literatura","8":"product_tag-poesia-es","9":"product_tag-poesia-mexicana","11":"first","12":"instock","13":"taxable","14":"shipping-taxable","15":"purchasable","16":"product-type-simple"},"acf":[],"yoast_head":"<!-- This site is optimized with the Yoast SEO plugin v27.3 - https:\/\/yoast.com\/product\/yoast-seo-wordpress\/ -->\n<title>La h\u00e9lice en rojo de mi coraz\u00f3n gravita<\/title>\n<meta name=\"description\" content=\"Melissa Ni\u00f1o. Guadalajara, M\u00e9xico : Espina Dorsal, 2022. 54 pages : includes illustration ; 17 cm. (Colecci\u00f3n Amnios). ISBN : 9786079974107.\" \/>\n<meta name=\"robots\" content=\"index, follow, max-snippet:-1, max-image-preview:large, max-video-preview:-1\" \/>\n<link rel=\"canonical\" href=\"https:\/\/booksfrommexico.com\/es\/producto\/la-helice-en-rojo-de-mi-corazon-gravita\/\" \/>\n<meta property=\"og:locale\" content=\"es_ES\" \/>\n<meta property=\"og:type\" content=\"article\" \/>\n<meta property=\"og:title\" content=\"La h\u00e9lice en rojo de mi coraz\u00f3n gravita\" \/>\n<meta property=\"og:description\" content=\"Melissa Ni\u00f1o. Guadalajara, M\u00e9xico : Espina Dorsal, 2022. 54 pages : includes illustration ; 17 cm. (Colecci\u00f3n Amnios). ISBN : 9786079974107.\" \/>\n<meta property=\"og:url\" content=\"https:\/\/booksfrommexico.com\/es\/producto\/la-helice-en-rojo-de-mi-corazon-gravita\/\" \/>\n<meta property=\"og:site_name\" content=\"Books From Mexico\" \/>\n<meta property=\"article:modified_time\" content=\"2024-02-16T20:43:14+00:00\" \/>\n<meta property=\"og:image\" content=\"http:\/\/booksfrommexico.com\/app\/uploads\/2024\/02\/198053.jpeg\" \/>\n\t<meta property=\"og:image:width\" content=\"317\" \/>\n\t<meta property=\"og:image:height\" content=\"498\" \/>\n\t<meta property=\"og:image:type\" content=\"image\/jpeg\" \/>\n<meta name=\"twitter:card\" content=\"summary_large_image\" \/>\n<meta name=\"twitter:label1\" content=\"Tiempo de lectura\" \/>\n\t<meta name=\"twitter:data1\" content=\"1 minuto\" \/>\n<script type=\"application\/ld+json\" class=\"yoast-schema-graph\">{\"@context\":\"https:\\\/\\\/schema.org\",\"@graph\":[{\"@type\":\"WebPage\",\"@id\":\"https:\\\/\\\/booksfrommexico.com\\\/es\\\/producto\\\/la-helice-en-rojo-de-mi-corazon-gravita\\\/\",\"url\":\"https:\\\/\\\/booksfrommexico.com\\\/es\\\/producto\\\/la-helice-en-rojo-de-mi-corazon-gravita\\\/\",\"name\":\"La h\u00e9lice en rojo de mi coraz\u00f3n gravita\",\"isPartOf\":{\"@id\":\"https:\\\/\\\/booksfrommexico.com\\\/#website\"},\"primaryImageOfPage\":{\"@id\":\"https:\\\/\\\/booksfrommexico.com\\\/es\\\/producto\\\/la-helice-en-rojo-de-mi-corazon-gravita\\\/#primaryimage\"},\"image\":{\"@id\":\"https:\\\/\\\/booksfrommexico.com\\\/es\\\/producto\\\/la-helice-en-rojo-de-mi-corazon-gravita\\\/#primaryimage\"},\"thumbnailUrl\":\"https:\\\/\\\/booksfrommexico.com\\\/app\\\/uploads\\\/2024\\\/02\\\/198053.jpeg\",\"datePublished\":\"2024-02-14T23:26:55+00:00\",\"dateModified\":\"2024-02-16T20:43:14+00:00\",\"description\":\"Melissa Ni\u00f1o. Guadalajara, M\u00e9xico : Espina Dorsal, 2022. 54 pages : includes illustration ; 17 cm. (Colecci\u00f3n Amnios). ISBN : 9786079974107.\",\"breadcrumb\":{\"@id\":\"https:\\\/\\\/booksfrommexico.com\\\/es\\\/producto\\\/la-helice-en-rojo-de-mi-corazon-gravita\\\/#breadcrumb\"},\"inLanguage\":\"es\",\"potentialAction\":[{\"@type\":\"ReadAction\",\"target\":[\"https:\\\/\\\/booksfrommexico.com\\\/es\\\/producto\\\/la-helice-en-rojo-de-mi-corazon-gravita\\\/\"]}]},{\"@type\":\"ImageObject\",\"inLanguage\":\"es\",\"@id\":\"https:\\\/\\\/booksfrommexico.com\\\/es\\\/producto\\\/la-helice-en-rojo-de-mi-corazon-gravita\\\/#primaryimage\",\"url\":\"https:\\\/\\\/booksfrommexico.com\\\/app\\\/uploads\\\/2024\\\/02\\\/198053.jpeg\",\"contentUrl\":\"https:\\\/\\\/booksfrommexico.com\\\/app\\\/uploads\\\/2024\\\/02\\\/198053.jpeg\",\"width\":317,\"height\":498,\"caption\":\"La h\u00e9lice en rojo de mi coraz\u00f3n gravita\"},{\"@type\":\"BreadcrumbList\",\"@id\":\"https:\\\/\\\/booksfrommexico.com\\\/es\\\/producto\\\/la-helice-en-rojo-de-mi-corazon-gravita\\\/#breadcrumb\",\"itemListElement\":[{\"@type\":\"ListItem\",\"position\":1,\"name\":\"Home\",\"item\":\"https:\\\/\\\/booksfrommexico.com\\\/es\\\/\"},{\"@type\":\"ListItem\",\"position\":2,\"name\":\"Libros\",\"item\":\"https:\\\/\\\/booksfrommexico.com\\\/es\\\/libros\\\/\"},{\"@type\":\"ListItem\",\"position\":3,\"name\":\"La h\u00e9lice en rojo de mi coraz\u00f3n gravita\"}]},{\"@type\":\"WebSite\",\"@id\":\"https:\\\/\\\/booksfrommexico.com\\\/#website\",\"url\":\"https:\\\/\\\/booksfrommexico.com\\\/\",\"name\":\"Books From Mexico\",\"description\":\"\",\"publisher\":{\"@id\":\"https:\\\/\\\/booksfrommexico.com\\\/#organization\"},\"potentialAction\":[{\"@type\":\"SearchAction\",\"target\":{\"@type\":\"EntryPoint\",\"urlTemplate\":\"https:\\\/\\\/booksfrommexico.com\\\/?s={search_term_string}\"},\"query-input\":{\"@type\":\"PropertyValueSpecification\",\"valueRequired\":true,\"valueName\":\"search_term_string\"}}],\"inLanguage\":\"es\"},{\"@type\":\"Organization\",\"@id\":\"https:\\\/\\\/booksfrommexico.com\\\/#organization\",\"name\":\"Books From Mexico\",\"url\":\"https:\\\/\\\/booksfrommexico.com\\\/\",\"logo\":{\"@type\":\"ImageObject\",\"inLanguage\":\"es\",\"@id\":\"https:\\\/\\\/booksfrommexico.com\\\/#\\\/schema\\\/logo\\\/image\\\/\",\"url\":\"https:\\\/\\\/booksfrommexico.com\\\/app\\\/uploads\\\/2023\\\/05\\\/logo-booksfrommexico.svg\",\"contentUrl\":\"https:\\\/\\\/booksfrommexico.com\\\/app\\\/uploads\\\/2023\\\/05\\\/logo-booksfrommexico.svg\",\"width\":86,\"height\":56,\"caption\":\"Books From Mexico\"},\"image\":{\"@id\":\"https:\\\/\\\/booksfrommexico.com\\\/#\\\/schema\\\/logo\\\/image\\\/\"}}]}<\/script>\n<!-- \/ Yoast SEO plugin. -->","yoast_head_json":{"title":"La h\u00e9lice en rojo de mi coraz\u00f3n gravita","description":"Melissa Ni\u00f1o. Guadalajara, M\u00e9xico : Espina Dorsal, 2022. 54 pages : includes illustration ; 17 cm. (Colecci\u00f3n Amnios). ISBN : 9786079974107.","robots":{"index":"index","follow":"follow","max-snippet":"max-snippet:-1","max-image-preview":"max-image-preview:large","max-video-preview":"max-video-preview:-1"},"canonical":"https:\/\/booksfrommexico.com\/es\/producto\/la-helice-en-rojo-de-mi-corazon-gravita\/","og_locale":"es_ES","og_type":"article","og_title":"La h\u00e9lice en rojo de mi coraz\u00f3n gravita","og_description":"Melissa Ni\u00f1o. Guadalajara, M\u00e9xico : Espina Dorsal, 2022. 54 pages : includes illustration ; 17 cm. (Colecci\u00f3n Amnios). ISBN : 9786079974107.","og_url":"https:\/\/booksfrommexico.com\/es\/producto\/la-helice-en-rojo-de-mi-corazon-gravita\/","og_site_name":"Books From Mexico","article_modified_time":"2024-02-16T20:43:14+00:00","og_image":[{"width":317,"height":498,"url":"http:\/\/booksfrommexico.com\/app\/uploads\/2024\/02\/198053.jpeg","type":"image\/jpeg"}],"twitter_card":"summary_large_image","twitter_misc":{"Tiempo de lectura":"1 minuto"},"schema":{"@context":"https:\/\/schema.org","@graph":[{"@type":"WebPage","@id":"https:\/\/booksfrommexico.com\/es\/producto\/la-helice-en-rojo-de-mi-corazon-gravita\/","url":"https:\/\/booksfrommexico.com\/es\/producto\/la-helice-en-rojo-de-mi-corazon-gravita\/","name":"La h\u00e9lice en rojo de mi coraz\u00f3n gravita","isPartOf":{"@id":"https:\/\/booksfrommexico.com\/#website"},"primaryImageOfPage":{"@id":"https:\/\/booksfrommexico.com\/es\/producto\/la-helice-en-rojo-de-mi-corazon-gravita\/#primaryimage"},"image":{"@id":"https:\/\/booksfrommexico.com\/es\/producto\/la-helice-en-rojo-de-mi-corazon-gravita\/#primaryimage"},"thumbnailUrl":"https:\/\/booksfrommexico.com\/app\/uploads\/2024\/02\/198053.jpeg","datePublished":"2024-02-14T23:26:55+00:00","dateModified":"2024-02-16T20:43:14+00:00","description":"Melissa Ni\u00f1o. Guadalajara, M\u00e9xico : Espina Dorsal, 2022. 54 pages : includes illustration ; 17 cm. (Colecci\u00f3n Amnios). ISBN : 9786079974107.","breadcrumb":{"@id":"https:\/\/booksfrommexico.com\/es\/producto\/la-helice-en-rojo-de-mi-corazon-gravita\/#breadcrumb"},"inLanguage":"es","potentialAction":[{"@type":"ReadAction","target":["https:\/\/booksfrommexico.com\/es\/producto\/la-helice-en-rojo-de-mi-corazon-gravita\/"]}]},{"@type":"ImageObject","inLanguage":"es","@id":"https:\/\/booksfrommexico.com\/es\/producto\/la-helice-en-rojo-de-mi-corazon-gravita\/#primaryimage","url":"https:\/\/booksfrommexico.com\/app\/uploads\/2024\/02\/198053.jpeg","contentUrl":"https:\/\/booksfrommexico.com\/app\/uploads\/2024\/02\/198053.jpeg","width":317,"height":498,"caption":"La h\u00e9lice en rojo de mi coraz\u00f3n gravita"},{"@type":"BreadcrumbList","@id":"https:\/\/booksfrommexico.com\/es\/producto\/la-helice-en-rojo-de-mi-corazon-gravita\/#breadcrumb","itemListElement":[{"@type":"ListItem","position":1,"name":"Home","item":"https:\/\/booksfrommexico.com\/es\/"},{"@type":"ListItem","position":2,"name":"Libros","item":"https:\/\/booksfrommexico.com\/es\/libros\/"},{"@type":"ListItem","position":3,"name":"La h\u00e9lice en rojo de mi coraz\u00f3n gravita"}]},{"@type":"WebSite","@id":"https:\/\/booksfrommexico.com\/#website","url":"https:\/\/booksfrommexico.com\/","name":"Books From Mexico","description":"","publisher":{"@id":"https:\/\/booksfrommexico.com\/#organization"},"potentialAction":[{"@type":"SearchAction","target":{"@type":"EntryPoint","urlTemplate":"https:\/\/booksfrommexico.com\/?s={search_term_string}"},"query-input":{"@type":"PropertyValueSpecification","valueRequired":true,"valueName":"search_term_string"}}],"inLanguage":"es"},{"@type":"Organization","@id":"https:\/\/booksfrommexico.com\/#organization","name":"Books From Mexico","url":"https:\/\/booksfrommexico.com\/","logo":{"@type":"ImageObject","inLanguage":"es","@id":"https:\/\/booksfrommexico.com\/#\/schema\/logo\/image\/","url":"https:\/\/booksfrommexico.com\/app\/uploads\/2023\/05\/logo-booksfrommexico.svg","contentUrl":"https:\/\/booksfrommexico.com\/app\/uploads\/2023\/05\/logo-booksfrommexico.svg","width":86,"height":56,"caption":"Books From Mexico"},"image":{"@id":"https:\/\/booksfrommexico.com\/#\/schema\/logo\/image\/"}}]}},"_links":{"self":[{"href":"https:\/\/booksfrommexico.com\/es\/wp-json\/wp\/v2\/product\/5067","targetHints":{"allow":["GET"]}}],"collection":[{"href":"https:\/\/booksfrommexico.com\/es\/wp-json\/wp\/v2\/product"}],"about":[{"href":"https:\/\/booksfrommexico.com\/es\/wp-json\/wp\/v2\/types\/product"}],"wp:featuredmedia":[{"embeddable":true,"href":"https:\/\/booksfrommexico.com\/es\/wp-json\/wp\/v2\/media\/5149"}],"wp:attachment":[{"href":"https:\/\/booksfrommexico.com\/es\/wp-json\/wp\/v2\/media?parent=5067"}],"wp:term":[{"taxonomy":"product_brand","embeddable":true,"href":"https:\/\/booksfrommexico.com\/es\/wp-json\/wp\/v2\/product_brand?post=5067"},{"taxonomy":"product_cat","embeddable":true,"href":"https:\/\/booksfrommexico.com\/es\/wp-json\/wp\/v2\/product_cat?post=5067"},{"taxonomy":"product_tag","embeddable":true,"href":"https:\/\/booksfrommexico.com\/es\/wp-json\/wp\/v2\/product_tag?post=5067"}],"curies":[{"name":"wp","href":"https:\/\/api.w.org\/{rel}","templated":true}]}}