{"id":5069,"date":"2024-02-14T23:26:56","date_gmt":"2024-02-14T23:26:56","guid":{"rendered":"https:\/\/booksfrommexico.com\/product\/codices-infinitos-no-6-la-reina-jaguar\/"},"modified":"2024-02-16T20:07:43","modified_gmt":"2024-02-16T20:07:43","slug":"codices-infinitos-no-6-la-reina-jaguar","status":"publish","type":"product","link":"https:\/\/booksfrommexico.com\/es\/producto\/codices-infinitos-no-6-la-reina-jaguar\/","title":{"rendered":"C\u00f3dices infinitos, No. 6: La reina jaguar"},"content":{"rendered":"<p><span style=\"font-weight: 400;\">Volumen 6 del c\u00f3mic independiente \u201cC\u00f3dices infinitos\u201d, distribuido trimestralmente en M\u00e9xico, con formato de antolog\u00eda para poder permitir en cada n\u00famero la colaboraci\u00f3n de artistas diferentes a los habituales. En cada entrega se incluyen dos, tres o cuatro historias, como es el caso de este n\u00famero 6. Ilustrado a todo color, con el estilo \u00fanico de cada artista, contando una historia independiente de las dem\u00e1s que la acompa\u00f1an, este ejemplar cuenta con \u201cLa Reina Jaguar\u201d de Carlo Chabl\u00e9, \u201cJudas\u201d de Sergio R\u00edos, \u201cExVivo\u201d de Lourdes Garcidue\u00f1as y \u201cHexxen Hammer: Martillo de brujas\u201d de Diana Noriega. <\/span><\/p>\n","protected":false},"excerpt":{"rendered":"<p>C\u00d3DICE INFINITO 6. <span style=\"font-weight: 400;\">\/ Sergio R\u00edos, Lourdes Garcidue\u00f1as, Carlo Chabl\u00e9, Diana Noriega. Javier Garc\u00eda, Armando Cazares (flat color). Eddie Berganza, Aburton (editors). Guadalajara, M\u00e9xico : Estudio Paltik ; Br\u00fajula C\u00f3mics, 2022. [24 sheets unpaged] : includes color illustrations ; 24 cm.<\/span><\/p>\n","protected":false},"featured_media":5156,"template":"","meta":{"_acf_changed":false,"inline_featured_image":false},"product_brand":[],"product_cat":[87,4159],"product_tag":[3769],"class_list":{"0":"post-5069","1":"product","2":"type-product","3":"status-publish","4":"has-post-thumbnail","6":"product_cat-arte","7":"product_cat-comic","8":"product_tag-obras-ilustradas","10":"first","11":"instock","12":"taxable","13":"shipping-taxable","14":"purchasable","15":"product-type-simple"},"acf":[],"yoast_head":"<!-- This site is optimized with the Yoast SEO plugin v27.2 - https:\/\/yoast.com\/product\/yoast-seo-wordpress\/ -->\n<title>C\u00f3dices infinitos, No. 6: La reina jaguar<\/title>\n<meta name=\"description\" content=\"C\u00d3DICE INFINITO 6: LA REINA JAGUAR. \/ Guadalajara, M\u00e9xico : Estudio Paltik ; Br\u00fajula C\u00f3mics, 2022. [24 sheets unpaged] : includes color illustrations.\" \/>\n<meta name=\"robots\" content=\"index, follow, max-snippet:-1, max-image-preview:large, max-video-preview:-1\" \/>\n<link rel=\"canonical\" href=\"https:\/\/booksfrommexico.com\/es\/producto\/codices-infinitos-no-6-la-reina-jaguar\/\" \/>\n<meta property=\"og:locale\" content=\"es_ES\" \/>\n<meta property=\"og:type\" content=\"article\" \/>\n<meta property=\"og:title\" content=\"C\u00f3dices infinitos, No. 6: La reina jaguar\" \/>\n<meta property=\"og:description\" content=\"C\u00d3DICE INFINITO 6: LA REINA JAGUAR. \/ Guadalajara, M\u00e9xico : Estudio Paltik ; Br\u00fajula C\u00f3mics, 2022. [24 sheets unpaged] : includes color illustrations.\" \/>\n<meta property=\"og:url\" content=\"https:\/\/booksfrommexico.com\/es\/producto\/codices-infinitos-no-6-la-reina-jaguar\/\" \/>\n<meta property=\"og:site_name\" content=\"Books From Mexico\" \/>\n<meta property=\"article:modified_time\" content=\"2024-02-16T20:07:43+00:00\" \/>\n<meta property=\"og:image\" content=\"http:\/\/booksfrommexico.com\/app\/uploads\/2024\/02\/198328.jpeg\" \/>\n\t<meta property=\"og:image:width\" content=\"466\" \/>\n\t<meta property=\"og:image:height\" content=\"709\" \/>\n\t<meta property=\"og:image:type\" content=\"image\/jpeg\" \/>\n<meta name=\"twitter:card\" content=\"summary_large_image\" \/>\n<meta name=\"twitter:label1\" content=\"Tiempo de lectura\" \/>\n\t<meta name=\"twitter:data1\" content=\"1 minuto\" \/>\n<script type=\"application\/ld+json\" class=\"yoast-schema-graph\">{\"@context\":\"https:\/\/schema.org\",\"@graph\":[{\"@type\":\"WebPage\",\"@id\":\"https:\/\/booksfrommexico.com\/es\/producto\/codices-infinitos-no-6-la-reina-jaguar\/\",\"url\":\"https:\/\/booksfrommexico.com\/es\/producto\/codices-infinitos-no-6-la-reina-jaguar\/\",\"name\":\"C\u00f3dices infinitos, No. 6: La reina jaguar\",\"isPartOf\":{\"@id\":\"https:\/\/booksfrommexico.com\/#website\"},\"primaryImageOfPage\":{\"@id\":\"https:\/\/booksfrommexico.com\/es\/producto\/codices-infinitos-no-6-la-reina-jaguar\/#primaryimage\"},\"image\":{\"@id\":\"https:\/\/booksfrommexico.com\/es\/producto\/codices-infinitos-no-6-la-reina-jaguar\/#primaryimage\"},\"thumbnailUrl\":\"https:\/\/booksfrommexico.com\/app\/uploads\/2024\/02\/198328.jpeg\",\"datePublished\":\"2024-02-14T23:26:56+00:00\",\"dateModified\":\"2024-02-16T20:07:43+00:00\",\"description\":\"C\u00d3DICE INFINITO 6: LA REINA JAGUAR. \/ Guadalajara, M\u00e9xico : Estudio Paltik ; Br\u00fajula C\u00f3mics, 2022. [24 sheets unpaged] : includes color illustrations.\",\"breadcrumb\":{\"@id\":\"https:\/\/booksfrommexico.com\/es\/producto\/codices-infinitos-no-6-la-reina-jaguar\/#breadcrumb\"},\"inLanguage\":\"es\",\"potentialAction\":[{\"@type\":\"ReadAction\",\"target\":[\"https:\/\/booksfrommexico.com\/es\/producto\/codices-infinitos-no-6-la-reina-jaguar\/\"]}]},{\"@type\":\"ImageObject\",\"inLanguage\":\"es\",\"@id\":\"https:\/\/booksfrommexico.com\/es\/producto\/codices-infinitos-no-6-la-reina-jaguar\/#primaryimage\",\"url\":\"https:\/\/booksfrommexico.com\/app\/uploads\/2024\/02\/198328.jpeg\",\"contentUrl\":\"https:\/\/booksfrommexico.com\/app\/uploads\/2024\/02\/198328.jpeg\",\"width\":466,\"height\":709,\"caption\":\"C\u00f3dices infinitos, No. 6 : la reina jaguar\"},{\"@type\":\"BreadcrumbList\",\"@id\":\"https:\/\/booksfrommexico.com\/es\/producto\/codices-infinitos-no-6-la-reina-jaguar\/#breadcrumb\",\"itemListElement\":[{\"@type\":\"ListItem\",\"position\":1,\"name\":\"Home\",\"item\":\"https:\/\/booksfrommexico.com\/es\/\"},{\"@type\":\"ListItem\",\"position\":2,\"name\":\"Libros\",\"item\":\"https:\/\/booksfrommexico.com\/es\/libros\/\"},{\"@type\":\"ListItem\",\"position\":3,\"name\":\"C\u00f3dices infinitos, No. 6: La reina jaguar\"}]},{\"@type\":\"WebSite\",\"@id\":\"https:\/\/booksfrommexico.com\/#website\",\"url\":\"https:\/\/booksfrommexico.com\/\",\"name\":\"Books From Mexico\",\"description\":\"\",\"publisher\":{\"@id\":\"https:\/\/booksfrommexico.com\/#organization\"},\"potentialAction\":[{\"@type\":\"SearchAction\",\"target\":{\"@type\":\"EntryPoint\",\"urlTemplate\":\"https:\/\/booksfrommexico.com\/?s={search_term_string}\"},\"query-input\":{\"@type\":\"PropertyValueSpecification\",\"valueRequired\":true,\"valueName\":\"search_term_string\"}}],\"inLanguage\":\"es\"},{\"@type\":\"Organization\",\"@id\":\"https:\/\/booksfrommexico.com\/#organization\",\"name\":\"Books From Mexico\",\"url\":\"https:\/\/booksfrommexico.com\/\",\"logo\":{\"@type\":\"ImageObject\",\"inLanguage\":\"es\",\"@id\":\"https:\/\/booksfrommexico.com\/#\/schema\/logo\/image\/\",\"url\":\"https:\/\/booksfrommexico.com\/app\/uploads\/2023\/05\/logo-booksfrommexico.svg\",\"contentUrl\":\"https:\/\/booksfrommexico.com\/app\/uploads\/2023\/05\/logo-booksfrommexico.svg\",\"width\":86,\"height\":56,\"caption\":\"Books From Mexico\"},\"image\":{\"@id\":\"https:\/\/booksfrommexico.com\/#\/schema\/logo\/image\/\"}}]}<\/script>\n<!-- \/ Yoast SEO plugin. -->","yoast_head_json":{"title":"C\u00f3dices infinitos, No. 6: La reina jaguar","description":"C\u00d3DICE INFINITO 6: LA REINA JAGUAR. \/ Guadalajara, M\u00e9xico : Estudio Paltik ; Br\u00fajula C\u00f3mics, 2022. [24 sheets unpaged] : includes color illustrations.","robots":{"index":"index","follow":"follow","max-snippet":"max-snippet:-1","max-image-preview":"max-image-preview:large","max-video-preview":"max-video-preview:-1"},"canonical":"https:\/\/booksfrommexico.com\/es\/producto\/codices-infinitos-no-6-la-reina-jaguar\/","og_locale":"es_ES","og_type":"article","og_title":"C\u00f3dices infinitos, No. 6: La reina jaguar","og_description":"C\u00d3DICE INFINITO 6: LA REINA JAGUAR. \/ Guadalajara, M\u00e9xico : Estudio Paltik ; Br\u00fajula C\u00f3mics, 2022. [24 sheets unpaged] : includes color illustrations.","og_url":"https:\/\/booksfrommexico.com\/es\/producto\/codices-infinitos-no-6-la-reina-jaguar\/","og_site_name":"Books From Mexico","article_modified_time":"2024-02-16T20:07:43+00:00","og_image":[{"width":466,"height":709,"url":"http:\/\/booksfrommexico.com\/app\/uploads\/2024\/02\/198328.jpeg","type":"image\/jpeg"}],"twitter_card":"summary_large_image","twitter_misc":{"Tiempo de lectura":"1 minuto"},"schema":{"@context":"https:\/\/schema.org","@graph":[{"@type":"WebPage","@id":"https:\/\/booksfrommexico.com\/es\/producto\/codices-infinitos-no-6-la-reina-jaguar\/","url":"https:\/\/booksfrommexico.com\/es\/producto\/codices-infinitos-no-6-la-reina-jaguar\/","name":"C\u00f3dices infinitos, No. 6: La reina jaguar","isPartOf":{"@id":"https:\/\/booksfrommexico.com\/#website"},"primaryImageOfPage":{"@id":"https:\/\/booksfrommexico.com\/es\/producto\/codices-infinitos-no-6-la-reina-jaguar\/#primaryimage"},"image":{"@id":"https:\/\/booksfrommexico.com\/es\/producto\/codices-infinitos-no-6-la-reina-jaguar\/#primaryimage"},"thumbnailUrl":"https:\/\/booksfrommexico.com\/app\/uploads\/2024\/02\/198328.jpeg","datePublished":"2024-02-14T23:26:56+00:00","dateModified":"2024-02-16T20:07:43+00:00","description":"C\u00d3DICE INFINITO 6: LA REINA JAGUAR. \/ Guadalajara, M\u00e9xico : Estudio Paltik ; Br\u00fajula C\u00f3mics, 2022. [24 sheets unpaged] : includes color illustrations.","breadcrumb":{"@id":"https:\/\/booksfrommexico.com\/es\/producto\/codices-infinitos-no-6-la-reina-jaguar\/#breadcrumb"},"inLanguage":"es","potentialAction":[{"@type":"ReadAction","target":["https:\/\/booksfrommexico.com\/es\/producto\/codices-infinitos-no-6-la-reina-jaguar\/"]}]},{"@type":"ImageObject","inLanguage":"es","@id":"https:\/\/booksfrommexico.com\/es\/producto\/codices-infinitos-no-6-la-reina-jaguar\/#primaryimage","url":"https:\/\/booksfrommexico.com\/app\/uploads\/2024\/02\/198328.jpeg","contentUrl":"https:\/\/booksfrommexico.com\/app\/uploads\/2024\/02\/198328.jpeg","width":466,"height":709,"caption":"C\u00f3dices infinitos, No. 6 : la reina jaguar"},{"@type":"BreadcrumbList","@id":"https:\/\/booksfrommexico.com\/es\/producto\/codices-infinitos-no-6-la-reina-jaguar\/#breadcrumb","itemListElement":[{"@type":"ListItem","position":1,"name":"Home","item":"https:\/\/booksfrommexico.com\/es\/"},{"@type":"ListItem","position":2,"name":"Libros","item":"https:\/\/booksfrommexico.com\/es\/libros\/"},{"@type":"ListItem","position":3,"name":"C\u00f3dices infinitos, No. 6: La reina jaguar"}]},{"@type":"WebSite","@id":"https:\/\/booksfrommexico.com\/#website","url":"https:\/\/booksfrommexico.com\/","name":"Books From Mexico","description":"","publisher":{"@id":"https:\/\/booksfrommexico.com\/#organization"},"potentialAction":[{"@type":"SearchAction","target":{"@type":"EntryPoint","urlTemplate":"https:\/\/booksfrommexico.com\/?s={search_term_string}"},"query-input":{"@type":"PropertyValueSpecification","valueRequired":true,"valueName":"search_term_string"}}],"inLanguage":"es"},{"@type":"Organization","@id":"https:\/\/booksfrommexico.com\/#organization","name":"Books From Mexico","url":"https:\/\/booksfrommexico.com\/","logo":{"@type":"ImageObject","inLanguage":"es","@id":"https:\/\/booksfrommexico.com\/#\/schema\/logo\/image\/","url":"https:\/\/booksfrommexico.com\/app\/uploads\/2023\/05\/logo-booksfrommexico.svg","contentUrl":"https:\/\/booksfrommexico.com\/app\/uploads\/2023\/05\/logo-booksfrommexico.svg","width":86,"height":56,"caption":"Books From Mexico"},"image":{"@id":"https:\/\/booksfrommexico.com\/#\/schema\/logo\/image\/"}}]}},"_links":{"self":[{"href":"https:\/\/booksfrommexico.com\/es\/wp-json\/wp\/v2\/product\/5069","targetHints":{"allow":["GET"]}}],"collection":[{"href":"https:\/\/booksfrommexico.com\/es\/wp-json\/wp\/v2\/product"}],"about":[{"href":"https:\/\/booksfrommexico.com\/es\/wp-json\/wp\/v2\/types\/product"}],"wp:featuredmedia":[{"embeddable":true,"href":"https:\/\/booksfrommexico.com\/es\/wp-json\/wp\/v2\/media\/5156"}],"wp:attachment":[{"href":"https:\/\/booksfrommexico.com\/es\/wp-json\/wp\/v2\/media?parent=5069"}],"wp:term":[{"taxonomy":"product_brand","embeddable":true,"href":"https:\/\/booksfrommexico.com\/es\/wp-json\/wp\/v2\/product_brand?post=5069"},{"taxonomy":"product_cat","embeddable":true,"href":"https:\/\/booksfrommexico.com\/es\/wp-json\/wp\/v2\/product_cat?post=5069"},{"taxonomy":"product_tag","embeddable":true,"href":"https:\/\/booksfrommexico.com\/es\/wp-json\/wp\/v2\/product_tag?post=5069"}],"curies":[{"name":"wp","href":"https:\/\/api.w.org\/{rel}","templated":true}]}}