{"id":507,"date":"2023-05-08T17:03:17","date_gmt":"2023-05-08T17:03:17","guid":{"rendered":"http:\/\/booksfrommexico.com\/product\/clubes-de-migrantes-oriundos-mexicanos-en-los-estados-unidos-la-politica-transnacional-de-la-nueva-soci\/"},"modified":"2024-10-02T23:38:19","modified_gmt":"2024-10-02T23:38:19","slug":"clubes-de-migrantes-oriundos-mexicanos-en-los-estados-unidos-la-politica-transnacional-de-la-nueva-soci","status":"publish","type":"product","link":"https:\/\/booksfrommexico.com\/es\/producto\/clubes-de-migrantes-oriundos-mexicanos-en-los-estados-unidos-la-politica-transnacional-de-la-nueva-soci\/","title":{"rendered":"Clubes de migrantes oriundos mexicanos en los Estados Unidos: La pol\u00edtica transnacional de la nueva sociedad civil migrante"},"content":{"rendered":"<p><span style=\"font-weight: 400;\">En los \u00faltimos a\u00f1os ha habido un creciente inter\u00e9s por conocer y entender una de las formas asociativas de los migrantes mexicanos en los Estados Unidos: los clubes de migrantes; se trata de una faceta de la migraci\u00f3n mexicana que resurge con inter\u00e9s renovado en la discusi\u00f3n p\u00fablica y acad\u00e9mica desde la d\u00e9cada de los ochenta. Las doce contribuciones de este t\u00edtulo ofrecen al lector especializado, al dise\u00f1ador de pol\u00edticas p\u00fablicas y, p\u00fablico en general, un acercamiento amplio a los clubes de migrantes oriundos que son las formas asociativas predominantes del M\u00e9xico migrante. Adem\u00e1s establece bases firmes para la elaboraci\u00f3n de preguntas de investigaci\u00f3n futura acerca de estas asociaciones.\u00a0<\/span><\/p>\n","protected":false},"excerpt":{"rendered":"<p>CLUBES DE MIGRANTES ORIUNDOS MEXICANOS EN LOS ESTADOS UNIDOS : LA POL\u00cdTICA TRANSNACIONAL DE LA NUEVA SOCIEDAD CIVIL MIGRANTE<span style=\"font-weight: 400;\">. \/ Guillaume Lanly, M. Basilia Valenzuela V. (compilators). Guadalajara, Jalisco, M\u00e9xico : Universidad de Guadalajara, Centro Universitario de Ciencias Econ\u00f3mico Administrativas, 2004. 491 pages : includes references, photos, maps, bibliography at the end of each chapter ; 21 cm. ISBN : 9707640294. <\/span><\/p>\n","protected":false},"featured_media":506,"template":"","meta":{"_acf_changed":false,"inline_featured_image":false},"product_brand":[],"product_cat":[797,42],"product_tag":[3659,3685,4401,3627],"class_list":{"0":"post-507","1":"product","2":"type-product","3":"status-publish","4":"has-post-thumbnail","6":"product_cat-politica-y-ciencia-politica","7":"product_cat-temas-de-inmigracion-y-migraciones-humanas","8":"product_tag-condiciones-sociales","9":"product_tag-inmigracion","10":"product_tag-inmigrantes-es","11":"product_tag-politica-y-gobierno","13":"first","14":"instock","15":"sale","16":"taxable","17":"shipping-taxable","18":"purchasable","19":"product-type-simple"},"acf":[],"yoast_head":"<!-- This site is optimized with the Yoast SEO plugin v27.3 - https:\/\/yoast.com\/product\/yoast-seo-wordpress\/ -->\n<title>Clubes de migrantes oriundos mexicanos en los Estados Unidos<\/title>\n<meta name=\"description\" content=\"CLUBES DE MIGRANTES ORIUNDOS MEXICANOS EN LOS ESTADOS UNIDOS : LA POL\u00cdTICA TRANSNACIONAL DE LA NUEVA SOCIEDAD CIVIL MIGRANTE. \/ Lanly, Valenzuela V.\" \/>\n<meta name=\"robots\" content=\"index, follow, max-snippet:-1, max-image-preview:large, max-video-preview:-1\" \/>\n<link rel=\"canonical\" href=\"https:\/\/booksfrommexico.com\/es\/producto\/clubes-de-migrantes-oriundos-mexicanos-en-los-estados-unidos-la-politica-transnacional-de-la-nueva-soci\/\" \/>\n<meta property=\"og:locale\" content=\"es_ES\" \/>\n<meta property=\"og:type\" content=\"article\" \/>\n<meta property=\"og:title\" content=\"Clubes de migrantes oriundos mexicanos en los Estados Unidos\" \/>\n<meta property=\"og:description\" content=\"CLUBES DE MIGRANTES ORIUNDOS MEXICANOS EN LOS ESTADOS UNIDOS : LA POL\u00cdTICA TRANSNACIONAL DE LA NUEVA SOCIEDAD CIVIL MIGRANTE. \/ Lanly, Valenzuela V.\" \/>\n<meta property=\"og:url\" content=\"https:\/\/booksfrommexico.com\/es\/producto\/clubes-de-migrantes-oriundos-mexicanos-en-los-estados-unidos-la-politica-transnacional-de-la-nueva-soci\/\" \/>\n<meta property=\"og:site_name\" content=\"Books From Mexico\" \/>\n<meta property=\"article:modified_time\" content=\"2024-10-02T23:38:19+00:00\" \/>\n<meta property=\"og:image\" content=\"http:\/\/booksfrommexico.com\/app\/uploads\/2023\/05\/127940.jpeg\" \/>\n\t<meta property=\"og:image:width\" content=\"474\" \/>\n\t<meta property=\"og:image:height\" content=\"594\" \/>\n\t<meta property=\"og:image:type\" content=\"image\/jpeg\" \/>\n<meta name=\"twitter:card\" content=\"summary_large_image\" \/>\n<meta name=\"twitter:label1\" content=\"Tiempo de lectura\" \/>\n\t<meta name=\"twitter:data1\" content=\"1 minuto\" \/>\n<script type=\"application\/ld+json\" class=\"yoast-schema-graph\">{\"@context\":\"https:\\\/\\\/schema.org\",\"@graph\":[{\"@type\":\"WebPage\",\"@id\":\"https:\\\/\\\/booksfrommexico.com\\\/es\\\/producto\\\/clubes-de-migrantes-oriundos-mexicanos-en-los-estados-unidos-la-politica-transnacional-de-la-nueva-soci\\\/\",\"url\":\"https:\\\/\\\/booksfrommexico.com\\\/es\\\/producto\\\/clubes-de-migrantes-oriundos-mexicanos-en-los-estados-unidos-la-politica-transnacional-de-la-nueva-soci\\\/\",\"name\":\"Clubes de migrantes oriundos mexicanos en los Estados Unidos\",\"isPartOf\":{\"@id\":\"https:\\\/\\\/booksfrommexico.com\\\/#website\"},\"primaryImageOfPage\":{\"@id\":\"https:\\\/\\\/booksfrommexico.com\\\/es\\\/producto\\\/clubes-de-migrantes-oriundos-mexicanos-en-los-estados-unidos-la-politica-transnacional-de-la-nueva-soci\\\/#primaryimage\"},\"image\":{\"@id\":\"https:\\\/\\\/booksfrommexico.com\\\/es\\\/producto\\\/clubes-de-migrantes-oriundos-mexicanos-en-los-estados-unidos-la-politica-transnacional-de-la-nueva-soci\\\/#primaryimage\"},\"thumbnailUrl\":\"https:\\\/\\\/booksfrommexico.com\\\/app\\\/uploads\\\/2023\\\/05\\\/127940.jpeg\",\"datePublished\":\"2023-05-08T17:03:17+00:00\",\"dateModified\":\"2024-10-02T23:38:19+00:00\",\"description\":\"CLUBES DE MIGRANTES ORIUNDOS MEXICANOS EN LOS ESTADOS UNIDOS : LA POL\u00cdTICA TRANSNACIONAL DE LA NUEVA SOCIEDAD CIVIL MIGRANTE. \\\/ Lanly, Valenzuela V.\",\"breadcrumb\":{\"@id\":\"https:\\\/\\\/booksfrommexico.com\\\/es\\\/producto\\\/clubes-de-migrantes-oriundos-mexicanos-en-los-estados-unidos-la-politica-transnacional-de-la-nueva-soci\\\/#breadcrumb\"},\"inLanguage\":\"es\",\"potentialAction\":[{\"@type\":\"ReadAction\",\"target\":[\"https:\\\/\\\/booksfrommexico.com\\\/es\\\/producto\\\/clubes-de-migrantes-oriundos-mexicanos-en-los-estados-unidos-la-politica-transnacional-de-la-nueva-soci\\\/\"]}]},{\"@type\":\"ImageObject\",\"inLanguage\":\"es\",\"@id\":\"https:\\\/\\\/booksfrommexico.com\\\/es\\\/producto\\\/clubes-de-migrantes-oriundos-mexicanos-en-los-estados-unidos-la-politica-transnacional-de-la-nueva-soci\\\/#primaryimage\",\"url\":\"https:\\\/\\\/booksfrommexico.com\\\/app\\\/uploads\\\/2023\\\/05\\\/127940.jpeg\",\"contentUrl\":\"https:\\\/\\\/booksfrommexico.com\\\/app\\\/uploads\\\/2023\\\/05\\\/127940.jpeg\",\"width\":474,\"height\":594},{\"@type\":\"BreadcrumbList\",\"@id\":\"https:\\\/\\\/booksfrommexico.com\\\/es\\\/producto\\\/clubes-de-migrantes-oriundos-mexicanos-en-los-estados-unidos-la-politica-transnacional-de-la-nueva-soci\\\/#breadcrumb\",\"itemListElement\":[{\"@type\":\"ListItem\",\"position\":1,\"name\":\"Home\",\"item\":\"https:\\\/\\\/booksfrommexico.com\\\/es\\\/\"},{\"@type\":\"ListItem\",\"position\":2,\"name\":\"Libros\",\"item\":\"https:\\\/\\\/booksfrommexico.com\\\/es\\\/libros\\\/\"},{\"@type\":\"ListItem\",\"position\":3,\"name\":\"Clubes de migrantes oriundos mexicanos en los Estados Unidos: La pol\u00edtica transnacional de la nueva sociedad civil migrante\"}]},{\"@type\":\"WebSite\",\"@id\":\"https:\\\/\\\/booksfrommexico.com\\\/#website\",\"url\":\"https:\\\/\\\/booksfrommexico.com\\\/\",\"name\":\"Books From Mexico\",\"description\":\"\",\"publisher\":{\"@id\":\"https:\\\/\\\/booksfrommexico.com\\\/#organization\"},\"potentialAction\":[{\"@type\":\"SearchAction\",\"target\":{\"@type\":\"EntryPoint\",\"urlTemplate\":\"https:\\\/\\\/booksfrommexico.com\\\/?s={search_term_string}\"},\"query-input\":{\"@type\":\"PropertyValueSpecification\",\"valueRequired\":true,\"valueName\":\"search_term_string\"}}],\"inLanguage\":\"es\"},{\"@type\":\"Organization\",\"@id\":\"https:\\\/\\\/booksfrommexico.com\\\/#organization\",\"name\":\"Books From Mexico\",\"url\":\"https:\\\/\\\/booksfrommexico.com\\\/\",\"logo\":{\"@type\":\"ImageObject\",\"inLanguage\":\"es\",\"@id\":\"https:\\\/\\\/booksfrommexico.com\\\/#\\\/schema\\\/logo\\\/image\\\/\",\"url\":\"https:\\\/\\\/booksfrommexico.com\\\/app\\\/uploads\\\/2023\\\/05\\\/logo-booksfrommexico.svg\",\"contentUrl\":\"https:\\\/\\\/booksfrommexico.com\\\/app\\\/uploads\\\/2023\\\/05\\\/logo-booksfrommexico.svg\",\"width\":86,\"height\":56,\"caption\":\"Books From Mexico\"},\"image\":{\"@id\":\"https:\\\/\\\/booksfrommexico.com\\\/#\\\/schema\\\/logo\\\/image\\\/\"}}]}<\/script>\n<!-- \/ Yoast SEO plugin. -->","yoast_head_json":{"title":"Clubes de migrantes oriundos mexicanos en los Estados Unidos","description":"CLUBES DE MIGRANTES ORIUNDOS MEXICANOS EN LOS ESTADOS UNIDOS : LA POL\u00cdTICA TRANSNACIONAL DE LA NUEVA SOCIEDAD CIVIL MIGRANTE. \/ Lanly, Valenzuela V.","robots":{"index":"index","follow":"follow","max-snippet":"max-snippet:-1","max-image-preview":"max-image-preview:large","max-video-preview":"max-video-preview:-1"},"canonical":"https:\/\/booksfrommexico.com\/es\/producto\/clubes-de-migrantes-oriundos-mexicanos-en-los-estados-unidos-la-politica-transnacional-de-la-nueva-soci\/","og_locale":"es_ES","og_type":"article","og_title":"Clubes de migrantes oriundos mexicanos en los Estados Unidos","og_description":"CLUBES DE MIGRANTES ORIUNDOS MEXICANOS EN LOS ESTADOS UNIDOS : LA POL\u00cdTICA TRANSNACIONAL DE LA NUEVA SOCIEDAD CIVIL MIGRANTE. \/ Lanly, Valenzuela V.","og_url":"https:\/\/booksfrommexico.com\/es\/producto\/clubes-de-migrantes-oriundos-mexicanos-en-los-estados-unidos-la-politica-transnacional-de-la-nueva-soci\/","og_site_name":"Books From Mexico","article_modified_time":"2024-10-02T23:38:19+00:00","og_image":[{"width":474,"height":594,"url":"http:\/\/booksfrommexico.com\/app\/uploads\/2023\/05\/127940.jpeg","type":"image\/jpeg"}],"twitter_card":"summary_large_image","twitter_misc":{"Tiempo de lectura":"1 minuto"},"schema":{"@context":"https:\/\/schema.org","@graph":[{"@type":"WebPage","@id":"https:\/\/booksfrommexico.com\/es\/producto\/clubes-de-migrantes-oriundos-mexicanos-en-los-estados-unidos-la-politica-transnacional-de-la-nueva-soci\/","url":"https:\/\/booksfrommexico.com\/es\/producto\/clubes-de-migrantes-oriundos-mexicanos-en-los-estados-unidos-la-politica-transnacional-de-la-nueva-soci\/","name":"Clubes de migrantes oriundos mexicanos en los Estados Unidos","isPartOf":{"@id":"https:\/\/booksfrommexico.com\/#website"},"primaryImageOfPage":{"@id":"https:\/\/booksfrommexico.com\/es\/producto\/clubes-de-migrantes-oriundos-mexicanos-en-los-estados-unidos-la-politica-transnacional-de-la-nueva-soci\/#primaryimage"},"image":{"@id":"https:\/\/booksfrommexico.com\/es\/producto\/clubes-de-migrantes-oriundos-mexicanos-en-los-estados-unidos-la-politica-transnacional-de-la-nueva-soci\/#primaryimage"},"thumbnailUrl":"https:\/\/booksfrommexico.com\/app\/uploads\/2023\/05\/127940.jpeg","datePublished":"2023-05-08T17:03:17+00:00","dateModified":"2024-10-02T23:38:19+00:00","description":"CLUBES DE MIGRANTES ORIUNDOS MEXICANOS EN LOS ESTADOS UNIDOS : LA POL\u00cdTICA TRANSNACIONAL DE LA NUEVA SOCIEDAD CIVIL MIGRANTE. \/ Lanly, Valenzuela V.","breadcrumb":{"@id":"https:\/\/booksfrommexico.com\/es\/producto\/clubes-de-migrantes-oriundos-mexicanos-en-los-estados-unidos-la-politica-transnacional-de-la-nueva-soci\/#breadcrumb"},"inLanguage":"es","potentialAction":[{"@type":"ReadAction","target":["https:\/\/booksfrommexico.com\/es\/producto\/clubes-de-migrantes-oriundos-mexicanos-en-los-estados-unidos-la-politica-transnacional-de-la-nueva-soci\/"]}]},{"@type":"ImageObject","inLanguage":"es","@id":"https:\/\/booksfrommexico.com\/es\/producto\/clubes-de-migrantes-oriundos-mexicanos-en-los-estados-unidos-la-politica-transnacional-de-la-nueva-soci\/#primaryimage","url":"https:\/\/booksfrommexico.com\/app\/uploads\/2023\/05\/127940.jpeg","contentUrl":"https:\/\/booksfrommexico.com\/app\/uploads\/2023\/05\/127940.jpeg","width":474,"height":594},{"@type":"BreadcrumbList","@id":"https:\/\/booksfrommexico.com\/es\/producto\/clubes-de-migrantes-oriundos-mexicanos-en-los-estados-unidos-la-politica-transnacional-de-la-nueva-soci\/#breadcrumb","itemListElement":[{"@type":"ListItem","position":1,"name":"Home","item":"https:\/\/booksfrommexico.com\/es\/"},{"@type":"ListItem","position":2,"name":"Libros","item":"https:\/\/booksfrommexico.com\/es\/libros\/"},{"@type":"ListItem","position":3,"name":"Clubes de migrantes oriundos mexicanos en los Estados Unidos: La pol\u00edtica transnacional de la nueva sociedad civil migrante"}]},{"@type":"WebSite","@id":"https:\/\/booksfrommexico.com\/#website","url":"https:\/\/booksfrommexico.com\/","name":"Books From Mexico","description":"","publisher":{"@id":"https:\/\/booksfrommexico.com\/#organization"},"potentialAction":[{"@type":"SearchAction","target":{"@type":"EntryPoint","urlTemplate":"https:\/\/booksfrommexico.com\/?s={search_term_string}"},"query-input":{"@type":"PropertyValueSpecification","valueRequired":true,"valueName":"search_term_string"}}],"inLanguage":"es"},{"@type":"Organization","@id":"https:\/\/booksfrommexico.com\/#organization","name":"Books From Mexico","url":"https:\/\/booksfrommexico.com\/","logo":{"@type":"ImageObject","inLanguage":"es","@id":"https:\/\/booksfrommexico.com\/#\/schema\/logo\/image\/","url":"https:\/\/booksfrommexico.com\/app\/uploads\/2023\/05\/logo-booksfrommexico.svg","contentUrl":"https:\/\/booksfrommexico.com\/app\/uploads\/2023\/05\/logo-booksfrommexico.svg","width":86,"height":56,"caption":"Books From Mexico"},"image":{"@id":"https:\/\/booksfrommexico.com\/#\/schema\/logo\/image\/"}}]}},"_links":{"self":[{"href":"https:\/\/booksfrommexico.com\/es\/wp-json\/wp\/v2\/product\/507","targetHints":{"allow":["GET"]}}],"collection":[{"href":"https:\/\/booksfrommexico.com\/es\/wp-json\/wp\/v2\/product"}],"about":[{"href":"https:\/\/booksfrommexico.com\/es\/wp-json\/wp\/v2\/types\/product"}],"wp:featuredmedia":[{"embeddable":true,"href":"https:\/\/booksfrommexico.com\/es\/wp-json\/wp\/v2\/media\/506"}],"wp:attachment":[{"href":"https:\/\/booksfrommexico.com\/es\/wp-json\/wp\/v2\/media?parent=507"}],"wp:term":[{"taxonomy":"product_brand","embeddable":true,"href":"https:\/\/booksfrommexico.com\/es\/wp-json\/wp\/v2\/product_brand?post=507"},{"taxonomy":"product_cat","embeddable":true,"href":"https:\/\/booksfrommexico.com\/es\/wp-json\/wp\/v2\/product_cat?post=507"},{"taxonomy":"product_tag","embeddable":true,"href":"https:\/\/booksfrommexico.com\/es\/wp-json\/wp\/v2\/product_tag?post=507"}],"curies":[{"name":"wp","href":"https:\/\/api.w.org\/{rel}","templated":true}]}}