{"id":5071,"date":"2024-02-14T23:26:56","date_gmt":"2024-02-14T23:26:56","guid":{"rendered":"https:\/\/booksfrommexico.com\/product\/educacion-en-tiempos-de-pandemia\/"},"modified":"2024-04-29T21:32:20","modified_gmt":"2024-04-29T21:32:20","slug":"educacion-en-tiempos-de-pandemia","status":"publish","type":"product","link":"https:\/\/booksfrommexico.com\/es\/producto\/educacion-en-tiempos-de-pandemia\/","title":{"rendered":"Educaci\u00f3n en tiempos de pandemia"},"content":{"rendered":"<p><span style=\"font-weight: 400;\">Tras la pandemia numerosas cosas cambiaron en nuestra cotidianidad, yendo desde lo m\u00e1s b\u00e1sico como la intimidad del hogar, atravesando por la convivencia con el mundo exterior, llegando al \u00e1mbito educativo. Esta investigaci\u00f3n est\u00e1 planteada tras los dos a\u00f1os de pandemia para hablar sobre el impacto profundo que este proceso ha tenido especialmente en el \u00e1mbito educativo en M\u00e9xico. Se convoc\u00f3 a docentes e investigadores de la Universidad de Guadalajara de los distintos niveles de ense\u00f1anza para que, desde su experiencia y \u00e1reas de especializaci\u00f3n, reflexionaran sobre la educaci\u00f3n en tiempos de pandemia, as\u00ed como los retos de la \u201cnueva normalidad\u201d.<\/span><\/p>\n","protected":false},"excerpt":{"rendered":"<p>EDUCACI\u00d3N EN TIEMPOS DE PANDEMIA. <span style=\"font-weight: 400;\">\/ Luz Mar\u00eda P\u00e9rez Castellanos, Ernesto Gerardo Castellanos Silva, Karla Isabel Arceo Ay\u00f3n (coordinators). Guadalajara, M\u00e9xico : Universidad de Guadalajara ; Ciudad de M\u00e9xico, M\u00e9xico : Editorial Tirant Lo Blanch, 2022. 363 pages : includes tables, charts, bibliography. (Serie Tirant Humanidades). ISBN : 9788419376527.<\/span><\/p>\n","protected":false},"featured_media":5166,"template":"","meta":{"_acf_changed":false,"inline_featured_image":false},"product_brand":[],"product_cat":[59],"product_tag":[4116,4293],"class_list":{"0":"post-5071","1":"product","2":"type-product","3":"status-publish","4":"has-post-thumbnail","6":"product_cat-educacion","7":"product_tag-covid-19","8":"product_tag-educacion-basica","10":"first","11":"instock","12":"taxable","13":"shipping-taxable","14":"purchasable","15":"product-type-simple"},"acf":[],"yoast_head":"<!-- This site is optimized with the Yoast SEO plugin v27.3 - https:\/\/yoast.com\/product\/yoast-seo-wordpress\/ -->\n<title>Educaci\u00f3n en tiempos de pandemia<\/title>\n<meta name=\"description\" content=\"Luz Mar\u00eda P\u00e9rez Castellanos, Ernesto Gerardo Castellanos Silva, Karla Isabel Arceo Ay\u00f3n (coordinators). 2022. 363 pages. (Serie Tirant Humanidades).\" \/>\n<meta name=\"robots\" content=\"index, follow, max-snippet:-1, max-image-preview:large, max-video-preview:-1\" \/>\n<link rel=\"canonical\" href=\"https:\/\/booksfrommexico.com\/es\/producto\/educacion-en-tiempos-de-pandemia\/\" \/>\n<meta property=\"og:locale\" content=\"es_ES\" \/>\n<meta property=\"og:type\" content=\"article\" \/>\n<meta property=\"og:title\" content=\"Educaci\u00f3n en tiempos de pandemia\" \/>\n<meta property=\"og:description\" content=\"Luz Mar\u00eda P\u00e9rez Castellanos, Ernesto Gerardo Castellanos Silva, Karla Isabel Arceo Ay\u00f3n (coordinators). 2022. 363 pages. (Serie Tirant Humanidades).\" \/>\n<meta property=\"og:url\" content=\"https:\/\/booksfrommexico.com\/es\/producto\/educacion-en-tiempos-de-pandemia\/\" \/>\n<meta property=\"og:site_name\" content=\"Books From Mexico\" \/>\n<meta property=\"article:modified_time\" content=\"2024-04-29T21:32:20+00:00\" \/>\n<meta property=\"og:image\" content=\"http:\/\/booksfrommexico.com\/app\/uploads\/2024\/02\/198717-1.jpeg\" \/>\n\t<meta property=\"og:image:width\" content=\"427\" \/>\n\t<meta property=\"og:image:height\" content=\"623\" \/>\n\t<meta property=\"og:image:type\" content=\"image\/jpeg\" \/>\n<meta name=\"twitter:card\" content=\"summary_large_image\" \/>\n<meta name=\"twitter:label1\" content=\"Tiempo de lectura\" \/>\n\t<meta name=\"twitter:data1\" content=\"1 minuto\" \/>\n<script type=\"application\/ld+json\" class=\"yoast-schema-graph\">{\"@context\":\"https:\\\/\\\/schema.org\",\"@graph\":[{\"@type\":\"WebPage\",\"@id\":\"https:\\\/\\\/booksfrommexico.com\\\/es\\\/producto\\\/educacion-en-tiempos-de-pandemia\\\/\",\"url\":\"https:\\\/\\\/booksfrommexico.com\\\/es\\\/producto\\\/educacion-en-tiempos-de-pandemia\\\/\",\"name\":\"Educaci\u00f3n en tiempos de pandemia\",\"isPartOf\":{\"@id\":\"https:\\\/\\\/booksfrommexico.com\\\/#website\"},\"primaryImageOfPage\":{\"@id\":\"https:\\\/\\\/booksfrommexico.com\\\/es\\\/producto\\\/educacion-en-tiempos-de-pandemia\\\/#primaryimage\"},\"image\":{\"@id\":\"https:\\\/\\\/booksfrommexico.com\\\/es\\\/producto\\\/educacion-en-tiempos-de-pandemia\\\/#primaryimage\"},\"thumbnailUrl\":\"https:\\\/\\\/booksfrommexico.com\\\/app\\\/uploads\\\/2024\\\/02\\\/198717-1.jpeg\",\"datePublished\":\"2024-02-14T23:26:56+00:00\",\"dateModified\":\"2024-04-29T21:32:20+00:00\",\"description\":\"Luz Mar\u00eda P\u00e9rez Castellanos, Ernesto Gerardo Castellanos Silva, Karla Isabel Arceo Ay\u00f3n (coordinators). 2022. 363 pages. (Serie Tirant Humanidades).\",\"breadcrumb\":{\"@id\":\"https:\\\/\\\/booksfrommexico.com\\\/es\\\/producto\\\/educacion-en-tiempos-de-pandemia\\\/#breadcrumb\"},\"inLanguage\":\"es\",\"potentialAction\":[{\"@type\":\"ReadAction\",\"target\":[\"https:\\\/\\\/booksfrommexico.com\\\/es\\\/producto\\\/educacion-en-tiempos-de-pandemia\\\/\"]}]},{\"@type\":\"ImageObject\",\"inLanguage\":\"es\",\"@id\":\"https:\\\/\\\/booksfrommexico.com\\\/es\\\/producto\\\/educacion-en-tiempos-de-pandemia\\\/#primaryimage\",\"url\":\"https:\\\/\\\/booksfrommexico.com\\\/app\\\/uploads\\\/2024\\\/02\\\/198717-1.jpeg\",\"contentUrl\":\"https:\\\/\\\/booksfrommexico.com\\\/app\\\/uploads\\\/2024\\\/02\\\/198717-1.jpeg\",\"width\":427,\"height\":623,\"caption\":\"Educaci\u00f3n en tiempos de pandemia\"},{\"@type\":\"BreadcrumbList\",\"@id\":\"https:\\\/\\\/booksfrommexico.com\\\/es\\\/producto\\\/educacion-en-tiempos-de-pandemia\\\/#breadcrumb\",\"itemListElement\":[{\"@type\":\"ListItem\",\"position\":1,\"name\":\"Home\",\"item\":\"https:\\\/\\\/booksfrommexico.com\\\/es\\\/\"},{\"@type\":\"ListItem\",\"position\":2,\"name\":\"Libros\",\"item\":\"https:\\\/\\\/booksfrommexico.com\\\/es\\\/libros\\\/\"},{\"@type\":\"ListItem\",\"position\":3,\"name\":\"Educaci\u00f3n en tiempos de pandemia\"}]},{\"@type\":\"WebSite\",\"@id\":\"https:\\\/\\\/booksfrommexico.com\\\/#website\",\"url\":\"https:\\\/\\\/booksfrommexico.com\\\/\",\"name\":\"Books From Mexico\",\"description\":\"\",\"publisher\":{\"@id\":\"https:\\\/\\\/booksfrommexico.com\\\/#organization\"},\"potentialAction\":[{\"@type\":\"SearchAction\",\"target\":{\"@type\":\"EntryPoint\",\"urlTemplate\":\"https:\\\/\\\/booksfrommexico.com\\\/?s={search_term_string}\"},\"query-input\":{\"@type\":\"PropertyValueSpecification\",\"valueRequired\":true,\"valueName\":\"search_term_string\"}}],\"inLanguage\":\"es\"},{\"@type\":\"Organization\",\"@id\":\"https:\\\/\\\/booksfrommexico.com\\\/#organization\",\"name\":\"Books From Mexico\",\"url\":\"https:\\\/\\\/booksfrommexico.com\\\/\",\"logo\":{\"@type\":\"ImageObject\",\"inLanguage\":\"es\",\"@id\":\"https:\\\/\\\/booksfrommexico.com\\\/#\\\/schema\\\/logo\\\/image\\\/\",\"url\":\"https:\\\/\\\/booksfrommexico.com\\\/app\\\/uploads\\\/2023\\\/05\\\/logo-booksfrommexico.svg\",\"contentUrl\":\"https:\\\/\\\/booksfrommexico.com\\\/app\\\/uploads\\\/2023\\\/05\\\/logo-booksfrommexico.svg\",\"width\":86,\"height\":56,\"caption\":\"Books From Mexico\"},\"image\":{\"@id\":\"https:\\\/\\\/booksfrommexico.com\\\/#\\\/schema\\\/logo\\\/image\\\/\"}}]}<\/script>\n<!-- \/ Yoast SEO plugin. -->","yoast_head_json":{"title":"Educaci\u00f3n en tiempos de pandemia","description":"Luz Mar\u00eda P\u00e9rez Castellanos, Ernesto Gerardo Castellanos Silva, Karla Isabel Arceo Ay\u00f3n (coordinators). 2022. 363 pages. (Serie Tirant Humanidades).","robots":{"index":"index","follow":"follow","max-snippet":"max-snippet:-1","max-image-preview":"max-image-preview:large","max-video-preview":"max-video-preview:-1"},"canonical":"https:\/\/booksfrommexico.com\/es\/producto\/educacion-en-tiempos-de-pandemia\/","og_locale":"es_ES","og_type":"article","og_title":"Educaci\u00f3n en tiempos de pandemia","og_description":"Luz Mar\u00eda P\u00e9rez Castellanos, Ernesto Gerardo Castellanos Silva, Karla Isabel Arceo Ay\u00f3n (coordinators). 2022. 363 pages. (Serie Tirant Humanidades).","og_url":"https:\/\/booksfrommexico.com\/es\/producto\/educacion-en-tiempos-de-pandemia\/","og_site_name":"Books From Mexico","article_modified_time":"2024-04-29T21:32:20+00:00","og_image":[{"width":427,"height":623,"url":"http:\/\/booksfrommexico.com\/app\/uploads\/2024\/02\/198717-1.jpeg","type":"image\/jpeg"}],"twitter_card":"summary_large_image","twitter_misc":{"Tiempo de lectura":"1 minuto"},"schema":{"@context":"https:\/\/schema.org","@graph":[{"@type":"WebPage","@id":"https:\/\/booksfrommexico.com\/es\/producto\/educacion-en-tiempos-de-pandemia\/","url":"https:\/\/booksfrommexico.com\/es\/producto\/educacion-en-tiempos-de-pandemia\/","name":"Educaci\u00f3n en tiempos de pandemia","isPartOf":{"@id":"https:\/\/booksfrommexico.com\/#website"},"primaryImageOfPage":{"@id":"https:\/\/booksfrommexico.com\/es\/producto\/educacion-en-tiempos-de-pandemia\/#primaryimage"},"image":{"@id":"https:\/\/booksfrommexico.com\/es\/producto\/educacion-en-tiempos-de-pandemia\/#primaryimage"},"thumbnailUrl":"https:\/\/booksfrommexico.com\/app\/uploads\/2024\/02\/198717-1.jpeg","datePublished":"2024-02-14T23:26:56+00:00","dateModified":"2024-04-29T21:32:20+00:00","description":"Luz Mar\u00eda P\u00e9rez Castellanos, Ernesto Gerardo Castellanos Silva, Karla Isabel Arceo Ay\u00f3n (coordinators). 2022. 363 pages. (Serie Tirant Humanidades).","breadcrumb":{"@id":"https:\/\/booksfrommexico.com\/es\/producto\/educacion-en-tiempos-de-pandemia\/#breadcrumb"},"inLanguage":"es","potentialAction":[{"@type":"ReadAction","target":["https:\/\/booksfrommexico.com\/es\/producto\/educacion-en-tiempos-de-pandemia\/"]}]},{"@type":"ImageObject","inLanguage":"es","@id":"https:\/\/booksfrommexico.com\/es\/producto\/educacion-en-tiempos-de-pandemia\/#primaryimage","url":"https:\/\/booksfrommexico.com\/app\/uploads\/2024\/02\/198717-1.jpeg","contentUrl":"https:\/\/booksfrommexico.com\/app\/uploads\/2024\/02\/198717-1.jpeg","width":427,"height":623,"caption":"Educaci\u00f3n en tiempos de pandemia"},{"@type":"BreadcrumbList","@id":"https:\/\/booksfrommexico.com\/es\/producto\/educacion-en-tiempos-de-pandemia\/#breadcrumb","itemListElement":[{"@type":"ListItem","position":1,"name":"Home","item":"https:\/\/booksfrommexico.com\/es\/"},{"@type":"ListItem","position":2,"name":"Libros","item":"https:\/\/booksfrommexico.com\/es\/libros\/"},{"@type":"ListItem","position":3,"name":"Educaci\u00f3n en tiempos de pandemia"}]},{"@type":"WebSite","@id":"https:\/\/booksfrommexico.com\/#website","url":"https:\/\/booksfrommexico.com\/","name":"Books From Mexico","description":"","publisher":{"@id":"https:\/\/booksfrommexico.com\/#organization"},"potentialAction":[{"@type":"SearchAction","target":{"@type":"EntryPoint","urlTemplate":"https:\/\/booksfrommexico.com\/?s={search_term_string}"},"query-input":{"@type":"PropertyValueSpecification","valueRequired":true,"valueName":"search_term_string"}}],"inLanguage":"es"},{"@type":"Organization","@id":"https:\/\/booksfrommexico.com\/#organization","name":"Books From Mexico","url":"https:\/\/booksfrommexico.com\/","logo":{"@type":"ImageObject","inLanguage":"es","@id":"https:\/\/booksfrommexico.com\/#\/schema\/logo\/image\/","url":"https:\/\/booksfrommexico.com\/app\/uploads\/2023\/05\/logo-booksfrommexico.svg","contentUrl":"https:\/\/booksfrommexico.com\/app\/uploads\/2023\/05\/logo-booksfrommexico.svg","width":86,"height":56,"caption":"Books From Mexico"},"image":{"@id":"https:\/\/booksfrommexico.com\/#\/schema\/logo\/image\/"}}]}},"_links":{"self":[{"href":"https:\/\/booksfrommexico.com\/es\/wp-json\/wp\/v2\/product\/5071","targetHints":{"allow":["GET"]}}],"collection":[{"href":"https:\/\/booksfrommexico.com\/es\/wp-json\/wp\/v2\/product"}],"about":[{"href":"https:\/\/booksfrommexico.com\/es\/wp-json\/wp\/v2\/types\/product"}],"wp:featuredmedia":[{"embeddable":true,"href":"https:\/\/booksfrommexico.com\/es\/wp-json\/wp\/v2\/media\/5166"}],"wp:attachment":[{"href":"https:\/\/booksfrommexico.com\/es\/wp-json\/wp\/v2\/media?parent=5071"}],"wp:term":[{"taxonomy":"product_brand","embeddable":true,"href":"https:\/\/booksfrommexico.com\/es\/wp-json\/wp\/v2\/product_brand?post=5071"},{"taxonomy":"product_cat","embeddable":true,"href":"https:\/\/booksfrommexico.com\/es\/wp-json\/wp\/v2\/product_cat?post=5071"},{"taxonomy":"product_tag","embeddable":true,"href":"https:\/\/booksfrommexico.com\/es\/wp-json\/wp\/v2\/product_tag?post=5071"}],"curies":[{"name":"wp","href":"https:\/\/api.w.org\/{rel}","templated":true}]}}