{"id":5072,"date":"2024-02-14T23:26:56","date_gmt":"2024-02-14T23:26:56","guid":{"rendered":"https:\/\/booksfrommexico.com\/product\/la-catedral-de-puebla-historia-de-su-proceso-constructivo\/"},"modified":"2024-02-16T22:59:17","modified_gmt":"2024-02-16T22:59:17","slug":"la-catedral-de-puebla-historia-de-su-proceso-constructivo","status":"publish","type":"product","link":"https:\/\/booksfrommexico.com\/es\/producto\/la-catedral-de-puebla-historia-de-su-proceso-constructivo\/","title":{"rendered":"La Catedral de Puebla"},"content":{"rendered":"<p><span style=\"font-weight: 400;\">Segunda edici\u00f3n de la investigaci\u00f3n documental sobre el proceso constructivo de la Catedral de Puebla, acompa\u00f1ada con planos, ilustraciones a color y fotograf\u00edas a color. Haciendo un recorrido por la historia de la ciudad, fundada en 1531 y con la primera edificaci\u00f3n de lo que se llam\u00f3 \u201cLa Vieja\u201d Catedral, se expone el proceso constructivo de la \u201cNueva Catedral\u201d, comenzada en 1575 por el maestro mayor Francisco Becerra. Haciendo \u00e9nfasis en explicar detalladamente los diferentes proyectos y trazos que tuvo la construcci\u00f3n a lo largo del tiempo, se muestran tantos los que fueron realizados como los que quedaron en hip\u00f3tesis, acompa\u00f1ados de texto actualizado que narra la historia de esta edificaci\u00f3n. <\/span><\/p>\n","protected":false},"excerpt":{"rendered":"<p>LA CATEDRAL DE PUEBLA : HISTORIA DE SU PROCESO CONSTRUCTIVO. <span style=\"font-weight: 400;\">\/ Antonio Pedro Molero Sa\u00f1udo. Second edition. Puebla, M\u00e9xico : Benem\u00e9rita Universidad Aut\u00f3noma de Puebla ; Direcci\u00f3n General de Publicaciones ; Instituto de Ciencias Sociales y Humanidades \u201cAlfonso V\u00e9lez Pliego\u201d ; Prof\u00e9tica, A.C., 2022.\u00a0 483 pages : includes color photos, color illustrations, plans, name index, bibliography. ISBN : 9786075259161 (BUAP) ; 9786079502676 (Prof\u00e9tica).<\/span><\/p>\n","protected":false},"featured_media":5171,"template":"","meta":{"_acf_changed":false,"inline_featured_image":false},"product_brand":[],"product_cat":[321,158],"product_tag":[3677,3729],"class_list":{"0":"post-5072","1":"product","2":"type-product","3":"status-publish","4":"has-post-thumbnail","6":"product_cat-arquitectura-religiosa","7":"product_cat-religion-y-sociedad","8":"product_tag-arquitectura-antigua","9":"product_tag-religion","11":"first","12":"instock","13":"taxable","14":"shipping-taxable","15":"purchasable","16":"product-type-simple"},"acf":[],"yoast_head":"<!-- This site is optimized with the Yoast SEO plugin v27.3 - https:\/\/yoast.com\/product\/yoast-seo-wordpress\/ -->\n<title>La Catedral de Puebla<\/title>\n<meta name=\"description\" content=\"La Catedral de Puebla: Historia de su proceso constructivo. \/ Antonio Pedro Molero Sa\u00f1udo. Second edition. 2022. 483 pages.\" \/>\n<meta name=\"robots\" content=\"index, follow, max-snippet:-1, max-image-preview:large, max-video-preview:-1\" \/>\n<link rel=\"canonical\" href=\"https:\/\/booksfrommexico.com\/es\/producto\/la-catedral-de-puebla-historia-de-su-proceso-constructivo\/\" \/>\n<meta property=\"og:locale\" content=\"es_ES\" \/>\n<meta property=\"og:type\" content=\"article\" \/>\n<meta property=\"og:title\" content=\"La Catedral de Puebla\" \/>\n<meta property=\"og:description\" content=\"La Catedral de Puebla: Historia de su proceso constructivo. \/ Antonio Pedro Molero Sa\u00f1udo. Second edition. 2022. 483 pages.\" \/>\n<meta property=\"og:url\" content=\"https:\/\/booksfrommexico.com\/es\/producto\/la-catedral-de-puebla-historia-de-su-proceso-constructivo\/\" \/>\n<meta property=\"og:site_name\" content=\"Books From Mexico\" \/>\n<meta property=\"article:modified_time\" content=\"2024-02-16T22:59:17+00:00\" \/>\n<meta property=\"og:image\" content=\"http:\/\/booksfrommexico.com\/app\/uploads\/2024\/02\/198801.jpeg\" \/>\n\t<meta property=\"og:image:width\" content=\"626\" \/>\n\t<meta property=\"og:image:height\" content=\"857\" \/>\n\t<meta property=\"og:image:type\" content=\"image\/jpeg\" \/>\n<meta name=\"twitter:card\" content=\"summary_large_image\" \/>\n<meta name=\"twitter:label1\" content=\"Tiempo de lectura\" \/>\n\t<meta name=\"twitter:data1\" content=\"1 minuto\" \/>\n<script type=\"application\/ld+json\" class=\"yoast-schema-graph\">{\"@context\":\"https:\\\/\\\/schema.org\",\"@graph\":[{\"@type\":\"WebPage\",\"@id\":\"https:\\\/\\\/booksfrommexico.com\\\/es\\\/producto\\\/la-catedral-de-puebla-historia-de-su-proceso-constructivo\\\/\",\"url\":\"https:\\\/\\\/booksfrommexico.com\\\/es\\\/producto\\\/la-catedral-de-puebla-historia-de-su-proceso-constructivo\\\/\",\"name\":\"La Catedral de Puebla\",\"isPartOf\":{\"@id\":\"https:\\\/\\\/booksfrommexico.com\\\/#website\"},\"primaryImageOfPage\":{\"@id\":\"https:\\\/\\\/booksfrommexico.com\\\/es\\\/producto\\\/la-catedral-de-puebla-historia-de-su-proceso-constructivo\\\/#primaryimage\"},\"image\":{\"@id\":\"https:\\\/\\\/booksfrommexico.com\\\/es\\\/producto\\\/la-catedral-de-puebla-historia-de-su-proceso-constructivo\\\/#primaryimage\"},\"thumbnailUrl\":\"https:\\\/\\\/booksfrommexico.com\\\/app\\\/uploads\\\/2024\\\/02\\\/198801.jpeg\",\"datePublished\":\"2024-02-14T23:26:56+00:00\",\"dateModified\":\"2024-02-16T22:59:17+00:00\",\"description\":\"La Catedral de Puebla: Historia de su proceso constructivo. \\\/ Antonio Pedro Molero Sa\u00f1udo. Second edition. 2022. 483 pages.\",\"breadcrumb\":{\"@id\":\"https:\\\/\\\/booksfrommexico.com\\\/es\\\/producto\\\/la-catedral-de-puebla-historia-de-su-proceso-constructivo\\\/#breadcrumb\"},\"inLanguage\":\"es\",\"potentialAction\":[{\"@type\":\"ReadAction\",\"target\":[\"https:\\\/\\\/booksfrommexico.com\\\/es\\\/producto\\\/la-catedral-de-puebla-historia-de-su-proceso-constructivo\\\/\"]}]},{\"@type\":\"ImageObject\",\"inLanguage\":\"es\",\"@id\":\"https:\\\/\\\/booksfrommexico.com\\\/es\\\/producto\\\/la-catedral-de-puebla-historia-de-su-proceso-constructivo\\\/#primaryimage\",\"url\":\"https:\\\/\\\/booksfrommexico.com\\\/app\\\/uploads\\\/2024\\\/02\\\/198801.jpeg\",\"contentUrl\":\"https:\\\/\\\/booksfrommexico.com\\\/app\\\/uploads\\\/2024\\\/02\\\/198801.jpeg\",\"width\":626,\"height\":857,\"caption\":\"La catedral de Puebla : historia de su proceso constructivo\"},{\"@type\":\"BreadcrumbList\",\"@id\":\"https:\\\/\\\/booksfrommexico.com\\\/es\\\/producto\\\/la-catedral-de-puebla-historia-de-su-proceso-constructivo\\\/#breadcrumb\",\"itemListElement\":[{\"@type\":\"ListItem\",\"position\":1,\"name\":\"Home\",\"item\":\"https:\\\/\\\/booksfrommexico.com\\\/es\\\/\"},{\"@type\":\"ListItem\",\"position\":2,\"name\":\"Libros\",\"item\":\"https:\\\/\\\/booksfrommexico.com\\\/es\\\/libros\\\/\"},{\"@type\":\"ListItem\",\"position\":3,\"name\":\"La Catedral de Puebla\"}]},{\"@type\":\"WebSite\",\"@id\":\"https:\\\/\\\/booksfrommexico.com\\\/#website\",\"url\":\"https:\\\/\\\/booksfrommexico.com\\\/\",\"name\":\"Books From Mexico\",\"description\":\"\",\"publisher\":{\"@id\":\"https:\\\/\\\/booksfrommexico.com\\\/#organization\"},\"potentialAction\":[{\"@type\":\"SearchAction\",\"target\":{\"@type\":\"EntryPoint\",\"urlTemplate\":\"https:\\\/\\\/booksfrommexico.com\\\/?s={search_term_string}\"},\"query-input\":{\"@type\":\"PropertyValueSpecification\",\"valueRequired\":true,\"valueName\":\"search_term_string\"}}],\"inLanguage\":\"es\"},{\"@type\":\"Organization\",\"@id\":\"https:\\\/\\\/booksfrommexico.com\\\/#organization\",\"name\":\"Books From Mexico\",\"url\":\"https:\\\/\\\/booksfrommexico.com\\\/\",\"logo\":{\"@type\":\"ImageObject\",\"inLanguage\":\"es\",\"@id\":\"https:\\\/\\\/booksfrommexico.com\\\/#\\\/schema\\\/logo\\\/image\\\/\",\"url\":\"https:\\\/\\\/booksfrommexico.com\\\/app\\\/uploads\\\/2023\\\/05\\\/logo-booksfrommexico.svg\",\"contentUrl\":\"https:\\\/\\\/booksfrommexico.com\\\/app\\\/uploads\\\/2023\\\/05\\\/logo-booksfrommexico.svg\",\"width\":86,\"height\":56,\"caption\":\"Books From Mexico\"},\"image\":{\"@id\":\"https:\\\/\\\/booksfrommexico.com\\\/#\\\/schema\\\/logo\\\/image\\\/\"}}]}<\/script>\n<!-- \/ Yoast SEO plugin. -->","yoast_head_json":{"title":"La Catedral de Puebla","description":"La Catedral de Puebla: Historia de su proceso constructivo. \/ Antonio Pedro Molero Sa\u00f1udo. Second edition. 2022. 483 pages.","robots":{"index":"index","follow":"follow","max-snippet":"max-snippet:-1","max-image-preview":"max-image-preview:large","max-video-preview":"max-video-preview:-1"},"canonical":"https:\/\/booksfrommexico.com\/es\/producto\/la-catedral-de-puebla-historia-de-su-proceso-constructivo\/","og_locale":"es_ES","og_type":"article","og_title":"La Catedral de Puebla","og_description":"La Catedral de Puebla: Historia de su proceso constructivo. \/ Antonio Pedro Molero Sa\u00f1udo. Second edition. 2022. 483 pages.","og_url":"https:\/\/booksfrommexico.com\/es\/producto\/la-catedral-de-puebla-historia-de-su-proceso-constructivo\/","og_site_name":"Books From Mexico","article_modified_time":"2024-02-16T22:59:17+00:00","og_image":[{"width":626,"height":857,"url":"http:\/\/booksfrommexico.com\/app\/uploads\/2024\/02\/198801.jpeg","type":"image\/jpeg"}],"twitter_card":"summary_large_image","twitter_misc":{"Tiempo de lectura":"1 minuto"},"schema":{"@context":"https:\/\/schema.org","@graph":[{"@type":"WebPage","@id":"https:\/\/booksfrommexico.com\/es\/producto\/la-catedral-de-puebla-historia-de-su-proceso-constructivo\/","url":"https:\/\/booksfrommexico.com\/es\/producto\/la-catedral-de-puebla-historia-de-su-proceso-constructivo\/","name":"La Catedral de Puebla","isPartOf":{"@id":"https:\/\/booksfrommexico.com\/#website"},"primaryImageOfPage":{"@id":"https:\/\/booksfrommexico.com\/es\/producto\/la-catedral-de-puebla-historia-de-su-proceso-constructivo\/#primaryimage"},"image":{"@id":"https:\/\/booksfrommexico.com\/es\/producto\/la-catedral-de-puebla-historia-de-su-proceso-constructivo\/#primaryimage"},"thumbnailUrl":"https:\/\/booksfrommexico.com\/app\/uploads\/2024\/02\/198801.jpeg","datePublished":"2024-02-14T23:26:56+00:00","dateModified":"2024-02-16T22:59:17+00:00","description":"La Catedral de Puebla: Historia de su proceso constructivo. \/ Antonio Pedro Molero Sa\u00f1udo. Second edition. 2022. 483 pages.","breadcrumb":{"@id":"https:\/\/booksfrommexico.com\/es\/producto\/la-catedral-de-puebla-historia-de-su-proceso-constructivo\/#breadcrumb"},"inLanguage":"es","potentialAction":[{"@type":"ReadAction","target":["https:\/\/booksfrommexico.com\/es\/producto\/la-catedral-de-puebla-historia-de-su-proceso-constructivo\/"]}]},{"@type":"ImageObject","inLanguage":"es","@id":"https:\/\/booksfrommexico.com\/es\/producto\/la-catedral-de-puebla-historia-de-su-proceso-constructivo\/#primaryimage","url":"https:\/\/booksfrommexico.com\/app\/uploads\/2024\/02\/198801.jpeg","contentUrl":"https:\/\/booksfrommexico.com\/app\/uploads\/2024\/02\/198801.jpeg","width":626,"height":857,"caption":"La catedral de Puebla : historia de su proceso constructivo"},{"@type":"BreadcrumbList","@id":"https:\/\/booksfrommexico.com\/es\/producto\/la-catedral-de-puebla-historia-de-su-proceso-constructivo\/#breadcrumb","itemListElement":[{"@type":"ListItem","position":1,"name":"Home","item":"https:\/\/booksfrommexico.com\/es\/"},{"@type":"ListItem","position":2,"name":"Libros","item":"https:\/\/booksfrommexico.com\/es\/libros\/"},{"@type":"ListItem","position":3,"name":"La Catedral de Puebla"}]},{"@type":"WebSite","@id":"https:\/\/booksfrommexico.com\/#website","url":"https:\/\/booksfrommexico.com\/","name":"Books From Mexico","description":"","publisher":{"@id":"https:\/\/booksfrommexico.com\/#organization"},"potentialAction":[{"@type":"SearchAction","target":{"@type":"EntryPoint","urlTemplate":"https:\/\/booksfrommexico.com\/?s={search_term_string}"},"query-input":{"@type":"PropertyValueSpecification","valueRequired":true,"valueName":"search_term_string"}}],"inLanguage":"es"},{"@type":"Organization","@id":"https:\/\/booksfrommexico.com\/#organization","name":"Books From Mexico","url":"https:\/\/booksfrommexico.com\/","logo":{"@type":"ImageObject","inLanguage":"es","@id":"https:\/\/booksfrommexico.com\/#\/schema\/logo\/image\/","url":"https:\/\/booksfrommexico.com\/app\/uploads\/2023\/05\/logo-booksfrommexico.svg","contentUrl":"https:\/\/booksfrommexico.com\/app\/uploads\/2023\/05\/logo-booksfrommexico.svg","width":86,"height":56,"caption":"Books From Mexico"},"image":{"@id":"https:\/\/booksfrommexico.com\/#\/schema\/logo\/image\/"}}]}},"_links":{"self":[{"href":"https:\/\/booksfrommexico.com\/es\/wp-json\/wp\/v2\/product\/5072","targetHints":{"allow":["GET"]}}],"collection":[{"href":"https:\/\/booksfrommexico.com\/es\/wp-json\/wp\/v2\/product"}],"about":[{"href":"https:\/\/booksfrommexico.com\/es\/wp-json\/wp\/v2\/types\/product"}],"wp:featuredmedia":[{"embeddable":true,"href":"https:\/\/booksfrommexico.com\/es\/wp-json\/wp\/v2\/media\/5171"}],"wp:attachment":[{"href":"https:\/\/booksfrommexico.com\/es\/wp-json\/wp\/v2\/media?parent=5072"}],"wp:term":[{"taxonomy":"product_brand","embeddable":true,"href":"https:\/\/booksfrommexico.com\/es\/wp-json\/wp\/v2\/product_brand?post=5072"},{"taxonomy":"product_cat","embeddable":true,"href":"https:\/\/booksfrommexico.com\/es\/wp-json\/wp\/v2\/product_cat?post=5072"},{"taxonomy":"product_tag","embeddable":true,"href":"https:\/\/booksfrommexico.com\/es\/wp-json\/wp\/v2\/product_tag?post=5072"}],"curies":[{"name":"wp","href":"https:\/\/api.w.org\/{rel}","templated":true}]}}