{"id":5073,"date":"2024-02-14T23:26:56","date_gmt":"2024-02-14T23:26:56","guid":{"rendered":"https:\/\/booksfrommexico.com\/product\/politica-territorios-y-migracion-neoliberalismo-en-el-mexico-del-siglo-xxi\/"},"modified":"2025-04-21T17:35:56","modified_gmt":"2025-04-21T17:35:56","slug":"politica-territorios-y-migracion-neoliberalismo-en-el-mexico-del-siglo-xxi","status":"publish","type":"product","link":"https:\/\/booksfrommexico.com\/es\/producto\/politica-territorios-y-migracion-neoliberalismo-en-el-mexico-del-siglo-xxi\/","title":{"rendered":"Pol\u00edtica, territorios y migraci\u00f3n"},"content":{"rendered":"<p><span style=\"font-weight: 400;\">El neoliberalismo en M\u00e9xico ha dejado a su paso condiciones de vida poco deseables, ocasionando que las personas se vean desplazadas debido a la precariedad y\/o la violencia que existe en su lugar de origen. En esta investigaci\u00f3n se analiza el flujo migratorio y sus efectos sobre los territorios, considerando la emigraci\u00f3n de sus pobladores, destino o paso de migrantes. Con el prop\u00f3sito de entender los efectos a largo de estas pr\u00e1cticas, se exponen tambi\u00e9n los factores que han motivado la migraci\u00f3n hacia EUA, as\u00ed como el fen\u00f3meno de las caravanas migratorias que fueron una constante en el paso hacia EUA y la experiencia que han tenido los hijos de migrantes mexicanos.<\/span><\/p>\n","protected":false},"excerpt":{"rendered":"<p>POL\u00cdTICA, TERRITORIOS Y MIGRACI\u00d3N : NEOLIBERALISMO EN EL M\u00c9XICO DEL SIGLO XXI. <span style=\"font-weight: 400;\">\/ Teodoro Aguilar Ortega, Rub\u00e9n Torres Mart\u00ednez (coordinators). Ciudad de M\u00e9xico, M\u00e9xico : Universidad Nacional Aut\u00f3noma de M\u00e9xico ; M\u00e9rida, M\u00e9xico : Centro Peninsular en Humanidades y Ciencias Sociales, 2022. 199 pages : includes map, table, chart, references at the end of each chapter, bibliography ; 21 cm. ISBN : 9786073064255.<\/span><\/p>\n","protected":false},"featured_media":5174,"template":"","meta":{"_acf_changed":false,"inline_featured_image":false},"product_brand":[],"product_cat":[1065,568],"product_tag":[3685,3627],"class_list":{"0":"post-5073","1":"product","2":"type-product","3":"status-publish","4":"has-post-thumbnail","6":"product_cat-condiciones-sociales-y-politicas-de-la-migracion","7":"product_cat-inmigracion-hacia-desde-otros-paises-temas-de-inmigracion-y-migraciones-humanas","8":"product_tag-inmigracion","9":"product_tag-politica-y-gobierno","11":"first","12":"outofstock","13":"taxable","14":"shipping-taxable","15":"purchasable","16":"product-type-simple"},"acf":[],"yoast_head":"<!-- This site is optimized with the Yoast SEO plugin v27.3 - https:\/\/yoast.com\/product\/yoast-seo-wordpress\/ -->\n<title>Pol\u00edtica, territorios y migraci\u00f3n - Books From Mexico<\/title>\n<meta name=\"description\" content=\"POL\u00cdTICA, TERRITORIOS Y MIGRACI\u00d3N : NEOLIBERALISMO EN EL M\u00c9XICO DEL SIGLO XXI. \/ Teodoro Aguilar Ortega, Rub\u00e9n Torres Mart\u00ednez (coordinators).2022.\" \/>\n<meta name=\"robots\" content=\"index, follow, max-snippet:-1, max-image-preview:large, max-video-preview:-1\" \/>\n<link rel=\"canonical\" href=\"https:\/\/booksfrommexico.com\/es\/producto\/politica-territorios-y-migracion-neoliberalismo-en-el-mexico-del-siglo-xxi\/\" \/>\n<meta property=\"og:locale\" content=\"es_ES\" \/>\n<meta property=\"og:type\" content=\"article\" \/>\n<meta property=\"og:title\" content=\"Pol\u00edtica, territorios y migraci\u00f3n - Books From Mexico\" \/>\n<meta property=\"og:description\" content=\"POL\u00cdTICA, TERRITORIOS Y MIGRACI\u00d3N : NEOLIBERALISMO EN EL M\u00c9XICO DEL SIGLO XXI. \/ Teodoro Aguilar Ortega, Rub\u00e9n Torres Mart\u00ednez (coordinators).2022.\" \/>\n<meta property=\"og:url\" content=\"https:\/\/booksfrommexico.com\/es\/producto\/politica-territorios-y-migracion-neoliberalismo-en-el-mexico-del-siglo-xxi\/\" \/>\n<meta property=\"og:site_name\" content=\"Books From Mexico\" \/>\n<meta property=\"article:modified_time\" content=\"2025-04-21T17:35:56+00:00\" \/>\n<meta property=\"og:image\" content=\"http:\/\/booksfrommexico.com\/app\/uploads\/2024\/02\/198842.jpeg\" \/>\n\t<meta property=\"og:image:width\" content=\"404\" \/>\n\t<meta property=\"og:image:height\" content=\"606\" \/>\n\t<meta property=\"og:image:type\" content=\"image\/jpeg\" \/>\n<meta name=\"twitter:card\" content=\"summary_large_image\" \/>\n<meta name=\"twitter:label1\" content=\"Tiempo de lectura\" \/>\n\t<meta name=\"twitter:data1\" content=\"1 minuto\" \/>\n<script type=\"application\/ld+json\" class=\"yoast-schema-graph\">{\"@context\":\"https:\\\/\\\/schema.org\",\"@graph\":[{\"@type\":\"WebPage\",\"@id\":\"https:\\\/\\\/booksfrommexico.com\\\/es\\\/producto\\\/politica-territorios-y-migracion-neoliberalismo-en-el-mexico-del-siglo-xxi\\\/\",\"url\":\"https:\\\/\\\/booksfrommexico.com\\\/es\\\/producto\\\/politica-territorios-y-migracion-neoliberalismo-en-el-mexico-del-siglo-xxi\\\/\",\"name\":\"Pol\u00edtica, territorios y migraci\u00f3n - Books From Mexico\",\"isPartOf\":{\"@id\":\"https:\\\/\\\/booksfrommexico.com\\\/#website\"},\"primaryImageOfPage\":{\"@id\":\"https:\\\/\\\/booksfrommexico.com\\\/es\\\/producto\\\/politica-territorios-y-migracion-neoliberalismo-en-el-mexico-del-siglo-xxi\\\/#primaryimage\"},\"image\":{\"@id\":\"https:\\\/\\\/booksfrommexico.com\\\/es\\\/producto\\\/politica-territorios-y-migracion-neoliberalismo-en-el-mexico-del-siglo-xxi\\\/#primaryimage\"},\"thumbnailUrl\":\"https:\\\/\\\/booksfrommexico.com\\\/app\\\/uploads\\\/2024\\\/02\\\/198842.jpeg\",\"datePublished\":\"2024-02-14T23:26:56+00:00\",\"dateModified\":\"2025-04-21T17:35:56+00:00\",\"description\":\"POL\u00cdTICA, TERRITORIOS Y MIGRACI\u00d3N : NEOLIBERALISMO EN EL M\u00c9XICO DEL SIGLO XXI. \\\/ Teodoro Aguilar Ortega, Rub\u00e9n Torres Mart\u00ednez (coordinators).2022.\",\"breadcrumb\":{\"@id\":\"https:\\\/\\\/booksfrommexico.com\\\/es\\\/producto\\\/politica-territorios-y-migracion-neoliberalismo-en-el-mexico-del-siglo-xxi\\\/#breadcrumb\"},\"inLanguage\":\"es\",\"potentialAction\":[{\"@type\":\"ReadAction\",\"target\":[\"https:\\\/\\\/booksfrommexico.com\\\/es\\\/producto\\\/politica-territorios-y-migracion-neoliberalismo-en-el-mexico-del-siglo-xxi\\\/\"]}]},{\"@type\":\"ImageObject\",\"inLanguage\":\"es\",\"@id\":\"https:\\\/\\\/booksfrommexico.com\\\/es\\\/producto\\\/politica-territorios-y-migracion-neoliberalismo-en-el-mexico-del-siglo-xxi\\\/#primaryimage\",\"url\":\"https:\\\/\\\/booksfrommexico.com\\\/app\\\/uploads\\\/2024\\\/02\\\/198842.jpeg\",\"contentUrl\":\"https:\\\/\\\/booksfrommexico.com\\\/app\\\/uploads\\\/2024\\\/02\\\/198842.jpeg\",\"width\":404,\"height\":606,\"caption\":\"Pol\u00edtica, territorios y migraci\u00f3n : neoliberalismo en el M\u00e9xico del siglo XXI\"},{\"@type\":\"BreadcrumbList\",\"@id\":\"https:\\\/\\\/booksfrommexico.com\\\/es\\\/producto\\\/politica-territorios-y-migracion-neoliberalismo-en-el-mexico-del-siglo-xxi\\\/#breadcrumb\",\"itemListElement\":[{\"@type\":\"ListItem\",\"position\":1,\"name\":\"Home\",\"item\":\"https:\\\/\\\/booksfrommexico.com\\\/es\\\/\"},{\"@type\":\"ListItem\",\"position\":2,\"name\":\"Libros\",\"item\":\"https:\\\/\\\/booksfrommexico.com\\\/es\\\/libros\\\/\"},{\"@type\":\"ListItem\",\"position\":3,\"name\":\"Pol\u00edtica, territorios y migraci\u00f3n\"}]},{\"@type\":\"WebSite\",\"@id\":\"https:\\\/\\\/booksfrommexico.com\\\/#website\",\"url\":\"https:\\\/\\\/booksfrommexico.com\\\/\",\"name\":\"Books From Mexico\",\"description\":\"\",\"publisher\":{\"@id\":\"https:\\\/\\\/booksfrommexico.com\\\/#organization\"},\"potentialAction\":[{\"@type\":\"SearchAction\",\"target\":{\"@type\":\"EntryPoint\",\"urlTemplate\":\"https:\\\/\\\/booksfrommexico.com\\\/?s={search_term_string}\"},\"query-input\":{\"@type\":\"PropertyValueSpecification\",\"valueRequired\":true,\"valueName\":\"search_term_string\"}}],\"inLanguage\":\"es\"},{\"@type\":\"Organization\",\"@id\":\"https:\\\/\\\/booksfrommexico.com\\\/#organization\",\"name\":\"Books From Mexico\",\"url\":\"https:\\\/\\\/booksfrommexico.com\\\/\",\"logo\":{\"@type\":\"ImageObject\",\"inLanguage\":\"es\",\"@id\":\"https:\\\/\\\/booksfrommexico.com\\\/#\\\/schema\\\/logo\\\/image\\\/\",\"url\":\"https:\\\/\\\/booksfrommexico.com\\\/app\\\/uploads\\\/2023\\\/05\\\/logo-booksfrommexico.svg\",\"contentUrl\":\"https:\\\/\\\/booksfrommexico.com\\\/app\\\/uploads\\\/2023\\\/05\\\/logo-booksfrommexico.svg\",\"width\":86,\"height\":56,\"caption\":\"Books From Mexico\"},\"image\":{\"@id\":\"https:\\\/\\\/booksfrommexico.com\\\/#\\\/schema\\\/logo\\\/image\\\/\"}}]}<\/script>\n<!-- \/ Yoast SEO plugin. -->","yoast_head_json":{"title":"Pol\u00edtica, territorios y migraci\u00f3n - Books From Mexico","description":"POL\u00cdTICA, TERRITORIOS Y MIGRACI\u00d3N : NEOLIBERALISMO EN EL M\u00c9XICO DEL SIGLO XXI. \/ Teodoro Aguilar Ortega, Rub\u00e9n Torres Mart\u00ednez (coordinators).2022.","robots":{"index":"index","follow":"follow","max-snippet":"max-snippet:-1","max-image-preview":"max-image-preview:large","max-video-preview":"max-video-preview:-1"},"canonical":"https:\/\/booksfrommexico.com\/es\/producto\/politica-territorios-y-migracion-neoliberalismo-en-el-mexico-del-siglo-xxi\/","og_locale":"es_ES","og_type":"article","og_title":"Pol\u00edtica, territorios y migraci\u00f3n - Books From Mexico","og_description":"POL\u00cdTICA, TERRITORIOS Y MIGRACI\u00d3N : NEOLIBERALISMO EN EL M\u00c9XICO DEL SIGLO XXI. \/ Teodoro Aguilar Ortega, Rub\u00e9n Torres Mart\u00ednez (coordinators).2022.","og_url":"https:\/\/booksfrommexico.com\/es\/producto\/politica-territorios-y-migracion-neoliberalismo-en-el-mexico-del-siglo-xxi\/","og_site_name":"Books From Mexico","article_modified_time":"2025-04-21T17:35:56+00:00","og_image":[{"width":404,"height":606,"url":"http:\/\/booksfrommexico.com\/app\/uploads\/2024\/02\/198842.jpeg","type":"image\/jpeg"}],"twitter_card":"summary_large_image","twitter_misc":{"Tiempo de lectura":"1 minuto"},"schema":{"@context":"https:\/\/schema.org","@graph":[{"@type":"WebPage","@id":"https:\/\/booksfrommexico.com\/es\/producto\/politica-territorios-y-migracion-neoliberalismo-en-el-mexico-del-siglo-xxi\/","url":"https:\/\/booksfrommexico.com\/es\/producto\/politica-territorios-y-migracion-neoliberalismo-en-el-mexico-del-siglo-xxi\/","name":"Pol\u00edtica, territorios y migraci\u00f3n - Books From Mexico","isPartOf":{"@id":"https:\/\/booksfrommexico.com\/#website"},"primaryImageOfPage":{"@id":"https:\/\/booksfrommexico.com\/es\/producto\/politica-territorios-y-migracion-neoliberalismo-en-el-mexico-del-siglo-xxi\/#primaryimage"},"image":{"@id":"https:\/\/booksfrommexico.com\/es\/producto\/politica-territorios-y-migracion-neoliberalismo-en-el-mexico-del-siglo-xxi\/#primaryimage"},"thumbnailUrl":"https:\/\/booksfrommexico.com\/app\/uploads\/2024\/02\/198842.jpeg","datePublished":"2024-02-14T23:26:56+00:00","dateModified":"2025-04-21T17:35:56+00:00","description":"POL\u00cdTICA, TERRITORIOS Y MIGRACI\u00d3N : NEOLIBERALISMO EN EL M\u00c9XICO DEL SIGLO XXI. \/ Teodoro Aguilar Ortega, Rub\u00e9n Torres Mart\u00ednez (coordinators).2022.","breadcrumb":{"@id":"https:\/\/booksfrommexico.com\/es\/producto\/politica-territorios-y-migracion-neoliberalismo-en-el-mexico-del-siglo-xxi\/#breadcrumb"},"inLanguage":"es","potentialAction":[{"@type":"ReadAction","target":["https:\/\/booksfrommexico.com\/es\/producto\/politica-territorios-y-migracion-neoliberalismo-en-el-mexico-del-siglo-xxi\/"]}]},{"@type":"ImageObject","inLanguage":"es","@id":"https:\/\/booksfrommexico.com\/es\/producto\/politica-territorios-y-migracion-neoliberalismo-en-el-mexico-del-siglo-xxi\/#primaryimage","url":"https:\/\/booksfrommexico.com\/app\/uploads\/2024\/02\/198842.jpeg","contentUrl":"https:\/\/booksfrommexico.com\/app\/uploads\/2024\/02\/198842.jpeg","width":404,"height":606,"caption":"Pol\u00edtica, territorios y migraci\u00f3n : neoliberalismo en el M\u00e9xico del siglo XXI"},{"@type":"BreadcrumbList","@id":"https:\/\/booksfrommexico.com\/es\/producto\/politica-territorios-y-migracion-neoliberalismo-en-el-mexico-del-siglo-xxi\/#breadcrumb","itemListElement":[{"@type":"ListItem","position":1,"name":"Home","item":"https:\/\/booksfrommexico.com\/es\/"},{"@type":"ListItem","position":2,"name":"Libros","item":"https:\/\/booksfrommexico.com\/es\/libros\/"},{"@type":"ListItem","position":3,"name":"Pol\u00edtica, territorios y migraci\u00f3n"}]},{"@type":"WebSite","@id":"https:\/\/booksfrommexico.com\/#website","url":"https:\/\/booksfrommexico.com\/","name":"Books From Mexico","description":"","publisher":{"@id":"https:\/\/booksfrommexico.com\/#organization"},"potentialAction":[{"@type":"SearchAction","target":{"@type":"EntryPoint","urlTemplate":"https:\/\/booksfrommexico.com\/?s={search_term_string}"},"query-input":{"@type":"PropertyValueSpecification","valueRequired":true,"valueName":"search_term_string"}}],"inLanguage":"es"},{"@type":"Organization","@id":"https:\/\/booksfrommexico.com\/#organization","name":"Books From Mexico","url":"https:\/\/booksfrommexico.com\/","logo":{"@type":"ImageObject","inLanguage":"es","@id":"https:\/\/booksfrommexico.com\/#\/schema\/logo\/image\/","url":"https:\/\/booksfrommexico.com\/app\/uploads\/2023\/05\/logo-booksfrommexico.svg","contentUrl":"https:\/\/booksfrommexico.com\/app\/uploads\/2023\/05\/logo-booksfrommexico.svg","width":86,"height":56,"caption":"Books From Mexico"},"image":{"@id":"https:\/\/booksfrommexico.com\/#\/schema\/logo\/image\/"}}]}},"_links":{"self":[{"href":"https:\/\/booksfrommexico.com\/es\/wp-json\/wp\/v2\/product\/5073","targetHints":{"allow":["GET"]}}],"collection":[{"href":"https:\/\/booksfrommexico.com\/es\/wp-json\/wp\/v2\/product"}],"about":[{"href":"https:\/\/booksfrommexico.com\/es\/wp-json\/wp\/v2\/types\/product"}],"wp:featuredmedia":[{"embeddable":true,"href":"https:\/\/booksfrommexico.com\/es\/wp-json\/wp\/v2\/media\/5174"}],"wp:attachment":[{"href":"https:\/\/booksfrommexico.com\/es\/wp-json\/wp\/v2\/media?parent=5073"}],"wp:term":[{"taxonomy":"product_brand","embeddable":true,"href":"https:\/\/booksfrommexico.com\/es\/wp-json\/wp\/v2\/product_brand?post=5073"},{"taxonomy":"product_cat","embeddable":true,"href":"https:\/\/booksfrommexico.com\/es\/wp-json\/wp\/v2\/product_cat?post=5073"},{"taxonomy":"product_tag","embeddable":true,"href":"https:\/\/booksfrommexico.com\/es\/wp-json\/wp\/v2\/product_tag?post=5073"}],"curies":[{"name":"wp","href":"https:\/\/api.w.org\/{rel}","templated":true}]}}