{"id":5074,"date":"2024-02-14T23:26:56","date_gmt":"2024-02-14T23:26:56","guid":{"rendered":"https:\/\/booksfrommexico.com\/product\/un-rincon-de-la-casa\/"},"modified":"2024-04-11T21:32:31","modified_gmt":"2024-04-11T21:32:31","slug":"un-rincon-de-la-casa","status":"publish","type":"product","link":"https:\/\/booksfrommexico.com\/es\/producto\/un-rincon-de-la-casa\/","title":{"rendered":"Un rinc\u00f3n de la casa"},"content":{"rendered":"<p><span style=\"font-weight: 400;\">En este breve texto escrito a manera de poema asonante, la autora habla sobre un peque\u00f1o espacio en su casa donde se acerca para descansar de la vida, disfrutando por las tarde del rayo de sol que se posa all\u00ed. Sus motivaciones son sencillas: es c\u00f3modo y le sirve para escaparse de la cotidianidad y todo lo que \u00e9sta implica. Esta narraci\u00f3n sirve como reflexi\u00f3n sobre la vida adulta y el paso del tiempo, pero sobre todo, las complicaciones del ser mujer y madre; as\u00ed como la despersonalizaci\u00f3n que las mujeres atraviesan en la maternidad al verse con sus hijos, pero a la vez conscientes de todas las responsabilidades que deben cumplir y el poco tiempo que conservan para s\u00ed mismas.<\/span><\/p>\n","protected":false},"excerpt":{"rendered":"<p>UN RINC\u00d3N DE LA CASA. \/ Sandra Moreno. Aguascalientes, Ags. : Tierra Cartonero, 2022. 6 unnumbered pages; 14 cm.<\/p>\n","protected":false},"featured_media":5179,"template":"","meta":{"_acf_changed":false,"inline_featured_image":false},"product_brand":[],"product_cat":[25,32],"product_tag":[4101,4225,4115],"class_list":{"0":"post-5074","1":"product","2":"type-product","3":"status-publish","4":"has-post-thumbnail","6":"product_cat-literatura","7":"product_cat-poesia-literatura","8":"product_tag-mujeres-es","9":"product_tag-mujeres-literatura","10":"product_tag-poesia-es","12":"first","13":"instock","14":"taxable","15":"shipping-taxable","16":"purchasable","17":"product-type-simple"},"acf":[],"yoast_head":"<!-- This site is optimized with the Yoast SEO plugin v27.3 - https:\/\/yoast.com\/product\/yoast-seo-wordpress\/ -->\n<title>Un rinc\u00f3n de la casa<\/title>\n<meta name=\"description\" content=\"UN RINC\u00d3N DE LA CASA. \/ Sandra Moreno Cort\u00e9s. Aguascalientes, M\u00e9xico : Tierra Cartonero, 2022. [4 sheets unpaged] ; 14 cm.\" \/>\n<meta name=\"robots\" content=\"index, follow, max-snippet:-1, max-image-preview:large, max-video-preview:-1\" \/>\n<link rel=\"canonical\" href=\"https:\/\/booksfrommexico.com\/es\/producto\/un-rincon-de-la-casa\/\" \/>\n<meta property=\"og:locale\" content=\"es_ES\" \/>\n<meta property=\"og:type\" content=\"article\" \/>\n<meta property=\"og:title\" content=\"Un rinc\u00f3n de la casa\" \/>\n<meta property=\"og:description\" content=\"UN RINC\u00d3N DE LA CASA. \/ Sandra Moreno Cort\u00e9s. Aguascalientes, M\u00e9xico : Tierra Cartonero, 2022. [4 sheets unpaged] ; 14 cm.\" \/>\n<meta property=\"og:url\" content=\"https:\/\/booksfrommexico.com\/es\/producto\/un-rincon-de-la-casa\/\" \/>\n<meta property=\"og:site_name\" content=\"Books From Mexico\" \/>\n<meta property=\"article:modified_time\" content=\"2024-04-11T21:32:31+00:00\" \/>\n<meta property=\"og:image\" content=\"http:\/\/booksfrommexico.com\/app\/uploads\/2024\/02\/198884.jpeg\" \/>\n\t<meta property=\"og:image:width\" content=\"404\" \/>\n\t<meta property=\"og:image:height\" content=\"537\" \/>\n\t<meta property=\"og:image:type\" content=\"image\/jpeg\" \/>\n<meta name=\"twitter:card\" content=\"summary_large_image\" \/>\n<meta name=\"twitter:label1\" content=\"Tiempo de lectura\" \/>\n\t<meta name=\"twitter:data1\" content=\"1 minuto\" \/>\n<script type=\"application\/ld+json\" class=\"yoast-schema-graph\">{\"@context\":\"https:\\\/\\\/schema.org\",\"@graph\":[{\"@type\":\"WebPage\",\"@id\":\"https:\\\/\\\/booksfrommexico.com\\\/es\\\/producto\\\/un-rincon-de-la-casa\\\/\",\"url\":\"https:\\\/\\\/booksfrommexico.com\\\/es\\\/producto\\\/un-rincon-de-la-casa\\\/\",\"name\":\"Un rinc\u00f3n de la casa\",\"isPartOf\":{\"@id\":\"https:\\\/\\\/booksfrommexico.com\\\/#website\"},\"primaryImageOfPage\":{\"@id\":\"https:\\\/\\\/booksfrommexico.com\\\/es\\\/producto\\\/un-rincon-de-la-casa\\\/#primaryimage\"},\"image\":{\"@id\":\"https:\\\/\\\/booksfrommexico.com\\\/es\\\/producto\\\/un-rincon-de-la-casa\\\/#primaryimage\"},\"thumbnailUrl\":\"https:\\\/\\\/booksfrommexico.com\\\/app\\\/uploads\\\/2024\\\/02\\\/198884.jpeg\",\"datePublished\":\"2024-02-14T23:26:56+00:00\",\"dateModified\":\"2024-04-11T21:32:31+00:00\",\"description\":\"UN RINC\u00d3N DE LA CASA. \\\/ Sandra Moreno Cort\u00e9s. Aguascalientes, M\u00e9xico : Tierra Cartonero, 2022. [4 sheets unpaged] ; 14 cm.\",\"breadcrumb\":{\"@id\":\"https:\\\/\\\/booksfrommexico.com\\\/es\\\/producto\\\/un-rincon-de-la-casa\\\/#breadcrumb\"},\"inLanguage\":\"es\",\"potentialAction\":[{\"@type\":\"ReadAction\",\"target\":[\"https:\\\/\\\/booksfrommexico.com\\\/es\\\/producto\\\/un-rincon-de-la-casa\\\/\"]}]},{\"@type\":\"ImageObject\",\"inLanguage\":\"es\",\"@id\":\"https:\\\/\\\/booksfrommexico.com\\\/es\\\/producto\\\/un-rincon-de-la-casa\\\/#primaryimage\",\"url\":\"https:\\\/\\\/booksfrommexico.com\\\/app\\\/uploads\\\/2024\\\/02\\\/198884.jpeg\",\"contentUrl\":\"https:\\\/\\\/booksfrommexico.com\\\/app\\\/uploads\\\/2024\\\/02\\\/198884.jpeg\",\"width\":404,\"height\":537,\"caption\":\"Un rinc\u00f3n de la casa\"},{\"@type\":\"BreadcrumbList\",\"@id\":\"https:\\\/\\\/booksfrommexico.com\\\/es\\\/producto\\\/un-rincon-de-la-casa\\\/#breadcrumb\",\"itemListElement\":[{\"@type\":\"ListItem\",\"position\":1,\"name\":\"Home\",\"item\":\"https:\\\/\\\/booksfrommexico.com\\\/es\\\/\"},{\"@type\":\"ListItem\",\"position\":2,\"name\":\"Libros\",\"item\":\"https:\\\/\\\/booksfrommexico.com\\\/es\\\/libros\\\/\"},{\"@type\":\"ListItem\",\"position\":3,\"name\":\"Un rinc\u00f3n de la casa\"}]},{\"@type\":\"WebSite\",\"@id\":\"https:\\\/\\\/booksfrommexico.com\\\/#website\",\"url\":\"https:\\\/\\\/booksfrommexico.com\\\/\",\"name\":\"Books From Mexico\",\"description\":\"\",\"publisher\":{\"@id\":\"https:\\\/\\\/booksfrommexico.com\\\/#organization\"},\"potentialAction\":[{\"@type\":\"SearchAction\",\"target\":{\"@type\":\"EntryPoint\",\"urlTemplate\":\"https:\\\/\\\/booksfrommexico.com\\\/?s={search_term_string}\"},\"query-input\":{\"@type\":\"PropertyValueSpecification\",\"valueRequired\":true,\"valueName\":\"search_term_string\"}}],\"inLanguage\":\"es\"},{\"@type\":\"Organization\",\"@id\":\"https:\\\/\\\/booksfrommexico.com\\\/#organization\",\"name\":\"Books From Mexico\",\"url\":\"https:\\\/\\\/booksfrommexico.com\\\/\",\"logo\":{\"@type\":\"ImageObject\",\"inLanguage\":\"es\",\"@id\":\"https:\\\/\\\/booksfrommexico.com\\\/#\\\/schema\\\/logo\\\/image\\\/\",\"url\":\"https:\\\/\\\/booksfrommexico.com\\\/app\\\/uploads\\\/2023\\\/05\\\/logo-booksfrommexico.svg\",\"contentUrl\":\"https:\\\/\\\/booksfrommexico.com\\\/app\\\/uploads\\\/2023\\\/05\\\/logo-booksfrommexico.svg\",\"width\":86,\"height\":56,\"caption\":\"Books From Mexico\"},\"image\":{\"@id\":\"https:\\\/\\\/booksfrommexico.com\\\/#\\\/schema\\\/logo\\\/image\\\/\"}}]}<\/script>\n<!-- \/ Yoast SEO plugin. -->","yoast_head_json":{"title":"Un rinc\u00f3n de la casa","description":"UN RINC\u00d3N DE LA CASA. \/ Sandra Moreno Cort\u00e9s. Aguascalientes, M\u00e9xico : Tierra Cartonero, 2022. [4 sheets unpaged] ; 14 cm.","robots":{"index":"index","follow":"follow","max-snippet":"max-snippet:-1","max-image-preview":"max-image-preview:large","max-video-preview":"max-video-preview:-1"},"canonical":"https:\/\/booksfrommexico.com\/es\/producto\/un-rincon-de-la-casa\/","og_locale":"es_ES","og_type":"article","og_title":"Un rinc\u00f3n de la casa","og_description":"UN RINC\u00d3N DE LA CASA. \/ Sandra Moreno Cort\u00e9s. Aguascalientes, M\u00e9xico : Tierra Cartonero, 2022. [4 sheets unpaged] ; 14 cm.","og_url":"https:\/\/booksfrommexico.com\/es\/producto\/un-rincon-de-la-casa\/","og_site_name":"Books From Mexico","article_modified_time":"2024-04-11T21:32:31+00:00","og_image":[{"width":404,"height":537,"url":"http:\/\/booksfrommexico.com\/app\/uploads\/2024\/02\/198884.jpeg","type":"image\/jpeg"}],"twitter_card":"summary_large_image","twitter_misc":{"Tiempo de lectura":"1 minuto"},"schema":{"@context":"https:\/\/schema.org","@graph":[{"@type":"WebPage","@id":"https:\/\/booksfrommexico.com\/es\/producto\/un-rincon-de-la-casa\/","url":"https:\/\/booksfrommexico.com\/es\/producto\/un-rincon-de-la-casa\/","name":"Un rinc\u00f3n de la casa","isPartOf":{"@id":"https:\/\/booksfrommexico.com\/#website"},"primaryImageOfPage":{"@id":"https:\/\/booksfrommexico.com\/es\/producto\/un-rincon-de-la-casa\/#primaryimage"},"image":{"@id":"https:\/\/booksfrommexico.com\/es\/producto\/un-rincon-de-la-casa\/#primaryimage"},"thumbnailUrl":"https:\/\/booksfrommexico.com\/app\/uploads\/2024\/02\/198884.jpeg","datePublished":"2024-02-14T23:26:56+00:00","dateModified":"2024-04-11T21:32:31+00:00","description":"UN RINC\u00d3N DE LA CASA. \/ Sandra Moreno Cort\u00e9s. Aguascalientes, M\u00e9xico : Tierra Cartonero, 2022. [4 sheets unpaged] ; 14 cm.","breadcrumb":{"@id":"https:\/\/booksfrommexico.com\/es\/producto\/un-rincon-de-la-casa\/#breadcrumb"},"inLanguage":"es","potentialAction":[{"@type":"ReadAction","target":["https:\/\/booksfrommexico.com\/es\/producto\/un-rincon-de-la-casa\/"]}]},{"@type":"ImageObject","inLanguage":"es","@id":"https:\/\/booksfrommexico.com\/es\/producto\/un-rincon-de-la-casa\/#primaryimage","url":"https:\/\/booksfrommexico.com\/app\/uploads\/2024\/02\/198884.jpeg","contentUrl":"https:\/\/booksfrommexico.com\/app\/uploads\/2024\/02\/198884.jpeg","width":404,"height":537,"caption":"Un rinc\u00f3n de la casa"},{"@type":"BreadcrumbList","@id":"https:\/\/booksfrommexico.com\/es\/producto\/un-rincon-de-la-casa\/#breadcrumb","itemListElement":[{"@type":"ListItem","position":1,"name":"Home","item":"https:\/\/booksfrommexico.com\/es\/"},{"@type":"ListItem","position":2,"name":"Libros","item":"https:\/\/booksfrommexico.com\/es\/libros\/"},{"@type":"ListItem","position":3,"name":"Un rinc\u00f3n de la casa"}]},{"@type":"WebSite","@id":"https:\/\/booksfrommexico.com\/#website","url":"https:\/\/booksfrommexico.com\/","name":"Books From Mexico","description":"","publisher":{"@id":"https:\/\/booksfrommexico.com\/#organization"},"potentialAction":[{"@type":"SearchAction","target":{"@type":"EntryPoint","urlTemplate":"https:\/\/booksfrommexico.com\/?s={search_term_string}"},"query-input":{"@type":"PropertyValueSpecification","valueRequired":true,"valueName":"search_term_string"}}],"inLanguage":"es"},{"@type":"Organization","@id":"https:\/\/booksfrommexico.com\/#organization","name":"Books From Mexico","url":"https:\/\/booksfrommexico.com\/","logo":{"@type":"ImageObject","inLanguage":"es","@id":"https:\/\/booksfrommexico.com\/#\/schema\/logo\/image\/","url":"https:\/\/booksfrommexico.com\/app\/uploads\/2023\/05\/logo-booksfrommexico.svg","contentUrl":"https:\/\/booksfrommexico.com\/app\/uploads\/2023\/05\/logo-booksfrommexico.svg","width":86,"height":56,"caption":"Books From Mexico"},"image":{"@id":"https:\/\/booksfrommexico.com\/#\/schema\/logo\/image\/"}}]}},"_links":{"self":[{"href":"https:\/\/booksfrommexico.com\/es\/wp-json\/wp\/v2\/product\/5074","targetHints":{"allow":["GET"]}}],"collection":[{"href":"https:\/\/booksfrommexico.com\/es\/wp-json\/wp\/v2\/product"}],"about":[{"href":"https:\/\/booksfrommexico.com\/es\/wp-json\/wp\/v2\/types\/product"}],"wp:featuredmedia":[{"embeddable":true,"href":"https:\/\/booksfrommexico.com\/es\/wp-json\/wp\/v2\/media\/5179"}],"wp:attachment":[{"href":"https:\/\/booksfrommexico.com\/es\/wp-json\/wp\/v2\/media?parent=5074"}],"wp:term":[{"taxonomy":"product_brand","embeddable":true,"href":"https:\/\/booksfrommexico.com\/es\/wp-json\/wp\/v2\/product_brand?post=5074"},{"taxonomy":"product_cat","embeddable":true,"href":"https:\/\/booksfrommexico.com\/es\/wp-json\/wp\/v2\/product_cat?post=5074"},{"taxonomy":"product_tag","embeddable":true,"href":"https:\/\/booksfrommexico.com\/es\/wp-json\/wp\/v2\/product_tag?post=5074"}],"curies":[{"name":"wp","href":"https:\/\/api.w.org\/{rel}","templated":true}]}}