{"id":5075,"date":"2024-02-14T23:26:56","date_gmt":"2024-02-14T23:26:56","guid":{"rendered":"https:\/\/booksfrommexico.com\/product\/antes-del-herrero-y-despues-de-la-eternidad-puntos-ciegos-de-la-obra-de-victor-sandoval-y-salvador-gallardo-davalos\/"},"modified":"2024-02-16T22:07:59","modified_gmt":"2024-02-16T22:07:59","slug":"antes-del-herrero-y-despues-de-la-eternidad-puntos-ciegos-de-la-obra-de-victor-sandoval-y-salvador-gallardo-davalos","status":"publish","type":"product","link":"https:\/\/booksfrommexico.com\/es\/producto\/antes-del-herrero-y-despues-de-la-eternidad-puntos-ciegos-de-la-obra-de-victor-sandoval-y-salvador-gallardo-davalos\/","title":{"rendered":"Antes del herrero y despu\u00e9s de la eternidad"},"content":{"rendered":"<p><span style=\"font-weight: 400;\">Investigaci\u00f3n y an\u00e1lisis sobre la obra de V\u00edctor Sandoval y Salvador Gallardo D\u00e1valos, ahondando en el poco reconocimiento nacional que tienen pese a su influencia en personalidades como Marx, Marinetti y tambi\u00e9n Maples. El autor explora diversos aspectos literarios y reflexiona sobre el quehacer literario de Sandoval y Gallardo, as\u00ed como, lo que sus obras pueden significar para otros estudiosos de la literatura mexicana. El periodo que se revisa abarca de 1952 a 1962,\u00a0 este tiempo es suficiente para establecer una interrelaci\u00f3n entre ambos, surgida y expuesta en los cinco n\u00fameros de la revista <\/span><i><span style=\"font-weight: 400;\">Asociaci\u00f3n Cultura Aguascalentense <\/span><\/i><span style=\"font-weight: 400;\">y los veinte n\u00fameros de la revista <\/span><i><span style=\"font-weight: 400;\">Paralelo<\/span><\/i><span style=\"font-weight: 400;\">.<\/span><\/p>\n","protected":false},"excerpt":{"rendered":"<p>ANTES DEL HERRERO Y DESPU\u00c9S DE LA ETERNIDAD: PUNTOS CIEGOS DE LA OBRA DE V\u00cdCTOR SANDOVAL Y SALVADOR GALLARDO D\u00c1VALOS. <span style=\"font-weight: 400;\">\/ Jorge Terrones. Aguascalientes, M\u00e9xico : Gobierno del Estado de Aguascalientes : Instituto Cultural de Aguascalientes ; Universidad de las Artes ; Centro de Investigaci\u00f3n y Estudios Literarios de Aguascalientes, 2022. 213 pages : includes index, photos, tables, notes, semblance, bibliography ; 22 cm. ISBN : 9786079444983.<\/span><\/p>\n","protected":false},"featured_media":5184,"template":"","meta":{"_acf_changed":false,"inline_featured_image":false},"product_brand":[],"product_cat":[52,169],"product_tag":[3707,3869],"class_list":{"0":"post-5075","1":"product","2":"type-product","3":"status-publish","4":"has-post-thumbnail","6":"product_cat-critica-literaria","7":"product_cat-lengua-y-linguistica","8":"product_tag-critica-e-interpretacion","9":"product_tag-critica-y-estudios","11":"first","12":"instock","13":"taxable","14":"shipping-taxable","15":"purchasable","16":"product-type-simple"},"acf":[],"yoast_head":"<!-- This site is optimized with the Yoast SEO plugin v27.3 - https:\/\/yoast.com\/product\/yoast-seo-wordpress\/ -->\n<title>Antes del herrero y despu\u00e9s de la eternidad - Books From Mexico<\/title>\n<meta name=\"description\" content=\"Antes del herrero y despu\u00e9s de la eternidad : Puntos ciegos de la obra de V\u00edctor Sandoval y Salvador Gallardo D\u00e1valos. \/ Jorge Terrones. 2022.\" \/>\n<meta name=\"robots\" content=\"index, follow, max-snippet:-1, max-image-preview:large, max-video-preview:-1\" \/>\n<link rel=\"canonical\" href=\"https:\/\/booksfrommexico.com\/es\/producto\/antes-del-herrero-y-despues-de-la-eternidad-puntos-ciegos-de-la-obra-de-victor-sandoval-y-salvador-gallardo-davalos\/\" \/>\n<meta property=\"og:locale\" content=\"es_ES\" \/>\n<meta property=\"og:type\" content=\"article\" \/>\n<meta property=\"og:title\" content=\"Antes del herrero y despu\u00e9s de la eternidad - Books From Mexico\" \/>\n<meta property=\"og:description\" content=\"Antes del herrero y despu\u00e9s de la eternidad : Puntos ciegos de la obra de V\u00edctor Sandoval y Salvador Gallardo D\u00e1valos. \/ Jorge Terrones. 2022.\" \/>\n<meta property=\"og:url\" content=\"https:\/\/booksfrommexico.com\/es\/producto\/antes-del-herrero-y-despues-de-la-eternidad-puntos-ciegos-de-la-obra-de-victor-sandoval-y-salvador-gallardo-davalos\/\" \/>\n<meta property=\"og:site_name\" content=\"Books From Mexico\" \/>\n<meta property=\"article:modified_time\" content=\"2024-02-16T22:07:59+00:00\" \/>\n<meta property=\"og:image\" content=\"http:\/\/booksfrommexico.com\/app\/uploads\/2024\/02\/199012.jpeg\" \/>\n\t<meta property=\"og:image:width\" content=\"457\" \/>\n\t<meta property=\"og:image:height\" content=\"636\" \/>\n\t<meta property=\"og:image:type\" content=\"image\/jpeg\" \/>\n<meta name=\"twitter:card\" content=\"summary_large_image\" \/>\n<meta name=\"twitter:label1\" content=\"Tiempo de lectura\" \/>\n\t<meta name=\"twitter:data1\" content=\"1 minuto\" \/>\n<script type=\"application\/ld+json\" class=\"yoast-schema-graph\">{\"@context\":\"https:\\\/\\\/schema.org\",\"@graph\":[{\"@type\":\"WebPage\",\"@id\":\"https:\\\/\\\/booksfrommexico.com\\\/es\\\/producto\\\/antes-del-herrero-y-despues-de-la-eternidad-puntos-ciegos-de-la-obra-de-victor-sandoval-y-salvador-gallardo-davalos\\\/\",\"url\":\"https:\\\/\\\/booksfrommexico.com\\\/es\\\/producto\\\/antes-del-herrero-y-despues-de-la-eternidad-puntos-ciegos-de-la-obra-de-victor-sandoval-y-salvador-gallardo-davalos\\\/\",\"name\":\"Antes del herrero y despu\u00e9s de la eternidad - Books From Mexico\",\"isPartOf\":{\"@id\":\"https:\\\/\\\/booksfrommexico.com\\\/#website\"},\"primaryImageOfPage\":{\"@id\":\"https:\\\/\\\/booksfrommexico.com\\\/es\\\/producto\\\/antes-del-herrero-y-despues-de-la-eternidad-puntos-ciegos-de-la-obra-de-victor-sandoval-y-salvador-gallardo-davalos\\\/#primaryimage\"},\"image\":{\"@id\":\"https:\\\/\\\/booksfrommexico.com\\\/es\\\/producto\\\/antes-del-herrero-y-despues-de-la-eternidad-puntos-ciegos-de-la-obra-de-victor-sandoval-y-salvador-gallardo-davalos\\\/#primaryimage\"},\"thumbnailUrl\":\"https:\\\/\\\/booksfrommexico.com\\\/app\\\/uploads\\\/2024\\\/02\\\/199012.jpeg\",\"datePublished\":\"2024-02-14T23:26:56+00:00\",\"dateModified\":\"2024-02-16T22:07:59+00:00\",\"description\":\"Antes del herrero y despu\u00e9s de la eternidad : Puntos ciegos de la obra de V\u00edctor Sandoval y Salvador Gallardo D\u00e1valos. \\\/ Jorge Terrones. 2022.\",\"breadcrumb\":{\"@id\":\"https:\\\/\\\/booksfrommexico.com\\\/es\\\/producto\\\/antes-del-herrero-y-despues-de-la-eternidad-puntos-ciegos-de-la-obra-de-victor-sandoval-y-salvador-gallardo-davalos\\\/#breadcrumb\"},\"inLanguage\":\"es\",\"potentialAction\":[{\"@type\":\"ReadAction\",\"target\":[\"https:\\\/\\\/booksfrommexico.com\\\/es\\\/producto\\\/antes-del-herrero-y-despues-de-la-eternidad-puntos-ciegos-de-la-obra-de-victor-sandoval-y-salvador-gallardo-davalos\\\/\"]}]},{\"@type\":\"ImageObject\",\"inLanguage\":\"es\",\"@id\":\"https:\\\/\\\/booksfrommexico.com\\\/es\\\/producto\\\/antes-del-herrero-y-despues-de-la-eternidad-puntos-ciegos-de-la-obra-de-victor-sandoval-y-salvador-gallardo-davalos\\\/#primaryimage\",\"url\":\"https:\\\/\\\/booksfrommexico.com\\\/app\\\/uploads\\\/2024\\\/02\\\/199012.jpeg\",\"contentUrl\":\"https:\\\/\\\/booksfrommexico.com\\\/app\\\/uploads\\\/2024\\\/02\\\/199012.jpeg\",\"width\":457,\"height\":636,\"caption\":\"Antes del herrero y despu\u00e9s de la eternidad : puntos ciegos de la obra de V\u00edctor Sandoval y Salvador Gallardo D\u00e1valos\"},{\"@type\":\"BreadcrumbList\",\"@id\":\"https:\\\/\\\/booksfrommexico.com\\\/es\\\/producto\\\/antes-del-herrero-y-despues-de-la-eternidad-puntos-ciegos-de-la-obra-de-victor-sandoval-y-salvador-gallardo-davalos\\\/#breadcrumb\",\"itemListElement\":[{\"@type\":\"ListItem\",\"position\":1,\"name\":\"Home\",\"item\":\"https:\\\/\\\/booksfrommexico.com\\\/es\\\/\"},{\"@type\":\"ListItem\",\"position\":2,\"name\":\"Libros\",\"item\":\"https:\\\/\\\/booksfrommexico.com\\\/es\\\/libros\\\/\"},{\"@type\":\"ListItem\",\"position\":3,\"name\":\"Antes del herrero y despu\u00e9s de la eternidad\"}]},{\"@type\":\"WebSite\",\"@id\":\"https:\\\/\\\/booksfrommexico.com\\\/#website\",\"url\":\"https:\\\/\\\/booksfrommexico.com\\\/\",\"name\":\"Books From Mexico\",\"description\":\"\",\"publisher\":{\"@id\":\"https:\\\/\\\/booksfrommexico.com\\\/#organization\"},\"potentialAction\":[{\"@type\":\"SearchAction\",\"target\":{\"@type\":\"EntryPoint\",\"urlTemplate\":\"https:\\\/\\\/booksfrommexico.com\\\/?s={search_term_string}\"},\"query-input\":{\"@type\":\"PropertyValueSpecification\",\"valueRequired\":true,\"valueName\":\"search_term_string\"}}],\"inLanguage\":\"es\"},{\"@type\":\"Organization\",\"@id\":\"https:\\\/\\\/booksfrommexico.com\\\/#organization\",\"name\":\"Books From Mexico\",\"url\":\"https:\\\/\\\/booksfrommexico.com\\\/\",\"logo\":{\"@type\":\"ImageObject\",\"inLanguage\":\"es\",\"@id\":\"https:\\\/\\\/booksfrommexico.com\\\/#\\\/schema\\\/logo\\\/image\\\/\",\"url\":\"https:\\\/\\\/booksfrommexico.com\\\/app\\\/uploads\\\/2023\\\/05\\\/logo-booksfrommexico.svg\",\"contentUrl\":\"https:\\\/\\\/booksfrommexico.com\\\/app\\\/uploads\\\/2023\\\/05\\\/logo-booksfrommexico.svg\",\"width\":86,\"height\":56,\"caption\":\"Books From Mexico\"},\"image\":{\"@id\":\"https:\\\/\\\/booksfrommexico.com\\\/#\\\/schema\\\/logo\\\/image\\\/\"}}]}<\/script>\n<!-- \/ Yoast SEO plugin. -->","yoast_head_json":{"title":"Antes del herrero y despu\u00e9s de la eternidad - Books From Mexico","description":"Antes del herrero y despu\u00e9s de la eternidad : Puntos ciegos de la obra de V\u00edctor Sandoval y Salvador Gallardo D\u00e1valos. \/ Jorge Terrones. 2022.","robots":{"index":"index","follow":"follow","max-snippet":"max-snippet:-1","max-image-preview":"max-image-preview:large","max-video-preview":"max-video-preview:-1"},"canonical":"https:\/\/booksfrommexico.com\/es\/producto\/antes-del-herrero-y-despues-de-la-eternidad-puntos-ciegos-de-la-obra-de-victor-sandoval-y-salvador-gallardo-davalos\/","og_locale":"es_ES","og_type":"article","og_title":"Antes del herrero y despu\u00e9s de la eternidad - Books From Mexico","og_description":"Antes del herrero y despu\u00e9s de la eternidad : Puntos ciegos de la obra de V\u00edctor Sandoval y Salvador Gallardo D\u00e1valos. \/ Jorge Terrones. 2022.","og_url":"https:\/\/booksfrommexico.com\/es\/producto\/antes-del-herrero-y-despues-de-la-eternidad-puntos-ciegos-de-la-obra-de-victor-sandoval-y-salvador-gallardo-davalos\/","og_site_name":"Books From Mexico","article_modified_time":"2024-02-16T22:07:59+00:00","og_image":[{"width":457,"height":636,"url":"http:\/\/booksfrommexico.com\/app\/uploads\/2024\/02\/199012.jpeg","type":"image\/jpeg"}],"twitter_card":"summary_large_image","twitter_misc":{"Tiempo de lectura":"1 minuto"},"schema":{"@context":"https:\/\/schema.org","@graph":[{"@type":"WebPage","@id":"https:\/\/booksfrommexico.com\/es\/producto\/antes-del-herrero-y-despues-de-la-eternidad-puntos-ciegos-de-la-obra-de-victor-sandoval-y-salvador-gallardo-davalos\/","url":"https:\/\/booksfrommexico.com\/es\/producto\/antes-del-herrero-y-despues-de-la-eternidad-puntos-ciegos-de-la-obra-de-victor-sandoval-y-salvador-gallardo-davalos\/","name":"Antes del herrero y despu\u00e9s de la eternidad - Books From Mexico","isPartOf":{"@id":"https:\/\/booksfrommexico.com\/#website"},"primaryImageOfPage":{"@id":"https:\/\/booksfrommexico.com\/es\/producto\/antes-del-herrero-y-despues-de-la-eternidad-puntos-ciegos-de-la-obra-de-victor-sandoval-y-salvador-gallardo-davalos\/#primaryimage"},"image":{"@id":"https:\/\/booksfrommexico.com\/es\/producto\/antes-del-herrero-y-despues-de-la-eternidad-puntos-ciegos-de-la-obra-de-victor-sandoval-y-salvador-gallardo-davalos\/#primaryimage"},"thumbnailUrl":"https:\/\/booksfrommexico.com\/app\/uploads\/2024\/02\/199012.jpeg","datePublished":"2024-02-14T23:26:56+00:00","dateModified":"2024-02-16T22:07:59+00:00","description":"Antes del herrero y despu\u00e9s de la eternidad : Puntos ciegos de la obra de V\u00edctor Sandoval y Salvador Gallardo D\u00e1valos. \/ Jorge Terrones. 2022.","breadcrumb":{"@id":"https:\/\/booksfrommexico.com\/es\/producto\/antes-del-herrero-y-despues-de-la-eternidad-puntos-ciegos-de-la-obra-de-victor-sandoval-y-salvador-gallardo-davalos\/#breadcrumb"},"inLanguage":"es","potentialAction":[{"@type":"ReadAction","target":["https:\/\/booksfrommexico.com\/es\/producto\/antes-del-herrero-y-despues-de-la-eternidad-puntos-ciegos-de-la-obra-de-victor-sandoval-y-salvador-gallardo-davalos\/"]}]},{"@type":"ImageObject","inLanguage":"es","@id":"https:\/\/booksfrommexico.com\/es\/producto\/antes-del-herrero-y-despues-de-la-eternidad-puntos-ciegos-de-la-obra-de-victor-sandoval-y-salvador-gallardo-davalos\/#primaryimage","url":"https:\/\/booksfrommexico.com\/app\/uploads\/2024\/02\/199012.jpeg","contentUrl":"https:\/\/booksfrommexico.com\/app\/uploads\/2024\/02\/199012.jpeg","width":457,"height":636,"caption":"Antes del herrero y despu\u00e9s de la eternidad : puntos ciegos de la obra de V\u00edctor Sandoval y Salvador Gallardo D\u00e1valos"},{"@type":"BreadcrumbList","@id":"https:\/\/booksfrommexico.com\/es\/producto\/antes-del-herrero-y-despues-de-la-eternidad-puntos-ciegos-de-la-obra-de-victor-sandoval-y-salvador-gallardo-davalos\/#breadcrumb","itemListElement":[{"@type":"ListItem","position":1,"name":"Home","item":"https:\/\/booksfrommexico.com\/es\/"},{"@type":"ListItem","position":2,"name":"Libros","item":"https:\/\/booksfrommexico.com\/es\/libros\/"},{"@type":"ListItem","position":3,"name":"Antes del herrero y despu\u00e9s de la eternidad"}]},{"@type":"WebSite","@id":"https:\/\/booksfrommexico.com\/#website","url":"https:\/\/booksfrommexico.com\/","name":"Books From Mexico","description":"","publisher":{"@id":"https:\/\/booksfrommexico.com\/#organization"},"potentialAction":[{"@type":"SearchAction","target":{"@type":"EntryPoint","urlTemplate":"https:\/\/booksfrommexico.com\/?s={search_term_string}"},"query-input":{"@type":"PropertyValueSpecification","valueRequired":true,"valueName":"search_term_string"}}],"inLanguage":"es"},{"@type":"Organization","@id":"https:\/\/booksfrommexico.com\/#organization","name":"Books From Mexico","url":"https:\/\/booksfrommexico.com\/","logo":{"@type":"ImageObject","inLanguage":"es","@id":"https:\/\/booksfrommexico.com\/#\/schema\/logo\/image\/","url":"https:\/\/booksfrommexico.com\/app\/uploads\/2023\/05\/logo-booksfrommexico.svg","contentUrl":"https:\/\/booksfrommexico.com\/app\/uploads\/2023\/05\/logo-booksfrommexico.svg","width":86,"height":56,"caption":"Books From Mexico"},"image":{"@id":"https:\/\/booksfrommexico.com\/#\/schema\/logo\/image\/"}}]}},"_links":{"self":[{"href":"https:\/\/booksfrommexico.com\/es\/wp-json\/wp\/v2\/product\/5075","targetHints":{"allow":["GET"]}}],"collection":[{"href":"https:\/\/booksfrommexico.com\/es\/wp-json\/wp\/v2\/product"}],"about":[{"href":"https:\/\/booksfrommexico.com\/es\/wp-json\/wp\/v2\/types\/product"}],"wp:featuredmedia":[{"embeddable":true,"href":"https:\/\/booksfrommexico.com\/es\/wp-json\/wp\/v2\/media\/5184"}],"wp:attachment":[{"href":"https:\/\/booksfrommexico.com\/es\/wp-json\/wp\/v2\/media?parent=5075"}],"wp:term":[{"taxonomy":"product_brand","embeddable":true,"href":"https:\/\/booksfrommexico.com\/es\/wp-json\/wp\/v2\/product_brand?post=5075"},{"taxonomy":"product_cat","embeddable":true,"href":"https:\/\/booksfrommexico.com\/es\/wp-json\/wp\/v2\/product_cat?post=5075"},{"taxonomy":"product_tag","embeddable":true,"href":"https:\/\/booksfrommexico.com\/es\/wp-json\/wp\/v2\/product_tag?post=5075"}],"curies":[{"name":"wp","href":"https:\/\/api.w.org\/{rel}","templated":true}]}}