{"id":5076,"date":"2024-02-14T23:26:56","date_gmt":"2024-02-14T23:26:56","guid":{"rendered":"https:\/\/booksfrommexico.com\/product\/viva-aguascalientes-que-su-feria-es-un-primor-historia-de-las-peleas-de-gallos-en-aguascalientes-siglos-xviii-xx\/"},"modified":"2024-06-04T19:33:19","modified_gmt":"2024-06-04T19:33:19","slug":"viva-aguascalientes-que-su-feria-es-un-primor-historia-de-las-peleas-de-gallos-en-aguascalientes-siglos-xviii-xx","status":"publish","type":"product","link":"https:\/\/booksfrommexico.com\/es\/producto\/viva-aguascalientes-que-su-feria-es-un-primor-historia-de-las-peleas-de-gallos-en-aguascalientes-siglos-xviii-xx\/","title":{"rendered":"\u00a1Viva Aguascalientes! Historia de las peleas de gallos en Aguascalientes"},"content":{"rendered":"<p><span style=\"font-weight: 400;\">Desde la \u00e9poca virreinal en M\u00e9xico se practicaron com\u00fanmente en ferias y fiestas patronales las apuestas en las peleas de gallos. En Aguascalientes es tal su arraigo y signo de identidad que, junto a la fiesta taurina y charrer\u00eda, ha sido investida con el decreto de Patrimonio Cultural Inmaterial del Estado de Aguascalientes. El autor presenta una amplia investigaci\u00f3n documentada con todo tipo de materiales como archivo de imagen, filmograf\u00eda, hemerograf\u00eda y fonograf\u00eda, que permiten dar una detallada explicaci\u00f3n sobre las peleas de gallos en la Feria de San Marcos desde el siglo XVIII al XX, para poder contar la historia de los hombres que han participado directa o indirectamente en estas peleas de gallos.<\/span><\/p>\n","protected":false},"excerpt":{"rendered":"<p>\u00a1VIVA AGUASCALIENTES! QUE SU FERIA ES UN PRIMOR : HISTORIA DE LAS PELEAS DE GALLOS EN AGUASCALIENTES, SIGLOS XVIII-XX. <span style=\"font-weight: 400;\">\/ Vicente Agust\u00edn Esparza Ram\u00edrez. Aguascalientes, M\u00e9xico : Gobierno del Estado de Aguascalientes , Instituto Cultural de Aguascalientes, 2022. 264 pages : includes photos, color photos, references at the end of each chapter, glossary, filmography, phonography, hemerography, bibliography ; 26 cm. ISBN : 9786078869039.<\/span><\/p>\n","protected":false},"featured_media":5190,"template":"","meta":{"_acf_changed":false,"inline_featured_image":false},"product_brand":[],"product_cat":[113,78],"product_tag":[3608],"class_list":{"0":"post-5076","1":"product","2":"type-product","3":"status-publish","4":"has-post-thumbnail","6":"product_cat-historia-social","7":"product_cat-sociologia","8":"product_tag-vida-social-y-costumbres","10":"first","11":"instock","12":"taxable","13":"shipping-taxable","14":"purchasable","15":"product-type-simple"},"acf":[],"yoast_head":"<!-- This site is optimized with the Yoast SEO plugin v27.3 - https:\/\/yoast.com\/product\/yoast-seo-wordpress\/ -->\n<title>\u00a1Viva Aguascalientes! Que su feria es un primor<\/title>\n<meta name=\"description\" content=\"\u00a1Viva Aguascalientes! Que su feria. esun primor: Historia de las peleas de gallos en Aguascalientes, siglos XVIII-XX. \/ Vicente Agust\u00edn Esparza Ram\u00edrez.\" \/>\n<meta name=\"robots\" content=\"index, follow, max-snippet:-1, max-image-preview:large, max-video-preview:-1\" \/>\n<link rel=\"canonical\" href=\"https:\/\/booksfrommexico.com\/es\/producto\/viva-aguascalientes-que-su-feria-es-un-primor-historia-de-las-peleas-de-gallos-en-aguascalientes-siglos-xviii-xx\/\" \/>\n<meta property=\"og:locale\" content=\"es_ES\" \/>\n<meta property=\"og:type\" content=\"article\" \/>\n<meta property=\"og:title\" content=\"\u00a1Viva Aguascalientes! Que su feria es un primor\" \/>\n<meta property=\"og:description\" content=\"\u00a1Viva Aguascalientes! Que su feria. esun primor: Historia de las peleas de gallos en Aguascalientes, siglos XVIII-XX. \/ Vicente Agust\u00edn Esparza Ram\u00edrez.\" \/>\n<meta property=\"og:url\" content=\"https:\/\/booksfrommexico.com\/es\/producto\/viva-aguascalientes-que-su-feria-es-un-primor-historia-de-las-peleas-de-gallos-en-aguascalientes-siglos-xviii-xx\/\" \/>\n<meta property=\"og:site_name\" content=\"Books From Mexico\" \/>\n<meta property=\"article:modified_time\" content=\"2024-06-04T19:33:19+00:00\" \/>\n<meta property=\"og:image\" content=\"http:\/\/booksfrommexico.com\/app\/uploads\/2024\/02\/199013.jpeg\" \/>\n\t<meta property=\"og:image:width\" content=\"703\" \/>\n\t<meta property=\"og:image:height\" content=\"980\" \/>\n\t<meta property=\"og:image:type\" content=\"image\/jpeg\" \/>\n<meta name=\"twitter:card\" content=\"summary_large_image\" \/>\n<meta name=\"twitter:label1\" content=\"Tiempo de lectura\" \/>\n\t<meta name=\"twitter:data1\" content=\"1 minuto\" \/>\n<script type=\"application\/ld+json\" class=\"yoast-schema-graph\">{\"@context\":\"https:\\\/\\\/schema.org\",\"@graph\":[{\"@type\":\"WebPage\",\"@id\":\"https:\\\/\\\/booksfrommexico.com\\\/es\\\/producto\\\/viva-aguascalientes-que-su-feria-es-un-primor-historia-de-las-peleas-de-gallos-en-aguascalientes-siglos-xviii-xx\\\/\",\"url\":\"https:\\\/\\\/booksfrommexico.com\\\/es\\\/producto\\\/viva-aguascalientes-que-su-feria-es-un-primor-historia-de-las-peleas-de-gallos-en-aguascalientes-siglos-xviii-xx\\\/\",\"name\":\"\u00a1Viva Aguascalientes! Que su feria es un primor\",\"isPartOf\":{\"@id\":\"https:\\\/\\\/booksfrommexico.com\\\/#website\"},\"primaryImageOfPage\":{\"@id\":\"https:\\\/\\\/booksfrommexico.com\\\/es\\\/producto\\\/viva-aguascalientes-que-su-feria-es-un-primor-historia-de-las-peleas-de-gallos-en-aguascalientes-siglos-xviii-xx\\\/#primaryimage\"},\"image\":{\"@id\":\"https:\\\/\\\/booksfrommexico.com\\\/es\\\/producto\\\/viva-aguascalientes-que-su-feria-es-un-primor-historia-de-las-peleas-de-gallos-en-aguascalientes-siglos-xviii-xx\\\/#primaryimage\"},\"thumbnailUrl\":\"https:\\\/\\\/booksfrommexico.com\\\/app\\\/uploads\\\/2024\\\/02\\\/199013.jpeg\",\"datePublished\":\"2024-02-14T23:26:56+00:00\",\"dateModified\":\"2024-06-04T19:33:19+00:00\",\"description\":\"\u00a1Viva Aguascalientes! Que su feria. esun primor: Historia de las peleas de gallos en Aguascalientes, siglos XVIII-XX. \\\/ Vicente Agust\u00edn Esparza Ram\u00edrez.\",\"breadcrumb\":{\"@id\":\"https:\\\/\\\/booksfrommexico.com\\\/es\\\/producto\\\/viva-aguascalientes-que-su-feria-es-un-primor-historia-de-las-peleas-de-gallos-en-aguascalientes-siglos-xviii-xx\\\/#breadcrumb\"},\"inLanguage\":\"es\",\"potentialAction\":[{\"@type\":\"ReadAction\",\"target\":[\"https:\\\/\\\/booksfrommexico.com\\\/es\\\/producto\\\/viva-aguascalientes-que-su-feria-es-un-primor-historia-de-las-peleas-de-gallos-en-aguascalientes-siglos-xviii-xx\\\/\"]}]},{\"@type\":\"ImageObject\",\"inLanguage\":\"es\",\"@id\":\"https:\\\/\\\/booksfrommexico.com\\\/es\\\/producto\\\/viva-aguascalientes-que-su-feria-es-un-primor-historia-de-las-peleas-de-gallos-en-aguascalientes-siglos-xviii-xx\\\/#primaryimage\",\"url\":\"https:\\\/\\\/booksfrommexico.com\\\/app\\\/uploads\\\/2024\\\/02\\\/199013.jpeg\",\"contentUrl\":\"https:\\\/\\\/booksfrommexico.com\\\/app\\\/uploads\\\/2024\\\/02\\\/199013.jpeg\",\"width\":703,\"height\":980,\"caption\":\"\u00a1Viva Aguascalientes! : que su feria es un primor : historia de las peleas de gallos en Aguascalientes, siglos XVIII-XX\"},{\"@type\":\"BreadcrumbList\",\"@id\":\"https:\\\/\\\/booksfrommexico.com\\\/es\\\/producto\\\/viva-aguascalientes-que-su-feria-es-un-primor-historia-de-las-peleas-de-gallos-en-aguascalientes-siglos-xviii-xx\\\/#breadcrumb\",\"itemListElement\":[{\"@type\":\"ListItem\",\"position\":1,\"name\":\"Home\",\"item\":\"https:\\\/\\\/booksfrommexico.com\\\/es\\\/\"},{\"@type\":\"ListItem\",\"position\":2,\"name\":\"Libros\",\"item\":\"https:\\\/\\\/booksfrommexico.com\\\/es\\\/libros\\\/\"},{\"@type\":\"ListItem\",\"position\":3,\"name\":\"\u00a1Viva Aguascalientes! Historia de las peleas de gallos en Aguascalientes\"}]},{\"@type\":\"WebSite\",\"@id\":\"https:\\\/\\\/booksfrommexico.com\\\/#website\",\"url\":\"https:\\\/\\\/booksfrommexico.com\\\/\",\"name\":\"Books From Mexico\",\"description\":\"\",\"publisher\":{\"@id\":\"https:\\\/\\\/booksfrommexico.com\\\/#organization\"},\"potentialAction\":[{\"@type\":\"SearchAction\",\"target\":{\"@type\":\"EntryPoint\",\"urlTemplate\":\"https:\\\/\\\/booksfrommexico.com\\\/?s={search_term_string}\"},\"query-input\":{\"@type\":\"PropertyValueSpecification\",\"valueRequired\":true,\"valueName\":\"search_term_string\"}}],\"inLanguage\":\"es\"},{\"@type\":\"Organization\",\"@id\":\"https:\\\/\\\/booksfrommexico.com\\\/#organization\",\"name\":\"Books From Mexico\",\"url\":\"https:\\\/\\\/booksfrommexico.com\\\/\",\"logo\":{\"@type\":\"ImageObject\",\"inLanguage\":\"es\",\"@id\":\"https:\\\/\\\/booksfrommexico.com\\\/#\\\/schema\\\/logo\\\/image\\\/\",\"url\":\"https:\\\/\\\/booksfrommexico.com\\\/app\\\/uploads\\\/2023\\\/05\\\/logo-booksfrommexico.svg\",\"contentUrl\":\"https:\\\/\\\/booksfrommexico.com\\\/app\\\/uploads\\\/2023\\\/05\\\/logo-booksfrommexico.svg\",\"width\":86,\"height\":56,\"caption\":\"Books From Mexico\"},\"image\":{\"@id\":\"https:\\\/\\\/booksfrommexico.com\\\/#\\\/schema\\\/logo\\\/image\\\/\"}}]}<\/script>\n<!-- \/ Yoast SEO plugin. -->","yoast_head_json":{"title":"\u00a1Viva Aguascalientes! Que su feria es un primor","description":"\u00a1Viva Aguascalientes! Que su feria. esun primor: Historia de las peleas de gallos en Aguascalientes, siglos XVIII-XX. \/ Vicente Agust\u00edn Esparza Ram\u00edrez.","robots":{"index":"index","follow":"follow","max-snippet":"max-snippet:-1","max-image-preview":"max-image-preview:large","max-video-preview":"max-video-preview:-1"},"canonical":"https:\/\/booksfrommexico.com\/es\/producto\/viva-aguascalientes-que-su-feria-es-un-primor-historia-de-las-peleas-de-gallos-en-aguascalientes-siglos-xviii-xx\/","og_locale":"es_ES","og_type":"article","og_title":"\u00a1Viva Aguascalientes! Que su feria es un primor","og_description":"\u00a1Viva Aguascalientes! Que su feria. esun primor: Historia de las peleas de gallos en Aguascalientes, siglos XVIII-XX. \/ Vicente Agust\u00edn Esparza Ram\u00edrez.","og_url":"https:\/\/booksfrommexico.com\/es\/producto\/viva-aguascalientes-que-su-feria-es-un-primor-historia-de-las-peleas-de-gallos-en-aguascalientes-siglos-xviii-xx\/","og_site_name":"Books From Mexico","article_modified_time":"2024-06-04T19:33:19+00:00","og_image":[{"width":703,"height":980,"url":"http:\/\/booksfrommexico.com\/app\/uploads\/2024\/02\/199013.jpeg","type":"image\/jpeg"}],"twitter_card":"summary_large_image","twitter_misc":{"Tiempo de lectura":"1 minuto"},"schema":{"@context":"https:\/\/schema.org","@graph":[{"@type":"WebPage","@id":"https:\/\/booksfrommexico.com\/es\/producto\/viva-aguascalientes-que-su-feria-es-un-primor-historia-de-las-peleas-de-gallos-en-aguascalientes-siglos-xviii-xx\/","url":"https:\/\/booksfrommexico.com\/es\/producto\/viva-aguascalientes-que-su-feria-es-un-primor-historia-de-las-peleas-de-gallos-en-aguascalientes-siglos-xviii-xx\/","name":"\u00a1Viva Aguascalientes! Que su feria es un primor","isPartOf":{"@id":"https:\/\/booksfrommexico.com\/#website"},"primaryImageOfPage":{"@id":"https:\/\/booksfrommexico.com\/es\/producto\/viva-aguascalientes-que-su-feria-es-un-primor-historia-de-las-peleas-de-gallos-en-aguascalientes-siglos-xviii-xx\/#primaryimage"},"image":{"@id":"https:\/\/booksfrommexico.com\/es\/producto\/viva-aguascalientes-que-su-feria-es-un-primor-historia-de-las-peleas-de-gallos-en-aguascalientes-siglos-xviii-xx\/#primaryimage"},"thumbnailUrl":"https:\/\/booksfrommexico.com\/app\/uploads\/2024\/02\/199013.jpeg","datePublished":"2024-02-14T23:26:56+00:00","dateModified":"2024-06-04T19:33:19+00:00","description":"\u00a1Viva Aguascalientes! Que su feria. esun primor: Historia de las peleas de gallos en Aguascalientes, siglos XVIII-XX. \/ Vicente Agust\u00edn Esparza Ram\u00edrez.","breadcrumb":{"@id":"https:\/\/booksfrommexico.com\/es\/producto\/viva-aguascalientes-que-su-feria-es-un-primor-historia-de-las-peleas-de-gallos-en-aguascalientes-siglos-xviii-xx\/#breadcrumb"},"inLanguage":"es","potentialAction":[{"@type":"ReadAction","target":["https:\/\/booksfrommexico.com\/es\/producto\/viva-aguascalientes-que-su-feria-es-un-primor-historia-de-las-peleas-de-gallos-en-aguascalientes-siglos-xviii-xx\/"]}]},{"@type":"ImageObject","inLanguage":"es","@id":"https:\/\/booksfrommexico.com\/es\/producto\/viva-aguascalientes-que-su-feria-es-un-primor-historia-de-las-peleas-de-gallos-en-aguascalientes-siglos-xviii-xx\/#primaryimage","url":"https:\/\/booksfrommexico.com\/app\/uploads\/2024\/02\/199013.jpeg","contentUrl":"https:\/\/booksfrommexico.com\/app\/uploads\/2024\/02\/199013.jpeg","width":703,"height":980,"caption":"\u00a1Viva Aguascalientes! : que su feria es un primor : historia de las peleas de gallos en Aguascalientes, siglos XVIII-XX"},{"@type":"BreadcrumbList","@id":"https:\/\/booksfrommexico.com\/es\/producto\/viva-aguascalientes-que-su-feria-es-un-primor-historia-de-las-peleas-de-gallos-en-aguascalientes-siglos-xviii-xx\/#breadcrumb","itemListElement":[{"@type":"ListItem","position":1,"name":"Home","item":"https:\/\/booksfrommexico.com\/es\/"},{"@type":"ListItem","position":2,"name":"Libros","item":"https:\/\/booksfrommexico.com\/es\/libros\/"},{"@type":"ListItem","position":3,"name":"\u00a1Viva Aguascalientes! Historia de las peleas de gallos en Aguascalientes"}]},{"@type":"WebSite","@id":"https:\/\/booksfrommexico.com\/#website","url":"https:\/\/booksfrommexico.com\/","name":"Books From Mexico","description":"","publisher":{"@id":"https:\/\/booksfrommexico.com\/#organization"},"potentialAction":[{"@type":"SearchAction","target":{"@type":"EntryPoint","urlTemplate":"https:\/\/booksfrommexico.com\/?s={search_term_string}"},"query-input":{"@type":"PropertyValueSpecification","valueRequired":true,"valueName":"search_term_string"}}],"inLanguage":"es"},{"@type":"Organization","@id":"https:\/\/booksfrommexico.com\/#organization","name":"Books From Mexico","url":"https:\/\/booksfrommexico.com\/","logo":{"@type":"ImageObject","inLanguage":"es","@id":"https:\/\/booksfrommexico.com\/#\/schema\/logo\/image\/","url":"https:\/\/booksfrommexico.com\/app\/uploads\/2023\/05\/logo-booksfrommexico.svg","contentUrl":"https:\/\/booksfrommexico.com\/app\/uploads\/2023\/05\/logo-booksfrommexico.svg","width":86,"height":56,"caption":"Books From Mexico"},"image":{"@id":"https:\/\/booksfrommexico.com\/#\/schema\/logo\/image\/"}}]}},"_links":{"self":[{"href":"https:\/\/booksfrommexico.com\/es\/wp-json\/wp\/v2\/product\/5076","targetHints":{"allow":["GET"]}}],"collection":[{"href":"https:\/\/booksfrommexico.com\/es\/wp-json\/wp\/v2\/product"}],"about":[{"href":"https:\/\/booksfrommexico.com\/es\/wp-json\/wp\/v2\/types\/product"}],"wp:featuredmedia":[{"embeddable":true,"href":"https:\/\/booksfrommexico.com\/es\/wp-json\/wp\/v2\/media\/5190"}],"wp:attachment":[{"href":"https:\/\/booksfrommexico.com\/es\/wp-json\/wp\/v2\/media?parent=5076"}],"wp:term":[{"taxonomy":"product_brand","embeddable":true,"href":"https:\/\/booksfrommexico.com\/es\/wp-json\/wp\/v2\/product_brand?post=5076"},{"taxonomy":"product_cat","embeddable":true,"href":"https:\/\/booksfrommexico.com\/es\/wp-json\/wp\/v2\/product_cat?post=5076"},{"taxonomy":"product_tag","embeddable":true,"href":"https:\/\/booksfrommexico.com\/es\/wp-json\/wp\/v2\/product_tag?post=5076"}],"curies":[{"name":"wp","href":"https:\/\/api.w.org\/{rel}","templated":true}]}}