{"id":5077,"date":"2024-02-14T23:26:56","date_gmt":"2024-02-14T23:26:56","guid":{"rendered":"https:\/\/booksfrommexico.com\/product\/el-litio-y-su-dimension-geopolitica-implicaciones-para-mexico-y-el-triangulo-sudamericano-bolivia-argentina-chile\/"},"modified":"2024-05-08T16:14:54","modified_gmt":"2024-05-08T16:14:54","slug":"el-litio-y-su-dimension-geopolitica-implicaciones-para-mexico-y-el-triangulo-sudamericano-bolivia-argentina-chile","status":"publish","type":"product","link":"https:\/\/booksfrommexico.com\/es\/producto\/el-litio-y-su-dimension-geopolitica-implicaciones-para-mexico-y-el-triangulo-sudamericano-bolivia-argentina-chile\/","title":{"rendered":"El litio y su dimensi\u00f3n geopol\u00edtica"},"content":{"rendered":"<p><span style=\"font-weight: 400;\">Como parte de la Colecci\u00f3n Geopol\u00edtica y Dominaci\u00f3n, Jalife-Rahme coordina este proyecto en autor\u00eda con otros 6 autores para analizar la situaci\u00f3n del denominado \u201coro blanco\u201d o litio en Sudam\u00e9rica, desde distintas perspectivas. La demanda de litio ha aumentado de manera significativa a escala mundial, siendo materia prima esencial para la fabricaci\u00f3n de bater\u00edas que se requieren para los veh\u00edculos el\u00e9ctricos, la bater\u00eda de celulares, e incluso en la industria farmac\u00e9utica como tratamiento para la bipolaridad. En este an\u00e1lisis se hace \u00e9nfasis en la regi\u00f3n del \u201ctri\u00e1ngulo sudamericano del litio\u201d y M\u00e9xico, ya que este cuenta con uno de los yacimientos m\u00e1s grandes del mundo.\u00a0<\/span><\/p>\n","protected":false},"excerpt":{"rendered":"<p>EL LITIO Y SU DIMENSI\u00d3N GEOPOL\u00cdTICA : IMPLICACIONES PARA M\u00c9XICO Y EL TRI\u00c1NGULO SUDAMERICANO BOLIVIA\/ARGENTINA\/CHILE. <span style=\"font-weight: 400;\">\/ Alfredo Jalifre-Rahme (coordinator). Ciudad de M\u00e9xico, M\u00e9xico : Grupo Editor Orfila Valentini, 2022. 173 pages : includes photos, tables, chart, references at the end of each chapter ; 23 cm. ISBN : 9786078879007.<\/span><\/p>\n","protected":false},"featured_media":5210,"template":"","meta":{"_acf_changed":false,"inline_featured_image":false},"product_brand":[],"product_cat":[279,785],"product_tag":[4163,4129],"class_list":{"0":"post-5077","1":"product","2":"type-product","3":"status-publish","4":"has-post-thumbnail","6":"product_cat-analisis-sectorial-regionales-economia","7":"product_cat-condiciones-economicas-nacionales","8":"product_tag-geopolitica","9":"product_tag-medio-anbiente","11":"first","12":"outofstock","13":"taxable","14":"shipping-taxable","15":"purchasable","16":"product-type-simple"},"acf":[],"yoast_head":"<!-- This site is optimized with the Yoast SEO plugin v27.3 - https:\/\/yoast.com\/product\/yoast-seo-wordpress\/ -->\n<title>El litio y su dimensi\u00f3n geopol\u00edtica<\/title>\n<meta name=\"description\" content=\"El litio y su dimensi\u00f3n geopol\u00edtica: Implicaciones para M\u00e9xico y el tri\u00e1ngulo sudamericano Bolivia\/Argentina\/Chile. \/ Alfredo Jalifre-Rahme (coordinator).\" \/>\n<meta name=\"robots\" content=\"index, follow, max-snippet:-1, max-image-preview:large, max-video-preview:-1\" \/>\n<link rel=\"canonical\" href=\"https:\/\/booksfrommexico.com\/es\/producto\/el-litio-y-su-dimension-geopolitica-implicaciones-para-mexico-y-el-triangulo-sudamericano-bolivia-argentina-chile\/\" \/>\n<meta property=\"og:locale\" content=\"es_ES\" \/>\n<meta property=\"og:type\" content=\"article\" \/>\n<meta property=\"og:title\" content=\"El litio y su dimensi\u00f3n geopol\u00edtica\" \/>\n<meta property=\"og:description\" content=\"El litio y su dimensi\u00f3n geopol\u00edtica: Implicaciones para M\u00e9xico y el tri\u00e1ngulo sudamericano Bolivia\/Argentina\/Chile. \/ Alfredo Jalifre-Rahme (coordinator).\" \/>\n<meta property=\"og:url\" content=\"https:\/\/booksfrommexico.com\/es\/producto\/el-litio-y-su-dimension-geopolitica-implicaciones-para-mexico-y-el-triangulo-sudamericano-bolivia-argentina-chile\/\" \/>\n<meta property=\"og:site_name\" content=\"Books From Mexico\" \/>\n<meta property=\"article:modified_time\" content=\"2024-05-08T16:14:54+00:00\" \/>\n<meta property=\"og:image\" content=\"http:\/\/booksfrommexico.com\/app\/uploads\/2024\/02\/199092.jpeg\" \/>\n\t<meta property=\"og:image:width\" content=\"486\" \/>\n\t<meta property=\"og:image:height\" content=\"666\" \/>\n\t<meta property=\"og:image:type\" content=\"image\/jpeg\" \/>\n<meta name=\"twitter:card\" content=\"summary_large_image\" \/>\n<meta name=\"twitter:label1\" content=\"Tiempo de lectura\" \/>\n\t<meta name=\"twitter:data1\" content=\"1 minuto\" \/>\n<script type=\"application\/ld+json\" class=\"yoast-schema-graph\">{\"@context\":\"https:\\\/\\\/schema.org\",\"@graph\":[{\"@type\":\"WebPage\",\"@id\":\"https:\\\/\\\/booksfrommexico.com\\\/es\\\/producto\\\/el-litio-y-su-dimension-geopolitica-implicaciones-para-mexico-y-el-triangulo-sudamericano-bolivia-argentina-chile\\\/\",\"url\":\"https:\\\/\\\/booksfrommexico.com\\\/es\\\/producto\\\/el-litio-y-su-dimension-geopolitica-implicaciones-para-mexico-y-el-triangulo-sudamericano-bolivia-argentina-chile\\\/\",\"name\":\"El litio y su dimensi\u00f3n geopol\u00edtica\",\"isPartOf\":{\"@id\":\"https:\\\/\\\/booksfrommexico.com\\\/#website\"},\"primaryImageOfPage\":{\"@id\":\"https:\\\/\\\/booksfrommexico.com\\\/es\\\/producto\\\/el-litio-y-su-dimension-geopolitica-implicaciones-para-mexico-y-el-triangulo-sudamericano-bolivia-argentina-chile\\\/#primaryimage\"},\"image\":{\"@id\":\"https:\\\/\\\/booksfrommexico.com\\\/es\\\/producto\\\/el-litio-y-su-dimension-geopolitica-implicaciones-para-mexico-y-el-triangulo-sudamericano-bolivia-argentina-chile\\\/#primaryimage\"},\"thumbnailUrl\":\"https:\\\/\\\/booksfrommexico.com\\\/app\\\/uploads\\\/2024\\\/02\\\/199092.jpeg\",\"datePublished\":\"2024-02-14T23:26:56+00:00\",\"dateModified\":\"2024-05-08T16:14:54+00:00\",\"description\":\"El litio y su dimensi\u00f3n geopol\u00edtica: Implicaciones para M\u00e9xico y el tri\u00e1ngulo sudamericano Bolivia\\\/Argentina\\\/Chile. \\\/ Alfredo Jalifre-Rahme (coordinator).\",\"breadcrumb\":{\"@id\":\"https:\\\/\\\/booksfrommexico.com\\\/es\\\/producto\\\/el-litio-y-su-dimension-geopolitica-implicaciones-para-mexico-y-el-triangulo-sudamericano-bolivia-argentina-chile\\\/#breadcrumb\"},\"inLanguage\":\"es\",\"potentialAction\":[{\"@type\":\"ReadAction\",\"target\":[\"https:\\\/\\\/booksfrommexico.com\\\/es\\\/producto\\\/el-litio-y-su-dimension-geopolitica-implicaciones-para-mexico-y-el-triangulo-sudamericano-bolivia-argentina-chile\\\/\"]}]},{\"@type\":\"ImageObject\",\"inLanguage\":\"es\",\"@id\":\"https:\\\/\\\/booksfrommexico.com\\\/es\\\/producto\\\/el-litio-y-su-dimension-geopolitica-implicaciones-para-mexico-y-el-triangulo-sudamericano-bolivia-argentina-chile\\\/#primaryimage\",\"url\":\"https:\\\/\\\/booksfrommexico.com\\\/app\\\/uploads\\\/2024\\\/02\\\/199092.jpeg\",\"contentUrl\":\"https:\\\/\\\/booksfrommexico.com\\\/app\\\/uploads\\\/2024\\\/02\\\/199092.jpeg\",\"width\":486,\"height\":666,\"caption\":\"El litio y su dimensi\u00f3n geopol\u00edtica : implicaciones para M\u00e9xico y el tri\u00e1ngulo sudamericano Bolivia, Argentina, Chile\"},{\"@type\":\"BreadcrumbList\",\"@id\":\"https:\\\/\\\/booksfrommexico.com\\\/es\\\/producto\\\/el-litio-y-su-dimension-geopolitica-implicaciones-para-mexico-y-el-triangulo-sudamericano-bolivia-argentina-chile\\\/#breadcrumb\",\"itemListElement\":[{\"@type\":\"ListItem\",\"position\":1,\"name\":\"Home\",\"item\":\"https:\\\/\\\/booksfrommexico.com\\\/es\\\/\"},{\"@type\":\"ListItem\",\"position\":2,\"name\":\"Libros\",\"item\":\"https:\\\/\\\/booksfrommexico.com\\\/es\\\/libros\\\/\"},{\"@type\":\"ListItem\",\"position\":3,\"name\":\"El litio y su dimensi\u00f3n geopol\u00edtica\"}]},{\"@type\":\"WebSite\",\"@id\":\"https:\\\/\\\/booksfrommexico.com\\\/#website\",\"url\":\"https:\\\/\\\/booksfrommexico.com\\\/\",\"name\":\"Books From Mexico\",\"description\":\"\",\"publisher\":{\"@id\":\"https:\\\/\\\/booksfrommexico.com\\\/#organization\"},\"potentialAction\":[{\"@type\":\"SearchAction\",\"target\":{\"@type\":\"EntryPoint\",\"urlTemplate\":\"https:\\\/\\\/booksfrommexico.com\\\/?s={search_term_string}\"},\"query-input\":{\"@type\":\"PropertyValueSpecification\",\"valueRequired\":true,\"valueName\":\"search_term_string\"}}],\"inLanguage\":\"es\"},{\"@type\":\"Organization\",\"@id\":\"https:\\\/\\\/booksfrommexico.com\\\/#organization\",\"name\":\"Books From Mexico\",\"url\":\"https:\\\/\\\/booksfrommexico.com\\\/\",\"logo\":{\"@type\":\"ImageObject\",\"inLanguage\":\"es\",\"@id\":\"https:\\\/\\\/booksfrommexico.com\\\/#\\\/schema\\\/logo\\\/image\\\/\",\"url\":\"https:\\\/\\\/booksfrommexico.com\\\/app\\\/uploads\\\/2023\\\/05\\\/logo-booksfrommexico.svg\",\"contentUrl\":\"https:\\\/\\\/booksfrommexico.com\\\/app\\\/uploads\\\/2023\\\/05\\\/logo-booksfrommexico.svg\",\"width\":86,\"height\":56,\"caption\":\"Books From Mexico\"},\"image\":{\"@id\":\"https:\\\/\\\/booksfrommexico.com\\\/#\\\/schema\\\/logo\\\/image\\\/\"}}]}<\/script>\n<!-- \/ Yoast SEO plugin. -->","yoast_head_json":{"title":"El litio y su dimensi\u00f3n geopol\u00edtica","description":"El litio y su dimensi\u00f3n geopol\u00edtica: Implicaciones para M\u00e9xico y el tri\u00e1ngulo sudamericano Bolivia\/Argentina\/Chile. \/ Alfredo Jalifre-Rahme (coordinator).","robots":{"index":"index","follow":"follow","max-snippet":"max-snippet:-1","max-image-preview":"max-image-preview:large","max-video-preview":"max-video-preview:-1"},"canonical":"https:\/\/booksfrommexico.com\/es\/producto\/el-litio-y-su-dimension-geopolitica-implicaciones-para-mexico-y-el-triangulo-sudamericano-bolivia-argentina-chile\/","og_locale":"es_ES","og_type":"article","og_title":"El litio y su dimensi\u00f3n geopol\u00edtica","og_description":"El litio y su dimensi\u00f3n geopol\u00edtica: Implicaciones para M\u00e9xico y el tri\u00e1ngulo sudamericano Bolivia\/Argentina\/Chile. \/ Alfredo Jalifre-Rahme (coordinator).","og_url":"https:\/\/booksfrommexico.com\/es\/producto\/el-litio-y-su-dimension-geopolitica-implicaciones-para-mexico-y-el-triangulo-sudamericano-bolivia-argentina-chile\/","og_site_name":"Books From Mexico","article_modified_time":"2024-05-08T16:14:54+00:00","og_image":[{"width":486,"height":666,"url":"http:\/\/booksfrommexico.com\/app\/uploads\/2024\/02\/199092.jpeg","type":"image\/jpeg"}],"twitter_card":"summary_large_image","twitter_misc":{"Tiempo de lectura":"1 minuto"},"schema":{"@context":"https:\/\/schema.org","@graph":[{"@type":"WebPage","@id":"https:\/\/booksfrommexico.com\/es\/producto\/el-litio-y-su-dimension-geopolitica-implicaciones-para-mexico-y-el-triangulo-sudamericano-bolivia-argentina-chile\/","url":"https:\/\/booksfrommexico.com\/es\/producto\/el-litio-y-su-dimension-geopolitica-implicaciones-para-mexico-y-el-triangulo-sudamericano-bolivia-argentina-chile\/","name":"El litio y su dimensi\u00f3n geopol\u00edtica","isPartOf":{"@id":"https:\/\/booksfrommexico.com\/#website"},"primaryImageOfPage":{"@id":"https:\/\/booksfrommexico.com\/es\/producto\/el-litio-y-su-dimension-geopolitica-implicaciones-para-mexico-y-el-triangulo-sudamericano-bolivia-argentina-chile\/#primaryimage"},"image":{"@id":"https:\/\/booksfrommexico.com\/es\/producto\/el-litio-y-su-dimension-geopolitica-implicaciones-para-mexico-y-el-triangulo-sudamericano-bolivia-argentina-chile\/#primaryimage"},"thumbnailUrl":"https:\/\/booksfrommexico.com\/app\/uploads\/2024\/02\/199092.jpeg","datePublished":"2024-02-14T23:26:56+00:00","dateModified":"2024-05-08T16:14:54+00:00","description":"El litio y su dimensi\u00f3n geopol\u00edtica: Implicaciones para M\u00e9xico y el tri\u00e1ngulo sudamericano Bolivia\/Argentina\/Chile. \/ Alfredo Jalifre-Rahme (coordinator).","breadcrumb":{"@id":"https:\/\/booksfrommexico.com\/es\/producto\/el-litio-y-su-dimension-geopolitica-implicaciones-para-mexico-y-el-triangulo-sudamericano-bolivia-argentina-chile\/#breadcrumb"},"inLanguage":"es","potentialAction":[{"@type":"ReadAction","target":["https:\/\/booksfrommexico.com\/es\/producto\/el-litio-y-su-dimension-geopolitica-implicaciones-para-mexico-y-el-triangulo-sudamericano-bolivia-argentina-chile\/"]}]},{"@type":"ImageObject","inLanguage":"es","@id":"https:\/\/booksfrommexico.com\/es\/producto\/el-litio-y-su-dimension-geopolitica-implicaciones-para-mexico-y-el-triangulo-sudamericano-bolivia-argentina-chile\/#primaryimage","url":"https:\/\/booksfrommexico.com\/app\/uploads\/2024\/02\/199092.jpeg","contentUrl":"https:\/\/booksfrommexico.com\/app\/uploads\/2024\/02\/199092.jpeg","width":486,"height":666,"caption":"El litio y su dimensi\u00f3n geopol\u00edtica : implicaciones para M\u00e9xico y el tri\u00e1ngulo sudamericano Bolivia, Argentina, Chile"},{"@type":"BreadcrumbList","@id":"https:\/\/booksfrommexico.com\/es\/producto\/el-litio-y-su-dimension-geopolitica-implicaciones-para-mexico-y-el-triangulo-sudamericano-bolivia-argentina-chile\/#breadcrumb","itemListElement":[{"@type":"ListItem","position":1,"name":"Home","item":"https:\/\/booksfrommexico.com\/es\/"},{"@type":"ListItem","position":2,"name":"Libros","item":"https:\/\/booksfrommexico.com\/es\/libros\/"},{"@type":"ListItem","position":3,"name":"El litio y su dimensi\u00f3n geopol\u00edtica"}]},{"@type":"WebSite","@id":"https:\/\/booksfrommexico.com\/#website","url":"https:\/\/booksfrommexico.com\/","name":"Books From Mexico","description":"","publisher":{"@id":"https:\/\/booksfrommexico.com\/#organization"},"potentialAction":[{"@type":"SearchAction","target":{"@type":"EntryPoint","urlTemplate":"https:\/\/booksfrommexico.com\/?s={search_term_string}"},"query-input":{"@type":"PropertyValueSpecification","valueRequired":true,"valueName":"search_term_string"}}],"inLanguage":"es"},{"@type":"Organization","@id":"https:\/\/booksfrommexico.com\/#organization","name":"Books From Mexico","url":"https:\/\/booksfrommexico.com\/","logo":{"@type":"ImageObject","inLanguage":"es","@id":"https:\/\/booksfrommexico.com\/#\/schema\/logo\/image\/","url":"https:\/\/booksfrommexico.com\/app\/uploads\/2023\/05\/logo-booksfrommexico.svg","contentUrl":"https:\/\/booksfrommexico.com\/app\/uploads\/2023\/05\/logo-booksfrommexico.svg","width":86,"height":56,"caption":"Books From Mexico"},"image":{"@id":"https:\/\/booksfrommexico.com\/#\/schema\/logo\/image\/"}}]}},"_links":{"self":[{"href":"https:\/\/booksfrommexico.com\/es\/wp-json\/wp\/v2\/product\/5077","targetHints":{"allow":["GET"]}}],"collection":[{"href":"https:\/\/booksfrommexico.com\/es\/wp-json\/wp\/v2\/product"}],"about":[{"href":"https:\/\/booksfrommexico.com\/es\/wp-json\/wp\/v2\/types\/product"}],"wp:featuredmedia":[{"embeddable":true,"href":"https:\/\/booksfrommexico.com\/es\/wp-json\/wp\/v2\/media\/5210"}],"wp:attachment":[{"href":"https:\/\/booksfrommexico.com\/es\/wp-json\/wp\/v2\/media?parent=5077"}],"wp:term":[{"taxonomy":"product_brand","embeddable":true,"href":"https:\/\/booksfrommexico.com\/es\/wp-json\/wp\/v2\/product_brand?post=5077"},{"taxonomy":"product_cat","embeddable":true,"href":"https:\/\/booksfrommexico.com\/es\/wp-json\/wp\/v2\/product_cat?post=5077"},{"taxonomy":"product_tag","embeddable":true,"href":"https:\/\/booksfrommexico.com\/es\/wp-json\/wp\/v2\/product_tag?post=5077"}],"curies":[{"name":"wp","href":"https:\/\/api.w.org\/{rel}","templated":true}]}}