{"id":5078,"date":"2024-02-14T23:26:56","date_gmt":"2024-02-14T23:26:56","guid":{"rendered":"https:\/\/booksfrommexico.com\/product\/60-anos-60-imagenes-seis-decadas-del-cetys-universidad\/"},"modified":"2024-02-16T23:34:03","modified_gmt":"2024-02-16T23:34:03","slug":"60-anos-60-imagenes-seis-decadas-del-cetys-universidad","status":"publish","type":"product","link":"https:\/\/booksfrommexico.com\/es\/producto\/60-anos-60-imagenes-seis-decadas-del-cetys-universidad\/","title":{"rendered":"60 a\u00f1os, 60 im\u00e1genes : Seis d\u00e9cadas del CETYS Universidad"},"content":{"rendered":"<p><span style=\"font-weight: 400;\">Con motivo de sus 60 a\u00f1os de existencia, el CETYS Universidad presenta, mediante su propia editorial, una colecci\u00f3n de fotograf\u00edas que retratan su historia. Entre las actividades que se llevaron a cabo, y a manera de homenaje, realiz\u00f3 esta recopilaci\u00f3n fotogr\u00e1fica para festejar a su raz\u00f3n de ser: sus estudiantes, egresados, el cuerpo docente y administrativo, ya que la esencia del proyecto radica en ver el paso del tiempo y el cambio. Estas im\u00e1genes cuentan con un pie de foto que explica brevemente el contexto en que fueron tomadas, en ellas podemos ver las instalaciones, el alumnado, las clases, inauguraciones, talleres, eventos c\u00edvicos y deportivos. <\/span><\/p>\n","protected":false},"excerpt":{"rendered":"<p>60 A\u00d1OS, 60 IM\u00c1GENES : SEIS D\u00c9CADAS DEL CETYS UNIVERSIDAD. <span style=\"font-weight: 400;\">\/ CETYS Universidad. Mexicali, M\u00e9xico : Editorial CETYS Universidad, 2022. [34 sheets unpaged] : includes photos, color photos ; 22 cm. <\/span><\/p>\n","protected":false},"featured_media":5214,"template":"","meta":{"_acf_changed":false,"inline_featured_image":false},"product_brand":[],"product_cat":[87,165,60],"product_tag":[4043],"class_list":{"0":"post-5078","1":"product","2":"type-product","3":"status-publish","4":"has-post-thumbnail","6":"product_cat-arte","7":"product_cat-fotografia-arte","8":"product_cat-historia-educacion","9":"product_tag-fotografia","11":"first","12":"instock","13":"taxable","14":"shipping-taxable","15":"purchasable","16":"product-type-simple"},"acf":[],"yoast_head":"<!-- This site is optimized with the Yoast SEO plugin v27.3 - https:\/\/yoast.com\/product\/yoast-seo-wordpress\/ -->\n<title>60 a\u00f1os, 60 im\u00e1genes : Seis d\u00e9cadas del CETYS Universidad<\/title>\n<meta name=\"description\" content=\"60 A\u00d1OS, 60 IM\u00c1GENES : SEIS D\u00c9CADAS DEL CETYS UNIVERSIDAD. \/ CETYS Universidad. Mexicali, M\u00e9xico : Editorial CETYS Universidad, 2022.\" \/>\n<meta name=\"robots\" content=\"index, follow, max-snippet:-1, max-image-preview:large, max-video-preview:-1\" \/>\n<link rel=\"canonical\" href=\"https:\/\/booksfrommexico.com\/es\/producto\/60-anos-60-imagenes-seis-decadas-del-cetys-universidad\/\" \/>\n<meta property=\"og:locale\" content=\"es_ES\" \/>\n<meta property=\"og:type\" content=\"article\" \/>\n<meta property=\"og:title\" content=\"60 a\u00f1os, 60 im\u00e1genes : Seis d\u00e9cadas del CETYS Universidad\" \/>\n<meta property=\"og:description\" content=\"60 A\u00d1OS, 60 IM\u00c1GENES : SEIS D\u00c9CADAS DEL CETYS UNIVERSIDAD. \/ CETYS Universidad. Mexicali, M\u00e9xico : Editorial CETYS Universidad, 2022.\" \/>\n<meta property=\"og:url\" content=\"https:\/\/booksfrommexico.com\/es\/producto\/60-anos-60-imagenes-seis-decadas-del-cetys-universidad\/\" \/>\n<meta property=\"og:site_name\" content=\"Books From Mexico\" \/>\n<meta property=\"article:modified_time\" content=\"2024-02-16T23:34:03+00:00\" \/>\n<meta property=\"og:image\" content=\"http:\/\/booksfrommexico.com\/app\/uploads\/2024\/02\/199144.jpeg\" \/>\n\t<meta property=\"og:image:width\" content=\"617\" \/>\n\t<meta property=\"og:image:height\" content=\"737\" \/>\n\t<meta property=\"og:image:type\" content=\"image\/jpeg\" \/>\n<meta name=\"twitter:card\" content=\"summary_large_image\" \/>\n<meta name=\"twitter:label1\" content=\"Tiempo de lectura\" \/>\n\t<meta name=\"twitter:data1\" content=\"1 minuto\" \/>\n<script type=\"application\/ld+json\" class=\"yoast-schema-graph\">{\"@context\":\"https:\\\/\\\/schema.org\",\"@graph\":[{\"@type\":\"WebPage\",\"@id\":\"https:\\\/\\\/booksfrommexico.com\\\/es\\\/producto\\\/60-anos-60-imagenes-seis-decadas-del-cetys-universidad\\\/\",\"url\":\"https:\\\/\\\/booksfrommexico.com\\\/es\\\/producto\\\/60-anos-60-imagenes-seis-decadas-del-cetys-universidad\\\/\",\"name\":\"60 a\u00f1os, 60 im\u00e1genes : Seis d\u00e9cadas del CETYS Universidad\",\"isPartOf\":{\"@id\":\"https:\\\/\\\/booksfrommexico.com\\\/#website\"},\"primaryImageOfPage\":{\"@id\":\"https:\\\/\\\/booksfrommexico.com\\\/es\\\/producto\\\/60-anos-60-imagenes-seis-decadas-del-cetys-universidad\\\/#primaryimage\"},\"image\":{\"@id\":\"https:\\\/\\\/booksfrommexico.com\\\/es\\\/producto\\\/60-anos-60-imagenes-seis-decadas-del-cetys-universidad\\\/#primaryimage\"},\"thumbnailUrl\":\"https:\\\/\\\/booksfrommexico.com\\\/app\\\/uploads\\\/2024\\\/02\\\/199144.jpeg\",\"datePublished\":\"2024-02-14T23:26:56+00:00\",\"dateModified\":\"2024-02-16T23:34:03+00:00\",\"description\":\"60 A\u00d1OS, 60 IM\u00c1GENES : SEIS D\u00c9CADAS DEL CETYS UNIVERSIDAD. \\\/ CETYS Universidad. Mexicali, M\u00e9xico : Editorial CETYS Universidad, 2022.\",\"breadcrumb\":{\"@id\":\"https:\\\/\\\/booksfrommexico.com\\\/es\\\/producto\\\/60-anos-60-imagenes-seis-decadas-del-cetys-universidad\\\/#breadcrumb\"},\"inLanguage\":\"es\",\"potentialAction\":[{\"@type\":\"ReadAction\",\"target\":[\"https:\\\/\\\/booksfrommexico.com\\\/es\\\/producto\\\/60-anos-60-imagenes-seis-decadas-del-cetys-universidad\\\/\"]}]},{\"@type\":\"ImageObject\",\"inLanguage\":\"es\",\"@id\":\"https:\\\/\\\/booksfrommexico.com\\\/es\\\/producto\\\/60-anos-60-imagenes-seis-decadas-del-cetys-universidad\\\/#primaryimage\",\"url\":\"https:\\\/\\\/booksfrommexico.com\\\/app\\\/uploads\\\/2024\\\/02\\\/199144.jpeg\",\"contentUrl\":\"https:\\\/\\\/booksfrommexico.com\\\/app\\\/uploads\\\/2024\\\/02\\\/199144.jpeg\",\"width\":617,\"height\":737,\"caption\":\"60 a\u00f1os, 60 im\u00e1genes : seis d\u00e9cadas del CETYS Universidad\"},{\"@type\":\"BreadcrumbList\",\"@id\":\"https:\\\/\\\/booksfrommexico.com\\\/es\\\/producto\\\/60-anos-60-imagenes-seis-decadas-del-cetys-universidad\\\/#breadcrumb\",\"itemListElement\":[{\"@type\":\"ListItem\",\"position\":1,\"name\":\"Home\",\"item\":\"https:\\\/\\\/booksfrommexico.com\\\/es\\\/\"},{\"@type\":\"ListItem\",\"position\":2,\"name\":\"Libros\",\"item\":\"https:\\\/\\\/booksfrommexico.com\\\/es\\\/libros\\\/\"},{\"@type\":\"ListItem\",\"position\":3,\"name\":\"60 a\u00f1os, 60 im\u00e1genes : Seis d\u00e9cadas del CETYS Universidad\"}]},{\"@type\":\"WebSite\",\"@id\":\"https:\\\/\\\/booksfrommexico.com\\\/#website\",\"url\":\"https:\\\/\\\/booksfrommexico.com\\\/\",\"name\":\"Books From Mexico\",\"description\":\"\",\"publisher\":{\"@id\":\"https:\\\/\\\/booksfrommexico.com\\\/#organization\"},\"potentialAction\":[{\"@type\":\"SearchAction\",\"target\":{\"@type\":\"EntryPoint\",\"urlTemplate\":\"https:\\\/\\\/booksfrommexico.com\\\/?s={search_term_string}\"},\"query-input\":{\"@type\":\"PropertyValueSpecification\",\"valueRequired\":true,\"valueName\":\"search_term_string\"}}],\"inLanguage\":\"es\"},{\"@type\":\"Organization\",\"@id\":\"https:\\\/\\\/booksfrommexico.com\\\/#organization\",\"name\":\"Books From Mexico\",\"url\":\"https:\\\/\\\/booksfrommexico.com\\\/\",\"logo\":{\"@type\":\"ImageObject\",\"inLanguage\":\"es\",\"@id\":\"https:\\\/\\\/booksfrommexico.com\\\/#\\\/schema\\\/logo\\\/image\\\/\",\"url\":\"https:\\\/\\\/booksfrommexico.com\\\/app\\\/uploads\\\/2023\\\/05\\\/logo-booksfrommexico.svg\",\"contentUrl\":\"https:\\\/\\\/booksfrommexico.com\\\/app\\\/uploads\\\/2023\\\/05\\\/logo-booksfrommexico.svg\",\"width\":86,\"height\":56,\"caption\":\"Books From Mexico\"},\"image\":{\"@id\":\"https:\\\/\\\/booksfrommexico.com\\\/#\\\/schema\\\/logo\\\/image\\\/\"}}]}<\/script>\n<!-- \/ Yoast SEO plugin. -->","yoast_head_json":{"title":"60 a\u00f1os, 60 im\u00e1genes : Seis d\u00e9cadas del CETYS Universidad","description":"60 A\u00d1OS, 60 IM\u00c1GENES : SEIS D\u00c9CADAS DEL CETYS UNIVERSIDAD. \/ CETYS Universidad. Mexicali, M\u00e9xico : Editorial CETYS Universidad, 2022.","robots":{"index":"index","follow":"follow","max-snippet":"max-snippet:-1","max-image-preview":"max-image-preview:large","max-video-preview":"max-video-preview:-1"},"canonical":"https:\/\/booksfrommexico.com\/es\/producto\/60-anos-60-imagenes-seis-decadas-del-cetys-universidad\/","og_locale":"es_ES","og_type":"article","og_title":"60 a\u00f1os, 60 im\u00e1genes : Seis d\u00e9cadas del CETYS Universidad","og_description":"60 A\u00d1OS, 60 IM\u00c1GENES : SEIS D\u00c9CADAS DEL CETYS UNIVERSIDAD. \/ CETYS Universidad. Mexicali, M\u00e9xico : Editorial CETYS Universidad, 2022.","og_url":"https:\/\/booksfrommexico.com\/es\/producto\/60-anos-60-imagenes-seis-decadas-del-cetys-universidad\/","og_site_name":"Books From Mexico","article_modified_time":"2024-02-16T23:34:03+00:00","og_image":[{"width":617,"height":737,"url":"http:\/\/booksfrommexico.com\/app\/uploads\/2024\/02\/199144.jpeg","type":"image\/jpeg"}],"twitter_card":"summary_large_image","twitter_misc":{"Tiempo de lectura":"1 minuto"},"schema":{"@context":"https:\/\/schema.org","@graph":[{"@type":"WebPage","@id":"https:\/\/booksfrommexico.com\/es\/producto\/60-anos-60-imagenes-seis-decadas-del-cetys-universidad\/","url":"https:\/\/booksfrommexico.com\/es\/producto\/60-anos-60-imagenes-seis-decadas-del-cetys-universidad\/","name":"60 a\u00f1os, 60 im\u00e1genes : Seis d\u00e9cadas del CETYS Universidad","isPartOf":{"@id":"https:\/\/booksfrommexico.com\/#website"},"primaryImageOfPage":{"@id":"https:\/\/booksfrommexico.com\/es\/producto\/60-anos-60-imagenes-seis-decadas-del-cetys-universidad\/#primaryimage"},"image":{"@id":"https:\/\/booksfrommexico.com\/es\/producto\/60-anos-60-imagenes-seis-decadas-del-cetys-universidad\/#primaryimage"},"thumbnailUrl":"https:\/\/booksfrommexico.com\/app\/uploads\/2024\/02\/199144.jpeg","datePublished":"2024-02-14T23:26:56+00:00","dateModified":"2024-02-16T23:34:03+00:00","description":"60 A\u00d1OS, 60 IM\u00c1GENES : SEIS D\u00c9CADAS DEL CETYS UNIVERSIDAD. \/ CETYS Universidad. Mexicali, M\u00e9xico : Editorial CETYS Universidad, 2022.","breadcrumb":{"@id":"https:\/\/booksfrommexico.com\/es\/producto\/60-anos-60-imagenes-seis-decadas-del-cetys-universidad\/#breadcrumb"},"inLanguage":"es","potentialAction":[{"@type":"ReadAction","target":["https:\/\/booksfrommexico.com\/es\/producto\/60-anos-60-imagenes-seis-decadas-del-cetys-universidad\/"]}]},{"@type":"ImageObject","inLanguage":"es","@id":"https:\/\/booksfrommexico.com\/es\/producto\/60-anos-60-imagenes-seis-decadas-del-cetys-universidad\/#primaryimage","url":"https:\/\/booksfrommexico.com\/app\/uploads\/2024\/02\/199144.jpeg","contentUrl":"https:\/\/booksfrommexico.com\/app\/uploads\/2024\/02\/199144.jpeg","width":617,"height":737,"caption":"60 a\u00f1os, 60 im\u00e1genes : seis d\u00e9cadas del CETYS Universidad"},{"@type":"BreadcrumbList","@id":"https:\/\/booksfrommexico.com\/es\/producto\/60-anos-60-imagenes-seis-decadas-del-cetys-universidad\/#breadcrumb","itemListElement":[{"@type":"ListItem","position":1,"name":"Home","item":"https:\/\/booksfrommexico.com\/es\/"},{"@type":"ListItem","position":2,"name":"Libros","item":"https:\/\/booksfrommexico.com\/es\/libros\/"},{"@type":"ListItem","position":3,"name":"60 a\u00f1os, 60 im\u00e1genes : Seis d\u00e9cadas del CETYS Universidad"}]},{"@type":"WebSite","@id":"https:\/\/booksfrommexico.com\/#website","url":"https:\/\/booksfrommexico.com\/","name":"Books From Mexico","description":"","publisher":{"@id":"https:\/\/booksfrommexico.com\/#organization"},"potentialAction":[{"@type":"SearchAction","target":{"@type":"EntryPoint","urlTemplate":"https:\/\/booksfrommexico.com\/?s={search_term_string}"},"query-input":{"@type":"PropertyValueSpecification","valueRequired":true,"valueName":"search_term_string"}}],"inLanguage":"es"},{"@type":"Organization","@id":"https:\/\/booksfrommexico.com\/#organization","name":"Books From Mexico","url":"https:\/\/booksfrommexico.com\/","logo":{"@type":"ImageObject","inLanguage":"es","@id":"https:\/\/booksfrommexico.com\/#\/schema\/logo\/image\/","url":"https:\/\/booksfrommexico.com\/app\/uploads\/2023\/05\/logo-booksfrommexico.svg","contentUrl":"https:\/\/booksfrommexico.com\/app\/uploads\/2023\/05\/logo-booksfrommexico.svg","width":86,"height":56,"caption":"Books From Mexico"},"image":{"@id":"https:\/\/booksfrommexico.com\/#\/schema\/logo\/image\/"}}]}},"_links":{"self":[{"href":"https:\/\/booksfrommexico.com\/es\/wp-json\/wp\/v2\/product\/5078","targetHints":{"allow":["GET"]}}],"collection":[{"href":"https:\/\/booksfrommexico.com\/es\/wp-json\/wp\/v2\/product"}],"about":[{"href":"https:\/\/booksfrommexico.com\/es\/wp-json\/wp\/v2\/types\/product"}],"wp:featuredmedia":[{"embeddable":true,"href":"https:\/\/booksfrommexico.com\/es\/wp-json\/wp\/v2\/media\/5214"}],"wp:attachment":[{"href":"https:\/\/booksfrommexico.com\/es\/wp-json\/wp\/v2\/media?parent=5078"}],"wp:term":[{"taxonomy":"product_brand","embeddable":true,"href":"https:\/\/booksfrommexico.com\/es\/wp-json\/wp\/v2\/product_brand?post=5078"},{"taxonomy":"product_cat","embeddable":true,"href":"https:\/\/booksfrommexico.com\/es\/wp-json\/wp\/v2\/product_cat?post=5078"},{"taxonomy":"product_tag","embeddable":true,"href":"https:\/\/booksfrommexico.com\/es\/wp-json\/wp\/v2\/product_tag?post=5078"}],"curies":[{"name":"wp","href":"https:\/\/api.w.org\/{rel}","templated":true}]}}