{"id":5079,"date":"2024-02-14T23:26:56","date_gmt":"2024-02-14T23:26:56","guid":{"rendered":"https:\/\/booksfrommexico.com\/product\/kintsugi-santuarios-de-la-resiliencia\/"},"modified":"2024-02-16T23:30:13","modified_gmt":"2024-02-16T23:30:13","slug":"kintsugi-santuarios-de-la-resiliencia","status":"publish","type":"product","link":"https:\/\/booksfrommexico.com\/es\/producto\/kintsugi-santuarios-de-la-resiliencia\/","title":{"rendered":"Kintsugi : Santuarios de la resiliencia"},"content":{"rendered":"<p><span style=\"font-weight: 400;\">\u201cKintsugi\u201d es la tradici\u00f3n japonesa de reparar objetos rotos, como tazas, platos o cer\u00e1mica en general, con barniz de resina espolvoreado o mezclado con polvo de oro, plata o platino. Esto le otorga cierto valor est\u00e9tico superior al que la pieza ya contaba, pero los japoneses le dan un significado espiritual tambi\u00e9n relacionado con la resiliencia. Dado que nuestras grietas o heridas son imborrables, al sanar tambi\u00e9n nos conceden belleza y \u00e9sa es la demostraci\u00f3n de que somos capaces como seres humanos de superar las adversidades. Estos poemas son precisamente sobre la resiliencia. Dividido en cuatro partes, el autor plasma aqu\u00ed lo que considera es el momento de destrucci\u00f3n y renacer del alma ante el dolor.<\/span><\/p>\n","protected":false},"excerpt":{"rendered":"<p>KINTSUGI : SANTUARIOS DE LA RESILIENCIA. <span style=\"font-weight: 400;\">\/ Luis G\u00f3mez Ovalle. Tijuana, M\u00e9xico : Lapicero Rojo Editorial, 2022. 68 pages ; 22 cm. (Serie Poes\u00eda).\u00a0 ISBN : 9781952171871.<\/span><\/p>\n","protected":false},"featured_media":5218,"template":"","meta":{"_acf_changed":false,"inline_featured_image":false},"product_brand":[],"product_cat":[25,32],"product_tag":[4124,3598],"class_list":{"0":"post-5079","1":"product","2":"type-product","3":"status-publish","4":"has-post-thumbnail","6":"product_cat-literatura","7":"product_cat-poesia-literatura","8":"product_tag-literatura-es","9":"product_tag-poesia-mexicana","11":"first","12":"instock","13":"taxable","14":"shipping-taxable","15":"purchasable","16":"product-type-simple"},"acf":[],"yoast_head":"<!-- This site is optimized with the Yoast SEO plugin v27.3 - https:\/\/yoast.com\/product\/yoast-seo-wordpress\/ -->\n<title>Kintsugi : Santuarios de la resiliencia<\/title>\n<meta name=\"description\" content=\"KINTSUGI : SANTUARIOS DE LA RESILIENCIA. \/ Luis G\u00f3mez Ovalle. Tijuana, M\u00e9xico : Lapicero Rojo Editorial, 2022. 68 pages ; 22 cm. ISBN : 9781952171871.\" \/>\n<meta name=\"robots\" content=\"index, follow, max-snippet:-1, max-image-preview:large, max-video-preview:-1\" \/>\n<link rel=\"canonical\" href=\"https:\/\/booksfrommexico.com\/es\/producto\/kintsugi-santuarios-de-la-resiliencia\/\" \/>\n<meta property=\"og:locale\" content=\"es_ES\" \/>\n<meta property=\"og:type\" content=\"article\" \/>\n<meta property=\"og:title\" content=\"Kintsugi : Santuarios de la resiliencia\" \/>\n<meta property=\"og:description\" content=\"KINTSUGI : SANTUARIOS DE LA RESILIENCIA. \/ Luis G\u00f3mez Ovalle. Tijuana, M\u00e9xico : Lapicero Rojo Editorial, 2022. 68 pages ; 22 cm. ISBN : 9781952171871.\" \/>\n<meta property=\"og:url\" content=\"https:\/\/booksfrommexico.com\/es\/producto\/kintsugi-santuarios-de-la-resiliencia\/\" \/>\n<meta property=\"og:site_name\" content=\"Books From Mexico\" \/>\n<meta property=\"article:modified_time\" content=\"2024-02-16T23:30:13+00:00\" \/>\n<meta property=\"og:image\" content=\"http:\/\/booksfrommexico.com\/app\/uploads\/2024\/02\/199175.jpeg\" \/>\n\t<meta property=\"og:image:width\" content=\"483\" \/>\n\t<meta property=\"og:image:height\" content=\"622\" \/>\n\t<meta property=\"og:image:type\" content=\"image\/jpeg\" \/>\n<meta name=\"twitter:card\" content=\"summary_large_image\" \/>\n<meta name=\"twitter:label1\" content=\"Tiempo de lectura\" \/>\n\t<meta name=\"twitter:data1\" content=\"1 minuto\" \/>\n<script type=\"application\/ld+json\" class=\"yoast-schema-graph\">{\"@context\":\"https:\\\/\\\/schema.org\",\"@graph\":[{\"@type\":\"WebPage\",\"@id\":\"https:\\\/\\\/booksfrommexico.com\\\/es\\\/producto\\\/kintsugi-santuarios-de-la-resiliencia\\\/\",\"url\":\"https:\\\/\\\/booksfrommexico.com\\\/es\\\/producto\\\/kintsugi-santuarios-de-la-resiliencia\\\/\",\"name\":\"Kintsugi : Santuarios de la resiliencia\",\"isPartOf\":{\"@id\":\"https:\\\/\\\/booksfrommexico.com\\\/#website\"},\"primaryImageOfPage\":{\"@id\":\"https:\\\/\\\/booksfrommexico.com\\\/es\\\/producto\\\/kintsugi-santuarios-de-la-resiliencia\\\/#primaryimage\"},\"image\":{\"@id\":\"https:\\\/\\\/booksfrommexico.com\\\/es\\\/producto\\\/kintsugi-santuarios-de-la-resiliencia\\\/#primaryimage\"},\"thumbnailUrl\":\"https:\\\/\\\/booksfrommexico.com\\\/app\\\/uploads\\\/2024\\\/02\\\/199175.jpeg\",\"datePublished\":\"2024-02-14T23:26:56+00:00\",\"dateModified\":\"2024-02-16T23:30:13+00:00\",\"description\":\"KINTSUGI : SANTUARIOS DE LA RESILIENCIA. \\\/ Luis G\u00f3mez Ovalle. Tijuana, M\u00e9xico : Lapicero Rojo Editorial, 2022. 68 pages ; 22 cm. ISBN : 9781952171871.\",\"breadcrumb\":{\"@id\":\"https:\\\/\\\/booksfrommexico.com\\\/es\\\/producto\\\/kintsugi-santuarios-de-la-resiliencia\\\/#breadcrumb\"},\"inLanguage\":\"es\",\"potentialAction\":[{\"@type\":\"ReadAction\",\"target\":[\"https:\\\/\\\/booksfrommexico.com\\\/es\\\/producto\\\/kintsugi-santuarios-de-la-resiliencia\\\/\"]}]},{\"@type\":\"ImageObject\",\"inLanguage\":\"es\",\"@id\":\"https:\\\/\\\/booksfrommexico.com\\\/es\\\/producto\\\/kintsugi-santuarios-de-la-resiliencia\\\/#primaryimage\",\"url\":\"https:\\\/\\\/booksfrommexico.com\\\/app\\\/uploads\\\/2024\\\/02\\\/199175.jpeg\",\"contentUrl\":\"https:\\\/\\\/booksfrommexico.com\\\/app\\\/uploads\\\/2024\\\/02\\\/199175.jpeg\",\"width\":483,\"height\":622,\"caption\":\"Kintsugi : (santuarios de la resiliencia)\"},{\"@type\":\"BreadcrumbList\",\"@id\":\"https:\\\/\\\/booksfrommexico.com\\\/es\\\/producto\\\/kintsugi-santuarios-de-la-resiliencia\\\/#breadcrumb\",\"itemListElement\":[{\"@type\":\"ListItem\",\"position\":1,\"name\":\"Home\",\"item\":\"https:\\\/\\\/booksfrommexico.com\\\/es\\\/\"},{\"@type\":\"ListItem\",\"position\":2,\"name\":\"Libros\",\"item\":\"https:\\\/\\\/booksfrommexico.com\\\/es\\\/libros\\\/\"},{\"@type\":\"ListItem\",\"position\":3,\"name\":\"Kintsugi : Santuarios de la resiliencia\"}]},{\"@type\":\"WebSite\",\"@id\":\"https:\\\/\\\/booksfrommexico.com\\\/#website\",\"url\":\"https:\\\/\\\/booksfrommexico.com\\\/\",\"name\":\"Books From Mexico\",\"description\":\"\",\"publisher\":{\"@id\":\"https:\\\/\\\/booksfrommexico.com\\\/#organization\"},\"potentialAction\":[{\"@type\":\"SearchAction\",\"target\":{\"@type\":\"EntryPoint\",\"urlTemplate\":\"https:\\\/\\\/booksfrommexico.com\\\/?s={search_term_string}\"},\"query-input\":{\"@type\":\"PropertyValueSpecification\",\"valueRequired\":true,\"valueName\":\"search_term_string\"}}],\"inLanguage\":\"es\"},{\"@type\":\"Organization\",\"@id\":\"https:\\\/\\\/booksfrommexico.com\\\/#organization\",\"name\":\"Books From Mexico\",\"url\":\"https:\\\/\\\/booksfrommexico.com\\\/\",\"logo\":{\"@type\":\"ImageObject\",\"inLanguage\":\"es\",\"@id\":\"https:\\\/\\\/booksfrommexico.com\\\/#\\\/schema\\\/logo\\\/image\\\/\",\"url\":\"https:\\\/\\\/booksfrommexico.com\\\/app\\\/uploads\\\/2023\\\/05\\\/logo-booksfrommexico.svg\",\"contentUrl\":\"https:\\\/\\\/booksfrommexico.com\\\/app\\\/uploads\\\/2023\\\/05\\\/logo-booksfrommexico.svg\",\"width\":86,\"height\":56,\"caption\":\"Books From Mexico\"},\"image\":{\"@id\":\"https:\\\/\\\/booksfrommexico.com\\\/#\\\/schema\\\/logo\\\/image\\\/\"}}]}<\/script>\n<!-- \/ Yoast SEO plugin. -->","yoast_head_json":{"title":"Kintsugi : Santuarios de la resiliencia","description":"KINTSUGI : SANTUARIOS DE LA RESILIENCIA. \/ Luis G\u00f3mez Ovalle. Tijuana, M\u00e9xico : Lapicero Rojo Editorial, 2022. 68 pages ; 22 cm. ISBN : 9781952171871.","robots":{"index":"index","follow":"follow","max-snippet":"max-snippet:-1","max-image-preview":"max-image-preview:large","max-video-preview":"max-video-preview:-1"},"canonical":"https:\/\/booksfrommexico.com\/es\/producto\/kintsugi-santuarios-de-la-resiliencia\/","og_locale":"es_ES","og_type":"article","og_title":"Kintsugi : Santuarios de la resiliencia","og_description":"KINTSUGI : SANTUARIOS DE LA RESILIENCIA. \/ Luis G\u00f3mez Ovalle. Tijuana, M\u00e9xico : Lapicero Rojo Editorial, 2022. 68 pages ; 22 cm. ISBN : 9781952171871.","og_url":"https:\/\/booksfrommexico.com\/es\/producto\/kintsugi-santuarios-de-la-resiliencia\/","og_site_name":"Books From Mexico","article_modified_time":"2024-02-16T23:30:13+00:00","og_image":[{"width":483,"height":622,"url":"http:\/\/booksfrommexico.com\/app\/uploads\/2024\/02\/199175.jpeg","type":"image\/jpeg"}],"twitter_card":"summary_large_image","twitter_misc":{"Tiempo de lectura":"1 minuto"},"schema":{"@context":"https:\/\/schema.org","@graph":[{"@type":"WebPage","@id":"https:\/\/booksfrommexico.com\/es\/producto\/kintsugi-santuarios-de-la-resiliencia\/","url":"https:\/\/booksfrommexico.com\/es\/producto\/kintsugi-santuarios-de-la-resiliencia\/","name":"Kintsugi : Santuarios de la resiliencia","isPartOf":{"@id":"https:\/\/booksfrommexico.com\/#website"},"primaryImageOfPage":{"@id":"https:\/\/booksfrommexico.com\/es\/producto\/kintsugi-santuarios-de-la-resiliencia\/#primaryimage"},"image":{"@id":"https:\/\/booksfrommexico.com\/es\/producto\/kintsugi-santuarios-de-la-resiliencia\/#primaryimage"},"thumbnailUrl":"https:\/\/booksfrommexico.com\/app\/uploads\/2024\/02\/199175.jpeg","datePublished":"2024-02-14T23:26:56+00:00","dateModified":"2024-02-16T23:30:13+00:00","description":"KINTSUGI : SANTUARIOS DE LA RESILIENCIA. \/ Luis G\u00f3mez Ovalle. Tijuana, M\u00e9xico : Lapicero Rojo Editorial, 2022. 68 pages ; 22 cm. ISBN : 9781952171871.","breadcrumb":{"@id":"https:\/\/booksfrommexico.com\/es\/producto\/kintsugi-santuarios-de-la-resiliencia\/#breadcrumb"},"inLanguage":"es","potentialAction":[{"@type":"ReadAction","target":["https:\/\/booksfrommexico.com\/es\/producto\/kintsugi-santuarios-de-la-resiliencia\/"]}]},{"@type":"ImageObject","inLanguage":"es","@id":"https:\/\/booksfrommexico.com\/es\/producto\/kintsugi-santuarios-de-la-resiliencia\/#primaryimage","url":"https:\/\/booksfrommexico.com\/app\/uploads\/2024\/02\/199175.jpeg","contentUrl":"https:\/\/booksfrommexico.com\/app\/uploads\/2024\/02\/199175.jpeg","width":483,"height":622,"caption":"Kintsugi : (santuarios de la resiliencia)"},{"@type":"BreadcrumbList","@id":"https:\/\/booksfrommexico.com\/es\/producto\/kintsugi-santuarios-de-la-resiliencia\/#breadcrumb","itemListElement":[{"@type":"ListItem","position":1,"name":"Home","item":"https:\/\/booksfrommexico.com\/es\/"},{"@type":"ListItem","position":2,"name":"Libros","item":"https:\/\/booksfrommexico.com\/es\/libros\/"},{"@type":"ListItem","position":3,"name":"Kintsugi : Santuarios de la resiliencia"}]},{"@type":"WebSite","@id":"https:\/\/booksfrommexico.com\/#website","url":"https:\/\/booksfrommexico.com\/","name":"Books From Mexico","description":"","publisher":{"@id":"https:\/\/booksfrommexico.com\/#organization"},"potentialAction":[{"@type":"SearchAction","target":{"@type":"EntryPoint","urlTemplate":"https:\/\/booksfrommexico.com\/?s={search_term_string}"},"query-input":{"@type":"PropertyValueSpecification","valueRequired":true,"valueName":"search_term_string"}}],"inLanguage":"es"},{"@type":"Organization","@id":"https:\/\/booksfrommexico.com\/#organization","name":"Books From Mexico","url":"https:\/\/booksfrommexico.com\/","logo":{"@type":"ImageObject","inLanguage":"es","@id":"https:\/\/booksfrommexico.com\/#\/schema\/logo\/image\/","url":"https:\/\/booksfrommexico.com\/app\/uploads\/2023\/05\/logo-booksfrommexico.svg","contentUrl":"https:\/\/booksfrommexico.com\/app\/uploads\/2023\/05\/logo-booksfrommexico.svg","width":86,"height":56,"caption":"Books From Mexico"},"image":{"@id":"https:\/\/booksfrommexico.com\/#\/schema\/logo\/image\/"}}]}},"_links":{"self":[{"href":"https:\/\/booksfrommexico.com\/es\/wp-json\/wp\/v2\/product\/5079","targetHints":{"allow":["GET"]}}],"collection":[{"href":"https:\/\/booksfrommexico.com\/es\/wp-json\/wp\/v2\/product"}],"about":[{"href":"https:\/\/booksfrommexico.com\/es\/wp-json\/wp\/v2\/types\/product"}],"wp:featuredmedia":[{"embeddable":true,"href":"https:\/\/booksfrommexico.com\/es\/wp-json\/wp\/v2\/media\/5218"}],"wp:attachment":[{"href":"https:\/\/booksfrommexico.com\/es\/wp-json\/wp\/v2\/media?parent=5079"}],"wp:term":[{"taxonomy":"product_brand","embeddable":true,"href":"https:\/\/booksfrommexico.com\/es\/wp-json\/wp\/v2\/product_brand?post=5079"},{"taxonomy":"product_cat","embeddable":true,"href":"https:\/\/booksfrommexico.com\/es\/wp-json\/wp\/v2\/product_cat?post=5079"},{"taxonomy":"product_tag","embeddable":true,"href":"https:\/\/booksfrommexico.com\/es\/wp-json\/wp\/v2\/product_tag?post=5079"}],"curies":[{"name":"wp","href":"https:\/\/api.w.org\/{rel}","templated":true}]}}