{"id":5080,"date":"2024-02-14T23:26:56","date_gmt":"2024-02-14T23:26:56","guid":{"rendered":"https:\/\/booksfrommexico.com\/product\/animal-de-montana-farsa\/"},"modified":"2024-02-19T20:44:24","modified_gmt":"2024-02-19T20:44:24","slug":"animal-de-montana-farsa","status":"publish","type":"product","link":"https:\/\/booksfrommexico.com\/es\/producto\/animal-de-montana-farsa\/","title":{"rendered":"Animal de monta\u00f1a"},"content":{"rendered":"<p><span style=\"font-weight: 400;\">Parte de la colecci\u00f3n \u201cLetras del Desierto\u201d, cuya convocatoria fue lanzada por el Instituto Municipal de Cultura de Saltillo como parte del Gobierno de Saltillo para promover y hacer accesible la cultura y el arte de los creadores de la comunidad de Saltillo. El autor presenta una obra de teatro con 3 personajes dividida en 9 escenas ambientada en un tiempo actual y que tiene como tema la relaci\u00f3n entre hermanos, pero sobre todo la espiritualidad, adentr\u00e1ndose en el terreno de la fantas\u00eda al incluir el nahualismo como parte de la trama. Dirigida principalmente para un p\u00fablico infantil y juvenil, puede ser igualmente disfrutada por gente de mayor edad.<\/span><\/p>\n","protected":false},"excerpt":{"rendered":"<p>ANIMAL DE MONTA\u00d1A. <span style=\"font-weight: 400;\">\/ Arm\u00edn G\u00f3mez Barrios. Saltillo, M\u00e9xico : Gobierno Municipal de Saltillo , Saltillo nos une , Instituto Municipal de Cultura ; Quintanilla Ediciones, 2022. 102 pages : includes photo, references ; 21 cm. (Colecci\u00f3n Letras del Desierto). ISBN : 9786078419715. <\/span><\/p>\n","protected":false},"featured_media":5222,"template":"","meta":{"_acf_changed":false,"inline_featured_image":false},"product_brand":[],"product_cat":[4166,25],"product_tag":[4168],"class_list":{"0":"post-5080","1":"product","2":"type-product","3":"status-publish","4":"has-post-thumbnail","6":"product_cat-dramaturgia","7":"product_cat-literatura","8":"product_tag-teatro","10":"first","11":"instock","12":"taxable","13":"shipping-taxable","14":"purchasable","15":"product-type-simple"},"acf":[],"yoast_head":"<!-- This site is optimized with the Yoast SEO plugin v27.3 - https:\/\/yoast.com\/product\/yoast-seo-wordpress\/ -->\n<title>Animal de monta\u00f1a<\/title>\n<meta name=\"description\" content=\"Arm\u00edn G\u00f3mez Barrios. 2022. 102 pages : includes photo, references ; 21 cm. (Colecci\u00f3n Letras del Desierto). ISBN : 9786078419715.\" \/>\n<meta name=\"robots\" content=\"index, follow, max-snippet:-1, max-image-preview:large, max-video-preview:-1\" \/>\n<link rel=\"canonical\" href=\"https:\/\/booksfrommexico.com\/es\/producto\/animal-de-montana-farsa\/\" \/>\n<meta property=\"og:locale\" content=\"es_ES\" \/>\n<meta property=\"og:type\" content=\"article\" \/>\n<meta property=\"og:title\" content=\"Animal de monta\u00f1a\" \/>\n<meta property=\"og:description\" content=\"Arm\u00edn G\u00f3mez Barrios. 2022. 102 pages : includes photo, references ; 21 cm. (Colecci\u00f3n Letras del Desierto). ISBN : 9786078419715.\" \/>\n<meta property=\"og:url\" content=\"https:\/\/booksfrommexico.com\/es\/producto\/animal-de-montana-farsa\/\" \/>\n<meta property=\"og:site_name\" content=\"Books From Mexico\" \/>\n<meta property=\"article:modified_time\" content=\"2024-02-19T20:44:24+00:00\" \/>\n<meta property=\"og:image\" content=\"http:\/\/booksfrommexico.com\/app\/uploads\/2024\/02\/199366.jpeg\" \/>\n\t<meta property=\"og:image:width\" content=\"384\" \/>\n\t<meta property=\"og:image:height\" content=\"587\" \/>\n\t<meta property=\"og:image:type\" content=\"image\/jpeg\" \/>\n<meta name=\"twitter:card\" content=\"summary_large_image\" \/>\n<meta name=\"twitter:label1\" content=\"Tiempo de lectura\" \/>\n\t<meta name=\"twitter:data1\" content=\"1 minuto\" \/>\n<script type=\"application\/ld+json\" class=\"yoast-schema-graph\">{\"@context\":\"https:\\\/\\\/schema.org\",\"@graph\":[{\"@type\":\"WebPage\",\"@id\":\"https:\\\/\\\/booksfrommexico.com\\\/es\\\/producto\\\/animal-de-montana-farsa\\\/\",\"url\":\"https:\\\/\\\/booksfrommexico.com\\\/es\\\/producto\\\/animal-de-montana-farsa\\\/\",\"name\":\"Animal de monta\u00f1a\",\"isPartOf\":{\"@id\":\"https:\\\/\\\/booksfrommexico.com\\\/#website\"},\"primaryImageOfPage\":{\"@id\":\"https:\\\/\\\/booksfrommexico.com\\\/es\\\/producto\\\/animal-de-montana-farsa\\\/#primaryimage\"},\"image\":{\"@id\":\"https:\\\/\\\/booksfrommexico.com\\\/es\\\/producto\\\/animal-de-montana-farsa\\\/#primaryimage\"},\"thumbnailUrl\":\"https:\\\/\\\/booksfrommexico.com\\\/app\\\/uploads\\\/2024\\\/02\\\/199366.jpeg\",\"datePublished\":\"2024-02-14T23:26:56+00:00\",\"dateModified\":\"2024-02-19T20:44:24+00:00\",\"description\":\"Arm\u00edn G\u00f3mez Barrios. 2022. 102 pages : includes photo, references ; 21 cm. (Colecci\u00f3n Letras del Desierto). ISBN : 9786078419715.\",\"breadcrumb\":{\"@id\":\"https:\\\/\\\/booksfrommexico.com\\\/es\\\/producto\\\/animal-de-montana-farsa\\\/#breadcrumb\"},\"inLanguage\":\"es\",\"potentialAction\":[{\"@type\":\"ReadAction\",\"target\":[\"https:\\\/\\\/booksfrommexico.com\\\/es\\\/producto\\\/animal-de-montana-farsa\\\/\"]}]},{\"@type\":\"ImageObject\",\"inLanguage\":\"es\",\"@id\":\"https:\\\/\\\/booksfrommexico.com\\\/es\\\/producto\\\/animal-de-montana-farsa\\\/#primaryimage\",\"url\":\"https:\\\/\\\/booksfrommexico.com\\\/app\\\/uploads\\\/2024\\\/02\\\/199366.jpeg\",\"contentUrl\":\"https:\\\/\\\/booksfrommexico.com\\\/app\\\/uploads\\\/2024\\\/02\\\/199366.jpeg\",\"width\":384,\"height\":587,\"caption\":\"Animal de monta\u00f1a : farsa\"},{\"@type\":\"BreadcrumbList\",\"@id\":\"https:\\\/\\\/booksfrommexico.com\\\/es\\\/producto\\\/animal-de-montana-farsa\\\/#breadcrumb\",\"itemListElement\":[{\"@type\":\"ListItem\",\"position\":1,\"name\":\"Home\",\"item\":\"https:\\\/\\\/booksfrommexico.com\\\/es\\\/\"},{\"@type\":\"ListItem\",\"position\":2,\"name\":\"Libros\",\"item\":\"https:\\\/\\\/booksfrommexico.com\\\/es\\\/libros\\\/\"},{\"@type\":\"ListItem\",\"position\":3,\"name\":\"Animal de monta\u00f1a\"}]},{\"@type\":\"WebSite\",\"@id\":\"https:\\\/\\\/booksfrommexico.com\\\/#website\",\"url\":\"https:\\\/\\\/booksfrommexico.com\\\/\",\"name\":\"Books From Mexico\",\"description\":\"\",\"publisher\":{\"@id\":\"https:\\\/\\\/booksfrommexico.com\\\/#organization\"},\"potentialAction\":[{\"@type\":\"SearchAction\",\"target\":{\"@type\":\"EntryPoint\",\"urlTemplate\":\"https:\\\/\\\/booksfrommexico.com\\\/?s={search_term_string}\"},\"query-input\":{\"@type\":\"PropertyValueSpecification\",\"valueRequired\":true,\"valueName\":\"search_term_string\"}}],\"inLanguage\":\"es\"},{\"@type\":\"Organization\",\"@id\":\"https:\\\/\\\/booksfrommexico.com\\\/#organization\",\"name\":\"Books From Mexico\",\"url\":\"https:\\\/\\\/booksfrommexico.com\\\/\",\"logo\":{\"@type\":\"ImageObject\",\"inLanguage\":\"es\",\"@id\":\"https:\\\/\\\/booksfrommexico.com\\\/#\\\/schema\\\/logo\\\/image\\\/\",\"url\":\"https:\\\/\\\/booksfrommexico.com\\\/app\\\/uploads\\\/2023\\\/05\\\/logo-booksfrommexico.svg\",\"contentUrl\":\"https:\\\/\\\/booksfrommexico.com\\\/app\\\/uploads\\\/2023\\\/05\\\/logo-booksfrommexico.svg\",\"width\":86,\"height\":56,\"caption\":\"Books From Mexico\"},\"image\":{\"@id\":\"https:\\\/\\\/booksfrommexico.com\\\/#\\\/schema\\\/logo\\\/image\\\/\"}}]}<\/script>\n<!-- \/ Yoast SEO plugin. -->","yoast_head_json":{"title":"Animal de monta\u00f1a","description":"Arm\u00edn G\u00f3mez Barrios. 2022. 102 pages : includes photo, references ; 21 cm. (Colecci\u00f3n Letras del Desierto). ISBN : 9786078419715.","robots":{"index":"index","follow":"follow","max-snippet":"max-snippet:-1","max-image-preview":"max-image-preview:large","max-video-preview":"max-video-preview:-1"},"canonical":"https:\/\/booksfrommexico.com\/es\/producto\/animal-de-montana-farsa\/","og_locale":"es_ES","og_type":"article","og_title":"Animal de monta\u00f1a","og_description":"Arm\u00edn G\u00f3mez Barrios. 2022. 102 pages : includes photo, references ; 21 cm. (Colecci\u00f3n Letras del Desierto). ISBN : 9786078419715.","og_url":"https:\/\/booksfrommexico.com\/es\/producto\/animal-de-montana-farsa\/","og_site_name":"Books From Mexico","article_modified_time":"2024-02-19T20:44:24+00:00","og_image":[{"width":384,"height":587,"url":"http:\/\/booksfrommexico.com\/app\/uploads\/2024\/02\/199366.jpeg","type":"image\/jpeg"}],"twitter_card":"summary_large_image","twitter_misc":{"Tiempo de lectura":"1 minuto"},"schema":{"@context":"https:\/\/schema.org","@graph":[{"@type":"WebPage","@id":"https:\/\/booksfrommexico.com\/es\/producto\/animal-de-montana-farsa\/","url":"https:\/\/booksfrommexico.com\/es\/producto\/animal-de-montana-farsa\/","name":"Animal de monta\u00f1a","isPartOf":{"@id":"https:\/\/booksfrommexico.com\/#website"},"primaryImageOfPage":{"@id":"https:\/\/booksfrommexico.com\/es\/producto\/animal-de-montana-farsa\/#primaryimage"},"image":{"@id":"https:\/\/booksfrommexico.com\/es\/producto\/animal-de-montana-farsa\/#primaryimage"},"thumbnailUrl":"https:\/\/booksfrommexico.com\/app\/uploads\/2024\/02\/199366.jpeg","datePublished":"2024-02-14T23:26:56+00:00","dateModified":"2024-02-19T20:44:24+00:00","description":"Arm\u00edn G\u00f3mez Barrios. 2022. 102 pages : includes photo, references ; 21 cm. (Colecci\u00f3n Letras del Desierto). ISBN : 9786078419715.","breadcrumb":{"@id":"https:\/\/booksfrommexico.com\/es\/producto\/animal-de-montana-farsa\/#breadcrumb"},"inLanguage":"es","potentialAction":[{"@type":"ReadAction","target":["https:\/\/booksfrommexico.com\/es\/producto\/animal-de-montana-farsa\/"]}]},{"@type":"ImageObject","inLanguage":"es","@id":"https:\/\/booksfrommexico.com\/es\/producto\/animal-de-montana-farsa\/#primaryimage","url":"https:\/\/booksfrommexico.com\/app\/uploads\/2024\/02\/199366.jpeg","contentUrl":"https:\/\/booksfrommexico.com\/app\/uploads\/2024\/02\/199366.jpeg","width":384,"height":587,"caption":"Animal de monta\u00f1a : farsa"},{"@type":"BreadcrumbList","@id":"https:\/\/booksfrommexico.com\/es\/producto\/animal-de-montana-farsa\/#breadcrumb","itemListElement":[{"@type":"ListItem","position":1,"name":"Home","item":"https:\/\/booksfrommexico.com\/es\/"},{"@type":"ListItem","position":2,"name":"Libros","item":"https:\/\/booksfrommexico.com\/es\/libros\/"},{"@type":"ListItem","position":3,"name":"Animal de monta\u00f1a"}]},{"@type":"WebSite","@id":"https:\/\/booksfrommexico.com\/#website","url":"https:\/\/booksfrommexico.com\/","name":"Books From Mexico","description":"","publisher":{"@id":"https:\/\/booksfrommexico.com\/#organization"},"potentialAction":[{"@type":"SearchAction","target":{"@type":"EntryPoint","urlTemplate":"https:\/\/booksfrommexico.com\/?s={search_term_string}"},"query-input":{"@type":"PropertyValueSpecification","valueRequired":true,"valueName":"search_term_string"}}],"inLanguage":"es"},{"@type":"Organization","@id":"https:\/\/booksfrommexico.com\/#organization","name":"Books From Mexico","url":"https:\/\/booksfrommexico.com\/","logo":{"@type":"ImageObject","inLanguage":"es","@id":"https:\/\/booksfrommexico.com\/#\/schema\/logo\/image\/","url":"https:\/\/booksfrommexico.com\/app\/uploads\/2023\/05\/logo-booksfrommexico.svg","contentUrl":"https:\/\/booksfrommexico.com\/app\/uploads\/2023\/05\/logo-booksfrommexico.svg","width":86,"height":56,"caption":"Books From Mexico"},"image":{"@id":"https:\/\/booksfrommexico.com\/#\/schema\/logo\/image\/"}}]}},"_links":{"self":[{"href":"https:\/\/booksfrommexico.com\/es\/wp-json\/wp\/v2\/product\/5080","targetHints":{"allow":["GET"]}}],"collection":[{"href":"https:\/\/booksfrommexico.com\/es\/wp-json\/wp\/v2\/product"}],"about":[{"href":"https:\/\/booksfrommexico.com\/es\/wp-json\/wp\/v2\/types\/product"}],"wp:featuredmedia":[{"embeddable":true,"href":"https:\/\/booksfrommexico.com\/es\/wp-json\/wp\/v2\/media\/5222"}],"wp:attachment":[{"href":"https:\/\/booksfrommexico.com\/es\/wp-json\/wp\/v2\/media?parent=5080"}],"wp:term":[{"taxonomy":"product_brand","embeddable":true,"href":"https:\/\/booksfrommexico.com\/es\/wp-json\/wp\/v2\/product_brand?post=5080"},{"taxonomy":"product_cat","embeddable":true,"href":"https:\/\/booksfrommexico.com\/es\/wp-json\/wp\/v2\/product_cat?post=5080"},{"taxonomy":"product_tag","embeddable":true,"href":"https:\/\/booksfrommexico.com\/es\/wp-json\/wp\/v2\/product_tag?post=5080"}],"curies":[{"name":"wp","href":"https:\/\/api.w.org\/{rel}","templated":true}]}}