{"id":5081,"date":"2024-02-14T23:26:57","date_gmt":"2024-02-14T23:26:57","guid":{"rendered":"https:\/\/booksfrommexico.com\/product\/dios-se-ha-perdido-entre-nosotros\/"},"modified":"2024-02-19T20:57:48","modified_gmt":"2024-02-19T20:57:48","slug":"dios-se-ha-perdido-entre-nosotros","status":"publish","type":"product","link":"https:\/\/booksfrommexico.com\/es\/producto\/dios-se-ha-perdido-entre-nosotros\/","title":{"rendered":"Dios se ha perdido entre nosotros"},"content":{"rendered":"<p><span style=\"font-weight: 400;\">Slavi Avik Harutyunyan es un poeta armenio que ha sido publicado en armenio, espa\u00f1ol, ingl\u00e9s, catal\u00e1n, franc\u00e9s e italiano, bajo diversos t\u00edtulos de su poes\u00eda. En esta colecci\u00f3n se pueden encontrar poemas de distinta extensi\u00f3n, siendo algunos de s\u00f3lo unos cuantos versos, a otros que abarcan hasta dos p\u00e1ginas, y que no guardan ning\u00fan tipo de rima, siendo de verso libre. Al haber formado parte de las fuerzas armadas, el autor trae a sus escritos mucho del contexto violento de la guerra\u00a0 y sus experiencias como soldado; as\u00ed como tambi\u00e9n habla sobre la fragilidad de la vida y reconoce a la muerte como una respetable contraparte que aparece inoportuna en los campos de batalla.<\/span><\/p>\n","protected":false},"excerpt":{"rendered":"<p>DIOS SE HA PERDIDO ENTRE NOSOTROS. <span style=\"font-weight: 400;\">\/ Slavi Avik Harutyunuan. Puebla<\/span><span style=\"font-weight: 400;\">, M\u00e9xico<\/span><span style=\"font-weight: 400;\"> : <\/span><span style=\"font-weight: 400;\">Territorio Po\u00e9tico A.C. , Todo Poes\u00eda ; Armenia : Armenian Literatura in Translation Program, 2022. 106 pages ; 20 cm. (Colecci\u00f3n C\u00edrculo de Poes\u00eda). ISBN : 9786079135690.<\/span><\/p>\n","protected":false},"featured_media":5225,"template":"","meta":{"_acf_changed":false,"inline_featured_image":false},"product_brand":[],"product_cat":[25,32],"product_tag":[4115],"class_list":{"0":"post-5081","1":"product","2":"type-product","3":"status-publish","4":"has-post-thumbnail","6":"product_cat-literatura","7":"product_cat-poesia-literatura","8":"product_tag-poesia-es","10":"first","11":"instock","12":"taxable","13":"shipping-taxable","14":"purchasable","15":"product-type-simple"},"acf":[],"yoast_head":"<!-- This site is optimized with the Yoast SEO plugin v27.3 - https:\/\/yoast.com\/product\/yoast-seo-wordpress\/ -->\n<title>Dios se ha perdido entre nosotros<\/title>\n<meta name=\"description\" content=\"Slavi Avik Harutyunuan. Puebla, M\u00e9xico : Territorio Po\u00e9tico A.C. , Todo Poes\u00eda ; Armenia : Armenian Literatura in Translation Program, 2022.\" \/>\n<meta name=\"robots\" content=\"index, follow, max-snippet:-1, max-image-preview:large, max-video-preview:-1\" \/>\n<link rel=\"canonical\" href=\"https:\/\/booksfrommexico.com\/es\/producto\/dios-se-ha-perdido-entre-nosotros\/\" \/>\n<meta property=\"og:locale\" content=\"es_ES\" \/>\n<meta property=\"og:type\" content=\"article\" \/>\n<meta property=\"og:title\" content=\"Dios se ha perdido entre nosotros\" \/>\n<meta property=\"og:description\" content=\"Slavi Avik Harutyunuan. Puebla, M\u00e9xico : Territorio Po\u00e9tico A.C. , Todo Poes\u00eda ; Armenia : Armenian Literatura in Translation Program, 2022.\" \/>\n<meta property=\"og:url\" content=\"https:\/\/booksfrommexico.com\/es\/producto\/dios-se-ha-perdido-entre-nosotros\/\" \/>\n<meta property=\"og:site_name\" content=\"Books From Mexico\" \/>\n<meta property=\"article:modified_time\" content=\"2024-02-19T20:57:48+00:00\" \/>\n<meta property=\"og:image\" content=\"http:\/\/booksfrommexico.com\/app\/uploads\/2024\/02\/199487.jpeg\" \/>\n\t<meta property=\"og:image:width\" content=\"353\" \/>\n\t<meta property=\"og:image:height\" content=\"557\" \/>\n\t<meta property=\"og:image:type\" content=\"image\/jpeg\" \/>\n<meta name=\"twitter:card\" content=\"summary_large_image\" \/>\n<meta name=\"twitter:label1\" content=\"Tiempo de lectura\" \/>\n\t<meta name=\"twitter:data1\" content=\"1 minuto\" \/>\n<script type=\"application\/ld+json\" class=\"yoast-schema-graph\">{\"@context\":\"https:\\\/\\\/schema.org\",\"@graph\":[{\"@type\":\"WebPage\",\"@id\":\"https:\\\/\\\/booksfrommexico.com\\\/es\\\/producto\\\/dios-se-ha-perdido-entre-nosotros\\\/\",\"url\":\"https:\\\/\\\/booksfrommexico.com\\\/es\\\/producto\\\/dios-se-ha-perdido-entre-nosotros\\\/\",\"name\":\"Dios se ha perdido entre nosotros\",\"isPartOf\":{\"@id\":\"https:\\\/\\\/booksfrommexico.com\\\/#website\"},\"primaryImageOfPage\":{\"@id\":\"https:\\\/\\\/booksfrommexico.com\\\/es\\\/producto\\\/dios-se-ha-perdido-entre-nosotros\\\/#primaryimage\"},\"image\":{\"@id\":\"https:\\\/\\\/booksfrommexico.com\\\/es\\\/producto\\\/dios-se-ha-perdido-entre-nosotros\\\/#primaryimage\"},\"thumbnailUrl\":\"https:\\\/\\\/booksfrommexico.com\\\/app\\\/uploads\\\/2024\\\/02\\\/199487.jpeg\",\"datePublished\":\"2024-02-14T23:26:57+00:00\",\"dateModified\":\"2024-02-19T20:57:48+00:00\",\"description\":\"Slavi Avik Harutyunuan. Puebla, M\u00e9xico : Territorio Po\u00e9tico A.C. , Todo Poes\u00eda ; Armenia : Armenian Literatura in Translation Program, 2022.\",\"breadcrumb\":{\"@id\":\"https:\\\/\\\/booksfrommexico.com\\\/es\\\/producto\\\/dios-se-ha-perdido-entre-nosotros\\\/#breadcrumb\"},\"inLanguage\":\"es\",\"potentialAction\":[{\"@type\":\"ReadAction\",\"target\":[\"https:\\\/\\\/booksfrommexico.com\\\/es\\\/producto\\\/dios-se-ha-perdido-entre-nosotros\\\/\"]}]},{\"@type\":\"ImageObject\",\"inLanguage\":\"es\",\"@id\":\"https:\\\/\\\/booksfrommexico.com\\\/es\\\/producto\\\/dios-se-ha-perdido-entre-nosotros\\\/#primaryimage\",\"url\":\"https:\\\/\\\/booksfrommexico.com\\\/app\\\/uploads\\\/2024\\\/02\\\/199487.jpeg\",\"contentUrl\":\"https:\\\/\\\/booksfrommexico.com\\\/app\\\/uploads\\\/2024\\\/02\\\/199487.jpeg\",\"width\":353,\"height\":557,\"caption\":\"Dios se ha perdido entre nosotros\"},{\"@type\":\"BreadcrumbList\",\"@id\":\"https:\\\/\\\/booksfrommexico.com\\\/es\\\/producto\\\/dios-se-ha-perdido-entre-nosotros\\\/#breadcrumb\",\"itemListElement\":[{\"@type\":\"ListItem\",\"position\":1,\"name\":\"Home\",\"item\":\"https:\\\/\\\/booksfrommexico.com\\\/es\\\/\"},{\"@type\":\"ListItem\",\"position\":2,\"name\":\"Libros\",\"item\":\"https:\\\/\\\/booksfrommexico.com\\\/es\\\/libros\\\/\"},{\"@type\":\"ListItem\",\"position\":3,\"name\":\"Dios se ha perdido entre nosotros\"}]},{\"@type\":\"WebSite\",\"@id\":\"https:\\\/\\\/booksfrommexico.com\\\/#website\",\"url\":\"https:\\\/\\\/booksfrommexico.com\\\/\",\"name\":\"Books From Mexico\",\"description\":\"\",\"publisher\":{\"@id\":\"https:\\\/\\\/booksfrommexico.com\\\/#organization\"},\"potentialAction\":[{\"@type\":\"SearchAction\",\"target\":{\"@type\":\"EntryPoint\",\"urlTemplate\":\"https:\\\/\\\/booksfrommexico.com\\\/?s={search_term_string}\"},\"query-input\":{\"@type\":\"PropertyValueSpecification\",\"valueRequired\":true,\"valueName\":\"search_term_string\"}}],\"inLanguage\":\"es\"},{\"@type\":\"Organization\",\"@id\":\"https:\\\/\\\/booksfrommexico.com\\\/#organization\",\"name\":\"Books From Mexico\",\"url\":\"https:\\\/\\\/booksfrommexico.com\\\/\",\"logo\":{\"@type\":\"ImageObject\",\"inLanguage\":\"es\",\"@id\":\"https:\\\/\\\/booksfrommexico.com\\\/#\\\/schema\\\/logo\\\/image\\\/\",\"url\":\"https:\\\/\\\/booksfrommexico.com\\\/app\\\/uploads\\\/2023\\\/05\\\/logo-booksfrommexico.svg\",\"contentUrl\":\"https:\\\/\\\/booksfrommexico.com\\\/app\\\/uploads\\\/2023\\\/05\\\/logo-booksfrommexico.svg\",\"width\":86,\"height\":56,\"caption\":\"Books From Mexico\"},\"image\":{\"@id\":\"https:\\\/\\\/booksfrommexico.com\\\/#\\\/schema\\\/logo\\\/image\\\/\"}}]}<\/script>\n<!-- \/ Yoast SEO plugin. -->","yoast_head_json":{"title":"Dios se ha perdido entre nosotros","description":"Slavi Avik Harutyunuan. Puebla, M\u00e9xico : Territorio Po\u00e9tico A.C. , Todo Poes\u00eda ; Armenia : Armenian Literatura in Translation Program, 2022.","robots":{"index":"index","follow":"follow","max-snippet":"max-snippet:-1","max-image-preview":"max-image-preview:large","max-video-preview":"max-video-preview:-1"},"canonical":"https:\/\/booksfrommexico.com\/es\/producto\/dios-se-ha-perdido-entre-nosotros\/","og_locale":"es_ES","og_type":"article","og_title":"Dios se ha perdido entre nosotros","og_description":"Slavi Avik Harutyunuan. Puebla, M\u00e9xico : Territorio Po\u00e9tico A.C. , Todo Poes\u00eda ; Armenia : Armenian Literatura in Translation Program, 2022.","og_url":"https:\/\/booksfrommexico.com\/es\/producto\/dios-se-ha-perdido-entre-nosotros\/","og_site_name":"Books From Mexico","article_modified_time":"2024-02-19T20:57:48+00:00","og_image":[{"width":353,"height":557,"url":"http:\/\/booksfrommexico.com\/app\/uploads\/2024\/02\/199487.jpeg","type":"image\/jpeg"}],"twitter_card":"summary_large_image","twitter_misc":{"Tiempo de lectura":"1 minuto"},"schema":{"@context":"https:\/\/schema.org","@graph":[{"@type":"WebPage","@id":"https:\/\/booksfrommexico.com\/es\/producto\/dios-se-ha-perdido-entre-nosotros\/","url":"https:\/\/booksfrommexico.com\/es\/producto\/dios-se-ha-perdido-entre-nosotros\/","name":"Dios se ha perdido entre nosotros","isPartOf":{"@id":"https:\/\/booksfrommexico.com\/#website"},"primaryImageOfPage":{"@id":"https:\/\/booksfrommexico.com\/es\/producto\/dios-se-ha-perdido-entre-nosotros\/#primaryimage"},"image":{"@id":"https:\/\/booksfrommexico.com\/es\/producto\/dios-se-ha-perdido-entre-nosotros\/#primaryimage"},"thumbnailUrl":"https:\/\/booksfrommexico.com\/app\/uploads\/2024\/02\/199487.jpeg","datePublished":"2024-02-14T23:26:57+00:00","dateModified":"2024-02-19T20:57:48+00:00","description":"Slavi Avik Harutyunuan. Puebla, M\u00e9xico : Territorio Po\u00e9tico A.C. , Todo Poes\u00eda ; Armenia : Armenian Literatura in Translation Program, 2022.","breadcrumb":{"@id":"https:\/\/booksfrommexico.com\/es\/producto\/dios-se-ha-perdido-entre-nosotros\/#breadcrumb"},"inLanguage":"es","potentialAction":[{"@type":"ReadAction","target":["https:\/\/booksfrommexico.com\/es\/producto\/dios-se-ha-perdido-entre-nosotros\/"]}]},{"@type":"ImageObject","inLanguage":"es","@id":"https:\/\/booksfrommexico.com\/es\/producto\/dios-se-ha-perdido-entre-nosotros\/#primaryimage","url":"https:\/\/booksfrommexico.com\/app\/uploads\/2024\/02\/199487.jpeg","contentUrl":"https:\/\/booksfrommexico.com\/app\/uploads\/2024\/02\/199487.jpeg","width":353,"height":557,"caption":"Dios se ha perdido entre nosotros"},{"@type":"BreadcrumbList","@id":"https:\/\/booksfrommexico.com\/es\/producto\/dios-se-ha-perdido-entre-nosotros\/#breadcrumb","itemListElement":[{"@type":"ListItem","position":1,"name":"Home","item":"https:\/\/booksfrommexico.com\/es\/"},{"@type":"ListItem","position":2,"name":"Libros","item":"https:\/\/booksfrommexico.com\/es\/libros\/"},{"@type":"ListItem","position":3,"name":"Dios se ha perdido entre nosotros"}]},{"@type":"WebSite","@id":"https:\/\/booksfrommexico.com\/#website","url":"https:\/\/booksfrommexico.com\/","name":"Books From Mexico","description":"","publisher":{"@id":"https:\/\/booksfrommexico.com\/#organization"},"potentialAction":[{"@type":"SearchAction","target":{"@type":"EntryPoint","urlTemplate":"https:\/\/booksfrommexico.com\/?s={search_term_string}"},"query-input":{"@type":"PropertyValueSpecification","valueRequired":true,"valueName":"search_term_string"}}],"inLanguage":"es"},{"@type":"Organization","@id":"https:\/\/booksfrommexico.com\/#organization","name":"Books From Mexico","url":"https:\/\/booksfrommexico.com\/","logo":{"@type":"ImageObject","inLanguage":"es","@id":"https:\/\/booksfrommexico.com\/#\/schema\/logo\/image\/","url":"https:\/\/booksfrommexico.com\/app\/uploads\/2023\/05\/logo-booksfrommexico.svg","contentUrl":"https:\/\/booksfrommexico.com\/app\/uploads\/2023\/05\/logo-booksfrommexico.svg","width":86,"height":56,"caption":"Books From Mexico"},"image":{"@id":"https:\/\/booksfrommexico.com\/#\/schema\/logo\/image\/"}}]}},"_links":{"self":[{"href":"https:\/\/booksfrommexico.com\/es\/wp-json\/wp\/v2\/product\/5081","targetHints":{"allow":["GET"]}}],"collection":[{"href":"https:\/\/booksfrommexico.com\/es\/wp-json\/wp\/v2\/product"}],"about":[{"href":"https:\/\/booksfrommexico.com\/es\/wp-json\/wp\/v2\/types\/product"}],"wp:featuredmedia":[{"embeddable":true,"href":"https:\/\/booksfrommexico.com\/es\/wp-json\/wp\/v2\/media\/5225"}],"wp:attachment":[{"href":"https:\/\/booksfrommexico.com\/es\/wp-json\/wp\/v2\/media?parent=5081"}],"wp:term":[{"taxonomy":"product_brand","embeddable":true,"href":"https:\/\/booksfrommexico.com\/es\/wp-json\/wp\/v2\/product_brand?post=5081"},{"taxonomy":"product_cat","embeddable":true,"href":"https:\/\/booksfrommexico.com\/es\/wp-json\/wp\/v2\/product_cat?post=5081"},{"taxonomy":"product_tag","embeddable":true,"href":"https:\/\/booksfrommexico.com\/es\/wp-json\/wp\/v2\/product_tag?post=5081"}],"curies":[{"name":"wp","href":"https:\/\/api.w.org\/{rel}","templated":true}]}}