{"id":5082,"date":"2024-02-14T23:26:57","date_gmt":"2024-02-14T23:26:57","guid":{"rendered":"https:\/\/booksfrommexico.com\/product\/un-cuchillo-entre-los-dientes\/"},"modified":"2024-02-19T21:08:34","modified_gmt":"2024-02-19T21:08:34","slug":"un-cuchillo-entre-los-dientes","status":"publish","type":"product","link":"https:\/\/booksfrommexico.com\/es\/producto\/un-cuchillo-entre-los-dientes\/","title":{"rendered":"Un cuchillo entre los dientes"},"content":{"rendered":"<p><span style=\"font-weight: 400;\">Antonio Jos\u00e9 Forte fue un poeta vinculado al movimiento surrealista de la segunda generaci\u00f3n en Portugal, parte de un colectivo abiertamente contrario al r\u00e9gimen autoritario que gobern\u00f3 durante 48 a\u00f1os, lo cual lo condujo al exilio en 1966. Desde ese entonces se dedic\u00f3 a escribir poes\u00eda, publicando numerosos libros, entre ellos uno de poes\u00eda para ni\u00f1os. Aqu\u00ed se pueden encontrar tanto poemas en verso como en prosa, los cuales est\u00e1n plagados de protesta, reflexi\u00f3n y cr\u00edtica hacia un gobierno que \u201csuicida\u201d gente que camina por la calle y no ten\u00eda presos pol\u00edticos porque las personas simplemente desaparec\u00edan; as\u00ed como queda latente su deseo de volver a su patria y encontrar ah\u00ed un hogar.<\/span><\/p>\n","protected":false},"excerpt":{"rendered":"<p>UN CUCHILLO ENTRE LOS DIENTES. <span style=\"font-weight: 400;\">\/ Ant\u00f3nio Jos\u00e9 Forte. <\/span><span style=\"font-weight: 400;\">Puebla<\/span><span style=\"font-weight: 400;\">, M\u00e9xico<\/span><span style=\"font-weight: 400;\"> : <\/span><span style=\"font-weight: 400;\">Territorio Po\u00e9tico A.C. , Todo Poes\u00eda ; Rep\u00fablica Portugesa : Dire<\/span><span style=\"font-weight: 400;\">\u00e7<\/span><span style=\"font-weight: 400;\">\u00e2o-geral do livro, dos arquivos e das bibliotecas ; Cam\u00f5es Instituto da Coopera<\/span><span style=\"font-weight: 400;\">\u00e7<\/span><span style=\"font-weight: 400;\">\u00e2o e da Lingua Portugal,<\/span><span style=\"font-weight: 400;\"> 2022. 48 pages ; 20 cm. (Colecci\u00f3n C\u00edrculo de Poes\u00eda). ISBN : 9786079135713.<\/span><\/p>\n","protected":false},"featured_media":5229,"template":"","meta":{"_acf_changed":false,"inline_featured_image":false},"product_brand":[],"product_cat":[25,32],"product_tag":[4115],"class_list":{"0":"post-5082","1":"product","2":"type-product","3":"status-publish","4":"has-post-thumbnail","6":"product_cat-literatura","7":"product_cat-poesia-literatura","8":"product_tag-poesia-es","10":"first","11":"instock","12":"taxable","13":"shipping-taxable","14":"purchasable","15":"product-type-simple"},"acf":[],"yoast_head":"<!-- This site is optimized with the Yoast SEO plugin v27.3 - https:\/\/yoast.com\/product\/yoast-seo-wordpress\/ -->\n<title>Un cuchillo entre los dientes<\/title>\n<meta name=\"description\" content=\"Ant\u00f3nio Jos\u00e9 Forte. Puebla, M\u00e9xico : Territorio Po\u00e9tico A.C. , Todo Poes\u00eda ; Rep\u00fablica Portugesa : Dire\u00e7\u00e2o-geral do livro, dos arquivos e das bibliotecas.\" \/>\n<meta name=\"robots\" content=\"index, follow, max-snippet:-1, max-image-preview:large, max-video-preview:-1\" \/>\n<link rel=\"canonical\" href=\"https:\/\/booksfrommexico.com\/es\/producto\/un-cuchillo-entre-los-dientes\/\" \/>\n<meta property=\"og:locale\" content=\"es_ES\" \/>\n<meta property=\"og:type\" content=\"article\" \/>\n<meta property=\"og:title\" content=\"Un cuchillo entre los dientes\" \/>\n<meta property=\"og:description\" content=\"Ant\u00f3nio Jos\u00e9 Forte. Puebla, M\u00e9xico : Territorio Po\u00e9tico A.C. , Todo Poes\u00eda ; Rep\u00fablica Portugesa : Dire\u00e7\u00e2o-geral do livro, dos arquivos e das bibliotecas.\" \/>\n<meta property=\"og:url\" content=\"https:\/\/booksfrommexico.com\/es\/producto\/un-cuchillo-entre-los-dientes\/\" \/>\n<meta property=\"og:site_name\" content=\"Books From Mexico\" \/>\n<meta property=\"article:modified_time\" content=\"2024-02-19T21:08:34+00:00\" \/>\n<meta property=\"og:image\" content=\"http:\/\/booksfrommexico.com\/app\/uploads\/2024\/02\/199488.jpeg\" \/>\n\t<meta property=\"og:image:width\" content=\"353\" \/>\n\t<meta property=\"og:image:height\" content=\"557\" \/>\n\t<meta property=\"og:image:type\" content=\"image\/jpeg\" \/>\n<meta name=\"twitter:card\" content=\"summary_large_image\" \/>\n<meta name=\"twitter:label1\" content=\"Tiempo de lectura\" \/>\n\t<meta name=\"twitter:data1\" content=\"1 minuto\" \/>\n<script type=\"application\/ld+json\" class=\"yoast-schema-graph\">{\"@context\":\"https:\\\/\\\/schema.org\",\"@graph\":[{\"@type\":\"WebPage\",\"@id\":\"https:\\\/\\\/booksfrommexico.com\\\/es\\\/producto\\\/un-cuchillo-entre-los-dientes\\\/\",\"url\":\"https:\\\/\\\/booksfrommexico.com\\\/es\\\/producto\\\/un-cuchillo-entre-los-dientes\\\/\",\"name\":\"Un cuchillo entre los dientes\",\"isPartOf\":{\"@id\":\"https:\\\/\\\/booksfrommexico.com\\\/#website\"},\"primaryImageOfPage\":{\"@id\":\"https:\\\/\\\/booksfrommexico.com\\\/es\\\/producto\\\/un-cuchillo-entre-los-dientes\\\/#primaryimage\"},\"image\":{\"@id\":\"https:\\\/\\\/booksfrommexico.com\\\/es\\\/producto\\\/un-cuchillo-entre-los-dientes\\\/#primaryimage\"},\"thumbnailUrl\":\"https:\\\/\\\/booksfrommexico.com\\\/app\\\/uploads\\\/2024\\\/02\\\/199488.jpeg\",\"datePublished\":\"2024-02-14T23:26:57+00:00\",\"dateModified\":\"2024-02-19T21:08:34+00:00\",\"description\":\"Ant\u00f3nio Jos\u00e9 Forte. Puebla, M\u00e9xico : Territorio Po\u00e9tico A.C. , Todo Poes\u00eda ; Rep\u00fablica Portugesa : Dire\u00e7\u00e2o-geral do livro, dos arquivos e das bibliotecas.\",\"breadcrumb\":{\"@id\":\"https:\\\/\\\/booksfrommexico.com\\\/es\\\/producto\\\/un-cuchillo-entre-los-dientes\\\/#breadcrumb\"},\"inLanguage\":\"es\",\"potentialAction\":[{\"@type\":\"ReadAction\",\"target\":[\"https:\\\/\\\/booksfrommexico.com\\\/es\\\/producto\\\/un-cuchillo-entre-los-dientes\\\/\"]}]},{\"@type\":\"ImageObject\",\"inLanguage\":\"es\",\"@id\":\"https:\\\/\\\/booksfrommexico.com\\\/es\\\/producto\\\/un-cuchillo-entre-los-dientes\\\/#primaryimage\",\"url\":\"https:\\\/\\\/booksfrommexico.com\\\/app\\\/uploads\\\/2024\\\/02\\\/199488.jpeg\",\"contentUrl\":\"https:\\\/\\\/booksfrommexico.com\\\/app\\\/uploads\\\/2024\\\/02\\\/199488.jpeg\",\"width\":353,\"height\":557,\"caption\":\"Un cuchillo entre los dientes\"},{\"@type\":\"BreadcrumbList\",\"@id\":\"https:\\\/\\\/booksfrommexico.com\\\/es\\\/producto\\\/un-cuchillo-entre-los-dientes\\\/#breadcrumb\",\"itemListElement\":[{\"@type\":\"ListItem\",\"position\":1,\"name\":\"Home\",\"item\":\"https:\\\/\\\/booksfrommexico.com\\\/es\\\/\"},{\"@type\":\"ListItem\",\"position\":2,\"name\":\"Libros\",\"item\":\"https:\\\/\\\/booksfrommexico.com\\\/es\\\/libros\\\/\"},{\"@type\":\"ListItem\",\"position\":3,\"name\":\"Un cuchillo entre los dientes\"}]},{\"@type\":\"WebSite\",\"@id\":\"https:\\\/\\\/booksfrommexico.com\\\/#website\",\"url\":\"https:\\\/\\\/booksfrommexico.com\\\/\",\"name\":\"Books From Mexico\",\"description\":\"\",\"publisher\":{\"@id\":\"https:\\\/\\\/booksfrommexico.com\\\/#organization\"},\"potentialAction\":[{\"@type\":\"SearchAction\",\"target\":{\"@type\":\"EntryPoint\",\"urlTemplate\":\"https:\\\/\\\/booksfrommexico.com\\\/?s={search_term_string}\"},\"query-input\":{\"@type\":\"PropertyValueSpecification\",\"valueRequired\":true,\"valueName\":\"search_term_string\"}}],\"inLanguage\":\"es\"},{\"@type\":\"Organization\",\"@id\":\"https:\\\/\\\/booksfrommexico.com\\\/#organization\",\"name\":\"Books From Mexico\",\"url\":\"https:\\\/\\\/booksfrommexico.com\\\/\",\"logo\":{\"@type\":\"ImageObject\",\"inLanguage\":\"es\",\"@id\":\"https:\\\/\\\/booksfrommexico.com\\\/#\\\/schema\\\/logo\\\/image\\\/\",\"url\":\"https:\\\/\\\/booksfrommexico.com\\\/app\\\/uploads\\\/2023\\\/05\\\/logo-booksfrommexico.svg\",\"contentUrl\":\"https:\\\/\\\/booksfrommexico.com\\\/app\\\/uploads\\\/2023\\\/05\\\/logo-booksfrommexico.svg\",\"width\":86,\"height\":56,\"caption\":\"Books From Mexico\"},\"image\":{\"@id\":\"https:\\\/\\\/booksfrommexico.com\\\/#\\\/schema\\\/logo\\\/image\\\/\"}}]}<\/script>\n<!-- \/ Yoast SEO plugin. -->","yoast_head_json":{"title":"Un cuchillo entre los dientes","description":"Ant\u00f3nio Jos\u00e9 Forte. Puebla, M\u00e9xico : Territorio Po\u00e9tico A.C. , Todo Poes\u00eda ; Rep\u00fablica Portugesa : Dire\u00e7\u00e2o-geral do livro, dos arquivos e das bibliotecas.","robots":{"index":"index","follow":"follow","max-snippet":"max-snippet:-1","max-image-preview":"max-image-preview:large","max-video-preview":"max-video-preview:-1"},"canonical":"https:\/\/booksfrommexico.com\/es\/producto\/un-cuchillo-entre-los-dientes\/","og_locale":"es_ES","og_type":"article","og_title":"Un cuchillo entre los dientes","og_description":"Ant\u00f3nio Jos\u00e9 Forte. Puebla, M\u00e9xico : Territorio Po\u00e9tico A.C. , Todo Poes\u00eda ; Rep\u00fablica Portugesa : Dire\u00e7\u00e2o-geral do livro, dos arquivos e das bibliotecas.","og_url":"https:\/\/booksfrommexico.com\/es\/producto\/un-cuchillo-entre-los-dientes\/","og_site_name":"Books From Mexico","article_modified_time":"2024-02-19T21:08:34+00:00","og_image":[{"width":353,"height":557,"url":"http:\/\/booksfrommexico.com\/app\/uploads\/2024\/02\/199488.jpeg","type":"image\/jpeg"}],"twitter_card":"summary_large_image","twitter_misc":{"Tiempo de lectura":"1 minuto"},"schema":{"@context":"https:\/\/schema.org","@graph":[{"@type":"WebPage","@id":"https:\/\/booksfrommexico.com\/es\/producto\/un-cuchillo-entre-los-dientes\/","url":"https:\/\/booksfrommexico.com\/es\/producto\/un-cuchillo-entre-los-dientes\/","name":"Un cuchillo entre los dientes","isPartOf":{"@id":"https:\/\/booksfrommexico.com\/#website"},"primaryImageOfPage":{"@id":"https:\/\/booksfrommexico.com\/es\/producto\/un-cuchillo-entre-los-dientes\/#primaryimage"},"image":{"@id":"https:\/\/booksfrommexico.com\/es\/producto\/un-cuchillo-entre-los-dientes\/#primaryimage"},"thumbnailUrl":"https:\/\/booksfrommexico.com\/app\/uploads\/2024\/02\/199488.jpeg","datePublished":"2024-02-14T23:26:57+00:00","dateModified":"2024-02-19T21:08:34+00:00","description":"Ant\u00f3nio Jos\u00e9 Forte. Puebla, M\u00e9xico : Territorio Po\u00e9tico A.C. , Todo Poes\u00eda ; Rep\u00fablica Portugesa : Dire\u00e7\u00e2o-geral do livro, dos arquivos e das bibliotecas.","breadcrumb":{"@id":"https:\/\/booksfrommexico.com\/es\/producto\/un-cuchillo-entre-los-dientes\/#breadcrumb"},"inLanguage":"es","potentialAction":[{"@type":"ReadAction","target":["https:\/\/booksfrommexico.com\/es\/producto\/un-cuchillo-entre-los-dientes\/"]}]},{"@type":"ImageObject","inLanguage":"es","@id":"https:\/\/booksfrommexico.com\/es\/producto\/un-cuchillo-entre-los-dientes\/#primaryimage","url":"https:\/\/booksfrommexico.com\/app\/uploads\/2024\/02\/199488.jpeg","contentUrl":"https:\/\/booksfrommexico.com\/app\/uploads\/2024\/02\/199488.jpeg","width":353,"height":557,"caption":"Un cuchillo entre los dientes"},{"@type":"BreadcrumbList","@id":"https:\/\/booksfrommexico.com\/es\/producto\/un-cuchillo-entre-los-dientes\/#breadcrumb","itemListElement":[{"@type":"ListItem","position":1,"name":"Home","item":"https:\/\/booksfrommexico.com\/es\/"},{"@type":"ListItem","position":2,"name":"Libros","item":"https:\/\/booksfrommexico.com\/es\/libros\/"},{"@type":"ListItem","position":3,"name":"Un cuchillo entre los dientes"}]},{"@type":"WebSite","@id":"https:\/\/booksfrommexico.com\/#website","url":"https:\/\/booksfrommexico.com\/","name":"Books From Mexico","description":"","publisher":{"@id":"https:\/\/booksfrommexico.com\/#organization"},"potentialAction":[{"@type":"SearchAction","target":{"@type":"EntryPoint","urlTemplate":"https:\/\/booksfrommexico.com\/?s={search_term_string}"},"query-input":{"@type":"PropertyValueSpecification","valueRequired":true,"valueName":"search_term_string"}}],"inLanguage":"es"},{"@type":"Organization","@id":"https:\/\/booksfrommexico.com\/#organization","name":"Books From Mexico","url":"https:\/\/booksfrommexico.com\/","logo":{"@type":"ImageObject","inLanguage":"es","@id":"https:\/\/booksfrommexico.com\/#\/schema\/logo\/image\/","url":"https:\/\/booksfrommexico.com\/app\/uploads\/2023\/05\/logo-booksfrommexico.svg","contentUrl":"https:\/\/booksfrommexico.com\/app\/uploads\/2023\/05\/logo-booksfrommexico.svg","width":86,"height":56,"caption":"Books From Mexico"},"image":{"@id":"https:\/\/booksfrommexico.com\/#\/schema\/logo\/image\/"}}]}},"_links":{"self":[{"href":"https:\/\/booksfrommexico.com\/es\/wp-json\/wp\/v2\/product\/5082","targetHints":{"allow":["GET"]}}],"collection":[{"href":"https:\/\/booksfrommexico.com\/es\/wp-json\/wp\/v2\/product"}],"about":[{"href":"https:\/\/booksfrommexico.com\/es\/wp-json\/wp\/v2\/types\/product"}],"wp:featuredmedia":[{"embeddable":true,"href":"https:\/\/booksfrommexico.com\/es\/wp-json\/wp\/v2\/media\/5229"}],"wp:attachment":[{"href":"https:\/\/booksfrommexico.com\/es\/wp-json\/wp\/v2\/media?parent=5082"}],"wp:term":[{"taxonomy":"product_brand","embeddable":true,"href":"https:\/\/booksfrommexico.com\/es\/wp-json\/wp\/v2\/product_brand?post=5082"},{"taxonomy":"product_cat","embeddable":true,"href":"https:\/\/booksfrommexico.com\/es\/wp-json\/wp\/v2\/product_cat?post=5082"},{"taxonomy":"product_tag","embeddable":true,"href":"https:\/\/booksfrommexico.com\/es\/wp-json\/wp\/v2\/product_tag?post=5082"}],"curies":[{"name":"wp","href":"https:\/\/api.w.org\/{rel}","templated":true}]}}