{"id":5083,"date":"2024-02-14T23:26:57","date_gmt":"2024-02-14T23:26:57","guid":{"rendered":"https:\/\/booksfrommexico.com\/product\/campo-de-batalla-poesia-iraqui-actual-1990-2020\/"},"modified":"2024-02-19T21:20:26","modified_gmt":"2024-02-19T21:20:26","slug":"campo-de-batalla-poesia-iraqui-actual-1990-2020","status":"publish","type":"product","link":"https:\/\/booksfrommexico.com\/es\/producto\/campo-de-batalla-poesia-iraqui-actual-1990-2020\/","title":{"rendered":"Campo de batalla: poes\u00eda iraqu\u00ed actual 1990-2020"},"content":{"rendered":"<p><span style=\"font-weight: 400;\">Abdul Hadi Sadoun es escritor e hispanista, doctorado en Filolog\u00eda \u00c1rabe por la Universidad Aut\u00f3noma de Madrid y ha sido reconocido con becas y distinciones por su trabajo de poes\u00eda en \u00e1rabe y espa\u00f1ol. Originario de Bagdad, se mud\u00f3 a Espa\u00f1a en 1993 y desde entonces ha dedicado sus esfuerzos a producir, recopilar y presentar poes\u00eda y literatura \u00e1rabe. Hadi Sadoun considera que la poes\u00eda \u00e1rabe no se puede entender sin la poes\u00eda iraqu\u00ed, por ello reuni\u00f3 a 32 escritores que presentan entre uno y tres poemas cada uno, con diversas tem\u00e1ticas, pero siempre en la l\u00ednea del contexto iraqu\u00ed.\u00a0<\/span><\/p>\n","protected":false},"excerpt":{"rendered":"<p>CAMPO DE BATALLA : POES\u00cdA IRAQU\u00cd ACTUAL 1990-2020. <span style=\"font-weight: 400;\">\/ Andul Hadi Sadoun (editor). <\/span><span style=\"font-weight: 400;\">Puebla<\/span><span style=\"font-weight: 400;\">, M\u00e9xico <\/span><span style=\"font-weight: 400;\">: <\/span><span style=\"font-weight: 400;\">Territorio Po\u00e9tico A.C. , Todo Poes\u00eda, 2022. 143 pages : includes semblances ; 20 cm. (Colecci\u00f3n C\u00edrculo de Poes\u00eda). ISBN : 9786079135751.<\/span><\/p>\n","protected":false},"featured_media":5233,"template":"","meta":{"_acf_changed":false,"inline_featured_image":false},"product_brand":[],"product_cat":[25,32],"product_tag":[4115],"class_list":{"0":"post-5083","1":"product","2":"type-product","3":"status-publish","4":"has-post-thumbnail","6":"product_cat-literatura","7":"product_cat-poesia-literatura","8":"product_tag-poesia-es","10":"first","11":"instock","12":"taxable","13":"shipping-taxable","14":"purchasable","15":"product-type-simple"},"acf":[],"yoast_head":"<!-- This site is optimized with the Yoast SEO plugin v27.2 - https:\/\/yoast.com\/product\/yoast-seo-wordpress\/ -->\n<title>Campo de batalla: poes\u00eda iraqu\u00ed actual 1990-2020<\/title>\n<meta name=\"description\" content=\"Andul Hadi Sadoun (editor). Puebla, M\u00e9xico : Territorio Po\u00e9tico A.C. , Todo Poes\u00eda, 2022. (Colecci\u00f3n C\u00edrculo de Poes\u00eda). ISBN : 9786079135751.\" \/>\n<meta name=\"robots\" content=\"index, follow, max-snippet:-1, max-image-preview:large, max-video-preview:-1\" \/>\n<link rel=\"canonical\" href=\"https:\/\/booksfrommexico.com\/es\/producto\/campo-de-batalla-poesia-iraqui-actual-1990-2020\/\" \/>\n<meta property=\"og:locale\" content=\"es_ES\" \/>\n<meta property=\"og:type\" content=\"article\" \/>\n<meta property=\"og:title\" content=\"Campo de batalla: poes\u00eda iraqu\u00ed actual 1990-2020\" \/>\n<meta property=\"og:description\" content=\"Andul Hadi Sadoun (editor). Puebla, M\u00e9xico : Territorio Po\u00e9tico A.C. , Todo Poes\u00eda, 2022. (Colecci\u00f3n C\u00edrculo de Poes\u00eda). ISBN : 9786079135751.\" \/>\n<meta property=\"og:url\" content=\"https:\/\/booksfrommexico.com\/es\/producto\/campo-de-batalla-poesia-iraqui-actual-1990-2020\/\" \/>\n<meta property=\"og:site_name\" content=\"Books From Mexico\" \/>\n<meta property=\"article:modified_time\" content=\"2024-02-19T21:20:26+00:00\" \/>\n<meta property=\"og:image\" content=\"http:\/\/booksfrommexico.com\/app\/uploads\/2024\/02\/199489.jpeg\" \/>\n\t<meta property=\"og:image:width\" content=\"353\" \/>\n\t<meta property=\"og:image:height\" content=\"557\" \/>\n\t<meta property=\"og:image:type\" content=\"image\/jpeg\" \/>\n<meta name=\"twitter:card\" content=\"summary_large_image\" \/>\n<meta name=\"twitter:label1\" content=\"Tiempo de lectura\" \/>\n\t<meta name=\"twitter:data1\" content=\"1 minuto\" \/>\n<script type=\"application\/ld+json\" class=\"yoast-schema-graph\">{\"@context\":\"https:\/\/schema.org\",\"@graph\":[{\"@type\":\"WebPage\",\"@id\":\"https:\/\/booksfrommexico.com\/es\/producto\/campo-de-batalla-poesia-iraqui-actual-1990-2020\/\",\"url\":\"https:\/\/booksfrommexico.com\/es\/producto\/campo-de-batalla-poesia-iraqui-actual-1990-2020\/\",\"name\":\"Campo de batalla: poes\u00eda iraqu\u00ed actual 1990-2020\",\"isPartOf\":{\"@id\":\"https:\/\/booksfrommexico.com\/#website\"},\"primaryImageOfPage\":{\"@id\":\"https:\/\/booksfrommexico.com\/es\/producto\/campo-de-batalla-poesia-iraqui-actual-1990-2020\/#primaryimage\"},\"image\":{\"@id\":\"https:\/\/booksfrommexico.com\/es\/producto\/campo-de-batalla-poesia-iraqui-actual-1990-2020\/#primaryimage\"},\"thumbnailUrl\":\"https:\/\/booksfrommexico.com\/app\/uploads\/2024\/02\/199489.jpeg\",\"datePublished\":\"2024-02-14T23:26:57+00:00\",\"dateModified\":\"2024-02-19T21:20:26+00:00\",\"description\":\"Andul Hadi Sadoun (editor). Puebla, M\u00e9xico : Territorio Po\u00e9tico A.C. , Todo Poes\u00eda, 2022. (Colecci\u00f3n C\u00edrculo de Poes\u00eda). ISBN : 9786079135751.\",\"breadcrumb\":{\"@id\":\"https:\/\/booksfrommexico.com\/es\/producto\/campo-de-batalla-poesia-iraqui-actual-1990-2020\/#breadcrumb\"},\"inLanguage\":\"es\",\"potentialAction\":[{\"@type\":\"ReadAction\",\"target\":[\"https:\/\/booksfrommexico.com\/es\/producto\/campo-de-batalla-poesia-iraqui-actual-1990-2020\/\"]}]},{\"@type\":\"ImageObject\",\"inLanguage\":\"es\",\"@id\":\"https:\/\/booksfrommexico.com\/es\/producto\/campo-de-batalla-poesia-iraqui-actual-1990-2020\/#primaryimage\",\"url\":\"https:\/\/booksfrommexico.com\/app\/uploads\/2024\/02\/199489.jpeg\",\"contentUrl\":\"https:\/\/booksfrommexico.com\/app\/uploads\/2024\/02\/199489.jpeg\",\"width\":353,\"height\":557,\"caption\":\"Campo de batalla : poes\u00eda iraqu\u00ed actual, 1990-2020\"},{\"@type\":\"BreadcrumbList\",\"@id\":\"https:\/\/booksfrommexico.com\/es\/producto\/campo-de-batalla-poesia-iraqui-actual-1990-2020\/#breadcrumb\",\"itemListElement\":[{\"@type\":\"ListItem\",\"position\":1,\"name\":\"Home\",\"item\":\"https:\/\/booksfrommexico.com\/es\/\"},{\"@type\":\"ListItem\",\"position\":2,\"name\":\"Libros\",\"item\":\"https:\/\/booksfrommexico.com\/es\/libros\/\"},{\"@type\":\"ListItem\",\"position\":3,\"name\":\"Campo de batalla: poes\u00eda iraqu\u00ed actual 1990-2020\"}]},{\"@type\":\"WebSite\",\"@id\":\"https:\/\/booksfrommexico.com\/#website\",\"url\":\"https:\/\/booksfrommexico.com\/\",\"name\":\"Books From Mexico\",\"description\":\"\",\"publisher\":{\"@id\":\"https:\/\/booksfrommexico.com\/#organization\"},\"potentialAction\":[{\"@type\":\"SearchAction\",\"target\":{\"@type\":\"EntryPoint\",\"urlTemplate\":\"https:\/\/booksfrommexico.com\/?s={search_term_string}\"},\"query-input\":{\"@type\":\"PropertyValueSpecification\",\"valueRequired\":true,\"valueName\":\"search_term_string\"}}],\"inLanguage\":\"es\"},{\"@type\":\"Organization\",\"@id\":\"https:\/\/booksfrommexico.com\/#organization\",\"name\":\"Books From Mexico\",\"url\":\"https:\/\/booksfrommexico.com\/\",\"logo\":{\"@type\":\"ImageObject\",\"inLanguage\":\"es\",\"@id\":\"https:\/\/booksfrommexico.com\/#\/schema\/logo\/image\/\",\"url\":\"https:\/\/booksfrommexico.com\/app\/uploads\/2023\/05\/logo-booksfrommexico.svg\",\"contentUrl\":\"https:\/\/booksfrommexico.com\/app\/uploads\/2023\/05\/logo-booksfrommexico.svg\",\"width\":86,\"height\":56,\"caption\":\"Books From Mexico\"},\"image\":{\"@id\":\"https:\/\/booksfrommexico.com\/#\/schema\/logo\/image\/\"}}]}<\/script>\n<!-- \/ Yoast SEO plugin. -->","yoast_head_json":{"title":"Campo de batalla: poes\u00eda iraqu\u00ed actual 1990-2020","description":"Andul Hadi Sadoun (editor). Puebla, M\u00e9xico : Territorio Po\u00e9tico A.C. , Todo Poes\u00eda, 2022. (Colecci\u00f3n C\u00edrculo de Poes\u00eda). ISBN : 9786079135751.","robots":{"index":"index","follow":"follow","max-snippet":"max-snippet:-1","max-image-preview":"max-image-preview:large","max-video-preview":"max-video-preview:-1"},"canonical":"https:\/\/booksfrommexico.com\/es\/producto\/campo-de-batalla-poesia-iraqui-actual-1990-2020\/","og_locale":"es_ES","og_type":"article","og_title":"Campo de batalla: poes\u00eda iraqu\u00ed actual 1990-2020","og_description":"Andul Hadi Sadoun (editor). Puebla, M\u00e9xico : Territorio Po\u00e9tico A.C. , Todo Poes\u00eda, 2022. (Colecci\u00f3n C\u00edrculo de Poes\u00eda). ISBN : 9786079135751.","og_url":"https:\/\/booksfrommexico.com\/es\/producto\/campo-de-batalla-poesia-iraqui-actual-1990-2020\/","og_site_name":"Books From Mexico","article_modified_time":"2024-02-19T21:20:26+00:00","og_image":[{"width":353,"height":557,"url":"http:\/\/booksfrommexico.com\/app\/uploads\/2024\/02\/199489.jpeg","type":"image\/jpeg"}],"twitter_card":"summary_large_image","twitter_misc":{"Tiempo de lectura":"1 minuto"},"schema":{"@context":"https:\/\/schema.org","@graph":[{"@type":"WebPage","@id":"https:\/\/booksfrommexico.com\/es\/producto\/campo-de-batalla-poesia-iraqui-actual-1990-2020\/","url":"https:\/\/booksfrommexico.com\/es\/producto\/campo-de-batalla-poesia-iraqui-actual-1990-2020\/","name":"Campo de batalla: poes\u00eda iraqu\u00ed actual 1990-2020","isPartOf":{"@id":"https:\/\/booksfrommexico.com\/#website"},"primaryImageOfPage":{"@id":"https:\/\/booksfrommexico.com\/es\/producto\/campo-de-batalla-poesia-iraqui-actual-1990-2020\/#primaryimage"},"image":{"@id":"https:\/\/booksfrommexico.com\/es\/producto\/campo-de-batalla-poesia-iraqui-actual-1990-2020\/#primaryimage"},"thumbnailUrl":"https:\/\/booksfrommexico.com\/app\/uploads\/2024\/02\/199489.jpeg","datePublished":"2024-02-14T23:26:57+00:00","dateModified":"2024-02-19T21:20:26+00:00","description":"Andul Hadi Sadoun (editor). Puebla, M\u00e9xico : Territorio Po\u00e9tico A.C. , Todo Poes\u00eda, 2022. (Colecci\u00f3n C\u00edrculo de Poes\u00eda). ISBN : 9786079135751.","breadcrumb":{"@id":"https:\/\/booksfrommexico.com\/es\/producto\/campo-de-batalla-poesia-iraqui-actual-1990-2020\/#breadcrumb"},"inLanguage":"es","potentialAction":[{"@type":"ReadAction","target":["https:\/\/booksfrommexico.com\/es\/producto\/campo-de-batalla-poesia-iraqui-actual-1990-2020\/"]}]},{"@type":"ImageObject","inLanguage":"es","@id":"https:\/\/booksfrommexico.com\/es\/producto\/campo-de-batalla-poesia-iraqui-actual-1990-2020\/#primaryimage","url":"https:\/\/booksfrommexico.com\/app\/uploads\/2024\/02\/199489.jpeg","contentUrl":"https:\/\/booksfrommexico.com\/app\/uploads\/2024\/02\/199489.jpeg","width":353,"height":557,"caption":"Campo de batalla : poes\u00eda iraqu\u00ed actual, 1990-2020"},{"@type":"BreadcrumbList","@id":"https:\/\/booksfrommexico.com\/es\/producto\/campo-de-batalla-poesia-iraqui-actual-1990-2020\/#breadcrumb","itemListElement":[{"@type":"ListItem","position":1,"name":"Home","item":"https:\/\/booksfrommexico.com\/es\/"},{"@type":"ListItem","position":2,"name":"Libros","item":"https:\/\/booksfrommexico.com\/es\/libros\/"},{"@type":"ListItem","position":3,"name":"Campo de batalla: poes\u00eda iraqu\u00ed actual 1990-2020"}]},{"@type":"WebSite","@id":"https:\/\/booksfrommexico.com\/#website","url":"https:\/\/booksfrommexico.com\/","name":"Books From Mexico","description":"","publisher":{"@id":"https:\/\/booksfrommexico.com\/#organization"},"potentialAction":[{"@type":"SearchAction","target":{"@type":"EntryPoint","urlTemplate":"https:\/\/booksfrommexico.com\/?s={search_term_string}"},"query-input":{"@type":"PropertyValueSpecification","valueRequired":true,"valueName":"search_term_string"}}],"inLanguage":"es"},{"@type":"Organization","@id":"https:\/\/booksfrommexico.com\/#organization","name":"Books From Mexico","url":"https:\/\/booksfrommexico.com\/","logo":{"@type":"ImageObject","inLanguage":"es","@id":"https:\/\/booksfrommexico.com\/#\/schema\/logo\/image\/","url":"https:\/\/booksfrommexico.com\/app\/uploads\/2023\/05\/logo-booksfrommexico.svg","contentUrl":"https:\/\/booksfrommexico.com\/app\/uploads\/2023\/05\/logo-booksfrommexico.svg","width":86,"height":56,"caption":"Books From Mexico"},"image":{"@id":"https:\/\/booksfrommexico.com\/#\/schema\/logo\/image\/"}}]}},"_links":{"self":[{"href":"https:\/\/booksfrommexico.com\/es\/wp-json\/wp\/v2\/product\/5083","targetHints":{"allow":["GET"]}}],"collection":[{"href":"https:\/\/booksfrommexico.com\/es\/wp-json\/wp\/v2\/product"}],"about":[{"href":"https:\/\/booksfrommexico.com\/es\/wp-json\/wp\/v2\/types\/product"}],"wp:featuredmedia":[{"embeddable":true,"href":"https:\/\/booksfrommexico.com\/es\/wp-json\/wp\/v2\/media\/5233"}],"wp:attachment":[{"href":"https:\/\/booksfrommexico.com\/es\/wp-json\/wp\/v2\/media?parent=5083"}],"wp:term":[{"taxonomy":"product_brand","embeddable":true,"href":"https:\/\/booksfrommexico.com\/es\/wp-json\/wp\/v2\/product_brand?post=5083"},{"taxonomy":"product_cat","embeddable":true,"href":"https:\/\/booksfrommexico.com\/es\/wp-json\/wp\/v2\/product_cat?post=5083"},{"taxonomy":"product_tag","embeddable":true,"href":"https:\/\/booksfrommexico.com\/es\/wp-json\/wp\/v2\/product_tag?post=5083"}],"curies":[{"name":"wp","href":"https:\/\/api.w.org\/{rel}","templated":true}]}}