{"id":5084,"date":"2024-02-14T23:26:59","date_gmt":"2024-02-14T23:26:59","guid":{"rendered":"https:\/\/booksfrommexico.com\/product\/luciernagas\/"},"modified":"2024-02-19T21:34:24","modified_gmt":"2024-02-19T21:34:24","slug":"luciernagas","status":"publish","type":"product","link":"https:\/\/booksfrommexico.com\/es\/producto\/luciernagas\/","title":{"rendered":"Luci\u00e9rnagas"},"content":{"rendered":"<p><i><span style=\"font-weight: 400;\">Luci\u00e9rnagas tuvo su origen en China y Jap\u00f3n donde estos pensamientos fueron imponi\u00e9ndose en mi escritura sobre abanicos y piezas de seda<\/span><\/i><span style=\"font-weight: 400;\">, fue lo que el autor dej\u00f3 escrito al respecto de esta obra. Tagore resalt\u00f3 en el arte de la poes\u00eda y fue acreedor por ello al Premio Nobel de Literatura 1913. Esta colecci\u00f3n de poemas breves pueden incluso tomarse como frases independientes de las dem\u00e1s para leerse de manera aleatoria y a\u00fan as\u00ed dar un mensaje contundente sobre el amor, el misticismo de la vida y el asombro profundo por la naturaleza. Esta edici\u00f3n presenta adem\u00e1s una versi\u00f3n en ingl\u00e9s de todos los versos, confrontados con su versi\u00f3n en espa\u00f1ol en la siguiente p\u00e1gina.<\/span><\/p>\n","protected":false},"excerpt":{"rendered":"<p>LUCI\u00c9RNAGAS. <span style=\"font-weight: 400;\">\/ Rabindranath Tagore. <\/span><span style=\"font-weight: 400;\">Puebla<\/span><span style=\"font-weight: 400;\">, M\u00e9xico<\/span><span style=\"font-weight: 400;\"> : <\/span><span style=\"font-weight: 400;\">Territorio Po\u00e9tico A.C. , Todo Poes\u00eda, 2023. 111 pages ; 22 cm. (Colecci\u00f3n C\u00edrculo de Poes\u00eda). ISBN : 9786079135430.<\/span><\/p>\n","protected":false},"featured_media":5237,"template":"","meta":{"_acf_changed":false,"inline_featured_image":false},"product_brand":[],"product_cat":[25,32],"product_tag":[4115],"class_list":{"0":"post-5084","1":"product","2":"type-product","3":"status-publish","4":"has-post-thumbnail","6":"product_cat-literatura","7":"product_cat-poesia-literatura","8":"product_tag-poesia-es","10":"first","11":"instock","12":"taxable","13":"shipping-taxable","14":"purchasable","15":"product-type-simple"},"acf":[],"yoast_head":"<!-- This site is optimized with the Yoast SEO plugin v27.3 - https:\/\/yoast.com\/product\/yoast-seo-wordpress\/ -->\n<title>Luci\u00e9rnagas<\/title>\n<meta name=\"description\" content=\"Rabindranath Tagore. Puebla, M\u00e9xico : Territorio Po\u00e9tico A.C. , Todo Poes\u00eda, 2023. 111 pages ; 22 cm. (Colecci\u00f3n C\u00edrculo de Poes\u00eda). ISBN : 9786079135430\" \/>\n<meta name=\"robots\" content=\"index, follow, max-snippet:-1, max-image-preview:large, max-video-preview:-1\" \/>\n<link rel=\"canonical\" href=\"https:\/\/booksfrommexico.com\/es\/producto\/luciernagas\/\" \/>\n<meta property=\"og:locale\" content=\"es_ES\" \/>\n<meta property=\"og:type\" content=\"article\" \/>\n<meta property=\"og:title\" content=\"Luci\u00e9rnagas\" \/>\n<meta property=\"og:description\" content=\"Rabindranath Tagore. Puebla, M\u00e9xico : Territorio Po\u00e9tico A.C. , Todo Poes\u00eda, 2023. 111 pages ; 22 cm. (Colecci\u00f3n C\u00edrculo de Poes\u00eda). ISBN : 9786079135430\" \/>\n<meta property=\"og:url\" content=\"https:\/\/booksfrommexico.com\/es\/producto\/luciernagas\/\" \/>\n<meta property=\"og:site_name\" content=\"Books From Mexico\" \/>\n<meta property=\"article:modified_time\" content=\"2024-02-19T21:34:24+00:00\" \/>\n<meta property=\"og:image\" content=\"http:\/\/booksfrommexico.com\/app\/uploads\/2024\/02\/199490.jpeg\" \/>\n\t<meta property=\"og:image:width\" content=\"353\" \/>\n\t<meta property=\"og:image:height\" content=\"557\" \/>\n\t<meta property=\"og:image:type\" content=\"image\/jpeg\" \/>\n<meta name=\"twitter:card\" content=\"summary_large_image\" \/>\n<meta name=\"twitter:label1\" content=\"Tiempo de lectura\" \/>\n\t<meta name=\"twitter:data1\" content=\"1 minuto\" \/>\n<script type=\"application\/ld+json\" class=\"yoast-schema-graph\">{\"@context\":\"https:\\\/\\\/schema.org\",\"@graph\":[{\"@type\":\"WebPage\",\"@id\":\"https:\\\/\\\/booksfrommexico.com\\\/es\\\/producto\\\/luciernagas\\\/\",\"url\":\"https:\\\/\\\/booksfrommexico.com\\\/es\\\/producto\\\/luciernagas\\\/\",\"name\":\"Luci\u00e9rnagas\",\"isPartOf\":{\"@id\":\"https:\\\/\\\/booksfrommexico.com\\\/#website\"},\"primaryImageOfPage\":{\"@id\":\"https:\\\/\\\/booksfrommexico.com\\\/es\\\/producto\\\/luciernagas\\\/#primaryimage\"},\"image\":{\"@id\":\"https:\\\/\\\/booksfrommexico.com\\\/es\\\/producto\\\/luciernagas\\\/#primaryimage\"},\"thumbnailUrl\":\"https:\\\/\\\/booksfrommexico.com\\\/app\\\/uploads\\\/2024\\\/02\\\/199490.jpeg\",\"datePublished\":\"2024-02-14T23:26:59+00:00\",\"dateModified\":\"2024-02-19T21:34:24+00:00\",\"description\":\"Rabindranath Tagore. Puebla, M\u00e9xico : Territorio Po\u00e9tico A.C. , Todo Poes\u00eda, 2023. 111 pages ; 22 cm. (Colecci\u00f3n C\u00edrculo de Poes\u00eda). ISBN : 9786079135430\",\"breadcrumb\":{\"@id\":\"https:\\\/\\\/booksfrommexico.com\\\/es\\\/producto\\\/luciernagas\\\/#breadcrumb\"},\"inLanguage\":\"es\",\"potentialAction\":[{\"@type\":\"ReadAction\",\"target\":[\"https:\\\/\\\/booksfrommexico.com\\\/es\\\/producto\\\/luciernagas\\\/\"]}]},{\"@type\":\"ImageObject\",\"inLanguage\":\"es\",\"@id\":\"https:\\\/\\\/booksfrommexico.com\\\/es\\\/producto\\\/luciernagas\\\/#primaryimage\",\"url\":\"https:\\\/\\\/booksfrommexico.com\\\/app\\\/uploads\\\/2024\\\/02\\\/199490.jpeg\",\"contentUrl\":\"https:\\\/\\\/booksfrommexico.com\\\/app\\\/uploads\\\/2024\\\/02\\\/199490.jpeg\",\"width\":353,\"height\":557,\"caption\":\"Luci\u00e9rnagas\"},{\"@type\":\"BreadcrumbList\",\"@id\":\"https:\\\/\\\/booksfrommexico.com\\\/es\\\/producto\\\/luciernagas\\\/#breadcrumb\",\"itemListElement\":[{\"@type\":\"ListItem\",\"position\":1,\"name\":\"Home\",\"item\":\"https:\\\/\\\/booksfrommexico.com\\\/es\\\/\"},{\"@type\":\"ListItem\",\"position\":2,\"name\":\"Libros\",\"item\":\"https:\\\/\\\/booksfrommexico.com\\\/es\\\/libros\\\/\"},{\"@type\":\"ListItem\",\"position\":3,\"name\":\"Luci\u00e9rnagas\"}]},{\"@type\":\"WebSite\",\"@id\":\"https:\\\/\\\/booksfrommexico.com\\\/#website\",\"url\":\"https:\\\/\\\/booksfrommexico.com\\\/\",\"name\":\"Books From Mexico\",\"description\":\"\",\"publisher\":{\"@id\":\"https:\\\/\\\/booksfrommexico.com\\\/#organization\"},\"potentialAction\":[{\"@type\":\"SearchAction\",\"target\":{\"@type\":\"EntryPoint\",\"urlTemplate\":\"https:\\\/\\\/booksfrommexico.com\\\/?s={search_term_string}\"},\"query-input\":{\"@type\":\"PropertyValueSpecification\",\"valueRequired\":true,\"valueName\":\"search_term_string\"}}],\"inLanguage\":\"es\"},{\"@type\":\"Organization\",\"@id\":\"https:\\\/\\\/booksfrommexico.com\\\/#organization\",\"name\":\"Books From Mexico\",\"url\":\"https:\\\/\\\/booksfrommexico.com\\\/\",\"logo\":{\"@type\":\"ImageObject\",\"inLanguage\":\"es\",\"@id\":\"https:\\\/\\\/booksfrommexico.com\\\/#\\\/schema\\\/logo\\\/image\\\/\",\"url\":\"https:\\\/\\\/booksfrommexico.com\\\/app\\\/uploads\\\/2023\\\/05\\\/logo-booksfrommexico.svg\",\"contentUrl\":\"https:\\\/\\\/booksfrommexico.com\\\/app\\\/uploads\\\/2023\\\/05\\\/logo-booksfrommexico.svg\",\"width\":86,\"height\":56,\"caption\":\"Books From Mexico\"},\"image\":{\"@id\":\"https:\\\/\\\/booksfrommexico.com\\\/#\\\/schema\\\/logo\\\/image\\\/\"}}]}<\/script>\n<!-- \/ Yoast SEO plugin. -->","yoast_head_json":{"title":"Luci\u00e9rnagas","description":"Rabindranath Tagore. Puebla, M\u00e9xico : Territorio Po\u00e9tico A.C. , Todo Poes\u00eda, 2023. 111 pages ; 22 cm. (Colecci\u00f3n C\u00edrculo de Poes\u00eda). ISBN : 9786079135430","robots":{"index":"index","follow":"follow","max-snippet":"max-snippet:-1","max-image-preview":"max-image-preview:large","max-video-preview":"max-video-preview:-1"},"canonical":"https:\/\/booksfrommexico.com\/es\/producto\/luciernagas\/","og_locale":"es_ES","og_type":"article","og_title":"Luci\u00e9rnagas","og_description":"Rabindranath Tagore. Puebla, M\u00e9xico : Territorio Po\u00e9tico A.C. , Todo Poes\u00eda, 2023. 111 pages ; 22 cm. (Colecci\u00f3n C\u00edrculo de Poes\u00eda). ISBN : 9786079135430","og_url":"https:\/\/booksfrommexico.com\/es\/producto\/luciernagas\/","og_site_name":"Books From Mexico","article_modified_time":"2024-02-19T21:34:24+00:00","og_image":[{"width":353,"height":557,"url":"http:\/\/booksfrommexico.com\/app\/uploads\/2024\/02\/199490.jpeg","type":"image\/jpeg"}],"twitter_card":"summary_large_image","twitter_misc":{"Tiempo de lectura":"1 minuto"},"schema":{"@context":"https:\/\/schema.org","@graph":[{"@type":"WebPage","@id":"https:\/\/booksfrommexico.com\/es\/producto\/luciernagas\/","url":"https:\/\/booksfrommexico.com\/es\/producto\/luciernagas\/","name":"Luci\u00e9rnagas","isPartOf":{"@id":"https:\/\/booksfrommexico.com\/#website"},"primaryImageOfPage":{"@id":"https:\/\/booksfrommexico.com\/es\/producto\/luciernagas\/#primaryimage"},"image":{"@id":"https:\/\/booksfrommexico.com\/es\/producto\/luciernagas\/#primaryimage"},"thumbnailUrl":"https:\/\/booksfrommexico.com\/app\/uploads\/2024\/02\/199490.jpeg","datePublished":"2024-02-14T23:26:59+00:00","dateModified":"2024-02-19T21:34:24+00:00","description":"Rabindranath Tagore. Puebla, M\u00e9xico : Territorio Po\u00e9tico A.C. , Todo Poes\u00eda, 2023. 111 pages ; 22 cm. (Colecci\u00f3n C\u00edrculo de Poes\u00eda). ISBN : 9786079135430","breadcrumb":{"@id":"https:\/\/booksfrommexico.com\/es\/producto\/luciernagas\/#breadcrumb"},"inLanguage":"es","potentialAction":[{"@type":"ReadAction","target":["https:\/\/booksfrommexico.com\/es\/producto\/luciernagas\/"]}]},{"@type":"ImageObject","inLanguage":"es","@id":"https:\/\/booksfrommexico.com\/es\/producto\/luciernagas\/#primaryimage","url":"https:\/\/booksfrommexico.com\/app\/uploads\/2024\/02\/199490.jpeg","contentUrl":"https:\/\/booksfrommexico.com\/app\/uploads\/2024\/02\/199490.jpeg","width":353,"height":557,"caption":"Luci\u00e9rnagas"},{"@type":"BreadcrumbList","@id":"https:\/\/booksfrommexico.com\/es\/producto\/luciernagas\/#breadcrumb","itemListElement":[{"@type":"ListItem","position":1,"name":"Home","item":"https:\/\/booksfrommexico.com\/es\/"},{"@type":"ListItem","position":2,"name":"Libros","item":"https:\/\/booksfrommexico.com\/es\/libros\/"},{"@type":"ListItem","position":3,"name":"Luci\u00e9rnagas"}]},{"@type":"WebSite","@id":"https:\/\/booksfrommexico.com\/#website","url":"https:\/\/booksfrommexico.com\/","name":"Books From Mexico","description":"","publisher":{"@id":"https:\/\/booksfrommexico.com\/#organization"},"potentialAction":[{"@type":"SearchAction","target":{"@type":"EntryPoint","urlTemplate":"https:\/\/booksfrommexico.com\/?s={search_term_string}"},"query-input":{"@type":"PropertyValueSpecification","valueRequired":true,"valueName":"search_term_string"}}],"inLanguage":"es"},{"@type":"Organization","@id":"https:\/\/booksfrommexico.com\/#organization","name":"Books From Mexico","url":"https:\/\/booksfrommexico.com\/","logo":{"@type":"ImageObject","inLanguage":"es","@id":"https:\/\/booksfrommexico.com\/#\/schema\/logo\/image\/","url":"https:\/\/booksfrommexico.com\/app\/uploads\/2023\/05\/logo-booksfrommexico.svg","contentUrl":"https:\/\/booksfrommexico.com\/app\/uploads\/2023\/05\/logo-booksfrommexico.svg","width":86,"height":56,"caption":"Books From Mexico"},"image":{"@id":"https:\/\/booksfrommexico.com\/#\/schema\/logo\/image\/"}}]}},"_links":{"self":[{"href":"https:\/\/booksfrommexico.com\/es\/wp-json\/wp\/v2\/product\/5084","targetHints":{"allow":["GET"]}}],"collection":[{"href":"https:\/\/booksfrommexico.com\/es\/wp-json\/wp\/v2\/product"}],"about":[{"href":"https:\/\/booksfrommexico.com\/es\/wp-json\/wp\/v2\/types\/product"}],"wp:featuredmedia":[{"embeddable":true,"href":"https:\/\/booksfrommexico.com\/es\/wp-json\/wp\/v2\/media\/5237"}],"wp:attachment":[{"href":"https:\/\/booksfrommexico.com\/es\/wp-json\/wp\/v2\/media?parent=5084"}],"wp:term":[{"taxonomy":"product_brand","embeddable":true,"href":"https:\/\/booksfrommexico.com\/es\/wp-json\/wp\/v2\/product_brand?post=5084"},{"taxonomy":"product_cat","embeddable":true,"href":"https:\/\/booksfrommexico.com\/es\/wp-json\/wp\/v2\/product_cat?post=5084"},{"taxonomy":"product_tag","embeddable":true,"href":"https:\/\/booksfrommexico.com\/es\/wp-json\/wp\/v2\/product_tag?post=5084"}],"curies":[{"name":"wp","href":"https:\/\/api.w.org\/{rel}","templated":true}]}}