{"id":5085,"date":"2024-02-14T23:26:59","date_gmt":"2024-02-14T23:26:59","guid":{"rendered":"https:\/\/booksfrommexico.com\/product\/almas-con-pies-desnudos\/"},"modified":"2024-06-04T19:45:09","modified_gmt":"2024-06-04T19:45:09","slug":"almas-con-pies-desnudos","status":"publish","type":"product","link":"https:\/\/booksfrommexico.com\/es\/producto\/almas-con-pies-desnudos\/","title":{"rendered":"Almas con pies desnudos"},"content":{"rendered":"<p><span style=\"font-weight: 400;\">Maram al-Masri es una poeta de origen s\u00edrio que reside en Par\u00eds desde 1982 y cuya obra ha sido traducida a m\u00e1s de veinte idiomas, obteniendo numerosos premios por ellos. En este t\u00edtulo en particular la autora se centra en hablar de las mujeres, pero no \u00fanicamente en el sentido de la feminidad, sino en el ser hecho de ser mujer en el contexto social en que se vive. Muchos de estos poemas llevan por t\u00edtulo el nombre de mujeres y ni\u00f1as de las cuales se cuenta su historia o momentos cotidianos de su vida, a lo largo de los breves poemas que al-Masri presenta, al tiempo que juega con la ambivalencia de la dulzura y la brutalidad.<\/span><\/p>\n","protected":false},"excerpt":{"rendered":"<p>ALMAS CON PIES DESNUDOS. <span style=\"font-weight: 400;\">\/ Maram al-Masri. <\/span><span style=\"font-weight: 400;\">Puebla<\/span><span style=\"font-weight: 400;\">, M\u00e9xico<\/span><span style=\"font-weight: 400;\"> : <\/span><span style=\"font-weight: 400;\">Territorio Po\u00e9tico A.C. , Todo Poes\u00eda ; Ciudad de M\u00e9xico, M\u00e9xico : Instituto Franc\u00e9s de Am\u00e9rica Latina, 2022. 107 pages ; 22 cm. (Colecci\u00f3n C\u00edrculo de Poes\u00eda). ISBN : 9786079135744.\u00a0<\/span><\/p>\n","protected":false},"featured_media":5241,"template":"","meta":{"_acf_changed":false,"inline_featured_image":false},"product_brand":[],"product_cat":[25,32],"product_tag":[3944,4225,4115],"class_list":{"0":"post-5085","1":"product","2":"type-product","3":"status-publish","4":"has-post-thumbnail","6":"product_cat-literatura","7":"product_cat-poesia-literatura","8":"product_tag-feminismo-en-la-literatura","9":"product_tag-mujeres-literatura","10":"product_tag-poesia-es","12":"first","13":"instock","14":"taxable","15":"shipping-taxable","16":"purchasable","17":"product-type-simple"},"acf":[],"yoast_head":"<!-- This site is optimized with the Yoast SEO plugin v27.2 - https:\/\/yoast.com\/product\/yoast-seo-wordpress\/ -->\n<title>Almas con pies desnudos<\/title>\n<meta name=\"description\" content=\"Maram al-Masri. Puebla, M\u00e9xico : Territorio Po\u00e9tico A.C. , Todo Poes\u00eda ; Ciudad de M\u00e9xico, M\u00e9xico : Instituto Franc\u00e9s de Am\u00e9rica Latina, 2022.\" \/>\n<meta name=\"robots\" content=\"index, follow, max-snippet:-1, max-image-preview:large, max-video-preview:-1\" \/>\n<link rel=\"canonical\" href=\"https:\/\/booksfrommexico.com\/es\/producto\/almas-con-pies-desnudos\/\" \/>\n<meta property=\"og:locale\" content=\"es_ES\" \/>\n<meta property=\"og:type\" content=\"article\" \/>\n<meta property=\"og:title\" content=\"Almas con pies desnudos\" \/>\n<meta property=\"og:description\" content=\"Maram al-Masri. Puebla, M\u00e9xico : Territorio Po\u00e9tico A.C. , Todo Poes\u00eda ; Ciudad de M\u00e9xico, M\u00e9xico : Instituto Franc\u00e9s de Am\u00e9rica Latina, 2022.\" \/>\n<meta property=\"og:url\" content=\"https:\/\/booksfrommexico.com\/es\/producto\/almas-con-pies-desnudos\/\" \/>\n<meta property=\"og:site_name\" content=\"Books From Mexico\" \/>\n<meta property=\"article:modified_time\" content=\"2024-06-04T19:45:09+00:00\" \/>\n<meta property=\"og:image\" content=\"http:\/\/booksfrommexico.com\/app\/uploads\/2024\/02\/199491.jpeg\" \/>\n\t<meta property=\"og:image:width\" content=\"353\" \/>\n\t<meta property=\"og:image:height\" content=\"557\" \/>\n\t<meta property=\"og:image:type\" content=\"image\/jpeg\" \/>\n<meta name=\"twitter:card\" content=\"summary_large_image\" \/>\n<meta name=\"twitter:label1\" content=\"Tiempo de lectura\" \/>\n\t<meta name=\"twitter:data1\" content=\"1 minuto\" \/>\n<script type=\"application\/ld+json\" class=\"yoast-schema-graph\">{\"@context\":\"https:\/\/schema.org\",\"@graph\":[{\"@type\":\"WebPage\",\"@id\":\"https:\/\/booksfrommexico.com\/es\/producto\/almas-con-pies-desnudos\/\",\"url\":\"https:\/\/booksfrommexico.com\/es\/producto\/almas-con-pies-desnudos\/\",\"name\":\"Almas con pies desnudos\",\"isPartOf\":{\"@id\":\"https:\/\/booksfrommexico.com\/#website\"},\"primaryImageOfPage\":{\"@id\":\"https:\/\/booksfrommexico.com\/es\/producto\/almas-con-pies-desnudos\/#primaryimage\"},\"image\":{\"@id\":\"https:\/\/booksfrommexico.com\/es\/producto\/almas-con-pies-desnudos\/#primaryimage\"},\"thumbnailUrl\":\"https:\/\/booksfrommexico.com\/app\/uploads\/2024\/02\/199491.jpeg\",\"datePublished\":\"2024-02-14T23:26:59+00:00\",\"dateModified\":\"2024-06-04T19:45:09+00:00\",\"description\":\"Maram al-Masri. Puebla, M\u00e9xico : Territorio Po\u00e9tico A.C. , Todo Poes\u00eda ; Ciudad de M\u00e9xico, M\u00e9xico : Instituto Franc\u00e9s de Am\u00e9rica Latina, 2022.\",\"breadcrumb\":{\"@id\":\"https:\/\/booksfrommexico.com\/es\/producto\/almas-con-pies-desnudos\/#breadcrumb\"},\"inLanguage\":\"es\",\"potentialAction\":[{\"@type\":\"ReadAction\",\"target\":[\"https:\/\/booksfrommexico.com\/es\/producto\/almas-con-pies-desnudos\/\"]}]},{\"@type\":\"ImageObject\",\"inLanguage\":\"es\",\"@id\":\"https:\/\/booksfrommexico.com\/es\/producto\/almas-con-pies-desnudos\/#primaryimage\",\"url\":\"https:\/\/booksfrommexico.com\/app\/uploads\/2024\/02\/199491.jpeg\",\"contentUrl\":\"https:\/\/booksfrommexico.com\/app\/uploads\/2024\/02\/199491.jpeg\",\"width\":353,\"height\":557,\"caption\":\"Almas con pies desnudos\"},{\"@type\":\"BreadcrumbList\",\"@id\":\"https:\/\/booksfrommexico.com\/es\/producto\/almas-con-pies-desnudos\/#breadcrumb\",\"itemListElement\":[{\"@type\":\"ListItem\",\"position\":1,\"name\":\"Home\",\"item\":\"https:\/\/booksfrommexico.com\/es\/\"},{\"@type\":\"ListItem\",\"position\":2,\"name\":\"Libros\",\"item\":\"https:\/\/booksfrommexico.com\/es\/libros\/\"},{\"@type\":\"ListItem\",\"position\":3,\"name\":\"Almas con pies desnudos\"}]},{\"@type\":\"WebSite\",\"@id\":\"https:\/\/booksfrommexico.com\/#website\",\"url\":\"https:\/\/booksfrommexico.com\/\",\"name\":\"Books From Mexico\",\"description\":\"\",\"publisher\":{\"@id\":\"https:\/\/booksfrommexico.com\/#organization\"},\"potentialAction\":[{\"@type\":\"SearchAction\",\"target\":{\"@type\":\"EntryPoint\",\"urlTemplate\":\"https:\/\/booksfrommexico.com\/?s={search_term_string}\"},\"query-input\":{\"@type\":\"PropertyValueSpecification\",\"valueRequired\":true,\"valueName\":\"search_term_string\"}}],\"inLanguage\":\"es\"},{\"@type\":\"Organization\",\"@id\":\"https:\/\/booksfrommexico.com\/#organization\",\"name\":\"Books From Mexico\",\"url\":\"https:\/\/booksfrommexico.com\/\",\"logo\":{\"@type\":\"ImageObject\",\"inLanguage\":\"es\",\"@id\":\"https:\/\/booksfrommexico.com\/#\/schema\/logo\/image\/\",\"url\":\"https:\/\/booksfrommexico.com\/app\/uploads\/2023\/05\/logo-booksfrommexico.svg\",\"contentUrl\":\"https:\/\/booksfrommexico.com\/app\/uploads\/2023\/05\/logo-booksfrommexico.svg\",\"width\":86,\"height\":56,\"caption\":\"Books From Mexico\"},\"image\":{\"@id\":\"https:\/\/booksfrommexico.com\/#\/schema\/logo\/image\/\"}}]}<\/script>\n<!-- \/ Yoast SEO plugin. -->","yoast_head_json":{"title":"Almas con pies desnudos","description":"Maram al-Masri. Puebla, M\u00e9xico : Territorio Po\u00e9tico A.C. , Todo Poes\u00eda ; Ciudad de M\u00e9xico, M\u00e9xico : Instituto Franc\u00e9s de Am\u00e9rica Latina, 2022.","robots":{"index":"index","follow":"follow","max-snippet":"max-snippet:-1","max-image-preview":"max-image-preview:large","max-video-preview":"max-video-preview:-1"},"canonical":"https:\/\/booksfrommexico.com\/es\/producto\/almas-con-pies-desnudos\/","og_locale":"es_ES","og_type":"article","og_title":"Almas con pies desnudos","og_description":"Maram al-Masri. Puebla, M\u00e9xico : Territorio Po\u00e9tico A.C. , Todo Poes\u00eda ; Ciudad de M\u00e9xico, M\u00e9xico : Instituto Franc\u00e9s de Am\u00e9rica Latina, 2022.","og_url":"https:\/\/booksfrommexico.com\/es\/producto\/almas-con-pies-desnudos\/","og_site_name":"Books From Mexico","article_modified_time":"2024-06-04T19:45:09+00:00","og_image":[{"width":353,"height":557,"url":"http:\/\/booksfrommexico.com\/app\/uploads\/2024\/02\/199491.jpeg","type":"image\/jpeg"}],"twitter_card":"summary_large_image","twitter_misc":{"Tiempo de lectura":"1 minuto"},"schema":{"@context":"https:\/\/schema.org","@graph":[{"@type":"WebPage","@id":"https:\/\/booksfrommexico.com\/es\/producto\/almas-con-pies-desnudos\/","url":"https:\/\/booksfrommexico.com\/es\/producto\/almas-con-pies-desnudos\/","name":"Almas con pies desnudos","isPartOf":{"@id":"https:\/\/booksfrommexico.com\/#website"},"primaryImageOfPage":{"@id":"https:\/\/booksfrommexico.com\/es\/producto\/almas-con-pies-desnudos\/#primaryimage"},"image":{"@id":"https:\/\/booksfrommexico.com\/es\/producto\/almas-con-pies-desnudos\/#primaryimage"},"thumbnailUrl":"https:\/\/booksfrommexico.com\/app\/uploads\/2024\/02\/199491.jpeg","datePublished":"2024-02-14T23:26:59+00:00","dateModified":"2024-06-04T19:45:09+00:00","description":"Maram al-Masri. Puebla, M\u00e9xico : Territorio Po\u00e9tico A.C. , Todo Poes\u00eda ; Ciudad de M\u00e9xico, M\u00e9xico : Instituto Franc\u00e9s de Am\u00e9rica Latina, 2022.","breadcrumb":{"@id":"https:\/\/booksfrommexico.com\/es\/producto\/almas-con-pies-desnudos\/#breadcrumb"},"inLanguage":"es","potentialAction":[{"@type":"ReadAction","target":["https:\/\/booksfrommexico.com\/es\/producto\/almas-con-pies-desnudos\/"]}]},{"@type":"ImageObject","inLanguage":"es","@id":"https:\/\/booksfrommexico.com\/es\/producto\/almas-con-pies-desnudos\/#primaryimage","url":"https:\/\/booksfrommexico.com\/app\/uploads\/2024\/02\/199491.jpeg","contentUrl":"https:\/\/booksfrommexico.com\/app\/uploads\/2024\/02\/199491.jpeg","width":353,"height":557,"caption":"Almas con pies desnudos"},{"@type":"BreadcrumbList","@id":"https:\/\/booksfrommexico.com\/es\/producto\/almas-con-pies-desnudos\/#breadcrumb","itemListElement":[{"@type":"ListItem","position":1,"name":"Home","item":"https:\/\/booksfrommexico.com\/es\/"},{"@type":"ListItem","position":2,"name":"Libros","item":"https:\/\/booksfrommexico.com\/es\/libros\/"},{"@type":"ListItem","position":3,"name":"Almas con pies desnudos"}]},{"@type":"WebSite","@id":"https:\/\/booksfrommexico.com\/#website","url":"https:\/\/booksfrommexico.com\/","name":"Books From Mexico","description":"","publisher":{"@id":"https:\/\/booksfrommexico.com\/#organization"},"potentialAction":[{"@type":"SearchAction","target":{"@type":"EntryPoint","urlTemplate":"https:\/\/booksfrommexico.com\/?s={search_term_string}"},"query-input":{"@type":"PropertyValueSpecification","valueRequired":true,"valueName":"search_term_string"}}],"inLanguage":"es"},{"@type":"Organization","@id":"https:\/\/booksfrommexico.com\/#organization","name":"Books From Mexico","url":"https:\/\/booksfrommexico.com\/","logo":{"@type":"ImageObject","inLanguage":"es","@id":"https:\/\/booksfrommexico.com\/#\/schema\/logo\/image\/","url":"https:\/\/booksfrommexico.com\/app\/uploads\/2023\/05\/logo-booksfrommexico.svg","contentUrl":"https:\/\/booksfrommexico.com\/app\/uploads\/2023\/05\/logo-booksfrommexico.svg","width":86,"height":56,"caption":"Books From Mexico"},"image":{"@id":"https:\/\/booksfrommexico.com\/#\/schema\/logo\/image\/"}}]}},"_links":{"self":[{"href":"https:\/\/booksfrommexico.com\/es\/wp-json\/wp\/v2\/product\/5085","targetHints":{"allow":["GET"]}}],"collection":[{"href":"https:\/\/booksfrommexico.com\/es\/wp-json\/wp\/v2\/product"}],"about":[{"href":"https:\/\/booksfrommexico.com\/es\/wp-json\/wp\/v2\/types\/product"}],"wp:featuredmedia":[{"embeddable":true,"href":"https:\/\/booksfrommexico.com\/es\/wp-json\/wp\/v2\/media\/5241"}],"wp:attachment":[{"href":"https:\/\/booksfrommexico.com\/es\/wp-json\/wp\/v2\/media?parent=5085"}],"wp:term":[{"taxonomy":"product_brand","embeddable":true,"href":"https:\/\/booksfrommexico.com\/es\/wp-json\/wp\/v2\/product_brand?post=5085"},{"taxonomy":"product_cat","embeddable":true,"href":"https:\/\/booksfrommexico.com\/es\/wp-json\/wp\/v2\/product_cat?post=5085"},{"taxonomy":"product_tag","embeddable":true,"href":"https:\/\/booksfrommexico.com\/es\/wp-json\/wp\/v2\/product_tag?post=5085"}],"curies":[{"name":"wp","href":"https:\/\/api.w.org\/{rel}","templated":true}]}}