{"id":5086,"date":"2024-02-14T23:26:59","date_gmt":"2024-02-14T23:26:59","guid":{"rendered":"https:\/\/booksfrommexico.com\/product\/la-revolucion-del-cuerpo\/"},"modified":"2024-02-19T21:52:45","modified_gmt":"2024-02-19T21:52:45","slug":"la-revolucion-del-cuerpo","status":"publish","type":"product","link":"https:\/\/booksfrommexico.com\/es\/producto\/la-revolucion-del-cuerpo\/","title":{"rendered":"La revoluci\u00f3n del cuerpo"},"content":{"rendered":"<p><span style=\"font-weight: 400;\">Con <\/span><i><span style=\"font-weight: 400;\">Banalije <\/span><\/i><span style=\"font-weight: 400;\">de 2013 traducida a m\u00e1s de doce idiomas, Mozeti\u010d se convirti\u00f3 en uno\u00a0 de los autores eslovenos m\u00e1s le\u00eddos de su generaci\u00f3n. Ha dedicado sus esfuerzos en el activismo prohomosxul desde los a\u00f1os noventa, y gran parte de su labor como poeta, escritor y traductor se dirige al trabajo homoer\u00f3tico. En esta obra podemos encontrar que sus poemas son una meditaci\u00f3n, autobiograf\u00eda y autonarraci\u00f3n a la vez, en los cuales, la necesidad de satisfacer el deseo y de compartir el amor tiene una contraparte poco agradable: el miedo, el fracaso y el desencanto que hay tras las relaciones emocionales y sexuales entre hombres.\u00a0<\/span><\/p>\n","protected":false},"excerpt":{"rendered":"<p>LA REVOLUCI\u00d3N DEL CUERPO. <span style=\"font-weight: 400;\">\/ Brane Mozeti\u010d. <\/span><span style=\"font-weight: 400;\">Puebla<\/span><span style=\"font-weight: 400;\">, M\u00e9xico<\/span><span style=\"font-weight: 400;\"> : <\/span><span style=\"font-weight: 400;\">Territorio Po\u00e9tico A.C. , Todo Poes\u00eda ; Liubliana, Eslovenia : JAK Slovenian Book Agency, 2021. 90 pages ; 20 cm. (Colecci\u00f3n C\u00edrculo de Poes\u00eda). ISBN : 9786079135621.<\/span><\/p>\n","protected":false},"featured_media":5244,"template":"","meta":{"_acf_changed":false,"inline_featured_image":false},"product_brand":[],"product_cat":[25,32],"product_tag":[4115],"class_list":{"0":"post-5086","1":"product","2":"type-product","3":"status-publish","4":"has-post-thumbnail","6":"product_cat-literatura","7":"product_cat-poesia-literatura","8":"product_tag-poesia-es","10":"first","11":"instock","12":"taxable","13":"shipping-taxable","14":"purchasable","15":"product-type-simple"},"acf":[],"yoast_head":"<!-- This site is optimized with the Yoast SEO plugin v27.3 - https:\/\/yoast.com\/product\/yoast-seo-wordpress\/ -->\n<title>La revoluci\u00f3n del cuerpo<\/title>\n<meta name=\"description\" content=\"Brane Mozeti\u010d. Puebla, M\u00e9xico: Territorio Po\u00e9tico A.C. , Todo Poes\u00eda ; Liubliana, Eslovenia: JAK Slovenian Book Agency, 2021. (Colecci\u00f3n C\u00edrculo de Poes\u00eda)\" \/>\n<meta name=\"robots\" content=\"index, follow, max-snippet:-1, max-image-preview:large, max-video-preview:-1\" \/>\n<link rel=\"canonical\" href=\"https:\/\/booksfrommexico.com\/es\/producto\/la-revolucion-del-cuerpo\/\" \/>\n<meta property=\"og:locale\" content=\"es_ES\" \/>\n<meta property=\"og:type\" content=\"article\" \/>\n<meta property=\"og:title\" content=\"La revoluci\u00f3n del cuerpo\" \/>\n<meta property=\"og:description\" content=\"Brane Mozeti\u010d. Puebla, M\u00e9xico: Territorio Po\u00e9tico A.C. , Todo Poes\u00eda ; Liubliana, Eslovenia: JAK Slovenian Book Agency, 2021. (Colecci\u00f3n C\u00edrculo de Poes\u00eda)\" \/>\n<meta property=\"og:url\" content=\"https:\/\/booksfrommexico.com\/es\/producto\/la-revolucion-del-cuerpo\/\" \/>\n<meta property=\"og:site_name\" content=\"Books From Mexico\" \/>\n<meta property=\"article:modified_time\" content=\"2024-02-19T21:52:45+00:00\" \/>\n<meta property=\"og:image\" content=\"http:\/\/booksfrommexico.com\/app\/uploads\/2024\/02\/199492.jpeg\" \/>\n\t<meta property=\"og:image:width\" content=\"353\" \/>\n\t<meta property=\"og:image:height\" content=\"557\" \/>\n\t<meta property=\"og:image:type\" content=\"image\/jpeg\" \/>\n<meta name=\"twitter:card\" content=\"summary_large_image\" \/>\n<meta name=\"twitter:label1\" content=\"Tiempo de lectura\" \/>\n\t<meta name=\"twitter:data1\" content=\"1 minuto\" \/>\n<script type=\"application\/ld+json\" class=\"yoast-schema-graph\">{\"@context\":\"https:\\\/\\\/schema.org\",\"@graph\":[{\"@type\":\"WebPage\",\"@id\":\"https:\\\/\\\/booksfrommexico.com\\\/es\\\/producto\\\/la-revolucion-del-cuerpo\\\/\",\"url\":\"https:\\\/\\\/booksfrommexico.com\\\/es\\\/producto\\\/la-revolucion-del-cuerpo\\\/\",\"name\":\"La revoluci\u00f3n del cuerpo\",\"isPartOf\":{\"@id\":\"https:\\\/\\\/booksfrommexico.com\\\/#website\"},\"primaryImageOfPage\":{\"@id\":\"https:\\\/\\\/booksfrommexico.com\\\/es\\\/producto\\\/la-revolucion-del-cuerpo\\\/#primaryimage\"},\"image\":{\"@id\":\"https:\\\/\\\/booksfrommexico.com\\\/es\\\/producto\\\/la-revolucion-del-cuerpo\\\/#primaryimage\"},\"thumbnailUrl\":\"https:\\\/\\\/booksfrommexico.com\\\/app\\\/uploads\\\/2024\\\/02\\\/199492.jpeg\",\"datePublished\":\"2024-02-14T23:26:59+00:00\",\"dateModified\":\"2024-02-19T21:52:45+00:00\",\"description\":\"Brane Mozeti\u010d. Puebla, M\u00e9xico: Territorio Po\u00e9tico A.C. , Todo Poes\u00eda ; Liubliana, Eslovenia: JAK Slovenian Book Agency, 2021. (Colecci\u00f3n C\u00edrculo de Poes\u00eda)\",\"breadcrumb\":{\"@id\":\"https:\\\/\\\/booksfrommexico.com\\\/es\\\/producto\\\/la-revolucion-del-cuerpo\\\/#breadcrumb\"},\"inLanguage\":\"es\",\"potentialAction\":[{\"@type\":\"ReadAction\",\"target\":[\"https:\\\/\\\/booksfrommexico.com\\\/es\\\/producto\\\/la-revolucion-del-cuerpo\\\/\"]}]},{\"@type\":\"ImageObject\",\"inLanguage\":\"es\",\"@id\":\"https:\\\/\\\/booksfrommexico.com\\\/es\\\/producto\\\/la-revolucion-del-cuerpo\\\/#primaryimage\",\"url\":\"https:\\\/\\\/booksfrommexico.com\\\/app\\\/uploads\\\/2024\\\/02\\\/199492.jpeg\",\"contentUrl\":\"https:\\\/\\\/booksfrommexico.com\\\/app\\\/uploads\\\/2024\\\/02\\\/199492.jpeg\",\"width\":353,\"height\":557,\"caption\":\"La revoluci\u00f3n del cuerpo\"},{\"@type\":\"BreadcrumbList\",\"@id\":\"https:\\\/\\\/booksfrommexico.com\\\/es\\\/producto\\\/la-revolucion-del-cuerpo\\\/#breadcrumb\",\"itemListElement\":[{\"@type\":\"ListItem\",\"position\":1,\"name\":\"Home\",\"item\":\"https:\\\/\\\/booksfrommexico.com\\\/es\\\/\"},{\"@type\":\"ListItem\",\"position\":2,\"name\":\"Libros\",\"item\":\"https:\\\/\\\/booksfrommexico.com\\\/es\\\/libros\\\/\"},{\"@type\":\"ListItem\",\"position\":3,\"name\":\"La revoluci\u00f3n del cuerpo\"}]},{\"@type\":\"WebSite\",\"@id\":\"https:\\\/\\\/booksfrommexico.com\\\/#website\",\"url\":\"https:\\\/\\\/booksfrommexico.com\\\/\",\"name\":\"Books From Mexico\",\"description\":\"\",\"publisher\":{\"@id\":\"https:\\\/\\\/booksfrommexico.com\\\/#organization\"},\"potentialAction\":[{\"@type\":\"SearchAction\",\"target\":{\"@type\":\"EntryPoint\",\"urlTemplate\":\"https:\\\/\\\/booksfrommexico.com\\\/?s={search_term_string}\"},\"query-input\":{\"@type\":\"PropertyValueSpecification\",\"valueRequired\":true,\"valueName\":\"search_term_string\"}}],\"inLanguage\":\"es\"},{\"@type\":\"Organization\",\"@id\":\"https:\\\/\\\/booksfrommexico.com\\\/#organization\",\"name\":\"Books From Mexico\",\"url\":\"https:\\\/\\\/booksfrommexico.com\\\/\",\"logo\":{\"@type\":\"ImageObject\",\"inLanguage\":\"es\",\"@id\":\"https:\\\/\\\/booksfrommexico.com\\\/#\\\/schema\\\/logo\\\/image\\\/\",\"url\":\"https:\\\/\\\/booksfrommexico.com\\\/app\\\/uploads\\\/2023\\\/05\\\/logo-booksfrommexico.svg\",\"contentUrl\":\"https:\\\/\\\/booksfrommexico.com\\\/app\\\/uploads\\\/2023\\\/05\\\/logo-booksfrommexico.svg\",\"width\":86,\"height\":56,\"caption\":\"Books From Mexico\"},\"image\":{\"@id\":\"https:\\\/\\\/booksfrommexico.com\\\/#\\\/schema\\\/logo\\\/image\\\/\"}}]}<\/script>\n<!-- \/ Yoast SEO plugin. -->","yoast_head_json":{"title":"La revoluci\u00f3n del cuerpo","description":"Brane Mozeti\u010d. Puebla, M\u00e9xico: Territorio Po\u00e9tico A.C. , Todo Poes\u00eda ; Liubliana, Eslovenia: JAK Slovenian Book Agency, 2021. (Colecci\u00f3n C\u00edrculo de Poes\u00eda)","robots":{"index":"index","follow":"follow","max-snippet":"max-snippet:-1","max-image-preview":"max-image-preview:large","max-video-preview":"max-video-preview:-1"},"canonical":"https:\/\/booksfrommexico.com\/es\/producto\/la-revolucion-del-cuerpo\/","og_locale":"es_ES","og_type":"article","og_title":"La revoluci\u00f3n del cuerpo","og_description":"Brane Mozeti\u010d. Puebla, M\u00e9xico: Territorio Po\u00e9tico A.C. , Todo Poes\u00eda ; Liubliana, Eslovenia: JAK Slovenian Book Agency, 2021. (Colecci\u00f3n C\u00edrculo de Poes\u00eda)","og_url":"https:\/\/booksfrommexico.com\/es\/producto\/la-revolucion-del-cuerpo\/","og_site_name":"Books From Mexico","article_modified_time":"2024-02-19T21:52:45+00:00","og_image":[{"width":353,"height":557,"url":"http:\/\/booksfrommexico.com\/app\/uploads\/2024\/02\/199492.jpeg","type":"image\/jpeg"}],"twitter_card":"summary_large_image","twitter_misc":{"Tiempo de lectura":"1 minuto"},"schema":{"@context":"https:\/\/schema.org","@graph":[{"@type":"WebPage","@id":"https:\/\/booksfrommexico.com\/es\/producto\/la-revolucion-del-cuerpo\/","url":"https:\/\/booksfrommexico.com\/es\/producto\/la-revolucion-del-cuerpo\/","name":"La revoluci\u00f3n del cuerpo","isPartOf":{"@id":"https:\/\/booksfrommexico.com\/#website"},"primaryImageOfPage":{"@id":"https:\/\/booksfrommexico.com\/es\/producto\/la-revolucion-del-cuerpo\/#primaryimage"},"image":{"@id":"https:\/\/booksfrommexico.com\/es\/producto\/la-revolucion-del-cuerpo\/#primaryimage"},"thumbnailUrl":"https:\/\/booksfrommexico.com\/app\/uploads\/2024\/02\/199492.jpeg","datePublished":"2024-02-14T23:26:59+00:00","dateModified":"2024-02-19T21:52:45+00:00","description":"Brane Mozeti\u010d. Puebla, M\u00e9xico: Territorio Po\u00e9tico A.C. , Todo Poes\u00eda ; Liubliana, Eslovenia: JAK Slovenian Book Agency, 2021. (Colecci\u00f3n C\u00edrculo de Poes\u00eda)","breadcrumb":{"@id":"https:\/\/booksfrommexico.com\/es\/producto\/la-revolucion-del-cuerpo\/#breadcrumb"},"inLanguage":"es","potentialAction":[{"@type":"ReadAction","target":["https:\/\/booksfrommexico.com\/es\/producto\/la-revolucion-del-cuerpo\/"]}]},{"@type":"ImageObject","inLanguage":"es","@id":"https:\/\/booksfrommexico.com\/es\/producto\/la-revolucion-del-cuerpo\/#primaryimage","url":"https:\/\/booksfrommexico.com\/app\/uploads\/2024\/02\/199492.jpeg","contentUrl":"https:\/\/booksfrommexico.com\/app\/uploads\/2024\/02\/199492.jpeg","width":353,"height":557,"caption":"La revoluci\u00f3n del cuerpo"},{"@type":"BreadcrumbList","@id":"https:\/\/booksfrommexico.com\/es\/producto\/la-revolucion-del-cuerpo\/#breadcrumb","itemListElement":[{"@type":"ListItem","position":1,"name":"Home","item":"https:\/\/booksfrommexico.com\/es\/"},{"@type":"ListItem","position":2,"name":"Libros","item":"https:\/\/booksfrommexico.com\/es\/libros\/"},{"@type":"ListItem","position":3,"name":"La revoluci\u00f3n del cuerpo"}]},{"@type":"WebSite","@id":"https:\/\/booksfrommexico.com\/#website","url":"https:\/\/booksfrommexico.com\/","name":"Books From Mexico","description":"","publisher":{"@id":"https:\/\/booksfrommexico.com\/#organization"},"potentialAction":[{"@type":"SearchAction","target":{"@type":"EntryPoint","urlTemplate":"https:\/\/booksfrommexico.com\/?s={search_term_string}"},"query-input":{"@type":"PropertyValueSpecification","valueRequired":true,"valueName":"search_term_string"}}],"inLanguage":"es"},{"@type":"Organization","@id":"https:\/\/booksfrommexico.com\/#organization","name":"Books From Mexico","url":"https:\/\/booksfrommexico.com\/","logo":{"@type":"ImageObject","inLanguage":"es","@id":"https:\/\/booksfrommexico.com\/#\/schema\/logo\/image\/","url":"https:\/\/booksfrommexico.com\/app\/uploads\/2023\/05\/logo-booksfrommexico.svg","contentUrl":"https:\/\/booksfrommexico.com\/app\/uploads\/2023\/05\/logo-booksfrommexico.svg","width":86,"height":56,"caption":"Books From Mexico"},"image":{"@id":"https:\/\/booksfrommexico.com\/#\/schema\/logo\/image\/"}}]}},"_links":{"self":[{"href":"https:\/\/booksfrommexico.com\/es\/wp-json\/wp\/v2\/product\/5086","targetHints":{"allow":["GET"]}}],"collection":[{"href":"https:\/\/booksfrommexico.com\/es\/wp-json\/wp\/v2\/product"}],"about":[{"href":"https:\/\/booksfrommexico.com\/es\/wp-json\/wp\/v2\/types\/product"}],"wp:featuredmedia":[{"embeddable":true,"href":"https:\/\/booksfrommexico.com\/es\/wp-json\/wp\/v2\/media\/5244"}],"wp:attachment":[{"href":"https:\/\/booksfrommexico.com\/es\/wp-json\/wp\/v2\/media?parent=5086"}],"wp:term":[{"taxonomy":"product_brand","embeddable":true,"href":"https:\/\/booksfrommexico.com\/es\/wp-json\/wp\/v2\/product_brand?post=5086"},{"taxonomy":"product_cat","embeddable":true,"href":"https:\/\/booksfrommexico.com\/es\/wp-json\/wp\/v2\/product_cat?post=5086"},{"taxonomy":"product_tag","embeddable":true,"href":"https:\/\/booksfrommexico.com\/es\/wp-json\/wp\/v2\/product_tag?post=5086"}],"curies":[{"name":"wp","href":"https:\/\/api.w.org\/{rel}","templated":true}]}}