{"id":5087,"date":"2024-02-14T23:26:59","date_gmt":"2024-02-14T23:26:59","guid":{"rendered":"https:\/\/booksfrommexico.com\/product\/semillas-de-piedra-poesia-rumana-contemporanea\/"},"modified":"2024-02-19T21:59:55","modified_gmt":"2024-02-19T21:59:55","slug":"semillas-de-piedra-poesia-rumana-contemporanea","status":"publish","type":"product","link":"https:\/\/booksfrommexico.com\/es\/producto\/semillas-de-piedra-poesia-rumana-contemporanea\/","title":{"rendered":"Semillas de piedra: poes\u00eda rumana contempor\u00e1nea"},"content":{"rendered":"<p><span style=\"font-weight: 400;\">Antolog\u00eda de poemas coordinada por Gabriela C\u04d1pr\u04d1roiu, traductora de espa\u00f1ol-rumano. En esta antolog\u00eda po\u00e9tica, C\u04d1pr\u04d1roiu coordin\u00f3 de 26 autores rumanos para presentarlos en conjunto como representaci\u00f3n de la poes\u00eda rumana, la cual es una de las m\u00e1s j\u00f3venes de Europa. La competencia entre originalidades al momento de escribir, tanto en la forma como el contenido, es evidente porque los poetas j\u00f3venes provienen de la misma po\u00e9tica del estenograma; existe una hostilidad hacia la met\u00e1fora alimentada por la b\u00fasqueda de autenticidad, de encontrar una voz propia lejana a Rimbaud y Eminescu.<\/span><\/p>\n","protected":false},"excerpt":{"rendered":"<p>SEMILLAS DE PIEDRA : POES\u00cdA RUMANA CONTEMPOR\u00c1NEA. <span style=\"font-weight: 400;\">\/ Gabriela C\u04d1pr\u04d1roiu (coordinator). <\/span><span style=\"font-weight: 400;\">Puebla<\/span><span style=\"font-weight: 400;\">, M\u00e9xico<\/span><span style=\"font-weight: 400;\"> : <\/span><span style=\"font-weight: 400;\">Territorio Po\u00e9tico A.C. , Todo Poes\u00eda ; Rumania , Bucure\u0219ti : Institutul Cultural Rom\u00e2n, 2020. 362 pages : includes semblances ; 20 cm. (Colecci\u00f3n C\u00edrculo de Poes\u00eda). ISBN : 9786079135393.<\/span><\/p>\n","protected":false},"featured_media":5248,"template":"","meta":{"_acf_changed":false,"inline_featured_image":false},"product_brand":[],"product_cat":[25,32],"product_tag":[4115],"class_list":{"0":"post-5087","1":"product","2":"type-product","3":"status-publish","4":"has-post-thumbnail","6":"product_cat-literatura","7":"product_cat-poesia-literatura","8":"product_tag-poesia-es","10":"first","11":"instock","12":"taxable","13":"shipping-taxable","14":"purchasable","15":"product-type-simple"},"acf":[],"yoast_head":"<!-- This site is optimized with the Yoast SEO plugin v27.3 - https:\/\/yoast.com\/product\/yoast-seo-wordpress\/ -->\n<title>Semillas de piedra: poes\u00eda rumana contempor\u00e1nea<\/title>\n<meta name=\"description\" content=\"Gabriela C\u04d1pr\u04d1roiu (coordinator). Puebla, M\u00e9xico : Territorio Po\u00e9tico A.C. , Todo Poes\u00eda ; Rumania , Bucure\u0219ti : Institutul Cultural Rom\u00e2n, 2020.\" \/>\n<meta name=\"robots\" content=\"index, follow, max-snippet:-1, max-image-preview:large, max-video-preview:-1\" \/>\n<link rel=\"canonical\" href=\"https:\/\/booksfrommexico.com\/es\/producto\/semillas-de-piedra-poesia-rumana-contemporanea\/\" \/>\n<meta property=\"og:locale\" content=\"es_ES\" \/>\n<meta property=\"og:type\" content=\"article\" \/>\n<meta property=\"og:title\" content=\"Semillas de piedra: poes\u00eda rumana contempor\u00e1nea\" \/>\n<meta property=\"og:description\" content=\"Gabriela C\u04d1pr\u04d1roiu (coordinator). Puebla, M\u00e9xico : Territorio Po\u00e9tico A.C. , Todo Poes\u00eda ; Rumania , Bucure\u0219ti : Institutul Cultural Rom\u00e2n, 2020.\" \/>\n<meta property=\"og:url\" content=\"https:\/\/booksfrommexico.com\/es\/producto\/semillas-de-piedra-poesia-rumana-contemporanea\/\" \/>\n<meta property=\"og:site_name\" content=\"Books From Mexico\" \/>\n<meta property=\"article:modified_time\" content=\"2024-02-19T21:59:55+00:00\" \/>\n<meta property=\"og:image\" content=\"http:\/\/booksfrommexico.com\/app\/uploads\/2024\/02\/199494.jpeg\" \/>\n\t<meta property=\"og:image:width\" content=\"353\" \/>\n\t<meta property=\"og:image:height\" content=\"557\" \/>\n\t<meta property=\"og:image:type\" content=\"image\/jpeg\" \/>\n<meta name=\"twitter:card\" content=\"summary_large_image\" \/>\n<meta name=\"twitter:label1\" content=\"Tiempo de lectura\" \/>\n\t<meta name=\"twitter:data1\" content=\"1 minuto\" \/>\n<script type=\"application\/ld+json\" class=\"yoast-schema-graph\">{\"@context\":\"https:\\\/\\\/schema.org\",\"@graph\":[{\"@type\":\"WebPage\",\"@id\":\"https:\\\/\\\/booksfrommexico.com\\\/es\\\/producto\\\/semillas-de-piedra-poesia-rumana-contemporanea\\\/\",\"url\":\"https:\\\/\\\/booksfrommexico.com\\\/es\\\/producto\\\/semillas-de-piedra-poesia-rumana-contemporanea\\\/\",\"name\":\"Semillas de piedra: poes\u00eda rumana contempor\u00e1nea\",\"isPartOf\":{\"@id\":\"https:\\\/\\\/booksfrommexico.com\\\/#website\"},\"primaryImageOfPage\":{\"@id\":\"https:\\\/\\\/booksfrommexico.com\\\/es\\\/producto\\\/semillas-de-piedra-poesia-rumana-contemporanea\\\/#primaryimage\"},\"image\":{\"@id\":\"https:\\\/\\\/booksfrommexico.com\\\/es\\\/producto\\\/semillas-de-piedra-poesia-rumana-contemporanea\\\/#primaryimage\"},\"thumbnailUrl\":\"https:\\\/\\\/booksfrommexico.com\\\/app\\\/uploads\\\/2024\\\/02\\\/199494.jpeg\",\"datePublished\":\"2024-02-14T23:26:59+00:00\",\"dateModified\":\"2024-02-19T21:59:55+00:00\",\"description\":\"Gabriela C\u04d1pr\u04d1roiu (coordinator). Puebla, M\u00e9xico : Territorio Po\u00e9tico A.C. , Todo Poes\u00eda ; Rumania , Bucure\u0219ti : Institutul Cultural Rom\u00e2n, 2020.\",\"breadcrumb\":{\"@id\":\"https:\\\/\\\/booksfrommexico.com\\\/es\\\/producto\\\/semillas-de-piedra-poesia-rumana-contemporanea\\\/#breadcrumb\"},\"inLanguage\":\"es\",\"potentialAction\":[{\"@type\":\"ReadAction\",\"target\":[\"https:\\\/\\\/booksfrommexico.com\\\/es\\\/producto\\\/semillas-de-piedra-poesia-rumana-contemporanea\\\/\"]}]},{\"@type\":\"ImageObject\",\"inLanguage\":\"es\",\"@id\":\"https:\\\/\\\/booksfrommexico.com\\\/es\\\/producto\\\/semillas-de-piedra-poesia-rumana-contemporanea\\\/#primaryimage\",\"url\":\"https:\\\/\\\/booksfrommexico.com\\\/app\\\/uploads\\\/2024\\\/02\\\/199494.jpeg\",\"contentUrl\":\"https:\\\/\\\/booksfrommexico.com\\\/app\\\/uploads\\\/2024\\\/02\\\/199494.jpeg\",\"width\":353,\"height\":557,\"caption\":\"Semillas de piedra : poes\u00eda rumana contempor\u00e1nea\"},{\"@type\":\"BreadcrumbList\",\"@id\":\"https:\\\/\\\/booksfrommexico.com\\\/es\\\/producto\\\/semillas-de-piedra-poesia-rumana-contemporanea\\\/#breadcrumb\",\"itemListElement\":[{\"@type\":\"ListItem\",\"position\":1,\"name\":\"Home\",\"item\":\"https:\\\/\\\/booksfrommexico.com\\\/es\\\/\"},{\"@type\":\"ListItem\",\"position\":2,\"name\":\"Libros\",\"item\":\"https:\\\/\\\/booksfrommexico.com\\\/es\\\/libros\\\/\"},{\"@type\":\"ListItem\",\"position\":3,\"name\":\"Semillas de piedra: poes\u00eda rumana contempor\u00e1nea\"}]},{\"@type\":\"WebSite\",\"@id\":\"https:\\\/\\\/booksfrommexico.com\\\/#website\",\"url\":\"https:\\\/\\\/booksfrommexico.com\\\/\",\"name\":\"Books From Mexico\",\"description\":\"\",\"publisher\":{\"@id\":\"https:\\\/\\\/booksfrommexico.com\\\/#organization\"},\"potentialAction\":[{\"@type\":\"SearchAction\",\"target\":{\"@type\":\"EntryPoint\",\"urlTemplate\":\"https:\\\/\\\/booksfrommexico.com\\\/?s={search_term_string}\"},\"query-input\":{\"@type\":\"PropertyValueSpecification\",\"valueRequired\":true,\"valueName\":\"search_term_string\"}}],\"inLanguage\":\"es\"},{\"@type\":\"Organization\",\"@id\":\"https:\\\/\\\/booksfrommexico.com\\\/#organization\",\"name\":\"Books From Mexico\",\"url\":\"https:\\\/\\\/booksfrommexico.com\\\/\",\"logo\":{\"@type\":\"ImageObject\",\"inLanguage\":\"es\",\"@id\":\"https:\\\/\\\/booksfrommexico.com\\\/#\\\/schema\\\/logo\\\/image\\\/\",\"url\":\"https:\\\/\\\/booksfrommexico.com\\\/app\\\/uploads\\\/2023\\\/05\\\/logo-booksfrommexico.svg\",\"contentUrl\":\"https:\\\/\\\/booksfrommexico.com\\\/app\\\/uploads\\\/2023\\\/05\\\/logo-booksfrommexico.svg\",\"width\":86,\"height\":56,\"caption\":\"Books From Mexico\"},\"image\":{\"@id\":\"https:\\\/\\\/booksfrommexico.com\\\/#\\\/schema\\\/logo\\\/image\\\/\"}}]}<\/script>\n<!-- \/ Yoast SEO plugin. -->","yoast_head_json":{"title":"Semillas de piedra: poes\u00eda rumana contempor\u00e1nea","description":"Gabriela C\u04d1pr\u04d1roiu (coordinator). Puebla, M\u00e9xico : Territorio Po\u00e9tico A.C. , Todo Poes\u00eda ; Rumania , Bucure\u0219ti : Institutul Cultural Rom\u00e2n, 2020.","robots":{"index":"index","follow":"follow","max-snippet":"max-snippet:-1","max-image-preview":"max-image-preview:large","max-video-preview":"max-video-preview:-1"},"canonical":"https:\/\/booksfrommexico.com\/es\/producto\/semillas-de-piedra-poesia-rumana-contemporanea\/","og_locale":"es_ES","og_type":"article","og_title":"Semillas de piedra: poes\u00eda rumana contempor\u00e1nea","og_description":"Gabriela C\u04d1pr\u04d1roiu (coordinator). Puebla, M\u00e9xico : Territorio Po\u00e9tico A.C. , Todo Poes\u00eda ; Rumania , Bucure\u0219ti : Institutul Cultural Rom\u00e2n, 2020.","og_url":"https:\/\/booksfrommexico.com\/es\/producto\/semillas-de-piedra-poesia-rumana-contemporanea\/","og_site_name":"Books From Mexico","article_modified_time":"2024-02-19T21:59:55+00:00","og_image":[{"width":353,"height":557,"url":"http:\/\/booksfrommexico.com\/app\/uploads\/2024\/02\/199494.jpeg","type":"image\/jpeg"}],"twitter_card":"summary_large_image","twitter_misc":{"Tiempo de lectura":"1 minuto"},"schema":{"@context":"https:\/\/schema.org","@graph":[{"@type":"WebPage","@id":"https:\/\/booksfrommexico.com\/es\/producto\/semillas-de-piedra-poesia-rumana-contemporanea\/","url":"https:\/\/booksfrommexico.com\/es\/producto\/semillas-de-piedra-poesia-rumana-contemporanea\/","name":"Semillas de piedra: poes\u00eda rumana contempor\u00e1nea","isPartOf":{"@id":"https:\/\/booksfrommexico.com\/#website"},"primaryImageOfPage":{"@id":"https:\/\/booksfrommexico.com\/es\/producto\/semillas-de-piedra-poesia-rumana-contemporanea\/#primaryimage"},"image":{"@id":"https:\/\/booksfrommexico.com\/es\/producto\/semillas-de-piedra-poesia-rumana-contemporanea\/#primaryimage"},"thumbnailUrl":"https:\/\/booksfrommexico.com\/app\/uploads\/2024\/02\/199494.jpeg","datePublished":"2024-02-14T23:26:59+00:00","dateModified":"2024-02-19T21:59:55+00:00","description":"Gabriela C\u04d1pr\u04d1roiu (coordinator). Puebla, M\u00e9xico : Territorio Po\u00e9tico A.C. , Todo Poes\u00eda ; Rumania , Bucure\u0219ti : Institutul Cultural Rom\u00e2n, 2020.","breadcrumb":{"@id":"https:\/\/booksfrommexico.com\/es\/producto\/semillas-de-piedra-poesia-rumana-contemporanea\/#breadcrumb"},"inLanguage":"es","potentialAction":[{"@type":"ReadAction","target":["https:\/\/booksfrommexico.com\/es\/producto\/semillas-de-piedra-poesia-rumana-contemporanea\/"]}]},{"@type":"ImageObject","inLanguage":"es","@id":"https:\/\/booksfrommexico.com\/es\/producto\/semillas-de-piedra-poesia-rumana-contemporanea\/#primaryimage","url":"https:\/\/booksfrommexico.com\/app\/uploads\/2024\/02\/199494.jpeg","contentUrl":"https:\/\/booksfrommexico.com\/app\/uploads\/2024\/02\/199494.jpeg","width":353,"height":557,"caption":"Semillas de piedra : poes\u00eda rumana contempor\u00e1nea"},{"@type":"BreadcrumbList","@id":"https:\/\/booksfrommexico.com\/es\/producto\/semillas-de-piedra-poesia-rumana-contemporanea\/#breadcrumb","itemListElement":[{"@type":"ListItem","position":1,"name":"Home","item":"https:\/\/booksfrommexico.com\/es\/"},{"@type":"ListItem","position":2,"name":"Libros","item":"https:\/\/booksfrommexico.com\/es\/libros\/"},{"@type":"ListItem","position":3,"name":"Semillas de piedra: poes\u00eda rumana contempor\u00e1nea"}]},{"@type":"WebSite","@id":"https:\/\/booksfrommexico.com\/#website","url":"https:\/\/booksfrommexico.com\/","name":"Books From Mexico","description":"","publisher":{"@id":"https:\/\/booksfrommexico.com\/#organization"},"potentialAction":[{"@type":"SearchAction","target":{"@type":"EntryPoint","urlTemplate":"https:\/\/booksfrommexico.com\/?s={search_term_string}"},"query-input":{"@type":"PropertyValueSpecification","valueRequired":true,"valueName":"search_term_string"}}],"inLanguage":"es"},{"@type":"Organization","@id":"https:\/\/booksfrommexico.com\/#organization","name":"Books From Mexico","url":"https:\/\/booksfrommexico.com\/","logo":{"@type":"ImageObject","inLanguage":"es","@id":"https:\/\/booksfrommexico.com\/#\/schema\/logo\/image\/","url":"https:\/\/booksfrommexico.com\/app\/uploads\/2023\/05\/logo-booksfrommexico.svg","contentUrl":"https:\/\/booksfrommexico.com\/app\/uploads\/2023\/05\/logo-booksfrommexico.svg","width":86,"height":56,"caption":"Books From Mexico"},"image":{"@id":"https:\/\/booksfrommexico.com\/#\/schema\/logo\/image\/"}}]}},"_links":{"self":[{"href":"https:\/\/booksfrommexico.com\/es\/wp-json\/wp\/v2\/product\/5087","targetHints":{"allow":["GET"]}}],"collection":[{"href":"https:\/\/booksfrommexico.com\/es\/wp-json\/wp\/v2\/product"}],"about":[{"href":"https:\/\/booksfrommexico.com\/es\/wp-json\/wp\/v2\/types\/product"}],"wp:featuredmedia":[{"embeddable":true,"href":"https:\/\/booksfrommexico.com\/es\/wp-json\/wp\/v2\/media\/5248"}],"wp:attachment":[{"href":"https:\/\/booksfrommexico.com\/es\/wp-json\/wp\/v2\/media?parent=5087"}],"wp:term":[{"taxonomy":"product_brand","embeddable":true,"href":"https:\/\/booksfrommexico.com\/es\/wp-json\/wp\/v2\/product_brand?post=5087"},{"taxonomy":"product_cat","embeddable":true,"href":"https:\/\/booksfrommexico.com\/es\/wp-json\/wp\/v2\/product_cat?post=5087"},{"taxonomy":"product_tag","embeddable":true,"href":"https:\/\/booksfrommexico.com\/es\/wp-json\/wp\/v2\/product_tag?post=5087"}],"curies":[{"name":"wp","href":"https:\/\/api.w.org\/{rel}","templated":true}]}}