{"id":5088,"date":"2024-02-14T23:26:59","date_gmt":"2024-02-14T23:26:59","guid":{"rendered":"https:\/\/booksfrommexico.com\/product\/memorial-de-ayotzinapa\/"},"modified":"2024-05-09T22:58:48","modified_gmt":"2024-05-09T22:58:48","slug":"memorial-de-ayotzinapa","status":"publish","type":"product","link":"https:\/\/booksfrommexico.com\/es\/producto\/memorial-de-ayotzinapa\/","title":{"rendered":"Memorial de Ayotzinapa"},"content":{"rendered":"<p><span style=\"font-weight: 400;\">Mario Boj\u00f3rquez es un poeta, ensayista y traductor, ganador de reconocimientos y considerado uno de los m\u00e1s talentosos poetas de su generaci\u00f3n. Esta serie de poemas son denominados por su autor como \u201cpoemas documentales\u201d, que cubren lo que se sabe acerca de los estudiantes desaparecidos de Ayotzinapa. Apoyado en notas de diarios nacionales, libros de investigaci\u00f3n period\u00edstica, documentales e informes del gobierno, el autor hace una investigaci\u00f3n previa documentada para poder dar voz a los personajes de sus poemas y poder narrar dentro de la poes\u00eda la historia de un joven acompa\u00f1ado por su nahual a lo largo de esa madrugada del 26 de septiembre de 2014. <\/span><\/p>\n","protected":false},"excerpt":{"rendered":"<p>MEMORIAL DE AYOTZINAPA. <span style=\"font-weight: 400;\">\/ Mario Boj\u00f3rquez. Orlando Mondrag\u00f3n. <\/span><span style=\"font-weight: 400;\">Puebla<\/span><span style=\"font-weight: 400;\">, M\u00e9xico<\/span><span style=\"font-weight: 400;\"> : <\/span><span style=\"font-weight: 400;\">Territorio Po\u00e9tico A.C. , Todo Poes\u00eda ; Madrid, Espa\u00f1a : Visor Libros, 2023. Fifth edition. 88 pages ; 20 cm. (Colecci\u00f3n C\u00edrculo de Poes\u00eda). ISBN : 9786079135102.\u00a0<\/span><\/p>\n","protected":false},"featured_media":5256,"template":"","meta":{"_acf_changed":false,"inline_featured_image":false},"product_brand":[],"product_cat":[25,32],"product_tag":[4176,4319,4122,4115],"class_list":{"0":"post-5088","1":"product","2":"type-product","3":"status-publish","4":"has-post-thumbnail","6":"product_cat-literatura","7":"product_cat-poesia-literatura","8":"product_tag-activismo-y-protesta","9":"product_tag-ayotzinapa","10":"product_tag-investigacion","11":"product_tag-poesia-es","13":"first","14":"instock","15":"taxable","16":"shipping-taxable","17":"purchasable","18":"product-type-simple"},"acf":[],"yoast_head":"<!-- This site is optimized with the Yoast SEO plugin v27.3 - https:\/\/yoast.com\/product\/yoast-seo-wordpress\/ -->\n<title>Memorial de Ayotzinapa<\/title>\n<meta name=\"description\" content=\"Mario Boj\u00f3rquez. Orlando Mondrag\u00f3n. 2023. Fifth edition. 88 pages ; 20 cm. (Colecci\u00f3n C\u00edrculo de Poes\u00eda). ISBN : 9786079135102.\" \/>\n<meta name=\"robots\" content=\"index, follow, max-snippet:-1, max-image-preview:large, max-video-preview:-1\" \/>\n<link rel=\"canonical\" href=\"https:\/\/booksfrommexico.com\/es\/producto\/memorial-de-ayotzinapa\/\" \/>\n<meta property=\"og:locale\" content=\"es_ES\" \/>\n<meta property=\"og:type\" content=\"article\" \/>\n<meta property=\"og:title\" content=\"Memorial de Ayotzinapa\" \/>\n<meta property=\"og:description\" content=\"Mario Boj\u00f3rquez. Orlando Mondrag\u00f3n. 2023. Fifth edition. 88 pages ; 20 cm. (Colecci\u00f3n C\u00edrculo de Poes\u00eda). ISBN : 9786079135102.\" \/>\n<meta property=\"og:url\" content=\"https:\/\/booksfrommexico.com\/es\/producto\/memorial-de-ayotzinapa\/\" \/>\n<meta property=\"og:site_name\" content=\"Books From Mexico\" \/>\n<meta property=\"article:modified_time\" content=\"2024-05-09T22:58:48+00:00\" \/>\n<meta property=\"og:image\" content=\"http:\/\/booksfrommexico.com\/app\/uploads\/2024\/02\/199495.jpg\" \/>\n\t<meta property=\"og:image:width\" content=\"650\" \/>\n\t<meta property=\"og:image:height\" content=\"1000\" \/>\n\t<meta property=\"og:image:type\" content=\"image\/jpeg\" \/>\n<meta name=\"twitter:card\" content=\"summary_large_image\" \/>\n<meta name=\"twitter:label1\" content=\"Tiempo de lectura\" \/>\n\t<meta name=\"twitter:data1\" content=\"1 minuto\" \/>\n<script type=\"application\/ld+json\" class=\"yoast-schema-graph\">{\"@context\":\"https:\\\/\\\/schema.org\",\"@graph\":[{\"@type\":\"WebPage\",\"@id\":\"https:\\\/\\\/booksfrommexico.com\\\/es\\\/producto\\\/memorial-de-ayotzinapa\\\/\",\"url\":\"https:\\\/\\\/booksfrommexico.com\\\/es\\\/producto\\\/memorial-de-ayotzinapa\\\/\",\"name\":\"Memorial de Ayotzinapa\",\"isPartOf\":{\"@id\":\"https:\\\/\\\/booksfrommexico.com\\\/#website\"},\"primaryImageOfPage\":{\"@id\":\"https:\\\/\\\/booksfrommexico.com\\\/es\\\/producto\\\/memorial-de-ayotzinapa\\\/#primaryimage\"},\"image\":{\"@id\":\"https:\\\/\\\/booksfrommexico.com\\\/es\\\/producto\\\/memorial-de-ayotzinapa\\\/#primaryimage\"},\"thumbnailUrl\":\"https:\\\/\\\/booksfrommexico.com\\\/app\\\/uploads\\\/2024\\\/02\\\/199495.jpg\",\"datePublished\":\"2024-02-14T23:26:59+00:00\",\"dateModified\":\"2024-05-09T22:58:48+00:00\",\"description\":\"Mario Boj\u00f3rquez. Orlando Mondrag\u00f3n. 2023. Fifth edition. 88 pages ; 20 cm. (Colecci\u00f3n C\u00edrculo de Poes\u00eda). ISBN : 9786079135102.\",\"breadcrumb\":{\"@id\":\"https:\\\/\\\/booksfrommexico.com\\\/es\\\/producto\\\/memorial-de-ayotzinapa\\\/#breadcrumb\"},\"inLanguage\":\"es\",\"potentialAction\":[{\"@type\":\"ReadAction\",\"target\":[\"https:\\\/\\\/booksfrommexico.com\\\/es\\\/producto\\\/memorial-de-ayotzinapa\\\/\"]}]},{\"@type\":\"ImageObject\",\"inLanguage\":\"es\",\"@id\":\"https:\\\/\\\/booksfrommexico.com\\\/es\\\/producto\\\/memorial-de-ayotzinapa\\\/#primaryimage\",\"url\":\"https:\\\/\\\/booksfrommexico.com\\\/app\\\/uploads\\\/2024\\\/02\\\/199495.jpg\",\"contentUrl\":\"https:\\\/\\\/booksfrommexico.com\\\/app\\\/uploads\\\/2024\\\/02\\\/199495.jpg\",\"width\":650,\"height\":1000,\"caption\":\"Memorial de Ayotzinapa\"},{\"@type\":\"BreadcrumbList\",\"@id\":\"https:\\\/\\\/booksfrommexico.com\\\/es\\\/producto\\\/memorial-de-ayotzinapa\\\/#breadcrumb\",\"itemListElement\":[{\"@type\":\"ListItem\",\"position\":1,\"name\":\"Home\",\"item\":\"https:\\\/\\\/booksfrommexico.com\\\/es\\\/\"},{\"@type\":\"ListItem\",\"position\":2,\"name\":\"Libros\",\"item\":\"https:\\\/\\\/booksfrommexico.com\\\/es\\\/libros\\\/\"},{\"@type\":\"ListItem\",\"position\":3,\"name\":\"Memorial de Ayotzinapa\"}]},{\"@type\":\"WebSite\",\"@id\":\"https:\\\/\\\/booksfrommexico.com\\\/#website\",\"url\":\"https:\\\/\\\/booksfrommexico.com\\\/\",\"name\":\"Books From Mexico\",\"description\":\"\",\"publisher\":{\"@id\":\"https:\\\/\\\/booksfrommexico.com\\\/#organization\"},\"potentialAction\":[{\"@type\":\"SearchAction\",\"target\":{\"@type\":\"EntryPoint\",\"urlTemplate\":\"https:\\\/\\\/booksfrommexico.com\\\/?s={search_term_string}\"},\"query-input\":{\"@type\":\"PropertyValueSpecification\",\"valueRequired\":true,\"valueName\":\"search_term_string\"}}],\"inLanguage\":\"es\"},{\"@type\":\"Organization\",\"@id\":\"https:\\\/\\\/booksfrommexico.com\\\/#organization\",\"name\":\"Books From Mexico\",\"url\":\"https:\\\/\\\/booksfrommexico.com\\\/\",\"logo\":{\"@type\":\"ImageObject\",\"inLanguage\":\"es\",\"@id\":\"https:\\\/\\\/booksfrommexico.com\\\/#\\\/schema\\\/logo\\\/image\\\/\",\"url\":\"https:\\\/\\\/booksfrommexico.com\\\/app\\\/uploads\\\/2023\\\/05\\\/logo-booksfrommexico.svg\",\"contentUrl\":\"https:\\\/\\\/booksfrommexico.com\\\/app\\\/uploads\\\/2023\\\/05\\\/logo-booksfrommexico.svg\",\"width\":86,\"height\":56,\"caption\":\"Books From Mexico\"},\"image\":{\"@id\":\"https:\\\/\\\/booksfrommexico.com\\\/#\\\/schema\\\/logo\\\/image\\\/\"}}]}<\/script>\n<!-- \/ Yoast SEO plugin. -->","yoast_head_json":{"title":"Memorial de Ayotzinapa","description":"Mario Boj\u00f3rquez. Orlando Mondrag\u00f3n. 2023. Fifth edition. 88 pages ; 20 cm. (Colecci\u00f3n C\u00edrculo de Poes\u00eda). ISBN : 9786079135102.","robots":{"index":"index","follow":"follow","max-snippet":"max-snippet:-1","max-image-preview":"max-image-preview:large","max-video-preview":"max-video-preview:-1"},"canonical":"https:\/\/booksfrommexico.com\/es\/producto\/memorial-de-ayotzinapa\/","og_locale":"es_ES","og_type":"article","og_title":"Memorial de Ayotzinapa","og_description":"Mario Boj\u00f3rquez. Orlando Mondrag\u00f3n. 2023. Fifth edition. 88 pages ; 20 cm. (Colecci\u00f3n C\u00edrculo de Poes\u00eda). ISBN : 9786079135102.","og_url":"https:\/\/booksfrommexico.com\/es\/producto\/memorial-de-ayotzinapa\/","og_site_name":"Books From Mexico","article_modified_time":"2024-05-09T22:58:48+00:00","og_image":[{"width":650,"height":1000,"url":"http:\/\/booksfrommexico.com\/app\/uploads\/2024\/02\/199495.jpg","type":"image\/jpeg"}],"twitter_card":"summary_large_image","twitter_misc":{"Tiempo de lectura":"1 minuto"},"schema":{"@context":"https:\/\/schema.org","@graph":[{"@type":"WebPage","@id":"https:\/\/booksfrommexico.com\/es\/producto\/memorial-de-ayotzinapa\/","url":"https:\/\/booksfrommexico.com\/es\/producto\/memorial-de-ayotzinapa\/","name":"Memorial de Ayotzinapa","isPartOf":{"@id":"https:\/\/booksfrommexico.com\/#website"},"primaryImageOfPage":{"@id":"https:\/\/booksfrommexico.com\/es\/producto\/memorial-de-ayotzinapa\/#primaryimage"},"image":{"@id":"https:\/\/booksfrommexico.com\/es\/producto\/memorial-de-ayotzinapa\/#primaryimage"},"thumbnailUrl":"https:\/\/booksfrommexico.com\/app\/uploads\/2024\/02\/199495.jpg","datePublished":"2024-02-14T23:26:59+00:00","dateModified":"2024-05-09T22:58:48+00:00","description":"Mario Boj\u00f3rquez. Orlando Mondrag\u00f3n. 2023. Fifth edition. 88 pages ; 20 cm. (Colecci\u00f3n C\u00edrculo de Poes\u00eda). ISBN : 9786079135102.","breadcrumb":{"@id":"https:\/\/booksfrommexico.com\/es\/producto\/memorial-de-ayotzinapa\/#breadcrumb"},"inLanguage":"es","potentialAction":[{"@type":"ReadAction","target":["https:\/\/booksfrommexico.com\/es\/producto\/memorial-de-ayotzinapa\/"]}]},{"@type":"ImageObject","inLanguage":"es","@id":"https:\/\/booksfrommexico.com\/es\/producto\/memorial-de-ayotzinapa\/#primaryimage","url":"https:\/\/booksfrommexico.com\/app\/uploads\/2024\/02\/199495.jpg","contentUrl":"https:\/\/booksfrommexico.com\/app\/uploads\/2024\/02\/199495.jpg","width":650,"height":1000,"caption":"Memorial de Ayotzinapa"},{"@type":"BreadcrumbList","@id":"https:\/\/booksfrommexico.com\/es\/producto\/memorial-de-ayotzinapa\/#breadcrumb","itemListElement":[{"@type":"ListItem","position":1,"name":"Home","item":"https:\/\/booksfrommexico.com\/es\/"},{"@type":"ListItem","position":2,"name":"Libros","item":"https:\/\/booksfrommexico.com\/es\/libros\/"},{"@type":"ListItem","position":3,"name":"Memorial de Ayotzinapa"}]},{"@type":"WebSite","@id":"https:\/\/booksfrommexico.com\/#website","url":"https:\/\/booksfrommexico.com\/","name":"Books From Mexico","description":"","publisher":{"@id":"https:\/\/booksfrommexico.com\/#organization"},"potentialAction":[{"@type":"SearchAction","target":{"@type":"EntryPoint","urlTemplate":"https:\/\/booksfrommexico.com\/?s={search_term_string}"},"query-input":{"@type":"PropertyValueSpecification","valueRequired":true,"valueName":"search_term_string"}}],"inLanguage":"es"},{"@type":"Organization","@id":"https:\/\/booksfrommexico.com\/#organization","name":"Books From Mexico","url":"https:\/\/booksfrommexico.com\/","logo":{"@type":"ImageObject","inLanguage":"es","@id":"https:\/\/booksfrommexico.com\/#\/schema\/logo\/image\/","url":"https:\/\/booksfrommexico.com\/app\/uploads\/2023\/05\/logo-booksfrommexico.svg","contentUrl":"https:\/\/booksfrommexico.com\/app\/uploads\/2023\/05\/logo-booksfrommexico.svg","width":86,"height":56,"caption":"Books From Mexico"},"image":{"@id":"https:\/\/booksfrommexico.com\/#\/schema\/logo\/image\/"}}]}},"_links":{"self":[{"href":"https:\/\/booksfrommexico.com\/es\/wp-json\/wp\/v2\/product\/5088","targetHints":{"allow":["GET"]}}],"collection":[{"href":"https:\/\/booksfrommexico.com\/es\/wp-json\/wp\/v2\/product"}],"about":[{"href":"https:\/\/booksfrommexico.com\/es\/wp-json\/wp\/v2\/types\/product"}],"wp:featuredmedia":[{"embeddable":true,"href":"https:\/\/booksfrommexico.com\/es\/wp-json\/wp\/v2\/media\/5256"}],"wp:attachment":[{"href":"https:\/\/booksfrommexico.com\/es\/wp-json\/wp\/v2\/media?parent=5088"}],"wp:term":[{"taxonomy":"product_brand","embeddable":true,"href":"https:\/\/booksfrommexico.com\/es\/wp-json\/wp\/v2\/product_brand?post=5088"},{"taxonomy":"product_cat","embeddable":true,"href":"https:\/\/booksfrommexico.com\/es\/wp-json\/wp\/v2\/product_cat?post=5088"},{"taxonomy":"product_tag","embeddable":true,"href":"https:\/\/booksfrommexico.com\/es\/wp-json\/wp\/v2\/product_tag?post=5088"}],"curies":[{"name":"wp","href":"https:\/\/api.w.org\/{rel}","templated":true}]}}