{"id":5089,"date":"2024-02-14T23:26:59","date_gmt":"2024-02-14T23:26:59","guid":{"rendered":"https:\/\/booksfrommexico.com\/product\/wahine-toikupu-poetas-contemporaneas-de-nueva-zelanda\/"},"modified":"2024-04-11T21:29:25","modified_gmt":"2024-04-11T21:29:25","slug":"wahine-toikupu-poetas-contemporaneas-de-nueva-zelanda","status":"publish","type":"product","link":"https:\/\/booksfrommexico.com\/es\/producto\/wahine-toikupu-poetas-contemporaneas-de-nueva-zelanda\/","title":{"rendered":"Wahine Toikupu"},"content":{"rendered":"<p>Andrea Rivas conjunta el trabajo de 15 autoras neozelandesas para armar esta colecci\u00f3n de poes\u00eda que busca dar un enfoque a la escritura de las mujeres. Estos poemas se entrelazan entre ellos a trav\u00e9s del w\u0101hine toikupiu, que es el t\u00e9rmino para hablar de la poes\u00eda escrita \u00fanicamente por mujeres. Esta visi\u00f3n femenina, tiene como resultado que la elecci\u00f3n de t\u00f3picos sobre los que se escribe, parezca premeditada, cuando en realidad simplemente se trata de cosas que las mujeres tienen en com\u00fan por el hecho de ser mujeres. Cuestiones como el amor, la soledad, el dolor, los miedos y la maternidad son frecuentes en estos poemas y las autoras se encargan de enunciar la belleza que hay en ellos.<\/p>\n","protected":false},"excerpt":{"rendered":"<p>W\u0100HINE TOIKUPU : POETAS CONTEMPOR\u00c1NEOS DE NUEVA ZELANDA. <span style=\"font-weight: 400;\">\/ Andrea Rivas (editor). <\/span><span style=\"font-weight: 400;\">Puebla<\/span><span style=\"font-weight: 400;\">, M\u00e9xico<\/span><span style=\"font-weight: 400;\"> : <\/span><span style=\"font-weight: 400;\">Territorio Po\u00e9tico A.C. , Todo Poes\u00eda, 2022. 99 pages : includes notes, semblances ; 20 cm. (Colecci\u00f3n C\u00edrculo de Poes\u00eda). ISBN : 9786079135720.<\/span><\/p>\n","protected":false},"featured_media":5259,"template":"","meta":{"_acf_changed":false,"inline_featured_image":false},"product_brand":[],"product_cat":[25,32],"product_tag":[4225,4115,4180],"class_list":{"0":"post-5089","1":"product","2":"type-product","3":"status-publish","4":"has-post-thumbnail","6":"product_cat-literatura","7":"product_cat-poesia-literatura","8":"product_tag-mujeres-literatura","9":"product_tag-poesia-es","10":"product_tag-poesia-contemporanea","12":"first","13":"instock","14":"taxable","15":"shipping-taxable","16":"purchasable","17":"product-type-simple"},"acf":[],"yoast_head":"<!-- This site is optimized with the Yoast SEO plugin v27.3 - https:\/\/yoast.com\/product\/yoast-seo-wordpress\/ -->\n<title>Wahine Toikupu<\/title>\n<meta name=\"description\" content=\"Wahine Toikupu : Poetas contempor\u00e1neas de Nueva Zelanda. \/ Andrea Rivas (editor). Puebla, M\u00e9xico : Territorio Po\u00e9tico A.C. , Todo Poes\u00eda, 2022.\" \/>\n<meta name=\"robots\" content=\"index, follow, max-snippet:-1, max-image-preview:large, max-video-preview:-1\" \/>\n<link rel=\"canonical\" href=\"https:\/\/booksfrommexico.com\/es\/producto\/wahine-toikupu-poetas-contemporaneas-de-nueva-zelanda\/\" \/>\n<meta property=\"og:locale\" content=\"es_ES\" \/>\n<meta property=\"og:type\" content=\"article\" \/>\n<meta property=\"og:title\" content=\"Wahine Toikupu\" \/>\n<meta property=\"og:description\" content=\"Wahine Toikupu : Poetas contempor\u00e1neas de Nueva Zelanda. \/ Andrea Rivas (editor). Puebla, M\u00e9xico : Territorio Po\u00e9tico A.C. , Todo Poes\u00eda, 2022.\" \/>\n<meta property=\"og:url\" content=\"https:\/\/booksfrommexico.com\/es\/producto\/wahine-toikupu-poetas-contemporaneas-de-nueva-zelanda\/\" \/>\n<meta property=\"og:site_name\" content=\"Books From Mexico\" \/>\n<meta property=\"article:modified_time\" content=\"2024-04-11T21:29:25+00:00\" \/>\n<meta property=\"og:image\" content=\"http:\/\/booksfrommexico.com\/app\/uploads\/2024\/02\/199496.jpeg\" \/>\n\t<meta property=\"og:image:width\" content=\"353\" \/>\n\t<meta property=\"og:image:height\" content=\"557\" \/>\n\t<meta property=\"og:image:type\" content=\"image\/jpeg\" \/>\n<meta name=\"twitter:card\" content=\"summary_large_image\" \/>\n<meta name=\"twitter:label1\" content=\"Tiempo de lectura\" \/>\n\t<meta name=\"twitter:data1\" content=\"1 minuto\" \/>\n<script type=\"application\/ld+json\" class=\"yoast-schema-graph\">{\"@context\":\"https:\\\/\\\/schema.org\",\"@graph\":[{\"@type\":\"WebPage\",\"@id\":\"https:\\\/\\\/booksfrommexico.com\\\/es\\\/producto\\\/wahine-toikupu-poetas-contemporaneas-de-nueva-zelanda\\\/\",\"url\":\"https:\\\/\\\/booksfrommexico.com\\\/es\\\/producto\\\/wahine-toikupu-poetas-contemporaneas-de-nueva-zelanda\\\/\",\"name\":\"Wahine Toikupu\",\"isPartOf\":{\"@id\":\"https:\\\/\\\/booksfrommexico.com\\\/#website\"},\"primaryImageOfPage\":{\"@id\":\"https:\\\/\\\/booksfrommexico.com\\\/es\\\/producto\\\/wahine-toikupu-poetas-contemporaneas-de-nueva-zelanda\\\/#primaryimage\"},\"image\":{\"@id\":\"https:\\\/\\\/booksfrommexico.com\\\/es\\\/producto\\\/wahine-toikupu-poetas-contemporaneas-de-nueva-zelanda\\\/#primaryimage\"},\"thumbnailUrl\":\"https:\\\/\\\/booksfrommexico.com\\\/app\\\/uploads\\\/2024\\\/02\\\/199496.jpeg\",\"datePublished\":\"2024-02-14T23:26:59+00:00\",\"dateModified\":\"2024-04-11T21:29:25+00:00\",\"description\":\"Wahine Toikupu : Poetas contempor\u00e1neas de Nueva Zelanda. \\\/ Andrea Rivas (editor). Puebla, M\u00e9xico : Territorio Po\u00e9tico A.C. , Todo Poes\u00eda, 2022.\",\"breadcrumb\":{\"@id\":\"https:\\\/\\\/booksfrommexico.com\\\/es\\\/producto\\\/wahine-toikupu-poetas-contemporaneas-de-nueva-zelanda\\\/#breadcrumb\"},\"inLanguage\":\"es\",\"potentialAction\":[{\"@type\":\"ReadAction\",\"target\":[\"https:\\\/\\\/booksfrommexico.com\\\/es\\\/producto\\\/wahine-toikupu-poetas-contemporaneas-de-nueva-zelanda\\\/\"]}]},{\"@type\":\"ImageObject\",\"inLanguage\":\"es\",\"@id\":\"https:\\\/\\\/booksfrommexico.com\\\/es\\\/producto\\\/wahine-toikupu-poetas-contemporaneas-de-nueva-zelanda\\\/#primaryimage\",\"url\":\"https:\\\/\\\/booksfrommexico.com\\\/app\\\/uploads\\\/2024\\\/02\\\/199496.jpeg\",\"contentUrl\":\"https:\\\/\\\/booksfrommexico.com\\\/app\\\/uploads\\\/2024\\\/02\\\/199496.jpeg\",\"width\":353,\"height\":557,\"caption\":\"Wahine Toikupu : poetas contempor\u00e1neas de Nueva Zelanda\"},{\"@type\":\"BreadcrumbList\",\"@id\":\"https:\\\/\\\/booksfrommexico.com\\\/es\\\/producto\\\/wahine-toikupu-poetas-contemporaneas-de-nueva-zelanda\\\/#breadcrumb\",\"itemListElement\":[{\"@type\":\"ListItem\",\"position\":1,\"name\":\"Home\",\"item\":\"https:\\\/\\\/booksfrommexico.com\\\/es\\\/\"},{\"@type\":\"ListItem\",\"position\":2,\"name\":\"Libros\",\"item\":\"https:\\\/\\\/booksfrommexico.com\\\/es\\\/libros\\\/\"},{\"@type\":\"ListItem\",\"position\":3,\"name\":\"Wahine Toikupu\"}]},{\"@type\":\"WebSite\",\"@id\":\"https:\\\/\\\/booksfrommexico.com\\\/#website\",\"url\":\"https:\\\/\\\/booksfrommexico.com\\\/\",\"name\":\"Books From Mexico\",\"description\":\"\",\"publisher\":{\"@id\":\"https:\\\/\\\/booksfrommexico.com\\\/#organization\"},\"potentialAction\":[{\"@type\":\"SearchAction\",\"target\":{\"@type\":\"EntryPoint\",\"urlTemplate\":\"https:\\\/\\\/booksfrommexico.com\\\/?s={search_term_string}\"},\"query-input\":{\"@type\":\"PropertyValueSpecification\",\"valueRequired\":true,\"valueName\":\"search_term_string\"}}],\"inLanguage\":\"es\"},{\"@type\":\"Organization\",\"@id\":\"https:\\\/\\\/booksfrommexico.com\\\/#organization\",\"name\":\"Books From Mexico\",\"url\":\"https:\\\/\\\/booksfrommexico.com\\\/\",\"logo\":{\"@type\":\"ImageObject\",\"inLanguage\":\"es\",\"@id\":\"https:\\\/\\\/booksfrommexico.com\\\/#\\\/schema\\\/logo\\\/image\\\/\",\"url\":\"https:\\\/\\\/booksfrommexico.com\\\/app\\\/uploads\\\/2023\\\/05\\\/logo-booksfrommexico.svg\",\"contentUrl\":\"https:\\\/\\\/booksfrommexico.com\\\/app\\\/uploads\\\/2023\\\/05\\\/logo-booksfrommexico.svg\",\"width\":86,\"height\":56,\"caption\":\"Books From Mexico\"},\"image\":{\"@id\":\"https:\\\/\\\/booksfrommexico.com\\\/#\\\/schema\\\/logo\\\/image\\\/\"}}]}<\/script>\n<!-- \/ Yoast SEO plugin. -->","yoast_head_json":{"title":"Wahine Toikupu","description":"Wahine Toikupu : Poetas contempor\u00e1neas de Nueva Zelanda. \/ Andrea Rivas (editor). Puebla, M\u00e9xico : Territorio Po\u00e9tico A.C. , Todo Poes\u00eda, 2022.","robots":{"index":"index","follow":"follow","max-snippet":"max-snippet:-1","max-image-preview":"max-image-preview:large","max-video-preview":"max-video-preview:-1"},"canonical":"https:\/\/booksfrommexico.com\/es\/producto\/wahine-toikupu-poetas-contemporaneas-de-nueva-zelanda\/","og_locale":"es_ES","og_type":"article","og_title":"Wahine Toikupu","og_description":"Wahine Toikupu : Poetas contempor\u00e1neas de Nueva Zelanda. \/ Andrea Rivas (editor). Puebla, M\u00e9xico : Territorio Po\u00e9tico A.C. , Todo Poes\u00eda, 2022.","og_url":"https:\/\/booksfrommexico.com\/es\/producto\/wahine-toikupu-poetas-contemporaneas-de-nueva-zelanda\/","og_site_name":"Books From Mexico","article_modified_time":"2024-04-11T21:29:25+00:00","og_image":[{"width":353,"height":557,"url":"http:\/\/booksfrommexico.com\/app\/uploads\/2024\/02\/199496.jpeg","type":"image\/jpeg"}],"twitter_card":"summary_large_image","twitter_misc":{"Tiempo de lectura":"1 minuto"},"schema":{"@context":"https:\/\/schema.org","@graph":[{"@type":"WebPage","@id":"https:\/\/booksfrommexico.com\/es\/producto\/wahine-toikupu-poetas-contemporaneas-de-nueva-zelanda\/","url":"https:\/\/booksfrommexico.com\/es\/producto\/wahine-toikupu-poetas-contemporaneas-de-nueva-zelanda\/","name":"Wahine Toikupu","isPartOf":{"@id":"https:\/\/booksfrommexico.com\/#website"},"primaryImageOfPage":{"@id":"https:\/\/booksfrommexico.com\/es\/producto\/wahine-toikupu-poetas-contemporaneas-de-nueva-zelanda\/#primaryimage"},"image":{"@id":"https:\/\/booksfrommexico.com\/es\/producto\/wahine-toikupu-poetas-contemporaneas-de-nueva-zelanda\/#primaryimage"},"thumbnailUrl":"https:\/\/booksfrommexico.com\/app\/uploads\/2024\/02\/199496.jpeg","datePublished":"2024-02-14T23:26:59+00:00","dateModified":"2024-04-11T21:29:25+00:00","description":"Wahine Toikupu : Poetas contempor\u00e1neas de Nueva Zelanda. \/ Andrea Rivas (editor). Puebla, M\u00e9xico : Territorio Po\u00e9tico A.C. , Todo Poes\u00eda, 2022.","breadcrumb":{"@id":"https:\/\/booksfrommexico.com\/es\/producto\/wahine-toikupu-poetas-contemporaneas-de-nueva-zelanda\/#breadcrumb"},"inLanguage":"es","potentialAction":[{"@type":"ReadAction","target":["https:\/\/booksfrommexico.com\/es\/producto\/wahine-toikupu-poetas-contemporaneas-de-nueva-zelanda\/"]}]},{"@type":"ImageObject","inLanguage":"es","@id":"https:\/\/booksfrommexico.com\/es\/producto\/wahine-toikupu-poetas-contemporaneas-de-nueva-zelanda\/#primaryimage","url":"https:\/\/booksfrommexico.com\/app\/uploads\/2024\/02\/199496.jpeg","contentUrl":"https:\/\/booksfrommexico.com\/app\/uploads\/2024\/02\/199496.jpeg","width":353,"height":557,"caption":"Wahine Toikupu : poetas contempor\u00e1neas de Nueva Zelanda"},{"@type":"BreadcrumbList","@id":"https:\/\/booksfrommexico.com\/es\/producto\/wahine-toikupu-poetas-contemporaneas-de-nueva-zelanda\/#breadcrumb","itemListElement":[{"@type":"ListItem","position":1,"name":"Home","item":"https:\/\/booksfrommexico.com\/es\/"},{"@type":"ListItem","position":2,"name":"Libros","item":"https:\/\/booksfrommexico.com\/es\/libros\/"},{"@type":"ListItem","position":3,"name":"Wahine Toikupu"}]},{"@type":"WebSite","@id":"https:\/\/booksfrommexico.com\/#website","url":"https:\/\/booksfrommexico.com\/","name":"Books From Mexico","description":"","publisher":{"@id":"https:\/\/booksfrommexico.com\/#organization"},"potentialAction":[{"@type":"SearchAction","target":{"@type":"EntryPoint","urlTemplate":"https:\/\/booksfrommexico.com\/?s={search_term_string}"},"query-input":{"@type":"PropertyValueSpecification","valueRequired":true,"valueName":"search_term_string"}}],"inLanguage":"es"},{"@type":"Organization","@id":"https:\/\/booksfrommexico.com\/#organization","name":"Books From Mexico","url":"https:\/\/booksfrommexico.com\/","logo":{"@type":"ImageObject","inLanguage":"es","@id":"https:\/\/booksfrommexico.com\/#\/schema\/logo\/image\/","url":"https:\/\/booksfrommexico.com\/app\/uploads\/2023\/05\/logo-booksfrommexico.svg","contentUrl":"https:\/\/booksfrommexico.com\/app\/uploads\/2023\/05\/logo-booksfrommexico.svg","width":86,"height":56,"caption":"Books From Mexico"},"image":{"@id":"https:\/\/booksfrommexico.com\/#\/schema\/logo\/image\/"}}]}},"_links":{"self":[{"href":"https:\/\/booksfrommexico.com\/es\/wp-json\/wp\/v2\/product\/5089","targetHints":{"allow":["GET"]}}],"collection":[{"href":"https:\/\/booksfrommexico.com\/es\/wp-json\/wp\/v2\/product"}],"about":[{"href":"https:\/\/booksfrommexico.com\/es\/wp-json\/wp\/v2\/types\/product"}],"wp:featuredmedia":[{"embeddable":true,"href":"https:\/\/booksfrommexico.com\/es\/wp-json\/wp\/v2\/media\/5259"}],"wp:attachment":[{"href":"https:\/\/booksfrommexico.com\/es\/wp-json\/wp\/v2\/media?parent=5089"}],"wp:term":[{"taxonomy":"product_brand","embeddable":true,"href":"https:\/\/booksfrommexico.com\/es\/wp-json\/wp\/v2\/product_brand?post=5089"},{"taxonomy":"product_cat","embeddable":true,"href":"https:\/\/booksfrommexico.com\/es\/wp-json\/wp\/v2\/product_cat?post=5089"},{"taxonomy":"product_tag","embeddable":true,"href":"https:\/\/booksfrommexico.com\/es\/wp-json\/wp\/v2\/product_tag?post=5089"}],"curies":[{"name":"wp","href":"https:\/\/api.w.org\/{rel}","templated":true}]}}