{"id":509,"date":"2023-05-08T17:03:19","date_gmt":"2023-05-08T17:03:19","guid":{"rendered":"http:\/\/booksfrommexico.com\/product\/ti-guchachi-cuxoone-guidxulayu-una-iguana-recorre-el-mundo\/"},"modified":"2025-02-26T01:20:35","modified_gmt":"2025-02-26T01:20:35","slug":"ti-guchachi-cuxoone-guidxulayu-una-iguana-recorre-el-mundo","status":"publish","type":"product","link":"https:\/\/booksfrommexico.com\/es\/producto\/ti-guchachi-cuxoone-guidxulayu-una-iguana-recorre-el-mundo\/","title":{"rendered":"Ti guchachi&#8217; cuxoone&#8217; guidxulay\u00fa: Una iguana recorre el mundo"},"content":{"rendered":"<p><span style=\"font-weight: 400;\">En este t\u00edtulo, se presenta al lector lo mejor de la producci\u00f3n como poeta zapoteco de Enedino Jim\u00e9nez, siendo una edici\u00f3n biling\u00fce espa\u00f1ol-zapoteco; sin embargo no son traducciones, son recreaciones del original escritas por el mismo autor. Estos poemas son una muestra de las posibilidades po\u00e9ticas del zapoteco, as\u00ed como es una llamada a trascender y a convertirse en un cl\u00e1sico de la literatura zapoteca debido a su calidad literaria y creativa. Aqu\u00ed se recuperan 40 poemas ordenados en seis secciones, en las cuales se agrupan de modo que constituyen un tema que se va desarrollando en distintas perspectivas, para acabar presentados de manera equilibrada.<\/span><\/p>\n","protected":false},"excerpt":{"rendered":"<p>TI GUCHACHI&#8217; CUXOONE&#8217; GUIDXULAY\u00da : UNA IGUANA RECORRE EL MUNDO<span style=\"font-weight: 400;\">. \/ Enedino Jim\u00e9nez Jim\u00e9nez. Oaxaca, M\u00e9xico : Instituto Estatal de Educaci\u00f3n P\u00fablica de Oaxaca, 2004. 107 pages : includes illustrations ; 21 cm. ISBN : 9685730202. <\/span><\/p>\n","protected":false},"featured_media":508,"template":"","meta":{"_acf_changed":false,"inline_featured_image":false},"product_brand":[],"product_cat":[25,32],"product_tag":[3717,4060,4115,4026,3935],"class_list":{"0":"post-509","1":"product","2":"type-product","3":"status-publish","4":"has-post-thumbnail","6":"product_cat-literatura","7":"product_cat-poesia-literatura","8":"product_tag-lenguaje-zapoteca","9":"product_tag-lenguas-indigenas-es","10":"product_tag-poesia-es","11":"product_tag-poesia-en-lenguas-originarias","12":"product_tag-zapotecas","14":"first","15":"outofstock","16":"sale","17":"taxable","18":"shipping-taxable","19":"purchasable","20":"product-type-simple"},"acf":[],"yoast_head":"<!-- This site is optimized with the Yoast SEO plugin v27.2 - https:\/\/yoast.com\/product\/yoast-seo-wordpress\/ -->\n<title>Ti guchachi&#039; cuxoone&#039; guidxulay\u00fa: Una iguana recorre el mundo<\/title>\n<meta name=\"description\" content=\"TI GUCHACHI&#039; CUXOONE&#039; GUIDXULAY\u00da : UNA IGUANA RECORRE EL MUNDO. \/ Enedino Jim\u00e9nez Jim\u00e9nez. Instituto Estatal de Educaci\u00f3n P\u00fablica de Oaxaca, 2004.\" \/>\n<meta name=\"robots\" content=\"index, follow, max-snippet:-1, max-image-preview:large, max-video-preview:-1\" \/>\n<link rel=\"canonical\" href=\"https:\/\/booksfrommexico.com\/es\/producto\/ti-guchachi-cuxoone-guidxulayu-una-iguana-recorre-el-mundo\/\" \/>\n<meta property=\"og:locale\" content=\"es_ES\" \/>\n<meta property=\"og:type\" content=\"article\" \/>\n<meta property=\"og:title\" content=\"Ti guchachi&#039; cuxoone&#039; guidxulay\u00fa: Una iguana recorre el mundo\" \/>\n<meta property=\"og:description\" content=\"TI GUCHACHI&#039; CUXOONE&#039; GUIDXULAY\u00da : UNA IGUANA RECORRE EL MUNDO. \/ Enedino Jim\u00e9nez Jim\u00e9nez. Instituto Estatal de Educaci\u00f3n P\u00fablica de Oaxaca, 2004.\" \/>\n<meta property=\"og:url\" content=\"https:\/\/booksfrommexico.com\/es\/producto\/ti-guchachi-cuxoone-guidxulayu-una-iguana-recorre-el-mundo\/\" \/>\n<meta property=\"og:site_name\" content=\"Books From Mexico\" \/>\n<meta property=\"article:modified_time\" content=\"2025-02-26T01:20:35+00:00\" \/>\n<meta property=\"og:image\" content=\"http:\/\/booksfrommexico.com\/app\/uploads\/2023\/05\/127932.jpeg\" \/>\n\t<meta property=\"og:image:width\" content=\"428\" \/>\n\t<meta property=\"og:image:height\" content=\"572\" \/>\n\t<meta property=\"og:image:type\" content=\"image\/jpeg\" \/>\n<meta name=\"twitter:card\" content=\"summary_large_image\" \/>\n<meta name=\"twitter:label1\" content=\"Tiempo de lectura\" \/>\n\t<meta name=\"twitter:data1\" content=\"1 minuto\" \/>\n<script type=\"application\/ld+json\" class=\"yoast-schema-graph\">{\"@context\":\"https:\/\/schema.org\",\"@graph\":[{\"@type\":\"WebPage\",\"@id\":\"https:\/\/booksfrommexico.com\/es\/producto\/ti-guchachi-cuxoone-guidxulayu-una-iguana-recorre-el-mundo\/\",\"url\":\"https:\/\/booksfrommexico.com\/es\/producto\/ti-guchachi-cuxoone-guidxulayu-una-iguana-recorre-el-mundo\/\",\"name\":\"Ti guchachi' cuxoone' guidxulay\u00fa: Una iguana recorre el mundo\",\"isPartOf\":{\"@id\":\"https:\/\/booksfrommexico.com\/#website\"},\"primaryImageOfPage\":{\"@id\":\"https:\/\/booksfrommexico.com\/es\/producto\/ti-guchachi-cuxoone-guidxulayu-una-iguana-recorre-el-mundo\/#primaryimage\"},\"image\":{\"@id\":\"https:\/\/booksfrommexico.com\/es\/producto\/ti-guchachi-cuxoone-guidxulayu-una-iguana-recorre-el-mundo\/#primaryimage\"},\"thumbnailUrl\":\"https:\/\/booksfrommexico.com\/app\/uploads\/2023\/05\/127932.jpeg\",\"datePublished\":\"2023-05-08T17:03:19+00:00\",\"dateModified\":\"2025-02-26T01:20:35+00:00\",\"description\":\"TI GUCHACHI' CUXOONE' GUIDXULAY\u00da : UNA IGUANA RECORRE EL MUNDO. \/ Enedino Jim\u00e9nez Jim\u00e9nez. Instituto Estatal de Educaci\u00f3n P\u00fablica de Oaxaca, 2004.\",\"breadcrumb\":{\"@id\":\"https:\/\/booksfrommexico.com\/es\/producto\/ti-guchachi-cuxoone-guidxulayu-una-iguana-recorre-el-mundo\/#breadcrumb\"},\"inLanguage\":\"es\",\"potentialAction\":[{\"@type\":\"ReadAction\",\"target\":[\"https:\/\/booksfrommexico.com\/es\/producto\/ti-guchachi-cuxoone-guidxulayu-una-iguana-recorre-el-mundo\/\"]}]},{\"@type\":\"ImageObject\",\"inLanguage\":\"es\",\"@id\":\"https:\/\/booksfrommexico.com\/es\/producto\/ti-guchachi-cuxoone-guidxulayu-una-iguana-recorre-el-mundo\/#primaryimage\",\"url\":\"https:\/\/booksfrommexico.com\/app\/uploads\/2023\/05\/127932.jpeg\",\"contentUrl\":\"https:\/\/booksfrommexico.com\/app\/uploads\/2023\/05\/127932.jpeg\",\"width\":428,\"height\":572},{\"@type\":\"BreadcrumbList\",\"@id\":\"https:\/\/booksfrommexico.com\/es\/producto\/ti-guchachi-cuxoone-guidxulayu-una-iguana-recorre-el-mundo\/#breadcrumb\",\"itemListElement\":[{\"@type\":\"ListItem\",\"position\":1,\"name\":\"Home\",\"item\":\"https:\/\/booksfrommexico.com\/es\/\"},{\"@type\":\"ListItem\",\"position\":2,\"name\":\"Libros\",\"item\":\"https:\/\/booksfrommexico.com\/es\/libros\/\"},{\"@type\":\"ListItem\",\"position\":3,\"name\":\"Ti guchachi&#8217; cuxoone&#8217; guidxulay\u00fa: Una iguana recorre el mundo\"}]},{\"@type\":\"WebSite\",\"@id\":\"https:\/\/booksfrommexico.com\/#website\",\"url\":\"https:\/\/booksfrommexico.com\/\",\"name\":\"Books From Mexico\",\"description\":\"\",\"publisher\":{\"@id\":\"https:\/\/booksfrommexico.com\/#organization\"},\"potentialAction\":[{\"@type\":\"SearchAction\",\"target\":{\"@type\":\"EntryPoint\",\"urlTemplate\":\"https:\/\/booksfrommexico.com\/?s={search_term_string}\"},\"query-input\":{\"@type\":\"PropertyValueSpecification\",\"valueRequired\":true,\"valueName\":\"search_term_string\"}}],\"inLanguage\":\"es\"},{\"@type\":\"Organization\",\"@id\":\"https:\/\/booksfrommexico.com\/#organization\",\"name\":\"Books From Mexico\",\"url\":\"https:\/\/booksfrommexico.com\/\",\"logo\":{\"@type\":\"ImageObject\",\"inLanguage\":\"es\",\"@id\":\"https:\/\/booksfrommexico.com\/#\/schema\/logo\/image\/\",\"url\":\"https:\/\/booksfrommexico.com\/app\/uploads\/2023\/05\/logo-booksfrommexico.svg\",\"contentUrl\":\"https:\/\/booksfrommexico.com\/app\/uploads\/2023\/05\/logo-booksfrommexico.svg\",\"width\":86,\"height\":56,\"caption\":\"Books From Mexico\"},\"image\":{\"@id\":\"https:\/\/booksfrommexico.com\/#\/schema\/logo\/image\/\"}}]}<\/script>\n<!-- \/ Yoast SEO plugin. -->","yoast_head_json":{"title":"Ti guchachi' cuxoone' guidxulay\u00fa: Una iguana recorre el mundo","description":"TI GUCHACHI' CUXOONE' GUIDXULAY\u00da : UNA IGUANA RECORRE EL MUNDO. \/ Enedino Jim\u00e9nez Jim\u00e9nez. Instituto Estatal de Educaci\u00f3n P\u00fablica de Oaxaca, 2004.","robots":{"index":"index","follow":"follow","max-snippet":"max-snippet:-1","max-image-preview":"max-image-preview:large","max-video-preview":"max-video-preview:-1"},"canonical":"https:\/\/booksfrommexico.com\/es\/producto\/ti-guchachi-cuxoone-guidxulayu-una-iguana-recorre-el-mundo\/","og_locale":"es_ES","og_type":"article","og_title":"Ti guchachi' cuxoone' guidxulay\u00fa: Una iguana recorre el mundo","og_description":"TI GUCHACHI' CUXOONE' GUIDXULAY\u00da : UNA IGUANA RECORRE EL MUNDO. \/ Enedino Jim\u00e9nez Jim\u00e9nez. Instituto Estatal de Educaci\u00f3n P\u00fablica de Oaxaca, 2004.","og_url":"https:\/\/booksfrommexico.com\/es\/producto\/ti-guchachi-cuxoone-guidxulayu-una-iguana-recorre-el-mundo\/","og_site_name":"Books From Mexico","article_modified_time":"2025-02-26T01:20:35+00:00","og_image":[{"width":428,"height":572,"url":"http:\/\/booksfrommexico.com\/app\/uploads\/2023\/05\/127932.jpeg","type":"image\/jpeg"}],"twitter_card":"summary_large_image","twitter_misc":{"Tiempo de lectura":"1 minuto"},"schema":{"@context":"https:\/\/schema.org","@graph":[{"@type":"WebPage","@id":"https:\/\/booksfrommexico.com\/es\/producto\/ti-guchachi-cuxoone-guidxulayu-una-iguana-recorre-el-mundo\/","url":"https:\/\/booksfrommexico.com\/es\/producto\/ti-guchachi-cuxoone-guidxulayu-una-iguana-recorre-el-mundo\/","name":"Ti guchachi' cuxoone' guidxulay\u00fa: Una iguana recorre el mundo","isPartOf":{"@id":"https:\/\/booksfrommexico.com\/#website"},"primaryImageOfPage":{"@id":"https:\/\/booksfrommexico.com\/es\/producto\/ti-guchachi-cuxoone-guidxulayu-una-iguana-recorre-el-mundo\/#primaryimage"},"image":{"@id":"https:\/\/booksfrommexico.com\/es\/producto\/ti-guchachi-cuxoone-guidxulayu-una-iguana-recorre-el-mundo\/#primaryimage"},"thumbnailUrl":"https:\/\/booksfrommexico.com\/app\/uploads\/2023\/05\/127932.jpeg","datePublished":"2023-05-08T17:03:19+00:00","dateModified":"2025-02-26T01:20:35+00:00","description":"TI GUCHACHI' CUXOONE' GUIDXULAY\u00da : UNA IGUANA RECORRE EL MUNDO. \/ Enedino Jim\u00e9nez Jim\u00e9nez. Instituto Estatal de Educaci\u00f3n P\u00fablica de Oaxaca, 2004.","breadcrumb":{"@id":"https:\/\/booksfrommexico.com\/es\/producto\/ti-guchachi-cuxoone-guidxulayu-una-iguana-recorre-el-mundo\/#breadcrumb"},"inLanguage":"es","potentialAction":[{"@type":"ReadAction","target":["https:\/\/booksfrommexico.com\/es\/producto\/ti-guchachi-cuxoone-guidxulayu-una-iguana-recorre-el-mundo\/"]}]},{"@type":"ImageObject","inLanguage":"es","@id":"https:\/\/booksfrommexico.com\/es\/producto\/ti-guchachi-cuxoone-guidxulayu-una-iguana-recorre-el-mundo\/#primaryimage","url":"https:\/\/booksfrommexico.com\/app\/uploads\/2023\/05\/127932.jpeg","contentUrl":"https:\/\/booksfrommexico.com\/app\/uploads\/2023\/05\/127932.jpeg","width":428,"height":572},{"@type":"BreadcrumbList","@id":"https:\/\/booksfrommexico.com\/es\/producto\/ti-guchachi-cuxoone-guidxulayu-una-iguana-recorre-el-mundo\/#breadcrumb","itemListElement":[{"@type":"ListItem","position":1,"name":"Home","item":"https:\/\/booksfrommexico.com\/es\/"},{"@type":"ListItem","position":2,"name":"Libros","item":"https:\/\/booksfrommexico.com\/es\/libros\/"},{"@type":"ListItem","position":3,"name":"Ti guchachi&#8217; cuxoone&#8217; guidxulay\u00fa: Una iguana recorre el mundo"}]},{"@type":"WebSite","@id":"https:\/\/booksfrommexico.com\/#website","url":"https:\/\/booksfrommexico.com\/","name":"Books From Mexico","description":"","publisher":{"@id":"https:\/\/booksfrommexico.com\/#organization"},"potentialAction":[{"@type":"SearchAction","target":{"@type":"EntryPoint","urlTemplate":"https:\/\/booksfrommexico.com\/?s={search_term_string}"},"query-input":{"@type":"PropertyValueSpecification","valueRequired":true,"valueName":"search_term_string"}}],"inLanguage":"es"},{"@type":"Organization","@id":"https:\/\/booksfrommexico.com\/#organization","name":"Books From Mexico","url":"https:\/\/booksfrommexico.com\/","logo":{"@type":"ImageObject","inLanguage":"es","@id":"https:\/\/booksfrommexico.com\/#\/schema\/logo\/image\/","url":"https:\/\/booksfrommexico.com\/app\/uploads\/2023\/05\/logo-booksfrommexico.svg","contentUrl":"https:\/\/booksfrommexico.com\/app\/uploads\/2023\/05\/logo-booksfrommexico.svg","width":86,"height":56,"caption":"Books From Mexico"},"image":{"@id":"https:\/\/booksfrommexico.com\/#\/schema\/logo\/image\/"}}]}},"_links":{"self":[{"href":"https:\/\/booksfrommexico.com\/es\/wp-json\/wp\/v2\/product\/509","targetHints":{"allow":["GET"]}}],"collection":[{"href":"https:\/\/booksfrommexico.com\/es\/wp-json\/wp\/v2\/product"}],"about":[{"href":"https:\/\/booksfrommexico.com\/es\/wp-json\/wp\/v2\/types\/product"}],"wp:featuredmedia":[{"embeddable":true,"href":"https:\/\/booksfrommexico.com\/es\/wp-json\/wp\/v2\/media\/508"}],"wp:attachment":[{"href":"https:\/\/booksfrommexico.com\/es\/wp-json\/wp\/v2\/media?parent=509"}],"wp:term":[{"taxonomy":"product_brand","embeddable":true,"href":"https:\/\/booksfrommexico.com\/es\/wp-json\/wp\/v2\/product_brand?post=509"},{"taxonomy":"product_cat","embeddable":true,"href":"https:\/\/booksfrommexico.com\/es\/wp-json\/wp\/v2\/product_cat?post=509"},{"taxonomy":"product_tag","embeddable":true,"href":"https:\/\/booksfrommexico.com\/es\/wp-json\/wp\/v2\/product_tag?post=509"}],"curies":[{"name":"wp","href":"https:\/\/api.w.org\/{rel}","templated":true}]}}