{"id":5094,"date":"2024-02-14T23:27:00","date_gmt":"2024-02-14T23:27:00","guid":{"rendered":"https:\/\/booksfrommexico.com\/product\/rio-doce\/"},"modified":"2024-02-19T23:08:37","modified_gmt":"2024-02-19T23:08:37","slug":"rio-doce","status":"publish","type":"product","link":"https:\/\/booksfrommexico.com\/es\/producto\/rio-doce\/","title":{"rendered":"R\u00edo Doce"},"content":{"rendered":"<p><span style=\"font-weight: 400;\">El 15 de enero de 2022 un jefe narcomenudista en Tijuana orden\u00f3 el asesinato del fotoperiodista Margarito Mart\u00ednez, al pensar que \u00e9ste era responsable de exponer fotograf\u00edas y textos familiares que, en apariencia, estaban enredados en el narcotr\u00e1fico. Novela contada a lo largo de 12 cap\u00edtulos breves en donde el protagonista es, a la vez, la v\u00edctima del homicidio. Esta narraci\u00f3n est\u00e1 basada en una historia real y es tambi\u00e9n una apolog\u00eda a los periodistas latinoamericanos que, por el hecho de ejercer su profesi\u00f3n, se ven expuestos a la amenaza, la persecuci\u00f3n y la violencia ejercidas por el\u00a0 narcotr\u00e1fico.\u00a0<\/span><\/p>\n","protected":false},"excerpt":{"rendered":"<p>R\u00cdO DOCE. <span style=\"font-weight: 400;\">\/ Pedro L\u00edpez Sol\u00eds. Tijuana, M\u00e9xico : Lapicero Rojo Editorial, 2022. 43 pages : includes photos ; 21 cm. ISBN : 9781952171819.<\/span><\/p>\n","protected":false},"featured_media":5278,"template":"","meta":{"_acf_changed":false,"inline_featured_image":false},"product_brand":[],"product_cat":[3331,25,1200],"product_tag":[4122,4172],"class_list":{"0":"post-5094","1":"product","2":"type-product","3":"status-publish","4":"has-post-thumbnail","6":"product_cat-drogas-narcotrafico-narcopolitica-y-narcosociedad","7":"product_cat-literatura","8":"product_cat-novela-literatura","9":"product_tag-investigacion","10":"product_tag-periodismo","12":"first","13":"instock","14":"taxable","15":"shipping-taxable","16":"purchasable","17":"product-type-simple"},"acf":[],"yoast_head":"<!-- This site is optimized with the Yoast SEO plugin v27.3 - https:\/\/yoast.com\/product\/yoast-seo-wordpress\/ -->\n<title>R\u00edo doce<\/title>\n<meta name=\"description\" content=\"Pedro L\u00edpez Sol\u00eds. Tijuana, M\u00e9xico : Lapicero Rojo Editorial, 2022. 43 pages : includes photos ; 21 cm. ISBN : 9781952171819\" \/>\n<meta name=\"robots\" content=\"index, follow, max-snippet:-1, max-image-preview:large, max-video-preview:-1\" \/>\n<link rel=\"canonical\" href=\"https:\/\/booksfrommexico.com\/es\/producto\/rio-doce\/\" \/>\n<meta property=\"og:locale\" content=\"es_ES\" \/>\n<meta property=\"og:type\" content=\"article\" \/>\n<meta property=\"og:title\" content=\"R\u00edo doce\" \/>\n<meta property=\"og:description\" content=\"Pedro L\u00edpez Sol\u00eds. Tijuana, M\u00e9xico : Lapicero Rojo Editorial, 2022. 43 pages : includes photos ; 21 cm. ISBN : 9781952171819\" \/>\n<meta property=\"og:url\" content=\"https:\/\/booksfrommexico.com\/es\/producto\/rio-doce\/\" \/>\n<meta property=\"og:site_name\" content=\"Books From Mexico\" \/>\n<meta property=\"article:modified_time\" content=\"2024-02-19T23:08:37+00:00\" \/>\n<meta property=\"og:image\" content=\"http:\/\/booksfrommexico.com\/app\/uploads\/2024\/02\/199634.jpeg\" \/>\n\t<meta property=\"og:image:width\" content=\"389\" \/>\n\t<meta property=\"og:image:height\" content=\"600\" \/>\n\t<meta property=\"og:image:type\" content=\"image\/jpeg\" \/>\n<meta name=\"twitter:card\" content=\"summary_large_image\" \/>\n<meta name=\"twitter:label1\" content=\"Tiempo de lectura\" \/>\n\t<meta name=\"twitter:data1\" content=\"1 minuto\" \/>\n<script type=\"application\/ld+json\" class=\"yoast-schema-graph\">{\"@context\":\"https:\\\/\\\/schema.org\",\"@graph\":[{\"@type\":\"WebPage\",\"@id\":\"https:\\\/\\\/booksfrommexico.com\\\/es\\\/producto\\\/rio-doce\\\/\",\"url\":\"https:\\\/\\\/booksfrommexico.com\\\/es\\\/producto\\\/rio-doce\\\/\",\"name\":\"R\u00edo doce\",\"isPartOf\":{\"@id\":\"https:\\\/\\\/booksfrommexico.com\\\/#website\"},\"primaryImageOfPage\":{\"@id\":\"https:\\\/\\\/booksfrommexico.com\\\/es\\\/producto\\\/rio-doce\\\/#primaryimage\"},\"image\":{\"@id\":\"https:\\\/\\\/booksfrommexico.com\\\/es\\\/producto\\\/rio-doce\\\/#primaryimage\"},\"thumbnailUrl\":\"https:\\\/\\\/booksfrommexico.com\\\/app\\\/uploads\\\/2024\\\/02\\\/199634.jpeg\",\"datePublished\":\"2024-02-14T23:27:00+00:00\",\"dateModified\":\"2024-02-19T23:08:37+00:00\",\"description\":\"Pedro L\u00edpez Sol\u00eds. Tijuana, M\u00e9xico : Lapicero Rojo Editorial, 2022. 43 pages : includes photos ; 21 cm. ISBN : 9781952171819\",\"breadcrumb\":{\"@id\":\"https:\\\/\\\/booksfrommexico.com\\\/es\\\/producto\\\/rio-doce\\\/#breadcrumb\"},\"inLanguage\":\"es\",\"potentialAction\":[{\"@type\":\"ReadAction\",\"target\":[\"https:\\\/\\\/booksfrommexico.com\\\/es\\\/producto\\\/rio-doce\\\/\"]}]},{\"@type\":\"ImageObject\",\"inLanguage\":\"es\",\"@id\":\"https:\\\/\\\/booksfrommexico.com\\\/es\\\/producto\\\/rio-doce\\\/#primaryimage\",\"url\":\"https:\\\/\\\/booksfrommexico.com\\\/app\\\/uploads\\\/2024\\\/02\\\/199634.jpeg\",\"contentUrl\":\"https:\\\/\\\/booksfrommexico.com\\\/app\\\/uploads\\\/2024\\\/02\\\/199634.jpeg\",\"width\":389,\"height\":600,\"caption\":\"R\u00edo Doce\"},{\"@type\":\"BreadcrumbList\",\"@id\":\"https:\\\/\\\/booksfrommexico.com\\\/es\\\/producto\\\/rio-doce\\\/#breadcrumb\",\"itemListElement\":[{\"@type\":\"ListItem\",\"position\":1,\"name\":\"Home\",\"item\":\"https:\\\/\\\/booksfrommexico.com\\\/es\\\/\"},{\"@type\":\"ListItem\",\"position\":2,\"name\":\"Libros\",\"item\":\"https:\\\/\\\/booksfrommexico.com\\\/es\\\/libros\\\/\"},{\"@type\":\"ListItem\",\"position\":3,\"name\":\"R\u00edo Doce\"}]},{\"@type\":\"WebSite\",\"@id\":\"https:\\\/\\\/booksfrommexico.com\\\/#website\",\"url\":\"https:\\\/\\\/booksfrommexico.com\\\/\",\"name\":\"Books From Mexico\",\"description\":\"\",\"publisher\":{\"@id\":\"https:\\\/\\\/booksfrommexico.com\\\/#organization\"},\"potentialAction\":[{\"@type\":\"SearchAction\",\"target\":{\"@type\":\"EntryPoint\",\"urlTemplate\":\"https:\\\/\\\/booksfrommexico.com\\\/?s={search_term_string}\"},\"query-input\":{\"@type\":\"PropertyValueSpecification\",\"valueRequired\":true,\"valueName\":\"search_term_string\"}}],\"inLanguage\":\"es\"},{\"@type\":\"Organization\",\"@id\":\"https:\\\/\\\/booksfrommexico.com\\\/#organization\",\"name\":\"Books From Mexico\",\"url\":\"https:\\\/\\\/booksfrommexico.com\\\/\",\"logo\":{\"@type\":\"ImageObject\",\"inLanguage\":\"es\",\"@id\":\"https:\\\/\\\/booksfrommexico.com\\\/#\\\/schema\\\/logo\\\/image\\\/\",\"url\":\"https:\\\/\\\/booksfrommexico.com\\\/app\\\/uploads\\\/2023\\\/05\\\/logo-booksfrommexico.svg\",\"contentUrl\":\"https:\\\/\\\/booksfrommexico.com\\\/app\\\/uploads\\\/2023\\\/05\\\/logo-booksfrommexico.svg\",\"width\":86,\"height\":56,\"caption\":\"Books From Mexico\"},\"image\":{\"@id\":\"https:\\\/\\\/booksfrommexico.com\\\/#\\\/schema\\\/logo\\\/image\\\/\"}}]}<\/script>\n<!-- \/ Yoast SEO plugin. -->","yoast_head_json":{"title":"R\u00edo doce","description":"Pedro L\u00edpez Sol\u00eds. Tijuana, M\u00e9xico : Lapicero Rojo Editorial, 2022. 43 pages : includes photos ; 21 cm. ISBN : 9781952171819","robots":{"index":"index","follow":"follow","max-snippet":"max-snippet:-1","max-image-preview":"max-image-preview:large","max-video-preview":"max-video-preview:-1"},"canonical":"https:\/\/booksfrommexico.com\/es\/producto\/rio-doce\/","og_locale":"es_ES","og_type":"article","og_title":"R\u00edo doce","og_description":"Pedro L\u00edpez Sol\u00eds. Tijuana, M\u00e9xico : Lapicero Rojo Editorial, 2022. 43 pages : includes photos ; 21 cm. ISBN : 9781952171819","og_url":"https:\/\/booksfrommexico.com\/es\/producto\/rio-doce\/","og_site_name":"Books From Mexico","article_modified_time":"2024-02-19T23:08:37+00:00","og_image":[{"width":389,"height":600,"url":"http:\/\/booksfrommexico.com\/app\/uploads\/2024\/02\/199634.jpeg","type":"image\/jpeg"}],"twitter_card":"summary_large_image","twitter_misc":{"Tiempo de lectura":"1 minuto"},"schema":{"@context":"https:\/\/schema.org","@graph":[{"@type":"WebPage","@id":"https:\/\/booksfrommexico.com\/es\/producto\/rio-doce\/","url":"https:\/\/booksfrommexico.com\/es\/producto\/rio-doce\/","name":"R\u00edo doce","isPartOf":{"@id":"https:\/\/booksfrommexico.com\/#website"},"primaryImageOfPage":{"@id":"https:\/\/booksfrommexico.com\/es\/producto\/rio-doce\/#primaryimage"},"image":{"@id":"https:\/\/booksfrommexico.com\/es\/producto\/rio-doce\/#primaryimage"},"thumbnailUrl":"https:\/\/booksfrommexico.com\/app\/uploads\/2024\/02\/199634.jpeg","datePublished":"2024-02-14T23:27:00+00:00","dateModified":"2024-02-19T23:08:37+00:00","description":"Pedro L\u00edpez Sol\u00eds. Tijuana, M\u00e9xico : Lapicero Rojo Editorial, 2022. 43 pages : includes photos ; 21 cm. ISBN : 9781952171819","breadcrumb":{"@id":"https:\/\/booksfrommexico.com\/es\/producto\/rio-doce\/#breadcrumb"},"inLanguage":"es","potentialAction":[{"@type":"ReadAction","target":["https:\/\/booksfrommexico.com\/es\/producto\/rio-doce\/"]}]},{"@type":"ImageObject","inLanguage":"es","@id":"https:\/\/booksfrommexico.com\/es\/producto\/rio-doce\/#primaryimage","url":"https:\/\/booksfrommexico.com\/app\/uploads\/2024\/02\/199634.jpeg","contentUrl":"https:\/\/booksfrommexico.com\/app\/uploads\/2024\/02\/199634.jpeg","width":389,"height":600,"caption":"R\u00edo Doce"},{"@type":"BreadcrumbList","@id":"https:\/\/booksfrommexico.com\/es\/producto\/rio-doce\/#breadcrumb","itemListElement":[{"@type":"ListItem","position":1,"name":"Home","item":"https:\/\/booksfrommexico.com\/es\/"},{"@type":"ListItem","position":2,"name":"Libros","item":"https:\/\/booksfrommexico.com\/es\/libros\/"},{"@type":"ListItem","position":3,"name":"R\u00edo Doce"}]},{"@type":"WebSite","@id":"https:\/\/booksfrommexico.com\/#website","url":"https:\/\/booksfrommexico.com\/","name":"Books From Mexico","description":"","publisher":{"@id":"https:\/\/booksfrommexico.com\/#organization"},"potentialAction":[{"@type":"SearchAction","target":{"@type":"EntryPoint","urlTemplate":"https:\/\/booksfrommexico.com\/?s={search_term_string}"},"query-input":{"@type":"PropertyValueSpecification","valueRequired":true,"valueName":"search_term_string"}}],"inLanguage":"es"},{"@type":"Organization","@id":"https:\/\/booksfrommexico.com\/#organization","name":"Books From Mexico","url":"https:\/\/booksfrommexico.com\/","logo":{"@type":"ImageObject","inLanguage":"es","@id":"https:\/\/booksfrommexico.com\/#\/schema\/logo\/image\/","url":"https:\/\/booksfrommexico.com\/app\/uploads\/2023\/05\/logo-booksfrommexico.svg","contentUrl":"https:\/\/booksfrommexico.com\/app\/uploads\/2023\/05\/logo-booksfrommexico.svg","width":86,"height":56,"caption":"Books From Mexico"},"image":{"@id":"https:\/\/booksfrommexico.com\/#\/schema\/logo\/image\/"}}]}},"_links":{"self":[{"href":"https:\/\/booksfrommexico.com\/es\/wp-json\/wp\/v2\/product\/5094","targetHints":{"allow":["GET"]}}],"collection":[{"href":"https:\/\/booksfrommexico.com\/es\/wp-json\/wp\/v2\/product"}],"about":[{"href":"https:\/\/booksfrommexico.com\/es\/wp-json\/wp\/v2\/types\/product"}],"wp:featuredmedia":[{"embeddable":true,"href":"https:\/\/booksfrommexico.com\/es\/wp-json\/wp\/v2\/media\/5278"}],"wp:attachment":[{"href":"https:\/\/booksfrommexico.com\/es\/wp-json\/wp\/v2\/media?parent=5094"}],"wp:term":[{"taxonomy":"product_brand","embeddable":true,"href":"https:\/\/booksfrommexico.com\/es\/wp-json\/wp\/v2\/product_brand?post=5094"},{"taxonomy":"product_cat","embeddable":true,"href":"https:\/\/booksfrommexico.com\/es\/wp-json\/wp\/v2\/product_cat?post=5094"},{"taxonomy":"product_tag","embeddable":true,"href":"https:\/\/booksfrommexico.com\/es\/wp-json\/wp\/v2\/product_tag?post=5094"}],"curies":[{"name":"wp","href":"https:\/\/api.w.org\/{rel}","templated":true}]}}