{"id":5095,"date":"2024-02-14T23:27:00","date_gmt":"2024-02-14T23:27:00","guid":{"rendered":"https:\/\/booksfrommexico.com\/product\/trabajadores-sindicatos-y-activistas-en-la-frontera-norte-de-mexico-un-mapeo-laboral-actualizado\/"},"modified":"2024-06-04T19:32:35","modified_gmt":"2024-06-04T19:32:35","slug":"trabajadores-sindicatos-y-activistas-en-la-frontera-norte-de-mexico-un-mapeo-laboral-actualizado","status":"publish","type":"product","link":"https:\/\/booksfrommexico.com\/es\/producto\/trabajadores-sindicatos-y-activistas-en-la-frontera-norte-de-mexico-un-mapeo-laboral-actualizado\/","title":{"rendered":"Trabajadores, sindicatos y activistas en la frontera norte de M\u00e9xico"},"content":{"rendered":"<p><span style=\"font-weight: 400;\">Investigaci\u00f3n realizada a lo largo de 30 a\u00f1os, matizada y localizada sobre las condiciones de trabajo, la heterogeneidad de los actores sociales, sus patrones de resistencia y diferenciadores del trabajo femenino en las relaciones laborales de cinco centros de exportaci\u00f3n manufacturera distribuidos a lo largo de la frontera norte de M\u00e9xico. La autora ofrece una visi\u00f3n amplia del contexto de la reestructuraci\u00f3n econ\u00f3mica, la reforma de la legislaci\u00f3n laboral y las relaciones comerciales con Estados Unidos. Mirada enfocada \u201cdesde abajo\u201d de las \u201cotras econom\u00edas\u201d, que sin estar en el centro permanecen amarradas a las cadenas del capitalismo global.<\/span><\/p>\n","protected":false},"excerpt":{"rendered":"<p>TRABAJADORES, SINDICATOS Y ACTIVISTAS EN LA FRONTERA NORTE DE M\u00c9XICO : UN MAPA LABORAL ACTUALIZADO.<span style=\"font-weight: 400;\"> \/ Cirila Quintero Ram\u00edrez. Tamaulipas, M\u00e9xico : El Colegio de Tamaulipas ; Ciudad de M\u00e9xico, M\u00e9xico : Asociaci\u00f3n Mexicana de Estudios del Trabajo, 2023. 325 pages : includes charts, tables, notes, hemerography, bibliography ; 21 cm. ISBN : 9786079979065.<\/span><\/p>\n","protected":false},"featured_media":5290,"template":"","meta":{"_acf_changed":false,"inline_featured_image":false},"product_brand":[],"product_cat":[4174,78],"product_tag":[4176,4122],"class_list":{"0":"post-5095","1":"product","2":"type-product","3":"status-publish","4":"has-post-thumbnail","6":"product_cat-condiciones-de-trabajo","7":"product_cat-sociologia","8":"product_tag-activismo-y-protesta","9":"product_tag-investigacion","11":"first","12":"instock","13":"taxable","14":"shipping-taxable","15":"purchasable","16":"product-type-simple"},"acf":[],"yoast_head":"<!-- This site is optimized with the Yoast SEO plugin v27.3 - https:\/\/yoast.com\/product\/yoast-seo-wordpress\/ -->\n<title>Trabajadores, sindicatos y activistas en la frontera norte de M\u00e9xico - Books From Mexico<\/title>\n<meta name=\"description\" content=\"Trabajadores, sindicatos y activistas en la frontera Norte de M\u00e9xico: un mapa laboral actualizado. \/ Cirila Quintero Ram\u00edrez. 2023. ISBN : 9786079979065.\" \/>\n<meta name=\"robots\" content=\"index, follow, max-snippet:-1, max-image-preview:large, max-video-preview:-1\" \/>\n<link rel=\"canonical\" href=\"https:\/\/booksfrommexico.com\/es\/producto\/trabajadores-sindicatos-y-activistas-en-la-frontera-norte-de-mexico-un-mapeo-laboral-actualizado\/\" \/>\n<meta property=\"og:locale\" content=\"es_ES\" \/>\n<meta property=\"og:type\" content=\"article\" \/>\n<meta property=\"og:title\" content=\"Trabajadores, sindicatos y activistas en la frontera norte de M\u00e9xico - Books From Mexico\" \/>\n<meta property=\"og:description\" content=\"Trabajadores, sindicatos y activistas en la frontera Norte de M\u00e9xico: un mapa laboral actualizado. \/ Cirila Quintero Ram\u00edrez. 2023. ISBN : 9786079979065.\" \/>\n<meta property=\"og:url\" content=\"https:\/\/booksfrommexico.com\/es\/producto\/trabajadores-sindicatos-y-activistas-en-la-frontera-norte-de-mexico-un-mapeo-laboral-actualizado\/\" \/>\n<meta property=\"og:site_name\" content=\"Books From Mexico\" \/>\n<meta property=\"article:modified_time\" content=\"2024-06-04T19:32:35+00:00\" \/>\n<meta property=\"og:image\" content=\"http:\/\/booksfrommexico.com\/app\/uploads\/2024\/02\/199950.jpeg\" \/>\n\t<meta property=\"og:image:width\" content=\"401\" \/>\n\t<meta property=\"og:image:height\" content=\"626\" \/>\n\t<meta property=\"og:image:type\" content=\"image\/jpeg\" \/>\n<meta name=\"twitter:card\" content=\"summary_large_image\" \/>\n<meta name=\"twitter:label1\" content=\"Tiempo de lectura\" \/>\n\t<meta name=\"twitter:data1\" content=\"1 minuto\" \/>\n<script type=\"application\/ld+json\" class=\"yoast-schema-graph\">{\"@context\":\"https:\\\/\\\/schema.org\",\"@graph\":[{\"@type\":\"WebPage\",\"@id\":\"https:\\\/\\\/booksfrommexico.com\\\/es\\\/producto\\\/trabajadores-sindicatos-y-activistas-en-la-frontera-norte-de-mexico-un-mapeo-laboral-actualizado\\\/\",\"url\":\"https:\\\/\\\/booksfrommexico.com\\\/es\\\/producto\\\/trabajadores-sindicatos-y-activistas-en-la-frontera-norte-de-mexico-un-mapeo-laboral-actualizado\\\/\",\"name\":\"Trabajadores, sindicatos y activistas en la frontera norte de M\u00e9xico - Books From Mexico\",\"isPartOf\":{\"@id\":\"https:\\\/\\\/booksfrommexico.com\\\/#website\"},\"primaryImageOfPage\":{\"@id\":\"https:\\\/\\\/booksfrommexico.com\\\/es\\\/producto\\\/trabajadores-sindicatos-y-activistas-en-la-frontera-norte-de-mexico-un-mapeo-laboral-actualizado\\\/#primaryimage\"},\"image\":{\"@id\":\"https:\\\/\\\/booksfrommexico.com\\\/es\\\/producto\\\/trabajadores-sindicatos-y-activistas-en-la-frontera-norte-de-mexico-un-mapeo-laboral-actualizado\\\/#primaryimage\"},\"thumbnailUrl\":\"https:\\\/\\\/booksfrommexico.com\\\/app\\\/uploads\\\/2024\\\/02\\\/199950.jpeg\",\"datePublished\":\"2024-02-14T23:27:00+00:00\",\"dateModified\":\"2024-06-04T19:32:35+00:00\",\"description\":\"Trabajadores, sindicatos y activistas en la frontera Norte de M\u00e9xico: un mapa laboral actualizado. \\\/ Cirila Quintero Ram\u00edrez. 2023. ISBN : 9786079979065.\",\"breadcrumb\":{\"@id\":\"https:\\\/\\\/booksfrommexico.com\\\/es\\\/producto\\\/trabajadores-sindicatos-y-activistas-en-la-frontera-norte-de-mexico-un-mapeo-laboral-actualizado\\\/#breadcrumb\"},\"inLanguage\":\"es\",\"potentialAction\":[{\"@type\":\"ReadAction\",\"target\":[\"https:\\\/\\\/booksfrommexico.com\\\/es\\\/producto\\\/trabajadores-sindicatos-y-activistas-en-la-frontera-norte-de-mexico-un-mapeo-laboral-actualizado\\\/\"]}]},{\"@type\":\"ImageObject\",\"inLanguage\":\"es\",\"@id\":\"https:\\\/\\\/booksfrommexico.com\\\/es\\\/producto\\\/trabajadores-sindicatos-y-activistas-en-la-frontera-norte-de-mexico-un-mapeo-laboral-actualizado\\\/#primaryimage\",\"url\":\"https:\\\/\\\/booksfrommexico.com\\\/app\\\/uploads\\\/2024\\\/02\\\/199950.jpeg\",\"contentUrl\":\"https:\\\/\\\/booksfrommexico.com\\\/app\\\/uploads\\\/2024\\\/02\\\/199950.jpeg\",\"width\":401,\"height\":626,\"caption\":\"Trabajadores, sindicatos y activistas en la frontera norte de M\u00e9xico : un mapeo laboral actualizado\"},{\"@type\":\"BreadcrumbList\",\"@id\":\"https:\\\/\\\/booksfrommexico.com\\\/es\\\/producto\\\/trabajadores-sindicatos-y-activistas-en-la-frontera-norte-de-mexico-un-mapeo-laboral-actualizado\\\/#breadcrumb\",\"itemListElement\":[{\"@type\":\"ListItem\",\"position\":1,\"name\":\"Home\",\"item\":\"https:\\\/\\\/booksfrommexico.com\\\/es\\\/\"},{\"@type\":\"ListItem\",\"position\":2,\"name\":\"Libros\",\"item\":\"https:\\\/\\\/booksfrommexico.com\\\/es\\\/libros\\\/\"},{\"@type\":\"ListItem\",\"position\":3,\"name\":\"Trabajadores, sindicatos y activistas en la frontera norte de M\u00e9xico\"}]},{\"@type\":\"WebSite\",\"@id\":\"https:\\\/\\\/booksfrommexico.com\\\/#website\",\"url\":\"https:\\\/\\\/booksfrommexico.com\\\/\",\"name\":\"Books From Mexico\",\"description\":\"\",\"publisher\":{\"@id\":\"https:\\\/\\\/booksfrommexico.com\\\/#organization\"},\"potentialAction\":[{\"@type\":\"SearchAction\",\"target\":{\"@type\":\"EntryPoint\",\"urlTemplate\":\"https:\\\/\\\/booksfrommexico.com\\\/?s={search_term_string}\"},\"query-input\":{\"@type\":\"PropertyValueSpecification\",\"valueRequired\":true,\"valueName\":\"search_term_string\"}}],\"inLanguage\":\"es\"},{\"@type\":\"Organization\",\"@id\":\"https:\\\/\\\/booksfrommexico.com\\\/#organization\",\"name\":\"Books From Mexico\",\"url\":\"https:\\\/\\\/booksfrommexico.com\\\/\",\"logo\":{\"@type\":\"ImageObject\",\"inLanguage\":\"es\",\"@id\":\"https:\\\/\\\/booksfrommexico.com\\\/#\\\/schema\\\/logo\\\/image\\\/\",\"url\":\"https:\\\/\\\/booksfrommexico.com\\\/app\\\/uploads\\\/2023\\\/05\\\/logo-booksfrommexico.svg\",\"contentUrl\":\"https:\\\/\\\/booksfrommexico.com\\\/app\\\/uploads\\\/2023\\\/05\\\/logo-booksfrommexico.svg\",\"width\":86,\"height\":56,\"caption\":\"Books From Mexico\"},\"image\":{\"@id\":\"https:\\\/\\\/booksfrommexico.com\\\/#\\\/schema\\\/logo\\\/image\\\/\"}}]}<\/script>\n<!-- \/ Yoast SEO plugin. -->","yoast_head_json":{"title":"Trabajadores, sindicatos y activistas en la frontera norte de M\u00e9xico - Books From Mexico","description":"Trabajadores, sindicatos y activistas en la frontera Norte de M\u00e9xico: un mapa laboral actualizado. \/ Cirila Quintero Ram\u00edrez. 2023. ISBN : 9786079979065.","robots":{"index":"index","follow":"follow","max-snippet":"max-snippet:-1","max-image-preview":"max-image-preview:large","max-video-preview":"max-video-preview:-1"},"canonical":"https:\/\/booksfrommexico.com\/es\/producto\/trabajadores-sindicatos-y-activistas-en-la-frontera-norte-de-mexico-un-mapeo-laboral-actualizado\/","og_locale":"es_ES","og_type":"article","og_title":"Trabajadores, sindicatos y activistas en la frontera norte de M\u00e9xico - Books From Mexico","og_description":"Trabajadores, sindicatos y activistas en la frontera Norte de M\u00e9xico: un mapa laboral actualizado. \/ Cirila Quintero Ram\u00edrez. 2023. ISBN : 9786079979065.","og_url":"https:\/\/booksfrommexico.com\/es\/producto\/trabajadores-sindicatos-y-activistas-en-la-frontera-norte-de-mexico-un-mapeo-laboral-actualizado\/","og_site_name":"Books From Mexico","article_modified_time":"2024-06-04T19:32:35+00:00","og_image":[{"width":401,"height":626,"url":"http:\/\/booksfrommexico.com\/app\/uploads\/2024\/02\/199950.jpeg","type":"image\/jpeg"}],"twitter_card":"summary_large_image","twitter_misc":{"Tiempo de lectura":"1 minuto"},"schema":{"@context":"https:\/\/schema.org","@graph":[{"@type":"WebPage","@id":"https:\/\/booksfrommexico.com\/es\/producto\/trabajadores-sindicatos-y-activistas-en-la-frontera-norte-de-mexico-un-mapeo-laboral-actualizado\/","url":"https:\/\/booksfrommexico.com\/es\/producto\/trabajadores-sindicatos-y-activistas-en-la-frontera-norte-de-mexico-un-mapeo-laboral-actualizado\/","name":"Trabajadores, sindicatos y activistas en la frontera norte de M\u00e9xico - Books From Mexico","isPartOf":{"@id":"https:\/\/booksfrommexico.com\/#website"},"primaryImageOfPage":{"@id":"https:\/\/booksfrommexico.com\/es\/producto\/trabajadores-sindicatos-y-activistas-en-la-frontera-norte-de-mexico-un-mapeo-laboral-actualizado\/#primaryimage"},"image":{"@id":"https:\/\/booksfrommexico.com\/es\/producto\/trabajadores-sindicatos-y-activistas-en-la-frontera-norte-de-mexico-un-mapeo-laboral-actualizado\/#primaryimage"},"thumbnailUrl":"https:\/\/booksfrommexico.com\/app\/uploads\/2024\/02\/199950.jpeg","datePublished":"2024-02-14T23:27:00+00:00","dateModified":"2024-06-04T19:32:35+00:00","description":"Trabajadores, sindicatos y activistas en la frontera Norte de M\u00e9xico: un mapa laboral actualizado. \/ Cirila Quintero Ram\u00edrez. 2023. ISBN : 9786079979065.","breadcrumb":{"@id":"https:\/\/booksfrommexico.com\/es\/producto\/trabajadores-sindicatos-y-activistas-en-la-frontera-norte-de-mexico-un-mapeo-laboral-actualizado\/#breadcrumb"},"inLanguage":"es","potentialAction":[{"@type":"ReadAction","target":["https:\/\/booksfrommexico.com\/es\/producto\/trabajadores-sindicatos-y-activistas-en-la-frontera-norte-de-mexico-un-mapeo-laboral-actualizado\/"]}]},{"@type":"ImageObject","inLanguage":"es","@id":"https:\/\/booksfrommexico.com\/es\/producto\/trabajadores-sindicatos-y-activistas-en-la-frontera-norte-de-mexico-un-mapeo-laboral-actualizado\/#primaryimage","url":"https:\/\/booksfrommexico.com\/app\/uploads\/2024\/02\/199950.jpeg","contentUrl":"https:\/\/booksfrommexico.com\/app\/uploads\/2024\/02\/199950.jpeg","width":401,"height":626,"caption":"Trabajadores, sindicatos y activistas en la frontera norte de M\u00e9xico : un mapeo laboral actualizado"},{"@type":"BreadcrumbList","@id":"https:\/\/booksfrommexico.com\/es\/producto\/trabajadores-sindicatos-y-activistas-en-la-frontera-norte-de-mexico-un-mapeo-laboral-actualizado\/#breadcrumb","itemListElement":[{"@type":"ListItem","position":1,"name":"Home","item":"https:\/\/booksfrommexico.com\/es\/"},{"@type":"ListItem","position":2,"name":"Libros","item":"https:\/\/booksfrommexico.com\/es\/libros\/"},{"@type":"ListItem","position":3,"name":"Trabajadores, sindicatos y activistas en la frontera norte de M\u00e9xico"}]},{"@type":"WebSite","@id":"https:\/\/booksfrommexico.com\/#website","url":"https:\/\/booksfrommexico.com\/","name":"Books From Mexico","description":"","publisher":{"@id":"https:\/\/booksfrommexico.com\/#organization"},"potentialAction":[{"@type":"SearchAction","target":{"@type":"EntryPoint","urlTemplate":"https:\/\/booksfrommexico.com\/?s={search_term_string}"},"query-input":{"@type":"PropertyValueSpecification","valueRequired":true,"valueName":"search_term_string"}}],"inLanguage":"es"},{"@type":"Organization","@id":"https:\/\/booksfrommexico.com\/#organization","name":"Books From Mexico","url":"https:\/\/booksfrommexico.com\/","logo":{"@type":"ImageObject","inLanguage":"es","@id":"https:\/\/booksfrommexico.com\/#\/schema\/logo\/image\/","url":"https:\/\/booksfrommexico.com\/app\/uploads\/2023\/05\/logo-booksfrommexico.svg","contentUrl":"https:\/\/booksfrommexico.com\/app\/uploads\/2023\/05\/logo-booksfrommexico.svg","width":86,"height":56,"caption":"Books From Mexico"},"image":{"@id":"https:\/\/booksfrommexico.com\/#\/schema\/logo\/image\/"}}]}},"_links":{"self":[{"href":"https:\/\/booksfrommexico.com\/es\/wp-json\/wp\/v2\/product\/5095","targetHints":{"allow":["GET"]}}],"collection":[{"href":"https:\/\/booksfrommexico.com\/es\/wp-json\/wp\/v2\/product"}],"about":[{"href":"https:\/\/booksfrommexico.com\/es\/wp-json\/wp\/v2\/types\/product"}],"wp:featuredmedia":[{"embeddable":true,"href":"https:\/\/booksfrommexico.com\/es\/wp-json\/wp\/v2\/media\/5290"}],"wp:attachment":[{"href":"https:\/\/booksfrommexico.com\/es\/wp-json\/wp\/v2\/media?parent=5095"}],"wp:term":[{"taxonomy":"product_brand","embeddable":true,"href":"https:\/\/booksfrommexico.com\/es\/wp-json\/wp\/v2\/product_brand?post=5095"},{"taxonomy":"product_cat","embeddable":true,"href":"https:\/\/booksfrommexico.com\/es\/wp-json\/wp\/v2\/product_cat?post=5095"},{"taxonomy":"product_tag","embeddable":true,"href":"https:\/\/booksfrommexico.com\/es\/wp-json\/wp\/v2\/product_tag?post=5095"}],"curies":[{"name":"wp","href":"https:\/\/api.w.org\/{rel}","templated":true}]}}