{"id":5096,"date":"2024-02-14T23:27:00","date_gmt":"2024-02-14T23:27:00","guid":{"rendered":"https:\/\/booksfrommexico.com\/product\/docencia-universitaria-reflexiones-didacticas-en-diversas-disciplinas\/"},"modified":"2024-02-19T22:43:33","modified_gmt":"2024-02-19T22:43:33","slug":"docencia-universitaria-reflexiones-didacticas-en-diversas-disciplinas","status":"publish","type":"product","link":"https:\/\/booksfrommexico.com\/es\/producto\/docencia-universitaria-reflexiones-didacticas-en-diversas-disciplinas\/","title":{"rendered":"Docencia universitaria"},"content":{"rendered":"<p><span style=\"font-weight: 400;\">Reflexiones de docentes universitarios pensadas para la ense\u00f1anza universitaria en la tercera d\u00e9cada del siglo XXI. Los profesores que presentan aqu\u00ed su trabajo consideran que el papel del maestro universitario y las funciones que debe considerar para ejercer, requieren nuevas dimensiones que permitan comprenderla, as\u00ed como un replanteamiento que garantice los par\u00e1metros formativos de los estudiantes. Estos ensayos enfatizan que los profesores deben ir m\u00e1s all\u00e1 del dominio did\u00e1ctico y el contenido de la asignatura, puesto que deben considerar los contextos en el aula, las caracter\u00edsticas y los desempe\u00f1os de los estudiantes para asegurar una experiencia de ense\u00f1anza eficaz.\u00a0<\/span><\/p>\n","protected":false},"excerpt":{"rendered":"<p>DOCENCIA UNIVERSITARIA : REFLEXIONES DID\u00c1CTICAS EN DIVERSAS DISCIPLINAS. <span style=\"font-weight: 400;\">\/<\/span> <span style=\"font-weight: 400;\">Guillermo Alberto Rodr\u00edguez Ortiz, Rosendo \u00c9dgar G\u00f3mez Bonilla, Mar\u00eda Patricia Moreno Rosano, Margarita Campos M\u00e9ndez, Diana Carina Mantilla G\u00e1lvez (coordinators). Puebla, M\u00e9xico : Benem\u00e9rita Universidad Aut\u00f3noma de Puebla , Facultad de Filosof\u00eda y Letras ; Ciudad de M\u00e9xico, M\u00e9xico : Fides Ediciones, 2023. 195 pages : includes tables, charts, references at the end of each chapter ; 23 cm. ISBN : 9786075961842.<\/span><\/p>\n","protected":false},"featured_media":5286,"template":"","meta":{"_acf_changed":false,"inline_featured_image":false},"product_brand":[],"product_cat":[59,26],"product_tag":[4170],"class_list":{"0":"post-5096","1":"product","2":"type-product","3":"status-publish","4":"has-post-thumbnail","6":"product_cat-educacion","7":"product_cat-ensayo-literatura","8":"product_tag-docencia","10":"first","11":"instock","12":"taxable","13":"shipping-taxable","14":"purchasable","15":"product-type-simple"},"acf":[],"yoast_head":"<!-- This site is optimized with the Yoast SEO plugin v27.3 - https:\/\/yoast.com\/product\/yoast-seo-wordpress\/ -->\n<title>Docencia unviersitaria<\/title>\n<meta name=\"description\" content=\"Docencia universitaria: Reflexiones did\u00e1cticas en diversas disciplinas \/ 195 pages : includes tables, charts, references at the end of each chapter ; 23 cm.\" \/>\n<meta name=\"robots\" content=\"index, follow, max-snippet:-1, max-image-preview:large, max-video-preview:-1\" \/>\n<link rel=\"canonical\" href=\"https:\/\/booksfrommexico.com\/es\/producto\/docencia-universitaria-reflexiones-didacticas-en-diversas-disciplinas\/\" \/>\n<meta property=\"og:locale\" content=\"es_ES\" \/>\n<meta property=\"og:type\" content=\"article\" \/>\n<meta property=\"og:title\" content=\"Docencia unviersitaria\" \/>\n<meta property=\"og:description\" content=\"Docencia universitaria: Reflexiones did\u00e1cticas en diversas disciplinas \/ 195 pages : includes tables, charts, references at the end of each chapter ; 23 cm.\" \/>\n<meta property=\"og:url\" content=\"https:\/\/booksfrommexico.com\/es\/producto\/docencia-universitaria-reflexiones-didacticas-en-diversas-disciplinas\/\" \/>\n<meta property=\"og:site_name\" content=\"Books From Mexico\" \/>\n<meta property=\"article:modified_time\" content=\"2024-02-19T22:43:33+00:00\" \/>\n<meta property=\"og:image\" content=\"http:\/\/booksfrommexico.com\/app\/uploads\/2024\/02\/199964-1.jpeg\" \/>\n\t<meta property=\"og:image:width\" content=\"455\" \/>\n\t<meta property=\"og:image:height\" content=\"658\" \/>\n\t<meta property=\"og:image:type\" content=\"image\/jpeg\" \/>\n<meta name=\"twitter:card\" content=\"summary_large_image\" \/>\n<meta name=\"twitter:label1\" content=\"Tiempo de lectura\" \/>\n\t<meta name=\"twitter:data1\" content=\"1 minuto\" \/>\n<script type=\"application\/ld+json\" class=\"yoast-schema-graph\">{\"@context\":\"https:\\\/\\\/schema.org\",\"@graph\":[{\"@type\":\"WebPage\",\"@id\":\"https:\\\/\\\/booksfrommexico.com\\\/es\\\/producto\\\/docencia-universitaria-reflexiones-didacticas-en-diversas-disciplinas\\\/\",\"url\":\"https:\\\/\\\/booksfrommexico.com\\\/es\\\/producto\\\/docencia-universitaria-reflexiones-didacticas-en-diversas-disciplinas\\\/\",\"name\":\"Docencia unviersitaria\",\"isPartOf\":{\"@id\":\"https:\\\/\\\/booksfrommexico.com\\\/#website\"},\"primaryImageOfPage\":{\"@id\":\"https:\\\/\\\/booksfrommexico.com\\\/es\\\/producto\\\/docencia-universitaria-reflexiones-didacticas-en-diversas-disciplinas\\\/#primaryimage\"},\"image\":{\"@id\":\"https:\\\/\\\/booksfrommexico.com\\\/es\\\/producto\\\/docencia-universitaria-reflexiones-didacticas-en-diversas-disciplinas\\\/#primaryimage\"},\"thumbnailUrl\":\"https:\\\/\\\/booksfrommexico.com\\\/app\\\/uploads\\\/2024\\\/02\\\/199964-1.jpeg\",\"datePublished\":\"2024-02-14T23:27:00+00:00\",\"dateModified\":\"2024-02-19T22:43:33+00:00\",\"description\":\"Docencia universitaria: Reflexiones did\u00e1cticas en diversas disciplinas \\\/ 195 pages : includes tables, charts, references at the end of each chapter ; 23 cm.\",\"breadcrumb\":{\"@id\":\"https:\\\/\\\/booksfrommexico.com\\\/es\\\/producto\\\/docencia-universitaria-reflexiones-didacticas-en-diversas-disciplinas\\\/#breadcrumb\"},\"inLanguage\":\"es\",\"potentialAction\":[{\"@type\":\"ReadAction\",\"target\":[\"https:\\\/\\\/booksfrommexico.com\\\/es\\\/producto\\\/docencia-universitaria-reflexiones-didacticas-en-diversas-disciplinas\\\/\"]}]},{\"@type\":\"ImageObject\",\"inLanguage\":\"es\",\"@id\":\"https:\\\/\\\/booksfrommexico.com\\\/es\\\/producto\\\/docencia-universitaria-reflexiones-didacticas-en-diversas-disciplinas\\\/#primaryimage\",\"url\":\"https:\\\/\\\/booksfrommexico.com\\\/app\\\/uploads\\\/2024\\\/02\\\/199964-1.jpeg\",\"contentUrl\":\"https:\\\/\\\/booksfrommexico.com\\\/app\\\/uploads\\\/2024\\\/02\\\/199964-1.jpeg\",\"width\":455,\"height\":658,\"caption\":\"Docencia universitaria : reflexiones did\u00e1cticas en diversas disciplinas\"},{\"@type\":\"BreadcrumbList\",\"@id\":\"https:\\\/\\\/booksfrommexico.com\\\/es\\\/producto\\\/docencia-universitaria-reflexiones-didacticas-en-diversas-disciplinas\\\/#breadcrumb\",\"itemListElement\":[{\"@type\":\"ListItem\",\"position\":1,\"name\":\"Home\",\"item\":\"https:\\\/\\\/booksfrommexico.com\\\/es\\\/\"},{\"@type\":\"ListItem\",\"position\":2,\"name\":\"Libros\",\"item\":\"https:\\\/\\\/booksfrommexico.com\\\/es\\\/libros\\\/\"},{\"@type\":\"ListItem\",\"position\":3,\"name\":\"Docencia universitaria\"}]},{\"@type\":\"WebSite\",\"@id\":\"https:\\\/\\\/booksfrommexico.com\\\/#website\",\"url\":\"https:\\\/\\\/booksfrommexico.com\\\/\",\"name\":\"Books From Mexico\",\"description\":\"\",\"publisher\":{\"@id\":\"https:\\\/\\\/booksfrommexico.com\\\/#organization\"},\"potentialAction\":[{\"@type\":\"SearchAction\",\"target\":{\"@type\":\"EntryPoint\",\"urlTemplate\":\"https:\\\/\\\/booksfrommexico.com\\\/?s={search_term_string}\"},\"query-input\":{\"@type\":\"PropertyValueSpecification\",\"valueRequired\":true,\"valueName\":\"search_term_string\"}}],\"inLanguage\":\"es\"},{\"@type\":\"Organization\",\"@id\":\"https:\\\/\\\/booksfrommexico.com\\\/#organization\",\"name\":\"Books From Mexico\",\"url\":\"https:\\\/\\\/booksfrommexico.com\\\/\",\"logo\":{\"@type\":\"ImageObject\",\"inLanguage\":\"es\",\"@id\":\"https:\\\/\\\/booksfrommexico.com\\\/#\\\/schema\\\/logo\\\/image\\\/\",\"url\":\"https:\\\/\\\/booksfrommexico.com\\\/app\\\/uploads\\\/2023\\\/05\\\/logo-booksfrommexico.svg\",\"contentUrl\":\"https:\\\/\\\/booksfrommexico.com\\\/app\\\/uploads\\\/2023\\\/05\\\/logo-booksfrommexico.svg\",\"width\":86,\"height\":56,\"caption\":\"Books From Mexico\"},\"image\":{\"@id\":\"https:\\\/\\\/booksfrommexico.com\\\/#\\\/schema\\\/logo\\\/image\\\/\"}}]}<\/script>\n<!-- \/ Yoast SEO plugin. -->","yoast_head_json":{"title":"Docencia unviersitaria","description":"Docencia universitaria: Reflexiones did\u00e1cticas en diversas disciplinas \/ 195 pages : includes tables, charts, references at the end of each chapter ; 23 cm.","robots":{"index":"index","follow":"follow","max-snippet":"max-snippet:-1","max-image-preview":"max-image-preview:large","max-video-preview":"max-video-preview:-1"},"canonical":"https:\/\/booksfrommexico.com\/es\/producto\/docencia-universitaria-reflexiones-didacticas-en-diversas-disciplinas\/","og_locale":"es_ES","og_type":"article","og_title":"Docencia unviersitaria","og_description":"Docencia universitaria: Reflexiones did\u00e1cticas en diversas disciplinas \/ 195 pages : includes tables, charts, references at the end of each chapter ; 23 cm.","og_url":"https:\/\/booksfrommexico.com\/es\/producto\/docencia-universitaria-reflexiones-didacticas-en-diversas-disciplinas\/","og_site_name":"Books From Mexico","article_modified_time":"2024-02-19T22:43:33+00:00","og_image":[{"width":455,"height":658,"url":"http:\/\/booksfrommexico.com\/app\/uploads\/2024\/02\/199964-1.jpeg","type":"image\/jpeg"}],"twitter_card":"summary_large_image","twitter_misc":{"Tiempo de lectura":"1 minuto"},"schema":{"@context":"https:\/\/schema.org","@graph":[{"@type":"WebPage","@id":"https:\/\/booksfrommexico.com\/es\/producto\/docencia-universitaria-reflexiones-didacticas-en-diversas-disciplinas\/","url":"https:\/\/booksfrommexico.com\/es\/producto\/docencia-universitaria-reflexiones-didacticas-en-diversas-disciplinas\/","name":"Docencia unviersitaria","isPartOf":{"@id":"https:\/\/booksfrommexico.com\/#website"},"primaryImageOfPage":{"@id":"https:\/\/booksfrommexico.com\/es\/producto\/docencia-universitaria-reflexiones-didacticas-en-diversas-disciplinas\/#primaryimage"},"image":{"@id":"https:\/\/booksfrommexico.com\/es\/producto\/docencia-universitaria-reflexiones-didacticas-en-diversas-disciplinas\/#primaryimage"},"thumbnailUrl":"https:\/\/booksfrommexico.com\/app\/uploads\/2024\/02\/199964-1.jpeg","datePublished":"2024-02-14T23:27:00+00:00","dateModified":"2024-02-19T22:43:33+00:00","description":"Docencia universitaria: Reflexiones did\u00e1cticas en diversas disciplinas \/ 195 pages : includes tables, charts, references at the end of each chapter ; 23 cm.","breadcrumb":{"@id":"https:\/\/booksfrommexico.com\/es\/producto\/docencia-universitaria-reflexiones-didacticas-en-diversas-disciplinas\/#breadcrumb"},"inLanguage":"es","potentialAction":[{"@type":"ReadAction","target":["https:\/\/booksfrommexico.com\/es\/producto\/docencia-universitaria-reflexiones-didacticas-en-diversas-disciplinas\/"]}]},{"@type":"ImageObject","inLanguage":"es","@id":"https:\/\/booksfrommexico.com\/es\/producto\/docencia-universitaria-reflexiones-didacticas-en-diversas-disciplinas\/#primaryimage","url":"https:\/\/booksfrommexico.com\/app\/uploads\/2024\/02\/199964-1.jpeg","contentUrl":"https:\/\/booksfrommexico.com\/app\/uploads\/2024\/02\/199964-1.jpeg","width":455,"height":658,"caption":"Docencia universitaria : reflexiones did\u00e1cticas en diversas disciplinas"},{"@type":"BreadcrumbList","@id":"https:\/\/booksfrommexico.com\/es\/producto\/docencia-universitaria-reflexiones-didacticas-en-diversas-disciplinas\/#breadcrumb","itemListElement":[{"@type":"ListItem","position":1,"name":"Home","item":"https:\/\/booksfrommexico.com\/es\/"},{"@type":"ListItem","position":2,"name":"Libros","item":"https:\/\/booksfrommexico.com\/es\/libros\/"},{"@type":"ListItem","position":3,"name":"Docencia universitaria"}]},{"@type":"WebSite","@id":"https:\/\/booksfrommexico.com\/#website","url":"https:\/\/booksfrommexico.com\/","name":"Books From Mexico","description":"","publisher":{"@id":"https:\/\/booksfrommexico.com\/#organization"},"potentialAction":[{"@type":"SearchAction","target":{"@type":"EntryPoint","urlTemplate":"https:\/\/booksfrommexico.com\/?s={search_term_string}"},"query-input":{"@type":"PropertyValueSpecification","valueRequired":true,"valueName":"search_term_string"}}],"inLanguage":"es"},{"@type":"Organization","@id":"https:\/\/booksfrommexico.com\/#organization","name":"Books From Mexico","url":"https:\/\/booksfrommexico.com\/","logo":{"@type":"ImageObject","inLanguage":"es","@id":"https:\/\/booksfrommexico.com\/#\/schema\/logo\/image\/","url":"https:\/\/booksfrommexico.com\/app\/uploads\/2023\/05\/logo-booksfrommexico.svg","contentUrl":"https:\/\/booksfrommexico.com\/app\/uploads\/2023\/05\/logo-booksfrommexico.svg","width":86,"height":56,"caption":"Books From Mexico"},"image":{"@id":"https:\/\/booksfrommexico.com\/#\/schema\/logo\/image\/"}}]}},"_links":{"self":[{"href":"https:\/\/booksfrommexico.com\/es\/wp-json\/wp\/v2\/product\/5096","targetHints":{"allow":["GET"]}}],"collection":[{"href":"https:\/\/booksfrommexico.com\/es\/wp-json\/wp\/v2\/product"}],"about":[{"href":"https:\/\/booksfrommexico.com\/es\/wp-json\/wp\/v2\/types\/product"}],"wp:featuredmedia":[{"embeddable":true,"href":"https:\/\/booksfrommexico.com\/es\/wp-json\/wp\/v2\/media\/5286"}],"wp:attachment":[{"href":"https:\/\/booksfrommexico.com\/es\/wp-json\/wp\/v2\/media?parent=5096"}],"wp:term":[{"taxonomy":"product_brand","embeddable":true,"href":"https:\/\/booksfrommexico.com\/es\/wp-json\/wp\/v2\/product_brand?post=5096"},{"taxonomy":"product_cat","embeddable":true,"href":"https:\/\/booksfrommexico.com\/es\/wp-json\/wp\/v2\/product_cat?post=5096"},{"taxonomy":"product_tag","embeddable":true,"href":"https:\/\/booksfrommexico.com\/es\/wp-json\/wp\/v2\/product_tag?post=5096"}],"curies":[{"name":"wp","href":"https:\/\/api.w.org\/{rel}","templated":true}]}}