{"id":513,"date":"2023-05-08T17:03:23","date_gmt":"2023-05-08T17:03:23","guid":{"rendered":"http:\/\/booksfrommexico.com\/product\/tablas-geografico-politicas-de-la-nueva-espana\/"},"modified":"2024-10-02T23:37:48","modified_gmt":"2024-10-02T23:37:48","slug":"tablas-geografico-politicas-de-la-nueva-espana","status":"publish","type":"product","link":"https:\/\/booksfrommexico.com\/es\/producto\/tablas-geografico-politicas-de-la-nueva-espana\/","title":{"rendered":"Tablas geogr\u00e1fico-pol\u00edticas de la Nueva Espa\u00f1a"},"content":{"rendered":"<p><span style=\"font-weight: 400;\">Este t\u00edtulo es el producto de la estancia del cient\u00edfico y explorador Alexander von Humboldt, en lo que entonces era llamado virreinato de la Nueva Espa\u00f1a, de marzo de 1803 a enero de 1804. Las tablas geogr\u00e1fico-pol\u00edticas que aqu\u00ed se presentan fueron transcritas por Ricardo Aguilar Gonz\u00e1lez y Gerardo S\u00e1nchez D\u00edaz, quienes tambi\u00e9n elaboraron notas y noticias sobre la vida y obra de personajes importantes mencionados en la investigaci\u00f3n. Esta edici\u00f3n est\u00e1 enriquecida con un estudio que ayuda a comprender la importancia de las observaciones pol\u00edtico sociales y de otros temas como superficie, poblaci\u00f3n, ciudades y villas principales, agricultura, f\u00e1bricas, comercio, miner\u00eda y fuerza militar.\u00a0<\/span><\/p>\n<p><br style=\"font-weight: 400;\" \/><br style=\"font-weight: 400;\" \/><\/p>\n","protected":false},"excerpt":{"rendered":"<p>TABLAS GEOGR\u00c1FICO-POL\u00cdTICAS DE LA NUEVA ESPA\u00d1A<span style=\"font-weight: 400;\">. \/ Alejandro de Humboldt. Morelia, Michoac\u00e1n, M\u00e9xico : Universidad Michoacana de San Nicol\u00e1s de Hidalgo , Instituto de Investigaciones Hist\u00f3ricas ; Gobierno del Estado de Michoac\u00e1n , Secretar\u00eda de Urbanismo y Medio Ambiente, 2005. 184 pages : includes photos, tables, notes, bibliographic references, facs\u00edmil ; 29 cm. ISBN : 970703288X. <\/span><\/p>\n","protected":false},"featured_media":512,"template":"","meta":{"_acf_changed":false,"inline_featured_image":false},"product_brand":[],"product_cat":[465,27],"product_tag":[4163,4398,3725],"class_list":{"0":"post-513","1":"product","2":"type-product","3":"status-publish","4":"has-post-thumbnail","6":"product_cat-geografia","7":"product_cat-historia","8":"product_tag-geopolitica","9":"product_tag-historia-mexico","10":"product_tag-nueva-espana","12":"first","13":"instock","14":"sale","15":"taxable","16":"shipping-taxable","17":"purchasable","18":"product-type-simple"},"acf":[],"yoast_head":"<!-- This site is optimized with the Yoast SEO plugin v27.3 - https:\/\/yoast.com\/product\/yoast-seo-wordpress\/ -->\n<title>Tablas geogr\u00e1fico-pol\u00edticas de la Nueva Espa\u00f1a<\/title>\n<meta name=\"description\" content=\"TABLAS GEOGR\u00c1FICO-POL\u00cdTICAS DE LA NUEVA ESPA\u00d1A. \/ Alejandro de Humboldt. Michoac\u00e1n, M\u00e9xico : UMICH , Instituto de Investigaciones Hist\u00f3ricas, 2005.\" \/>\n<meta name=\"robots\" content=\"index, follow, max-snippet:-1, max-image-preview:large, max-video-preview:-1\" \/>\n<link rel=\"canonical\" href=\"https:\/\/booksfrommexico.com\/es\/producto\/tablas-geografico-politicas-de-la-nueva-espana\/\" \/>\n<meta property=\"og:locale\" content=\"es_ES\" \/>\n<meta property=\"og:type\" content=\"article\" \/>\n<meta property=\"og:title\" content=\"Tablas geogr\u00e1fico-pol\u00edticas de la Nueva Espa\u00f1a\" \/>\n<meta property=\"og:description\" content=\"TABLAS GEOGR\u00c1FICO-POL\u00cdTICAS DE LA NUEVA ESPA\u00d1A. \/ Alejandro de Humboldt. Michoac\u00e1n, M\u00e9xico : UMICH , Instituto de Investigaciones Hist\u00f3ricas, 2005.\" \/>\n<meta property=\"og:url\" content=\"https:\/\/booksfrommexico.com\/es\/producto\/tablas-geografico-politicas-de-la-nueva-espana\/\" \/>\n<meta property=\"og:site_name\" content=\"Books From Mexico\" \/>\n<meta property=\"article:modified_time\" content=\"2024-10-02T23:37:48+00:00\" \/>\n<meta property=\"og:image\" content=\"http:\/\/booksfrommexico.com\/app\/uploads\/2023\/05\/127910.jpeg\" \/>\n\t<meta property=\"og:image:width\" content=\"619\" \/>\n\t<meta property=\"og:image:height\" content=\"839\" \/>\n\t<meta property=\"og:image:type\" content=\"image\/jpeg\" \/>\n<meta name=\"twitter:card\" content=\"summary_large_image\" \/>\n<meta name=\"twitter:label1\" content=\"Tiempo de lectura\" \/>\n\t<meta name=\"twitter:data1\" content=\"1 minuto\" \/>\n<script type=\"application\/ld+json\" class=\"yoast-schema-graph\">{\"@context\":\"https:\\\/\\\/schema.org\",\"@graph\":[{\"@type\":\"WebPage\",\"@id\":\"https:\\\/\\\/booksfrommexico.com\\\/es\\\/producto\\\/tablas-geografico-politicas-de-la-nueva-espana\\\/\",\"url\":\"https:\\\/\\\/booksfrommexico.com\\\/es\\\/producto\\\/tablas-geografico-politicas-de-la-nueva-espana\\\/\",\"name\":\"Tablas geogr\u00e1fico-pol\u00edticas de la Nueva Espa\u00f1a\",\"isPartOf\":{\"@id\":\"https:\\\/\\\/booksfrommexico.com\\\/#website\"},\"primaryImageOfPage\":{\"@id\":\"https:\\\/\\\/booksfrommexico.com\\\/es\\\/producto\\\/tablas-geografico-politicas-de-la-nueva-espana\\\/#primaryimage\"},\"image\":{\"@id\":\"https:\\\/\\\/booksfrommexico.com\\\/es\\\/producto\\\/tablas-geografico-politicas-de-la-nueva-espana\\\/#primaryimage\"},\"thumbnailUrl\":\"https:\\\/\\\/booksfrommexico.com\\\/app\\\/uploads\\\/2023\\\/05\\\/127910.jpeg\",\"datePublished\":\"2023-05-08T17:03:23+00:00\",\"dateModified\":\"2024-10-02T23:37:48+00:00\",\"description\":\"TABLAS GEOGR\u00c1FICO-POL\u00cdTICAS DE LA NUEVA ESPA\u00d1A. \\\/ Alejandro de Humboldt. Michoac\u00e1n, M\u00e9xico : UMICH , Instituto de Investigaciones Hist\u00f3ricas, 2005.\",\"breadcrumb\":{\"@id\":\"https:\\\/\\\/booksfrommexico.com\\\/es\\\/producto\\\/tablas-geografico-politicas-de-la-nueva-espana\\\/#breadcrumb\"},\"inLanguage\":\"es\",\"potentialAction\":[{\"@type\":\"ReadAction\",\"target\":[\"https:\\\/\\\/booksfrommexico.com\\\/es\\\/producto\\\/tablas-geografico-politicas-de-la-nueva-espana\\\/\"]}]},{\"@type\":\"ImageObject\",\"inLanguage\":\"es\",\"@id\":\"https:\\\/\\\/booksfrommexico.com\\\/es\\\/producto\\\/tablas-geografico-politicas-de-la-nueva-espana\\\/#primaryimage\",\"url\":\"https:\\\/\\\/booksfrommexico.com\\\/app\\\/uploads\\\/2023\\\/05\\\/127910.jpeg\",\"contentUrl\":\"https:\\\/\\\/booksfrommexico.com\\\/app\\\/uploads\\\/2023\\\/05\\\/127910.jpeg\",\"width\":619,\"height\":839},{\"@type\":\"BreadcrumbList\",\"@id\":\"https:\\\/\\\/booksfrommexico.com\\\/es\\\/producto\\\/tablas-geografico-politicas-de-la-nueva-espana\\\/#breadcrumb\",\"itemListElement\":[{\"@type\":\"ListItem\",\"position\":1,\"name\":\"Home\",\"item\":\"https:\\\/\\\/booksfrommexico.com\\\/es\\\/\"},{\"@type\":\"ListItem\",\"position\":2,\"name\":\"Libros\",\"item\":\"https:\\\/\\\/booksfrommexico.com\\\/es\\\/libros\\\/\"},{\"@type\":\"ListItem\",\"position\":3,\"name\":\"Tablas geogr\u00e1fico-pol\u00edticas de la Nueva Espa\u00f1a\"}]},{\"@type\":\"WebSite\",\"@id\":\"https:\\\/\\\/booksfrommexico.com\\\/#website\",\"url\":\"https:\\\/\\\/booksfrommexico.com\\\/\",\"name\":\"Books From Mexico\",\"description\":\"\",\"publisher\":{\"@id\":\"https:\\\/\\\/booksfrommexico.com\\\/#organization\"},\"potentialAction\":[{\"@type\":\"SearchAction\",\"target\":{\"@type\":\"EntryPoint\",\"urlTemplate\":\"https:\\\/\\\/booksfrommexico.com\\\/?s={search_term_string}\"},\"query-input\":{\"@type\":\"PropertyValueSpecification\",\"valueRequired\":true,\"valueName\":\"search_term_string\"}}],\"inLanguage\":\"es\"},{\"@type\":\"Organization\",\"@id\":\"https:\\\/\\\/booksfrommexico.com\\\/#organization\",\"name\":\"Books From Mexico\",\"url\":\"https:\\\/\\\/booksfrommexico.com\\\/\",\"logo\":{\"@type\":\"ImageObject\",\"inLanguage\":\"es\",\"@id\":\"https:\\\/\\\/booksfrommexico.com\\\/#\\\/schema\\\/logo\\\/image\\\/\",\"url\":\"https:\\\/\\\/booksfrommexico.com\\\/app\\\/uploads\\\/2023\\\/05\\\/logo-booksfrommexico.svg\",\"contentUrl\":\"https:\\\/\\\/booksfrommexico.com\\\/app\\\/uploads\\\/2023\\\/05\\\/logo-booksfrommexico.svg\",\"width\":86,\"height\":56,\"caption\":\"Books From Mexico\"},\"image\":{\"@id\":\"https:\\\/\\\/booksfrommexico.com\\\/#\\\/schema\\\/logo\\\/image\\\/\"}}]}<\/script>\n<!-- \/ Yoast SEO plugin. -->","yoast_head_json":{"title":"Tablas geogr\u00e1fico-pol\u00edticas de la Nueva Espa\u00f1a","description":"TABLAS GEOGR\u00c1FICO-POL\u00cdTICAS DE LA NUEVA ESPA\u00d1A. \/ Alejandro de Humboldt. Michoac\u00e1n, M\u00e9xico : UMICH , Instituto de Investigaciones Hist\u00f3ricas, 2005.","robots":{"index":"index","follow":"follow","max-snippet":"max-snippet:-1","max-image-preview":"max-image-preview:large","max-video-preview":"max-video-preview:-1"},"canonical":"https:\/\/booksfrommexico.com\/es\/producto\/tablas-geografico-politicas-de-la-nueva-espana\/","og_locale":"es_ES","og_type":"article","og_title":"Tablas geogr\u00e1fico-pol\u00edticas de la Nueva Espa\u00f1a","og_description":"TABLAS GEOGR\u00c1FICO-POL\u00cdTICAS DE LA NUEVA ESPA\u00d1A. \/ Alejandro de Humboldt. Michoac\u00e1n, M\u00e9xico : UMICH , Instituto de Investigaciones Hist\u00f3ricas, 2005.","og_url":"https:\/\/booksfrommexico.com\/es\/producto\/tablas-geografico-politicas-de-la-nueva-espana\/","og_site_name":"Books From Mexico","article_modified_time":"2024-10-02T23:37:48+00:00","og_image":[{"width":619,"height":839,"url":"http:\/\/booksfrommexico.com\/app\/uploads\/2023\/05\/127910.jpeg","type":"image\/jpeg"}],"twitter_card":"summary_large_image","twitter_misc":{"Tiempo de lectura":"1 minuto"},"schema":{"@context":"https:\/\/schema.org","@graph":[{"@type":"WebPage","@id":"https:\/\/booksfrommexico.com\/es\/producto\/tablas-geografico-politicas-de-la-nueva-espana\/","url":"https:\/\/booksfrommexico.com\/es\/producto\/tablas-geografico-politicas-de-la-nueva-espana\/","name":"Tablas geogr\u00e1fico-pol\u00edticas de la Nueva Espa\u00f1a","isPartOf":{"@id":"https:\/\/booksfrommexico.com\/#website"},"primaryImageOfPage":{"@id":"https:\/\/booksfrommexico.com\/es\/producto\/tablas-geografico-politicas-de-la-nueva-espana\/#primaryimage"},"image":{"@id":"https:\/\/booksfrommexico.com\/es\/producto\/tablas-geografico-politicas-de-la-nueva-espana\/#primaryimage"},"thumbnailUrl":"https:\/\/booksfrommexico.com\/app\/uploads\/2023\/05\/127910.jpeg","datePublished":"2023-05-08T17:03:23+00:00","dateModified":"2024-10-02T23:37:48+00:00","description":"TABLAS GEOGR\u00c1FICO-POL\u00cdTICAS DE LA NUEVA ESPA\u00d1A. \/ Alejandro de Humboldt. Michoac\u00e1n, M\u00e9xico : UMICH , Instituto de Investigaciones Hist\u00f3ricas, 2005.","breadcrumb":{"@id":"https:\/\/booksfrommexico.com\/es\/producto\/tablas-geografico-politicas-de-la-nueva-espana\/#breadcrumb"},"inLanguage":"es","potentialAction":[{"@type":"ReadAction","target":["https:\/\/booksfrommexico.com\/es\/producto\/tablas-geografico-politicas-de-la-nueva-espana\/"]}]},{"@type":"ImageObject","inLanguage":"es","@id":"https:\/\/booksfrommexico.com\/es\/producto\/tablas-geografico-politicas-de-la-nueva-espana\/#primaryimage","url":"https:\/\/booksfrommexico.com\/app\/uploads\/2023\/05\/127910.jpeg","contentUrl":"https:\/\/booksfrommexico.com\/app\/uploads\/2023\/05\/127910.jpeg","width":619,"height":839},{"@type":"BreadcrumbList","@id":"https:\/\/booksfrommexico.com\/es\/producto\/tablas-geografico-politicas-de-la-nueva-espana\/#breadcrumb","itemListElement":[{"@type":"ListItem","position":1,"name":"Home","item":"https:\/\/booksfrommexico.com\/es\/"},{"@type":"ListItem","position":2,"name":"Libros","item":"https:\/\/booksfrommexico.com\/es\/libros\/"},{"@type":"ListItem","position":3,"name":"Tablas geogr\u00e1fico-pol\u00edticas de la Nueva Espa\u00f1a"}]},{"@type":"WebSite","@id":"https:\/\/booksfrommexico.com\/#website","url":"https:\/\/booksfrommexico.com\/","name":"Books From Mexico","description":"","publisher":{"@id":"https:\/\/booksfrommexico.com\/#organization"},"potentialAction":[{"@type":"SearchAction","target":{"@type":"EntryPoint","urlTemplate":"https:\/\/booksfrommexico.com\/?s={search_term_string}"},"query-input":{"@type":"PropertyValueSpecification","valueRequired":true,"valueName":"search_term_string"}}],"inLanguage":"es"},{"@type":"Organization","@id":"https:\/\/booksfrommexico.com\/#organization","name":"Books From Mexico","url":"https:\/\/booksfrommexico.com\/","logo":{"@type":"ImageObject","inLanguage":"es","@id":"https:\/\/booksfrommexico.com\/#\/schema\/logo\/image\/","url":"https:\/\/booksfrommexico.com\/app\/uploads\/2023\/05\/logo-booksfrommexico.svg","contentUrl":"https:\/\/booksfrommexico.com\/app\/uploads\/2023\/05\/logo-booksfrommexico.svg","width":86,"height":56,"caption":"Books From Mexico"},"image":{"@id":"https:\/\/booksfrommexico.com\/#\/schema\/logo\/image\/"}}]}},"_links":{"self":[{"href":"https:\/\/booksfrommexico.com\/es\/wp-json\/wp\/v2\/product\/513","targetHints":{"allow":["GET"]}}],"collection":[{"href":"https:\/\/booksfrommexico.com\/es\/wp-json\/wp\/v2\/product"}],"about":[{"href":"https:\/\/booksfrommexico.com\/es\/wp-json\/wp\/v2\/types\/product"}],"wp:featuredmedia":[{"embeddable":true,"href":"https:\/\/booksfrommexico.com\/es\/wp-json\/wp\/v2\/media\/512"}],"wp:attachment":[{"href":"https:\/\/booksfrommexico.com\/es\/wp-json\/wp\/v2\/media?parent=513"}],"wp:term":[{"taxonomy":"product_brand","embeddable":true,"href":"https:\/\/booksfrommexico.com\/es\/wp-json\/wp\/v2\/product_brand?post=513"},{"taxonomy":"product_cat","embeddable":true,"href":"https:\/\/booksfrommexico.com\/es\/wp-json\/wp\/v2\/product_cat?post=513"},{"taxonomy":"product_tag","embeddable":true,"href":"https:\/\/booksfrommexico.com\/es\/wp-json\/wp\/v2\/product_tag?post=513"}],"curies":[{"name":"wp","href":"https:\/\/api.w.org\/{rel}","templated":true}]}}