{"id":515,"date":"2023-05-08T17:03:24","date_gmt":"2023-05-08T17:03:24","guid":{"rendered":"http:\/\/booksfrommexico.com\/product\/ocho-venado-garra-de-jaguar-heroe-de-varios-codices\/"},"modified":"2025-03-03T03:27:17","modified_gmt":"2025-03-03T03:27:17","slug":"ocho-venado-garra-de-jaguar-heroe-de-varios-codices","status":"publish","type":"product","link":"https:\/\/booksfrommexico.com\/es\/producto\/ocho-venado-garra-de-jaguar-heroe-de-varios-codices\/","title":{"rendered":"Ocho Venado, Garra de Jaguar, h\u00e9roe de varios c\u00f3dices"},"content":{"rendered":"<p><span style=\"font-weight: 400;\">Ocho Venado, Garra de Jaguar es uno de los protagonistas de la historia de M\u00e9xico m\u00e1s emblem\u00e1ticos, la vida de este gobernante, guerrero, diplom\u00e1tico y brujo, que luchaba y pactaba con hombres y dioses para consolidar una nueva dinast\u00eda en Tilantongo, revelan las inquietudes que se viv\u00edan en la Mixteca del siglo XI. A la vez, contar esta historia sirve para acceder al mundo de los c\u00f3dices prehisp\u00e1nicos, donde se recupera la historia de este h\u00e9roe mixteco. Este es el tercer volumen de la colecci\u00f3n <\/span><i><span style=\"font-weight: 400;\">Para leer los c\u00f3dices<\/span><\/i><span style=\"font-weight: 400;\">, cuyo fin es mostrar la riqueza del mundo antiguo, adem\u00e1s de analizar y comparar cuatro documentos prehisp\u00e1nicos: los c\u00f3dices <\/span><i><span style=\"font-weight: 400;\">Colombino, Becker I, Bodely <\/span><\/i><span style=\"font-weight: 400;\">y <\/span><i><span style=\"font-weight: 400;\">Nutall.<\/span><\/i><\/p>\n","protected":false},"excerpt":{"rendered":"<p>OCHO VENADO, GARRA DE JAGUAR, H\u00c9ROE DE VARIOS C\u00d3DICES<span style=\"font-weight: 400;\">. \/ Krystyna Magdalena Libura. M\u00e9xico, D.F. : Ediciones Tecolote, 2005. 57 pages : includes color map, color illustrations, tables ; 20\u00a0 cm. (Colecci\u00f3n Para leer los c\u00f3dices). ISBN : 9709718096. <\/span><\/p>\n","protected":false},"featured_media":514,"template":"","meta":{"_acf_changed":false,"inline_featured_image":false},"product_brand":[],"product_cat":[19,27,3219],"product_tag":[4331,4262,3918,3587],"class_list":{"0":"post-515","1":"product","2":"type-product","3":"status-publish","4":"has-post-thumbnail","6":"product_cat-antropologia","7":"product_cat-historia","8":"product_cat-prehispanica","9":"product_tag-arte-prehispanico","10":"product_tag-cultura-prehispanica","11":"product_tag-mixtecos","12":"product_tag-prehispanico","14":"first","15":"outofstock","16":"sale","17":"taxable","18":"shipping-taxable","19":"purchasable","20":"product-type-simple"},"acf":[],"yoast_head":"<!-- This site is optimized with the Yoast SEO plugin v27.3 - https:\/\/yoast.com\/product\/yoast-seo-wordpress\/ -->\n<title>Ocho Venado, Garra de Jaguar, h\u00e9roe de varios c\u00f3dices<\/title>\n<meta name=\"description\" content=\"OCHO VENADO, GARRA DE JAGUAR, H\u00c9ROE DE VARIOS C\u00d3DICES. \/ Krystyna Magdalena Libura. M\u00e9xico, D.F. : Ediciones Tecolote.(Colecci\u00f3n Para leer los c\u00f3dices).\" \/>\n<meta name=\"robots\" content=\"index, follow, max-snippet:-1, max-image-preview:large, max-video-preview:-1\" \/>\n<link rel=\"canonical\" href=\"https:\/\/booksfrommexico.com\/es\/producto\/ocho-venado-garra-de-jaguar-heroe-de-varios-codices\/\" \/>\n<meta property=\"og:locale\" content=\"es_ES\" \/>\n<meta property=\"og:type\" content=\"article\" \/>\n<meta property=\"og:title\" content=\"Ocho Venado, Garra de Jaguar, h\u00e9roe de varios c\u00f3dices\" \/>\n<meta property=\"og:description\" content=\"OCHO VENADO, GARRA DE JAGUAR, H\u00c9ROE DE VARIOS C\u00d3DICES. \/ Krystyna Magdalena Libura. M\u00e9xico, D.F. : Ediciones Tecolote.(Colecci\u00f3n Para leer los c\u00f3dices).\" \/>\n<meta property=\"og:url\" content=\"https:\/\/booksfrommexico.com\/es\/producto\/ocho-venado-garra-de-jaguar-heroe-de-varios-codices\/\" \/>\n<meta property=\"og:site_name\" content=\"Books From Mexico\" \/>\n<meta property=\"article:modified_time\" content=\"2025-03-03T03:27:17+00:00\" \/>\n<meta property=\"og:image\" content=\"http:\/\/booksfrommexico.com\/app\/uploads\/2023\/05\/127868.jpeg\" \/>\n\t<meta property=\"og:image:width\" content=\"622\" \/>\n\t<meta property=\"og:image:height\" content=\"570\" \/>\n\t<meta property=\"og:image:type\" content=\"image\/jpeg\" \/>\n<meta name=\"twitter:card\" content=\"summary_large_image\" \/>\n<meta name=\"twitter:label1\" content=\"Tiempo de lectura\" \/>\n\t<meta name=\"twitter:data1\" content=\"1 minuto\" \/>\n<script type=\"application\/ld+json\" class=\"yoast-schema-graph\">{\"@context\":\"https:\\\/\\\/schema.org\",\"@graph\":[{\"@type\":\"WebPage\",\"@id\":\"https:\\\/\\\/booksfrommexico.com\\\/es\\\/producto\\\/ocho-venado-garra-de-jaguar-heroe-de-varios-codices\\\/\",\"url\":\"https:\\\/\\\/booksfrommexico.com\\\/es\\\/producto\\\/ocho-venado-garra-de-jaguar-heroe-de-varios-codices\\\/\",\"name\":\"Ocho Venado, Garra de Jaguar, h\u00e9roe de varios c\u00f3dices\",\"isPartOf\":{\"@id\":\"https:\\\/\\\/booksfrommexico.com\\\/#website\"},\"primaryImageOfPage\":{\"@id\":\"https:\\\/\\\/booksfrommexico.com\\\/es\\\/producto\\\/ocho-venado-garra-de-jaguar-heroe-de-varios-codices\\\/#primaryimage\"},\"image\":{\"@id\":\"https:\\\/\\\/booksfrommexico.com\\\/es\\\/producto\\\/ocho-venado-garra-de-jaguar-heroe-de-varios-codices\\\/#primaryimage\"},\"thumbnailUrl\":\"https:\\\/\\\/booksfrommexico.com\\\/app\\\/uploads\\\/2023\\\/05\\\/127868.jpeg\",\"datePublished\":\"2023-05-08T17:03:24+00:00\",\"dateModified\":\"2025-03-03T03:27:17+00:00\",\"description\":\"OCHO VENADO, GARRA DE JAGUAR, H\u00c9ROE DE VARIOS C\u00d3DICES. \\\/ Krystyna Magdalena Libura. M\u00e9xico, D.F. : Ediciones Tecolote.(Colecci\u00f3n Para leer los c\u00f3dices).\",\"breadcrumb\":{\"@id\":\"https:\\\/\\\/booksfrommexico.com\\\/es\\\/producto\\\/ocho-venado-garra-de-jaguar-heroe-de-varios-codices\\\/#breadcrumb\"},\"inLanguage\":\"es\",\"potentialAction\":[{\"@type\":\"ReadAction\",\"target\":[\"https:\\\/\\\/booksfrommexico.com\\\/es\\\/producto\\\/ocho-venado-garra-de-jaguar-heroe-de-varios-codices\\\/\"]}]},{\"@type\":\"ImageObject\",\"inLanguage\":\"es\",\"@id\":\"https:\\\/\\\/booksfrommexico.com\\\/es\\\/producto\\\/ocho-venado-garra-de-jaguar-heroe-de-varios-codices\\\/#primaryimage\",\"url\":\"https:\\\/\\\/booksfrommexico.com\\\/app\\\/uploads\\\/2023\\\/05\\\/127868.jpeg\",\"contentUrl\":\"https:\\\/\\\/booksfrommexico.com\\\/app\\\/uploads\\\/2023\\\/05\\\/127868.jpeg\",\"width\":622,\"height\":570},{\"@type\":\"BreadcrumbList\",\"@id\":\"https:\\\/\\\/booksfrommexico.com\\\/es\\\/producto\\\/ocho-venado-garra-de-jaguar-heroe-de-varios-codices\\\/#breadcrumb\",\"itemListElement\":[{\"@type\":\"ListItem\",\"position\":1,\"name\":\"Home\",\"item\":\"https:\\\/\\\/booksfrommexico.com\\\/es\\\/\"},{\"@type\":\"ListItem\",\"position\":2,\"name\":\"Libros\",\"item\":\"https:\\\/\\\/booksfrommexico.com\\\/es\\\/libros\\\/\"},{\"@type\":\"ListItem\",\"position\":3,\"name\":\"Ocho Venado, Garra de Jaguar, h\u00e9roe de varios c\u00f3dices\"}]},{\"@type\":\"WebSite\",\"@id\":\"https:\\\/\\\/booksfrommexico.com\\\/#website\",\"url\":\"https:\\\/\\\/booksfrommexico.com\\\/\",\"name\":\"Books From Mexico\",\"description\":\"\",\"publisher\":{\"@id\":\"https:\\\/\\\/booksfrommexico.com\\\/#organization\"},\"potentialAction\":[{\"@type\":\"SearchAction\",\"target\":{\"@type\":\"EntryPoint\",\"urlTemplate\":\"https:\\\/\\\/booksfrommexico.com\\\/?s={search_term_string}\"},\"query-input\":{\"@type\":\"PropertyValueSpecification\",\"valueRequired\":true,\"valueName\":\"search_term_string\"}}],\"inLanguage\":\"es\"},{\"@type\":\"Organization\",\"@id\":\"https:\\\/\\\/booksfrommexico.com\\\/#organization\",\"name\":\"Books From Mexico\",\"url\":\"https:\\\/\\\/booksfrommexico.com\\\/\",\"logo\":{\"@type\":\"ImageObject\",\"inLanguage\":\"es\",\"@id\":\"https:\\\/\\\/booksfrommexico.com\\\/#\\\/schema\\\/logo\\\/image\\\/\",\"url\":\"https:\\\/\\\/booksfrommexico.com\\\/app\\\/uploads\\\/2023\\\/05\\\/logo-booksfrommexico.svg\",\"contentUrl\":\"https:\\\/\\\/booksfrommexico.com\\\/app\\\/uploads\\\/2023\\\/05\\\/logo-booksfrommexico.svg\",\"width\":86,\"height\":56,\"caption\":\"Books From Mexico\"},\"image\":{\"@id\":\"https:\\\/\\\/booksfrommexico.com\\\/#\\\/schema\\\/logo\\\/image\\\/\"}}]}<\/script>\n<!-- \/ Yoast SEO plugin. -->","yoast_head_json":{"title":"Ocho Venado, Garra de Jaguar, h\u00e9roe de varios c\u00f3dices","description":"OCHO VENADO, GARRA DE JAGUAR, H\u00c9ROE DE VARIOS C\u00d3DICES. \/ Krystyna Magdalena Libura. M\u00e9xico, D.F. : Ediciones Tecolote.(Colecci\u00f3n Para leer los c\u00f3dices).","robots":{"index":"index","follow":"follow","max-snippet":"max-snippet:-1","max-image-preview":"max-image-preview:large","max-video-preview":"max-video-preview:-1"},"canonical":"https:\/\/booksfrommexico.com\/es\/producto\/ocho-venado-garra-de-jaguar-heroe-de-varios-codices\/","og_locale":"es_ES","og_type":"article","og_title":"Ocho Venado, Garra de Jaguar, h\u00e9roe de varios c\u00f3dices","og_description":"OCHO VENADO, GARRA DE JAGUAR, H\u00c9ROE DE VARIOS C\u00d3DICES. \/ Krystyna Magdalena Libura. M\u00e9xico, D.F. : Ediciones Tecolote.(Colecci\u00f3n Para leer los c\u00f3dices).","og_url":"https:\/\/booksfrommexico.com\/es\/producto\/ocho-venado-garra-de-jaguar-heroe-de-varios-codices\/","og_site_name":"Books From Mexico","article_modified_time":"2025-03-03T03:27:17+00:00","og_image":[{"width":622,"height":570,"url":"http:\/\/booksfrommexico.com\/app\/uploads\/2023\/05\/127868.jpeg","type":"image\/jpeg"}],"twitter_card":"summary_large_image","twitter_misc":{"Tiempo de lectura":"1 minuto"},"schema":{"@context":"https:\/\/schema.org","@graph":[{"@type":"WebPage","@id":"https:\/\/booksfrommexico.com\/es\/producto\/ocho-venado-garra-de-jaguar-heroe-de-varios-codices\/","url":"https:\/\/booksfrommexico.com\/es\/producto\/ocho-venado-garra-de-jaguar-heroe-de-varios-codices\/","name":"Ocho Venado, Garra de Jaguar, h\u00e9roe de varios c\u00f3dices","isPartOf":{"@id":"https:\/\/booksfrommexico.com\/#website"},"primaryImageOfPage":{"@id":"https:\/\/booksfrommexico.com\/es\/producto\/ocho-venado-garra-de-jaguar-heroe-de-varios-codices\/#primaryimage"},"image":{"@id":"https:\/\/booksfrommexico.com\/es\/producto\/ocho-venado-garra-de-jaguar-heroe-de-varios-codices\/#primaryimage"},"thumbnailUrl":"https:\/\/booksfrommexico.com\/app\/uploads\/2023\/05\/127868.jpeg","datePublished":"2023-05-08T17:03:24+00:00","dateModified":"2025-03-03T03:27:17+00:00","description":"OCHO VENADO, GARRA DE JAGUAR, H\u00c9ROE DE VARIOS C\u00d3DICES. \/ Krystyna Magdalena Libura. M\u00e9xico, D.F. : Ediciones Tecolote.(Colecci\u00f3n Para leer los c\u00f3dices).","breadcrumb":{"@id":"https:\/\/booksfrommexico.com\/es\/producto\/ocho-venado-garra-de-jaguar-heroe-de-varios-codices\/#breadcrumb"},"inLanguage":"es","potentialAction":[{"@type":"ReadAction","target":["https:\/\/booksfrommexico.com\/es\/producto\/ocho-venado-garra-de-jaguar-heroe-de-varios-codices\/"]}]},{"@type":"ImageObject","inLanguage":"es","@id":"https:\/\/booksfrommexico.com\/es\/producto\/ocho-venado-garra-de-jaguar-heroe-de-varios-codices\/#primaryimage","url":"https:\/\/booksfrommexico.com\/app\/uploads\/2023\/05\/127868.jpeg","contentUrl":"https:\/\/booksfrommexico.com\/app\/uploads\/2023\/05\/127868.jpeg","width":622,"height":570},{"@type":"BreadcrumbList","@id":"https:\/\/booksfrommexico.com\/es\/producto\/ocho-venado-garra-de-jaguar-heroe-de-varios-codices\/#breadcrumb","itemListElement":[{"@type":"ListItem","position":1,"name":"Home","item":"https:\/\/booksfrommexico.com\/es\/"},{"@type":"ListItem","position":2,"name":"Libros","item":"https:\/\/booksfrommexico.com\/es\/libros\/"},{"@type":"ListItem","position":3,"name":"Ocho Venado, Garra de Jaguar, h\u00e9roe de varios c\u00f3dices"}]},{"@type":"WebSite","@id":"https:\/\/booksfrommexico.com\/#website","url":"https:\/\/booksfrommexico.com\/","name":"Books From Mexico","description":"","publisher":{"@id":"https:\/\/booksfrommexico.com\/#organization"},"potentialAction":[{"@type":"SearchAction","target":{"@type":"EntryPoint","urlTemplate":"https:\/\/booksfrommexico.com\/?s={search_term_string}"},"query-input":{"@type":"PropertyValueSpecification","valueRequired":true,"valueName":"search_term_string"}}],"inLanguage":"es"},{"@type":"Organization","@id":"https:\/\/booksfrommexico.com\/#organization","name":"Books From Mexico","url":"https:\/\/booksfrommexico.com\/","logo":{"@type":"ImageObject","inLanguage":"es","@id":"https:\/\/booksfrommexico.com\/#\/schema\/logo\/image\/","url":"https:\/\/booksfrommexico.com\/app\/uploads\/2023\/05\/logo-booksfrommexico.svg","contentUrl":"https:\/\/booksfrommexico.com\/app\/uploads\/2023\/05\/logo-booksfrommexico.svg","width":86,"height":56,"caption":"Books From Mexico"},"image":{"@id":"https:\/\/booksfrommexico.com\/#\/schema\/logo\/image\/"}}]}},"_links":{"self":[{"href":"https:\/\/booksfrommexico.com\/es\/wp-json\/wp\/v2\/product\/515","targetHints":{"allow":["GET"]}}],"collection":[{"href":"https:\/\/booksfrommexico.com\/es\/wp-json\/wp\/v2\/product"}],"about":[{"href":"https:\/\/booksfrommexico.com\/es\/wp-json\/wp\/v2\/types\/product"}],"wp:featuredmedia":[{"embeddable":true,"href":"https:\/\/booksfrommexico.com\/es\/wp-json\/wp\/v2\/media\/514"}],"wp:attachment":[{"href":"https:\/\/booksfrommexico.com\/es\/wp-json\/wp\/v2\/media?parent=515"}],"wp:term":[{"taxonomy":"product_brand","embeddable":true,"href":"https:\/\/booksfrommexico.com\/es\/wp-json\/wp\/v2\/product_brand?post=515"},{"taxonomy":"product_cat","embeddable":true,"href":"https:\/\/booksfrommexico.com\/es\/wp-json\/wp\/v2\/product_cat?post=515"},{"taxonomy":"product_tag","embeddable":true,"href":"https:\/\/booksfrommexico.com\/es\/wp-json\/wp\/v2\/product_tag?post=515"}],"curies":[{"name":"wp","href":"https:\/\/api.w.org\/{rel}","templated":true}]}}