{"id":517,"date":"2023-05-08T17:03:26","date_gmt":"2023-05-08T17:03:26","guid":{"rendered":"http:\/\/booksfrommexico.com\/product\/mayas-gobierno-y-tierras-frente-a-la-acometida-liberal-en-yucatan-1812-1847\/"},"modified":"2024-10-02T23:37:19","modified_gmt":"2024-10-02T23:37:19","slug":"mayas-gobierno-y-tierras-frente-a-la-acometida-liberal-en-yucatan-1812-1847","status":"publish","type":"product","link":"https:\/\/booksfrommexico.com\/es\/producto\/mayas-gobierno-y-tierras-frente-a-la-acometida-liberal-en-yucatan-1812-1847\/","title":{"rendered":"Mayas, gobierno y tierras frente a la acometida liberal en Yucat\u00e1n, 1812-1847"},"content":{"rendered":"<p><span style=\"font-weight: 400;\">Las rep\u00fablicas ind\u00edgenas y las corporaciones municipales constitucionales marcaron la historia de Yucat\u00e1n a lo largo del siglo XIX. Investigar estas dos instituciones como intermediarias entre los mayas y los grupos criollo-mestizos permite comprender mejor acontecimientos importantes como los proyectos de privatizaci\u00f3n territorial y la guerra de castas, que comenz\u00f3 en 1847 y perdur\u00f3 en la pen\u00ednsula hasta inicios del siglo XX. En esta investigaci\u00f3n el autor aborda al Yucat\u00e1n de la primera mitad del siglo XIX y\u00a0 la participaci\u00f3n pol\u00edtica de los mayas en dos procesos pol\u00edticos y sociales liberales: la municipalizaci\u00f3n y la privatizaci\u00f3n territorial.<\/span><\/p>\n","protected":false},"excerpt":{"rendered":"<p>MAYAS, GOBIERNO Y TIERRAS FRENTE A LA ACOMETIDA LIBERAL EN YUCAT\u00c1N, 1812-1847<span style=\"font-weight: 400;\">. \/ Arturo G\u00fc\u00e9mez Pineda. Zamora, Michoac\u00e1n : El Colegio de Michoac\u00e1n ; Yucat\u00e1n, M\u00e9xico : Universidad Aut\u00f3noma de Yucat\u00e1n, 2005. 364 pages : includes maps, tables, bibliographic notes, onomastic index, bibliography ; 28 cm. (Colecci\u00f3n Investigaciones). ISBN : 9706791515.<\/span><\/p>\n","protected":false},"featured_media":516,"template":"","meta":{"_acf_changed":false,"inline_featured_image":false},"product_brand":[],"product_cat":[19,78],"product_tag":[3659,4333,4041,3831],"class_list":{"0":"post-517","1":"product","2":"type-product","3":"status-publish","4":"has-post-thumbnail","6":"product_cat-antropologia","7":"product_cat-sociologia","8":"product_tag-condiciones-sociales","9":"product_tag-mayas","10":"product_tag-pueblos-indigenas","11":"product_tag-yucatan-mexico","13":"first","14":"instock","15":"sale","16":"taxable","17":"shipping-taxable","18":"purchasable","19":"product-type-simple"},"acf":[],"yoast_head":"<!-- This site is optimized with the Yoast SEO plugin v27.3 - https:\/\/yoast.com\/product\/yoast-seo-wordpress\/ -->\n<title>Mayas, gobierno y tierras frente a la acometida liberal en Yucat\u00e1n<\/title>\n<meta name=\"description\" content=\"MAYAS, GOBIERNO Y TIERRAS FRENTE A LA ACOMETIDA LIBERAL EN YUCAT\u00c1N, 1812-1847. \/ Arturo G\u00fc\u00e9mez Pineda. El Colegio de Michoac\u00e1n ; UADY, 2005.\" \/>\n<meta name=\"robots\" content=\"index, follow, max-snippet:-1, max-image-preview:large, max-video-preview:-1\" \/>\n<link rel=\"canonical\" href=\"https:\/\/booksfrommexico.com\/es\/producto\/mayas-gobierno-y-tierras-frente-a-la-acometida-liberal-en-yucatan-1812-1847\/\" \/>\n<meta property=\"og:locale\" content=\"es_ES\" \/>\n<meta property=\"og:type\" content=\"article\" \/>\n<meta property=\"og:title\" content=\"Mayas, gobierno y tierras frente a la acometida liberal en Yucat\u00e1n\" \/>\n<meta property=\"og:description\" content=\"MAYAS, GOBIERNO Y TIERRAS FRENTE A LA ACOMETIDA LIBERAL EN YUCAT\u00c1N, 1812-1847. \/ Arturo G\u00fc\u00e9mez Pineda. El Colegio de Michoac\u00e1n ; UADY, 2005.\" \/>\n<meta property=\"og:url\" content=\"https:\/\/booksfrommexico.com\/es\/producto\/mayas-gobierno-y-tierras-frente-a-la-acometida-liberal-en-yucatan-1812-1847\/\" \/>\n<meta property=\"og:site_name\" content=\"Books From Mexico\" \/>\n<meta property=\"article:modified_time\" content=\"2024-10-02T23:37:19+00:00\" \/>\n<meta property=\"og:image\" content=\"http:\/\/booksfrommexico.com\/app\/uploads\/2023\/05\/127862.jpeg\" \/>\n\t<meta property=\"og:image:width\" content=\"612\" \/>\n\t<meta property=\"og:image:height\" content=\"802\" \/>\n\t<meta property=\"og:image:type\" content=\"image\/jpeg\" \/>\n<meta name=\"twitter:card\" content=\"summary_large_image\" \/>\n<meta name=\"twitter:label1\" content=\"Tiempo de lectura\" \/>\n\t<meta name=\"twitter:data1\" content=\"1 minuto\" \/>\n<script type=\"application\/ld+json\" class=\"yoast-schema-graph\">{\"@context\":\"https:\\\/\\\/schema.org\",\"@graph\":[{\"@type\":\"WebPage\",\"@id\":\"https:\\\/\\\/booksfrommexico.com\\\/es\\\/producto\\\/mayas-gobierno-y-tierras-frente-a-la-acometida-liberal-en-yucatan-1812-1847\\\/\",\"url\":\"https:\\\/\\\/booksfrommexico.com\\\/es\\\/producto\\\/mayas-gobierno-y-tierras-frente-a-la-acometida-liberal-en-yucatan-1812-1847\\\/\",\"name\":\"Mayas, gobierno y tierras frente a la acometida liberal en Yucat\u00e1n\",\"isPartOf\":{\"@id\":\"https:\\\/\\\/booksfrommexico.com\\\/#website\"},\"primaryImageOfPage\":{\"@id\":\"https:\\\/\\\/booksfrommexico.com\\\/es\\\/producto\\\/mayas-gobierno-y-tierras-frente-a-la-acometida-liberal-en-yucatan-1812-1847\\\/#primaryimage\"},\"image\":{\"@id\":\"https:\\\/\\\/booksfrommexico.com\\\/es\\\/producto\\\/mayas-gobierno-y-tierras-frente-a-la-acometida-liberal-en-yucatan-1812-1847\\\/#primaryimage\"},\"thumbnailUrl\":\"https:\\\/\\\/booksfrommexico.com\\\/app\\\/uploads\\\/2023\\\/05\\\/127862.jpeg\",\"datePublished\":\"2023-05-08T17:03:26+00:00\",\"dateModified\":\"2024-10-02T23:37:19+00:00\",\"description\":\"MAYAS, GOBIERNO Y TIERRAS FRENTE A LA ACOMETIDA LIBERAL EN YUCAT\u00c1N, 1812-1847. \\\/ Arturo G\u00fc\u00e9mez Pineda. El Colegio de Michoac\u00e1n ; UADY, 2005.\",\"breadcrumb\":{\"@id\":\"https:\\\/\\\/booksfrommexico.com\\\/es\\\/producto\\\/mayas-gobierno-y-tierras-frente-a-la-acometida-liberal-en-yucatan-1812-1847\\\/#breadcrumb\"},\"inLanguage\":\"es\",\"potentialAction\":[{\"@type\":\"ReadAction\",\"target\":[\"https:\\\/\\\/booksfrommexico.com\\\/es\\\/producto\\\/mayas-gobierno-y-tierras-frente-a-la-acometida-liberal-en-yucatan-1812-1847\\\/\"]}]},{\"@type\":\"ImageObject\",\"inLanguage\":\"es\",\"@id\":\"https:\\\/\\\/booksfrommexico.com\\\/es\\\/producto\\\/mayas-gobierno-y-tierras-frente-a-la-acometida-liberal-en-yucatan-1812-1847\\\/#primaryimage\",\"url\":\"https:\\\/\\\/booksfrommexico.com\\\/app\\\/uploads\\\/2023\\\/05\\\/127862.jpeg\",\"contentUrl\":\"https:\\\/\\\/booksfrommexico.com\\\/app\\\/uploads\\\/2023\\\/05\\\/127862.jpeg\",\"width\":612,\"height\":802},{\"@type\":\"BreadcrumbList\",\"@id\":\"https:\\\/\\\/booksfrommexico.com\\\/es\\\/producto\\\/mayas-gobierno-y-tierras-frente-a-la-acometida-liberal-en-yucatan-1812-1847\\\/#breadcrumb\",\"itemListElement\":[{\"@type\":\"ListItem\",\"position\":1,\"name\":\"Home\",\"item\":\"https:\\\/\\\/booksfrommexico.com\\\/es\\\/\"},{\"@type\":\"ListItem\",\"position\":2,\"name\":\"Libros\",\"item\":\"https:\\\/\\\/booksfrommexico.com\\\/es\\\/libros\\\/\"},{\"@type\":\"ListItem\",\"position\":3,\"name\":\"Mayas, gobierno y tierras frente a la acometida liberal en Yucat\u00e1n, 1812-1847\"}]},{\"@type\":\"WebSite\",\"@id\":\"https:\\\/\\\/booksfrommexico.com\\\/#website\",\"url\":\"https:\\\/\\\/booksfrommexico.com\\\/\",\"name\":\"Books From Mexico\",\"description\":\"\",\"publisher\":{\"@id\":\"https:\\\/\\\/booksfrommexico.com\\\/#organization\"},\"potentialAction\":[{\"@type\":\"SearchAction\",\"target\":{\"@type\":\"EntryPoint\",\"urlTemplate\":\"https:\\\/\\\/booksfrommexico.com\\\/?s={search_term_string}\"},\"query-input\":{\"@type\":\"PropertyValueSpecification\",\"valueRequired\":true,\"valueName\":\"search_term_string\"}}],\"inLanguage\":\"es\"},{\"@type\":\"Organization\",\"@id\":\"https:\\\/\\\/booksfrommexico.com\\\/#organization\",\"name\":\"Books From Mexico\",\"url\":\"https:\\\/\\\/booksfrommexico.com\\\/\",\"logo\":{\"@type\":\"ImageObject\",\"inLanguage\":\"es\",\"@id\":\"https:\\\/\\\/booksfrommexico.com\\\/#\\\/schema\\\/logo\\\/image\\\/\",\"url\":\"https:\\\/\\\/booksfrommexico.com\\\/app\\\/uploads\\\/2023\\\/05\\\/logo-booksfrommexico.svg\",\"contentUrl\":\"https:\\\/\\\/booksfrommexico.com\\\/app\\\/uploads\\\/2023\\\/05\\\/logo-booksfrommexico.svg\",\"width\":86,\"height\":56,\"caption\":\"Books From Mexico\"},\"image\":{\"@id\":\"https:\\\/\\\/booksfrommexico.com\\\/#\\\/schema\\\/logo\\\/image\\\/\"}}]}<\/script>\n<!-- \/ Yoast SEO plugin. -->","yoast_head_json":{"title":"Mayas, gobierno y tierras frente a la acometida liberal en Yucat\u00e1n","description":"MAYAS, GOBIERNO Y TIERRAS FRENTE A LA ACOMETIDA LIBERAL EN YUCAT\u00c1N, 1812-1847. \/ Arturo G\u00fc\u00e9mez Pineda. El Colegio de Michoac\u00e1n ; UADY, 2005.","robots":{"index":"index","follow":"follow","max-snippet":"max-snippet:-1","max-image-preview":"max-image-preview:large","max-video-preview":"max-video-preview:-1"},"canonical":"https:\/\/booksfrommexico.com\/es\/producto\/mayas-gobierno-y-tierras-frente-a-la-acometida-liberal-en-yucatan-1812-1847\/","og_locale":"es_ES","og_type":"article","og_title":"Mayas, gobierno y tierras frente a la acometida liberal en Yucat\u00e1n","og_description":"MAYAS, GOBIERNO Y TIERRAS FRENTE A LA ACOMETIDA LIBERAL EN YUCAT\u00c1N, 1812-1847. \/ Arturo G\u00fc\u00e9mez Pineda. El Colegio de Michoac\u00e1n ; UADY, 2005.","og_url":"https:\/\/booksfrommexico.com\/es\/producto\/mayas-gobierno-y-tierras-frente-a-la-acometida-liberal-en-yucatan-1812-1847\/","og_site_name":"Books From Mexico","article_modified_time":"2024-10-02T23:37:19+00:00","og_image":[{"width":612,"height":802,"url":"http:\/\/booksfrommexico.com\/app\/uploads\/2023\/05\/127862.jpeg","type":"image\/jpeg"}],"twitter_card":"summary_large_image","twitter_misc":{"Tiempo de lectura":"1 minuto"},"schema":{"@context":"https:\/\/schema.org","@graph":[{"@type":"WebPage","@id":"https:\/\/booksfrommexico.com\/es\/producto\/mayas-gobierno-y-tierras-frente-a-la-acometida-liberal-en-yucatan-1812-1847\/","url":"https:\/\/booksfrommexico.com\/es\/producto\/mayas-gobierno-y-tierras-frente-a-la-acometida-liberal-en-yucatan-1812-1847\/","name":"Mayas, gobierno y tierras frente a la acometida liberal en Yucat\u00e1n","isPartOf":{"@id":"https:\/\/booksfrommexico.com\/#website"},"primaryImageOfPage":{"@id":"https:\/\/booksfrommexico.com\/es\/producto\/mayas-gobierno-y-tierras-frente-a-la-acometida-liberal-en-yucatan-1812-1847\/#primaryimage"},"image":{"@id":"https:\/\/booksfrommexico.com\/es\/producto\/mayas-gobierno-y-tierras-frente-a-la-acometida-liberal-en-yucatan-1812-1847\/#primaryimage"},"thumbnailUrl":"https:\/\/booksfrommexico.com\/app\/uploads\/2023\/05\/127862.jpeg","datePublished":"2023-05-08T17:03:26+00:00","dateModified":"2024-10-02T23:37:19+00:00","description":"MAYAS, GOBIERNO Y TIERRAS FRENTE A LA ACOMETIDA LIBERAL EN YUCAT\u00c1N, 1812-1847. \/ Arturo G\u00fc\u00e9mez Pineda. El Colegio de Michoac\u00e1n ; UADY, 2005.","breadcrumb":{"@id":"https:\/\/booksfrommexico.com\/es\/producto\/mayas-gobierno-y-tierras-frente-a-la-acometida-liberal-en-yucatan-1812-1847\/#breadcrumb"},"inLanguage":"es","potentialAction":[{"@type":"ReadAction","target":["https:\/\/booksfrommexico.com\/es\/producto\/mayas-gobierno-y-tierras-frente-a-la-acometida-liberal-en-yucatan-1812-1847\/"]}]},{"@type":"ImageObject","inLanguage":"es","@id":"https:\/\/booksfrommexico.com\/es\/producto\/mayas-gobierno-y-tierras-frente-a-la-acometida-liberal-en-yucatan-1812-1847\/#primaryimage","url":"https:\/\/booksfrommexico.com\/app\/uploads\/2023\/05\/127862.jpeg","contentUrl":"https:\/\/booksfrommexico.com\/app\/uploads\/2023\/05\/127862.jpeg","width":612,"height":802},{"@type":"BreadcrumbList","@id":"https:\/\/booksfrommexico.com\/es\/producto\/mayas-gobierno-y-tierras-frente-a-la-acometida-liberal-en-yucatan-1812-1847\/#breadcrumb","itemListElement":[{"@type":"ListItem","position":1,"name":"Home","item":"https:\/\/booksfrommexico.com\/es\/"},{"@type":"ListItem","position":2,"name":"Libros","item":"https:\/\/booksfrommexico.com\/es\/libros\/"},{"@type":"ListItem","position":3,"name":"Mayas, gobierno y tierras frente a la acometida liberal en Yucat\u00e1n, 1812-1847"}]},{"@type":"WebSite","@id":"https:\/\/booksfrommexico.com\/#website","url":"https:\/\/booksfrommexico.com\/","name":"Books From Mexico","description":"","publisher":{"@id":"https:\/\/booksfrommexico.com\/#organization"},"potentialAction":[{"@type":"SearchAction","target":{"@type":"EntryPoint","urlTemplate":"https:\/\/booksfrommexico.com\/?s={search_term_string}"},"query-input":{"@type":"PropertyValueSpecification","valueRequired":true,"valueName":"search_term_string"}}],"inLanguage":"es"},{"@type":"Organization","@id":"https:\/\/booksfrommexico.com\/#organization","name":"Books From Mexico","url":"https:\/\/booksfrommexico.com\/","logo":{"@type":"ImageObject","inLanguage":"es","@id":"https:\/\/booksfrommexico.com\/#\/schema\/logo\/image\/","url":"https:\/\/booksfrommexico.com\/app\/uploads\/2023\/05\/logo-booksfrommexico.svg","contentUrl":"https:\/\/booksfrommexico.com\/app\/uploads\/2023\/05\/logo-booksfrommexico.svg","width":86,"height":56,"caption":"Books From Mexico"},"image":{"@id":"https:\/\/booksfrommexico.com\/#\/schema\/logo\/image\/"}}]}},"_links":{"self":[{"href":"https:\/\/booksfrommexico.com\/es\/wp-json\/wp\/v2\/product\/517","targetHints":{"allow":["GET"]}}],"collection":[{"href":"https:\/\/booksfrommexico.com\/es\/wp-json\/wp\/v2\/product"}],"about":[{"href":"https:\/\/booksfrommexico.com\/es\/wp-json\/wp\/v2\/types\/product"}],"wp:featuredmedia":[{"embeddable":true,"href":"https:\/\/booksfrommexico.com\/es\/wp-json\/wp\/v2\/media\/516"}],"wp:attachment":[{"href":"https:\/\/booksfrommexico.com\/es\/wp-json\/wp\/v2\/media?parent=517"}],"wp:term":[{"taxonomy":"product_brand","embeddable":true,"href":"https:\/\/booksfrommexico.com\/es\/wp-json\/wp\/v2\/product_brand?post=517"},{"taxonomy":"product_cat","embeddable":true,"href":"https:\/\/booksfrommexico.com\/es\/wp-json\/wp\/v2\/product_cat?post=517"},{"taxonomy":"product_tag","embeddable":true,"href":"https:\/\/booksfrommexico.com\/es\/wp-json\/wp\/v2\/product_tag?post=517"}],"curies":[{"name":"wp","href":"https:\/\/api.w.org\/{rel}","templated":true}]}}