{"id":519,"date":"2023-05-08T17:03:27","date_gmt":"2023-05-08T17:03:27","guid":{"rendered":"http:\/\/booksfrommexico.com\/product\/el-negro-cimarron-yayejal-j-ikal\/"},"modified":"2024-08-22T23:09:13","modified_gmt":"2024-08-22T23:09:13","slug":"el-negro-cimarron-yayejal-j-ikal","status":"publish","type":"product","link":"https:\/\/booksfrommexico.com\/es\/producto\/el-negro-cimarron-yayejal-j-ikal\/","title":{"rendered":"El Negro Cimarr\u00f3n: Ya&#8217;Yejal J-Ik&#8217;al"},"content":{"rendered":"<p><span style=\"font-weight: 400;\">En las comunidades ind\u00edgenas existen narraciones sobre espantagentes; algunos afirman haber tenido encuentro con ellos, sobre todo con un personaje muy com\u00fan conocido como <\/span><i><span style=\"font-weight: 400;\">El Negro<\/span><\/i><span style=\"font-weight: 400;\">. En este cuento se narran diferentes versiones, con muchas variantes ya que -se supone- existieron en la regi\u00f3n de los Altos, varios negros. Este personaje es importante en la cultura ya que el origen de los relatos est\u00e1 relacionado cronol\u00f3gicamente con la llegada de los espa\u00f1oles, quienes trajeron esclavos negros para su servicio. Esta se trata de una versi\u00f3n biling\u00fce tzotzil-espa\u00f1ol e incluye ilustraciones a color.<\/span><\/p>\n","protected":false},"excerpt":{"rendered":"<p>EL NEGRO CIMARR\u00d3N : YA&#8217;YEJAL J-IK&#8217;AL<span style=\"font-weight: 400;\">. \/ Antonio G\u00f3mez G\u00f3mez. San Crist\u00f3bal de las Casas, Chihuahua : Universidad Nacional Aut\u00f3noma de M\u00e9xico , Programa de Investigaciones Multidisciplinarias sobre Mesoam\u00e9rica y el Sureste, 2000. 28 pages : includes color photos ;\u00a0 23 cm. (Colecci\u00f3n Tradici\u00f3n Oral y Narrativa Ind\u00edgenas). ISBN : 968368324X. <\/span><\/p>\n","protected":false},"featured_media":518,"template":"","meta":{"_acf_changed":false,"inline_featured_image":false},"product_brand":[],"product_cat":[25,4061],"product_tag":[4382,4339,3871,4223,3769,4099,4301],"class_list":{"0":"post-519","1":"product","2":"type-product","3":"status-publish","4":"has-post-thumbnail","6":"product_cat-literatura","7":"product_cat-relato","8":"product_tag-edicion-bilingue","9":"product_tag-lenguaje-tsotsil","10":"product_tag-leyendas","11":"product_tag-mitos-y-leyendas","12":"product_tag-obras-ilustradas","13":"product_tag-relato","14":"product_tag-tsotsil-es","16":"first","17":"instock","18":"taxable","19":"shipping-taxable","20":"purchasable","21":"product-type-simple"},"acf":[],"yoast_head":"<!-- This site is optimized with the Yoast SEO plugin v27.3 - https:\/\/yoast.com\/product\/yoast-seo-wordpress\/ -->\n<title>El Negro Cimarr\u00f3n: Ya&#039;Yejal J-Ik&#039;al<\/title>\n<meta name=\"description\" content=\"EL NEGRO CIMARR\u00d3N : YA&#039;YEJAL J-IK&#039;AL. \/ Antonio G\u00f3mez G\u00f3mez. San Crist\u00f3bal de las Casas, Chihuahua : UNAM. (Colecci\u00f3n Tradici\u00f3n Oral y Narrativa Ind\u00edgenas).\" \/>\n<meta name=\"robots\" content=\"index, follow, max-snippet:-1, max-image-preview:large, max-video-preview:-1\" \/>\n<link rel=\"canonical\" href=\"https:\/\/booksfrommexico.com\/es\/producto\/el-negro-cimarron-yayejal-j-ikal\/\" \/>\n<meta property=\"og:locale\" content=\"es_ES\" \/>\n<meta property=\"og:type\" content=\"article\" \/>\n<meta property=\"og:title\" content=\"El Negro Cimarr\u00f3n: Ya&#039;Yejal J-Ik&#039;al\" \/>\n<meta property=\"og:description\" content=\"EL NEGRO CIMARR\u00d3N : YA&#039;YEJAL J-IK&#039;AL. \/ Antonio G\u00f3mez G\u00f3mez. San Crist\u00f3bal de las Casas, Chihuahua : UNAM. (Colecci\u00f3n Tradici\u00f3n Oral y Narrativa Ind\u00edgenas).\" \/>\n<meta property=\"og:url\" content=\"https:\/\/booksfrommexico.com\/es\/producto\/el-negro-cimarron-yayejal-j-ikal\/\" \/>\n<meta property=\"og:site_name\" content=\"Books From Mexico\" \/>\n<meta property=\"article:modified_time\" content=\"2024-08-22T23:09:13+00:00\" \/>\n<meta property=\"og:image\" content=\"http:\/\/booksfrommexico.com\/app\/uploads\/2023\/05\/127841.jpeg\" \/>\n\t<meta property=\"og:image:width\" content=\"441\" \/>\n\t<meta property=\"og:image:height\" content=\"652\" \/>\n\t<meta property=\"og:image:type\" content=\"image\/jpeg\" \/>\n<meta name=\"twitter:card\" content=\"summary_large_image\" \/>\n<meta name=\"twitter:label1\" content=\"Tiempo de lectura\" \/>\n\t<meta name=\"twitter:data1\" content=\"1 minuto\" \/>\n<script type=\"application\/ld+json\" class=\"yoast-schema-graph\">{\"@context\":\"https:\\\/\\\/schema.org\",\"@graph\":[{\"@type\":\"WebPage\",\"@id\":\"https:\\\/\\\/booksfrommexico.com\\\/es\\\/producto\\\/el-negro-cimarron-yayejal-j-ikal\\\/\",\"url\":\"https:\\\/\\\/booksfrommexico.com\\\/es\\\/producto\\\/el-negro-cimarron-yayejal-j-ikal\\\/\",\"name\":\"El Negro Cimarr\u00f3n: Ya'Yejal J-Ik'al\",\"isPartOf\":{\"@id\":\"https:\\\/\\\/booksfrommexico.com\\\/#website\"},\"primaryImageOfPage\":{\"@id\":\"https:\\\/\\\/booksfrommexico.com\\\/es\\\/producto\\\/el-negro-cimarron-yayejal-j-ikal\\\/#primaryimage\"},\"image\":{\"@id\":\"https:\\\/\\\/booksfrommexico.com\\\/es\\\/producto\\\/el-negro-cimarron-yayejal-j-ikal\\\/#primaryimage\"},\"thumbnailUrl\":\"https:\\\/\\\/booksfrommexico.com\\\/app\\\/uploads\\\/2023\\\/05\\\/127841.jpeg\",\"datePublished\":\"2023-05-08T17:03:27+00:00\",\"dateModified\":\"2024-08-22T23:09:13+00:00\",\"description\":\"EL NEGRO CIMARR\u00d3N : YA'YEJAL J-IK'AL. \\\/ Antonio G\u00f3mez G\u00f3mez. San Crist\u00f3bal de las Casas, Chihuahua : UNAM. (Colecci\u00f3n Tradici\u00f3n Oral y Narrativa Ind\u00edgenas).\",\"breadcrumb\":{\"@id\":\"https:\\\/\\\/booksfrommexico.com\\\/es\\\/producto\\\/el-negro-cimarron-yayejal-j-ikal\\\/#breadcrumb\"},\"inLanguage\":\"es\",\"potentialAction\":[{\"@type\":\"ReadAction\",\"target\":[\"https:\\\/\\\/booksfrommexico.com\\\/es\\\/producto\\\/el-negro-cimarron-yayejal-j-ikal\\\/\"]}]},{\"@type\":\"ImageObject\",\"inLanguage\":\"es\",\"@id\":\"https:\\\/\\\/booksfrommexico.com\\\/es\\\/producto\\\/el-negro-cimarron-yayejal-j-ikal\\\/#primaryimage\",\"url\":\"https:\\\/\\\/booksfrommexico.com\\\/app\\\/uploads\\\/2023\\\/05\\\/127841.jpeg\",\"contentUrl\":\"https:\\\/\\\/booksfrommexico.com\\\/app\\\/uploads\\\/2023\\\/05\\\/127841.jpeg\",\"width\":441,\"height\":652},{\"@type\":\"BreadcrumbList\",\"@id\":\"https:\\\/\\\/booksfrommexico.com\\\/es\\\/producto\\\/el-negro-cimarron-yayejal-j-ikal\\\/#breadcrumb\",\"itemListElement\":[{\"@type\":\"ListItem\",\"position\":1,\"name\":\"Home\",\"item\":\"https:\\\/\\\/booksfrommexico.com\\\/es\\\/\"},{\"@type\":\"ListItem\",\"position\":2,\"name\":\"Libros\",\"item\":\"https:\\\/\\\/booksfrommexico.com\\\/es\\\/libros\\\/\"},{\"@type\":\"ListItem\",\"position\":3,\"name\":\"El Negro Cimarr\u00f3n: Ya&#8217;Yejal J-Ik&#8217;al\"}]},{\"@type\":\"WebSite\",\"@id\":\"https:\\\/\\\/booksfrommexico.com\\\/#website\",\"url\":\"https:\\\/\\\/booksfrommexico.com\\\/\",\"name\":\"Books From Mexico\",\"description\":\"\",\"publisher\":{\"@id\":\"https:\\\/\\\/booksfrommexico.com\\\/#organization\"},\"potentialAction\":[{\"@type\":\"SearchAction\",\"target\":{\"@type\":\"EntryPoint\",\"urlTemplate\":\"https:\\\/\\\/booksfrommexico.com\\\/?s={search_term_string}\"},\"query-input\":{\"@type\":\"PropertyValueSpecification\",\"valueRequired\":true,\"valueName\":\"search_term_string\"}}],\"inLanguage\":\"es\"},{\"@type\":\"Organization\",\"@id\":\"https:\\\/\\\/booksfrommexico.com\\\/#organization\",\"name\":\"Books From Mexico\",\"url\":\"https:\\\/\\\/booksfrommexico.com\\\/\",\"logo\":{\"@type\":\"ImageObject\",\"inLanguage\":\"es\",\"@id\":\"https:\\\/\\\/booksfrommexico.com\\\/#\\\/schema\\\/logo\\\/image\\\/\",\"url\":\"https:\\\/\\\/booksfrommexico.com\\\/app\\\/uploads\\\/2023\\\/05\\\/logo-booksfrommexico.svg\",\"contentUrl\":\"https:\\\/\\\/booksfrommexico.com\\\/app\\\/uploads\\\/2023\\\/05\\\/logo-booksfrommexico.svg\",\"width\":86,\"height\":56,\"caption\":\"Books From Mexico\"},\"image\":{\"@id\":\"https:\\\/\\\/booksfrommexico.com\\\/#\\\/schema\\\/logo\\\/image\\\/\"}}]}<\/script>\n<!-- \/ Yoast SEO plugin. -->","yoast_head_json":{"title":"El Negro Cimarr\u00f3n: Ya'Yejal J-Ik'al","description":"EL NEGRO CIMARR\u00d3N : YA'YEJAL J-IK'AL. \/ Antonio G\u00f3mez G\u00f3mez. San Crist\u00f3bal de las Casas, Chihuahua : UNAM. (Colecci\u00f3n Tradici\u00f3n Oral y Narrativa Ind\u00edgenas).","robots":{"index":"index","follow":"follow","max-snippet":"max-snippet:-1","max-image-preview":"max-image-preview:large","max-video-preview":"max-video-preview:-1"},"canonical":"https:\/\/booksfrommexico.com\/es\/producto\/el-negro-cimarron-yayejal-j-ikal\/","og_locale":"es_ES","og_type":"article","og_title":"El Negro Cimarr\u00f3n: Ya'Yejal J-Ik'al","og_description":"EL NEGRO CIMARR\u00d3N : YA'YEJAL J-IK'AL. \/ Antonio G\u00f3mez G\u00f3mez. San Crist\u00f3bal de las Casas, Chihuahua : UNAM. (Colecci\u00f3n Tradici\u00f3n Oral y Narrativa Ind\u00edgenas).","og_url":"https:\/\/booksfrommexico.com\/es\/producto\/el-negro-cimarron-yayejal-j-ikal\/","og_site_name":"Books From Mexico","article_modified_time":"2024-08-22T23:09:13+00:00","og_image":[{"width":441,"height":652,"url":"http:\/\/booksfrommexico.com\/app\/uploads\/2023\/05\/127841.jpeg","type":"image\/jpeg"}],"twitter_card":"summary_large_image","twitter_misc":{"Tiempo de lectura":"1 minuto"},"schema":{"@context":"https:\/\/schema.org","@graph":[{"@type":"WebPage","@id":"https:\/\/booksfrommexico.com\/es\/producto\/el-negro-cimarron-yayejal-j-ikal\/","url":"https:\/\/booksfrommexico.com\/es\/producto\/el-negro-cimarron-yayejal-j-ikal\/","name":"El Negro Cimarr\u00f3n: Ya'Yejal J-Ik'al","isPartOf":{"@id":"https:\/\/booksfrommexico.com\/#website"},"primaryImageOfPage":{"@id":"https:\/\/booksfrommexico.com\/es\/producto\/el-negro-cimarron-yayejal-j-ikal\/#primaryimage"},"image":{"@id":"https:\/\/booksfrommexico.com\/es\/producto\/el-negro-cimarron-yayejal-j-ikal\/#primaryimage"},"thumbnailUrl":"https:\/\/booksfrommexico.com\/app\/uploads\/2023\/05\/127841.jpeg","datePublished":"2023-05-08T17:03:27+00:00","dateModified":"2024-08-22T23:09:13+00:00","description":"EL NEGRO CIMARR\u00d3N : YA'YEJAL J-IK'AL. \/ Antonio G\u00f3mez G\u00f3mez. San Crist\u00f3bal de las Casas, Chihuahua : UNAM. (Colecci\u00f3n Tradici\u00f3n Oral y Narrativa Ind\u00edgenas).","breadcrumb":{"@id":"https:\/\/booksfrommexico.com\/es\/producto\/el-negro-cimarron-yayejal-j-ikal\/#breadcrumb"},"inLanguage":"es","potentialAction":[{"@type":"ReadAction","target":["https:\/\/booksfrommexico.com\/es\/producto\/el-negro-cimarron-yayejal-j-ikal\/"]}]},{"@type":"ImageObject","inLanguage":"es","@id":"https:\/\/booksfrommexico.com\/es\/producto\/el-negro-cimarron-yayejal-j-ikal\/#primaryimage","url":"https:\/\/booksfrommexico.com\/app\/uploads\/2023\/05\/127841.jpeg","contentUrl":"https:\/\/booksfrommexico.com\/app\/uploads\/2023\/05\/127841.jpeg","width":441,"height":652},{"@type":"BreadcrumbList","@id":"https:\/\/booksfrommexico.com\/es\/producto\/el-negro-cimarron-yayejal-j-ikal\/#breadcrumb","itemListElement":[{"@type":"ListItem","position":1,"name":"Home","item":"https:\/\/booksfrommexico.com\/es\/"},{"@type":"ListItem","position":2,"name":"Libros","item":"https:\/\/booksfrommexico.com\/es\/libros\/"},{"@type":"ListItem","position":3,"name":"El Negro Cimarr\u00f3n: Ya&#8217;Yejal J-Ik&#8217;al"}]},{"@type":"WebSite","@id":"https:\/\/booksfrommexico.com\/#website","url":"https:\/\/booksfrommexico.com\/","name":"Books From Mexico","description":"","publisher":{"@id":"https:\/\/booksfrommexico.com\/#organization"},"potentialAction":[{"@type":"SearchAction","target":{"@type":"EntryPoint","urlTemplate":"https:\/\/booksfrommexico.com\/?s={search_term_string}"},"query-input":{"@type":"PropertyValueSpecification","valueRequired":true,"valueName":"search_term_string"}}],"inLanguage":"es"},{"@type":"Organization","@id":"https:\/\/booksfrommexico.com\/#organization","name":"Books From Mexico","url":"https:\/\/booksfrommexico.com\/","logo":{"@type":"ImageObject","inLanguage":"es","@id":"https:\/\/booksfrommexico.com\/#\/schema\/logo\/image\/","url":"https:\/\/booksfrommexico.com\/app\/uploads\/2023\/05\/logo-booksfrommexico.svg","contentUrl":"https:\/\/booksfrommexico.com\/app\/uploads\/2023\/05\/logo-booksfrommexico.svg","width":86,"height":56,"caption":"Books From Mexico"},"image":{"@id":"https:\/\/booksfrommexico.com\/#\/schema\/logo\/image\/"}}]}},"_links":{"self":[{"href":"https:\/\/booksfrommexico.com\/es\/wp-json\/wp\/v2\/product\/519","targetHints":{"allow":["GET"]}}],"collection":[{"href":"https:\/\/booksfrommexico.com\/es\/wp-json\/wp\/v2\/product"}],"about":[{"href":"https:\/\/booksfrommexico.com\/es\/wp-json\/wp\/v2\/types\/product"}],"wp:featuredmedia":[{"embeddable":true,"href":"https:\/\/booksfrommexico.com\/es\/wp-json\/wp\/v2\/media\/518"}],"wp:attachment":[{"href":"https:\/\/booksfrommexico.com\/es\/wp-json\/wp\/v2\/media?parent=519"}],"wp:term":[{"taxonomy":"product_brand","embeddable":true,"href":"https:\/\/booksfrommexico.com\/es\/wp-json\/wp\/v2\/product_brand?post=519"},{"taxonomy":"product_cat","embeddable":true,"href":"https:\/\/booksfrommexico.com\/es\/wp-json\/wp\/v2\/product_cat?post=519"},{"taxonomy":"product_tag","embeddable":true,"href":"https:\/\/booksfrommexico.com\/es\/wp-json\/wp\/v2\/product_tag?post=519"}],"curies":[{"name":"wp","href":"https:\/\/api.w.org\/{rel}","templated":true}]}}