{"id":523,"date":"2023-05-08T17:03:30","date_gmt":"2023-05-08T17:03:30","guid":{"rendered":"http:\/\/booksfrommexico.com\/product\/entre-el-porfiriato-y-la-revolucion-el-gobierno-interino-de-francisco-leon-de-la-barra\/"},"modified":"2024-10-02T23:37:02","modified_gmt":"2024-10-02T23:37:02","slug":"entre-el-porfiriato-y-la-revolucion-el-gobierno-interino-de-francisco-leon-de-la-barra","status":"publish","type":"product","link":"https:\/\/booksfrommexico.com\/es\/producto\/entre-el-porfiriato-y-la-revolucion-el-gobierno-interino-de-francisco-leon-de-la-barra\/","title":{"rendered":"Entre el porfiriato y la revoluci\u00f3n: El gobierno interino de Francisco Le\u00f3n de la Barra"},"content":{"rendered":"<p><span style=\"font-weight: 400;\">El trabajo de investigaci\u00f3n abarca el periodo de gobierno de transici\u00f3n que hubo tras la renuncia de Porfirio D\u00edaz a la presidencia y la toma del cargo interinamente de Francisco de Le\u00f3n Ibarra. El gobierno de transici\u00f3n naci\u00f3 en medio de una contradicci\u00f3n esencial: era producto de una revoluci\u00f3n popular triunfante cuyos l\u00edderes quer\u00edan impulsar cambios pol\u00edticos y solucionar los principales problemas sociales, y al mismo tiempo era visto por los grupos conservadores como el aval de que sus privilegios no sufrir\u00edan merma. El interinato fue un breve pero intenso periodo de luchas pol\u00edticas entre los nuevos y los viejos actores, donde lo nuevo no termin\u00f3 de trascender y lo viejo no fue reemplazado.<\/span><\/p>\n","protected":false},"excerpt":{"rendered":"<p>ENTRE EL PORFIRIATO Y LA REVOLUCI\u00d3N : EL GOBIERNO INTERINO DE FRANCISCO LE\u00d3N DE LA BARRA<span style=\"font-weight: 400;\">. \/ Felipe Arturo \u00c1vila Espinosa. M\u00e9xico, D.F. : Universidad Nacional Aut\u00f3noma de M\u00e9xico , Instituto de Investigaciones Hist\u00f3ricas, 2005. 158 pages : includes bibliographic references, bibliography ; 23 cm. (Serie Historia Moderna y Contempor\u00e1nea). ISBN : 9703227791. <\/span><\/p>\n","protected":false},"featured_media":522,"template":"","meta":{"_acf_changed":false,"inline_featured_image":false},"product_brand":[],"product_cat":[27,651],"product_tag":[3799,4151,4092],"class_list":{"0":"post-523","1":"product","2":"type-product","3":"status-publish","4":"has-post-thumbnail","6":"product_cat-historia","7":"product_cat-historia-politica","8":"product_tag-historia-politica","9":"product_tag-porfiriato","10":"product_tag-revolucion-mexicana","12":"first","13":"instock","14":"sale","15":"taxable","16":"shipping-taxable","17":"purchasable","18":"product-type-simple"},"acf":[],"yoast_head":"<!-- This site is optimized with the Yoast SEO plugin v27.3 - https:\/\/yoast.com\/product\/yoast-seo-wordpress\/ -->\n<title>Entre el porfiriato y la revoluci\u00f3n: El gobierno interino...<\/title>\n<meta name=\"description\" content=\"ENTRE EL PORFIRIATO Y LA REVOLUCI\u00d3N : EL GOBIERNO INTERINO DE FRANCISCO LE\u00d3N DE LA BARRA. \/ \u00c1vila Espinosa. 2005. (Serie Historia Moderna y Contempor\u00e1nea).\" \/>\n<meta name=\"robots\" content=\"index, follow, max-snippet:-1, max-image-preview:large, max-video-preview:-1\" \/>\n<link rel=\"canonical\" href=\"https:\/\/booksfrommexico.com\/es\/producto\/entre-el-porfiriato-y-la-revolucion-el-gobierno-interino-de-francisco-leon-de-la-barra\/\" \/>\n<meta property=\"og:locale\" content=\"es_ES\" \/>\n<meta property=\"og:type\" content=\"article\" \/>\n<meta property=\"og:title\" content=\"Entre el porfiriato y la revoluci\u00f3n: El gobierno interino...\" \/>\n<meta property=\"og:description\" content=\"ENTRE EL PORFIRIATO Y LA REVOLUCI\u00d3N : EL GOBIERNO INTERINO DE FRANCISCO LE\u00d3N DE LA BARRA. \/ \u00c1vila Espinosa. 2005. (Serie Historia Moderna y Contempor\u00e1nea).\" \/>\n<meta property=\"og:url\" content=\"https:\/\/booksfrommexico.com\/es\/producto\/entre-el-porfiriato-y-la-revolucion-el-gobierno-interino-de-francisco-leon-de-la-barra\/\" \/>\n<meta property=\"og:site_name\" content=\"Books From Mexico\" \/>\n<meta property=\"article:modified_time\" content=\"2024-10-02T23:37:02+00:00\" \/>\n<meta property=\"og:image\" content=\"http:\/\/booksfrommexico.com\/app\/uploads\/2023\/05\/127637.jpeg\" \/>\n\t<meta property=\"og:image:width\" content=\"449\" \/>\n\t<meta property=\"og:image:height\" content=\"657\" \/>\n\t<meta property=\"og:image:type\" content=\"image\/jpeg\" \/>\n<meta name=\"twitter:card\" content=\"summary_large_image\" \/>\n<meta name=\"twitter:label1\" content=\"Tiempo de lectura\" \/>\n\t<meta name=\"twitter:data1\" content=\"1 minuto\" \/>\n<script type=\"application\/ld+json\" class=\"yoast-schema-graph\">{\"@context\":\"https:\\\/\\\/schema.org\",\"@graph\":[{\"@type\":\"WebPage\",\"@id\":\"https:\\\/\\\/booksfrommexico.com\\\/es\\\/producto\\\/entre-el-porfiriato-y-la-revolucion-el-gobierno-interino-de-francisco-leon-de-la-barra\\\/\",\"url\":\"https:\\\/\\\/booksfrommexico.com\\\/es\\\/producto\\\/entre-el-porfiriato-y-la-revolucion-el-gobierno-interino-de-francisco-leon-de-la-barra\\\/\",\"name\":\"Entre el porfiriato y la revoluci\u00f3n: El gobierno interino...\",\"isPartOf\":{\"@id\":\"https:\\\/\\\/booksfrommexico.com\\\/#website\"},\"primaryImageOfPage\":{\"@id\":\"https:\\\/\\\/booksfrommexico.com\\\/es\\\/producto\\\/entre-el-porfiriato-y-la-revolucion-el-gobierno-interino-de-francisco-leon-de-la-barra\\\/#primaryimage\"},\"image\":{\"@id\":\"https:\\\/\\\/booksfrommexico.com\\\/es\\\/producto\\\/entre-el-porfiriato-y-la-revolucion-el-gobierno-interino-de-francisco-leon-de-la-barra\\\/#primaryimage\"},\"thumbnailUrl\":\"https:\\\/\\\/booksfrommexico.com\\\/app\\\/uploads\\\/2023\\\/05\\\/127637.jpeg\",\"datePublished\":\"2023-05-08T17:03:30+00:00\",\"dateModified\":\"2024-10-02T23:37:02+00:00\",\"description\":\"ENTRE EL PORFIRIATO Y LA REVOLUCI\u00d3N : EL GOBIERNO INTERINO DE FRANCISCO LE\u00d3N DE LA BARRA. \\\/ \u00c1vila Espinosa. 2005. (Serie Historia Moderna y Contempor\u00e1nea).\",\"breadcrumb\":{\"@id\":\"https:\\\/\\\/booksfrommexico.com\\\/es\\\/producto\\\/entre-el-porfiriato-y-la-revolucion-el-gobierno-interino-de-francisco-leon-de-la-barra\\\/#breadcrumb\"},\"inLanguage\":\"es\",\"potentialAction\":[{\"@type\":\"ReadAction\",\"target\":[\"https:\\\/\\\/booksfrommexico.com\\\/es\\\/producto\\\/entre-el-porfiriato-y-la-revolucion-el-gobierno-interino-de-francisco-leon-de-la-barra\\\/\"]}]},{\"@type\":\"ImageObject\",\"inLanguage\":\"es\",\"@id\":\"https:\\\/\\\/booksfrommexico.com\\\/es\\\/producto\\\/entre-el-porfiriato-y-la-revolucion-el-gobierno-interino-de-francisco-leon-de-la-barra\\\/#primaryimage\",\"url\":\"https:\\\/\\\/booksfrommexico.com\\\/app\\\/uploads\\\/2023\\\/05\\\/127637.jpeg\",\"contentUrl\":\"https:\\\/\\\/booksfrommexico.com\\\/app\\\/uploads\\\/2023\\\/05\\\/127637.jpeg\",\"width\":449,\"height\":657},{\"@type\":\"BreadcrumbList\",\"@id\":\"https:\\\/\\\/booksfrommexico.com\\\/es\\\/producto\\\/entre-el-porfiriato-y-la-revolucion-el-gobierno-interino-de-francisco-leon-de-la-barra\\\/#breadcrumb\",\"itemListElement\":[{\"@type\":\"ListItem\",\"position\":1,\"name\":\"Home\",\"item\":\"https:\\\/\\\/booksfrommexico.com\\\/es\\\/\"},{\"@type\":\"ListItem\",\"position\":2,\"name\":\"Libros\",\"item\":\"https:\\\/\\\/booksfrommexico.com\\\/es\\\/libros\\\/\"},{\"@type\":\"ListItem\",\"position\":3,\"name\":\"Entre el porfiriato y la revoluci\u00f3n: El gobierno interino de Francisco Le\u00f3n de la Barra\"}]},{\"@type\":\"WebSite\",\"@id\":\"https:\\\/\\\/booksfrommexico.com\\\/#website\",\"url\":\"https:\\\/\\\/booksfrommexico.com\\\/\",\"name\":\"Books From Mexico\",\"description\":\"\",\"publisher\":{\"@id\":\"https:\\\/\\\/booksfrommexico.com\\\/#organization\"},\"potentialAction\":[{\"@type\":\"SearchAction\",\"target\":{\"@type\":\"EntryPoint\",\"urlTemplate\":\"https:\\\/\\\/booksfrommexico.com\\\/?s={search_term_string}\"},\"query-input\":{\"@type\":\"PropertyValueSpecification\",\"valueRequired\":true,\"valueName\":\"search_term_string\"}}],\"inLanguage\":\"es\"},{\"@type\":\"Organization\",\"@id\":\"https:\\\/\\\/booksfrommexico.com\\\/#organization\",\"name\":\"Books From Mexico\",\"url\":\"https:\\\/\\\/booksfrommexico.com\\\/\",\"logo\":{\"@type\":\"ImageObject\",\"inLanguage\":\"es\",\"@id\":\"https:\\\/\\\/booksfrommexico.com\\\/#\\\/schema\\\/logo\\\/image\\\/\",\"url\":\"https:\\\/\\\/booksfrommexico.com\\\/app\\\/uploads\\\/2023\\\/05\\\/logo-booksfrommexico.svg\",\"contentUrl\":\"https:\\\/\\\/booksfrommexico.com\\\/app\\\/uploads\\\/2023\\\/05\\\/logo-booksfrommexico.svg\",\"width\":86,\"height\":56,\"caption\":\"Books From Mexico\"},\"image\":{\"@id\":\"https:\\\/\\\/booksfrommexico.com\\\/#\\\/schema\\\/logo\\\/image\\\/\"}}]}<\/script>\n<!-- \/ Yoast SEO plugin. -->","yoast_head_json":{"title":"Entre el porfiriato y la revoluci\u00f3n: El gobierno interino...","description":"ENTRE EL PORFIRIATO Y LA REVOLUCI\u00d3N : EL GOBIERNO INTERINO DE FRANCISCO LE\u00d3N DE LA BARRA. \/ \u00c1vila Espinosa. 2005. (Serie Historia Moderna y Contempor\u00e1nea).","robots":{"index":"index","follow":"follow","max-snippet":"max-snippet:-1","max-image-preview":"max-image-preview:large","max-video-preview":"max-video-preview:-1"},"canonical":"https:\/\/booksfrommexico.com\/es\/producto\/entre-el-porfiriato-y-la-revolucion-el-gobierno-interino-de-francisco-leon-de-la-barra\/","og_locale":"es_ES","og_type":"article","og_title":"Entre el porfiriato y la revoluci\u00f3n: El gobierno interino...","og_description":"ENTRE EL PORFIRIATO Y LA REVOLUCI\u00d3N : EL GOBIERNO INTERINO DE FRANCISCO LE\u00d3N DE LA BARRA. \/ \u00c1vila Espinosa. 2005. (Serie Historia Moderna y Contempor\u00e1nea).","og_url":"https:\/\/booksfrommexico.com\/es\/producto\/entre-el-porfiriato-y-la-revolucion-el-gobierno-interino-de-francisco-leon-de-la-barra\/","og_site_name":"Books From Mexico","article_modified_time":"2024-10-02T23:37:02+00:00","og_image":[{"width":449,"height":657,"url":"http:\/\/booksfrommexico.com\/app\/uploads\/2023\/05\/127637.jpeg","type":"image\/jpeg"}],"twitter_card":"summary_large_image","twitter_misc":{"Tiempo de lectura":"1 minuto"},"schema":{"@context":"https:\/\/schema.org","@graph":[{"@type":"WebPage","@id":"https:\/\/booksfrommexico.com\/es\/producto\/entre-el-porfiriato-y-la-revolucion-el-gobierno-interino-de-francisco-leon-de-la-barra\/","url":"https:\/\/booksfrommexico.com\/es\/producto\/entre-el-porfiriato-y-la-revolucion-el-gobierno-interino-de-francisco-leon-de-la-barra\/","name":"Entre el porfiriato y la revoluci\u00f3n: El gobierno interino...","isPartOf":{"@id":"https:\/\/booksfrommexico.com\/#website"},"primaryImageOfPage":{"@id":"https:\/\/booksfrommexico.com\/es\/producto\/entre-el-porfiriato-y-la-revolucion-el-gobierno-interino-de-francisco-leon-de-la-barra\/#primaryimage"},"image":{"@id":"https:\/\/booksfrommexico.com\/es\/producto\/entre-el-porfiriato-y-la-revolucion-el-gobierno-interino-de-francisco-leon-de-la-barra\/#primaryimage"},"thumbnailUrl":"https:\/\/booksfrommexico.com\/app\/uploads\/2023\/05\/127637.jpeg","datePublished":"2023-05-08T17:03:30+00:00","dateModified":"2024-10-02T23:37:02+00:00","description":"ENTRE EL PORFIRIATO Y LA REVOLUCI\u00d3N : EL GOBIERNO INTERINO DE FRANCISCO LE\u00d3N DE LA BARRA. \/ \u00c1vila Espinosa. 2005. (Serie Historia Moderna y Contempor\u00e1nea).","breadcrumb":{"@id":"https:\/\/booksfrommexico.com\/es\/producto\/entre-el-porfiriato-y-la-revolucion-el-gobierno-interino-de-francisco-leon-de-la-barra\/#breadcrumb"},"inLanguage":"es","potentialAction":[{"@type":"ReadAction","target":["https:\/\/booksfrommexico.com\/es\/producto\/entre-el-porfiriato-y-la-revolucion-el-gobierno-interino-de-francisco-leon-de-la-barra\/"]}]},{"@type":"ImageObject","inLanguage":"es","@id":"https:\/\/booksfrommexico.com\/es\/producto\/entre-el-porfiriato-y-la-revolucion-el-gobierno-interino-de-francisco-leon-de-la-barra\/#primaryimage","url":"https:\/\/booksfrommexico.com\/app\/uploads\/2023\/05\/127637.jpeg","contentUrl":"https:\/\/booksfrommexico.com\/app\/uploads\/2023\/05\/127637.jpeg","width":449,"height":657},{"@type":"BreadcrumbList","@id":"https:\/\/booksfrommexico.com\/es\/producto\/entre-el-porfiriato-y-la-revolucion-el-gobierno-interino-de-francisco-leon-de-la-barra\/#breadcrumb","itemListElement":[{"@type":"ListItem","position":1,"name":"Home","item":"https:\/\/booksfrommexico.com\/es\/"},{"@type":"ListItem","position":2,"name":"Libros","item":"https:\/\/booksfrommexico.com\/es\/libros\/"},{"@type":"ListItem","position":3,"name":"Entre el porfiriato y la revoluci\u00f3n: El gobierno interino de Francisco Le\u00f3n de la Barra"}]},{"@type":"WebSite","@id":"https:\/\/booksfrommexico.com\/#website","url":"https:\/\/booksfrommexico.com\/","name":"Books From Mexico","description":"","publisher":{"@id":"https:\/\/booksfrommexico.com\/#organization"},"potentialAction":[{"@type":"SearchAction","target":{"@type":"EntryPoint","urlTemplate":"https:\/\/booksfrommexico.com\/?s={search_term_string}"},"query-input":{"@type":"PropertyValueSpecification","valueRequired":true,"valueName":"search_term_string"}}],"inLanguage":"es"},{"@type":"Organization","@id":"https:\/\/booksfrommexico.com\/#organization","name":"Books From Mexico","url":"https:\/\/booksfrommexico.com\/","logo":{"@type":"ImageObject","inLanguage":"es","@id":"https:\/\/booksfrommexico.com\/#\/schema\/logo\/image\/","url":"https:\/\/booksfrommexico.com\/app\/uploads\/2023\/05\/logo-booksfrommexico.svg","contentUrl":"https:\/\/booksfrommexico.com\/app\/uploads\/2023\/05\/logo-booksfrommexico.svg","width":86,"height":56,"caption":"Books From Mexico"},"image":{"@id":"https:\/\/booksfrommexico.com\/#\/schema\/logo\/image\/"}}]}},"_links":{"self":[{"href":"https:\/\/booksfrommexico.com\/es\/wp-json\/wp\/v2\/product\/523","targetHints":{"allow":["GET"]}}],"collection":[{"href":"https:\/\/booksfrommexico.com\/es\/wp-json\/wp\/v2\/product"}],"about":[{"href":"https:\/\/booksfrommexico.com\/es\/wp-json\/wp\/v2\/types\/product"}],"wp:featuredmedia":[{"embeddable":true,"href":"https:\/\/booksfrommexico.com\/es\/wp-json\/wp\/v2\/media\/522"}],"wp:attachment":[{"href":"https:\/\/booksfrommexico.com\/es\/wp-json\/wp\/v2\/media?parent=523"}],"wp:term":[{"taxonomy":"product_brand","embeddable":true,"href":"https:\/\/booksfrommexico.com\/es\/wp-json\/wp\/v2\/product_brand?post=523"},{"taxonomy":"product_cat","embeddable":true,"href":"https:\/\/booksfrommexico.com\/es\/wp-json\/wp\/v2\/product_cat?post=523"},{"taxonomy":"product_tag","embeddable":true,"href":"https:\/\/booksfrommexico.com\/es\/wp-json\/wp\/v2\/product_tag?post=523"}],"curies":[{"name":"wp","href":"https:\/\/api.w.org\/{rel}","templated":true}]}}