{"id":525,"date":"2023-05-08T17:03:32","date_gmt":"2023-05-08T17:03:32","guid":{"rendered":"http:\/\/booksfrommexico.com\/product\/mujeres-en-el-arte-popular-de-promesas-traiciones-monstruos-y-celebridades\/"},"modified":"2024-10-02T23:36:51","modified_gmt":"2024-10-02T23:36:51","slug":"mujeres-en-el-arte-popular-de-promesas-traiciones-monstruos-y-celebridades","status":"publish","type":"product","link":"https:\/\/booksfrommexico.com\/es\/producto\/mujeres-en-el-arte-popular-de-promesas-traiciones-monstruos-y-celebridades\/","title":{"rendered":"Mujeres en el arte popular: De promesas, traiciones, monstruos y celebridades"},"content":{"rendered":"<p><span style=\"font-weight: 400;\">Eli Barta considera que el punto de partida para cualquier estudio de la realidad de las mujeres mexicanas en el arte deber\u00eda ser el reconocimiento de que se vive en una sociedad patriarcal y que, por lo mismo, todo o casi todo el conocimiento es androc\u00e9ntrico. A lo largo de los a\u00f1os, la autora ha buscado mostrar la mirada del arte popular de las mujeres, tratando de encontrar d\u00f3nde se conjunta el feminismo, el arte, la historia y teor\u00eda feminista del arte. En este t\u00edtulo se muestran fotograf\u00edas a color que acompa\u00f1an a una investigaci\u00f3n que busca registrar y recopilar el arte popular que se realiza por las mujeres, analizando c\u00f3mo y desde d\u00f3nde es creado.<\/span><\/p>\n","protected":false},"excerpt":{"rendered":"<p>MUJERES EN EL ARTE POPULAR : DE PROMESAS, TRAICIONES, MONSTRUOS Y CELEBRIDADES<span style=\"font-weight: 400;\">. \/ Eli Bartra (author) ; Irma Villalobos (photographer). M\u00e9xico, D.F. : Universidad Aut\u00f3noma Metropolitana , Difusi\u00f3n Cultural ; \u200b\u200bConsejo Nacional para la Cultura y las Artes, 2005. 191 pages : includes notes, color photos, bibliography ; 21 cm. ISBN :\u00a0 9703101291. <\/span><\/p>\n","protected":false},"featured_media":524,"template":"","meta":{"_acf_changed":false,"inline_featured_image":false},"product_brand":[],"product_cat":[87,148],"product_tag":[4044,4510,4211,4101],"class_list":{"0":"post-525","1":"product","2":"type-product","3":"status-publish","4":"has-post-thumbnail","6":"product_cat-arte","7":"product_cat-estudios-sobre-las-mujeres-estudios-de-genero","8":"product_tag-arte","9":"product_tag-arte-popular","10":"product_tag-feminismo","11":"product_tag-mujeres-es","13":"first","14":"instock","15":"sale","16":"taxable","17":"shipping-taxable","18":"purchasable","19":"product-type-simple"},"acf":[],"yoast_head":"<!-- This site is optimized with the Yoast SEO plugin v27.3 - https:\/\/yoast.com\/product\/yoast-seo-wordpress\/ -->\n<title>Mujeres en el arte popular: De promesas, traiciones, monstruos y...<\/title>\n<meta name=\"description\" content=\"MUJERES EN EL ARTE POPULAR : DE PROMESAS, TRAICIONES, MONSTRUOS Y CELEBRIDADES. \/ Eli Bartra (author) ; Irma Villalobos (photographer). 2005.\" \/>\n<meta name=\"robots\" content=\"index, follow, max-snippet:-1, max-image-preview:large, max-video-preview:-1\" \/>\n<link rel=\"canonical\" href=\"https:\/\/booksfrommexico.com\/es\/producto\/mujeres-en-el-arte-popular-de-promesas-traiciones-monstruos-y-celebridades\/\" \/>\n<meta property=\"og:locale\" content=\"es_ES\" \/>\n<meta property=\"og:type\" content=\"article\" \/>\n<meta property=\"og:title\" content=\"Mujeres en el arte popular: De promesas, traiciones, monstruos y...\" \/>\n<meta property=\"og:description\" content=\"MUJERES EN EL ARTE POPULAR : DE PROMESAS, TRAICIONES, MONSTRUOS Y CELEBRIDADES. \/ Eli Bartra (author) ; Irma Villalobos (photographer). 2005.\" \/>\n<meta property=\"og:url\" content=\"https:\/\/booksfrommexico.com\/es\/producto\/mujeres-en-el-arte-popular-de-promesas-traiciones-monstruos-y-celebridades\/\" \/>\n<meta property=\"og:site_name\" content=\"Books From Mexico\" \/>\n<meta property=\"article:modified_time\" content=\"2024-10-02T23:36:51+00:00\" \/>\n<meta property=\"og:image\" content=\"http:\/\/booksfrommexico.com\/app\/uploads\/2023\/05\/127392.jpeg\" \/>\n\t<meta property=\"og:image:width\" content=\"458\" \/>\n\t<meta property=\"og:image:height\" content=\"593\" \/>\n\t<meta property=\"og:image:type\" content=\"image\/jpeg\" \/>\n<meta name=\"twitter:card\" content=\"summary_large_image\" \/>\n<meta name=\"twitter:label1\" content=\"Tiempo de lectura\" \/>\n\t<meta name=\"twitter:data1\" content=\"1 minuto\" \/>\n<script type=\"application\/ld+json\" class=\"yoast-schema-graph\">{\"@context\":\"https:\\\/\\\/schema.org\",\"@graph\":[{\"@type\":\"WebPage\",\"@id\":\"https:\\\/\\\/booksfrommexico.com\\\/es\\\/producto\\\/mujeres-en-el-arte-popular-de-promesas-traiciones-monstruos-y-celebridades\\\/\",\"url\":\"https:\\\/\\\/booksfrommexico.com\\\/es\\\/producto\\\/mujeres-en-el-arte-popular-de-promesas-traiciones-monstruos-y-celebridades\\\/\",\"name\":\"Mujeres en el arte popular: De promesas, traiciones, monstruos y...\",\"isPartOf\":{\"@id\":\"https:\\\/\\\/booksfrommexico.com\\\/#website\"},\"primaryImageOfPage\":{\"@id\":\"https:\\\/\\\/booksfrommexico.com\\\/es\\\/producto\\\/mujeres-en-el-arte-popular-de-promesas-traiciones-monstruos-y-celebridades\\\/#primaryimage\"},\"image\":{\"@id\":\"https:\\\/\\\/booksfrommexico.com\\\/es\\\/producto\\\/mujeres-en-el-arte-popular-de-promesas-traiciones-monstruos-y-celebridades\\\/#primaryimage\"},\"thumbnailUrl\":\"https:\\\/\\\/booksfrommexico.com\\\/app\\\/uploads\\\/2023\\\/05\\\/127392.jpeg\",\"datePublished\":\"2023-05-08T17:03:32+00:00\",\"dateModified\":\"2024-10-02T23:36:51+00:00\",\"description\":\"MUJERES EN EL ARTE POPULAR : DE PROMESAS, TRAICIONES, MONSTRUOS Y CELEBRIDADES. \\\/ Eli Bartra (author) ; Irma Villalobos (photographer). 2005.\",\"breadcrumb\":{\"@id\":\"https:\\\/\\\/booksfrommexico.com\\\/es\\\/producto\\\/mujeres-en-el-arte-popular-de-promesas-traiciones-monstruos-y-celebridades\\\/#breadcrumb\"},\"inLanguage\":\"es\",\"potentialAction\":[{\"@type\":\"ReadAction\",\"target\":[\"https:\\\/\\\/booksfrommexico.com\\\/es\\\/producto\\\/mujeres-en-el-arte-popular-de-promesas-traiciones-monstruos-y-celebridades\\\/\"]}]},{\"@type\":\"ImageObject\",\"inLanguage\":\"es\",\"@id\":\"https:\\\/\\\/booksfrommexico.com\\\/es\\\/producto\\\/mujeres-en-el-arte-popular-de-promesas-traiciones-monstruos-y-celebridades\\\/#primaryimage\",\"url\":\"https:\\\/\\\/booksfrommexico.com\\\/app\\\/uploads\\\/2023\\\/05\\\/127392.jpeg\",\"contentUrl\":\"https:\\\/\\\/booksfrommexico.com\\\/app\\\/uploads\\\/2023\\\/05\\\/127392.jpeg\",\"width\":458,\"height\":593},{\"@type\":\"BreadcrumbList\",\"@id\":\"https:\\\/\\\/booksfrommexico.com\\\/es\\\/producto\\\/mujeres-en-el-arte-popular-de-promesas-traiciones-monstruos-y-celebridades\\\/#breadcrumb\",\"itemListElement\":[{\"@type\":\"ListItem\",\"position\":1,\"name\":\"Home\",\"item\":\"https:\\\/\\\/booksfrommexico.com\\\/es\\\/\"},{\"@type\":\"ListItem\",\"position\":2,\"name\":\"Libros\",\"item\":\"https:\\\/\\\/booksfrommexico.com\\\/es\\\/libros\\\/\"},{\"@type\":\"ListItem\",\"position\":3,\"name\":\"Mujeres en el arte popular: De promesas, traiciones, monstruos y celebridades\"}]},{\"@type\":\"WebSite\",\"@id\":\"https:\\\/\\\/booksfrommexico.com\\\/#website\",\"url\":\"https:\\\/\\\/booksfrommexico.com\\\/\",\"name\":\"Books From Mexico\",\"description\":\"\",\"publisher\":{\"@id\":\"https:\\\/\\\/booksfrommexico.com\\\/#organization\"},\"potentialAction\":[{\"@type\":\"SearchAction\",\"target\":{\"@type\":\"EntryPoint\",\"urlTemplate\":\"https:\\\/\\\/booksfrommexico.com\\\/?s={search_term_string}\"},\"query-input\":{\"@type\":\"PropertyValueSpecification\",\"valueRequired\":true,\"valueName\":\"search_term_string\"}}],\"inLanguage\":\"es\"},{\"@type\":\"Organization\",\"@id\":\"https:\\\/\\\/booksfrommexico.com\\\/#organization\",\"name\":\"Books From Mexico\",\"url\":\"https:\\\/\\\/booksfrommexico.com\\\/\",\"logo\":{\"@type\":\"ImageObject\",\"inLanguage\":\"es\",\"@id\":\"https:\\\/\\\/booksfrommexico.com\\\/#\\\/schema\\\/logo\\\/image\\\/\",\"url\":\"https:\\\/\\\/booksfrommexico.com\\\/app\\\/uploads\\\/2023\\\/05\\\/logo-booksfrommexico.svg\",\"contentUrl\":\"https:\\\/\\\/booksfrommexico.com\\\/app\\\/uploads\\\/2023\\\/05\\\/logo-booksfrommexico.svg\",\"width\":86,\"height\":56,\"caption\":\"Books From Mexico\"},\"image\":{\"@id\":\"https:\\\/\\\/booksfrommexico.com\\\/#\\\/schema\\\/logo\\\/image\\\/\"}}]}<\/script>\n<!-- \/ Yoast SEO plugin. -->","yoast_head_json":{"title":"Mujeres en el arte popular: De promesas, traiciones, monstruos y...","description":"MUJERES EN EL ARTE POPULAR : DE PROMESAS, TRAICIONES, MONSTRUOS Y CELEBRIDADES. \/ Eli Bartra (author) ; Irma Villalobos (photographer). 2005.","robots":{"index":"index","follow":"follow","max-snippet":"max-snippet:-1","max-image-preview":"max-image-preview:large","max-video-preview":"max-video-preview:-1"},"canonical":"https:\/\/booksfrommexico.com\/es\/producto\/mujeres-en-el-arte-popular-de-promesas-traiciones-monstruos-y-celebridades\/","og_locale":"es_ES","og_type":"article","og_title":"Mujeres en el arte popular: De promesas, traiciones, monstruos y...","og_description":"MUJERES EN EL ARTE POPULAR : DE PROMESAS, TRAICIONES, MONSTRUOS Y CELEBRIDADES. \/ Eli Bartra (author) ; Irma Villalobos (photographer). 2005.","og_url":"https:\/\/booksfrommexico.com\/es\/producto\/mujeres-en-el-arte-popular-de-promesas-traiciones-monstruos-y-celebridades\/","og_site_name":"Books From Mexico","article_modified_time":"2024-10-02T23:36:51+00:00","og_image":[{"width":458,"height":593,"url":"http:\/\/booksfrommexico.com\/app\/uploads\/2023\/05\/127392.jpeg","type":"image\/jpeg"}],"twitter_card":"summary_large_image","twitter_misc":{"Tiempo de lectura":"1 minuto"},"schema":{"@context":"https:\/\/schema.org","@graph":[{"@type":"WebPage","@id":"https:\/\/booksfrommexico.com\/es\/producto\/mujeres-en-el-arte-popular-de-promesas-traiciones-monstruos-y-celebridades\/","url":"https:\/\/booksfrommexico.com\/es\/producto\/mujeres-en-el-arte-popular-de-promesas-traiciones-monstruos-y-celebridades\/","name":"Mujeres en el arte popular: De promesas, traiciones, monstruos y...","isPartOf":{"@id":"https:\/\/booksfrommexico.com\/#website"},"primaryImageOfPage":{"@id":"https:\/\/booksfrommexico.com\/es\/producto\/mujeres-en-el-arte-popular-de-promesas-traiciones-monstruos-y-celebridades\/#primaryimage"},"image":{"@id":"https:\/\/booksfrommexico.com\/es\/producto\/mujeres-en-el-arte-popular-de-promesas-traiciones-monstruos-y-celebridades\/#primaryimage"},"thumbnailUrl":"https:\/\/booksfrommexico.com\/app\/uploads\/2023\/05\/127392.jpeg","datePublished":"2023-05-08T17:03:32+00:00","dateModified":"2024-10-02T23:36:51+00:00","description":"MUJERES EN EL ARTE POPULAR : DE PROMESAS, TRAICIONES, MONSTRUOS Y CELEBRIDADES. \/ Eli Bartra (author) ; Irma Villalobos (photographer). 2005.","breadcrumb":{"@id":"https:\/\/booksfrommexico.com\/es\/producto\/mujeres-en-el-arte-popular-de-promesas-traiciones-monstruos-y-celebridades\/#breadcrumb"},"inLanguage":"es","potentialAction":[{"@type":"ReadAction","target":["https:\/\/booksfrommexico.com\/es\/producto\/mujeres-en-el-arte-popular-de-promesas-traiciones-monstruos-y-celebridades\/"]}]},{"@type":"ImageObject","inLanguage":"es","@id":"https:\/\/booksfrommexico.com\/es\/producto\/mujeres-en-el-arte-popular-de-promesas-traiciones-monstruos-y-celebridades\/#primaryimage","url":"https:\/\/booksfrommexico.com\/app\/uploads\/2023\/05\/127392.jpeg","contentUrl":"https:\/\/booksfrommexico.com\/app\/uploads\/2023\/05\/127392.jpeg","width":458,"height":593},{"@type":"BreadcrumbList","@id":"https:\/\/booksfrommexico.com\/es\/producto\/mujeres-en-el-arte-popular-de-promesas-traiciones-monstruos-y-celebridades\/#breadcrumb","itemListElement":[{"@type":"ListItem","position":1,"name":"Home","item":"https:\/\/booksfrommexico.com\/es\/"},{"@type":"ListItem","position":2,"name":"Libros","item":"https:\/\/booksfrommexico.com\/es\/libros\/"},{"@type":"ListItem","position":3,"name":"Mujeres en el arte popular: De promesas, traiciones, monstruos y celebridades"}]},{"@type":"WebSite","@id":"https:\/\/booksfrommexico.com\/#website","url":"https:\/\/booksfrommexico.com\/","name":"Books From Mexico","description":"","publisher":{"@id":"https:\/\/booksfrommexico.com\/#organization"},"potentialAction":[{"@type":"SearchAction","target":{"@type":"EntryPoint","urlTemplate":"https:\/\/booksfrommexico.com\/?s={search_term_string}"},"query-input":{"@type":"PropertyValueSpecification","valueRequired":true,"valueName":"search_term_string"}}],"inLanguage":"es"},{"@type":"Organization","@id":"https:\/\/booksfrommexico.com\/#organization","name":"Books From Mexico","url":"https:\/\/booksfrommexico.com\/","logo":{"@type":"ImageObject","inLanguage":"es","@id":"https:\/\/booksfrommexico.com\/#\/schema\/logo\/image\/","url":"https:\/\/booksfrommexico.com\/app\/uploads\/2023\/05\/logo-booksfrommexico.svg","contentUrl":"https:\/\/booksfrommexico.com\/app\/uploads\/2023\/05\/logo-booksfrommexico.svg","width":86,"height":56,"caption":"Books From Mexico"},"image":{"@id":"https:\/\/booksfrommexico.com\/#\/schema\/logo\/image\/"}}]}},"_links":{"self":[{"href":"https:\/\/booksfrommexico.com\/es\/wp-json\/wp\/v2\/product\/525","targetHints":{"allow":["GET"]}}],"collection":[{"href":"https:\/\/booksfrommexico.com\/es\/wp-json\/wp\/v2\/product"}],"about":[{"href":"https:\/\/booksfrommexico.com\/es\/wp-json\/wp\/v2\/types\/product"}],"wp:featuredmedia":[{"embeddable":true,"href":"https:\/\/booksfrommexico.com\/es\/wp-json\/wp\/v2\/media\/524"}],"wp:attachment":[{"href":"https:\/\/booksfrommexico.com\/es\/wp-json\/wp\/v2\/media?parent=525"}],"wp:term":[{"taxonomy":"product_brand","embeddable":true,"href":"https:\/\/booksfrommexico.com\/es\/wp-json\/wp\/v2\/product_brand?post=525"},{"taxonomy":"product_cat","embeddable":true,"href":"https:\/\/booksfrommexico.com\/es\/wp-json\/wp\/v2\/product_cat?post=525"},{"taxonomy":"product_tag","embeddable":true,"href":"https:\/\/booksfrommexico.com\/es\/wp-json\/wp\/v2\/product_tag?post=525"}],"curies":[{"name":"wp","href":"https:\/\/api.w.org\/{rel}","templated":true}]}}